{"id":52,"date":"2017-11-20T17:43:28","date_gmt":"2017-11-20T19:43:28","guid":{"rendered":"http:\/\/www.ceara.gov.br\/sefaz\/?page_id=52"},"modified":"2026-02-04T10:51:47","modified_gmt":"2026-02-04T13:51:47","slug":"institucional","status":"publish","type":"page","link":"https:\/\/ww16.ce.gov.br\/sefaz\/institucional\/","title":{"rendered":"Institucional"},"content":{"rendered":"\n<h4 class=\"wp-block-heading\">Hist\u00f3rico<\/h4>\n\n\n\n<p>A Secret\u00e1ria da Fazenda do Estado do Cear\u00e1 foi criada durante o primeiro reinado por meio da Lei Provincial n\u00ba 58, de 26 de setembro de 1836, com a denomina\u00e7\u00e3o de Thesouraria Provincial, durante o governo de Jos\u00e9 Martiniano de Alencar (1834-1837).<\/p>\n\n\n\n<p>A cria\u00e7\u00e3o deste \u00f3rg\u00e3o representou, na \u00e9poca, um avan\u00e7o significativo na obten\u00e7\u00e3o de maior autonomia administrativo-financeira para o Cear\u00e1 que passou a ter compet\u00eancia para a institui\u00e7\u00e3o, arrecada\u00e7\u00e3o e gest\u00e3o dos seus pr\u00f3prios tributos, atividade que at\u00e9 ent\u00e3o n\u00e3o era permitida \u00e0s prov\u00edncias do Imp\u00e9rio brasileiro em decorr\u00eancia da forte centraliza\u00e7\u00e3o pol\u00edtica em virtude do pa\u00eds ter adotado a forma de Estado Unit\u00e1rio, conforme determinava a Constitui\u00e7\u00e3o de 1824.<\/p>\n\n\n\n<p>Em decorr\u00eancia do Ato Adicional de 1834 que introduziu algumas altera\u00e7\u00f5es constitucionais o governo cearense pode estruturar este novo \u00f3rg\u00e3o cujos objetivos estavam definidos no primeiro artigo da Lei de sua cria\u00e7\u00e3o, a saber:<\/p>\n\n\n\n<p>\u201cArt. 1. Haver\u00e1 um inspector, um contador, um thesoureiro, um primeiro escripturario, dous segundos, um porteiro e um continuo, que formar\u00e3o a reparti\u00e7\u00e3o, por onde se arrecadar\u00e1 a receita, e se far\u00e1 a despeza da provincia\u201d.<\/p>\n\n\n\n<p>Posteriormente, com a proclama\u00e7\u00e3o da rep\u00fablica em 1889, o Estado brasileiro adotou o regime federativo com unidades pol\u00edticas aut\u00f4nomas em n\u00edveis federal, estadual e municipal. Na primeira Constitui\u00e7\u00e3o Estadual de 1891 o \u00f3rg\u00e3o da administra\u00e7\u00e3o tribut\u00e1ria passou a ser denominado Secretaria dos Neg\u00f3cios da Fazenda, cuja nomenclatura atualmente foi simplificada para Secretaria da Fazenda.<\/p>\n\n\n\n<h5 class=\"wp-block-heading\"><\/h5>\n\n\n\n<h5 class=\"wp-block-heading\"><strong>Miss\u00e3o<\/strong><\/h5>\n\n\n\n<p>Melhorar a vida das pessoas arrecadando com justi\u00e7a&nbsp;e gerindo com excel\u00eancia os recursos financeiros da sociedade.<\/p>\n\n\n\n<h5 class=\"wp-block-heading\"><strong>Vis\u00e3o<\/strong><\/h5>\n\n\n\n<p>Construir um ambiente fiscal s\u00f3lido, transparente e justo, com a participa\u00e7\u00e3o da sociedade, que favore\u00e7a o desenvolvimento equilibrado do Estado.<\/p>\n\n\n\n<h5 class=\"wp-block-heading\"><strong>Valores<\/strong><\/h5>\n\n\n\n<p>I \u2013 Comprometimento: estamos firmemente empenhados em atender a sociedade de forma respons\u00e1vel;<\/p>\n\n\n\n<p>II \u2013 Confian\u00e7a: constru\u00edmos rela\u00e7\u00f5es de parcerias e lealdade com nossos servidores, colaboradores, contribuintes e a sociedade;<\/p>\n\n\n\n<p>III \u2013 \u00c9tica: baseamos nossas a\u00e7\u00f5es e decis\u00f5es de forma coerente com os valores morais da nossa organiza\u00e7\u00e3o;<\/p>\n\n\n\n<p>IV \u2013 Integridade: agimos com base na justi\u00e7a, lealdade e equidade;<\/p>\n\n\n\n<p>V \u2013 Transpar\u00eancia: primamos por compartilhar as informa\u00e7\u00f5es com clareza e em concord\u00e2ncia com a lei.<\/p>\n\n\n<div class=\"secretarios-container\"><div class=\"destaque-governo\" style=\"margin-bottom: 1.25rem;\"><div class=\"perfil-redes-sociais\"><img decoding=\"async\" src=\"https:\/\/ww16.ce.gov.br\/sefaz\/wp-content\/uploads\/sites\/46\/2020\/08\/Secretarios_2025_Prancheta-1-copia-3.png\" alt=\"Fabr\u00edzio Gomes Santos\" class=\"governo-foto\"><div class=\"governo-redes-sociais\"><\/div><\/div><div class=\"governo-bio\"><div class=\"governo-orgao\">Secret\u00e1rio da Fazenda<\/div><h3 class=\"governo-nome\">Fabr\u00edzio Gomes Santos<\/h3><div class=\"governo-bio-texto\"><p>Doutor em Economia pela Universidade Federal do Cear\u00e1 (UFC);<\/p>\n<p>Mestre em Economia pela Universidade Federal do Cear\u00e1 (UFC);<\/p>\n<p>Graduado em Economia pela Universidade Cat\u00f3lica do Salvador (UCSAL);<\/p>\n<p>Ocupa o cargo de Auditor Fiscal Cont\u00e1bil Financeiro da Receita Estadual desde 2007.<\/p>\n<p>\u00c9 professor universit\u00e1rio e tem experi\u00eancia na \u00e1rea de Economia, com \u00eanfase em Economia Monet\u00e1ria e Fiscal e Finan\u00e7as P\u00fablicas.<\/p>\n<\/div><\/div><\/div><div class=\"destaque-governo layout-alternating\" style=\"margin-bottom: 1.25rem;\"><div class=\"perfil-redes-sociais\"><img decoding=\"async\" src=\"https:\/\/ww16.ce.gov.br\/sefaz\/wp-content\/uploads\/sites\/46\/2020\/08\/Secretarios_2025_Prancheta-1-copia.png\" alt=\"Liana Maria Machado de Souza\" class=\"governo-foto\"><div class=\"governo-redes-sociais\"><\/div><\/div><div class=\"governo-bio\"><div class=\"governo-orgao\">Secret\u00e1ria Executiva da Receita<\/div><h3 class=\"governo-nome\">Liana Maria Machado de Souza<\/h3><div class=\"governo-bio-texto\"><p>Mestre em Planejamento e Pol\u00edticas P\u00fablicas pela Universidade Estadual do Cear\u00e1 (Uece);<\/p>\n<p>Especialista em Direito P\u00fablico pela Universidade de Fortaleza (Unifor);<\/p>\n<p>Graduada em Servi\u00e7o Social pela Universidade Estadual do Cear\u00e1 (Uece) e em Direito pela Universidade Federal do Cear\u00e1 (UFC);<\/p>\n<p>Ocupa o cargo de Auditora Fiscal da Receita Estadual desde 1990.<\/p>\n<\/div><\/div><\/div><div class=\"destaque-governo\" style=\"margin-bottom: 1.25rem;\"><div class=\"perfil-redes-sociais\"><img decoding=\"async\" src=\"https:\/\/ww16.ce.gov.br\/sefaz\/wp-content\/uploads\/sites\/46\/2020\/08\/Secretarios_2025_Prancheta-1-copia-2.png\" alt=\"Guilherme Fran\u00e7a Moraes\" class=\"governo-foto\"><div class=\"governo-redes-sociais\"><\/div><\/div><div class=\"governo-bio\"><div class=\"governo-orgao\">Secret\u00e1rio Executivo de Planejamento e &#8230;<\/div><h3 class=\"governo-nome\">Guilherme Fran\u00e7a Moraes<\/h3><div class=\"governo-bio-texto\"><p>Mestre em Economia do Setor P\u00fablico pela Universidade Federal do Cear\u00e1 (UFC);<\/p>\n<p>Graduado em Administra\u00e7\u00e3o pela Faculdade de Tecnologia Empresarial (FTE) da Bahia e em Direito pela Unichristus (CE).<\/p>\n<p>Ocupa o cargo de Auditor Fiscal Cont\u00e1bil Financeiro da Receita Estadual desde 2011.<\/p>\n<\/div><\/div><\/div><div class=\"destaque-governo layout-alternating\" style=\"margin-bottom: 1.25rem;\"><div class=\"perfil-redes-sociais\"><img decoding=\"async\" src=\"https:\/\/ww16.ce.gov.br\/sefaz\/wp-content\/uploads\/sites\/46\/2020\/08\/Secretarios_2025_Prancheta-1.png\" alt=\"Roberta de Alencar Pita\" class=\"governo-foto\"><div class=\"governo-redes-sociais\"><\/div><\/div><div class=\"governo-bio\"><div class=\"governo-orgao\">Secret\u00e1ria Executiva do Tesouro Estadua&#8230;<\/div><h3 class=\"governo-nome\">Roberta de Alencar Pita<\/h3><div class=\"governo-bio-texto\"><p><strong>Mestranda em Estudos Jur\u00eddicos com \u00canfase em Direito Internacional (MUST University of Fl\u00f3rida)<\/strong><\/p>\n<p>Especializa\u00e7\u00e3o em Direito e Processo Tribut\u00e1rio (Unifor) \u2013 2002<\/p>\n<p>Graduada em Direito \u2013 Universidade de Fortaleza (Unifor) \u2013 2000<\/p>\n<p>Ocupa o cargo de auditora fiscal jur\u00eddica da Receita Estadual desde julho de 2010<\/p>\n<\/div><\/div><\/div><div class=\"div-listagem-cards-secretarios\"><div class=\"div-lista-cards secretarios-grid\"><\/div><\/div><\/div>","protected":false},"excerpt":{"rendered":"<p>Hist\u00f3rico A Secret\u00e1ria da Fazenda do Estado do Cear\u00e1 foi criada durante o primeiro reinado por meio da Lei Provincial n\u00ba 58, de 26 de setembro de 1836, com a denomina\u00e7\u00e3o de Thesouraria Provincial, durante o governo de Jos\u00e9 Martiniano de Alencar (1834-1837). A cria\u00e7\u00e3o deste \u00f3rg\u00e3o representou, na \u00e9poca, um avan\u00e7o significativo na obten\u00e7\u00e3o [&hellip;]<\/p>\n","protected":false},"author":12,"featured_media":0,"parent":0,"menu_order":0,"comment_status":"closed","ping_status":"closed","template":"","meta":{"_acf_changed":false,"inline_featured_image":false,"footnotes":""},"class_list":["post-52","page","type-page","status-publish","hentry"],"acf":[],"yoast_head":"<!-- This site is optimized with the Yoast SEO plugin v26.9 - https:\/\/yoast.com\/product\/yoast-seo-wordpress\/ -->\n<title>Institucional - SEFAZ<\/title>\n<meta name=\"robots\" content=\"index, follow, max-snippet:-1, max-image-preview:large, max-video-preview:-1\" \/>\n<link rel=\"canonical\" href=\"https:\/\/ww16.ce.gov.br\/sefaz\/institucional\/\" \/>\n<meta property=\"og:locale\" content=\"pt_BR\" \/>\n<meta property=\"og:type\" content=\"article\" \/>\n<meta property=\"og:title\" content=\"Institucional - SEFAZ\" \/>\n<meta property=\"og:description\" content=\"Hist\u00f3rico A Secret\u00e1ria da Fazenda do Estado do Cear\u00e1 foi criada durante o primeiro reinado por meio da Lei Provincial n\u00ba 58, de 26 de setembro de 1836, com a denomina\u00e7\u00e3o de Thesouraria Provincial, durante o governo de Jos\u00e9 Martiniano de Alencar (1834-1837). A cria\u00e7\u00e3o deste \u00f3rg\u00e3o representou, na \u00e9poca, um avan\u00e7o significativo na obten\u00e7\u00e3o [&hellip;]\" \/>\n<meta property=\"og:url\" content=\"https:\/\/ww16.ce.gov.br\/sefaz\/institucional\/\" \/>\n<meta property=\"og:site_name\" content=\"SEFAZ\" \/>\n<meta property=\"article:modified_time\" content=\"2026-02-04T13:51:47+00:00\" \/>\n<meta name=\"twitter:card\" content=\"summary_large_image\" \/>\n<meta name=\"twitter:label1\" content=\"Est. reading time\" \/>\n\t<meta name=\"twitter:data1\" content=\"2 minutos\" \/>\n<script type=\"application\/ld+json\" class=\"yoast-schema-graph\">{\"@context\":\"https:\/\/schema.org\",\"@graph\":[{\"@type\":\"WebPage\",\"@id\":\"https:\/\/ww16.ce.gov.br\/sefaz\/institucional\/\",\"url\":\"https:\/\/ww16.ce.gov.br\/sefaz\/institucional\/\",\"name\":\"Institucional - SEFAZ\",\"isPartOf\":{\"@id\":\"https:\/\/ww16.ce.gov.br\/sefaz\/#website\"},\"datePublished\":\"2017-11-20T19:43:28+00:00\",\"dateModified\":\"2026-02-04T13:51:47+00:00\",\"breadcrumb\":{\"@id\":\"https:\/\/ww16.ce.gov.br\/sefaz\/institucional\/#breadcrumb\"},\"inLanguage\":\"pt-BR\",\"potentialAction\":[{\"@type\":\"ReadAction\",\"target\":[\"https:\/\/ww16.ce.gov.br\/sefaz\/institucional\/\"]}]},{\"@type\":\"BreadcrumbList\",\"@id\":\"https:\/\/ww16.ce.gov.br\/sefaz\/institucional\/#breadcrumb\",\"itemListElement\":[{\"@type\":\"ListItem\",\"position\":1,\"name\":\"In\u00edcio\",\"item\":\"https:\/\/ww16.ce.gov.br\/sefaz\/\"},{\"@type\":\"ListItem\",\"position\":2,\"name\":\"Institucional\"}]},{\"@type\":\"WebSite\",\"@id\":\"https:\/\/ww16.ce.gov.br\/sefaz\/#website\",\"url\":\"https:\/\/ww16.ce.gov.br\/sefaz\/\",\"name\":\"Secretaria da Fazenda\",\"description\":\"Portal SEFAZ\",\"publisher\":{\"@id\":\"https:\/\/ww16.ce.gov.br\/sefaz\/#organization\"},\"potentialAction\":[{\"@type\":\"SearchAction\",\"target\":{\"@type\":\"EntryPoint\",\"urlTemplate\":\"https:\/\/ww16.ce.gov.br\/sefaz\/?s={search_term_string}\"},\"query-input\":{\"@type\":\"PropertyValueSpecification\",\"valueRequired\":true,\"valueName\":\"search_term_string\"}}],\"inLanguage\":\"pt-BR\"},{\"@type\":\"Organization\",\"@id\":\"https:\/\/ww16.ce.gov.br\/sefaz\/#organization\",\"name\":\"Secretaria da Fazenda\",\"url\":\"https:\/\/ww16.ce.gov.br\/sefaz\/\",\"logo\":{\"@type\":\"ImageObject\",\"inLanguage\":\"pt-BR\",\"@id\":\"https:\/\/ww16.ce.gov.br\/sefaz\/#\/schema\/logo\/image\/\",\"url\":\"http:\/\/ww16.ce.gov.br\/sefaz\/wp-content\/uploads\/sites\/61\/2018\/05\/sefaz-clara2.png\",\"contentUrl\":\"http:\/\/ww16.ce.gov.br\/sefaz\/wp-content\/uploads\/sites\/61\/2018\/05\/sefaz-clara2.png\",\"width\":559,\"height\":106,\"caption\":\"Secretaria da Fazenda\"},\"image\":{\"@id\":\"https:\/\/ww16.ce.gov.br\/sefaz\/#\/schema\/logo\/image\/\"}}]}<\/script>\n<!-- \/ Yoast SEO plugin. -->","yoast_head_json":{"title":"Institucional - SEFAZ","robots":{"index":"index","follow":"follow","max-snippet":"max-snippet:-1","max-image-preview":"max-image-preview:large","max-video-preview":"max-video-preview:-1"},"canonical":"https:\/\/ww16.ce.gov.br\/sefaz\/institucional\/","og_locale":"pt_BR","og_type":"article","og_title":"Institucional - SEFAZ","og_description":"Hist\u00f3rico A Secret\u00e1ria da Fazenda do Estado do Cear\u00e1 foi criada durante o primeiro reinado por meio da Lei Provincial n\u00ba 58, de 26 de setembro de 1836, com a denomina\u00e7\u00e3o de Thesouraria Provincial, durante o governo de Jos\u00e9 Martiniano de Alencar (1834-1837). A cria\u00e7\u00e3o deste \u00f3rg\u00e3o representou, na \u00e9poca, um avan\u00e7o significativo na obten\u00e7\u00e3o [&hellip;]","og_url":"https:\/\/ww16.ce.gov.br\/sefaz\/institucional\/","og_site_name":"SEFAZ","article_modified_time":"2026-02-04T13:51:47+00:00","twitter_card":"summary_large_image","twitter_misc":{"Est. reading time":"2 minutos"},"schema":{"@context":"https:\/\/schema.org","@graph":[{"@type":"WebPage","@id":"https:\/\/ww16.ce.gov.br\/sefaz\/institucional\/","url":"https:\/\/ww16.ce.gov.br\/sefaz\/institucional\/","name":"Institucional - SEFAZ","isPartOf":{"@id":"https:\/\/ww16.ce.gov.br\/sefaz\/#website"},"datePublished":"2017-11-20T19:43:28+00:00","dateModified":"2026-02-04T13:51:47+00:00","breadcrumb":{"@id":"https:\/\/ww16.ce.gov.br\/sefaz\/institucional\/#breadcrumb"},"inLanguage":"pt-BR","potentialAction":[{"@type":"ReadAction","target":["https:\/\/ww16.ce.gov.br\/sefaz\/institucional\/"]}]},{"@type":"BreadcrumbList","@id":"https:\/\/ww16.ce.gov.br\/sefaz\/institucional\/#breadcrumb","itemListElement":[{"@type":"ListItem","position":1,"name":"In\u00edcio","item":"https:\/\/ww16.ce.gov.br\/sefaz\/"},{"@type":"ListItem","position":2,"name":"Institucional"}]},{"@type":"WebSite","@id":"https:\/\/ww16.ce.gov.br\/sefaz\/#website","url":"https:\/\/ww16.ce.gov.br\/sefaz\/","name":"Secretaria da Fazenda","description":"Portal SEFAZ","publisher":{"@id":"https:\/\/ww16.ce.gov.br\/sefaz\/#organization"},"potentialAction":[{"@type":"SearchAction","target":{"@type":"EntryPoint","urlTemplate":"https:\/\/ww16.ce.gov.br\/sefaz\/?s={search_term_string}"},"query-input":{"@type":"PropertyValueSpecification","valueRequired":true,"valueName":"search_term_string"}}],"inLanguage":"pt-BR"},{"@type":"Organization","@id":"https:\/\/ww16.ce.gov.br\/sefaz\/#organization","name":"Secretaria da Fazenda","url":"https:\/\/ww16.ce.gov.br\/sefaz\/","logo":{"@type":"ImageObject","inLanguage":"pt-BR","@id":"https:\/\/ww16.ce.gov.br\/sefaz\/#\/schema\/logo\/image\/","url":"http:\/\/ww16.ce.gov.br\/sefaz\/wp-content\/uploads\/sites\/61\/2018\/05\/sefaz-clara2.png","contentUrl":"http:\/\/ww16.ce.gov.br\/sefaz\/wp-content\/uploads\/sites\/61\/2018\/05\/sefaz-clara2.png","width":559,"height":106,"caption":"Secretaria da Fazenda"},"image":{"@id":"https:\/\/ww16.ce.gov.br\/sefaz\/#\/schema\/logo\/image\/"}}]}},"_links":{"self":[{"href":"https:\/\/ww16.ce.gov.br\/sefaz\/wp-json\/wp\/v2\/pages\/52","targetHints":{"allow":["GET"]}}],"collection":[{"href":"https:\/\/ww16.ce.gov.br\/sefaz\/wp-json\/wp\/v2\/pages"}],"about":[{"href":"https:\/\/ww16.ce.gov.br\/sefaz\/wp-json\/wp\/v2\/types\/page"}],"author":[{"embeddable":true,"href":"https:\/\/ww16.ce.gov.br\/sefaz\/wp-json\/wp\/v2\/users\/12"}],"replies":[{"embeddable":true,"href":"https:\/\/ww16.ce.gov.br\/sefaz\/wp-json\/wp\/v2\/comments?post=52"}],"version-history":[{"count":28,"href":"https:\/\/ww16.ce.gov.br\/sefaz\/wp-json\/wp\/v2\/pages\/52\/revisions"}],"predecessor-version":[{"id":36497,"href":"https:\/\/ww16.ce.gov.br\/sefaz\/wp-json\/wp\/v2\/pages\/52\/revisions\/36497"}],"wp:attachment":[{"href":"https:\/\/ww16.ce.gov.br\/sefaz\/wp-json\/wp\/v2\/media?parent=52"}],"curies":[{"name":"wp","href":"https:\/\/api.w.org\/{rel}","templated":true}]}}