{"id":35378,"date":"2025-10-06T16:17:45","date_gmt":"2025-10-06T19:17:45","guid":{"rendered":"http:\/\/ww16.ce.gov.br\/sefaz\/?page_id=35378"},"modified":"2025-12-22T11:30:43","modified_gmt":"2025-12-22T14:30:43","slug":"refis-2025","status":"publish","type":"page","link":"https:\/\/ww16.ce.gov.br\/sefaz\/refis-2025\/","title":{"rendered":"Refis 2025"},"content":{"rendered":"<p><img loading=\"lazy\" decoding=\"async\" class=\" wp-image-35380 aligncenter\" src=\"https:\/\/ww16.ce.gov.br\/sefaz\/wp-content\/uploads\/sites\/46\/2025\/10\/WhatsApp-Image-2025-10-06-at-16.14.48-1-600x379.jpeg\" alt=\"\" width=\"764\" height=\"483\" srcset=\"https:\/\/ww16.ce.gov.br\/sefaz\/wp-content\/uploads\/sites\/46\/2025\/10\/WhatsApp-Image-2025-10-06-at-16.14.48-1-600x379.jpeg 600w, https:\/\/ww16.ce.gov.br\/sefaz\/wp-content\/uploads\/sites\/46\/2025\/10\/WhatsApp-Image-2025-10-06-at-16.14.48-1.jpeg 768w\" sizes=\"auto, (max-width: 764px) 100vw, 764px\" \/><\/p>\n<p>&nbsp;<\/p>\n<p style=\"text-align: justify\">O Programa de Recupera\u00e7\u00e3o Fiscal do Governo do Estado do Cear\u00e1 (Refis) prev\u00ea descontos em multas e juros sobre d\u00e9bitos com refer\u00eancia at\u00e9 31 de dezembro de 2024, nos impostos sobre Circula\u00e7\u00e3o de Mercadorias e Servi\u00e7os (ICMS), Propriedade de Ve\u00edculos Automotores (IPVA), Transmiss\u00e3o Causa Mortis e Doa\u00e7\u00e3o (ITCD), D\u00edvidas decorrentes de opera\u00e7\u00f5es de cr\u00e9dito efetuadas pelo Banco do Estado do Cear\u00e1 (BEC).<\/p>\n<p>Dependendo do imposto, os descontos podem chegar a at\u00e9 100% sobre d\u00e9bitos inscritos ou n\u00e3o em D\u00edvida Ativa, ajuizados ou n\u00e3o. O prazo de ades\u00e3o ao Refis acontece no per\u00edodo de 15 de outubro a 15 de dezembro de 2025.<\/p>\n<p>&nbsp;<\/p>\n<h4>\u2013 <a href=\"https:\/\/portalservicos.sefaz.ce.gov.br\/+6501be56c88bcd0e6baf1415\">Emiss\u00e3o de DAE do Refis ICMS \/ ITCD\/ IPVA<\/a><\/h4>\n<p>&nbsp;<\/p>\n<h4>\u2013 <a href=\"https:\/\/ipva.sefaz.ce.gov.br\/#\/impostos\/emitir-dae-parcelamento\">Solicita\u00e7\u00e3o de Parcelamento Refis IPVA<\/a><\/h4>\n<p>&nbsp;<\/p>\n<h4>\u2013 <a href=\"https:\/\/servicos.sefaz.ce.gov.br\/internet\/acessoseguro\/servicosenha\/logarusuario\/login.asp\">Acesso ao Ambiente Seguro<\/a><\/h4>\n<p>&nbsp;<\/p>\n<h4>&#8211; <a href=\"https:\/\/ww16.ce.gov.br\/sefaz\/wp-content\/uploads\/sites\/46\/2025\/12\/Lei_19.599_-_Prorroga_Refis_dez2025.pdf\">Lei de Prorroga\u00e7\u00e3o do Refis n\u00ba19.598\/2025<\/a><\/h4>\n<p>&nbsp;<\/p>\n<h4>\u2013 <a href=\"https:\/\/ww16.ce.gov.br\/sefaz\/wp-content\/uploads\/sites\/46\/2025\/10\/Lei-no19.482.pdf\">Lei do Refis n\u00ba 19.482\/2025<\/a><\/h4>\n<p>&nbsp;<\/p>\n<h4>\u2013 <a href=\"https:\/\/ww16.ce.gov.br\/sefaz\/wp-content\/uploads\/sites\/46\/2025\/10\/RESUMO-REFIS-2025-versao-2.pdf\">Orienta\u00e7\u00f5es Refis 2025<\/a><\/h4>\n<p>&nbsp;<\/p>\n","protected":false},"excerpt":{"rendered":"<p>&nbsp; O Programa de Recupera\u00e7\u00e3o Fiscal do Governo do Estado do Cear\u00e1 (Refis) prev\u00ea descontos em multas e juros sobre d\u00e9bitos com refer\u00eancia at\u00e9 31 de dezembro de 2024, nos impostos sobre Circula\u00e7\u00e3o de Mercadorias e Servi\u00e7os (ICMS), Propriedade de Ve\u00edculos Automotores (IPVA), Transmiss\u00e3o Causa Mortis e Doa\u00e7\u00e3o (ITCD), D\u00edvidas decorrentes de opera\u00e7\u00f5es de cr\u00e9dito [&hellip;]<\/p>\n","protected":false},"author":689,"featured_media":0,"parent":0,"menu_order":0,"comment_status":"closed","ping_status":"closed","template":"","meta":{"_acf_changed":false,"inline_featured_image":false,"footnotes":""},"class_list":["post-35378","page","type-page","status-publish","hentry"],"acf":[],"yoast_head":"<!-- This site is optimized with the Yoast SEO plugin v26.9 - https:\/\/yoast.com\/product\/yoast-seo-wordpress\/ -->\n<title>Refis 2025 - SEFAZ<\/title>\n<meta name=\"robots\" content=\"index, follow, max-snippet:-1, max-image-preview:large, max-video-preview:-1\" \/>\n<link rel=\"canonical\" href=\"https:\/\/ww16.ce.gov.br\/sefaz\/refis-2025\/\" \/>\n<meta property=\"og:locale\" content=\"pt_BR\" \/>\n<meta property=\"og:type\" content=\"article\" \/>\n<meta property=\"og:title\" content=\"Refis 2025 - SEFAZ\" \/>\n<meta property=\"og:description\" content=\"&nbsp; O Programa de Recupera\u00e7\u00e3o Fiscal do Governo do Estado do Cear\u00e1 (Refis) prev\u00ea descontos em multas e juros sobre d\u00e9bitos com refer\u00eancia at\u00e9 31 de dezembro de 2024, nos impostos sobre Circula\u00e7\u00e3o de Mercadorias e Servi\u00e7os (ICMS), Propriedade de Ve\u00edculos Automotores (IPVA), Transmiss\u00e3o Causa Mortis e Doa\u00e7\u00e3o (ITCD), D\u00edvidas decorrentes de opera\u00e7\u00f5es de cr\u00e9dito [&hellip;]\" \/>\n<meta property=\"og:url\" content=\"https:\/\/ww16.ce.gov.br\/sefaz\/refis-2025\/\" \/>\n<meta property=\"og:site_name\" content=\"SEFAZ\" \/>\n<meta property=\"article:modified_time\" content=\"2025-12-22T14:30:43+00:00\" \/>\n<meta property=\"og:image\" content=\"http:\/\/ww16.ce.gov.br\/sefaz\/wp-content\/uploads\/sites\/46\/2025\/10\/WhatsApp-Image-2025-10-06-at-16.14.48-1-600x379.jpeg\" \/>\n<meta name=\"twitter:card\" content=\"summary_large_image\" \/>\n<meta name=\"twitter:label1\" content=\"Est. reading time\" \/>\n\t<meta name=\"twitter:data1\" content=\"1 minuto\" \/>\n<script type=\"application\/ld+json\" class=\"yoast-schema-graph\">{\"@context\":\"https:\/\/schema.org\",\"@graph\":[{\"@type\":\"WebPage\",\"@id\":\"https:\/\/ww16.ce.gov.br\/sefaz\/refis-2025\/\",\"url\":\"https:\/\/ww16.ce.gov.br\/sefaz\/refis-2025\/\",\"name\":\"Refis 2025 - SEFAZ\",\"isPartOf\":{\"@id\":\"https:\/\/ww16.ce.gov.br\/sefaz\/#website\"},\"primaryImageOfPage\":{\"@id\":\"https:\/\/ww16.ce.gov.br\/sefaz\/refis-2025\/#primaryimage\"},\"image\":{\"@id\":\"https:\/\/ww16.ce.gov.br\/sefaz\/refis-2025\/#primaryimage\"},\"thumbnailUrl\":\"http:\/\/ww16.ce.gov.br\/sefaz\/wp-content\/uploads\/sites\/46\/2025\/10\/WhatsApp-Image-2025-10-06-at-16.14.48-1-600x379.jpeg\",\"datePublished\":\"2025-10-06T19:17:45+00:00\",\"dateModified\":\"2025-12-22T14:30:43+00:00\",\"breadcrumb\":{\"@id\":\"https:\/\/ww16.ce.gov.br\/sefaz\/refis-2025\/#breadcrumb\"},\"inLanguage\":\"pt-BR\",\"potentialAction\":[{\"@type\":\"ReadAction\",\"target\":[\"https:\/\/ww16.ce.gov.br\/sefaz\/refis-2025\/\"]}]},{\"@type\":\"ImageObject\",\"inLanguage\":\"pt-BR\",\"@id\":\"https:\/\/ww16.ce.gov.br\/sefaz\/refis-2025\/#primaryimage\",\"url\":\"http:\/\/ww16.ce.gov.br\/sefaz\/wp-content\/uploads\/sites\/46\/2025\/10\/WhatsApp-Image-2025-10-06-at-16.14.48-1-600x379.jpeg\",\"contentUrl\":\"http:\/\/ww16.ce.gov.br\/sefaz\/wp-content\/uploads\/sites\/46\/2025\/10\/WhatsApp-Image-2025-10-06-at-16.14.48-1-600x379.jpeg\"},{\"@type\":\"BreadcrumbList\",\"@id\":\"https:\/\/ww16.ce.gov.br\/sefaz\/refis-2025\/#breadcrumb\",\"itemListElement\":[{\"@type\":\"ListItem\",\"position\":1,\"name\":\"In\u00edcio\",\"item\":\"https:\/\/ww16.ce.gov.br\/sefaz\/\"},{\"@type\":\"ListItem\",\"position\":2,\"name\":\"Refis 2025\"}]},{\"@type\":\"WebSite\",\"@id\":\"https:\/\/ww16.ce.gov.br\/sefaz\/#website\",\"url\":\"https:\/\/ww16.ce.gov.br\/sefaz\/\",\"name\":\"Secretaria da Fazenda\",\"description\":\"Portal SEFAZ\",\"publisher\":{\"@id\":\"https:\/\/ww16.ce.gov.br\/sefaz\/#organization\"},\"potentialAction\":[{\"@type\":\"SearchAction\",\"target\":{\"@type\":\"EntryPoint\",\"urlTemplate\":\"https:\/\/ww16.ce.gov.br\/sefaz\/?s={search_term_string}\"},\"query-input\":{\"@type\":\"PropertyValueSpecification\",\"valueRequired\":true,\"valueName\":\"search_term_string\"}}],\"inLanguage\":\"pt-BR\"},{\"@type\":\"Organization\",\"@id\":\"https:\/\/ww16.ce.gov.br\/sefaz\/#organization\",\"name\":\"Secretaria da Fazenda\",\"url\":\"https:\/\/ww16.ce.gov.br\/sefaz\/\",\"logo\":{\"@type\":\"ImageObject\",\"inLanguage\":\"pt-BR\",\"@id\":\"https:\/\/ww16.ce.gov.br\/sefaz\/#\/schema\/logo\/image\/\",\"url\":\"http:\/\/ww16.ce.gov.br\/sefaz\/wp-content\/uploads\/sites\/61\/2018\/05\/sefaz-clara2.png\",\"contentUrl\":\"http:\/\/ww16.ce.gov.br\/sefaz\/wp-content\/uploads\/sites\/61\/2018\/05\/sefaz-clara2.png\",\"width\":559,\"height\":106,\"caption\":\"Secretaria da Fazenda\"},\"image\":{\"@id\":\"https:\/\/ww16.ce.gov.br\/sefaz\/#\/schema\/logo\/image\/\"}}]}<\/script>\n<!-- \/ Yoast SEO plugin. -->","yoast_head_json":{"title":"Refis 2025 - SEFAZ","robots":{"index":"index","follow":"follow","max-snippet":"max-snippet:-1","max-image-preview":"max-image-preview:large","max-video-preview":"max-video-preview:-1"},"canonical":"https:\/\/ww16.ce.gov.br\/sefaz\/refis-2025\/","og_locale":"pt_BR","og_type":"article","og_title":"Refis 2025 - SEFAZ","og_description":"&nbsp; O Programa de Recupera\u00e7\u00e3o Fiscal do Governo do Estado do Cear\u00e1 (Refis) prev\u00ea descontos em multas e juros sobre d\u00e9bitos com refer\u00eancia at\u00e9 31 de dezembro de 2024, nos impostos sobre Circula\u00e7\u00e3o de Mercadorias e Servi\u00e7os (ICMS), Propriedade de Ve\u00edculos Automotores (IPVA), Transmiss\u00e3o Causa Mortis e Doa\u00e7\u00e3o (ITCD), D\u00edvidas decorrentes de opera\u00e7\u00f5es de cr\u00e9dito [&hellip;]","og_url":"https:\/\/ww16.ce.gov.br\/sefaz\/refis-2025\/","og_site_name":"SEFAZ","article_modified_time":"2025-12-22T14:30:43+00:00","og_image":[{"url":"http:\/\/ww16.ce.gov.br\/sefaz\/wp-content\/uploads\/sites\/46\/2025\/10\/WhatsApp-Image-2025-10-06-at-16.14.48-1-600x379.jpeg","type":"","width":"","height":""}],"twitter_card":"summary_large_image","twitter_misc":{"Est. reading time":"1 minuto"},"schema":{"@context":"https:\/\/schema.org","@graph":[{"@type":"WebPage","@id":"https:\/\/ww16.ce.gov.br\/sefaz\/refis-2025\/","url":"https:\/\/ww16.ce.gov.br\/sefaz\/refis-2025\/","name":"Refis 2025 - SEFAZ","isPartOf":{"@id":"https:\/\/ww16.ce.gov.br\/sefaz\/#website"},"primaryImageOfPage":{"@id":"https:\/\/ww16.ce.gov.br\/sefaz\/refis-2025\/#primaryimage"},"image":{"@id":"https:\/\/ww16.ce.gov.br\/sefaz\/refis-2025\/#primaryimage"},"thumbnailUrl":"http:\/\/ww16.ce.gov.br\/sefaz\/wp-content\/uploads\/sites\/46\/2025\/10\/WhatsApp-Image-2025-10-06-at-16.14.48-1-600x379.jpeg","datePublished":"2025-10-06T19:17:45+00:00","dateModified":"2025-12-22T14:30:43+00:00","breadcrumb":{"@id":"https:\/\/ww16.ce.gov.br\/sefaz\/refis-2025\/#breadcrumb"},"inLanguage":"pt-BR","potentialAction":[{"@type":"ReadAction","target":["https:\/\/ww16.ce.gov.br\/sefaz\/refis-2025\/"]}]},{"@type":"ImageObject","inLanguage":"pt-BR","@id":"https:\/\/ww16.ce.gov.br\/sefaz\/refis-2025\/#primaryimage","url":"http:\/\/ww16.ce.gov.br\/sefaz\/wp-content\/uploads\/sites\/46\/2025\/10\/WhatsApp-Image-2025-10-06-at-16.14.48-1-600x379.jpeg","contentUrl":"http:\/\/ww16.ce.gov.br\/sefaz\/wp-content\/uploads\/sites\/46\/2025\/10\/WhatsApp-Image-2025-10-06-at-16.14.48-1-600x379.jpeg"},{"@type":"BreadcrumbList","@id":"https:\/\/ww16.ce.gov.br\/sefaz\/refis-2025\/#breadcrumb","itemListElement":[{"@type":"ListItem","position":1,"name":"In\u00edcio","item":"https:\/\/ww16.ce.gov.br\/sefaz\/"},{"@type":"ListItem","position":2,"name":"Refis 2025"}]},{"@type":"WebSite","@id":"https:\/\/ww16.ce.gov.br\/sefaz\/#website","url":"https:\/\/ww16.ce.gov.br\/sefaz\/","name":"Secretaria da Fazenda","description":"Portal SEFAZ","publisher":{"@id":"https:\/\/ww16.ce.gov.br\/sefaz\/#organization"},"potentialAction":[{"@type":"SearchAction","target":{"@type":"EntryPoint","urlTemplate":"https:\/\/ww16.ce.gov.br\/sefaz\/?s={search_term_string}"},"query-input":{"@type":"PropertyValueSpecification","valueRequired":true,"valueName":"search_term_string"}}],"inLanguage":"pt-BR"},{"@type":"Organization","@id":"https:\/\/ww16.ce.gov.br\/sefaz\/#organization","name":"Secretaria da Fazenda","url":"https:\/\/ww16.ce.gov.br\/sefaz\/","logo":{"@type":"ImageObject","inLanguage":"pt-BR","@id":"https:\/\/ww16.ce.gov.br\/sefaz\/#\/schema\/logo\/image\/","url":"http:\/\/ww16.ce.gov.br\/sefaz\/wp-content\/uploads\/sites\/61\/2018\/05\/sefaz-clara2.png","contentUrl":"http:\/\/ww16.ce.gov.br\/sefaz\/wp-content\/uploads\/sites\/61\/2018\/05\/sefaz-clara2.png","width":559,"height":106,"caption":"Secretaria da Fazenda"},"image":{"@id":"https:\/\/ww16.ce.gov.br\/sefaz\/#\/schema\/logo\/image\/"}}]}},"_links":{"self":[{"href":"https:\/\/ww16.ce.gov.br\/sefaz\/wp-json\/wp\/v2\/pages\/35378","targetHints":{"allow":["GET"]}}],"collection":[{"href":"https:\/\/ww16.ce.gov.br\/sefaz\/wp-json\/wp\/v2\/pages"}],"about":[{"href":"https:\/\/ww16.ce.gov.br\/sefaz\/wp-json\/wp\/v2\/types\/page"}],"author":[{"embeddable":true,"href":"https:\/\/ww16.ce.gov.br\/sefaz\/wp-json\/wp\/v2\/users\/689"}],"replies":[{"embeddable":true,"href":"https:\/\/ww16.ce.gov.br\/sefaz\/wp-json\/wp\/v2\/comments?post=35378"}],"version-history":[{"count":7,"href":"https:\/\/ww16.ce.gov.br\/sefaz\/wp-json\/wp\/v2\/pages\/35378\/revisions"}],"predecessor-version":[{"id":36134,"href":"https:\/\/ww16.ce.gov.br\/sefaz\/wp-json\/wp\/v2\/pages\/35378\/revisions\/36134"}],"wp:attachment":[{"href":"https:\/\/ww16.ce.gov.br\/sefaz\/wp-json\/wp\/v2\/media?parent=35378"}],"curies":[{"name":"wp","href":"https:\/\/api.w.org\/{rel}","templated":true}]}}