{"id":31100,"date":"2024-04-02T10:42:20","date_gmt":"2024-04-02T13:42:20","guid":{"rendered":"http:\/\/ww16.ce.gov.br\/sefaz\/?page_id=31100"},"modified":"2024-04-10T16:38:45","modified_gmt":"2024-04-10T19:38:45","slug":"bge-2023","status":"publish","type":"page","link":"https:\/\/ww16.ce.gov.br\/sefaz\/bge-2023\/","title":{"rendered":"BGE 2023"},"content":{"rendered":"<p><img loading=\"lazy\" decoding=\"async\" class=\"alignnone wp-image-31187\" src=\"https:\/\/ww16.ce.gov.br\/sefaz\/wp-content\/uploads\/sites\/46\/2024\/04\/WhatsApp-Image-2024-04-08-at-15.01.20-600x154.jpeg\" alt=\"\" width=\"1071\" height=\"275\" srcset=\"https:\/\/ww16.ce.gov.br\/sefaz\/wp-content\/uploads\/sites\/46\/2024\/04\/WhatsApp-Image-2024-04-08-at-15.01.20-600x154.jpeg 600w, https:\/\/ww16.ce.gov.br\/sefaz\/wp-content\/uploads\/sites\/46\/2024\/04\/WhatsApp-Image-2024-04-08-at-15.01.20-1200x308.jpeg 1200w, https:\/\/ww16.ce.gov.br\/sefaz\/wp-content\/uploads\/sites\/46\/2024\/04\/WhatsApp-Image-2024-04-08-at-15.01.20-768x197.jpeg 768w, https:\/\/ww16.ce.gov.br\/sefaz\/wp-content\/uploads\/sites\/46\/2024\/04\/WhatsApp-Image-2024-04-08-at-15.01.20-1536x394.jpeg 1536w, https:\/\/ww16.ce.gov.br\/sefaz\/wp-content\/uploads\/sites\/46\/2024\/04\/WhatsApp-Image-2024-04-08-at-15.01.20.jpeg 1600w\" sizes=\"auto, (max-width: 1071px) 100vw, 1071px\" \/><\/p>\n<h3>O Balan\u00e7o Geral do Estado (BGE) \u00e9 uma pe\u00e7a composta pelos Relat\u00f3rios das Demonstra\u00e7\u00f5es Cont\u00e1beis Consolidadas, Relat\u00f3rio do Controle Interno elaborado pela Controladoria Geral do Estado (CGE) e por anexos com informa\u00e7\u00f5es complementares.<\/h3>\n<p>&nbsp;<\/p>\n<h3>A presta\u00e7\u00e3o de contas de governo pode ser acessada pelos links abaixo:<\/h3>\n<p>&nbsp;<\/p>\n<h4><a href=\"https:\/\/ww16.ce.gov.br\/sefaz\/wp-content\/uploads\/sites\/46\/2024\/04\/BGE-2023-1.pdf\">&#8211; Relat\u00f3rio principal do BGE<\/a><\/h4>\n<p>&nbsp;<\/p>\n<h4>&#8211; <a href=\"https:\/\/ww16.ce.gov.br\/sefaz\/wp-content\/uploads\/sites\/46\/2024\/04\/Relatorio_do_Controle_Interno_-_Contas_de_Governo_2023.pdf\">Relat\u00f3rio do Controle Interno elaborado pela CGE<\/a><\/h4>\n<p>&nbsp;<\/p>\n<h4>&#8211; <a href=\"https:\/\/ww16.ce.gov.br\/sefaz\/bge-2023\/demonstrativos-consolidados\/\">Demonstrativos consolidados da Lei n\u00ba 4.320\/1964<\/a><\/h4>\n<p>&nbsp;<\/p>\n<h4>&#8211; <a href=\"https:\/\/siafe.sefaz.ce.gov.br\/IndicadoresFiscais\/#!BGE2023\">Balan\u00e7os e demonstrativos por entidade das autarquias, funda\u00e7\u00f5es e fundos e ainda as demonstra\u00e7\u00f5es financeiras das Empresas P\u00fablicas e Sociedades de Economia Mista<\/a><\/h4>\n<p>&nbsp;<\/p>\n<h4>&#8211; <a href=\"https:\/\/ww16.ce.gov.br\/sefaz\/bge-2023\/atas-das-audiencias-publicas\/\">Atas das audi\u00eancias p\u00fablicas<\/a><\/h4>\n<p>&nbsp;<\/p>\n<h4>&#8211; <a href=\"https:\/\/ww16.ce.gov.br\/sefaz\/wp-content\/uploads\/sites\/46\/2024\/04\/Relacao-dos-projetos-executados-acompanhados-pela-SEPLAG.pdf\">Rela\u00e7\u00e3o dos projetos executados acompanhados pela Seplag<\/a><\/h4>\n","protected":false},"excerpt":{"rendered":"<p>O Balan\u00e7o Geral do Estado (BGE) \u00e9 uma pe\u00e7a composta pelos Relat\u00f3rios das Demonstra\u00e7\u00f5es Cont\u00e1beis Consolidadas, Relat\u00f3rio do Controle Interno elaborado pela Controladoria Geral do Estado (CGE) e por anexos com informa\u00e7\u00f5es complementares. &nbsp; A presta\u00e7\u00e3o de contas de governo pode ser acessada pelos links abaixo: &nbsp; &#8211; Relat\u00f3rio principal do BGE &nbsp; &#8211; Relat\u00f3rio [&hellip;]<\/p>\n","protected":false},"author":689,"featured_media":0,"parent":0,"menu_order":0,"comment_status":"closed","ping_status":"closed","template":"","meta":{"_acf_changed":false,"inline_featured_image":false,"footnotes":""},"class_list":["post-31100","page","type-page","status-publish","hentry"],"acf":[],"yoast_head":"<!-- This site is optimized with the Yoast SEO plugin v26.9 - https:\/\/yoast.com\/product\/yoast-seo-wordpress\/ -->\n<title>BGE 2023 - SEFAZ<\/title>\n<meta name=\"robots\" content=\"index, follow, max-snippet:-1, max-image-preview:large, max-video-preview:-1\" \/>\n<link rel=\"canonical\" href=\"https:\/\/ww16.ce.gov.br\/sefaz\/bge-2023\/\" \/>\n<meta property=\"og:locale\" content=\"pt_BR\" \/>\n<meta property=\"og:type\" content=\"article\" \/>\n<meta property=\"og:title\" content=\"BGE 2023 - SEFAZ\" \/>\n<meta property=\"og:description\" content=\"O Balan\u00e7o Geral do Estado (BGE) \u00e9 uma pe\u00e7a composta pelos Relat\u00f3rios das Demonstra\u00e7\u00f5es Cont\u00e1beis Consolidadas, Relat\u00f3rio do Controle Interno elaborado pela Controladoria Geral do Estado (CGE) e por anexos com informa\u00e7\u00f5es complementares. &nbsp; A presta\u00e7\u00e3o de contas de governo pode ser acessada pelos links abaixo: &nbsp; &#8211; Relat\u00f3rio principal do BGE &nbsp; &#8211; Relat\u00f3rio [&hellip;]\" \/>\n<meta property=\"og:url\" content=\"https:\/\/ww16.ce.gov.br\/sefaz\/bge-2023\/\" \/>\n<meta property=\"og:site_name\" content=\"SEFAZ\" \/>\n<meta property=\"article:modified_time\" content=\"2024-04-10T19:38:45+00:00\" \/>\n<meta property=\"og:image\" content=\"http:\/\/ww16.ce.gov.br\/sefaz\/wp-content\/uploads\/sites\/46\/2024\/04\/WhatsApp-Image-2024-04-08-at-15.01.20-600x154.jpeg\" \/>\n<meta name=\"twitter:card\" content=\"summary_large_image\" \/>\n<meta name=\"twitter:label1\" content=\"Est. reading time\" \/>\n\t<meta name=\"twitter:data1\" content=\"1 minuto\" \/>\n<script type=\"application\/ld+json\" class=\"yoast-schema-graph\">{\"@context\":\"https:\/\/schema.org\",\"@graph\":[{\"@type\":\"WebPage\",\"@id\":\"https:\/\/ww16.ce.gov.br\/sefaz\/bge-2023\/\",\"url\":\"https:\/\/ww16.ce.gov.br\/sefaz\/bge-2023\/\",\"name\":\"BGE 2023 - SEFAZ\",\"isPartOf\":{\"@id\":\"https:\/\/ww16.ce.gov.br\/sefaz\/#website\"},\"primaryImageOfPage\":{\"@id\":\"https:\/\/ww16.ce.gov.br\/sefaz\/bge-2023\/#primaryimage\"},\"image\":{\"@id\":\"https:\/\/ww16.ce.gov.br\/sefaz\/bge-2023\/#primaryimage\"},\"thumbnailUrl\":\"http:\/\/ww16.ce.gov.br\/sefaz\/wp-content\/uploads\/sites\/46\/2024\/04\/WhatsApp-Image-2024-04-08-at-15.01.20-600x154.jpeg\",\"datePublished\":\"2024-04-02T13:42:20+00:00\",\"dateModified\":\"2024-04-10T19:38:45+00:00\",\"breadcrumb\":{\"@id\":\"https:\/\/ww16.ce.gov.br\/sefaz\/bge-2023\/#breadcrumb\"},\"inLanguage\":\"pt-BR\",\"potentialAction\":[{\"@type\":\"ReadAction\",\"target\":[\"https:\/\/ww16.ce.gov.br\/sefaz\/bge-2023\/\"]}]},{\"@type\":\"ImageObject\",\"inLanguage\":\"pt-BR\",\"@id\":\"https:\/\/ww16.ce.gov.br\/sefaz\/bge-2023\/#primaryimage\",\"url\":\"http:\/\/ww16.ce.gov.br\/sefaz\/wp-content\/uploads\/sites\/46\/2024\/04\/WhatsApp-Image-2024-04-08-at-15.01.20-600x154.jpeg\",\"contentUrl\":\"http:\/\/ww16.ce.gov.br\/sefaz\/wp-content\/uploads\/sites\/46\/2024\/04\/WhatsApp-Image-2024-04-08-at-15.01.20-600x154.jpeg\"},{\"@type\":\"BreadcrumbList\",\"@id\":\"https:\/\/ww16.ce.gov.br\/sefaz\/bge-2023\/#breadcrumb\",\"itemListElement\":[{\"@type\":\"ListItem\",\"position\":1,\"name\":\"In\u00edcio\",\"item\":\"https:\/\/ww16.ce.gov.br\/sefaz\/\"},{\"@type\":\"ListItem\",\"position\":2,\"name\":\"BGE 2023\"}]},{\"@type\":\"WebSite\",\"@id\":\"https:\/\/ww16.ce.gov.br\/sefaz\/#website\",\"url\":\"https:\/\/ww16.ce.gov.br\/sefaz\/\",\"name\":\"Secretaria da Fazenda\",\"description\":\"Portal SEFAZ\",\"publisher\":{\"@id\":\"https:\/\/ww16.ce.gov.br\/sefaz\/#organization\"},\"potentialAction\":[{\"@type\":\"SearchAction\",\"target\":{\"@type\":\"EntryPoint\",\"urlTemplate\":\"https:\/\/ww16.ce.gov.br\/sefaz\/?s={search_term_string}\"},\"query-input\":{\"@type\":\"PropertyValueSpecification\",\"valueRequired\":true,\"valueName\":\"search_term_string\"}}],\"inLanguage\":\"pt-BR\"},{\"@type\":\"Organization\",\"@id\":\"https:\/\/ww16.ce.gov.br\/sefaz\/#organization\",\"name\":\"Secretaria da Fazenda\",\"url\":\"https:\/\/ww16.ce.gov.br\/sefaz\/\",\"logo\":{\"@type\":\"ImageObject\",\"inLanguage\":\"pt-BR\",\"@id\":\"https:\/\/ww16.ce.gov.br\/sefaz\/#\/schema\/logo\/image\/\",\"url\":\"http:\/\/ww16.ce.gov.br\/sefaz\/wp-content\/uploads\/sites\/61\/2018\/05\/sefaz-clara2.png\",\"contentUrl\":\"http:\/\/ww16.ce.gov.br\/sefaz\/wp-content\/uploads\/sites\/61\/2018\/05\/sefaz-clara2.png\",\"width\":559,\"height\":106,\"caption\":\"Secretaria da Fazenda\"},\"image\":{\"@id\":\"https:\/\/ww16.ce.gov.br\/sefaz\/#\/schema\/logo\/image\/\"}}]}<\/script>\n<!-- \/ Yoast SEO plugin. -->","yoast_head_json":{"title":"BGE 2023 - SEFAZ","robots":{"index":"index","follow":"follow","max-snippet":"max-snippet:-1","max-image-preview":"max-image-preview:large","max-video-preview":"max-video-preview:-1"},"canonical":"https:\/\/ww16.ce.gov.br\/sefaz\/bge-2023\/","og_locale":"pt_BR","og_type":"article","og_title":"BGE 2023 - SEFAZ","og_description":"O Balan\u00e7o Geral do Estado (BGE) \u00e9 uma pe\u00e7a composta pelos Relat\u00f3rios das Demonstra\u00e7\u00f5es Cont\u00e1beis Consolidadas, Relat\u00f3rio do Controle Interno elaborado pela Controladoria Geral do Estado (CGE) e por anexos com informa\u00e7\u00f5es complementares. &nbsp; A presta\u00e7\u00e3o de contas de governo pode ser acessada pelos links abaixo: &nbsp; &#8211; Relat\u00f3rio principal do BGE &nbsp; &#8211; Relat\u00f3rio [&hellip;]","og_url":"https:\/\/ww16.ce.gov.br\/sefaz\/bge-2023\/","og_site_name":"SEFAZ","article_modified_time":"2024-04-10T19:38:45+00:00","og_image":[{"url":"http:\/\/ww16.ce.gov.br\/sefaz\/wp-content\/uploads\/sites\/46\/2024\/04\/WhatsApp-Image-2024-04-08-at-15.01.20-600x154.jpeg","type":"","width":"","height":""}],"twitter_card":"summary_large_image","twitter_misc":{"Est. reading time":"1 minuto"},"schema":{"@context":"https:\/\/schema.org","@graph":[{"@type":"WebPage","@id":"https:\/\/ww16.ce.gov.br\/sefaz\/bge-2023\/","url":"https:\/\/ww16.ce.gov.br\/sefaz\/bge-2023\/","name":"BGE 2023 - SEFAZ","isPartOf":{"@id":"https:\/\/ww16.ce.gov.br\/sefaz\/#website"},"primaryImageOfPage":{"@id":"https:\/\/ww16.ce.gov.br\/sefaz\/bge-2023\/#primaryimage"},"image":{"@id":"https:\/\/ww16.ce.gov.br\/sefaz\/bge-2023\/#primaryimage"},"thumbnailUrl":"http:\/\/ww16.ce.gov.br\/sefaz\/wp-content\/uploads\/sites\/46\/2024\/04\/WhatsApp-Image-2024-04-08-at-15.01.20-600x154.jpeg","datePublished":"2024-04-02T13:42:20+00:00","dateModified":"2024-04-10T19:38:45+00:00","breadcrumb":{"@id":"https:\/\/ww16.ce.gov.br\/sefaz\/bge-2023\/#breadcrumb"},"inLanguage":"pt-BR","potentialAction":[{"@type":"ReadAction","target":["https:\/\/ww16.ce.gov.br\/sefaz\/bge-2023\/"]}]},{"@type":"ImageObject","inLanguage":"pt-BR","@id":"https:\/\/ww16.ce.gov.br\/sefaz\/bge-2023\/#primaryimage","url":"http:\/\/ww16.ce.gov.br\/sefaz\/wp-content\/uploads\/sites\/46\/2024\/04\/WhatsApp-Image-2024-04-08-at-15.01.20-600x154.jpeg","contentUrl":"http:\/\/ww16.ce.gov.br\/sefaz\/wp-content\/uploads\/sites\/46\/2024\/04\/WhatsApp-Image-2024-04-08-at-15.01.20-600x154.jpeg"},{"@type":"BreadcrumbList","@id":"https:\/\/ww16.ce.gov.br\/sefaz\/bge-2023\/#breadcrumb","itemListElement":[{"@type":"ListItem","position":1,"name":"In\u00edcio","item":"https:\/\/ww16.ce.gov.br\/sefaz\/"},{"@type":"ListItem","position":2,"name":"BGE 2023"}]},{"@type":"WebSite","@id":"https:\/\/ww16.ce.gov.br\/sefaz\/#website","url":"https:\/\/ww16.ce.gov.br\/sefaz\/","name":"Secretaria da Fazenda","description":"Portal SEFAZ","publisher":{"@id":"https:\/\/ww16.ce.gov.br\/sefaz\/#organization"},"potentialAction":[{"@type":"SearchAction","target":{"@type":"EntryPoint","urlTemplate":"https:\/\/ww16.ce.gov.br\/sefaz\/?s={search_term_string}"},"query-input":{"@type":"PropertyValueSpecification","valueRequired":true,"valueName":"search_term_string"}}],"inLanguage":"pt-BR"},{"@type":"Organization","@id":"https:\/\/ww16.ce.gov.br\/sefaz\/#organization","name":"Secretaria da Fazenda","url":"https:\/\/ww16.ce.gov.br\/sefaz\/","logo":{"@type":"ImageObject","inLanguage":"pt-BR","@id":"https:\/\/ww16.ce.gov.br\/sefaz\/#\/schema\/logo\/image\/","url":"http:\/\/ww16.ce.gov.br\/sefaz\/wp-content\/uploads\/sites\/61\/2018\/05\/sefaz-clara2.png","contentUrl":"http:\/\/ww16.ce.gov.br\/sefaz\/wp-content\/uploads\/sites\/61\/2018\/05\/sefaz-clara2.png","width":559,"height":106,"caption":"Secretaria da Fazenda"},"image":{"@id":"https:\/\/ww16.ce.gov.br\/sefaz\/#\/schema\/logo\/image\/"}}]}},"_links":{"self":[{"href":"https:\/\/ww16.ce.gov.br\/sefaz\/wp-json\/wp\/v2\/pages\/31100","targetHints":{"allow":["GET"]}}],"collection":[{"href":"https:\/\/ww16.ce.gov.br\/sefaz\/wp-json\/wp\/v2\/pages"}],"about":[{"href":"https:\/\/ww16.ce.gov.br\/sefaz\/wp-json\/wp\/v2\/types\/page"}],"author":[{"embeddable":true,"href":"https:\/\/ww16.ce.gov.br\/sefaz\/wp-json\/wp\/v2\/users\/689"}],"replies":[{"embeddable":true,"href":"https:\/\/ww16.ce.gov.br\/sefaz\/wp-json\/wp\/v2\/comments?post=31100"}],"version-history":[{"count":11,"href":"https:\/\/ww16.ce.gov.br\/sefaz\/wp-json\/wp\/v2\/pages\/31100\/revisions"}],"predecessor-version":[{"id":31199,"href":"https:\/\/ww16.ce.gov.br\/sefaz\/wp-json\/wp\/v2\/pages\/31100\/revisions\/31199"}],"wp:attachment":[{"href":"https:\/\/ww16.ce.gov.br\/sefaz\/wp-json\/wp\/v2\/media?parent=31100"}],"curies":[{"name":"wp","href":"https:\/\/api.w.org\/{rel}","templated":true}]}}