{"id":29328,"date":"2023-08-30T08:37:50","date_gmt":"2023-08-30T11:37:50","guid":{"rendered":"http:\/\/ww16.ce.gov.br\/sefaz\/?page_id=29328"},"modified":"2026-02-06T13:59:06","modified_gmt":"2026-02-06T16:59:06","slug":"regularidade-fiscal","status":"publish","type":"page","link":"https:\/\/ww16.ce.gov.br\/sefaz\/transparencia\/regularidade-fiscal\/","title":{"rendered":"Regularidade Fiscal"},"content":{"rendered":"<p>&nbsp;<\/p>\n<h5><strong>&#8211; <a href=\"https:\/\/ww16.ce.gov.br\/sefaz\/wp-content\/uploads\/sites\/46\/2026\/01\/Certidao-Positiva-com-Efeitos-de-Negativa-de-Tributos-Federais-e-Divida-Ativa-da-Uniao-do-Estado-do-Ceara-val.-21-07-26.pdf\">Certid\u00e3o Positiva com Efeitos de Negativa de Tributos Federais e D\u00edvida Ativa da Uni\u00e3o do Estado do Cear\u00e1<\/a><\/strong><\/h5>\n<h5><strong>&#8211; <a href=\"https:\/\/ww16.ce.gov.br\/sefaz\/wp-content\/uploads\/sites\/46\/2025\/11\/Certidao-Positiva-com-Efeitos-de-Negativa-de-Tributos-Municipais-de-Fortaleza-do-Estado-do-Ceara-valid-24-02-26.pdf\">Certid\u00e3o Positiva com Efeitos de Negativa de Tributos Municipais de Fortaleza\/CE do Estado do Cear\u00e1<\/a><\/strong><\/h5>\n<h5><strong>&#8211; <a href=\"https:\/\/ww16.ce.gov.br\/sefaz\/wp-content\/uploads\/sites\/46\/2025\/10\/Certidao-Positiva-com-Efeitos-de-Negativa-de-Tributos-Municipais-de-Fortaleza-da-SEFAZ-valid-26-01-26.pdf\">Certid\u00e3o Positiva com Efeitos de Negativa de Tributos Municipais de Fortaleza\/CE da Sefaz\/CE<\/a><\/strong><\/h5>\n<h5><a href=\"https:\/\/ww16.ce.gov.br\/sefaz\/wp-content\/uploads\/sites\/46\/2025\/10\/Certidao-Negativa-de-Debitos-Trabalhistas-do-Estado-do-Ceara-valid-05-04-26.pdf\">&#8211; Certid\u00e3o Negativa de D\u00e9bitos Trabalhistas do Estado do Cear\u00e1<\/a><\/h5>\n","protected":false},"excerpt":{"rendered":"<p>&nbsp; &#8211; Certid\u00e3o Positiva com Efeitos de Negativa de Tributos Federais e D\u00edvida Ativa da Uni\u00e3o do Estado do Cear\u00e1 &#8211; Certid\u00e3o Positiva com Efeitos de Negativa de Tributos Municipais de Fortaleza\/CE do Estado do Cear\u00e1 &#8211; Certid\u00e3o Positiva com Efeitos de Negativa de Tributos Municipais de Fortaleza\/CE da Sefaz\/CE &#8211; Certid\u00e3o Negativa de D\u00e9bitos [&hellip;]<\/p>\n","protected":false},"author":689,"featured_media":0,"parent":5371,"menu_order":0,"comment_status":"closed","ping_status":"closed","template":"","meta":{"_acf_changed":false,"inline_featured_image":false,"footnotes":""},"class_list":["post-29328","page","type-page","status-publish","hentry"],"acf":[],"yoast_head":"<!-- This site is optimized with the Yoast SEO plugin v26.9 - https:\/\/yoast.com\/product\/yoast-seo-wordpress\/ -->\n<title>Regularidade Fiscal - SEFAZ<\/title>\n<meta name=\"robots\" content=\"index, follow, max-snippet:-1, max-image-preview:large, max-video-preview:-1\" \/>\n<link rel=\"canonical\" href=\"https:\/\/ww16.ce.gov.br\/sefaz\/transparencia\/regularidade-fiscal\/\" \/>\n<meta property=\"og:locale\" content=\"pt_BR\" \/>\n<meta property=\"og:type\" content=\"article\" \/>\n<meta property=\"og:title\" content=\"Regularidade Fiscal - SEFAZ\" \/>\n<meta property=\"og:description\" content=\"&nbsp; &#8211; Certid\u00e3o Positiva com Efeitos de Negativa de Tributos Federais e D\u00edvida Ativa da Uni\u00e3o do Estado do Cear\u00e1 &#8211; Certid\u00e3o Positiva com Efeitos de Negativa de Tributos Municipais de Fortaleza\/CE do Estado do Cear\u00e1 &#8211; Certid\u00e3o Positiva com Efeitos de Negativa de Tributos Municipais de Fortaleza\/CE da Sefaz\/CE &#8211; Certid\u00e3o Negativa de D\u00e9bitos [&hellip;]\" \/>\n<meta property=\"og:url\" content=\"https:\/\/ww16.ce.gov.br\/sefaz\/transparencia\/regularidade-fiscal\/\" \/>\n<meta property=\"og:site_name\" content=\"SEFAZ\" \/>\n<meta property=\"article:modified_time\" content=\"2026-02-06T16:59:06+00:00\" \/>\n<meta name=\"twitter:card\" content=\"summary_large_image\" \/>\n<meta name=\"twitter:label1\" content=\"Est. reading time\" \/>\n\t<meta name=\"twitter:data1\" content=\"1 minuto\" \/>\n<script type=\"application\/ld+json\" class=\"yoast-schema-graph\">{\"@context\":\"https:\/\/schema.org\",\"@graph\":[{\"@type\":\"WebPage\",\"@id\":\"https:\/\/ww16.ce.gov.br\/sefaz\/transparencia\/regularidade-fiscal\/\",\"url\":\"https:\/\/ww16.ce.gov.br\/sefaz\/transparencia\/regularidade-fiscal\/\",\"name\":\"Regularidade Fiscal - SEFAZ\",\"isPartOf\":{\"@id\":\"https:\/\/ww16.ce.gov.br\/sefaz\/#website\"},\"datePublished\":\"2023-08-30T11:37:50+00:00\",\"dateModified\":\"2026-02-06T16:59:06+00:00\",\"breadcrumb\":{\"@id\":\"https:\/\/ww16.ce.gov.br\/sefaz\/transparencia\/regularidade-fiscal\/#breadcrumb\"},\"inLanguage\":\"pt-BR\",\"potentialAction\":[{\"@type\":\"ReadAction\",\"target\":[\"https:\/\/ww16.ce.gov.br\/sefaz\/transparencia\/regularidade-fiscal\/\"]}]},{\"@type\":\"BreadcrumbList\",\"@id\":\"https:\/\/ww16.ce.gov.br\/sefaz\/transparencia\/regularidade-fiscal\/#breadcrumb\",\"itemListElement\":[{\"@type\":\"ListItem\",\"position\":1,\"name\":\"In\u00edcio\",\"item\":\"https:\/\/ww16.ce.gov.br\/sefaz\/\"},{\"@type\":\"ListItem\",\"position\":2,\"name\":\"Transpar\u00eancia\",\"item\":\"https:\/\/ww16.ce.gov.br\/sefaz\/transparencia\/\"},{\"@type\":\"ListItem\",\"position\":3,\"name\":\"Regularidade Fiscal\"}]},{\"@type\":\"WebSite\",\"@id\":\"https:\/\/ww16.ce.gov.br\/sefaz\/#website\",\"url\":\"https:\/\/ww16.ce.gov.br\/sefaz\/\",\"name\":\"Secretaria da Fazenda\",\"description\":\"Portal SEFAZ\",\"publisher\":{\"@id\":\"https:\/\/ww16.ce.gov.br\/sefaz\/#organization\"},\"potentialAction\":[{\"@type\":\"SearchAction\",\"target\":{\"@type\":\"EntryPoint\",\"urlTemplate\":\"https:\/\/ww16.ce.gov.br\/sefaz\/?s={search_term_string}\"},\"query-input\":{\"@type\":\"PropertyValueSpecification\",\"valueRequired\":true,\"valueName\":\"search_term_string\"}}],\"inLanguage\":\"pt-BR\"},{\"@type\":\"Organization\",\"@id\":\"https:\/\/ww16.ce.gov.br\/sefaz\/#organization\",\"name\":\"Secretaria da Fazenda\",\"url\":\"https:\/\/ww16.ce.gov.br\/sefaz\/\",\"logo\":{\"@type\":\"ImageObject\",\"inLanguage\":\"pt-BR\",\"@id\":\"https:\/\/ww16.ce.gov.br\/sefaz\/#\/schema\/logo\/image\/\",\"url\":\"http:\/\/ww16.ce.gov.br\/sefaz\/wp-content\/uploads\/sites\/61\/2018\/05\/sefaz-clara2.png\",\"contentUrl\":\"http:\/\/ww16.ce.gov.br\/sefaz\/wp-content\/uploads\/sites\/61\/2018\/05\/sefaz-clara2.png\",\"width\":559,\"height\":106,\"caption\":\"Secretaria da Fazenda\"},\"image\":{\"@id\":\"https:\/\/ww16.ce.gov.br\/sefaz\/#\/schema\/logo\/image\/\"}}]}<\/script>\n<!-- \/ Yoast SEO plugin. -->","yoast_head_json":{"title":"Regularidade Fiscal - SEFAZ","robots":{"index":"index","follow":"follow","max-snippet":"max-snippet:-1","max-image-preview":"max-image-preview:large","max-video-preview":"max-video-preview:-1"},"canonical":"https:\/\/ww16.ce.gov.br\/sefaz\/transparencia\/regularidade-fiscal\/","og_locale":"pt_BR","og_type":"article","og_title":"Regularidade Fiscal - SEFAZ","og_description":"&nbsp; &#8211; Certid\u00e3o Positiva com Efeitos de Negativa de Tributos Federais e D\u00edvida Ativa da Uni\u00e3o do Estado do Cear\u00e1 &#8211; Certid\u00e3o Positiva com Efeitos de Negativa de Tributos Municipais de Fortaleza\/CE do Estado do Cear\u00e1 &#8211; Certid\u00e3o Positiva com Efeitos de Negativa de Tributos Municipais de Fortaleza\/CE da Sefaz\/CE &#8211; Certid\u00e3o Negativa de D\u00e9bitos [&hellip;]","og_url":"https:\/\/ww16.ce.gov.br\/sefaz\/transparencia\/regularidade-fiscal\/","og_site_name":"SEFAZ","article_modified_time":"2026-02-06T16:59:06+00:00","twitter_card":"summary_large_image","twitter_misc":{"Est. reading time":"1 minuto"},"schema":{"@context":"https:\/\/schema.org","@graph":[{"@type":"WebPage","@id":"https:\/\/ww16.ce.gov.br\/sefaz\/transparencia\/regularidade-fiscal\/","url":"https:\/\/ww16.ce.gov.br\/sefaz\/transparencia\/regularidade-fiscal\/","name":"Regularidade Fiscal - SEFAZ","isPartOf":{"@id":"https:\/\/ww16.ce.gov.br\/sefaz\/#website"},"datePublished":"2023-08-30T11:37:50+00:00","dateModified":"2026-02-06T16:59:06+00:00","breadcrumb":{"@id":"https:\/\/ww16.ce.gov.br\/sefaz\/transparencia\/regularidade-fiscal\/#breadcrumb"},"inLanguage":"pt-BR","potentialAction":[{"@type":"ReadAction","target":["https:\/\/ww16.ce.gov.br\/sefaz\/transparencia\/regularidade-fiscal\/"]}]},{"@type":"BreadcrumbList","@id":"https:\/\/ww16.ce.gov.br\/sefaz\/transparencia\/regularidade-fiscal\/#breadcrumb","itemListElement":[{"@type":"ListItem","position":1,"name":"In\u00edcio","item":"https:\/\/ww16.ce.gov.br\/sefaz\/"},{"@type":"ListItem","position":2,"name":"Transpar\u00eancia","item":"https:\/\/ww16.ce.gov.br\/sefaz\/transparencia\/"},{"@type":"ListItem","position":3,"name":"Regularidade Fiscal"}]},{"@type":"WebSite","@id":"https:\/\/ww16.ce.gov.br\/sefaz\/#website","url":"https:\/\/ww16.ce.gov.br\/sefaz\/","name":"Secretaria da Fazenda","description":"Portal SEFAZ","publisher":{"@id":"https:\/\/ww16.ce.gov.br\/sefaz\/#organization"},"potentialAction":[{"@type":"SearchAction","target":{"@type":"EntryPoint","urlTemplate":"https:\/\/ww16.ce.gov.br\/sefaz\/?s={search_term_string}"},"query-input":{"@type":"PropertyValueSpecification","valueRequired":true,"valueName":"search_term_string"}}],"inLanguage":"pt-BR"},{"@type":"Organization","@id":"https:\/\/ww16.ce.gov.br\/sefaz\/#organization","name":"Secretaria da Fazenda","url":"https:\/\/ww16.ce.gov.br\/sefaz\/","logo":{"@type":"ImageObject","inLanguage":"pt-BR","@id":"https:\/\/ww16.ce.gov.br\/sefaz\/#\/schema\/logo\/image\/","url":"http:\/\/ww16.ce.gov.br\/sefaz\/wp-content\/uploads\/sites\/61\/2018\/05\/sefaz-clara2.png","contentUrl":"http:\/\/ww16.ce.gov.br\/sefaz\/wp-content\/uploads\/sites\/61\/2018\/05\/sefaz-clara2.png","width":559,"height":106,"caption":"Secretaria da Fazenda"},"image":{"@id":"https:\/\/ww16.ce.gov.br\/sefaz\/#\/schema\/logo\/image\/"}}]}},"_links":{"self":[{"href":"https:\/\/ww16.ce.gov.br\/sefaz\/wp-json\/wp\/v2\/pages\/29328","targetHints":{"allow":["GET"]}}],"collection":[{"href":"https:\/\/ww16.ce.gov.br\/sefaz\/wp-json\/wp\/v2\/pages"}],"about":[{"href":"https:\/\/ww16.ce.gov.br\/sefaz\/wp-json\/wp\/v2\/types\/page"}],"author":[{"embeddable":true,"href":"https:\/\/ww16.ce.gov.br\/sefaz\/wp-json\/wp\/v2\/users\/689"}],"replies":[{"embeddable":true,"href":"https:\/\/ww16.ce.gov.br\/sefaz\/wp-json\/wp\/v2\/comments?post=29328"}],"version-history":[{"count":58,"href":"https:\/\/ww16.ce.gov.br\/sefaz\/wp-json\/wp\/v2\/pages\/29328\/revisions"}],"predecessor-version":[{"id":36322,"href":"https:\/\/ww16.ce.gov.br\/sefaz\/wp-json\/wp\/v2\/pages\/29328\/revisions\/36322"}],"up":[{"embeddable":true,"href":"https:\/\/ww16.ce.gov.br\/sefaz\/wp-json\/wp\/v2\/pages\/5371"}],"wp:attachment":[{"href":"https:\/\/ww16.ce.gov.br\/sefaz\/wp-json\/wp\/v2\/media?parent=29328"}],"curies":[{"name":"wp","href":"https:\/\/api.w.org\/{rel}","templated":true}]}}