{"id":26055,"date":"2022-05-19T15:14:43","date_gmt":"2022-05-19T18:14:43","guid":{"rendered":"http:\/\/ww16.ce.gov.br\/sefaz\/?page_id=26055"},"modified":"2022-05-23T11:54:52","modified_gmt":"2022-05-23T14:54:52","slug":"pesquisa-de-satisfacao-processos-da-cecon","status":"publish","type":"page","link":"https:\/\/ww16.ce.gov.br\/sefaz\/pesquisa-de-satisfacao-processos-da-cecon\/","title":{"rendered":"Pesquisa de Satisfa\u00e7\u00e3o &#8211; Processos da Cecon"},"content":{"rendered":"<p>&nbsp;<\/p>\n<p>A Controladoria e Ouvidoria Geral do Estado do Cear\u00e1 (CGE) realizou a avalia\u00e7\u00e3o do servi\u00e7o p\u00fablico ofertado por meio da Coordenadoria de Tributa\u00e7\u00e3o (Cotri) em parceria com a Secretaria da Fazenda (Sefaz) e com o Instituto de Pesquisa e Estrat\u00e9gia Econ\u00f4mica do Cear\u00e1 (IPECE), conforme exige a Lei n\u00ba 13.460 de 26 de junho de 2017.<\/p>\n<p>&nbsp;<\/p>\n<p>A pesquisa foi aplicada por meio telef\u00f4nico utilizando a Central de Atendimento da Ouvidoria em Canind\u00e9 entre os dias 5 e 23 de novembro de 2021. Tendo como p\u00fablico alvo 130 usu\u00e1rios desse servi\u00e7o, sendo 70% contadores e 15% auxiliares\/ t\u00e9cnicos em contabilidade<\/p>\n<p>&nbsp;<\/p>\n<p><strong>Conclus\u00e3o da pesquisa:<\/strong><\/p>\n<p>&nbsp;<\/p>\n<p><strong>&#8211; <\/strong>72,2% dos entrevistados afirmaram estar satisfeitos\/muito satisfeitos com o Tramita para o acompanhamento dos processos. 76,4% dos entrevistados avaliaram positivamente o contato direto com servidores da Cotri.<\/p>\n<p>&nbsp;<\/p>\n<p><strong>&#8211; <\/strong>Apenas 32,3% dos entrevistados declararam ter ficado satisfeitos\/ muito satisfeitos em rela\u00e7\u00e3o ao prazo para conclus\u00e3o do processo e 28,4% ficaram muito insatisfeitos\/insatisfeitos.<\/p>\n<p>&nbsp;<\/p>\n<p><strong>&#8211; <\/strong>O n\u00edvel de satisfa\u00e7\u00e3o geral com os servi\u00e7os ofertados pela Cotri foi de 62,3% de aprova\u00e7\u00e3o e de 3,1% de insatisfa\u00e7\u00e3o. O NPS (Net Promoter Score) foi de 5,38%.<\/p>\n<p>&nbsp;<\/p>\n<p><strong>&#8211; <\/strong>Dentre as 138 sugest\u00f5es apresentadas pelos usu\u00e1rios, destacou-se, com 24,6% a disponibiliza\u00e7\u00e3o de ferramenta de contato on-line, 19,6% o compromisso e celeridade na an\u00e1lise dos processos e com 18,1% o aperfei\u00e7oamento dos sistemas da Sefaz.<\/p>\n","protected":false},"excerpt":{"rendered":"<p>&nbsp; A Controladoria e Ouvidoria Geral do Estado do Cear\u00e1 (CGE) realizou a avalia\u00e7\u00e3o do servi\u00e7o p\u00fablico ofertado por meio da Coordenadoria de Tributa\u00e7\u00e3o (Cotri) em parceria com a Secretaria da Fazenda (Sefaz) e com o Instituto de Pesquisa e Estrat\u00e9gia Econ\u00f4mica do Cear\u00e1 (IPECE), conforme exige a Lei n\u00ba 13.460 de 26 de junho [&hellip;]<\/p>\n","protected":false},"author":487,"featured_media":0,"parent":0,"menu_order":0,"comment_status":"closed","ping_status":"closed","template":"","meta":{"_acf_changed":false,"inline_featured_image":false,"footnotes":""},"class_list":["post-26055","page","type-page","status-publish","hentry"],"acf":[],"yoast_head":"<!-- This site is optimized with the Yoast SEO plugin v26.9 - https:\/\/yoast.com\/product\/yoast-seo-wordpress\/ -->\n<title>Pesquisa de Satisfa\u00e7\u00e3o - Processos da Cecon - SEFAZ<\/title>\n<meta name=\"robots\" content=\"index, follow, max-snippet:-1, max-image-preview:large, max-video-preview:-1\" \/>\n<link rel=\"canonical\" href=\"https:\/\/ww16.ce.gov.br\/sefaz\/pesquisa-de-satisfacao-processos-da-cecon\/\" \/>\n<meta property=\"og:locale\" content=\"pt_BR\" \/>\n<meta property=\"og:type\" content=\"article\" \/>\n<meta property=\"og:title\" content=\"Pesquisa de Satisfa\u00e7\u00e3o - Processos da Cecon - SEFAZ\" \/>\n<meta property=\"og:description\" content=\"&nbsp; A Controladoria e Ouvidoria Geral do Estado do Cear\u00e1 (CGE) realizou a avalia\u00e7\u00e3o do servi\u00e7o p\u00fablico ofertado por meio da Coordenadoria de Tributa\u00e7\u00e3o (Cotri) em parceria com a Secretaria da Fazenda (Sefaz) e com o Instituto de Pesquisa e Estrat\u00e9gia Econ\u00f4mica do Cear\u00e1 (IPECE), conforme exige a Lei n\u00ba 13.460 de 26 de junho [&hellip;]\" \/>\n<meta property=\"og:url\" content=\"https:\/\/ww16.ce.gov.br\/sefaz\/pesquisa-de-satisfacao-processos-da-cecon\/\" \/>\n<meta property=\"og:site_name\" content=\"SEFAZ\" \/>\n<meta property=\"article:modified_time\" content=\"2022-05-23T14:54:52+00:00\" \/>\n<meta name=\"twitter:card\" content=\"summary_large_image\" \/>\n<meta name=\"twitter:label1\" content=\"Est. reading time\" \/>\n\t<meta name=\"twitter:data1\" content=\"1 minuto\" \/>\n<script type=\"application\/ld+json\" class=\"yoast-schema-graph\">{\"@context\":\"https:\/\/schema.org\",\"@graph\":[{\"@type\":\"WebPage\",\"@id\":\"https:\/\/ww16.ce.gov.br\/sefaz\/pesquisa-de-satisfacao-processos-da-cecon\/\",\"url\":\"https:\/\/ww16.ce.gov.br\/sefaz\/pesquisa-de-satisfacao-processos-da-cecon\/\",\"name\":\"Pesquisa de Satisfa\u00e7\u00e3o - Processos da Cecon - SEFAZ\",\"isPartOf\":{\"@id\":\"https:\/\/ww16.ce.gov.br\/sefaz\/#website\"},\"datePublished\":\"2022-05-19T18:14:43+00:00\",\"dateModified\":\"2022-05-23T14:54:52+00:00\",\"breadcrumb\":{\"@id\":\"https:\/\/ww16.ce.gov.br\/sefaz\/pesquisa-de-satisfacao-processos-da-cecon\/#breadcrumb\"},\"inLanguage\":\"pt-BR\",\"potentialAction\":[{\"@type\":\"ReadAction\",\"target\":[\"https:\/\/ww16.ce.gov.br\/sefaz\/pesquisa-de-satisfacao-processos-da-cecon\/\"]}]},{\"@type\":\"BreadcrumbList\",\"@id\":\"https:\/\/ww16.ce.gov.br\/sefaz\/pesquisa-de-satisfacao-processos-da-cecon\/#breadcrumb\",\"itemListElement\":[{\"@type\":\"ListItem\",\"position\":1,\"name\":\"In\u00edcio\",\"item\":\"https:\/\/ww16.ce.gov.br\/sefaz\/\"},{\"@type\":\"ListItem\",\"position\":2,\"name\":\"Pesquisa de Satisfa\u00e7\u00e3o &#8211; Processos da Cecon\"}]},{\"@type\":\"WebSite\",\"@id\":\"https:\/\/ww16.ce.gov.br\/sefaz\/#website\",\"url\":\"https:\/\/ww16.ce.gov.br\/sefaz\/\",\"name\":\"Secretaria da Fazenda\",\"description\":\"Portal SEFAZ\",\"publisher\":{\"@id\":\"https:\/\/ww16.ce.gov.br\/sefaz\/#organization\"},\"potentialAction\":[{\"@type\":\"SearchAction\",\"target\":{\"@type\":\"EntryPoint\",\"urlTemplate\":\"https:\/\/ww16.ce.gov.br\/sefaz\/?s={search_term_string}\"},\"query-input\":{\"@type\":\"PropertyValueSpecification\",\"valueRequired\":true,\"valueName\":\"search_term_string\"}}],\"inLanguage\":\"pt-BR\"},{\"@type\":\"Organization\",\"@id\":\"https:\/\/ww16.ce.gov.br\/sefaz\/#organization\",\"name\":\"Secretaria da Fazenda\",\"url\":\"https:\/\/ww16.ce.gov.br\/sefaz\/\",\"logo\":{\"@type\":\"ImageObject\",\"inLanguage\":\"pt-BR\",\"@id\":\"https:\/\/ww16.ce.gov.br\/sefaz\/#\/schema\/logo\/image\/\",\"url\":\"http:\/\/ww16.ce.gov.br\/sefaz\/wp-content\/uploads\/sites\/61\/2018\/05\/sefaz-clara2.png\",\"contentUrl\":\"http:\/\/ww16.ce.gov.br\/sefaz\/wp-content\/uploads\/sites\/61\/2018\/05\/sefaz-clara2.png\",\"width\":559,\"height\":106,\"caption\":\"Secretaria da Fazenda\"},\"image\":{\"@id\":\"https:\/\/ww16.ce.gov.br\/sefaz\/#\/schema\/logo\/image\/\"}}]}<\/script>\n<!-- \/ Yoast SEO plugin. -->","yoast_head_json":{"title":"Pesquisa de Satisfa\u00e7\u00e3o - Processos da Cecon - SEFAZ","robots":{"index":"index","follow":"follow","max-snippet":"max-snippet:-1","max-image-preview":"max-image-preview:large","max-video-preview":"max-video-preview:-1"},"canonical":"https:\/\/ww16.ce.gov.br\/sefaz\/pesquisa-de-satisfacao-processos-da-cecon\/","og_locale":"pt_BR","og_type":"article","og_title":"Pesquisa de Satisfa\u00e7\u00e3o - Processos da Cecon - SEFAZ","og_description":"&nbsp; A Controladoria e Ouvidoria Geral do Estado do Cear\u00e1 (CGE) realizou a avalia\u00e7\u00e3o do servi\u00e7o p\u00fablico ofertado por meio da Coordenadoria de Tributa\u00e7\u00e3o (Cotri) em parceria com a Secretaria da Fazenda (Sefaz) e com o Instituto de Pesquisa e Estrat\u00e9gia Econ\u00f4mica do Cear\u00e1 (IPECE), conforme exige a Lei n\u00ba 13.460 de 26 de junho [&hellip;]","og_url":"https:\/\/ww16.ce.gov.br\/sefaz\/pesquisa-de-satisfacao-processos-da-cecon\/","og_site_name":"SEFAZ","article_modified_time":"2022-05-23T14:54:52+00:00","twitter_card":"summary_large_image","twitter_misc":{"Est. reading time":"1 minuto"},"schema":{"@context":"https:\/\/schema.org","@graph":[{"@type":"WebPage","@id":"https:\/\/ww16.ce.gov.br\/sefaz\/pesquisa-de-satisfacao-processos-da-cecon\/","url":"https:\/\/ww16.ce.gov.br\/sefaz\/pesquisa-de-satisfacao-processos-da-cecon\/","name":"Pesquisa de Satisfa\u00e7\u00e3o - Processos da Cecon - SEFAZ","isPartOf":{"@id":"https:\/\/ww16.ce.gov.br\/sefaz\/#website"},"datePublished":"2022-05-19T18:14:43+00:00","dateModified":"2022-05-23T14:54:52+00:00","breadcrumb":{"@id":"https:\/\/ww16.ce.gov.br\/sefaz\/pesquisa-de-satisfacao-processos-da-cecon\/#breadcrumb"},"inLanguage":"pt-BR","potentialAction":[{"@type":"ReadAction","target":["https:\/\/ww16.ce.gov.br\/sefaz\/pesquisa-de-satisfacao-processos-da-cecon\/"]}]},{"@type":"BreadcrumbList","@id":"https:\/\/ww16.ce.gov.br\/sefaz\/pesquisa-de-satisfacao-processos-da-cecon\/#breadcrumb","itemListElement":[{"@type":"ListItem","position":1,"name":"In\u00edcio","item":"https:\/\/ww16.ce.gov.br\/sefaz\/"},{"@type":"ListItem","position":2,"name":"Pesquisa de Satisfa\u00e7\u00e3o &#8211; Processos da Cecon"}]},{"@type":"WebSite","@id":"https:\/\/ww16.ce.gov.br\/sefaz\/#website","url":"https:\/\/ww16.ce.gov.br\/sefaz\/","name":"Secretaria da Fazenda","description":"Portal SEFAZ","publisher":{"@id":"https:\/\/ww16.ce.gov.br\/sefaz\/#organization"},"potentialAction":[{"@type":"SearchAction","target":{"@type":"EntryPoint","urlTemplate":"https:\/\/ww16.ce.gov.br\/sefaz\/?s={search_term_string}"},"query-input":{"@type":"PropertyValueSpecification","valueRequired":true,"valueName":"search_term_string"}}],"inLanguage":"pt-BR"},{"@type":"Organization","@id":"https:\/\/ww16.ce.gov.br\/sefaz\/#organization","name":"Secretaria da Fazenda","url":"https:\/\/ww16.ce.gov.br\/sefaz\/","logo":{"@type":"ImageObject","inLanguage":"pt-BR","@id":"https:\/\/ww16.ce.gov.br\/sefaz\/#\/schema\/logo\/image\/","url":"http:\/\/ww16.ce.gov.br\/sefaz\/wp-content\/uploads\/sites\/61\/2018\/05\/sefaz-clara2.png","contentUrl":"http:\/\/ww16.ce.gov.br\/sefaz\/wp-content\/uploads\/sites\/61\/2018\/05\/sefaz-clara2.png","width":559,"height":106,"caption":"Secretaria da Fazenda"},"image":{"@id":"https:\/\/ww16.ce.gov.br\/sefaz\/#\/schema\/logo\/image\/"}}]}},"_links":{"self":[{"href":"https:\/\/ww16.ce.gov.br\/sefaz\/wp-json\/wp\/v2\/pages\/26055","targetHints":{"allow":["GET"]}}],"collection":[{"href":"https:\/\/ww16.ce.gov.br\/sefaz\/wp-json\/wp\/v2\/pages"}],"about":[{"href":"https:\/\/ww16.ce.gov.br\/sefaz\/wp-json\/wp\/v2\/types\/page"}],"author":[{"embeddable":true,"href":"https:\/\/ww16.ce.gov.br\/sefaz\/wp-json\/wp\/v2\/users\/487"}],"replies":[{"embeddable":true,"href":"https:\/\/ww16.ce.gov.br\/sefaz\/wp-json\/wp\/v2\/comments?post=26055"}],"version-history":[{"count":4,"href":"https:\/\/ww16.ce.gov.br\/sefaz\/wp-json\/wp\/v2\/pages\/26055\/revisions"}],"predecessor-version":[{"id":26094,"href":"https:\/\/ww16.ce.gov.br\/sefaz\/wp-json\/wp\/v2\/pages\/26055\/revisions\/26094"}],"wp:attachment":[{"href":"https:\/\/ww16.ce.gov.br\/sefaz\/wp-json\/wp\/v2\/media?parent=26055"}],"curies":[{"name":"wp","href":"https:\/\/api.w.org\/{rel}","templated":true}]}}