{"id":25960,"date":"2022-05-12T14:14:33","date_gmt":"2022-05-12T17:14:33","guid":{"rendered":"http:\/\/ww16.ce.gov.br\/sefaz\/?page_id=25960"},"modified":"2026-02-05T16:15:18","modified_gmt":"2026-02-05T19:15:18","slug":"competencias","status":"publish","type":"page","link":"https:\/\/ww16.ce.gov.br\/sefaz\/competencias\/","title":{"rendered":"Compet\u00eancias"},"content":{"rendered":"<p>&nbsp;<\/p>\n<p>As compet\u00eancias da SEFAZ est\u00e3o dispostas na Lei n\u00ba16.710, de 21 de dezembro de 2018, republicada no DOE de 27 de dezembro de 2018:<\/p>\n<p>&nbsp;<\/p>\n<p><strong>Art.17.\u00a0\u00a0<\/strong>Compete \u00e0 Secretaria da Fazenda:<\/p>\n<p>&nbsp;<\/p>\n<p><strong>I &#8211;\u00a0 <\/strong>auxiliar direta e indiretamente o Governador na formula\u00e7\u00e3o da pol\u00edtica econ\u00f4mico-tribut\u00e1ria do Estado;<\/p>\n<p><strong>II &#8211; \u00a0<\/strong>realizar a administra\u00e7\u00e3o de sua fazenda p\u00fablica;<\/p>\n<p><strong>III &#8211; \u00a0<\/strong>dirigir, superintender, orientar e coordenar as atividades de tributa\u00e7\u00e3o, arrecada\u00e7\u00e3o, fiscaliza\u00e7\u00e3o, recolhimento e controle dos tributos e demais rendas do er\u00e1rio;<\/p>\n<p><strong>IV &#8211; \u00a0<\/strong>atuar na preven\u00e7\u00e3o e solu\u00e7\u00e3o de lit\u00edgios tribut\u00e1rios;<\/p>\n<p><strong>V &#8211; \u00a0<\/strong>elaborar, em conjunto com a Secretaria do Planejamento e Gest\u00e3o, o planejamento financeiro do Estado;<\/p>\n<p><strong>VI &#8211; \u00a0<\/strong>administrar o fluxo de caixa de todos os recursos do Estado, o desembolso dos pagamentos e os ativos e passivos p\u00fablicos;<\/p>\n<p><strong>VII &#8211; \u00a0<\/strong>gerenciar o sistema de execu\u00e7\u00e3o or\u00e7ament\u00e1ria financeira e cont\u00e1bil-patrimonial dos \u00f3rg\u00e3os e entidades da Administra\u00e7\u00e3o Estadual;<\/p>\n<p><strong>VIII &#8211; \u00a0<\/strong>gerenciar e divulgar informa\u00e7\u00f5es financeiras e cont\u00e1beis;<\/p>\n<p><strong>IX &#8211; \u00a0<\/strong>realizar a\u00e7\u00f5es que visem \u00e0 promo\u00e7\u00e3o da educa\u00e7\u00e3o fiscal;<\/p>\n<p><strong>X &#8211; \u00a0<\/strong>exercer outras compet\u00eancias necess\u00e1rias ao cumprimento de suas finalidades nos termos do regulamento.<\/p>\n","protected":false},"excerpt":{"rendered":"<p>&nbsp; As compet\u00eancias da SEFAZ est\u00e3o dispostas na Lei n\u00ba16.710, de 21 de dezembro de 2018, republicada no DOE de 27 de dezembro de 2018: &nbsp; Art.17.\u00a0\u00a0Compete \u00e0 Secretaria da Fazenda: &nbsp; I &#8211;\u00a0 auxiliar direta e indiretamente o Governador na formula\u00e7\u00e3o da pol\u00edtica econ\u00f4mico-tribut\u00e1ria do Estado; II &#8211; \u00a0realizar a administra\u00e7\u00e3o de sua fazenda [&hellip;]<\/p>\n","protected":false},"author":487,"featured_media":0,"parent":0,"menu_order":0,"comment_status":"closed","ping_status":"closed","template":"","meta":{"_acf_changed":false,"inline_featured_image":false,"footnotes":""},"class_list":["post-25960","page","type-page","status-publish","hentry"],"acf":[],"yoast_head":"<!-- This site is optimized with the Yoast SEO plugin v26.9 - https:\/\/yoast.com\/product\/yoast-seo-wordpress\/ -->\n<title>Compet\u00eancias - SEFAZ<\/title>\n<meta name=\"robots\" content=\"index, follow, max-snippet:-1, max-image-preview:large, max-video-preview:-1\" \/>\n<link rel=\"canonical\" href=\"https:\/\/ww16.ce.gov.br\/sefaz\/competencias\/\" \/>\n<meta property=\"og:locale\" content=\"pt_BR\" \/>\n<meta property=\"og:type\" content=\"article\" \/>\n<meta property=\"og:title\" content=\"Compet\u00eancias - SEFAZ\" \/>\n<meta property=\"og:description\" content=\"&nbsp; As compet\u00eancias da SEFAZ est\u00e3o dispostas na Lei n\u00ba16.710, de 21 de dezembro de 2018, republicada no DOE de 27 de dezembro de 2018: &nbsp; Art.17.\u00a0\u00a0Compete \u00e0 Secretaria da Fazenda: &nbsp; I &#8211;\u00a0 auxiliar direta e indiretamente o Governador na formula\u00e7\u00e3o da pol\u00edtica econ\u00f4mico-tribut\u00e1ria do Estado; II &#8211; \u00a0realizar a administra\u00e7\u00e3o de sua fazenda [&hellip;]\" \/>\n<meta property=\"og:url\" content=\"https:\/\/ww16.ce.gov.br\/sefaz\/competencias\/\" \/>\n<meta property=\"og:site_name\" content=\"SEFAZ\" \/>\n<meta property=\"article:modified_time\" content=\"2026-02-05T19:15:18+00:00\" \/>\n<meta name=\"twitter:card\" content=\"summary_large_image\" \/>\n<meta name=\"twitter:label1\" content=\"Est. reading time\" \/>\n\t<meta name=\"twitter:data1\" content=\"1 minuto\" \/>\n<script type=\"application\/ld+json\" class=\"yoast-schema-graph\">{\"@context\":\"https:\/\/schema.org\",\"@graph\":[{\"@type\":\"WebPage\",\"@id\":\"https:\/\/ww16.ce.gov.br\/sefaz\/competencias\/\",\"url\":\"https:\/\/ww16.ce.gov.br\/sefaz\/competencias\/\",\"name\":\"Compet\u00eancias - SEFAZ\",\"isPartOf\":{\"@id\":\"https:\/\/ww16.ce.gov.br\/sefaz\/#website\"},\"datePublished\":\"2022-05-12T17:14:33+00:00\",\"dateModified\":\"2026-02-05T19:15:18+00:00\",\"breadcrumb\":{\"@id\":\"https:\/\/ww16.ce.gov.br\/sefaz\/competencias\/#breadcrumb\"},\"inLanguage\":\"pt-BR\",\"potentialAction\":[{\"@type\":\"ReadAction\",\"target\":[\"https:\/\/ww16.ce.gov.br\/sefaz\/competencias\/\"]}]},{\"@type\":\"BreadcrumbList\",\"@id\":\"https:\/\/ww16.ce.gov.br\/sefaz\/competencias\/#breadcrumb\",\"itemListElement\":[{\"@type\":\"ListItem\",\"position\":1,\"name\":\"In\u00edcio\",\"item\":\"https:\/\/ww16.ce.gov.br\/sefaz\/\"},{\"@type\":\"ListItem\",\"position\":2,\"name\":\"Compet\u00eancias\"}]},{\"@type\":\"WebSite\",\"@id\":\"https:\/\/ww16.ce.gov.br\/sefaz\/#website\",\"url\":\"https:\/\/ww16.ce.gov.br\/sefaz\/\",\"name\":\"Secretaria da Fazenda\",\"description\":\"Portal SEFAZ\",\"publisher\":{\"@id\":\"https:\/\/ww16.ce.gov.br\/sefaz\/#organization\"},\"potentialAction\":[{\"@type\":\"SearchAction\",\"target\":{\"@type\":\"EntryPoint\",\"urlTemplate\":\"https:\/\/ww16.ce.gov.br\/sefaz\/?s={search_term_string}\"},\"query-input\":{\"@type\":\"PropertyValueSpecification\",\"valueRequired\":true,\"valueName\":\"search_term_string\"}}],\"inLanguage\":\"pt-BR\"},{\"@type\":\"Organization\",\"@id\":\"https:\/\/ww16.ce.gov.br\/sefaz\/#organization\",\"name\":\"Secretaria da Fazenda\",\"url\":\"https:\/\/ww16.ce.gov.br\/sefaz\/\",\"logo\":{\"@type\":\"ImageObject\",\"inLanguage\":\"pt-BR\",\"@id\":\"https:\/\/ww16.ce.gov.br\/sefaz\/#\/schema\/logo\/image\/\",\"url\":\"http:\/\/ww16.ce.gov.br\/sefaz\/wp-content\/uploads\/sites\/61\/2018\/05\/sefaz-clara2.png\",\"contentUrl\":\"http:\/\/ww16.ce.gov.br\/sefaz\/wp-content\/uploads\/sites\/61\/2018\/05\/sefaz-clara2.png\",\"width\":559,\"height\":106,\"caption\":\"Secretaria da Fazenda\"},\"image\":{\"@id\":\"https:\/\/ww16.ce.gov.br\/sefaz\/#\/schema\/logo\/image\/\"}}]}<\/script>\n<!-- \/ Yoast SEO plugin. -->","yoast_head_json":{"title":"Compet\u00eancias - SEFAZ","robots":{"index":"index","follow":"follow","max-snippet":"max-snippet:-1","max-image-preview":"max-image-preview:large","max-video-preview":"max-video-preview:-1"},"canonical":"https:\/\/ww16.ce.gov.br\/sefaz\/competencias\/","og_locale":"pt_BR","og_type":"article","og_title":"Compet\u00eancias - SEFAZ","og_description":"&nbsp; As compet\u00eancias da SEFAZ est\u00e3o dispostas na Lei n\u00ba16.710, de 21 de dezembro de 2018, republicada no DOE de 27 de dezembro de 2018: &nbsp; Art.17.\u00a0\u00a0Compete \u00e0 Secretaria da Fazenda: &nbsp; I &#8211;\u00a0 auxiliar direta e indiretamente o Governador na formula\u00e7\u00e3o da pol\u00edtica econ\u00f4mico-tribut\u00e1ria do Estado; II &#8211; \u00a0realizar a administra\u00e7\u00e3o de sua fazenda [&hellip;]","og_url":"https:\/\/ww16.ce.gov.br\/sefaz\/competencias\/","og_site_name":"SEFAZ","article_modified_time":"2026-02-05T19:15:18+00:00","twitter_card":"summary_large_image","twitter_misc":{"Est. reading time":"1 minuto"},"schema":{"@context":"https:\/\/schema.org","@graph":[{"@type":"WebPage","@id":"https:\/\/ww16.ce.gov.br\/sefaz\/competencias\/","url":"https:\/\/ww16.ce.gov.br\/sefaz\/competencias\/","name":"Compet\u00eancias - SEFAZ","isPartOf":{"@id":"https:\/\/ww16.ce.gov.br\/sefaz\/#website"},"datePublished":"2022-05-12T17:14:33+00:00","dateModified":"2026-02-05T19:15:18+00:00","breadcrumb":{"@id":"https:\/\/ww16.ce.gov.br\/sefaz\/competencias\/#breadcrumb"},"inLanguage":"pt-BR","potentialAction":[{"@type":"ReadAction","target":["https:\/\/ww16.ce.gov.br\/sefaz\/competencias\/"]}]},{"@type":"BreadcrumbList","@id":"https:\/\/ww16.ce.gov.br\/sefaz\/competencias\/#breadcrumb","itemListElement":[{"@type":"ListItem","position":1,"name":"In\u00edcio","item":"https:\/\/ww16.ce.gov.br\/sefaz\/"},{"@type":"ListItem","position":2,"name":"Compet\u00eancias"}]},{"@type":"WebSite","@id":"https:\/\/ww16.ce.gov.br\/sefaz\/#website","url":"https:\/\/ww16.ce.gov.br\/sefaz\/","name":"Secretaria da Fazenda","description":"Portal SEFAZ","publisher":{"@id":"https:\/\/ww16.ce.gov.br\/sefaz\/#organization"},"potentialAction":[{"@type":"SearchAction","target":{"@type":"EntryPoint","urlTemplate":"https:\/\/ww16.ce.gov.br\/sefaz\/?s={search_term_string}"},"query-input":{"@type":"PropertyValueSpecification","valueRequired":true,"valueName":"search_term_string"}}],"inLanguage":"pt-BR"},{"@type":"Organization","@id":"https:\/\/ww16.ce.gov.br\/sefaz\/#organization","name":"Secretaria da Fazenda","url":"https:\/\/ww16.ce.gov.br\/sefaz\/","logo":{"@type":"ImageObject","inLanguage":"pt-BR","@id":"https:\/\/ww16.ce.gov.br\/sefaz\/#\/schema\/logo\/image\/","url":"http:\/\/ww16.ce.gov.br\/sefaz\/wp-content\/uploads\/sites\/61\/2018\/05\/sefaz-clara2.png","contentUrl":"http:\/\/ww16.ce.gov.br\/sefaz\/wp-content\/uploads\/sites\/61\/2018\/05\/sefaz-clara2.png","width":559,"height":106,"caption":"Secretaria da Fazenda"},"image":{"@id":"https:\/\/ww16.ce.gov.br\/sefaz\/#\/schema\/logo\/image\/"}}]}},"_links":{"self":[{"href":"https:\/\/ww16.ce.gov.br\/sefaz\/wp-json\/wp\/v2\/pages\/25960","targetHints":{"allow":["GET"]}}],"collection":[{"href":"https:\/\/ww16.ce.gov.br\/sefaz\/wp-json\/wp\/v2\/pages"}],"about":[{"href":"https:\/\/ww16.ce.gov.br\/sefaz\/wp-json\/wp\/v2\/types\/page"}],"author":[{"embeddable":true,"href":"https:\/\/ww16.ce.gov.br\/sefaz\/wp-json\/wp\/v2\/users\/487"}],"replies":[{"embeddable":true,"href":"https:\/\/ww16.ce.gov.br\/sefaz\/wp-json\/wp\/v2\/comments?post=25960"}],"version-history":[{"count":3,"href":"https:\/\/ww16.ce.gov.br\/sefaz\/wp-json\/wp\/v2\/pages\/25960\/revisions"}],"predecessor-version":[{"id":25963,"href":"https:\/\/ww16.ce.gov.br\/sefaz\/wp-json\/wp\/v2\/pages\/25960\/revisions\/25963"}],"wp:attachment":[{"href":"https:\/\/ww16.ce.gov.br\/sefaz\/wp-json\/wp\/v2\/media?parent=25960"}],"curies":[{"name":"wp","href":"https:\/\/api.w.org\/{rel}","templated":true}]}}