{"id":22997,"date":"2021-08-16T16:23:01","date_gmt":"2021-08-16T19:23:01","guid":{"rendered":"http:\/\/ww16.ce.gov.br\/sefaz\/?page_id=22997"},"modified":"2026-02-03T14:14:59","modified_gmt":"2026-02-03T17:14:59","slug":"planejamento-estrategico","status":"publish","type":"page","link":"https:\/\/ww16.ce.gov.br\/sefaz\/planejamento-estrategico\/","title":{"rendered":"Planejamento Estrat\u00e9gico (2024-2031)"},"content":{"rendered":"<p style=\"text-align: justify\">A Secretaria da Fazenda do Cear\u00e1 (Sefaz-CE) est\u00e1 empenhada em estabelecer um ambiente fiscal robusto, transparente e equitativo. Para alcan\u00e7ar esse prop\u00f3sito, est\u00e1 elaborando iniciativas e implementando mudan\u00e7as para reformular a administra\u00e7\u00e3o p\u00fablica e aprimorar a qualidade dos servi\u00e7os oferecidos \u00e0 sociedade. Nesse contexto, surge o Planejamento Estrat\u00e9gico 2024-2031 como uma ferramenta crucial, fornecendo diretrizes e medidas para orientar essa transforma\u00e7\u00e3o e atingir os resultados desejados.<\/p>\n<p style=\"text-align: justify\">Elaborado de maneira colaborativa por gestores e servidores de diversas \u00e1reas da secretaria, o Planejamento Estrat\u00e9gico da Sefaz-Ce foi coordenado pela \u00e1rea de Desenvolvimento Institucional e Planejamento (Codip). Baseou-se na cria\u00e7\u00e3o do Mapa Estrat\u00e9gico da Gest\u00e3o Sefaz, cujo objetivo principal foi estabelecer diretrizes institucionais e garantir a avalia\u00e7\u00e3o do desempenho na consecu\u00e7\u00e3o dos resultados esperados. Esse processo traduziu e desdobrou a estrat\u00e9gia com base em objetivos significativos, considerando as repercuss\u00f5es positivas para a sociedade em rela\u00e7\u00e3o \u00e0 miss\u00e3o institucional.<\/p>\n<p><img loading=\"lazy\" decoding=\"async\" class=\"alignnone wp-image-35971\" src=\"https:\/\/ww16.ce.gov.br\/sefaz\/wp-content\/uploads\/sites\/46\/2025\/12\/Mapa_Estrategico_2024-2031-600x338.png\" alt=\"\" width=\"647\" height=\"345\" \/><\/p>\n<h4><b>Indicadores de Desempenho<\/b><\/h4>\n<p>Fa\u00e7a o download dos Indicadores de Resultado, clicando\u00a0<strong>nos links abaixo:<\/strong><\/p>\n<p><a href=\"https:\/\/ww16.ce.gov.br\/sefaz\/wp-content\/uploads\/sites\/46\/2025\/12\/Resultados_Chave_-_2025.pdf\">Indicadores 2025<\/a><\/p>\n<p><a href=\"https:\/\/ww16.ce.gov.br\/sefaz\/wp-content\/uploads\/sites\/46\/2025\/12\/Resultados_Chave_-_2024.pdf\">Indicadores 2024<\/a><\/p>\n<p><a href=\"https:\/\/ww16.ce.gov.br\/sefaz\/wp-content\/uploads\/sites\/46\/2023\/12\/INDICADORES_DE_RESULTADO_-_SEFAZ_2023.pdf\">Indicadores 2023<\/a><\/p>\n<p>Fa\u00e7a o download do Planejamento Estrat\u00e9gico da Sefaz 2020-2023, clicando\u00a0<strong>nos links abaixo:<\/strong><\/p>\n<p><a href=\"https:\/\/ww16.ce.gov.br\/sefaz\/wp-content\/uploads\/sites\/46\/2020\/08\/SEFAZ-Planejamento_Estrategico_-_Ciclo_2020_-_Pos-Pandemia.pdf\">&#8211; Ciclo 2020<\/a><br \/>\n&#8211; <a href=\"https:\/\/ww16.ce.gov.br\/sefaz\/wp-content\/uploads\/sites\/46\/2020\/08\/SEFAZ_-_Revisao_PE_-_Ciclo_2021_-_Versao_Completa_V14.pdf\">Ciclo 2021<\/a><br \/>\n&#8211; <a href=\"https:\/\/ww16.ce.gov.br\/sefaz\/wp-content\/uploads\/sites\/46\/2020\/08\/Planejamento_Estrategico_da_SEFAZ_2020-2023_-_Ciclo_2022_.pdf\">Ciclo 2022<\/a><\/p>\n<p><a href=\"https:\/\/ww16.ce.gov.br\/sefaz\/wp-content\/uploads\/sites\/46\/2025\/12\/Planejamento_Estrategico_da_SEFAZ_2020-2023_-_Ciclo_2023.pdf\">&#8211; Ciclo 2023<\/a><br \/>\n&#8211; <a href=\"https:\/\/ww16.ce.gov.br\/sefaz\/wp-content\/uploads\/sites\/46\/2025\/04\/Book-da-estrategia-07.02-1.pdf\">Ciclo 2024<\/a><\/p>\n<p><a href=\"https:\/\/ww16.ce.gov.br\/sefaz\/wp-content\/uploads\/sites\/46\/2025\/12\/Planejamento_Estrategico_da_SEFAZ_2024-2031_-_Ciclo_2025.pdf\">&#8211; Ciclo 2025<\/a><\/p>\n<p>Fa\u00e7a o download do Relat\u00f3rio de Avalia\u00e7\u00e3o da Estrat\u00e9gia da Sefaz, clicando\u00a0<strong>nos links abaixo:<\/strong><\/p>\n<p><a href=\"https:\/\/ww16.ce.gov.br\/sefaz\/wp-content\/uploads\/sites\/46\/2022\/07\/RAE_2020_-_V35_-_Versao_Internet.pdf\">&#8211; RAE 2020<\/a><br \/>\n<a href=\"https:\/\/ww16.ce.gov.br\/sefaz\/wp-content\/uploads\/sites\/46\/2022\/07\/RAE_2021.docx_-_Versao_Internet_-_Documentos_Google.pdf\">&#8211; RAE 2021<\/a><br \/>\n<a href=\"https:\/\/ww16.ce.gov.br\/sefaz\/wp-content\/uploads\/sites\/46\/2024\/01\/RAE_2022.pdf\">&#8211; RAE 2022<\/a><br \/>\n<a href=\"https:\/\/ww16.ce.gov.br\/sefaz\/wp-content\/uploads\/sites\/46\/2025\/04\/RAE_2023-1.pdf\">&#8211; RAE 2023<\/a><\/p>\n<p><a href=\"https:\/\/ww16.ce.gov.br\/sefaz\/wp-content\/uploads\/sites\/46\/2025\/12\/RAE_2024-1.pdf\">&#8211; RAE 2024<\/a><\/p>\n<h4><b>Plano Plurianual &#8211; PPA (2024-2027)<\/b><\/h4>\n<p style=\"text-align: justify\">O Plano Plurianual (PPA) atua como um dispositivo legal que facilita a integra\u00e7\u00e3o entre planejamento e or\u00e7amento, sendo uma ferramenta de gest\u00e3o que define, em n\u00edvel regional, as diretrizes, objetivos e metas para guiar a aloca\u00e7\u00e3o de recursos p\u00fablicos ao longo de um per\u00edodo de quatro anos. Este instrumento expressa as decis\u00f5es do governo e da sociedade, aponta os meios para implementar pol\u00edticas p\u00fablicas e orienta estrategicamente as a\u00e7\u00f5es do Estado na busca dos objetivos propostos. O PPA engloba projetos e programas de governo, visando assegurar a continuidade das estrat\u00e9gias entre diferentes gest\u00f5es governamentais.<\/p>\n<p style=\"text-align: justify\">Para baixar o Plano Plurianual 2024-2027 relacionado \u00e0 Sefaz e acompanhar programas, iniciativas e a\u00e7\u00f5es, <a href=\"https:\/\/ww16.ce.gov.br\/sefaz\/wp-content\/uploads\/sites\/46\/2024\/01\/PPA-2024-2027-03.01.pdf\">clique aqui<\/a>.<\/p>\n<p><b style=\"font-family: OpenSans-Semibold, Helvetica, Arial, sans-serif;font-size: 16px\">Resultado &#8211; Pesquisa de Satisfa\u00e7\u00e3o<\/b><\/p>\n<div>\n<p>&#8211; <a href=\"https:\/\/ww16.ce.gov.br\/sefaz\/pesquisa-de-satisfacao-itcd\/\">Imposto de Transmiss\u00e3o Causa Mortis e Doa\u00e7\u00e3o (ITCD)<\/a><\/p>\n<p>&#8211; <a href=\"https:\/\/ww16.ce.gov.br\/sefaz\/pesquisa-de-satisfacao-processos-da-cecon\/\">Processos da C\u00e9lula de Consultorias e Normas (Cecon)<\/a><\/p>\n<\/div>\n","protected":false},"excerpt":{"rendered":"<p>A Secretaria da Fazenda do Cear\u00e1 (Sefaz-CE) est\u00e1 empenhada em estabelecer um ambiente fiscal robusto, transparente e equitativo. Para alcan\u00e7ar esse prop\u00f3sito, est\u00e1 elaborando iniciativas e implementando mudan\u00e7as para reformular a administra\u00e7\u00e3o p\u00fablica e aprimorar a qualidade dos servi\u00e7os oferecidos \u00e0 sociedade. Nesse contexto, surge o Planejamento Estrat\u00e9gico 2024-2031 como uma ferramenta crucial, fornecendo diretrizes [&hellip;]<\/p>\n","protected":false},"author":12,"featured_media":0,"parent":0,"menu_order":0,"comment_status":"closed","ping_status":"closed","template":"","meta":{"_acf_changed":false,"inline_featured_image":false,"footnotes":""},"class_list":["post-22997","page","type-page","status-publish","hentry"],"acf":[],"yoast_head":"<!-- This site is optimized with the Yoast SEO plugin v26.9 - https:\/\/yoast.com\/product\/yoast-seo-wordpress\/ -->\n<title>Planejamento Estrat\u00e9gico (2024-2031) - SEFAZ<\/title>\n<meta name=\"robots\" content=\"index, follow, max-snippet:-1, max-image-preview:large, max-video-preview:-1\" \/>\n<link rel=\"canonical\" href=\"https:\/\/ww16.ce.gov.br\/sefaz\/planejamento-estrategico\/\" \/>\n<meta property=\"og:locale\" content=\"pt_BR\" \/>\n<meta property=\"og:type\" content=\"article\" \/>\n<meta property=\"og:title\" content=\"Planejamento Estrat\u00e9gico (2024-2031) - SEFAZ\" \/>\n<meta property=\"og:description\" content=\"A Secretaria da Fazenda do Cear\u00e1 (Sefaz-CE) est\u00e1 empenhada em estabelecer um ambiente fiscal robusto, transparente e equitativo. Para alcan\u00e7ar esse prop\u00f3sito, est\u00e1 elaborando iniciativas e implementando mudan\u00e7as para reformular a administra\u00e7\u00e3o p\u00fablica e aprimorar a qualidade dos servi\u00e7os oferecidos \u00e0 sociedade. Nesse contexto, surge o Planejamento Estrat\u00e9gico 2024-2031 como uma ferramenta crucial, fornecendo diretrizes [&hellip;]\" \/>\n<meta property=\"og:url\" content=\"https:\/\/ww16.ce.gov.br\/sefaz\/planejamento-estrategico\/\" \/>\n<meta property=\"og:site_name\" content=\"SEFAZ\" \/>\n<meta property=\"article:modified_time\" content=\"2026-02-03T17:14:59+00:00\" \/>\n<meta property=\"og:image\" content=\"http:\/\/ww16.ce.gov.br\/sefaz\/wp-content\/uploads\/sites\/46\/2025\/12\/Mapa_Estrategico_2024-2031-600x338.png\" \/>\n<meta name=\"twitter:card\" content=\"summary_large_image\" \/>\n<meta name=\"twitter:label1\" content=\"Est. reading time\" \/>\n\t<meta name=\"twitter:data1\" content=\"3 minutos\" \/>\n<script type=\"application\/ld+json\" class=\"yoast-schema-graph\">{\"@context\":\"https:\/\/schema.org\",\"@graph\":[{\"@type\":\"WebPage\",\"@id\":\"https:\/\/ww16.ce.gov.br\/sefaz\/planejamento-estrategico\/\",\"url\":\"https:\/\/ww16.ce.gov.br\/sefaz\/planejamento-estrategico\/\",\"name\":\"Planejamento Estrat\u00e9gico (2024-2031) - SEFAZ\",\"isPartOf\":{\"@id\":\"https:\/\/ww16.ce.gov.br\/sefaz\/#website\"},\"primaryImageOfPage\":{\"@id\":\"https:\/\/ww16.ce.gov.br\/sefaz\/planejamento-estrategico\/#primaryimage\"},\"image\":{\"@id\":\"https:\/\/ww16.ce.gov.br\/sefaz\/planejamento-estrategico\/#primaryimage\"},\"thumbnailUrl\":\"http:\/\/ww16.ce.gov.br\/sefaz\/wp-content\/uploads\/sites\/46\/2025\/12\/Mapa_Estrategico_2024-2031-600x338.png\",\"datePublished\":\"2021-08-16T19:23:01+00:00\",\"dateModified\":\"2026-02-03T17:14:59+00:00\",\"breadcrumb\":{\"@id\":\"https:\/\/ww16.ce.gov.br\/sefaz\/planejamento-estrategico\/#breadcrumb\"},\"inLanguage\":\"pt-BR\",\"potentialAction\":[{\"@type\":\"ReadAction\",\"target\":[\"https:\/\/ww16.ce.gov.br\/sefaz\/planejamento-estrategico\/\"]}]},{\"@type\":\"ImageObject\",\"inLanguage\":\"pt-BR\",\"@id\":\"https:\/\/ww16.ce.gov.br\/sefaz\/planejamento-estrategico\/#primaryimage\",\"url\":\"https:\/\/ww16.ce.gov.br\/sefaz\/wp-content\/uploads\/sites\/46\/2025\/12\/Mapa_Estrategico_2024-2031.png\",\"contentUrl\":\"https:\/\/ww16.ce.gov.br\/sefaz\/wp-content\/uploads\/sites\/46\/2025\/12\/Mapa_Estrategico_2024-2031.png\",\"width\":1226,\"height\":691},{\"@type\":\"BreadcrumbList\",\"@id\":\"https:\/\/ww16.ce.gov.br\/sefaz\/planejamento-estrategico\/#breadcrumb\",\"itemListElement\":[{\"@type\":\"ListItem\",\"position\":1,\"name\":\"In\u00edcio\",\"item\":\"https:\/\/ww16.ce.gov.br\/sefaz\/\"},{\"@type\":\"ListItem\",\"position\":2,\"name\":\"Planejamento Estrat\u00e9gico (2024-2031)\"}]},{\"@type\":\"WebSite\",\"@id\":\"https:\/\/ww16.ce.gov.br\/sefaz\/#website\",\"url\":\"https:\/\/ww16.ce.gov.br\/sefaz\/\",\"name\":\"Secretaria da Fazenda\",\"description\":\"Portal SEFAZ\",\"publisher\":{\"@id\":\"https:\/\/ww16.ce.gov.br\/sefaz\/#organization\"},\"potentialAction\":[{\"@type\":\"SearchAction\",\"target\":{\"@type\":\"EntryPoint\",\"urlTemplate\":\"https:\/\/ww16.ce.gov.br\/sefaz\/?s={search_term_string}\"},\"query-input\":{\"@type\":\"PropertyValueSpecification\",\"valueRequired\":true,\"valueName\":\"search_term_string\"}}],\"inLanguage\":\"pt-BR\"},{\"@type\":\"Organization\",\"@id\":\"https:\/\/ww16.ce.gov.br\/sefaz\/#organization\",\"name\":\"Secretaria da Fazenda\",\"url\":\"https:\/\/ww16.ce.gov.br\/sefaz\/\",\"logo\":{\"@type\":\"ImageObject\",\"inLanguage\":\"pt-BR\",\"@id\":\"https:\/\/ww16.ce.gov.br\/sefaz\/#\/schema\/logo\/image\/\",\"url\":\"http:\/\/ww16.ce.gov.br\/sefaz\/wp-content\/uploads\/sites\/61\/2018\/05\/sefaz-clara2.png\",\"contentUrl\":\"http:\/\/ww16.ce.gov.br\/sefaz\/wp-content\/uploads\/sites\/61\/2018\/05\/sefaz-clara2.png\",\"width\":559,\"height\":106,\"caption\":\"Secretaria da Fazenda\"},\"image\":{\"@id\":\"https:\/\/ww16.ce.gov.br\/sefaz\/#\/schema\/logo\/image\/\"}}]}<\/script>\n<!-- \/ Yoast SEO plugin. -->","yoast_head_json":{"title":"Planejamento Estrat\u00e9gico (2024-2031) - SEFAZ","robots":{"index":"index","follow":"follow","max-snippet":"max-snippet:-1","max-image-preview":"max-image-preview:large","max-video-preview":"max-video-preview:-1"},"canonical":"https:\/\/ww16.ce.gov.br\/sefaz\/planejamento-estrategico\/","og_locale":"pt_BR","og_type":"article","og_title":"Planejamento Estrat\u00e9gico (2024-2031) - SEFAZ","og_description":"A Secretaria da Fazenda do Cear\u00e1 (Sefaz-CE) est\u00e1 empenhada em estabelecer um ambiente fiscal robusto, transparente e equitativo. Para alcan\u00e7ar esse prop\u00f3sito, est\u00e1 elaborando iniciativas e implementando mudan\u00e7as para reformular a administra\u00e7\u00e3o p\u00fablica e aprimorar a qualidade dos servi\u00e7os oferecidos \u00e0 sociedade. Nesse contexto, surge o Planejamento Estrat\u00e9gico 2024-2031 como uma ferramenta crucial, fornecendo diretrizes [&hellip;]","og_url":"https:\/\/ww16.ce.gov.br\/sefaz\/planejamento-estrategico\/","og_site_name":"SEFAZ","article_modified_time":"2026-02-03T17:14:59+00:00","og_image":[{"url":"http:\/\/ww16.ce.gov.br\/sefaz\/wp-content\/uploads\/sites\/46\/2025\/12\/Mapa_Estrategico_2024-2031-600x338.png","type":"","width":"","height":""}],"twitter_card":"summary_large_image","twitter_misc":{"Est. reading time":"3 minutos"},"schema":{"@context":"https:\/\/schema.org","@graph":[{"@type":"WebPage","@id":"https:\/\/ww16.ce.gov.br\/sefaz\/planejamento-estrategico\/","url":"https:\/\/ww16.ce.gov.br\/sefaz\/planejamento-estrategico\/","name":"Planejamento Estrat\u00e9gico (2024-2031) - SEFAZ","isPartOf":{"@id":"https:\/\/ww16.ce.gov.br\/sefaz\/#website"},"primaryImageOfPage":{"@id":"https:\/\/ww16.ce.gov.br\/sefaz\/planejamento-estrategico\/#primaryimage"},"image":{"@id":"https:\/\/ww16.ce.gov.br\/sefaz\/planejamento-estrategico\/#primaryimage"},"thumbnailUrl":"http:\/\/ww16.ce.gov.br\/sefaz\/wp-content\/uploads\/sites\/46\/2025\/12\/Mapa_Estrategico_2024-2031-600x338.png","datePublished":"2021-08-16T19:23:01+00:00","dateModified":"2026-02-03T17:14:59+00:00","breadcrumb":{"@id":"https:\/\/ww16.ce.gov.br\/sefaz\/planejamento-estrategico\/#breadcrumb"},"inLanguage":"pt-BR","potentialAction":[{"@type":"ReadAction","target":["https:\/\/ww16.ce.gov.br\/sefaz\/planejamento-estrategico\/"]}]},{"@type":"ImageObject","inLanguage":"pt-BR","@id":"https:\/\/ww16.ce.gov.br\/sefaz\/planejamento-estrategico\/#primaryimage","url":"https:\/\/ww16.ce.gov.br\/sefaz\/wp-content\/uploads\/sites\/46\/2025\/12\/Mapa_Estrategico_2024-2031.png","contentUrl":"https:\/\/ww16.ce.gov.br\/sefaz\/wp-content\/uploads\/sites\/46\/2025\/12\/Mapa_Estrategico_2024-2031.png","width":1226,"height":691},{"@type":"BreadcrumbList","@id":"https:\/\/ww16.ce.gov.br\/sefaz\/planejamento-estrategico\/#breadcrumb","itemListElement":[{"@type":"ListItem","position":1,"name":"In\u00edcio","item":"https:\/\/ww16.ce.gov.br\/sefaz\/"},{"@type":"ListItem","position":2,"name":"Planejamento Estrat\u00e9gico (2024-2031)"}]},{"@type":"WebSite","@id":"https:\/\/ww16.ce.gov.br\/sefaz\/#website","url":"https:\/\/ww16.ce.gov.br\/sefaz\/","name":"Secretaria da Fazenda","description":"Portal SEFAZ","publisher":{"@id":"https:\/\/ww16.ce.gov.br\/sefaz\/#organization"},"potentialAction":[{"@type":"SearchAction","target":{"@type":"EntryPoint","urlTemplate":"https:\/\/ww16.ce.gov.br\/sefaz\/?s={search_term_string}"},"query-input":{"@type":"PropertyValueSpecification","valueRequired":true,"valueName":"search_term_string"}}],"inLanguage":"pt-BR"},{"@type":"Organization","@id":"https:\/\/ww16.ce.gov.br\/sefaz\/#organization","name":"Secretaria da Fazenda","url":"https:\/\/ww16.ce.gov.br\/sefaz\/","logo":{"@type":"ImageObject","inLanguage":"pt-BR","@id":"https:\/\/ww16.ce.gov.br\/sefaz\/#\/schema\/logo\/image\/","url":"http:\/\/ww16.ce.gov.br\/sefaz\/wp-content\/uploads\/sites\/61\/2018\/05\/sefaz-clara2.png","contentUrl":"http:\/\/ww16.ce.gov.br\/sefaz\/wp-content\/uploads\/sites\/61\/2018\/05\/sefaz-clara2.png","width":559,"height":106,"caption":"Secretaria da Fazenda"},"image":{"@id":"https:\/\/ww16.ce.gov.br\/sefaz\/#\/schema\/logo\/image\/"}}]}},"_links":{"self":[{"href":"https:\/\/ww16.ce.gov.br\/sefaz\/wp-json\/wp\/v2\/pages\/22997","targetHints":{"allow":["GET"]}}],"collection":[{"href":"https:\/\/ww16.ce.gov.br\/sefaz\/wp-json\/wp\/v2\/pages"}],"about":[{"href":"https:\/\/ww16.ce.gov.br\/sefaz\/wp-json\/wp\/v2\/types\/page"}],"author":[{"embeddable":true,"href":"https:\/\/ww16.ce.gov.br\/sefaz\/wp-json\/wp\/v2\/users\/12"}],"replies":[{"embeddable":true,"href":"https:\/\/ww16.ce.gov.br\/sefaz\/wp-json\/wp\/v2\/comments?post=22997"}],"version-history":[{"count":50,"href":"https:\/\/ww16.ce.gov.br\/sefaz\/wp-json\/wp\/v2\/pages\/22997\/revisions"}],"predecessor-version":[{"id":36461,"href":"https:\/\/ww16.ce.gov.br\/sefaz\/wp-json\/wp\/v2\/pages\/22997\/revisions\/36461"}],"wp:attachment":[{"href":"https:\/\/ww16.ce.gov.br\/sefaz\/wp-json\/wp\/v2\/media?parent=22997"}],"curies":[{"name":"wp","href":"https:\/\/api.w.org\/{rel}","templated":true}]}}