{"id":22648,"date":"2021-07-16T17:20:21","date_gmt":"2021-07-16T20:20:21","guid":{"rendered":"http:\/\/ww16.ce.gov.br\/sefaz\/?page_id=22648"},"modified":"2025-04-07T11:21:59","modified_gmt":"2025-04-07T14:21:59","slug":"notas-tecnicas","status":"publish","type":"page","link":"https:\/\/ww16.ce.gov.br\/sefaz\/notas-tecnicas\/","title":{"rendered":"Notas T\u00e9cnicas"},"content":{"rendered":"<p>&nbsp;<\/p>\n<p><a href=\"https:\/\/ww16.ce.gov.br\/sefaz\/wp-content\/uploads\/sites\/46\/2024\/07\/Nota-Tecnica-CENGE_CENOC-no-01_2024-IRRF-Intermediacao-de-Negocios.pdf\">&#8211; NT n\u00ba 01\/2024 &#8211; IRRF incidente nos Contratos de Intermedia\u00e7\u00e3o de Neg\u00f3cios no \u00e2mbito do Estado do Cear\u00e1<\/a><\/p>\n<p><a href=\"https:\/\/ww16.ce.gov.br\/sefaz\/wp-content\/uploads\/sites\/46\/2025\/04\/Nota-Tecnica-CENGE_CENOC-no-03_2023-Manual-de-Regularidade-Juridica-versao-atualizada.pdf\">&#8211; NT n\u00ba 03\/2023 \u2013 Manual de Regularidade Jur\u00eddica<\/a><br \/>\n<a href=\"https:\/\/ww16.ce.gov.br\/sefaz\/wp-content\/uploads\/sites\/46\/2025\/04\/Nota-Tecnica-CENGE-CENOC-no-02-2023-Manual-de-Regularidade-Fiscal-versao-atualizada.pdf\">&#8211; NT n\u00ba 02\/2023 &#8211; Manual de Regularidade Fiscal<\/a><br \/>\n<a href=\"https:\/\/ww16.ce.gov.br\/sefaz\/wp-content\/uploads\/sites\/46\/2021\/07\/NT03.2021.pdf\">&#8211; NT n\u00ba 03\/2021 &#8211;\u00a0Check-list de procedimentos cont\u00e1beis<\/a><br \/>\n<a href=\"https:\/\/ww16.ce.gov.br\/sefaz\/wp-content\/uploads\/sites\/46\/2021\/08\/NT03.2021.ANEXOS.ods\">Anexos NT n\u00b0 03\/2021 \u2013 Check-list de procedimentos cont\u00e1beis<\/a><br \/>\n<a href=\"https:\/\/ww16.ce.gov.br\/sefaz\/wp-content\/uploads\/sites\/46\/2021\/11\/Nota_Tecnica_CENOC_no_04-2021-2.pdf\">&#8211; NT n\u00ba 04\/2021 \u2013 Regulariza\u00e7\u00e3o das Consigna\u00e7\u00f5es \/ Reten\u00e7\u00f5es Pendentes<\/a><br \/>\n<a href=\"https:\/\/ww16.ce.gov.br\/sefaz\/wp-content\/uploads\/sites\/46\/2020\/08\/Nota_Tecnica_no_03.2020_-_Novo_Fluxo_de_Arrecadacao_e_Recolhimento_Via_DAE.pdf\">&#8211; NT n\u00ba 03\/2020 &#8211; Fluxo de Arrecada\u00e7\u00e3o e Recolhimento via DAE<\/a><\/p>\n","protected":false},"excerpt":{"rendered":"<p>&nbsp; &#8211; NT n\u00ba 01\/2024 &#8211; IRRF incidente nos Contratos de Intermedia\u00e7\u00e3o de Neg\u00f3cios no \u00e2mbito do Estado do Cear\u00e1 &#8211; NT n\u00ba 03\/2023 \u2013 Manual de Regularidade Jur\u00eddica &#8211; NT n\u00ba 02\/2023 &#8211; Manual de Regularidade Fiscal &#8211; NT n\u00ba 03\/2021 &#8211;\u00a0Check-list de procedimentos cont\u00e1beis Anexos NT n\u00b0 03\/2021 \u2013 Check-list de procedimentos cont\u00e1beis [&hellip;]<\/p>\n","protected":false},"author":12,"featured_media":0,"parent":0,"menu_order":0,"comment_status":"closed","ping_status":"closed","template":"","meta":{"_acf_changed":false,"inline_featured_image":false,"footnotes":""},"class_list":["post-22648","page","type-page","status-publish","hentry"],"acf":[],"yoast_head":"<!-- This site is optimized with the Yoast SEO plugin v26.9 - https:\/\/yoast.com\/product\/yoast-seo-wordpress\/ -->\n<title>Notas T\u00e9cnicas - SEFAZ<\/title>\n<meta name=\"robots\" content=\"index, follow, max-snippet:-1, max-image-preview:large, max-video-preview:-1\" \/>\n<link rel=\"canonical\" href=\"https:\/\/ww16.ce.gov.br\/sefaz\/notas-tecnicas\/\" \/>\n<meta property=\"og:locale\" content=\"pt_BR\" \/>\n<meta property=\"og:type\" content=\"article\" \/>\n<meta property=\"og:title\" content=\"Notas T\u00e9cnicas - SEFAZ\" \/>\n<meta property=\"og:description\" content=\"&nbsp; &#8211; NT n\u00ba 01\/2024 &#8211; IRRF incidente nos Contratos de Intermedia\u00e7\u00e3o de Neg\u00f3cios no \u00e2mbito do Estado do Cear\u00e1 &#8211; NT n\u00ba 03\/2023 \u2013 Manual de Regularidade Jur\u00eddica &#8211; NT n\u00ba 02\/2023 &#8211; Manual de Regularidade Fiscal &#8211; NT n\u00ba 03\/2021 &#8211;\u00a0Check-list de procedimentos cont\u00e1beis Anexos NT n\u00b0 03\/2021 \u2013 Check-list de procedimentos cont\u00e1beis [&hellip;]\" \/>\n<meta property=\"og:url\" content=\"https:\/\/ww16.ce.gov.br\/sefaz\/notas-tecnicas\/\" \/>\n<meta property=\"og:site_name\" content=\"SEFAZ\" \/>\n<meta property=\"article:modified_time\" content=\"2025-04-07T14:21:59+00:00\" \/>\n<meta name=\"twitter:card\" content=\"summary_large_image\" \/>\n<meta name=\"twitter:label1\" content=\"Est. reading time\" \/>\n\t<meta name=\"twitter:data1\" content=\"1 minuto\" \/>\n<script type=\"application\/ld+json\" class=\"yoast-schema-graph\">{\"@context\":\"https:\/\/schema.org\",\"@graph\":[{\"@type\":\"WebPage\",\"@id\":\"https:\/\/ww16.ce.gov.br\/sefaz\/notas-tecnicas\/\",\"url\":\"https:\/\/ww16.ce.gov.br\/sefaz\/notas-tecnicas\/\",\"name\":\"Notas T\u00e9cnicas - SEFAZ\",\"isPartOf\":{\"@id\":\"https:\/\/ww16.ce.gov.br\/sefaz\/#website\"},\"datePublished\":\"2021-07-16T20:20:21+00:00\",\"dateModified\":\"2025-04-07T14:21:59+00:00\",\"breadcrumb\":{\"@id\":\"https:\/\/ww16.ce.gov.br\/sefaz\/notas-tecnicas\/#breadcrumb\"},\"inLanguage\":\"pt-BR\",\"potentialAction\":[{\"@type\":\"ReadAction\",\"target\":[\"https:\/\/ww16.ce.gov.br\/sefaz\/notas-tecnicas\/\"]}]},{\"@type\":\"BreadcrumbList\",\"@id\":\"https:\/\/ww16.ce.gov.br\/sefaz\/notas-tecnicas\/#breadcrumb\",\"itemListElement\":[{\"@type\":\"ListItem\",\"position\":1,\"name\":\"In\u00edcio\",\"item\":\"https:\/\/ww16.ce.gov.br\/sefaz\/\"},{\"@type\":\"ListItem\",\"position\":2,\"name\":\"Notas T\u00e9cnicas\"}]},{\"@type\":\"WebSite\",\"@id\":\"https:\/\/ww16.ce.gov.br\/sefaz\/#website\",\"url\":\"https:\/\/ww16.ce.gov.br\/sefaz\/\",\"name\":\"Secretaria da Fazenda\",\"description\":\"Portal SEFAZ\",\"publisher\":{\"@id\":\"https:\/\/ww16.ce.gov.br\/sefaz\/#organization\"},\"potentialAction\":[{\"@type\":\"SearchAction\",\"target\":{\"@type\":\"EntryPoint\",\"urlTemplate\":\"https:\/\/ww16.ce.gov.br\/sefaz\/?s={search_term_string}\"},\"query-input\":{\"@type\":\"PropertyValueSpecification\",\"valueRequired\":true,\"valueName\":\"search_term_string\"}}],\"inLanguage\":\"pt-BR\"},{\"@type\":\"Organization\",\"@id\":\"https:\/\/ww16.ce.gov.br\/sefaz\/#organization\",\"name\":\"Secretaria da Fazenda\",\"url\":\"https:\/\/ww16.ce.gov.br\/sefaz\/\",\"logo\":{\"@type\":\"ImageObject\",\"inLanguage\":\"pt-BR\",\"@id\":\"https:\/\/ww16.ce.gov.br\/sefaz\/#\/schema\/logo\/image\/\",\"url\":\"http:\/\/ww16.ce.gov.br\/sefaz\/wp-content\/uploads\/sites\/61\/2018\/05\/sefaz-clara2.png\",\"contentUrl\":\"http:\/\/ww16.ce.gov.br\/sefaz\/wp-content\/uploads\/sites\/61\/2018\/05\/sefaz-clara2.png\",\"width\":559,\"height\":106,\"caption\":\"Secretaria da Fazenda\"},\"image\":{\"@id\":\"https:\/\/ww16.ce.gov.br\/sefaz\/#\/schema\/logo\/image\/\"}}]}<\/script>\n<!-- \/ Yoast SEO plugin. -->","yoast_head_json":{"title":"Notas T\u00e9cnicas - SEFAZ","robots":{"index":"index","follow":"follow","max-snippet":"max-snippet:-1","max-image-preview":"max-image-preview:large","max-video-preview":"max-video-preview:-1"},"canonical":"https:\/\/ww16.ce.gov.br\/sefaz\/notas-tecnicas\/","og_locale":"pt_BR","og_type":"article","og_title":"Notas T\u00e9cnicas - SEFAZ","og_description":"&nbsp; &#8211; NT n\u00ba 01\/2024 &#8211; IRRF incidente nos Contratos de Intermedia\u00e7\u00e3o de Neg\u00f3cios no \u00e2mbito do Estado do Cear\u00e1 &#8211; NT n\u00ba 03\/2023 \u2013 Manual de Regularidade Jur\u00eddica &#8211; NT n\u00ba 02\/2023 &#8211; Manual de Regularidade Fiscal &#8211; NT n\u00ba 03\/2021 &#8211;\u00a0Check-list de procedimentos cont\u00e1beis Anexos NT n\u00b0 03\/2021 \u2013 Check-list de procedimentos cont\u00e1beis [&hellip;]","og_url":"https:\/\/ww16.ce.gov.br\/sefaz\/notas-tecnicas\/","og_site_name":"SEFAZ","article_modified_time":"2025-04-07T14:21:59+00:00","twitter_card":"summary_large_image","twitter_misc":{"Est. reading time":"1 minuto"},"schema":{"@context":"https:\/\/schema.org","@graph":[{"@type":"WebPage","@id":"https:\/\/ww16.ce.gov.br\/sefaz\/notas-tecnicas\/","url":"https:\/\/ww16.ce.gov.br\/sefaz\/notas-tecnicas\/","name":"Notas T\u00e9cnicas - SEFAZ","isPartOf":{"@id":"https:\/\/ww16.ce.gov.br\/sefaz\/#website"},"datePublished":"2021-07-16T20:20:21+00:00","dateModified":"2025-04-07T14:21:59+00:00","breadcrumb":{"@id":"https:\/\/ww16.ce.gov.br\/sefaz\/notas-tecnicas\/#breadcrumb"},"inLanguage":"pt-BR","potentialAction":[{"@type":"ReadAction","target":["https:\/\/ww16.ce.gov.br\/sefaz\/notas-tecnicas\/"]}]},{"@type":"BreadcrumbList","@id":"https:\/\/ww16.ce.gov.br\/sefaz\/notas-tecnicas\/#breadcrumb","itemListElement":[{"@type":"ListItem","position":1,"name":"In\u00edcio","item":"https:\/\/ww16.ce.gov.br\/sefaz\/"},{"@type":"ListItem","position":2,"name":"Notas T\u00e9cnicas"}]},{"@type":"WebSite","@id":"https:\/\/ww16.ce.gov.br\/sefaz\/#website","url":"https:\/\/ww16.ce.gov.br\/sefaz\/","name":"Secretaria da Fazenda","description":"Portal SEFAZ","publisher":{"@id":"https:\/\/ww16.ce.gov.br\/sefaz\/#organization"},"potentialAction":[{"@type":"SearchAction","target":{"@type":"EntryPoint","urlTemplate":"https:\/\/ww16.ce.gov.br\/sefaz\/?s={search_term_string}"},"query-input":{"@type":"PropertyValueSpecification","valueRequired":true,"valueName":"search_term_string"}}],"inLanguage":"pt-BR"},{"@type":"Organization","@id":"https:\/\/ww16.ce.gov.br\/sefaz\/#organization","name":"Secretaria da Fazenda","url":"https:\/\/ww16.ce.gov.br\/sefaz\/","logo":{"@type":"ImageObject","inLanguage":"pt-BR","@id":"https:\/\/ww16.ce.gov.br\/sefaz\/#\/schema\/logo\/image\/","url":"http:\/\/ww16.ce.gov.br\/sefaz\/wp-content\/uploads\/sites\/61\/2018\/05\/sefaz-clara2.png","contentUrl":"http:\/\/ww16.ce.gov.br\/sefaz\/wp-content\/uploads\/sites\/61\/2018\/05\/sefaz-clara2.png","width":559,"height":106,"caption":"Secretaria da Fazenda"},"image":{"@id":"https:\/\/ww16.ce.gov.br\/sefaz\/#\/schema\/logo\/image\/"}}]}},"_links":{"self":[{"href":"https:\/\/ww16.ce.gov.br\/sefaz\/wp-json\/wp\/v2\/pages\/22648","targetHints":{"allow":["GET"]}}],"collection":[{"href":"https:\/\/ww16.ce.gov.br\/sefaz\/wp-json\/wp\/v2\/pages"}],"about":[{"href":"https:\/\/ww16.ce.gov.br\/sefaz\/wp-json\/wp\/v2\/types\/page"}],"author":[{"embeddable":true,"href":"https:\/\/ww16.ce.gov.br\/sefaz\/wp-json\/wp\/v2\/users\/12"}],"replies":[{"embeddable":true,"href":"https:\/\/ww16.ce.gov.br\/sefaz\/wp-json\/wp\/v2\/comments?post=22648"}],"version-history":[{"count":20,"href":"https:\/\/ww16.ce.gov.br\/sefaz\/wp-json\/wp\/v2\/pages\/22648\/revisions"}],"predecessor-version":[{"id":33937,"href":"https:\/\/ww16.ce.gov.br\/sefaz\/wp-json\/wp\/v2\/pages\/22648\/revisions\/33937"}],"wp:attachment":[{"href":"https:\/\/ww16.ce.gov.br\/sefaz\/wp-json\/wp\/v2\/media?parent=22648"}],"curies":[{"name":"wp","href":"https:\/\/api.w.org\/{rel}","templated":true}]}}