{"id":17970,"date":"2020-03-10T09:45:57","date_gmt":"2020-03-10T12:45:57","guid":{"rendered":"http:\/\/ww16.ce.gov.br\/sefaz\/?page_id=17970"},"modified":"2026-01-22T11:36:20","modified_gmt":"2026-01-22T14:36:20","slug":"boletim-de-arrecadacao","status":"publish","type":"page","link":"https:\/\/ww16.ce.gov.br\/sefaz\/boletim-de-arrecadacao\/","title":{"rendered":"Boletim de Arrecada\u00e7\u00e3o"},"content":{"rendered":"<h3><strong>2025<\/strong><\/h3>\n<h4><a href=\"https:\/\/ww16.ce.gov.br\/sefaz\/wp-content\/uploads\/sites\/46\/2020\/08\/202511_BOLETIM_DA_ARRECADACAO_NOV25.pdf\">&#8211; Novembro<\/a><\/h4>\n<h4><a href=\"https:\/\/ww16.ce.gov.br\/sefaz\/wp-content\/uploads\/sites\/46\/2025\/12\/202510_BOLETIM_DA_ARRECADACAO_OUT25.pdf\">&#8211; Outubro\u00a0<\/a><\/h4>\n<h4><a href=\"https:\/\/ww16.ce.gov.br\/sefaz\/wp-content\/uploads\/sites\/46\/2025\/12\/202509_BOLETIM_DA_ARRECADACAO_SET25.pdf\">&#8211; Setembro<\/a><\/h4>\n<h4><a href=\"https:\/\/ww16.ce.gov.br\/sefaz\/wp-content\/uploads\/sites\/46\/2025\/11\/202508_BOLETIM_DA_ARRECADACAO_AGO25.pdf\">&#8211; Agosto\u00a0<\/a><\/h4>\n<h4><a href=\"https:\/\/ww16.ce.gov.br\/sefaz\/wp-content\/uploads\/sites\/46\/2025\/10\/202507_BOLETIM_DA_ARRECADACAO_JUl25.pdf\">&#8211; Julho<\/a><\/h4>\n<h4><a href=\"https:\/\/ww16.ce.gov.br\/sefaz\/wp-content\/uploads\/sites\/46\/2020\/08\/202506_BOLETIM_DA_ARRECADACAO_JUN25.pdf\">&#8211; Junho<\/a><\/h4>\n<h4><a href=\"https:\/\/ww16.ce.gov.br\/sefaz\/wp-content\/uploads\/sites\/46\/2025\/08\/202505_BOLETIM_DA_ARRECADACAO_MAI25.pdf\">&#8211; Maio<\/a><\/h4>\n<h4><a href=\"https:\/\/ww16.ce.gov.br\/sefaz\/wp-content\/uploads\/sites\/46\/2020\/08\/202504_BOLETIM_DA_ARRECADACAO_ABR25.pdf\">&#8211; Abril\u00a0<\/a><\/h4>\n<h4><a href=\"https:\/\/ww16.ce.gov.br\/sefaz\/wp-content\/uploads\/sites\/46\/2025\/05\/202503_BOLETIM-DA-ARRECADACAO-MAR25.pdf\">&#8211; Mar\u00e7o<\/a><\/h4>\n<h4><a href=\"https:\/\/ww16.ce.gov.br\/sefaz\/wp-content\/uploads\/sites\/46\/2025\/05\/202502_BOLETIM_DA_ARRECADACAO_FEV25-1.pdf\">&#8211; Fevereiro<\/a><\/h4>\n<h4><a href=\"https:\/\/ww16.ce.gov.br\/sefaz\/wp-content\/uploads\/sites\/46\/2025\/05\/202501_BOLETIM_DA_ARRECADACAO_JAN25-1.pdf\">&#8211; Janeiro<\/a><\/h4>\n<p>&nbsp;<\/p>\n<h3><strong>2024<\/strong><\/h3>\n<h4><a href=\"https:\/\/ww16.ce.gov.br\/sefaz\/wp-content\/uploads\/sites\/46\/2025\/02\/202412_BOLETIM_DA_ARRECADACAO_DEZ24.pdf\">&#8211; Dezembro\u00a0<\/a><\/h4>\n<h4><a href=\"https:\/\/ww16.ce.gov.br\/sefaz\/wp-content\/uploads\/sites\/46\/2025\/01\/202411_BOLETIM_DA_ARRECADACAO_NOV24.pdf\">&#8211; Novembro<\/a><\/h4>\n<h4><a href=\"https:\/\/ww16.ce.gov.br\/sefaz\/wp-content\/uploads\/sites\/46\/2024\/12\/202410_BOLETIM_DA_ARRECADACAO_OUT24.pdf\">&#8211; Outubro<\/a><\/h4>\n<h4><a href=\"https:\/\/ww16.ce.gov.br\/sefaz\/wp-content\/uploads\/sites\/46\/2024\/11\/202409_BOLETIM_DA_ARRECADACAO_SET24.pdf\">&#8211; Setembro<\/a><\/h4>\n<h4><a href=\"https:\/\/ww16.ce.gov.br\/sefaz\/wp-content\/uploads\/sites\/46\/2024\/10\/202408_BOLETIM_DA_ARRECADACAO_AGO24.pdf\">&#8211; Agosto<\/a><\/h4>\n<h4><a href=\"https:\/\/ww16.ce.gov.br\/sefaz\/wp-content\/uploads\/sites\/46\/2024\/09\/202407_BOLETIM-DA-ARRECADACAO-JUL24.pdf\">&#8211; Julho\u00a0<\/a><\/h4>\n<h4><a href=\"https:\/\/ww16.ce.gov.br\/sefaz\/wp-content\/uploads\/sites\/46\/2024\/08\/202406_BOLETIM_DA_ARRECADACAO_JUN24.pdf\">&#8211; Junho\u00a0<\/a><\/h4>\n<h4><a href=\"https:\/\/ww16.ce.gov.br\/sefaz\/wp-content\/uploads\/sites\/46\/2024\/07\/202405_BOLETIM_DA_ARRECADACAO_MAI24.pdf\">&#8211; Maio\u00a0<\/a><\/h4>\n<h4><a href=\"https:\/\/ww16.ce.gov.br\/sefaz\/wp-content\/uploads\/sites\/46\/2024\/06\/202404_BOLETIM_DA_ARRECADACAO_ABR24.pdf\">&#8211; Abril<\/a><\/h4>\n<h4><a href=\"https:\/\/ww16.ce.gov.br\/sefaz\/wp-content\/uploads\/sites\/46\/2024\/06\/202403_BOLETIM_DA_ARRECADACAO_MAR24_V2_-_com_segmentos.pdf\"><strong>&#8211;<\/strong> Mar\u00e7o<\/a><\/h4>\n<h4><a href=\"https:\/\/ww16.ce.gov.br\/sefaz\/wp-content\/uploads\/sites\/46\/2024\/06\/202402_BOLETIM_DA_ARRECADACAO_FEV24_V2_-_com_segmentos.pdf\">&#8211; Fevereiro<\/a><\/h4>\n<h4><a href=\"https:\/\/ww16.ce.gov.br\/sefaz\/wp-content\/uploads\/sites\/46\/2024\/06\/202401_BOLETIM_DA_ARRECADACAO_JAN24_-_V2_com_segmentos.pdf\">&#8211; Janeiro<\/a><\/h4>\n<p>&nbsp;<\/p>\n<h3><strong>2023<\/strong><\/h3>\n<h4><a href=\"https:\/\/ww16.ce.gov.br\/sefaz\/wp-content\/uploads\/sites\/46\/2024\/02\/202312_BOLETIM_DA_ARRECADACAO_DEZ23_v2.pdf\">&#8211; Dezembro\u00a0<\/a><\/h4>\n<h4><a href=\"https:\/\/ww16.ce.gov.br\/sefaz\/wp-content\/uploads\/sites\/46\/2024\/01\/BOLETIM_DA_ARRECADACAO_NOV23.pdf\">&#8211; Novembro<\/a><\/h4>\n<h4><a href=\"https:\/\/ww16.ce.gov.br\/sefaz\/wp-content\/uploads\/sites\/46\/2023\/12\/202310_BOLETIM_DA_ARRECADACAO_OUT23.pdf\">&#8211; Outubro<\/a><\/h4>\n<h4><a href=\"https:\/\/ww16.ce.gov.br\/sefaz\/wp-content\/uploads\/sites\/46\/2023\/11\/202309_BOLETIM_DA_ARRECADACAO_SET23.pdf\">&#8211; Setembro<\/a><\/h4>\n<h4><a href=\"https:\/\/ww16.ce.gov.br\/sefaz\/wp-content\/uploads\/sites\/46\/2020\/08\/202308_BOLETIM_DA_ARRECADACAO_AGO23.pdf\">&#8211; Agosto<\/a><\/h4>\n<h4><a href=\"https:\/\/ww16.ce.gov.br\/sefaz\/wp-content\/uploads\/sites\/46\/2020\/08\/202306_BOLETIM_DA_ARRECADACAO_JUL23.pdf\">&#8211; Julho<\/a><\/h4>\n<h4><a href=\"https:\/\/ww16.ce.gov.br\/sefaz\/wp-content\/uploads\/sites\/46\/2023\/07\/BOLETIM_DA_ARRECADACAO_JUN23.pdf\">&#8211; Junho<\/a><\/h4>\n<h4><a href=\"https:\/\/ww16.ce.gov.br\/sefaz\/wp-content\/uploads\/sites\/46\/2020\/08\/202305_BOLETIM_DA_ARRECADACAO_MAI23.pdf\">&#8211; Maio<\/a><\/h4>\n<h4><a href=\"https:\/\/ww16.ce.gov.br\/sefaz\/wp-content\/uploads\/sites\/46\/2020\/08\/202304_BOLETIM_DA_ARRECADACAO_ABR23_3.pdf\">&#8211; Abril<\/a><\/h4>\n<h4><a href=\"https:\/\/ww16.ce.gov.br\/sefaz\/wp-content\/uploads\/sites\/46\/2023\/05\/BOLETIM-DA-ARRECADACAO-MAR23.pdf\">&#8211; Mar\u00e7o<\/a><\/h4>\n<h4><a href=\"https:\/\/ww16.ce.gov.br\/sefaz\/wp-content\/uploads\/sites\/46\/2020\/08\/BOLETIM-DA-ARRECADACAO-FEV23.pdf\">&#8211; Fevereiro<\/a><\/h4>\n<h4><a href=\"https:\/\/ww16.ce.gov.br\/sefaz\/wp-content\/uploads\/sites\/46\/2020\/08\/202301_BOLETIM-DA-ARRECADACAO-JAN23.pdf\">&#8211; Janeiro<\/a><\/h4>\n<p>&nbsp;<\/p>\n<h3><strong>2022<\/strong><\/h3>\n<h4><a href=\"https:\/\/ww16.ce.gov.br\/sefaz\/wp-content\/uploads\/sites\/46\/2023\/02\/202212_BOLETIM-DA-ARRECADACAO-DEZ22.pdf\">&#8211; Dezembro<\/a><\/h4>\n<h4><a href=\"https:\/\/ww16.ce.gov.br\/sefaz\/wp-content\/uploads\/sites\/46\/2020\/08\/202211_BOLETIM-DA-ARRECADACAO-NOV22-4.pdf\">&#8211; Novembro\u00a0<\/a><\/h4>\n<h4><a href=\"https:\/\/ww16.ce.gov.br\/sefaz\/wp-content\/uploads\/sites\/46\/2020\/08\/202210_BOLETIM-DA-ARRECADACAO-OUT22.pdf\">&#8211; Outubro<\/a><\/h4>\n<h4><a href=\"https:\/\/ww16.ce.gov.br\/sefaz\/wp-content\/uploads\/sites\/46\/2020\/08\/BOLETIM-DA-ARRECADA__O-SET22-2.pdf\">&#8211; Setembro<\/a><\/h4>\n<h4><a href=\"https:\/\/ww16.ce.gov.br\/sefaz\/wp-content\/uploads\/sites\/46\/2020\/08\/202208_BOLETIM-DA-ARRECADACAO-AGO22.pdf\">&#8211; Agosto<\/a><\/h4>\n<h4><a href=\"https:\/\/ww16.ce.gov.br\/sefaz\/wp-content\/uploads\/sites\/46\/2022\/08\/202207_BOLETIM-DA-ARRECADACAO-JUL22.pdf\">&#8211; Julho\u00a0<\/a><\/h4>\n<h4><strong><a href=\"https:\/\/ww16.ce.gov.br\/sefaz\/wp-content\/uploads\/sites\/46\/2020\/08\/202206_BOLETIM-DA-ARRECADACAO-JUN22.pdf\">&#8211; Junho<\/a><\/strong><\/h4>\n<h4><a href=\"https:\/\/ww16.ce.gov.br\/sefaz\/wp-content\/uploads\/sites\/46\/2020\/08\/202205_BOLETIM-DA-ARRECADACAO-MAI22.pdf\">&#8211; Maio<\/a><\/h4>\n<h4><a href=\"https:\/\/ww16.ce.gov.br\/sefaz\/wp-content\/uploads\/sites\/46\/2020\/08\/202204_BOLETIM-DA-ARRECADACAO-ABR22.pdf\">&#8211; Abril<\/a><\/h4>\n<h4><a href=\"https:\/\/ww16.ce.gov.br\/sefaz\/wp-content\/uploads\/sites\/46\/2020\/08\/202203_BOLETIM-DA-ARRECADACAO-MAR22.pdf\">&#8211; Mar\u00e7o<\/a><\/h4>\n<h4><a href=\"https:\/\/ww16.ce.gov.br\/sefaz\/wp-content\/uploads\/sites\/46\/2020\/08\/BOLETIM-DA-ARRECADACAO-fev22-final-1.pdf\">&#8211; Fevereiro<\/a><\/h4>\n<h4><a href=\"https:\/\/ww16.ce.gov.br\/sefaz\/wp-content\/uploads\/sites\/46\/2020\/08\/BOLETIM-DA-ARRECADACAO-jan2022.pdf\">&#8211; Janeiro<\/a><\/h4>\n<p>&nbsp;<\/p>\n<h3><strong>2021<\/strong><\/h3>\n<h4><a href=\"https:\/\/ww16.ce.gov.br\/sefaz\/wp-content\/uploads\/sites\/46\/2022\/01\/BOLETIM-DA-ARRECADACAO-DEZEMBRO21-V2.pdf\">&#8211; Dezembro<\/a><\/h4>\n<h4><a href=\"https:\/\/ww16.ce.gov.br\/sefaz\/wp-content\/uploads\/sites\/46\/2021\/12\/BOLETIM-DA-ARRECADACAO-NOVEMBRO21.pdf\">&#8211; Novembro<\/a><\/h4>\n<h4><a href=\"https:\/\/ww16.ce.gov.br\/sefaz\/wp-content\/uploads\/sites\/46\/2020\/08\/BOLETIM-DA-ARRECADACAO-OUTUBRO21.pdf\">&#8211; Outubro<\/a><\/h4>\n<h4><a href=\"https:\/\/ww16.ce.gov.br\/sefaz\/wp-content\/uploads\/sites\/46\/2020\/08\/BOLETIM_DA_ARRECADACAO_-_SETEMBRO21.pdf\">&#8211; Setembro<\/a><\/h4>\n<h4><a href=\"https:\/\/ww16.ce.gov.br\/sefaz\/wp-content\/uploads\/sites\/46\/2021\/09\/202108-BOLETIM-DA-ARRECADACAO-AGOSTO21.pdf\">&#8211; Agosto<\/a><\/h4>\n<h4><a href=\"https:\/\/ww16.ce.gov.br\/sefaz\/wp-content\/uploads\/sites\/46\/2021\/08\/BOLETIM-DA-ARRECADACAO-JULHO21.pdf\">&#8211; Julho<\/a><\/h4>\n<h4><a href=\"https:\/\/ww16.ce.gov.br\/sefaz\/wp-content\/uploads\/sites\/46\/2021\/08\/BOLETIM-DA-ARRECADACAO-JUNHO21.pdf\">&#8211; Junho<\/a><\/h4>\n<h4><a href=\"https:\/\/ww16.ce.gov.br\/sefaz\/wp-content\/uploads\/sites\/46\/2020\/08\/BOLETIM-DA-ARRECADACAO-MAIO21.pdf\">&#8211; Maio<\/a><\/h4>\n<h4><a href=\"https:\/\/ww16.ce.gov.br\/sefaz\/wp-content\/uploads\/sites\/46\/2020\/08\/BOLETIM-DA-ARRECADACAO-ABRIL21-1.pdf\">&#8211; Abril<\/a><\/h4>\n<h4>&#8211; <a href=\"https:\/\/ww16.ce.gov.br\/sefaz\/wp-content\/uploads\/sites\/46\/2020\/08\/BOLETIM-DA-ARRECADACAO-MARCO.pdf\">Mar\u00e7o<\/a><\/h4>\n<h4><a href=\"https:\/\/ww16.ce.gov.br\/sefaz\/wp-content\/uploads\/sites\/46\/2021\/04\/BOLETIM-DA-ARRECADACAO-FEVEREIRO.pdf\">&#8211; Fevereiro<\/a><\/h4>\n<h4>&#8211; <a href=\"https:\/\/ww16.ce.gov.br\/sefaz\/wp-content\/uploads\/sites\/46\/2020\/08\/BOLETIM-DA-ARRECADACAO-JANEIRO-1.pdf\">Janeiro<\/a><\/h4>\n<h3><\/h3>\n<p>&nbsp;<\/p>\n<h3><strong>2020<\/strong><\/h3>\n<h4><a href=\"https:\/\/ww16.ce.gov.br\/sefaz\/wp-content\/uploads\/sites\/46\/2021\/01\/BOLETIM-DA-ARRECADACAO-DEZEMBRO-VERSAO-FINAL.pdf\">&#8211; Dezembro<\/a><\/h4>\n<h4><a href=\"https:\/\/ww16.ce.gov.br\/sefaz\/wp-content\/uploads\/sites\/46\/2020\/08\/BOLETIM-DA-ARRECADACAO-NOVEMBRO.pdf\">&#8211; Novembro<\/a><\/h4>\n<h4>&#8211; <a href=\"https:\/\/ww16.ce.gov.br\/sefaz\/wp-content\/uploads\/sites\/46\/2020\/08\/BOLETIM-DA-ARRECADACAO-OUTUBRO.pdf\">Outubro<\/a><\/h4>\n<h4><a href=\"https:\/\/ww16.ce.gov.br\/sefaz\/wp-content\/uploads\/sites\/46\/2020\/10\/BOLETIM-DA-ARRECADA\u00c7\u00c3O-SETEMBRO201.pdf\">&#8211; Setembro<\/a><\/h4>\n<h4>&#8211; <a href=\"https:\/\/ww16.ce.gov.br\/sefaz\/wp-content\/uploads\/sites\/46\/2020\/08\/BOLETIM-DA-ARRECADA\u00c7\u00c3O-AGOSTO20.pdf\">Agosto<\/a><\/h4>\n<h4>&#8211; <a href=\"https:\/\/ww16.ce.gov.br\/sefaz\/wp-content\/uploads\/sites\/46\/2020\/08\/BOLETIM-DA-ARRECADA\u00c7\u00c3O-JULHO20.pdf\">Julho<\/a><\/h4>\n<h4><a href=\"https:\/\/ww16.ce.gov.br\/sefaz\/wp-content\/uploads\/sites\/46\/2020\/07\/VERS\u00c3O-FINAL-BOLETIM-DA-ARRECADA\u00c7\u00c3O-JUNHO20.pdf\">&#8211; Junho<\/a><\/h4>\n<h4><a href=\"https:\/\/ww16.ce.gov.br\/sefaz\/wp-content\/uploads\/sites\/46\/2018\/12\/BOLETIM-DA-ARRECADA\u00c7\u00c3O-MAIO20.pdf\">&#8211; Maio<\/a><\/h4>\n<h4>&#8211; <a href=\"https:\/\/ww16.ce.gov.br\/sefaz\/wp-content\/uploads\/sites\/46\/2018\/12\/BOLETIM-DA-ARRECADAC\u0327A\u0303O-ABRIL20.pdf\">Abril<\/a><\/h4>\n<h4>&#8211; <a href=\"https:\/\/ww16.ce.gov.br\/sefaz\/wp-content\/uploads\/sites\/46\/2018\/12\/Boletim-da-arrecada\u00e7\u00e3o-MAR20.pdf\">Mar\u00e7o<\/a><\/h4>\n<h4>&#8211; <a href=\"https:\/\/ww16.ce.gov.br\/sefaz\/wp-content\/uploads\/sites\/46\/2018\/12\/Boletim-da-arrecada\u00e7\u00e3o-FEV20-1.pdf\">Fevereiro<\/a><\/h4>\n<h4>&#8211; <a href=\"https:\/\/ww16.ce.gov.br\/sefaz\/wp-content\/uploads\/sites\/46\/2018\/12\/Boletim-da-arrecada\u00e7\u00e3o-jan20.atualizado.pdf\">Janeiro<\/a><\/h4>\n<h3><\/h3>\n<p>&nbsp;<\/p>\n<h3><strong>2019<\/strong><\/h3>\n<h4>&#8211; <a href=\"https:\/\/ww16.ce.gov.br\/sefaz\/wp-content\/uploads\/sites\/46\/2018\/12\/Boletim-da-arrecada\u00e7\u00e3o-dez19_APROVADO-1.pdf\">Dezembro<\/a><\/h4>\n","protected":false},"excerpt":{"rendered":"<p>2025 &#8211; Novembro &#8211; Outubro\u00a0 &#8211; Setembro &#8211; Agosto\u00a0 &#8211; Julho &#8211; Junho &#8211; Maio &#8211; Abril\u00a0 &#8211; Mar\u00e7o &#8211; Fevereiro &#8211; Janeiro &nbsp; 2024 &#8211; Dezembro\u00a0 &#8211; Novembro &#8211; Outubro &#8211; Setembro &#8211; Agosto &#8211; Julho\u00a0 &#8211; Junho\u00a0 &#8211; Maio\u00a0 &#8211; Abril &#8211; Mar\u00e7o &#8211; Fevereiro &#8211; Janeiro &nbsp; 2023 &#8211; Dezembro\u00a0 &#8211; Novembro [&hellip;]<\/p>\n","protected":false},"author":12,"featured_media":0,"parent":0,"menu_order":0,"comment_status":"closed","ping_status":"closed","template":"","meta":{"_acf_changed":false,"inline_featured_image":false,"footnotes":""},"class_list":["post-17970","page","type-page","status-publish","hentry"],"acf":[],"yoast_head":"<!-- This site is optimized with the Yoast SEO plugin v26.9 - https:\/\/yoast.com\/product\/yoast-seo-wordpress\/ -->\n<title>Boletim de Arrecada\u00e7\u00e3o - SEFAZ<\/title>\n<meta name=\"robots\" content=\"index, follow, max-snippet:-1, max-image-preview:large, max-video-preview:-1\" \/>\n<link rel=\"canonical\" href=\"https:\/\/ww16.ce.gov.br\/sefaz\/boletim-de-arrecadacao\/\" \/>\n<meta property=\"og:locale\" content=\"pt_BR\" \/>\n<meta property=\"og:type\" content=\"article\" \/>\n<meta property=\"og:title\" content=\"Boletim de Arrecada\u00e7\u00e3o - SEFAZ\" \/>\n<meta property=\"og:description\" content=\"2025 &#8211; Novembro &#8211; Outubro\u00a0 &#8211; Setembro &#8211; Agosto\u00a0 &#8211; Julho &#8211; Junho &#8211; Maio &#8211; Abril\u00a0 &#8211; Mar\u00e7o &#8211; Fevereiro &#8211; Janeiro &nbsp; 2024 &#8211; Dezembro\u00a0 &#8211; Novembro &#8211; Outubro &#8211; Setembro &#8211; Agosto &#8211; Julho\u00a0 &#8211; Junho\u00a0 &#8211; Maio\u00a0 &#8211; Abril &#8211; Mar\u00e7o &#8211; Fevereiro &#8211; Janeiro &nbsp; 2023 &#8211; Dezembro\u00a0 &#8211; Novembro [&hellip;]\" \/>\n<meta property=\"og:url\" content=\"https:\/\/ww16.ce.gov.br\/sefaz\/boletim-de-arrecadacao\/\" \/>\n<meta property=\"og:site_name\" content=\"SEFAZ\" \/>\n<meta property=\"article:modified_time\" content=\"2026-01-22T14:36:20+00:00\" \/>\n<meta name=\"twitter:card\" content=\"summary_large_image\" \/>\n<meta name=\"twitter:label1\" content=\"Est. reading time\" \/>\n\t<meta name=\"twitter:data1\" content=\"1 minuto\" \/>\n<script type=\"application\/ld+json\" class=\"yoast-schema-graph\">{\"@context\":\"https:\/\/schema.org\",\"@graph\":[{\"@type\":\"WebPage\",\"@id\":\"https:\/\/ww16.ce.gov.br\/sefaz\/boletim-de-arrecadacao\/\",\"url\":\"https:\/\/ww16.ce.gov.br\/sefaz\/boletim-de-arrecadacao\/\",\"name\":\"Boletim de Arrecada\u00e7\u00e3o - SEFAZ\",\"isPartOf\":{\"@id\":\"https:\/\/ww16.ce.gov.br\/sefaz\/#website\"},\"datePublished\":\"2020-03-10T12:45:57+00:00\",\"dateModified\":\"2026-01-22T14:36:20+00:00\",\"breadcrumb\":{\"@id\":\"https:\/\/ww16.ce.gov.br\/sefaz\/boletim-de-arrecadacao\/#breadcrumb\"},\"inLanguage\":\"pt-BR\",\"potentialAction\":[{\"@type\":\"ReadAction\",\"target\":[\"https:\/\/ww16.ce.gov.br\/sefaz\/boletim-de-arrecadacao\/\"]}]},{\"@type\":\"BreadcrumbList\",\"@id\":\"https:\/\/ww16.ce.gov.br\/sefaz\/boletim-de-arrecadacao\/#breadcrumb\",\"itemListElement\":[{\"@type\":\"ListItem\",\"position\":1,\"name\":\"In\u00edcio\",\"item\":\"https:\/\/ww16.ce.gov.br\/sefaz\/\"},{\"@type\":\"ListItem\",\"position\":2,\"name\":\"Boletim de Arrecada\u00e7\u00e3o\"}]},{\"@type\":\"WebSite\",\"@id\":\"https:\/\/ww16.ce.gov.br\/sefaz\/#website\",\"url\":\"https:\/\/ww16.ce.gov.br\/sefaz\/\",\"name\":\"Secretaria da Fazenda\",\"description\":\"Portal SEFAZ\",\"publisher\":{\"@id\":\"https:\/\/ww16.ce.gov.br\/sefaz\/#organization\"},\"potentialAction\":[{\"@type\":\"SearchAction\",\"target\":{\"@type\":\"EntryPoint\",\"urlTemplate\":\"https:\/\/ww16.ce.gov.br\/sefaz\/?s={search_term_string}\"},\"query-input\":{\"@type\":\"PropertyValueSpecification\",\"valueRequired\":true,\"valueName\":\"search_term_string\"}}],\"inLanguage\":\"pt-BR\"},{\"@type\":\"Organization\",\"@id\":\"https:\/\/ww16.ce.gov.br\/sefaz\/#organization\",\"name\":\"Secretaria da Fazenda\",\"url\":\"https:\/\/ww16.ce.gov.br\/sefaz\/\",\"logo\":{\"@type\":\"ImageObject\",\"inLanguage\":\"pt-BR\",\"@id\":\"https:\/\/ww16.ce.gov.br\/sefaz\/#\/schema\/logo\/image\/\",\"url\":\"http:\/\/ww16.ce.gov.br\/sefaz\/wp-content\/uploads\/sites\/61\/2018\/05\/sefaz-clara2.png\",\"contentUrl\":\"http:\/\/ww16.ce.gov.br\/sefaz\/wp-content\/uploads\/sites\/61\/2018\/05\/sefaz-clara2.png\",\"width\":559,\"height\":106,\"caption\":\"Secretaria da Fazenda\"},\"image\":{\"@id\":\"https:\/\/ww16.ce.gov.br\/sefaz\/#\/schema\/logo\/image\/\"}}]}<\/script>\n<!-- \/ Yoast SEO plugin. -->","yoast_head_json":{"title":"Boletim de Arrecada\u00e7\u00e3o - SEFAZ","robots":{"index":"index","follow":"follow","max-snippet":"max-snippet:-1","max-image-preview":"max-image-preview:large","max-video-preview":"max-video-preview:-1"},"canonical":"https:\/\/ww16.ce.gov.br\/sefaz\/boletim-de-arrecadacao\/","og_locale":"pt_BR","og_type":"article","og_title":"Boletim de Arrecada\u00e7\u00e3o - SEFAZ","og_description":"2025 &#8211; Novembro &#8211; Outubro\u00a0 &#8211; Setembro &#8211; Agosto\u00a0 &#8211; Julho &#8211; Junho &#8211; Maio &#8211; Abril\u00a0 &#8211; Mar\u00e7o &#8211; Fevereiro &#8211; Janeiro &nbsp; 2024 &#8211; Dezembro\u00a0 &#8211; Novembro &#8211; Outubro &#8211; Setembro &#8211; Agosto &#8211; Julho\u00a0 &#8211; Junho\u00a0 &#8211; Maio\u00a0 &#8211; Abril &#8211; Mar\u00e7o &#8211; Fevereiro &#8211; Janeiro &nbsp; 2023 &#8211; Dezembro\u00a0 &#8211; Novembro [&hellip;]","og_url":"https:\/\/ww16.ce.gov.br\/sefaz\/boletim-de-arrecadacao\/","og_site_name":"SEFAZ","article_modified_time":"2026-01-22T14:36:20+00:00","twitter_card":"summary_large_image","twitter_misc":{"Est. reading time":"1 minuto"},"schema":{"@context":"https:\/\/schema.org","@graph":[{"@type":"WebPage","@id":"https:\/\/ww16.ce.gov.br\/sefaz\/boletim-de-arrecadacao\/","url":"https:\/\/ww16.ce.gov.br\/sefaz\/boletim-de-arrecadacao\/","name":"Boletim de Arrecada\u00e7\u00e3o - SEFAZ","isPartOf":{"@id":"https:\/\/ww16.ce.gov.br\/sefaz\/#website"},"datePublished":"2020-03-10T12:45:57+00:00","dateModified":"2026-01-22T14:36:20+00:00","breadcrumb":{"@id":"https:\/\/ww16.ce.gov.br\/sefaz\/boletim-de-arrecadacao\/#breadcrumb"},"inLanguage":"pt-BR","potentialAction":[{"@type":"ReadAction","target":["https:\/\/ww16.ce.gov.br\/sefaz\/boletim-de-arrecadacao\/"]}]},{"@type":"BreadcrumbList","@id":"https:\/\/ww16.ce.gov.br\/sefaz\/boletim-de-arrecadacao\/#breadcrumb","itemListElement":[{"@type":"ListItem","position":1,"name":"In\u00edcio","item":"https:\/\/ww16.ce.gov.br\/sefaz\/"},{"@type":"ListItem","position":2,"name":"Boletim de Arrecada\u00e7\u00e3o"}]},{"@type":"WebSite","@id":"https:\/\/ww16.ce.gov.br\/sefaz\/#website","url":"https:\/\/ww16.ce.gov.br\/sefaz\/","name":"Secretaria da Fazenda","description":"Portal SEFAZ","publisher":{"@id":"https:\/\/ww16.ce.gov.br\/sefaz\/#organization"},"potentialAction":[{"@type":"SearchAction","target":{"@type":"EntryPoint","urlTemplate":"https:\/\/ww16.ce.gov.br\/sefaz\/?s={search_term_string}"},"query-input":{"@type":"PropertyValueSpecification","valueRequired":true,"valueName":"search_term_string"}}],"inLanguage":"pt-BR"},{"@type":"Organization","@id":"https:\/\/ww16.ce.gov.br\/sefaz\/#organization","name":"Secretaria da Fazenda","url":"https:\/\/ww16.ce.gov.br\/sefaz\/","logo":{"@type":"ImageObject","inLanguage":"pt-BR","@id":"https:\/\/ww16.ce.gov.br\/sefaz\/#\/schema\/logo\/image\/","url":"http:\/\/ww16.ce.gov.br\/sefaz\/wp-content\/uploads\/sites\/61\/2018\/05\/sefaz-clara2.png","contentUrl":"http:\/\/ww16.ce.gov.br\/sefaz\/wp-content\/uploads\/sites\/61\/2018\/05\/sefaz-clara2.png","width":559,"height":106,"caption":"Secretaria da Fazenda"},"image":{"@id":"https:\/\/ww16.ce.gov.br\/sefaz\/#\/schema\/logo\/image\/"}}]}},"_links":{"self":[{"href":"https:\/\/ww16.ce.gov.br\/sefaz\/wp-json\/wp\/v2\/pages\/17970","targetHints":{"allow":["GET"]}}],"collection":[{"href":"https:\/\/ww16.ce.gov.br\/sefaz\/wp-json\/wp\/v2\/pages"}],"about":[{"href":"https:\/\/ww16.ce.gov.br\/sefaz\/wp-json\/wp\/v2\/types\/page"}],"author":[{"embeddable":true,"href":"https:\/\/ww16.ce.gov.br\/sefaz\/wp-json\/wp\/v2\/users\/12"}],"replies":[{"embeddable":true,"href":"https:\/\/ww16.ce.gov.br\/sefaz\/wp-json\/wp\/v2\/comments?post=17970"}],"version-history":[{"count":92,"href":"https:\/\/ww16.ce.gov.br\/sefaz\/wp-json\/wp\/v2\/pages\/17970\/revisions"}],"predecessor-version":[{"id":36312,"href":"https:\/\/ww16.ce.gov.br\/sefaz\/wp-json\/wp\/v2\/pages\/17970\/revisions\/36312"}],"wp:attachment":[{"href":"https:\/\/ww16.ce.gov.br\/sefaz\/wp-json\/wp\/v2\/media?parent=17970"}],"curies":[{"name":"wp","href":"https:\/\/api.w.org\/{rel}","templated":true}]}}