{"id":17486,"date":"2020-01-20T16:39:35","date_gmt":"2020-01-20T19:39:35","guid":{"rendered":"http:\/\/ww16.ce.gov.br\/sefaz\/?page_id=17486"},"modified":"2026-02-04T15:33:02","modified_gmt":"2026-02-04T18:33:02","slug":"o-conat","status":"publish","type":"page","link":"https:\/\/ww16.ce.gov.br\/sefaz\/o-conat\/","title":{"rendered":"CONTENCIOSO ADMINISTRATIVO TRIBUT\u00c1RIO &#8211; CONAT"},"content":{"rendered":"\n<figure class=\"wp-block-image\"><img loading=\"lazy\" decoding=\"async\" width=\"1696\" height=\"2560\" src=\"https:\/\/ww16.ce.gov.br\/sefaz\/wp-content\/uploads\/sites\/46\/2025\/06\/WhatsApp-Image-2025-06-12-at-15.00.52.jpeg\" alt=\"\" class=\"wp-image-34448\" srcset=\"https:\/\/ww16.ce.gov.br\/sefaz\/wp-content\/uploads\/sites\/46\/2025\/06\/WhatsApp-Image-2025-06-12-at-15.00.52.jpeg 1696w, https:\/\/ww16.ce.gov.br\/sefaz\/wp-content\/uploads\/sites\/46\/2025\/06\/WhatsApp-Image-2025-06-12-at-15.00.52-600x906.jpeg 600w, https:\/\/ww16.ce.gov.br\/sefaz\/wp-content\/uploads\/sites\/46\/2025\/06\/WhatsApp-Image-2025-06-12-at-15.00.52-1200x1811.jpeg 1200w, https:\/\/ww16.ce.gov.br\/sefaz\/wp-content\/uploads\/sites\/46\/2025\/06\/WhatsApp-Image-2025-06-12-at-15.00.52-768x1159.jpeg 768w, https:\/\/ww16.ce.gov.br\/sefaz\/wp-content\/uploads\/sites\/46\/2025\/06\/WhatsApp-Image-2025-06-12-at-15.00.52-1018x1536.jpeg 1018w, https:\/\/ww16.ce.gov.br\/sefaz\/wp-content\/uploads\/sites\/46\/2025\/06\/WhatsApp-Image-2025-06-12-at-15.00.52-1357x2048.jpeg 1357w\" sizes=\"auto, (max-width: 1696px) 100vw, 1696px\" \/><\/figure>\n\n\n\n<p>\u00a0<\/p>\n\n\n\n<div class=\"row ListagemProjetos\">\n    <div class=\"dt-4\">\n        <div class=\"TituloListagemProjetos\">\n            <h1 class=\"-verde\">Contencioso Administrativo Tribut\u00e1rio (Conat)<\/h1>\n                    <\/div>\n    <\/div>\n    <div class=\"dt-8\">\n        <ul class=\"ListaEst col2\">\n                            <li>\n                    <a href=\"https:\/\/ww16.ce.gov.br\/sefaz\/projeto\/institucional\/\">\n                        Hist\u00f3ria do Conat                        <small><\/small>\n                    <\/a>\n                <\/li>\n                            <li>\n                    <a href=\"https:\/\/ww16.ce.gov.br\/sefaz\/projeto\/composicao-dos-orgaos-julgadores\/\">\n                        Composi\u00e7\u00e3o dos Org\u00e3os Julgadores                        <small><\/small>\n                    <\/a>\n                <\/li>\n                            <li>\n                    <a href=\"https:\/\/ww16.ce.gov.br\/sefaz\/projeto\/legislacao\/\">\n                        Legisla\u00e7\u00e3o                        <small><\/small>\n                    <\/a>\n                <\/li>\n                            <li>\n                    <a href=\"https:\/\/ww16.ce.gov.br\/sefaz\/projeto\/camaras-de-julgamento\/\">\n                        Atas, Pautas e Sess\u00f5es Virtuais                        <small><\/small>\n                    <\/a>\n                <\/li>\n                            <li>\n                    <a href=\"https:\/\/ww16.ce.gov.br\/sefaz\/projeto\/relatorios-de-gestao\/\">\n                        Relat\u00f3rios de Gest\u00e3o                        <small><\/small>\n                    <\/a>\n                <\/li>\n                            <li>\n                    <a href=\"https:\/\/ww16.ce.gov.br\/sefaz\/projeto\/18765\/\">\n                        Pesquisa de Resolu\u00e7\u00f5es                        <small><\/small>\n                    <\/a>\n                <\/li>\n                            <li>\n                    <a href=\"https:\/\/ww16.ce.gov.br\/sefaz\/projeto\/18766\/\">\n                        Acompanhamento de processos                        <small><\/small>\n                    <\/a>\n                <\/li>\n                            <li>\n                    <a href=\"https:\/\/ww16.ce.gov.br\/sefaz\/projeto\/publicacoes\/\">\n                        Publica\u00e7\u00f5es                        <small><\/small>\n                    <\/a>\n                <\/li>\n                    <\/ul>\n    <\/div>\n<\/div>\n\n\n\n\n<p>\u00a0<br><h5 style=\"text-align: left\"><strong>\u00a0Canal de Atendimento Conat: <a href=\"https:\/\/portalservicos.sefaz.ce.gov.br\/+64adca7b48c5b8191406b1d9\">https:\/\/portalservicos.sefaz.ce.gov.br\/+64adca7b48c5b8191406b1d9<\/a><\/strong><\/h5><\/p>\n\n\n\n<p>&nbsp;<\/p>\n\n\n\n<div class=\"CategoriasDestaque  TresCategorias  row  nested\">\n    <h2 class=\"-SmallTitle -verde\">Categorias em Destaque<\/h4>\n            <div class=\"tl-4\">\n            <a href=\"https:\/\/ww16.ce.gov.br\/sefaz\/categoria\/conat\/\"><h3  class=\"-bold\">Conat<\/h3><\/a>\n            <ul>\n                                    <li>\n                        <div class=\"destacado\">\n                            <a href=\"https:\/\/ww16.ce.gov.br\/sefaz\/2026\/01\/12\/conat-informa-modalidades-de-atendimento\/\"><h4>Conat informa modalidades de atendimento<\/h4><\/a>\n                        <\/div>\n                    <\/li>\n                                    <li>\n                        <div class=\"destacado\">\n                            <a href=\"https:\/\/ww16.ce.gov.br\/sefaz\/2025\/11\/24\/contencioso-lanca-11a-edicao-do-informativo-conat-2-2\/\"><h4>Contencioso lan\u00e7a 13\u00aa edi\u00e7\u00e3o do Informativo Conat<\/h4><\/a>\n                        <\/div>\n                    <\/li>\n                                    <li>\n                        <div class=\"destacado\">\n                            <a href=\"https:\/\/ww16.ce.gov.br\/sefaz\/2025\/09\/12\/contencioso-lanca-11a-edicao-do-informativo-conat-2\/\"><h4>Contencioso lan\u00e7a 12\u00aa edi\u00e7\u00e3o do Informativo Conat<\/h4><\/a>\n                        <\/div>\n                    <\/li>\n                                    <li>\n                        <div class=\"destacado\">\n                            <a href=\"https:\/\/ww16.ce.gov.br\/sefaz\/2025\/07\/16\/contencioso-lanca-11a-edicao-do-informativo-conat\/\"><h4>Contencioso lan\u00e7a 11\u00aa edi\u00e7\u00e3o do Informativo Conat<\/h4><\/a>\n                        <\/div>\n                    <\/li>\n                                    <li>\n                        <div class=\"destacado\">\n                            <a href=\"https:\/\/ww16.ce.gov.br\/sefaz\/2025\/05\/21\/informativo-conat-orgao-fazendario-lanca-edicao-especial-com-compilado-de-julgamentos\/\"><h4>Informativo Conat: \u00f3rg\u00e3o fazend\u00e1rio lan\u00e7a edi\u00e7\u00e3o especial com compilado de julgamentos<\/h4><\/a>\n                        <\/div>\n                    <\/li>\n                                    <li>\n                        <div class=\"destacado\">\n                            <a href=\"https:\/\/ww16.ce.gov.br\/sefaz\/2025\/02\/17\/conat-ingressara-no-atendimento-agil-da-sefaz-ce\/\"><h4>Conat ingressar\u00e1 no Atendimento \u00c1gil da Sefaz-CE<\/h4><\/a>\n                        <\/div>\n                    <\/li>\n                            <\/ul>\n        <\/div>\n    <\/div>\n\n\n\n<p>&nbsp;<\/p>\n","protected":false},"excerpt":{"rendered":"<p>\u00a0 \u00a0 \u00a0Canal de Atendimento Conat: https:\/\/portalservicos.sefaz.ce.gov.br\/+64adca7b48c5b8191406b1d9 &nbsp; &nbsp;<\/p>\n","protected":false},"author":12,"featured_media":0,"parent":0,"menu_order":0,"comment_status":"closed","ping_status":"closed","template":"","meta":{"_acf_changed":false,"inline_featured_image":false,"footnotes":""},"class_list":["post-17486","page","type-page","status-publish","hentry"],"acf":[],"yoast_head":"<!-- This site is optimized with the Yoast SEO plugin v26.9 - https:\/\/yoast.com\/product\/yoast-seo-wordpress\/ -->\n<title>CONTENCIOSO ADMINISTRATIVO TRIBUT\u00c1RIO - CONAT - SEFAZ<\/title>\n<meta name=\"robots\" content=\"index, follow, max-snippet:-1, max-image-preview:large, max-video-preview:-1\" \/>\n<link rel=\"canonical\" href=\"https:\/\/ww16.ce.gov.br\/sefaz\/o-conat\/\" \/>\n<meta property=\"og:locale\" content=\"pt_BR\" \/>\n<meta property=\"og:type\" content=\"article\" \/>\n<meta property=\"og:title\" content=\"CONTENCIOSO ADMINISTRATIVO TRIBUT\u00c1RIO - CONAT - SEFAZ\" \/>\n<meta property=\"og:description\" content=\"\u00a0 \u00a0 \u00a0Canal de Atendimento Conat: https:\/\/portalservicos.sefaz.ce.gov.br\/+64adca7b48c5b8191406b1d9 &nbsp; &nbsp;\" \/>\n<meta property=\"og:url\" content=\"https:\/\/ww16.ce.gov.br\/sefaz\/o-conat\/\" \/>\n<meta property=\"og:site_name\" content=\"SEFAZ\" \/>\n<meta property=\"article:modified_time\" content=\"2026-02-04T18:33:02+00:00\" \/>\n<meta property=\"og:image\" content=\"http:\/\/ww16.ce.gov.br\/sefaz\/wp-content\/uploads\/sites\/46\/2025\/06\/WhatsApp-Image-2025-06-12-at-15.00.52.jpeg\" \/>\n<meta name=\"twitter:card\" content=\"summary_large_image\" \/>\n<meta name=\"twitter:label1\" content=\"Est. reading time\" \/>\n\t<meta name=\"twitter:data1\" content=\"1 minuto\" \/>\n<script type=\"application\/ld+json\" class=\"yoast-schema-graph\">{\"@context\":\"https:\/\/schema.org\",\"@graph\":[{\"@type\":\"WebPage\",\"@id\":\"https:\/\/ww16.ce.gov.br\/sefaz\/o-conat\/\",\"url\":\"https:\/\/ww16.ce.gov.br\/sefaz\/o-conat\/\",\"name\":\"CONTENCIOSO ADMINISTRATIVO TRIBUT\u00c1RIO - CONAT - SEFAZ\",\"isPartOf\":{\"@id\":\"https:\/\/ww16.ce.gov.br\/sefaz\/#website\"},\"primaryImageOfPage\":{\"@id\":\"https:\/\/ww16.ce.gov.br\/sefaz\/o-conat\/#primaryimage\"},\"image\":{\"@id\":\"https:\/\/ww16.ce.gov.br\/sefaz\/o-conat\/#primaryimage\"},\"thumbnailUrl\":\"http:\/\/ww16.ce.gov.br\/sefaz\/wp-content\/uploads\/sites\/46\/2025\/06\/WhatsApp-Image-2025-06-12-at-15.00.52.jpeg\",\"datePublished\":\"2020-01-20T19:39:35+00:00\",\"dateModified\":\"2026-02-04T18:33:02+00:00\",\"breadcrumb\":{\"@id\":\"https:\/\/ww16.ce.gov.br\/sefaz\/o-conat\/#breadcrumb\"},\"inLanguage\":\"pt-BR\",\"potentialAction\":[{\"@type\":\"ReadAction\",\"target\":[\"https:\/\/ww16.ce.gov.br\/sefaz\/o-conat\/\"]}]},{\"@type\":\"ImageObject\",\"inLanguage\":\"pt-BR\",\"@id\":\"https:\/\/ww16.ce.gov.br\/sefaz\/o-conat\/#primaryimage\",\"url\":\"https:\/\/ww16.ce.gov.br\/sefaz\/wp-content\/uploads\/sites\/46\/2025\/06\/WhatsApp-Image-2025-06-12-at-15.00.52.jpeg\",\"contentUrl\":\"https:\/\/ww16.ce.gov.br\/sefaz\/wp-content\/uploads\/sites\/46\/2025\/06\/WhatsApp-Image-2025-06-12-at-15.00.52.jpeg\",\"width\":1696,\"height\":2560},{\"@type\":\"BreadcrumbList\",\"@id\":\"https:\/\/ww16.ce.gov.br\/sefaz\/o-conat\/#breadcrumb\",\"itemListElement\":[{\"@type\":\"ListItem\",\"position\":1,\"name\":\"In\u00edcio\",\"item\":\"https:\/\/ww16.ce.gov.br\/sefaz\/\"},{\"@type\":\"ListItem\",\"position\":2,\"name\":\"CONTENCIOSO ADMINISTRATIVO TRIBUT\u00c1RIO &#8211; CONAT\"}]},{\"@type\":\"WebSite\",\"@id\":\"https:\/\/ww16.ce.gov.br\/sefaz\/#website\",\"url\":\"https:\/\/ww16.ce.gov.br\/sefaz\/\",\"name\":\"Secretaria da Fazenda\",\"description\":\"Portal SEFAZ\",\"publisher\":{\"@id\":\"https:\/\/ww16.ce.gov.br\/sefaz\/#organization\"},\"potentialAction\":[{\"@type\":\"SearchAction\",\"target\":{\"@type\":\"EntryPoint\",\"urlTemplate\":\"https:\/\/ww16.ce.gov.br\/sefaz\/?s={search_term_string}\"},\"query-input\":{\"@type\":\"PropertyValueSpecification\",\"valueRequired\":true,\"valueName\":\"search_term_string\"}}],\"inLanguage\":\"pt-BR\"},{\"@type\":\"Organization\",\"@id\":\"https:\/\/ww16.ce.gov.br\/sefaz\/#organization\",\"name\":\"Secretaria da Fazenda\",\"url\":\"https:\/\/ww16.ce.gov.br\/sefaz\/\",\"logo\":{\"@type\":\"ImageObject\",\"inLanguage\":\"pt-BR\",\"@id\":\"https:\/\/ww16.ce.gov.br\/sefaz\/#\/schema\/logo\/image\/\",\"url\":\"http:\/\/ww16.ce.gov.br\/sefaz\/wp-content\/uploads\/sites\/61\/2018\/05\/sefaz-clara2.png\",\"contentUrl\":\"http:\/\/ww16.ce.gov.br\/sefaz\/wp-content\/uploads\/sites\/61\/2018\/05\/sefaz-clara2.png\",\"width\":559,\"height\":106,\"caption\":\"Secretaria da Fazenda\"},\"image\":{\"@id\":\"https:\/\/ww16.ce.gov.br\/sefaz\/#\/schema\/logo\/image\/\"}}]}<\/script>\n<!-- \/ Yoast SEO plugin. -->","yoast_head_json":{"title":"CONTENCIOSO ADMINISTRATIVO TRIBUT\u00c1RIO - CONAT - SEFAZ","robots":{"index":"index","follow":"follow","max-snippet":"max-snippet:-1","max-image-preview":"max-image-preview:large","max-video-preview":"max-video-preview:-1"},"canonical":"https:\/\/ww16.ce.gov.br\/sefaz\/o-conat\/","og_locale":"pt_BR","og_type":"article","og_title":"CONTENCIOSO ADMINISTRATIVO TRIBUT\u00c1RIO - CONAT - SEFAZ","og_description":"\u00a0 \u00a0 \u00a0Canal de Atendimento Conat: https:\/\/portalservicos.sefaz.ce.gov.br\/+64adca7b48c5b8191406b1d9 &nbsp; &nbsp;","og_url":"https:\/\/ww16.ce.gov.br\/sefaz\/o-conat\/","og_site_name":"SEFAZ","article_modified_time":"2026-02-04T18:33:02+00:00","og_image":[{"url":"http:\/\/ww16.ce.gov.br\/sefaz\/wp-content\/uploads\/sites\/46\/2025\/06\/WhatsApp-Image-2025-06-12-at-15.00.52.jpeg","type":"","width":"","height":""}],"twitter_card":"summary_large_image","twitter_misc":{"Est. reading time":"1 minuto"},"schema":{"@context":"https:\/\/schema.org","@graph":[{"@type":"WebPage","@id":"https:\/\/ww16.ce.gov.br\/sefaz\/o-conat\/","url":"https:\/\/ww16.ce.gov.br\/sefaz\/o-conat\/","name":"CONTENCIOSO ADMINISTRATIVO TRIBUT\u00c1RIO - CONAT - SEFAZ","isPartOf":{"@id":"https:\/\/ww16.ce.gov.br\/sefaz\/#website"},"primaryImageOfPage":{"@id":"https:\/\/ww16.ce.gov.br\/sefaz\/o-conat\/#primaryimage"},"image":{"@id":"https:\/\/ww16.ce.gov.br\/sefaz\/o-conat\/#primaryimage"},"thumbnailUrl":"http:\/\/ww16.ce.gov.br\/sefaz\/wp-content\/uploads\/sites\/46\/2025\/06\/WhatsApp-Image-2025-06-12-at-15.00.52.jpeg","datePublished":"2020-01-20T19:39:35+00:00","dateModified":"2026-02-04T18:33:02+00:00","breadcrumb":{"@id":"https:\/\/ww16.ce.gov.br\/sefaz\/o-conat\/#breadcrumb"},"inLanguage":"pt-BR","potentialAction":[{"@type":"ReadAction","target":["https:\/\/ww16.ce.gov.br\/sefaz\/o-conat\/"]}]},{"@type":"ImageObject","inLanguage":"pt-BR","@id":"https:\/\/ww16.ce.gov.br\/sefaz\/o-conat\/#primaryimage","url":"https:\/\/ww16.ce.gov.br\/sefaz\/wp-content\/uploads\/sites\/46\/2025\/06\/WhatsApp-Image-2025-06-12-at-15.00.52.jpeg","contentUrl":"https:\/\/ww16.ce.gov.br\/sefaz\/wp-content\/uploads\/sites\/46\/2025\/06\/WhatsApp-Image-2025-06-12-at-15.00.52.jpeg","width":1696,"height":2560},{"@type":"BreadcrumbList","@id":"https:\/\/ww16.ce.gov.br\/sefaz\/o-conat\/#breadcrumb","itemListElement":[{"@type":"ListItem","position":1,"name":"In\u00edcio","item":"https:\/\/ww16.ce.gov.br\/sefaz\/"},{"@type":"ListItem","position":2,"name":"CONTENCIOSO ADMINISTRATIVO TRIBUT\u00c1RIO &#8211; CONAT"}]},{"@type":"WebSite","@id":"https:\/\/ww16.ce.gov.br\/sefaz\/#website","url":"https:\/\/ww16.ce.gov.br\/sefaz\/","name":"Secretaria da Fazenda","description":"Portal SEFAZ","publisher":{"@id":"https:\/\/ww16.ce.gov.br\/sefaz\/#organization"},"potentialAction":[{"@type":"SearchAction","target":{"@type":"EntryPoint","urlTemplate":"https:\/\/ww16.ce.gov.br\/sefaz\/?s={search_term_string}"},"query-input":{"@type":"PropertyValueSpecification","valueRequired":true,"valueName":"search_term_string"}}],"inLanguage":"pt-BR"},{"@type":"Organization","@id":"https:\/\/ww16.ce.gov.br\/sefaz\/#organization","name":"Secretaria da Fazenda","url":"https:\/\/ww16.ce.gov.br\/sefaz\/","logo":{"@type":"ImageObject","inLanguage":"pt-BR","@id":"https:\/\/ww16.ce.gov.br\/sefaz\/#\/schema\/logo\/image\/","url":"http:\/\/ww16.ce.gov.br\/sefaz\/wp-content\/uploads\/sites\/61\/2018\/05\/sefaz-clara2.png","contentUrl":"http:\/\/ww16.ce.gov.br\/sefaz\/wp-content\/uploads\/sites\/61\/2018\/05\/sefaz-clara2.png","width":559,"height":106,"caption":"Secretaria da Fazenda"},"image":{"@id":"https:\/\/ww16.ce.gov.br\/sefaz\/#\/schema\/logo\/image\/"}}]}},"_links":{"self":[{"href":"https:\/\/ww16.ce.gov.br\/sefaz\/wp-json\/wp\/v2\/pages\/17486","targetHints":{"allow":["GET"]}}],"collection":[{"href":"https:\/\/ww16.ce.gov.br\/sefaz\/wp-json\/wp\/v2\/pages"}],"about":[{"href":"https:\/\/ww16.ce.gov.br\/sefaz\/wp-json\/wp\/v2\/types\/page"}],"author":[{"embeddable":true,"href":"https:\/\/ww16.ce.gov.br\/sefaz\/wp-json\/wp\/v2\/users\/12"}],"replies":[{"embeddable":true,"href":"https:\/\/ww16.ce.gov.br\/sefaz\/wp-json\/wp\/v2\/comments?post=17486"}],"version-history":[{"count":61,"href":"https:\/\/ww16.ce.gov.br\/sefaz\/wp-json\/wp\/v2\/pages\/17486\/revisions"}],"predecessor-version":[{"id":36532,"href":"https:\/\/ww16.ce.gov.br\/sefaz\/wp-json\/wp\/v2\/pages\/17486\/revisions\/36532"}],"wp:attachment":[{"href":"https:\/\/ww16.ce.gov.br\/sefaz\/wp-json\/wp\/v2\/media?parent=17486"}],"curies":[{"name":"wp","href":"https:\/\/api.w.org\/{rel}","templated":true}]}}