{"id":13577,"date":"2019-01-25T16:38:18","date_gmt":"2019-01-25T19:38:18","guid":{"rendered":"http:\/\/ww16.ce.gov.br\/sefaz\/?page_id=13577"},"modified":"2026-02-03T14:17:08","modified_gmt":"2026-02-03T17:17:08","slug":"comissao-setorial-de-etica-publica-csep","status":"publish","type":"page","link":"https:\/\/ww16.ce.gov.br\/sefaz\/comissao-setorial-de-etica-publica-csep\/","title":{"rendered":"Comiss\u00e3o Setorial de \u00c9tica P\u00fablica &#8211; CSEP"},"content":{"rendered":"<p><img loading=\"lazy\" decoding=\"async\" class=\" wp-image-31284 aligncenter\" src=\"https:\/\/ww16.ce.gov.br\/sefaz\/wp-content\/uploads\/sites\/46\/2024\/04\/Cabecalho_CSEP-600x146.png\" alt=\"\" width=\"937\" height=\"228\" srcset=\"https:\/\/ww16.ce.gov.br\/sefaz\/wp-content\/uploads\/sites\/46\/2024\/04\/Cabecalho_CSEP-600x146.png 600w, https:\/\/ww16.ce.gov.br\/sefaz\/wp-content\/uploads\/sites\/46\/2024\/04\/Cabecalho_CSEP-768x186.png 768w, https:\/\/ww16.ce.gov.br\/sefaz\/wp-content\/uploads\/sites\/46\/2024\/04\/Cabecalho_CSEP.png 1154w\" sizes=\"auto, (max-width: 937px) 100vw, 937px\" \/><\/p>\n<p>A Comiss\u00e3o Setorial de \u00c9tica P\u00fablica (CSEP) da Secretaria da Fazenda do Cear\u00e1 est\u00e1 disponibilizando suas diretrizes normativas no site institucional e na intranet.<\/p>\n<p>A Secretaria garante o exerc\u00edcio \u00e9tico desde 2001, quando foi publicado o C\u00f3digo de \u00c9tica e Disciplina do Servidor Fazend\u00e1rio Estadual. Tal regulamento foi acompanhado de a\u00e7\u00f5es para dissemina\u00e7\u00e3o do valor \u00e9tico na execu\u00e7\u00e3o das atividades fazend\u00e1rias.<\/p>\n<p>Em conformidade com o Sistema de \u00c9tica e Transpar\u00eancia do Poder Executivo Estadual, a CSEP \u00e9 composta por 6 (seis) membros, sendo 3 (tr\u00eas) titulares, 3 (tr\u00eas) suplentes e 1 (um) secret\u00e1rio, escolhidos e nomeados para mandato de dois anos, por portaria da Sefaz-CE.<\/p>\n<p>A CSEP busca garantir, por meio de a\u00e7\u00f5es de orienta\u00e7\u00e3o, aprecia\u00e7\u00e3o de condutas, pr\u00e1ticas preventivas e educativas, os valores \u00e9ticos e morais da institui\u00e7\u00e3o, primando pela justi\u00e7a e transpar\u00eancia.<\/p>\n<p><a href=\"https:\/\/ww16.ce.gov.br\/sefaz\/wp-content\/uploads\/sites\/46\/2024\/04\/CSEP_OFC-1.pdf\">Saiba mais sobre a CSEP clicando aqui.<\/a><\/p>\n<h4>Publica\u00e7\u00f5es<\/h4>\n<p><a href=\"https:\/\/ww16.ce.gov.br\/sefaz\/wp-content\/uploads\/sites\/46\/2020\/08\/Cartilha_Assedio_Moral__3.pdf\">Cartilha de preven\u00e7\u00e3o e combate ao ass\u00e9dio moral\u00a0<\/a><\/p>\n","protected":false},"excerpt":{"rendered":"<p>A Comiss\u00e3o Setorial de \u00c9tica P\u00fablica (CSEP) da Secretaria da Fazenda do Cear\u00e1 est\u00e1 disponibilizando suas diretrizes normativas no site institucional e na intranet. A Secretaria garante o exerc\u00edcio \u00e9tico desde 2001, quando foi publicado o C\u00f3digo de \u00c9tica e Disciplina do Servidor Fazend\u00e1rio Estadual. Tal regulamento foi acompanhado de a\u00e7\u00f5es para dissemina\u00e7\u00e3o do valor [&hellip;]<\/p>\n","protected":false},"author":12,"featured_media":0,"parent":0,"menu_order":0,"comment_status":"closed","ping_status":"closed","template":"","meta":{"_acf_changed":false,"inline_featured_image":false,"footnotes":""},"class_list":["post-13577","page","type-page","status-publish","hentry"],"acf":[],"yoast_head":"<!-- This site is optimized with the Yoast SEO plugin v26.9 - https:\/\/yoast.com\/product\/yoast-seo-wordpress\/ -->\n<title>Comiss\u00e3o Setorial de \u00c9tica P\u00fablica - CSEP - SEFAZ<\/title>\n<meta name=\"robots\" content=\"index, follow, max-snippet:-1, max-image-preview:large, max-video-preview:-1\" \/>\n<link rel=\"canonical\" href=\"https:\/\/ww16.ce.gov.br\/sefaz\/comissao-setorial-de-etica-publica-csep\/\" \/>\n<meta property=\"og:locale\" content=\"pt_BR\" \/>\n<meta property=\"og:type\" content=\"article\" \/>\n<meta property=\"og:title\" content=\"Comiss\u00e3o Setorial de \u00c9tica P\u00fablica - CSEP - SEFAZ\" \/>\n<meta property=\"og:description\" content=\"A Comiss\u00e3o Setorial de \u00c9tica P\u00fablica (CSEP) da Secretaria da Fazenda do Cear\u00e1 est\u00e1 disponibilizando suas diretrizes normativas no site institucional e na intranet. A Secretaria garante o exerc\u00edcio \u00e9tico desde 2001, quando foi publicado o C\u00f3digo de \u00c9tica e Disciplina do Servidor Fazend\u00e1rio Estadual. Tal regulamento foi acompanhado de a\u00e7\u00f5es para dissemina\u00e7\u00e3o do valor [&hellip;]\" \/>\n<meta property=\"og:url\" content=\"https:\/\/ww16.ce.gov.br\/sefaz\/comissao-setorial-de-etica-publica-csep\/\" \/>\n<meta property=\"og:site_name\" content=\"SEFAZ\" \/>\n<meta property=\"article:modified_time\" content=\"2026-02-03T17:17:08+00:00\" \/>\n<meta property=\"og:image\" content=\"http:\/\/ww16.ce.gov.br\/sefaz\/wp-content\/uploads\/sites\/46\/2024\/04\/Cabecalho_CSEP-600x146.png\" \/>\n<meta name=\"twitter:card\" content=\"summary_large_image\" \/>\n<meta name=\"twitter:label1\" content=\"Est. reading time\" \/>\n\t<meta name=\"twitter:data1\" content=\"2 minutos\" \/>\n<script type=\"application\/ld+json\" class=\"yoast-schema-graph\">{\"@context\":\"https:\/\/schema.org\",\"@graph\":[{\"@type\":\"WebPage\",\"@id\":\"https:\/\/ww16.ce.gov.br\/sefaz\/comissao-setorial-de-etica-publica-csep\/\",\"url\":\"https:\/\/ww16.ce.gov.br\/sefaz\/comissao-setorial-de-etica-publica-csep\/\",\"name\":\"Comiss\u00e3o Setorial de \u00c9tica P\u00fablica - CSEP - SEFAZ\",\"isPartOf\":{\"@id\":\"https:\/\/ww16.ce.gov.br\/sefaz\/#website\"},\"primaryImageOfPage\":{\"@id\":\"https:\/\/ww16.ce.gov.br\/sefaz\/comissao-setorial-de-etica-publica-csep\/#primaryimage\"},\"image\":{\"@id\":\"https:\/\/ww16.ce.gov.br\/sefaz\/comissao-setorial-de-etica-publica-csep\/#primaryimage\"},\"thumbnailUrl\":\"http:\/\/ww16.ce.gov.br\/sefaz\/wp-content\/uploads\/sites\/46\/2024\/04\/Cabecalho_CSEP-600x146.png\",\"datePublished\":\"2019-01-25T19:38:18+00:00\",\"dateModified\":\"2026-02-03T17:17:08+00:00\",\"breadcrumb\":{\"@id\":\"https:\/\/ww16.ce.gov.br\/sefaz\/comissao-setorial-de-etica-publica-csep\/#breadcrumb\"},\"inLanguage\":\"pt-BR\",\"potentialAction\":[{\"@type\":\"ReadAction\",\"target\":[\"https:\/\/ww16.ce.gov.br\/sefaz\/comissao-setorial-de-etica-publica-csep\/\"]}]},{\"@type\":\"ImageObject\",\"inLanguage\":\"pt-BR\",\"@id\":\"https:\/\/ww16.ce.gov.br\/sefaz\/comissao-setorial-de-etica-publica-csep\/#primaryimage\",\"url\":\"https:\/\/ww16.ce.gov.br\/sefaz\/wp-content\/uploads\/sites\/46\/2024\/04\/Cabecalho_CSEP.png\",\"contentUrl\":\"https:\/\/ww16.ce.gov.br\/sefaz\/wp-content\/uploads\/sites\/46\/2024\/04\/Cabecalho_CSEP.png\",\"width\":1154,\"height\":280},{\"@type\":\"BreadcrumbList\",\"@id\":\"https:\/\/ww16.ce.gov.br\/sefaz\/comissao-setorial-de-etica-publica-csep\/#breadcrumb\",\"itemListElement\":[{\"@type\":\"ListItem\",\"position\":1,\"name\":\"In\u00edcio\",\"item\":\"https:\/\/ww16.ce.gov.br\/sefaz\/\"},{\"@type\":\"ListItem\",\"position\":2,\"name\":\"Comiss\u00e3o Setorial de \u00c9tica P\u00fablica &#8211; CSEP\"}]},{\"@type\":\"WebSite\",\"@id\":\"https:\/\/ww16.ce.gov.br\/sefaz\/#website\",\"url\":\"https:\/\/ww16.ce.gov.br\/sefaz\/\",\"name\":\"Secretaria da Fazenda\",\"description\":\"Portal SEFAZ\",\"publisher\":{\"@id\":\"https:\/\/ww16.ce.gov.br\/sefaz\/#organization\"},\"potentialAction\":[{\"@type\":\"SearchAction\",\"target\":{\"@type\":\"EntryPoint\",\"urlTemplate\":\"https:\/\/ww16.ce.gov.br\/sefaz\/?s={search_term_string}\"},\"query-input\":{\"@type\":\"PropertyValueSpecification\",\"valueRequired\":true,\"valueName\":\"search_term_string\"}}],\"inLanguage\":\"pt-BR\"},{\"@type\":\"Organization\",\"@id\":\"https:\/\/ww16.ce.gov.br\/sefaz\/#organization\",\"name\":\"Secretaria da Fazenda\",\"url\":\"https:\/\/ww16.ce.gov.br\/sefaz\/\",\"logo\":{\"@type\":\"ImageObject\",\"inLanguage\":\"pt-BR\",\"@id\":\"https:\/\/ww16.ce.gov.br\/sefaz\/#\/schema\/logo\/image\/\",\"url\":\"http:\/\/ww16.ce.gov.br\/sefaz\/wp-content\/uploads\/sites\/61\/2018\/05\/sefaz-clara2.png\",\"contentUrl\":\"http:\/\/ww16.ce.gov.br\/sefaz\/wp-content\/uploads\/sites\/61\/2018\/05\/sefaz-clara2.png\",\"width\":559,\"height\":106,\"caption\":\"Secretaria da Fazenda\"},\"image\":{\"@id\":\"https:\/\/ww16.ce.gov.br\/sefaz\/#\/schema\/logo\/image\/\"}}]}<\/script>\n<!-- \/ Yoast SEO plugin. -->","yoast_head_json":{"title":"Comiss\u00e3o Setorial de \u00c9tica P\u00fablica - CSEP - SEFAZ","robots":{"index":"index","follow":"follow","max-snippet":"max-snippet:-1","max-image-preview":"max-image-preview:large","max-video-preview":"max-video-preview:-1"},"canonical":"https:\/\/ww16.ce.gov.br\/sefaz\/comissao-setorial-de-etica-publica-csep\/","og_locale":"pt_BR","og_type":"article","og_title":"Comiss\u00e3o Setorial de \u00c9tica P\u00fablica - CSEP - SEFAZ","og_description":"A Comiss\u00e3o Setorial de \u00c9tica P\u00fablica (CSEP) da Secretaria da Fazenda do Cear\u00e1 est\u00e1 disponibilizando suas diretrizes normativas no site institucional e na intranet. A Secretaria garante o exerc\u00edcio \u00e9tico desde 2001, quando foi publicado o C\u00f3digo de \u00c9tica e Disciplina do Servidor Fazend\u00e1rio Estadual. Tal regulamento foi acompanhado de a\u00e7\u00f5es para dissemina\u00e7\u00e3o do valor [&hellip;]","og_url":"https:\/\/ww16.ce.gov.br\/sefaz\/comissao-setorial-de-etica-publica-csep\/","og_site_name":"SEFAZ","article_modified_time":"2026-02-03T17:17:08+00:00","og_image":[{"url":"http:\/\/ww16.ce.gov.br\/sefaz\/wp-content\/uploads\/sites\/46\/2024\/04\/Cabecalho_CSEP-600x146.png","type":"","width":"","height":""}],"twitter_card":"summary_large_image","twitter_misc":{"Est. reading time":"2 minutos"},"schema":{"@context":"https:\/\/schema.org","@graph":[{"@type":"WebPage","@id":"https:\/\/ww16.ce.gov.br\/sefaz\/comissao-setorial-de-etica-publica-csep\/","url":"https:\/\/ww16.ce.gov.br\/sefaz\/comissao-setorial-de-etica-publica-csep\/","name":"Comiss\u00e3o Setorial de \u00c9tica P\u00fablica - CSEP - SEFAZ","isPartOf":{"@id":"https:\/\/ww16.ce.gov.br\/sefaz\/#website"},"primaryImageOfPage":{"@id":"https:\/\/ww16.ce.gov.br\/sefaz\/comissao-setorial-de-etica-publica-csep\/#primaryimage"},"image":{"@id":"https:\/\/ww16.ce.gov.br\/sefaz\/comissao-setorial-de-etica-publica-csep\/#primaryimage"},"thumbnailUrl":"http:\/\/ww16.ce.gov.br\/sefaz\/wp-content\/uploads\/sites\/46\/2024\/04\/Cabecalho_CSEP-600x146.png","datePublished":"2019-01-25T19:38:18+00:00","dateModified":"2026-02-03T17:17:08+00:00","breadcrumb":{"@id":"https:\/\/ww16.ce.gov.br\/sefaz\/comissao-setorial-de-etica-publica-csep\/#breadcrumb"},"inLanguage":"pt-BR","potentialAction":[{"@type":"ReadAction","target":["https:\/\/ww16.ce.gov.br\/sefaz\/comissao-setorial-de-etica-publica-csep\/"]}]},{"@type":"ImageObject","inLanguage":"pt-BR","@id":"https:\/\/ww16.ce.gov.br\/sefaz\/comissao-setorial-de-etica-publica-csep\/#primaryimage","url":"https:\/\/ww16.ce.gov.br\/sefaz\/wp-content\/uploads\/sites\/46\/2024\/04\/Cabecalho_CSEP.png","contentUrl":"https:\/\/ww16.ce.gov.br\/sefaz\/wp-content\/uploads\/sites\/46\/2024\/04\/Cabecalho_CSEP.png","width":1154,"height":280},{"@type":"BreadcrumbList","@id":"https:\/\/ww16.ce.gov.br\/sefaz\/comissao-setorial-de-etica-publica-csep\/#breadcrumb","itemListElement":[{"@type":"ListItem","position":1,"name":"In\u00edcio","item":"https:\/\/ww16.ce.gov.br\/sefaz\/"},{"@type":"ListItem","position":2,"name":"Comiss\u00e3o Setorial de \u00c9tica P\u00fablica &#8211; CSEP"}]},{"@type":"WebSite","@id":"https:\/\/ww16.ce.gov.br\/sefaz\/#website","url":"https:\/\/ww16.ce.gov.br\/sefaz\/","name":"Secretaria da Fazenda","description":"Portal SEFAZ","publisher":{"@id":"https:\/\/ww16.ce.gov.br\/sefaz\/#organization"},"potentialAction":[{"@type":"SearchAction","target":{"@type":"EntryPoint","urlTemplate":"https:\/\/ww16.ce.gov.br\/sefaz\/?s={search_term_string}"},"query-input":{"@type":"PropertyValueSpecification","valueRequired":true,"valueName":"search_term_string"}}],"inLanguage":"pt-BR"},{"@type":"Organization","@id":"https:\/\/ww16.ce.gov.br\/sefaz\/#organization","name":"Secretaria da Fazenda","url":"https:\/\/ww16.ce.gov.br\/sefaz\/","logo":{"@type":"ImageObject","inLanguage":"pt-BR","@id":"https:\/\/ww16.ce.gov.br\/sefaz\/#\/schema\/logo\/image\/","url":"http:\/\/ww16.ce.gov.br\/sefaz\/wp-content\/uploads\/sites\/61\/2018\/05\/sefaz-clara2.png","contentUrl":"http:\/\/ww16.ce.gov.br\/sefaz\/wp-content\/uploads\/sites\/61\/2018\/05\/sefaz-clara2.png","width":559,"height":106,"caption":"Secretaria da Fazenda"},"image":{"@id":"https:\/\/ww16.ce.gov.br\/sefaz\/#\/schema\/logo\/image\/"}}]}},"_links":{"self":[{"href":"https:\/\/ww16.ce.gov.br\/sefaz\/wp-json\/wp\/v2\/pages\/13577","targetHints":{"allow":["GET"]}}],"collection":[{"href":"https:\/\/ww16.ce.gov.br\/sefaz\/wp-json\/wp\/v2\/pages"}],"about":[{"href":"https:\/\/ww16.ce.gov.br\/sefaz\/wp-json\/wp\/v2\/types\/page"}],"author":[{"embeddable":true,"href":"https:\/\/ww16.ce.gov.br\/sefaz\/wp-json\/wp\/v2\/users\/12"}],"replies":[{"embeddable":true,"href":"https:\/\/ww16.ce.gov.br\/sefaz\/wp-json\/wp\/v2\/comments?post=13577"}],"version-history":[{"count":13,"href":"https:\/\/ww16.ce.gov.br\/sefaz\/wp-json\/wp\/v2\/pages\/13577\/revisions"}],"predecessor-version":[{"id":36463,"href":"https:\/\/ww16.ce.gov.br\/sefaz\/wp-json\/wp\/v2\/pages\/13577\/revisions\/36463"}],"wp:attachment":[{"href":"https:\/\/ww16.ce.gov.br\/sefaz\/wp-json\/wp\/v2\/media?parent=13577"}],"curies":[{"name":"wp","href":"https:\/\/api.w.org\/{rel}","templated":true}]}}