{"id":13298,"date":"2018-12-19T08:32:17","date_gmt":"2018-12-19T11:32:17","guid":{"rendered":"http:\/\/ww16.ce.gov.br\/sefaz\/?page_id=13298"},"modified":"2026-02-05T16:00:13","modified_gmt":"2026-02-05T19:00:13","slug":"comite-setorial-de-acesso-a-informacao","status":"publish","type":"page","link":"https:\/\/ww16.ce.gov.br\/sefaz\/acesso-a-informacao\/comite-setorial-de-acesso-a-informacao\/","title":{"rendered":"COMIT\u00ca SETORIAL DE ACESSO \u00c0 INFORMA\u00c7\u00c3O"},"content":{"rendered":"<div class=\"Card Informativo BgBranco\">\n<h4>Comit\u00ea Setorial de Acesso \u00e0 Informa\u00e7\u00e3o da Secretaria da Fazenda<\/h4>\n<p>&nbsp;<\/p>\n<p>Composi\u00e7\u00e3o relativa \u00e0 Portaria <a href=\"https:\/\/ww16.ce.gov.br\/sefaz\/wp-content\/uploads\/sites\/46\/2024\/07\/Port-180.2024.pdf\">n\u00ba180\/2024<\/a>, de 04 de junho de 2024.<\/p>\n<p>&nbsp;<\/p>\n<p><strong>Guilherme Fran\u00e7a Moraes<\/strong><\/p>\n<p>Secret\u00e1rio Executivo de Planejamento e Gest\u00e3o Interna<\/p>\n<p><strong>Contato:<\/strong> 3108.0715<\/p>\n<p><strong>E-mail:\u00a0<\/strong>guilherme.franca@sefaz.ce.gov.br<\/p>\n<p>&nbsp;<\/p>\n<p><strong>Jurandir Gurgel Gondim Filho<\/strong><\/p>\n<p>Coordenador da Assessoria de Controle Interno e Ouvidoria<\/p>\n<p><strong>Contato:<\/strong> 3108.0333<\/p>\n<p><strong>E-mail:<\/strong>\u00a0jurandir.gurgel@sefaz.ce.gov.br<\/p>\n<p>&nbsp;<\/p>\n<p><strong>Ana Cristina Sousa de Oliveira Sab\u00f3ia<\/strong><\/p>\n<p>Coordenadora de Desenvolvimento Institucional e Planejamento<\/p>\n<p><strong>Contato:<\/strong> 3108.0561<\/p>\n<p><strong>E-mail:<\/strong> cristina.saboia@sefaz.ce.gov.br<\/p>\n<p>&nbsp;<\/p>\n<p><strong>Daniela Sousa Gouveia<\/strong><\/p>\n<p>Coordenadora de Atendimento e Execu\u00e7\u00e3o<\/p>\n<p><strong>Contato:<\/strong> 3108.0595<\/p>\n<p><strong>E-mail:<\/strong>\u00a0daniela.gouveia@sefaz.ce.gov.br<\/p>\n<\/div>\n","protected":false},"excerpt":{"rendered":"<p>Comit\u00ea Setorial de Acesso \u00e0 Informa\u00e7\u00e3o da Secretaria da Fazenda &nbsp; Composi\u00e7\u00e3o relativa \u00e0 Portaria n\u00ba180\/2024, de 04 de junho de 2024. &nbsp; Guilherme Fran\u00e7a Moraes Secret\u00e1rio Executivo de Planejamento e Gest\u00e3o Interna Contato: 3108.0715 E-mail:\u00a0guilherme.franca@sefaz.ce.gov.br &nbsp; Jurandir Gurgel Gondim Filho Coordenador da Assessoria de Controle Interno e Ouvidoria Contato: 3108.0333 E-mail:\u00a0jurandir.gurgel@sefaz.ce.gov.br &nbsp; Ana Cristina [&hellip;]<\/p>\n","protected":false},"author":12,"featured_media":0,"parent":3476,"menu_order":3,"comment_status":"closed","ping_status":"closed","template":"page-comite-setorial.php","meta":{"_acf_changed":false,"inline_featured_image":false,"footnotes":""},"class_list":["post-13298","page","type-page","status-publish","hentry"],"acf":[],"yoast_head":"<!-- This site is optimized with the Yoast SEO plugin v26.9 - https:\/\/yoast.com\/product\/yoast-seo-wordpress\/ -->\n<title>COMIT\u00ca SETORIAL DE ACESSO \u00c0 INFORMA\u00c7\u00c3O - SEFAZ<\/title>\n<meta name=\"robots\" content=\"index, follow, max-snippet:-1, max-image-preview:large, max-video-preview:-1\" \/>\n<link rel=\"canonical\" href=\"https:\/\/ww16.ce.gov.br\/sefaz\/acesso-a-informacao\/comite-setorial-de-acesso-a-informacao\/\" \/>\n<meta property=\"og:locale\" content=\"pt_BR\" \/>\n<meta property=\"og:type\" content=\"article\" \/>\n<meta property=\"og:title\" content=\"COMIT\u00ca SETORIAL DE ACESSO \u00c0 INFORMA\u00c7\u00c3O - SEFAZ\" \/>\n<meta property=\"og:description\" content=\"Comit\u00ea Setorial de Acesso \u00e0 Informa\u00e7\u00e3o da Secretaria da Fazenda &nbsp; Composi\u00e7\u00e3o relativa \u00e0 Portaria n\u00ba180\/2024, de 04 de junho de 2024. &nbsp; Guilherme Fran\u00e7a Moraes Secret\u00e1rio Executivo de Planejamento e Gest\u00e3o Interna Contato: 3108.0715 E-mail:\u00a0guilherme.franca@sefaz.ce.gov.br &nbsp; Jurandir Gurgel Gondim Filho Coordenador da Assessoria de Controle Interno e Ouvidoria Contato: 3108.0333 E-mail:\u00a0jurandir.gurgel@sefaz.ce.gov.br &nbsp; Ana Cristina [&hellip;]\" \/>\n<meta property=\"og:url\" content=\"https:\/\/ww16.ce.gov.br\/sefaz\/acesso-a-informacao\/comite-setorial-de-acesso-a-informacao\/\" \/>\n<meta property=\"og:site_name\" content=\"SEFAZ\" \/>\n<meta property=\"article:modified_time\" content=\"2026-02-05T19:00:13+00:00\" \/>\n<meta name=\"twitter:card\" content=\"summary_large_image\" \/>\n<meta name=\"twitter:label1\" content=\"Est. reading time\" \/>\n\t<meta name=\"twitter:data1\" content=\"2 minutos\" \/>\n<script type=\"application\/ld+json\" class=\"yoast-schema-graph\">{\"@context\":\"https:\/\/schema.org\",\"@graph\":[{\"@type\":\"WebPage\",\"@id\":\"https:\/\/ww16.ce.gov.br\/sefaz\/acesso-a-informacao\/comite-setorial-de-acesso-a-informacao\/\",\"url\":\"https:\/\/ww16.ce.gov.br\/sefaz\/acesso-a-informacao\/comite-setorial-de-acesso-a-informacao\/\",\"name\":\"COMIT\u00ca SETORIAL DE ACESSO \u00c0 INFORMA\u00c7\u00c3O - SEFAZ\",\"isPartOf\":{\"@id\":\"https:\/\/ww16.ce.gov.br\/sefaz\/#website\"},\"datePublished\":\"2018-12-19T11:32:17+00:00\",\"dateModified\":\"2026-02-05T19:00:13+00:00\",\"breadcrumb\":{\"@id\":\"https:\/\/ww16.ce.gov.br\/sefaz\/acesso-a-informacao\/comite-setorial-de-acesso-a-informacao\/#breadcrumb\"},\"inLanguage\":\"pt-BR\",\"potentialAction\":[{\"@type\":\"ReadAction\",\"target\":[\"https:\/\/ww16.ce.gov.br\/sefaz\/acesso-a-informacao\/comite-setorial-de-acesso-a-informacao\/\"]}]},{\"@type\":\"BreadcrumbList\",\"@id\":\"https:\/\/ww16.ce.gov.br\/sefaz\/acesso-a-informacao\/comite-setorial-de-acesso-a-informacao\/#breadcrumb\",\"itemListElement\":[{\"@type\":\"ListItem\",\"position\":1,\"name\":\"In\u00edcio\",\"item\":\"https:\/\/ww16.ce.gov.br\/sefaz\/\"},{\"@type\":\"ListItem\",\"position\":2,\"name\":\"Acesso a Informa\u00e7\u00e3o\",\"item\":\"https:\/\/ww16.ce.gov.br\/sefaz\/acesso-a-informacao\/\"},{\"@type\":\"ListItem\",\"position\":3,\"name\":\"COMIT\u00ca SETORIAL DE ACESSO \u00c0 INFORMA\u00c7\u00c3O\"}]},{\"@type\":\"WebSite\",\"@id\":\"https:\/\/ww16.ce.gov.br\/sefaz\/#website\",\"url\":\"https:\/\/ww16.ce.gov.br\/sefaz\/\",\"name\":\"Secretaria da Fazenda\",\"description\":\"Portal SEFAZ\",\"publisher\":{\"@id\":\"https:\/\/ww16.ce.gov.br\/sefaz\/#organization\"},\"potentialAction\":[{\"@type\":\"SearchAction\",\"target\":{\"@type\":\"EntryPoint\",\"urlTemplate\":\"https:\/\/ww16.ce.gov.br\/sefaz\/?s={search_term_string}\"},\"query-input\":{\"@type\":\"PropertyValueSpecification\",\"valueRequired\":true,\"valueName\":\"search_term_string\"}}],\"inLanguage\":\"pt-BR\"},{\"@type\":\"Organization\",\"@id\":\"https:\/\/ww16.ce.gov.br\/sefaz\/#organization\",\"name\":\"Secretaria da Fazenda\",\"url\":\"https:\/\/ww16.ce.gov.br\/sefaz\/\",\"logo\":{\"@type\":\"ImageObject\",\"inLanguage\":\"pt-BR\",\"@id\":\"https:\/\/ww16.ce.gov.br\/sefaz\/#\/schema\/logo\/image\/\",\"url\":\"http:\/\/ww16.ce.gov.br\/sefaz\/wp-content\/uploads\/sites\/61\/2018\/05\/sefaz-clara2.png\",\"contentUrl\":\"http:\/\/ww16.ce.gov.br\/sefaz\/wp-content\/uploads\/sites\/61\/2018\/05\/sefaz-clara2.png\",\"width\":559,\"height\":106,\"caption\":\"Secretaria da Fazenda\"},\"image\":{\"@id\":\"https:\/\/ww16.ce.gov.br\/sefaz\/#\/schema\/logo\/image\/\"}}]}<\/script>\n<!-- \/ Yoast SEO plugin. -->","yoast_head_json":{"title":"COMIT\u00ca SETORIAL DE ACESSO \u00c0 INFORMA\u00c7\u00c3O - SEFAZ","robots":{"index":"index","follow":"follow","max-snippet":"max-snippet:-1","max-image-preview":"max-image-preview:large","max-video-preview":"max-video-preview:-1"},"canonical":"https:\/\/ww16.ce.gov.br\/sefaz\/acesso-a-informacao\/comite-setorial-de-acesso-a-informacao\/","og_locale":"pt_BR","og_type":"article","og_title":"COMIT\u00ca SETORIAL DE ACESSO \u00c0 INFORMA\u00c7\u00c3O - SEFAZ","og_description":"Comit\u00ea Setorial de Acesso \u00e0 Informa\u00e7\u00e3o da Secretaria da Fazenda &nbsp; Composi\u00e7\u00e3o relativa \u00e0 Portaria n\u00ba180\/2024, de 04 de junho de 2024. &nbsp; Guilherme Fran\u00e7a Moraes Secret\u00e1rio Executivo de Planejamento e Gest\u00e3o Interna Contato: 3108.0715 E-mail:\u00a0guilherme.franca@sefaz.ce.gov.br &nbsp; Jurandir Gurgel Gondim Filho Coordenador da Assessoria de Controle Interno e Ouvidoria Contato: 3108.0333 E-mail:\u00a0jurandir.gurgel@sefaz.ce.gov.br &nbsp; Ana Cristina [&hellip;]","og_url":"https:\/\/ww16.ce.gov.br\/sefaz\/acesso-a-informacao\/comite-setorial-de-acesso-a-informacao\/","og_site_name":"SEFAZ","article_modified_time":"2026-02-05T19:00:13+00:00","twitter_card":"summary_large_image","twitter_misc":{"Est. reading time":"2 minutos"},"schema":{"@context":"https:\/\/schema.org","@graph":[{"@type":"WebPage","@id":"https:\/\/ww16.ce.gov.br\/sefaz\/acesso-a-informacao\/comite-setorial-de-acesso-a-informacao\/","url":"https:\/\/ww16.ce.gov.br\/sefaz\/acesso-a-informacao\/comite-setorial-de-acesso-a-informacao\/","name":"COMIT\u00ca SETORIAL DE ACESSO \u00c0 INFORMA\u00c7\u00c3O - SEFAZ","isPartOf":{"@id":"https:\/\/ww16.ce.gov.br\/sefaz\/#website"},"datePublished":"2018-12-19T11:32:17+00:00","dateModified":"2026-02-05T19:00:13+00:00","breadcrumb":{"@id":"https:\/\/ww16.ce.gov.br\/sefaz\/acesso-a-informacao\/comite-setorial-de-acesso-a-informacao\/#breadcrumb"},"inLanguage":"pt-BR","potentialAction":[{"@type":"ReadAction","target":["https:\/\/ww16.ce.gov.br\/sefaz\/acesso-a-informacao\/comite-setorial-de-acesso-a-informacao\/"]}]},{"@type":"BreadcrumbList","@id":"https:\/\/ww16.ce.gov.br\/sefaz\/acesso-a-informacao\/comite-setorial-de-acesso-a-informacao\/#breadcrumb","itemListElement":[{"@type":"ListItem","position":1,"name":"In\u00edcio","item":"https:\/\/ww16.ce.gov.br\/sefaz\/"},{"@type":"ListItem","position":2,"name":"Acesso a Informa\u00e7\u00e3o","item":"https:\/\/ww16.ce.gov.br\/sefaz\/acesso-a-informacao\/"},{"@type":"ListItem","position":3,"name":"COMIT\u00ca SETORIAL DE ACESSO \u00c0 INFORMA\u00c7\u00c3O"}]},{"@type":"WebSite","@id":"https:\/\/ww16.ce.gov.br\/sefaz\/#website","url":"https:\/\/ww16.ce.gov.br\/sefaz\/","name":"Secretaria da Fazenda","description":"Portal SEFAZ","publisher":{"@id":"https:\/\/ww16.ce.gov.br\/sefaz\/#organization"},"potentialAction":[{"@type":"SearchAction","target":{"@type":"EntryPoint","urlTemplate":"https:\/\/ww16.ce.gov.br\/sefaz\/?s={search_term_string}"},"query-input":{"@type":"PropertyValueSpecification","valueRequired":true,"valueName":"search_term_string"}}],"inLanguage":"pt-BR"},{"@type":"Organization","@id":"https:\/\/ww16.ce.gov.br\/sefaz\/#organization","name":"Secretaria da Fazenda","url":"https:\/\/ww16.ce.gov.br\/sefaz\/","logo":{"@type":"ImageObject","inLanguage":"pt-BR","@id":"https:\/\/ww16.ce.gov.br\/sefaz\/#\/schema\/logo\/image\/","url":"http:\/\/ww16.ce.gov.br\/sefaz\/wp-content\/uploads\/sites\/61\/2018\/05\/sefaz-clara2.png","contentUrl":"http:\/\/ww16.ce.gov.br\/sefaz\/wp-content\/uploads\/sites\/61\/2018\/05\/sefaz-clara2.png","width":559,"height":106,"caption":"Secretaria da Fazenda"},"image":{"@id":"https:\/\/ww16.ce.gov.br\/sefaz\/#\/schema\/logo\/image\/"}}]}},"_links":{"self":[{"href":"https:\/\/ww16.ce.gov.br\/sefaz\/wp-json\/wp\/v2\/pages\/13298","targetHints":{"allow":["GET"]}}],"collection":[{"href":"https:\/\/ww16.ce.gov.br\/sefaz\/wp-json\/wp\/v2\/pages"}],"about":[{"href":"https:\/\/ww16.ce.gov.br\/sefaz\/wp-json\/wp\/v2\/types\/page"}],"author":[{"embeddable":true,"href":"https:\/\/ww16.ce.gov.br\/sefaz\/wp-json\/wp\/v2\/users\/12"}],"replies":[{"embeddable":true,"href":"https:\/\/ww16.ce.gov.br\/sefaz\/wp-json\/wp\/v2\/comments?post=13298"}],"version-history":[{"count":26,"href":"https:\/\/ww16.ce.gov.br\/sefaz\/wp-json\/wp\/v2\/pages\/13298\/revisions"}],"predecessor-version":[{"id":36566,"href":"https:\/\/ww16.ce.gov.br\/sefaz\/wp-json\/wp\/v2\/pages\/13298\/revisions\/36566"}],"up":[{"embeddable":true,"href":"https:\/\/ww16.ce.gov.br\/sefaz\/wp-json\/wp\/v2\/pages\/3476"}],"wp:attachment":[{"href":"https:\/\/ww16.ce.gov.br\/sefaz\/wp-json\/wp\/v2\/media?parent=13298"}],"curies":[{"name":"wp","href":"https:\/\/api.w.org\/{rel}","templated":true}]}}