{"id":13296,"date":"2018-12-19T08:31:33","date_gmt":"2018-12-19T11:31:33","guid":{"rendered":"http:\/\/ww16.ce.gov.br\/sefaz\/?page_id=13296"},"modified":"2022-08-10T16:16:03","modified_gmt":"2022-08-10T19:16:03","slug":"relacao-de-informacoes-sigilosas","status":"publish","type":"page","link":"https:\/\/ww16.ce.gov.br\/sefaz\/acesso-a-informacao\/relacao-de-informacoes-sigilosas\/","title":{"rendered":"Rela\u00e7\u00e3o de Informa\u00e7\u00f5es Sigilosas"},"content":{"rendered":"<h3 class=\"-laranja\"><strong>Rela\u00e7\u00e3o de Informa\u00e7\u00f5es Sigilosas<\/strong><\/h3>\n<p>&nbsp;<\/p>\n<h3 class=\"-laranja\">Informa\u00e7\u00f5es Classificadas<\/h3>\n<p><img loading=\"lazy\" decoding=\"async\" class=\"alignnone  wp-image-26659\" src=\"https:\/\/ww16.ce.gov.br\/sefaz\/wp-content\/uploads\/sites\/46\/2020\/08\/tabela-ouvidoria-600x198.jpg\" alt=\"\" width=\"1124\" height=\"371\" srcset=\"https:\/\/ww16.ce.gov.br\/sefaz\/wp-content\/uploads\/sites\/46\/2020\/08\/tabela-ouvidoria-600x198.jpg 600w, https:\/\/ww16.ce.gov.br\/sefaz\/wp-content\/uploads\/sites\/46\/2020\/08\/tabela-ouvidoria-1200x396.jpg 1200w, https:\/\/ww16.ce.gov.br\/sefaz\/wp-content\/uploads\/sites\/46\/2020\/08\/tabela-ouvidoria-768x253.jpg 768w, https:\/\/ww16.ce.gov.br\/sefaz\/wp-content\/uploads\/sites\/46\/2020\/08\/tabela-ouvidoria.jpg 1530w\" sizes=\"auto, (max-width: 1124px) 100vw, 1124px\" \/><\/p>\n<p><a href=\"https:\/\/www.cge.ce.gov.br\/wp-content\/uploads\/sites\/20\/2019\/01\/Portaria-CGAI-n%C2%B0-01.2016-Disp%C3%B5e-sobre-a-Uniformiza%C3%A7%C3%A3o-na-Classifica%C3%A7%C3%A3o-de-Informa%C3%A7%C3%A3o-Sigilosa-de-Mat%C3%A9ria-Comum-a-Todos-os-%C3%93rg%C3%A3os-e-Entidades-do-Poder-Executivo-Estadual.pdf\">Portaria CGAI n\u00b0 01\/2016 \u2013 Disp\u00f5e sobre a Uniformiza\u00e7\u00e3o na Classifica\u00e7\u00e3o de Informa\u00e7\u00e3o Sigilosa de Mat\u00e9ria Comum a Todos os \u00d3rg\u00e3os e Entidades do Poder Executivo Estadual<\/a><\/p>\n<p>&nbsp;<\/p>\n<p>Informa\u00e7\u00f5es Desclassificadas:<\/p>\n<p>N\u00e3o h\u00e1 registro de informa\u00e7\u00f5es desclassificadas at\u00e9 a presente data.<\/p>\n","protected":false},"excerpt":{"rendered":"<p>Rela\u00e7\u00e3o de Informa\u00e7\u00f5es Sigilosas &nbsp; Informa\u00e7\u00f5es Classificadas Portaria CGAI n\u00b0 01\/2016 \u2013 Disp\u00f5e sobre a Uniformiza\u00e7\u00e3o na Classifica\u00e7\u00e3o de Informa\u00e7\u00e3o Sigilosa de Mat\u00e9ria Comum a Todos os \u00d3rg\u00e3os e Entidades do Poder Executivo Estadual &nbsp; Informa\u00e7\u00f5es Desclassificadas: N\u00e3o h\u00e1 registro de informa\u00e7\u00f5es desclassificadas at\u00e9 a presente data.<\/p>\n","protected":false},"author":12,"featured_media":0,"parent":3476,"menu_order":2,"comment_status":"closed","ping_status":"closed","template":"","meta":{"_acf_changed":false,"inline_featured_image":false,"footnotes":""},"class_list":["post-13296","page","type-page","status-publish","hentry"],"acf":[],"yoast_head":"<!-- This site is optimized with the Yoast SEO plugin v26.9 - https:\/\/yoast.com\/product\/yoast-seo-wordpress\/ -->\n<title>Rela\u00e7\u00e3o de Informa\u00e7\u00f5es Sigilosas - SEFAZ<\/title>\n<meta name=\"robots\" content=\"index, follow, max-snippet:-1, max-image-preview:large, max-video-preview:-1\" \/>\n<link rel=\"canonical\" href=\"https:\/\/ww16.ce.gov.br\/sefaz\/acesso-a-informacao\/relacao-de-informacoes-sigilosas\/\" \/>\n<meta property=\"og:locale\" content=\"pt_BR\" \/>\n<meta property=\"og:type\" content=\"article\" \/>\n<meta property=\"og:title\" content=\"Rela\u00e7\u00e3o de Informa\u00e7\u00f5es Sigilosas - SEFAZ\" \/>\n<meta property=\"og:description\" content=\"Rela\u00e7\u00e3o de Informa\u00e7\u00f5es Sigilosas &nbsp; Informa\u00e7\u00f5es Classificadas Portaria CGAI n\u00b0 01\/2016 \u2013 Disp\u00f5e sobre a Uniformiza\u00e7\u00e3o na Classifica\u00e7\u00e3o de Informa\u00e7\u00e3o Sigilosa de Mat\u00e9ria Comum a Todos os \u00d3rg\u00e3os e Entidades do Poder Executivo Estadual &nbsp; Informa\u00e7\u00f5es Desclassificadas: N\u00e3o h\u00e1 registro de informa\u00e7\u00f5es desclassificadas at\u00e9 a presente data.\" \/>\n<meta property=\"og:url\" content=\"https:\/\/ww16.ce.gov.br\/sefaz\/acesso-a-informacao\/relacao-de-informacoes-sigilosas\/\" \/>\n<meta property=\"og:site_name\" content=\"SEFAZ\" \/>\n<meta property=\"article:modified_time\" content=\"2022-08-10T19:16:03+00:00\" \/>\n<meta property=\"og:image\" content=\"http:\/\/ww16.ce.gov.br\/sefaz\/wp-content\/uploads\/sites\/46\/2020\/08\/tabela-ouvidoria-600x198.jpg\" \/>\n<meta name=\"twitter:card\" content=\"summary_large_image\" \/>\n<script type=\"application\/ld+json\" class=\"yoast-schema-graph\">{\"@context\":\"https:\/\/schema.org\",\"@graph\":[{\"@type\":\"WebPage\",\"@id\":\"https:\/\/ww16.ce.gov.br\/sefaz\/acesso-a-informacao\/relacao-de-informacoes-sigilosas\/\",\"url\":\"https:\/\/ww16.ce.gov.br\/sefaz\/acesso-a-informacao\/relacao-de-informacoes-sigilosas\/\",\"name\":\"Rela\u00e7\u00e3o de Informa\u00e7\u00f5es Sigilosas - SEFAZ\",\"isPartOf\":{\"@id\":\"https:\/\/ww16.ce.gov.br\/sefaz\/#website\"},\"primaryImageOfPage\":{\"@id\":\"https:\/\/ww16.ce.gov.br\/sefaz\/acesso-a-informacao\/relacao-de-informacoes-sigilosas\/#primaryimage\"},\"image\":{\"@id\":\"https:\/\/ww16.ce.gov.br\/sefaz\/acesso-a-informacao\/relacao-de-informacoes-sigilosas\/#primaryimage\"},\"thumbnailUrl\":\"http:\/\/ww16.ce.gov.br\/sefaz\/wp-content\/uploads\/sites\/46\/2020\/08\/tabela-ouvidoria-600x198.jpg\",\"datePublished\":\"2018-12-19T11:31:33+00:00\",\"dateModified\":\"2022-08-10T19:16:03+00:00\",\"breadcrumb\":{\"@id\":\"https:\/\/ww16.ce.gov.br\/sefaz\/acesso-a-informacao\/relacao-de-informacoes-sigilosas\/#breadcrumb\"},\"inLanguage\":\"pt-BR\",\"potentialAction\":[{\"@type\":\"ReadAction\",\"target\":[\"https:\/\/ww16.ce.gov.br\/sefaz\/acesso-a-informacao\/relacao-de-informacoes-sigilosas\/\"]}]},{\"@type\":\"ImageObject\",\"inLanguage\":\"pt-BR\",\"@id\":\"https:\/\/ww16.ce.gov.br\/sefaz\/acesso-a-informacao\/relacao-de-informacoes-sigilosas\/#primaryimage\",\"url\":\"http:\/\/ww16.ce.gov.br\/sefaz\/wp-content\/uploads\/sites\/46\/2020\/08\/tabela-ouvidoria-600x198.jpg\",\"contentUrl\":\"http:\/\/ww16.ce.gov.br\/sefaz\/wp-content\/uploads\/sites\/46\/2020\/08\/tabela-ouvidoria-600x198.jpg\"},{\"@type\":\"BreadcrumbList\",\"@id\":\"https:\/\/ww16.ce.gov.br\/sefaz\/acesso-a-informacao\/relacao-de-informacoes-sigilosas\/#breadcrumb\",\"itemListElement\":[{\"@type\":\"ListItem\",\"position\":1,\"name\":\"In\u00edcio\",\"item\":\"https:\/\/ww16.ce.gov.br\/sefaz\/\"},{\"@type\":\"ListItem\",\"position\":2,\"name\":\"Acesso a Informa\u00e7\u00e3o\",\"item\":\"https:\/\/ww16.ce.gov.br\/sefaz\/acesso-a-informacao\/\"},{\"@type\":\"ListItem\",\"position\":3,\"name\":\"Rela\u00e7\u00e3o de Informa\u00e7\u00f5es Sigilosas\"}]},{\"@type\":\"WebSite\",\"@id\":\"https:\/\/ww16.ce.gov.br\/sefaz\/#website\",\"url\":\"https:\/\/ww16.ce.gov.br\/sefaz\/\",\"name\":\"Secretaria da Fazenda\",\"description\":\"Portal SEFAZ\",\"publisher\":{\"@id\":\"https:\/\/ww16.ce.gov.br\/sefaz\/#organization\"},\"potentialAction\":[{\"@type\":\"SearchAction\",\"target\":{\"@type\":\"EntryPoint\",\"urlTemplate\":\"https:\/\/ww16.ce.gov.br\/sefaz\/?s={search_term_string}\"},\"query-input\":{\"@type\":\"PropertyValueSpecification\",\"valueRequired\":true,\"valueName\":\"search_term_string\"}}],\"inLanguage\":\"pt-BR\"},{\"@type\":\"Organization\",\"@id\":\"https:\/\/ww16.ce.gov.br\/sefaz\/#organization\",\"name\":\"Secretaria da Fazenda\",\"url\":\"https:\/\/ww16.ce.gov.br\/sefaz\/\",\"logo\":{\"@type\":\"ImageObject\",\"inLanguage\":\"pt-BR\",\"@id\":\"https:\/\/ww16.ce.gov.br\/sefaz\/#\/schema\/logo\/image\/\",\"url\":\"http:\/\/ww16.ce.gov.br\/sefaz\/wp-content\/uploads\/sites\/61\/2018\/05\/sefaz-clara2.png\",\"contentUrl\":\"http:\/\/ww16.ce.gov.br\/sefaz\/wp-content\/uploads\/sites\/61\/2018\/05\/sefaz-clara2.png\",\"width\":559,\"height\":106,\"caption\":\"Secretaria da Fazenda\"},\"image\":{\"@id\":\"https:\/\/ww16.ce.gov.br\/sefaz\/#\/schema\/logo\/image\/\"}}]}<\/script>\n<!-- \/ Yoast SEO plugin. -->","yoast_head_json":{"title":"Rela\u00e7\u00e3o de Informa\u00e7\u00f5es Sigilosas - SEFAZ","robots":{"index":"index","follow":"follow","max-snippet":"max-snippet:-1","max-image-preview":"max-image-preview:large","max-video-preview":"max-video-preview:-1"},"canonical":"https:\/\/ww16.ce.gov.br\/sefaz\/acesso-a-informacao\/relacao-de-informacoes-sigilosas\/","og_locale":"pt_BR","og_type":"article","og_title":"Rela\u00e7\u00e3o de Informa\u00e7\u00f5es Sigilosas - SEFAZ","og_description":"Rela\u00e7\u00e3o de Informa\u00e7\u00f5es Sigilosas &nbsp; Informa\u00e7\u00f5es Classificadas Portaria CGAI n\u00b0 01\/2016 \u2013 Disp\u00f5e sobre a Uniformiza\u00e7\u00e3o na Classifica\u00e7\u00e3o de Informa\u00e7\u00e3o Sigilosa de Mat\u00e9ria Comum a Todos os \u00d3rg\u00e3os e Entidades do Poder Executivo Estadual &nbsp; Informa\u00e7\u00f5es Desclassificadas: N\u00e3o h\u00e1 registro de informa\u00e7\u00f5es desclassificadas at\u00e9 a presente data.","og_url":"https:\/\/ww16.ce.gov.br\/sefaz\/acesso-a-informacao\/relacao-de-informacoes-sigilosas\/","og_site_name":"SEFAZ","article_modified_time":"2022-08-10T19:16:03+00:00","og_image":[{"url":"http:\/\/ww16.ce.gov.br\/sefaz\/wp-content\/uploads\/sites\/46\/2020\/08\/tabela-ouvidoria-600x198.jpg","type":"","width":"","height":""}],"twitter_card":"summary_large_image","schema":{"@context":"https:\/\/schema.org","@graph":[{"@type":"WebPage","@id":"https:\/\/ww16.ce.gov.br\/sefaz\/acesso-a-informacao\/relacao-de-informacoes-sigilosas\/","url":"https:\/\/ww16.ce.gov.br\/sefaz\/acesso-a-informacao\/relacao-de-informacoes-sigilosas\/","name":"Rela\u00e7\u00e3o de Informa\u00e7\u00f5es Sigilosas - SEFAZ","isPartOf":{"@id":"https:\/\/ww16.ce.gov.br\/sefaz\/#website"},"primaryImageOfPage":{"@id":"https:\/\/ww16.ce.gov.br\/sefaz\/acesso-a-informacao\/relacao-de-informacoes-sigilosas\/#primaryimage"},"image":{"@id":"https:\/\/ww16.ce.gov.br\/sefaz\/acesso-a-informacao\/relacao-de-informacoes-sigilosas\/#primaryimage"},"thumbnailUrl":"http:\/\/ww16.ce.gov.br\/sefaz\/wp-content\/uploads\/sites\/46\/2020\/08\/tabela-ouvidoria-600x198.jpg","datePublished":"2018-12-19T11:31:33+00:00","dateModified":"2022-08-10T19:16:03+00:00","breadcrumb":{"@id":"https:\/\/ww16.ce.gov.br\/sefaz\/acesso-a-informacao\/relacao-de-informacoes-sigilosas\/#breadcrumb"},"inLanguage":"pt-BR","potentialAction":[{"@type":"ReadAction","target":["https:\/\/ww16.ce.gov.br\/sefaz\/acesso-a-informacao\/relacao-de-informacoes-sigilosas\/"]}]},{"@type":"ImageObject","inLanguage":"pt-BR","@id":"https:\/\/ww16.ce.gov.br\/sefaz\/acesso-a-informacao\/relacao-de-informacoes-sigilosas\/#primaryimage","url":"http:\/\/ww16.ce.gov.br\/sefaz\/wp-content\/uploads\/sites\/46\/2020\/08\/tabela-ouvidoria-600x198.jpg","contentUrl":"http:\/\/ww16.ce.gov.br\/sefaz\/wp-content\/uploads\/sites\/46\/2020\/08\/tabela-ouvidoria-600x198.jpg"},{"@type":"BreadcrumbList","@id":"https:\/\/ww16.ce.gov.br\/sefaz\/acesso-a-informacao\/relacao-de-informacoes-sigilosas\/#breadcrumb","itemListElement":[{"@type":"ListItem","position":1,"name":"In\u00edcio","item":"https:\/\/ww16.ce.gov.br\/sefaz\/"},{"@type":"ListItem","position":2,"name":"Acesso a Informa\u00e7\u00e3o","item":"https:\/\/ww16.ce.gov.br\/sefaz\/acesso-a-informacao\/"},{"@type":"ListItem","position":3,"name":"Rela\u00e7\u00e3o de Informa\u00e7\u00f5es Sigilosas"}]},{"@type":"WebSite","@id":"https:\/\/ww16.ce.gov.br\/sefaz\/#website","url":"https:\/\/ww16.ce.gov.br\/sefaz\/","name":"Secretaria da Fazenda","description":"Portal SEFAZ","publisher":{"@id":"https:\/\/ww16.ce.gov.br\/sefaz\/#organization"},"potentialAction":[{"@type":"SearchAction","target":{"@type":"EntryPoint","urlTemplate":"https:\/\/ww16.ce.gov.br\/sefaz\/?s={search_term_string}"},"query-input":{"@type":"PropertyValueSpecification","valueRequired":true,"valueName":"search_term_string"}}],"inLanguage":"pt-BR"},{"@type":"Organization","@id":"https:\/\/ww16.ce.gov.br\/sefaz\/#organization","name":"Secretaria da Fazenda","url":"https:\/\/ww16.ce.gov.br\/sefaz\/","logo":{"@type":"ImageObject","inLanguage":"pt-BR","@id":"https:\/\/ww16.ce.gov.br\/sefaz\/#\/schema\/logo\/image\/","url":"http:\/\/ww16.ce.gov.br\/sefaz\/wp-content\/uploads\/sites\/61\/2018\/05\/sefaz-clara2.png","contentUrl":"http:\/\/ww16.ce.gov.br\/sefaz\/wp-content\/uploads\/sites\/61\/2018\/05\/sefaz-clara2.png","width":559,"height":106,"caption":"Secretaria da Fazenda"},"image":{"@id":"https:\/\/ww16.ce.gov.br\/sefaz\/#\/schema\/logo\/image\/"}}]}},"_links":{"self":[{"href":"https:\/\/ww16.ce.gov.br\/sefaz\/wp-json\/wp\/v2\/pages\/13296","targetHints":{"allow":["GET"]}}],"collection":[{"href":"https:\/\/ww16.ce.gov.br\/sefaz\/wp-json\/wp\/v2\/pages"}],"about":[{"href":"https:\/\/ww16.ce.gov.br\/sefaz\/wp-json\/wp\/v2\/types\/page"}],"author":[{"embeddable":true,"href":"https:\/\/ww16.ce.gov.br\/sefaz\/wp-json\/wp\/v2\/users\/12"}],"replies":[{"embeddable":true,"href":"https:\/\/ww16.ce.gov.br\/sefaz\/wp-json\/wp\/v2\/comments?post=13296"}],"version-history":[{"count":10,"href":"https:\/\/ww16.ce.gov.br\/sefaz\/wp-json\/wp\/v2\/pages\/13296\/revisions"}],"predecessor-version":[{"id":26660,"href":"https:\/\/ww16.ce.gov.br\/sefaz\/wp-json\/wp\/v2\/pages\/13296\/revisions\/26660"}],"up":[{"embeddable":true,"href":"https:\/\/ww16.ce.gov.br\/sefaz\/wp-json\/wp\/v2\/pages\/3476"}],"wp:attachment":[{"href":"https:\/\/ww16.ce.gov.br\/sefaz\/wp-json\/wp\/v2\/media?parent=13296"}],"curies":[{"name":"wp","href":"https:\/\/api.w.org\/{rel}","templated":true}]}}