{"id":13294,"date":"2018-12-19T08:30:27","date_gmt":"2018-12-19T11:30:27","guid":{"rendered":"http:\/\/ww16.ce.gov.br\/sefaz\/?page_id=13294"},"modified":"2026-02-05T15:12:22","modified_gmt":"2026-02-05T18:12:22","slug":"perguntas-frequentes","status":"publish","type":"page","link":"https:\/\/ww16.ce.gov.br\/sefaz\/acesso-a-informacao\/perguntas-frequentes\/","title":{"rendered":"Perguntas Frequentes"},"content":{"rendered":"<h2 class=\"-laranja\"><strong>Perguntas Frequentes<\/strong><\/h2>\n<p><strong>1- Como obter a isen\u00e7\u00e3o de IPVA para deficiente f\u00edsico?<\/strong><\/p>\n<p>&nbsp;<\/p>\n<p>O interessado dever\u00e1 requerer junto \u00e0s C\u00e9lulas de Execu\u00e7\u00e3o da Administra\u00e7\u00e3o Tribut\u00e1ria (Cexat) ou N\u00facleo de Atendimento (Nuat), conforme prev\u00ea o art. 6\u00ba da Instru\u00e7\u00e3o Normativa n\u00ba 04 de 6 de mar\u00e7o de 2012, com apresenta\u00e7\u00e3o dos seguintes documentos: Formul\u00e1rio padr\u00e3o preenchido, Laudo m\u00e9dico, c\u00f3pias do RG, CPF, CNH, CRLV do ve\u00edculo, certid\u00e3o original do registro de interdi\u00e7\u00e3o, no caso de ve\u00edculo pertencente a interdito.<br \/>\nO laudo m\u00e9dico deve ser emitido exclusivamente por uma das Institui\u00e7\u00f5es previstas no Decreto n\u00ba 22.311\/1992, reportar-se a uma das defici\u00eancias relacionadas no mesmo decreto, constar a Classifica\u00e7\u00e3o Internacional de Doen\u00e7as (CID) e indicar se a incapacidade \u00e9 revers\u00edvel ou n\u00e3o. N\u00e3o ser\u00e3o considerados como prova de defici\u00eancia, em substitui\u00e7\u00e3o ao laudo m\u00e9dico, o atestado m\u00e9dico, o receitu\u00e1rio ou outro documento emitido em desacordo com a Portaria Interministerial MS-SEDH N\u00ba 02, de 21 de novembro de 2003. A certid\u00e3o do registro de interdi\u00e7\u00e3o deve ser expedida por Cart\u00f3rio de Registro das Pessoas Naturais, conter o nome do interdito e do seu curador, a causa da interdi\u00e7\u00e3o e os limites da curatela, n\u00e3o podendo ser emitida com menos de 30 (trinta) dias da data da protocoliza\u00e7\u00e3o do pedido de isen\u00e7\u00e3o. A CNH a ser apresentada, na hip\u00f3tese em que a defici\u00eancia n\u00e3o permita ao benefici\u00e1rio conduzir o ve\u00edculo, deve ser do condutor indicado no processo, juntamente com c\u00f3pia do RG e do CPF.<br \/>\nO requerimento ser\u00e1 formalizado no sistema Tramita, servi\u00e7o dispon\u00edvel no site da Sefaz, <a href=\"https:\/\/ww16.ce.gov.br\/sefaz\">www.sefaz.ce.gov.br<\/a>, ou presencialmente na Cexat ou Nuat, por agendamento.<\/p>\n<p>&nbsp;<\/p>\n<p><strong>2-Como obter esclarecimentos acerca da legisla\u00e7\u00e3o do ICMS?<\/strong><\/p>\n<p>&nbsp;<\/p>\n<p>Obter os esclarecimentos diretamente com o N\u00facleo do Plant\u00e3o Fiscal (Nuplaf) poder\u00e1 acessar o Sistema SAC (Servi\u00e7o de Atendimento ao Contribuinte), dispon\u00edvel na p\u00e1gina da Sefaz no <a href=\"https:\/\/ww16.ce.gov.br\/sefaz\">www.sefaz.ce.gov.br<\/a> pelo seguinte link: <a href=\"https:\/\/portalservicos.sefaz.ce.gov.br\/sefazCeara\/servico-geral+servico-de-atendimento-ao-cidadao-sac+64adca7b48c5b8191406b1d9\">https:\/\/portalservicos.sefaz.ce.gov.br\/sefazCeara\/servico-geral+servico-de-atendimento-ao-cidadao-sac+64adca7b48c5b8191406b1d9<\/a> ou ligar (85) 3108.2200, op\u00e7\u00e3o 01 legisla\u00e7\u00e3o, de segunda \u00e0 sexta, de 9h \u00e0s 15h.<br \/>\nA legisla\u00e7\u00e3o tribut\u00e1ria est\u00e1 dispon\u00edvel para consulta no site <a href=\"https:\/\/ww16.ce.gov.br\/sefaz\">www.sefaz.ce.gov.br<\/a>.<\/p>\n<p>&nbsp;<\/p>\n<p><strong>3-Como realizar a inscri\u00e7\u00e3o do Microempreendedor Individual no Cadastro Geral da Fazenda \u2013 CGF?<\/strong><\/p>\n<p>&nbsp;<\/p>\n<p>A inscri\u00e7\u00e3o do Microempreendedor Individual (MEI) no Cadastro Geral da Fazenda (CGF) \u00e9 realizada por meio do preenchimento de um requerimento no site da Rede Nacional para Simplifica\u00e7\u00e3o do Registro e da Legaliza\u00e7\u00e3o de Empresas e Neg\u00f3cios (Redesim), no endere\u00e7o eletr\u00f4nico <a href=\"https:\/\/www.jucec.ce.gov.br\">www.jucec.ce.gov.br<\/a>. Ap\u00f3s a apresenta\u00e7\u00e3o do requerimento, o MEI ser\u00e1 inscrito no CGF.<\/p>\n<p>&nbsp;<\/p>\n<p><strong>4-Onde obter informa\u00e7\u00e3o referente \u00e0 arrecada\u00e7\u00e3o total do Estado do Cear\u00e1 e repasses aos munic\u00edpios?<\/strong><\/p>\n<p>&nbsp;<\/p>\n<p>A arrecada\u00e7\u00e3o total, repasse aos munic\u00edpios e outras informa\u00e7\u00f5es encontram-se disponibilizadas no site <a href=\"https:\/\/ww16.ce.gov.br\/sefaz\">www.sefaz.ce.gov.br<\/a> ou link <a href=\"https:\/\/ww16.ce.gov.br\/sefaz\/transparencia\/\">https:\/\/ww16.ce.gov.br\/sefaz\/transparencia\/<\/a>.<\/p>\n<p>&nbsp;<\/p>\n","protected":false},"excerpt":{"rendered":"<p>Perguntas Frequentes 1- Como obter a isen\u00e7\u00e3o de IPVA para deficiente f\u00edsico? &nbsp; O interessado dever\u00e1 requerer junto \u00e0s C\u00e9lulas de Execu\u00e7\u00e3o da Administra\u00e7\u00e3o Tribut\u00e1ria (Cexat) ou N\u00facleo de Atendimento (Nuat), conforme prev\u00ea o art. 6\u00ba da Instru\u00e7\u00e3o Normativa n\u00ba 04 de 6 de mar\u00e7o de 2012, com apresenta\u00e7\u00e3o dos seguintes documentos: Formul\u00e1rio padr\u00e3o preenchido, [&hellip;]<\/p>\n","protected":false},"author":12,"featured_media":0,"parent":3476,"menu_order":1,"comment_status":"closed","ping_status":"closed","template":"page-perguntas-frequentes.php","meta":{"_acf_changed":false,"inline_featured_image":false,"footnotes":""},"class_list":["post-13294","page","type-page","status-publish","hentry"],"acf":[],"yoast_head":"<!-- This site is optimized with the Yoast SEO plugin v26.9 - https:\/\/yoast.com\/product\/yoast-seo-wordpress\/ -->\n<title>Perguntas Frequentes - SEFAZ<\/title>\n<meta name=\"robots\" content=\"index, follow, max-snippet:-1, max-image-preview:large, max-video-preview:-1\" \/>\n<link rel=\"canonical\" href=\"https:\/\/ww16.ce.gov.br\/sefaz\/acesso-a-informacao\/perguntas-frequentes\/\" \/>\n<meta property=\"og:locale\" content=\"pt_BR\" \/>\n<meta property=\"og:type\" content=\"article\" \/>\n<meta property=\"og:title\" content=\"Perguntas Frequentes - SEFAZ\" \/>\n<meta property=\"og:description\" content=\"Perguntas Frequentes 1- Como obter a isen\u00e7\u00e3o de IPVA para deficiente f\u00edsico? &nbsp; O interessado dever\u00e1 requerer junto \u00e0s C\u00e9lulas de Execu\u00e7\u00e3o da Administra\u00e7\u00e3o Tribut\u00e1ria (Cexat) ou N\u00facleo de Atendimento (Nuat), conforme prev\u00ea o art. 6\u00ba da Instru\u00e7\u00e3o Normativa n\u00ba 04 de 6 de mar\u00e7o de 2012, com apresenta\u00e7\u00e3o dos seguintes documentos: Formul\u00e1rio padr\u00e3o preenchido, [&hellip;]\" \/>\n<meta property=\"og:url\" content=\"https:\/\/ww16.ce.gov.br\/sefaz\/acesso-a-informacao\/perguntas-frequentes\/\" \/>\n<meta property=\"og:site_name\" content=\"SEFAZ\" \/>\n<meta property=\"article:modified_time\" content=\"2026-02-05T18:12:22+00:00\" \/>\n<meta name=\"twitter:card\" content=\"summary_large_image\" \/>\n<meta name=\"twitter:label1\" content=\"Est. reading time\" \/>\n\t<meta name=\"twitter:data1\" content=\"3 minutos\" \/>\n<script type=\"application\/ld+json\" class=\"yoast-schema-graph\">{\"@context\":\"https:\/\/schema.org\",\"@graph\":[{\"@type\":\"WebPage\",\"@id\":\"https:\/\/ww16.ce.gov.br\/sefaz\/acesso-a-informacao\/perguntas-frequentes\/\",\"url\":\"https:\/\/ww16.ce.gov.br\/sefaz\/acesso-a-informacao\/perguntas-frequentes\/\",\"name\":\"Perguntas Frequentes - SEFAZ\",\"isPartOf\":{\"@id\":\"https:\/\/ww16.ce.gov.br\/sefaz\/#website\"},\"datePublished\":\"2018-12-19T11:30:27+00:00\",\"dateModified\":\"2026-02-05T18:12:22+00:00\",\"breadcrumb\":{\"@id\":\"https:\/\/ww16.ce.gov.br\/sefaz\/acesso-a-informacao\/perguntas-frequentes\/#breadcrumb\"},\"inLanguage\":\"pt-BR\",\"potentialAction\":[{\"@type\":\"ReadAction\",\"target\":[\"https:\/\/ww16.ce.gov.br\/sefaz\/acesso-a-informacao\/perguntas-frequentes\/\"]}]},{\"@type\":\"BreadcrumbList\",\"@id\":\"https:\/\/ww16.ce.gov.br\/sefaz\/acesso-a-informacao\/perguntas-frequentes\/#breadcrumb\",\"itemListElement\":[{\"@type\":\"ListItem\",\"position\":1,\"name\":\"In\u00edcio\",\"item\":\"https:\/\/ww16.ce.gov.br\/sefaz\/\"},{\"@type\":\"ListItem\",\"position\":2,\"name\":\"Acesso a Informa\u00e7\u00e3o\",\"item\":\"https:\/\/ww16.ce.gov.br\/sefaz\/acesso-a-informacao\/\"},{\"@type\":\"ListItem\",\"position\":3,\"name\":\"Perguntas Frequentes\"}]},{\"@type\":\"WebSite\",\"@id\":\"https:\/\/ww16.ce.gov.br\/sefaz\/#website\",\"url\":\"https:\/\/ww16.ce.gov.br\/sefaz\/\",\"name\":\"Secretaria da Fazenda\",\"description\":\"Portal SEFAZ\",\"publisher\":{\"@id\":\"https:\/\/ww16.ce.gov.br\/sefaz\/#organization\"},\"potentialAction\":[{\"@type\":\"SearchAction\",\"target\":{\"@type\":\"EntryPoint\",\"urlTemplate\":\"https:\/\/ww16.ce.gov.br\/sefaz\/?s={search_term_string}\"},\"query-input\":{\"@type\":\"PropertyValueSpecification\",\"valueRequired\":true,\"valueName\":\"search_term_string\"}}],\"inLanguage\":\"pt-BR\"},{\"@type\":\"Organization\",\"@id\":\"https:\/\/ww16.ce.gov.br\/sefaz\/#organization\",\"name\":\"Secretaria da Fazenda\",\"url\":\"https:\/\/ww16.ce.gov.br\/sefaz\/\",\"logo\":{\"@type\":\"ImageObject\",\"inLanguage\":\"pt-BR\",\"@id\":\"https:\/\/ww16.ce.gov.br\/sefaz\/#\/schema\/logo\/image\/\",\"url\":\"http:\/\/ww16.ce.gov.br\/sefaz\/wp-content\/uploads\/sites\/61\/2018\/05\/sefaz-clara2.png\",\"contentUrl\":\"http:\/\/ww16.ce.gov.br\/sefaz\/wp-content\/uploads\/sites\/61\/2018\/05\/sefaz-clara2.png\",\"width\":559,\"height\":106,\"caption\":\"Secretaria da Fazenda\"},\"image\":{\"@id\":\"https:\/\/ww16.ce.gov.br\/sefaz\/#\/schema\/logo\/image\/\"}}]}<\/script>\n<!-- \/ Yoast SEO plugin. -->","yoast_head_json":{"title":"Perguntas Frequentes - SEFAZ","robots":{"index":"index","follow":"follow","max-snippet":"max-snippet:-1","max-image-preview":"max-image-preview:large","max-video-preview":"max-video-preview:-1"},"canonical":"https:\/\/ww16.ce.gov.br\/sefaz\/acesso-a-informacao\/perguntas-frequentes\/","og_locale":"pt_BR","og_type":"article","og_title":"Perguntas Frequentes - SEFAZ","og_description":"Perguntas Frequentes 1- Como obter a isen\u00e7\u00e3o de IPVA para deficiente f\u00edsico? &nbsp; O interessado dever\u00e1 requerer junto \u00e0s C\u00e9lulas de Execu\u00e7\u00e3o da Administra\u00e7\u00e3o Tribut\u00e1ria (Cexat) ou N\u00facleo de Atendimento (Nuat), conforme prev\u00ea o art. 6\u00ba da Instru\u00e7\u00e3o Normativa n\u00ba 04 de 6 de mar\u00e7o de 2012, com apresenta\u00e7\u00e3o dos seguintes documentos: Formul\u00e1rio padr\u00e3o preenchido, [&hellip;]","og_url":"https:\/\/ww16.ce.gov.br\/sefaz\/acesso-a-informacao\/perguntas-frequentes\/","og_site_name":"SEFAZ","article_modified_time":"2026-02-05T18:12:22+00:00","twitter_card":"summary_large_image","twitter_misc":{"Est. reading time":"3 minutos"},"schema":{"@context":"https:\/\/schema.org","@graph":[{"@type":"WebPage","@id":"https:\/\/ww16.ce.gov.br\/sefaz\/acesso-a-informacao\/perguntas-frequentes\/","url":"https:\/\/ww16.ce.gov.br\/sefaz\/acesso-a-informacao\/perguntas-frequentes\/","name":"Perguntas Frequentes - SEFAZ","isPartOf":{"@id":"https:\/\/ww16.ce.gov.br\/sefaz\/#website"},"datePublished":"2018-12-19T11:30:27+00:00","dateModified":"2026-02-05T18:12:22+00:00","breadcrumb":{"@id":"https:\/\/ww16.ce.gov.br\/sefaz\/acesso-a-informacao\/perguntas-frequentes\/#breadcrumb"},"inLanguage":"pt-BR","potentialAction":[{"@type":"ReadAction","target":["https:\/\/ww16.ce.gov.br\/sefaz\/acesso-a-informacao\/perguntas-frequentes\/"]}]},{"@type":"BreadcrumbList","@id":"https:\/\/ww16.ce.gov.br\/sefaz\/acesso-a-informacao\/perguntas-frequentes\/#breadcrumb","itemListElement":[{"@type":"ListItem","position":1,"name":"In\u00edcio","item":"https:\/\/ww16.ce.gov.br\/sefaz\/"},{"@type":"ListItem","position":2,"name":"Acesso a Informa\u00e7\u00e3o","item":"https:\/\/ww16.ce.gov.br\/sefaz\/acesso-a-informacao\/"},{"@type":"ListItem","position":3,"name":"Perguntas Frequentes"}]},{"@type":"WebSite","@id":"https:\/\/ww16.ce.gov.br\/sefaz\/#website","url":"https:\/\/ww16.ce.gov.br\/sefaz\/","name":"Secretaria da Fazenda","description":"Portal SEFAZ","publisher":{"@id":"https:\/\/ww16.ce.gov.br\/sefaz\/#organization"},"potentialAction":[{"@type":"SearchAction","target":{"@type":"EntryPoint","urlTemplate":"https:\/\/ww16.ce.gov.br\/sefaz\/?s={search_term_string}"},"query-input":{"@type":"PropertyValueSpecification","valueRequired":true,"valueName":"search_term_string"}}],"inLanguage":"pt-BR"},{"@type":"Organization","@id":"https:\/\/ww16.ce.gov.br\/sefaz\/#organization","name":"Secretaria da Fazenda","url":"https:\/\/ww16.ce.gov.br\/sefaz\/","logo":{"@type":"ImageObject","inLanguage":"pt-BR","@id":"https:\/\/ww16.ce.gov.br\/sefaz\/#\/schema\/logo\/image\/","url":"http:\/\/ww16.ce.gov.br\/sefaz\/wp-content\/uploads\/sites\/61\/2018\/05\/sefaz-clara2.png","contentUrl":"http:\/\/ww16.ce.gov.br\/sefaz\/wp-content\/uploads\/sites\/61\/2018\/05\/sefaz-clara2.png","width":559,"height":106,"caption":"Secretaria da Fazenda"},"image":{"@id":"https:\/\/ww16.ce.gov.br\/sefaz\/#\/schema\/logo\/image\/"}}]}},"_links":{"self":[{"href":"https:\/\/ww16.ce.gov.br\/sefaz\/wp-json\/wp\/v2\/pages\/13294","targetHints":{"allow":["GET"]}}],"collection":[{"href":"https:\/\/ww16.ce.gov.br\/sefaz\/wp-json\/wp\/v2\/pages"}],"about":[{"href":"https:\/\/ww16.ce.gov.br\/sefaz\/wp-json\/wp\/v2\/types\/page"}],"author":[{"embeddable":true,"href":"https:\/\/ww16.ce.gov.br\/sefaz\/wp-json\/wp\/v2\/users\/12"}],"replies":[{"embeddable":true,"href":"https:\/\/ww16.ce.gov.br\/sefaz\/wp-json\/wp\/v2\/comments?post=13294"}],"version-history":[{"count":5,"href":"https:\/\/ww16.ce.gov.br\/sefaz\/wp-json\/wp\/v2\/pages\/13294\/revisions"}],"predecessor-version":[{"id":32037,"href":"https:\/\/ww16.ce.gov.br\/sefaz\/wp-json\/wp\/v2\/pages\/13294\/revisions\/32037"}],"up":[{"embeddable":true,"href":"https:\/\/ww16.ce.gov.br\/sefaz\/wp-json\/wp\/v2\/pages\/3476"}],"wp:attachment":[{"href":"https:\/\/ww16.ce.gov.br\/sefaz\/wp-json\/wp\/v2\/media?parent=13294"}],"curies":[{"name":"wp","href":"https:\/\/api.w.org\/{rel}","templated":true}]}}