{"id":7320,"date":"2018-11-08T17:08:49","date_gmt":"2018-11-08T20:08:49","guid":{"rendered":"http:\/\/www.secult.ce.gov.br\/?page_id=7320"},"modified":"2026-04-23T11:36:36","modified_gmt":"2026-04-23T14:36:36","slug":"cefic","status":"publish","type":"page","link":"https:\/\/ww16.ce.gov.br\/secult\/politica\/eixos\/economia-da-cultura\/mecenas\/cefic\/","title":{"rendered":"CEFIC"},"content":{"rendered":"<h1 style=\"text-align: center\"><strong>Certificado Fiscal de Incentivo \u00e0 Cultura (Cefic)<\/strong><\/h1>\n<h4 style=\"text-align: center\"><strong>LISTAGEM DO CERTIFICADO FISCAL DE INCENTIVO \u00c0 CULTURA (CEFIC)<\/strong><\/h4>\n<p>&nbsp;<\/p>\n<p>O Certificado Fiscal de Incentivo \u00e0 Cultura (CEFIC) \u00e9 um documento fiscal emitido pela Secretaria da Fazenda do Cear\u00e1 (Sefaz-CE), que autoriza o contribuinte incentivador a deduzir do ICMS devido mensalmente.<\/p>\n<p>&nbsp;<\/p>\n<p>O valor mensal do CEFIC de cada projeto depende do limite mensal da empresa incentivadora junto \u00e0 Sefaz-CE e do limite de ren\u00fancia fiscal definido em Portaria emitida pelo Poder P\u00fablico Estadual.<\/p>\n<p>&nbsp;<\/p>\n<h2><span style=\"color: #fc6836\"><strong>2026<\/strong><\/span><\/h2>\n<p>&nbsp;<\/p>\n<ul class=\"ListaEst -Laranja col2\" style=\"font-weight: bold\">\n<li><a href=\"https:\/\/ww16.ce.gov.br\/secult\/2026\/01\/26\/secult-divulga-a-lista-dos-cefics-emitidos-no-mes-de-janeiro-de-2026\/\">CEFIC Janeiro\/2026<\/a><\/li>\n<\/ul>\n<p>&nbsp;<\/p>\n<h2><span style=\"color: #fc6836\"><strong>2025<\/strong><\/span><\/h2>\n<p>&nbsp;<\/p>\n<ul class=\"ListaEst -Laranja col2\" style=\"font-weight: bold\">\n<li><a href=\"https:\/\/ww16.ce.gov.br\/secult\/2025\/01\/23\/secult-divulga-a-lista-dos-cefics-emitidos-no-mes-de-janeiro-de-2025\/\">CEFIC Janeiro\/2025<\/a><\/li>\n<li><a href=\"https:\/\/ww16.ce.gov.br\/secult\/2025\/02\/20\/secult-divulga-a-lista-dos-cefics-emitidos-no-mes-de-fevereiro-de-2025\/\">CEFIC Fevereiro\/2025<\/a><\/li>\n<li><a href=\"https:\/\/ww16.ce.gov.br\/secult\/2025\/03\/10\/secult-divulga-a-lista-dos-cefics-emitidos-no-mes-de-marco-de-2025\/\">CEFIC Mar\u00e7o\/2025<\/a><\/li>\n<li><a href=\"https:\/\/ww16.ce.gov.br\/secult\/2025\/04\/03\/secult-divulga-a-lista-dos-cefics-emitidos-no-mes-de-abril-de-2025\/\">CEFIC Abril\/2025<\/a><\/li>\n<li><a href=\"https:\/\/ww16.ce.gov.br\/secult\/2025\/05\/12\/secult-divulga-a-lista-dos-cefics-emitidos-no-mes-de-maio-de-2025\/\">CEFIC Maio\/2025<\/a><\/li>\n<li><a href=\"https:\/\/ww16.ce.gov.br\/secult\/2025\/06\/11\/secult-divulga-a-lista-dos-cefics-emitidos-no-mes-de-junho-de-2025\/\">CEFIC Junho\/2025<\/a><\/li>\n<li><a href=\"https:\/\/mapacultural.secult.ce.gov.br\/files\/project\/5751\/listagem-cefic-julho-25.pdf\">CEFIC Julho\/2025<\/a><\/li>\n<li><a href=\"https:\/\/ww16.ce.gov.br\/secult\/2025\/08\/25\/secult-divulga-a-lista-dos-cefics-emitidos-no-mes-de-agosto-de-2025\/\">CEFIC Agosto\/2025<\/a><\/li>\n<li><a href=\"https:\/\/ww16.ce.gov.br\/secult\/2025\/09\/17\/secult-divulga-a-lista-dos-cefics-emitidos-no-mes-de-setembro-de-2025\/\">CEFIC Setembro\/2025<\/a><\/li>\n<li><a href=\"https:\/\/ww16.ce.gov.br\/secult\/2025\/10\/16\/secult-divulga-a-lista-dos-cefics-emitidos-no-mes-de-outubro-de-2025\/\">CEFIC Outubro\/2025<\/a><\/li>\n<li><a href=\"https:\/\/ww16.ce.gov.br\/secult\/2025\/10\/16\/secult-divulga-a-lista-dos-cefics-emitidos-no-mes-de-outubro-de-2025\/\">CEFIC Novembro\/2025<\/a><\/li>\n<li><a href=\"https:\/\/mapacultural.secult.ce.gov.br\/files\/project\/5751\/lista-cefic-dezembro-2025.pdf\">CEFIC Dezembro\/2025<\/a><\/li>\n<\/ul>\n<p>&nbsp;<\/p>\n<h2><span style=\"color: #fc6836\"><strong>2024<\/strong><\/span><\/h2>\n<p>&nbsp;<\/p>\n<ul class=\"ListaEst -Laranja col2\" style=\"font-weight: bold\">\n<li><a href=\"https:\/\/ww16.ce.gov.br\/secult\/2024\/01\/29\/secult-divulga-a-lista-dos-cefics-emitidos-no-mes-de-janeiro-de-2024\/\">CEFIC Janeiro \/2024<\/a><\/li>\n<li><a href=\"https:\/\/ww16.ce.gov.br\/secult\/2024\/02\/21\/secult-divulga-a-lista-dos-cefics-emitidos-no-mes-de-fevereiro-de-2024\/\">CEFIC Fevereiro\/2024<\/a><\/li>\n<li><a href=\"https:\/\/mapacultural.secult.ce.gov.br\/files\/project\/3993\/oficio-118-2024-listagem-cefic-marco-2024.pdf\">CEFIC Mar\u00e7o\/2024<\/a><\/li>\n<li><a href=\"https:\/\/ww16.ce.gov.br\/secult\/2024\/04\/26\/secult-divulga-a-lista-dos-cefics-emitidos-no-mes-de-abril-de-2024\/\">CEFIC Abril\/2024<\/a><\/li>\n<li><a href=\"https:\/\/ww16.ce.gov.br\/secult\/2024\/05\/27\/secult-divulga-a-lista-dos-cefics-emitidos-no-mes-de-maio-de-2024\/\">CEFIC Maio\/2024<\/a><\/li>\n<li><a href=\"https:\/\/ww16.ce.gov.br\/secult\/2024\/06\/28\/secult-divulga-a-lista-dos-cefics-emitidos-no-mes-de-junho-de-2024\/\">CEFIC Junho\/2024<\/a><\/li>\n<li><a href=\"https:\/\/ww16.ce.gov.br\/secult\/2024\/07\/19\/secult-divulga-a-lista-dos-cefics-emitidos-no-mes-de-julho-de-2024\/\">CEFIC Julho\/2024<\/a><\/li>\n<li><a href=\"https:\/\/ww16.ce.gov.br\/secult\/2024\/08\/23\/secult-divulga-a-lista-dos-cefics-emitidos-no-mes-de-agosto-de-2024\/\">CEFIC Agosto\/2024<\/a><\/li>\n<li><a href=\"https:\/\/ww16.ce.gov.br\/secult\/2024\/09\/25\/secult-divulga-a-lista-dos-cefics-emitidos-no-mes-de-setembro-de-2024\/\">CEFIC Setembro\/2024<\/a><\/li>\n<li><a href=\"https:\/\/ww16.ce.gov.br\/secult\/2024\/11\/01\/secult-divulga-a-lista-dos-cefics-emitidos-no-mes-de-outubro-de-2024\/\">CEFIC Outubro\/2024<\/a><\/li>\n<li><a href=\"https:\/\/ww16.ce.gov.br\/secult\/2024\/11\/18\/secult-divulga-a-lista-dos-cefics-emitidos-no-mes-de-novembro-de-2024\/\">CEFIC Novembro\/2024<\/a><\/li>\n<li><a href=\"https:\/\/ww16.ce.gov.br\/secult\/2024\/12\/17\/secult-divulga-a-lista-dos-cefics-emitidos-no-mes-de-dezembro-de-2024\/\">CEFIC Dezembro\/2024<\/a><\/li>\n<\/ul>\n<p>&nbsp;<\/p>\n<h2><span style=\"color: #fc6836\"><strong>2023<\/strong><\/span><\/h2>\n<p>&nbsp;<\/p>\n<ul class=\"ListaEst -Laranja col2\" style=\"font-weight: bold\">\n<li><a href=\"https:\/\/ww16.ce.gov.br\/secult\/2023\/12\/12\/secult-divulga-a-lista-dos-cefics-emitidos-no-mes-de-dezembro-de-2023\/\">CEFIC Dezembro \/2023<\/a><\/li>\n<li><a href=\"https:\/\/ww16.ce.gov.br\/secult\/2023\/11\/20\/secult-divulga-a-lista-dos-cefics-emitidos-no-mes-de-novembro-de-2023\/\">CEFIC Novembro\/2023<\/a><\/li>\n<li><a href=\"https:\/\/ww16.ce.gov.br\/secult\/2023\/10\/26\/secult-divulga-a-lista-dos-cefics-emitidos-no-mes-de-outubro-de-2023\/\">CEFIC Outubro\/2023<\/a><\/li>\n<li><a href=\"https:\/\/ww16.ce.gov.br\/secult\/2023\/09\/29\/secult-divulga-a-lista-dos-cefics-emitidos-no-mes-de-setembro-de-2023\/\">CEFIC Setembro\/2023<\/a><\/li>\n<li><a href=\"https:\/\/ww16.ce.gov.br\/secult\/2023\/08\/28\/secult-divulga-a-lista-dos-cefics-emitidos-no-mes-de-agosto-de-2023\/\">CEFIC Agosto\/2023<\/a><\/li>\n<li><a href=\"https:\/\/ww16.ce.gov.br\/secult\/2023\/07\/24\/secult-divulga-a-lista-dos-cefics-emitidos-no-mes-de-julho-de-2023\/\">CEFIC Julho\/2023<\/a><\/li>\n<li><a href=\"https:\/\/ww16.ce.gov.br\/secult\/2023\/06\/20\/secult-divulga-a-lista-dos-cefics-emitidos-no-mes-de-junho-de-2023\/\">CEFIC Junho\/2023<\/a><\/li>\n<li><a href=\"https:\/\/ww16.ce.gov.br\/secult\/2023\/05\/31\/secult-divulga-a-lista-dos-cefics-emitidos-no-mes-de-maio-de-2023\/\"><strong>CEFIC Maio\/2023<\/strong><\/a><\/li>\n<li><a href=\"https:\/\/ww16.ce.gov.br\/secult\/2023\/04\/26\/secult-divulga-a-lista-dos-cefics-emitidos-no-mes-de-abril-de-2023\/\"><strong>CEFIC Abril\/2023<\/strong><\/a><\/li>\n<li><a href=\"https:\/\/ww16.ce.gov.br\/secult\/2023\/03\/23\/secult-divulga-a-lista-dos-cefics-emitidos-no-mes-de-marco-de-2023\/\"><strong>CEFIC Mar\u00e7o\/2023<\/strong><\/a><\/li>\n<li><a href=\"https:\/\/ww16.ce.gov.br\/secult\/2023\/03\/02\/secult-divulga-a-lista-dos-cefics-emitidos-no-mes-de-fevereiro-de-2023\/\"><strong>CEFIC Fevereiro\/2023<\/strong><\/a><\/li>\n<li><a href=\"https:\/\/ww16.ce.gov.br\/secult\/2023\/01\/25\/secult-divulga-a-lista-dos-cefics-emitidos-no-mes-de-janeiro-de-2023\/\"><strong>CEFIC Janeiro\/2023<\/strong><\/a><\/li>\n<\/ul>\n<p>&nbsp;<\/p>\n<h2><span style=\"color: #fc6836\"><strong>2022<\/strong><\/span><\/h2>\n<p>&nbsp;<\/p>\n<ul class=\"ListaEst -Laranja col2\" style=\"font-weight: bold\">\n<li><a href=\"https:\/\/ww16.ce.gov.br\/secult\/2022\/12\/13\/secult-divulga-a-lista-dos-cefics-emitidos-no-mes-de-dezembro-de-2022\/\"><strong>CEFIC Dezembro\/2022<\/strong><\/a><\/li>\n<\/ul>\n<p style=\"text-align: center\"><strong>EDITAIS ANTERIORES MECENAS DO CEAR\u00c1\u00a0<\/strong><\/p>\n<p>&nbsp;<\/p>\n<ul class=\"ListaEst -Laranja col2\" style=\"font-weight: bold\">\n<li><a href=\"\/wp-content\/uploads\/sites\/83\/2018\/11\/Lista-de-CEFIC-Setembro-2018-2.pdf\">Setembro 2018<\/a><\/li>\n<li><a href=\"\/wp-content\/uploads\/sites\/83\/2018\/11\/Lista-CEFIC-Outubro-2018-1.pdf\">Outubro 2018<\/a><\/li>\n<li><a href=\"https:\/\/ww16.ce.gov.br\/secult\/wp-content\/uploads\/sites\/83\/2018\/11\/Listagem-de-Mecenas-Novembro-de-18.pdf\">Novembro 2018<\/a><\/li>\n<li><a href=\"https:\/\/ww16.ce.gov.br\/secult\/wp-content\/uploads\/sites\/83\/2018\/12\/lista-cefic-dez-2018.pdf\">Dezembro 2018<\/a><\/li>\n<li><a href=\"https:\/\/ww16.ce.gov.br\/secult\/wp-content\/uploads\/sites\/83\/2019\/01\/Listagem-CEFIC-Janeiro-2019.pdf\">Janeiro 2019<\/a><\/li>\n<li><a href=\"https:\/\/ww16.ce.gov.br\/secult\/wp-content\/uploads\/sites\/83\/2019\/03\/Listagem-de-CEFIC-Fevereiro-2019.pdf\">Fevereiro 2019<\/a><\/li>\n<li><a href=\"https:\/\/mapacultural.fortaleza.ce.gov.br\/files\/project\/1409\/listagem_mecenas_mar%C3%A7o_2019.pdf\">Mar\u00e7o 2019<\/a><\/li>\n<li><a href=\"https:\/\/mapacultural.fortaleza.ce.gov.br\/files\/project\/1409\/listagem_cefic_abril_19.pdf\">Abril 2019<\/a><\/li>\n<li><a href=\"https:\/\/mapacultural.fortaleza.ce.gov.br\/files\/project\/1409\/listagem_de_cefic_maio_2019.pdf\">Maio 2019<\/a><\/li>\n<li><a href=\"\/Users\/lucas.benedecti\/Downloads\/oficio_listagem_de_cefic_junho_2019.pdf\">Junho 2019<\/a><\/li>\n<li><a href=\"https:\/\/mapacultural.secult.ce.gov.br\/projeto\/1409\/\">2019<\/a><\/li>\n<li><a href=\"https:\/\/mapacultural.secult.ce.gov.br\/projeto\/2876\/\">2021<\/a><\/li>\n<\/ul>\n<p>&nbsp;<\/p>\n","protected":false},"excerpt":{"rendered":"<p>Certificado Fiscal de Incentivo \u00e0 Cultura (Cefic) LISTAGEM DO CERTIFICADO FISCAL DE INCENTIVO \u00c0 CULTURA (CEFIC) &nbsp; O Certificado Fiscal de Incentivo \u00e0 Cultura (CEFIC) \u00e9 um documento fiscal emitido pela Secretaria da Fazenda do Cear\u00e1 (Sefaz-CE), que autoriza o contribuinte incentivador a deduzir do ICMS devido mensalmente. &nbsp; O valor mensal do CEFIC de [&hellip;]<\/p>\n","protected":false},"author":12,"featured_media":0,"parent":6954,"menu_order":0,"comment_status":"closed","ping_status":"closed","template":"","meta":{"_acf_changed":false,"inline_featured_image":false,"footnotes":""},"class_list":["post-7320","page","type-page","status-publish","hentry"],"acf":[],"yoast_head":"<!-- This site is optimized with the Yoast SEO plugin v26.9 - https:\/\/yoast.com\/product\/yoast-seo-wordpress\/ -->\n<title>CEFIC - Secult -<\/title>\n<meta name=\"robots\" content=\"index, follow, max-snippet:-1, max-image-preview:large, max-video-preview:-1\" \/>\n<link rel=\"canonical\" href=\"https:\/\/ww16.ce.gov.br\/secult\/politica\/eixos\/economia-da-cultura\/mecenas\/cefic\/\" \/>\n<meta property=\"og:locale\" content=\"pt_BR\" \/>\n<meta property=\"og:type\" content=\"article\" \/>\n<meta property=\"og:title\" content=\"CEFIC - Secult -\" \/>\n<meta property=\"og:description\" content=\"Certificado Fiscal de Incentivo \u00e0 Cultura (Cefic) LISTAGEM DO CERTIFICADO FISCAL DE INCENTIVO \u00c0 CULTURA (CEFIC) &nbsp; O Certificado Fiscal de Incentivo \u00e0 Cultura (CEFIC) \u00e9 um documento fiscal emitido pela Secretaria da Fazenda do Cear\u00e1 (Sefaz-CE), que autoriza o contribuinte incentivador a deduzir do ICMS devido mensalmente. &nbsp; O valor mensal do CEFIC de [&hellip;]\" \/>\n<meta property=\"og:url\" content=\"https:\/\/ww16.ce.gov.br\/secult\/politica\/eixos\/economia-da-cultura\/mecenas\/cefic\/\" \/>\n<meta property=\"og:site_name\" content=\"Secult\" \/>\n<meta property=\"article:modified_time\" content=\"2026-04-23T14:36:36+00:00\" \/>\n<meta name=\"twitter:card\" content=\"summary_large_image\" \/>\n<meta name=\"twitter:label1\" content=\"Est. reading time\" \/>\n\t<meta name=\"twitter:data1\" content=\"2 minutos\" \/>\n<script type=\"application\/ld+json\" class=\"yoast-schema-graph\">{\"@context\":\"https:\/\/schema.org\",\"@graph\":[{\"@type\":\"WebPage\",\"@id\":\"https:\/\/ww16.ce.gov.br\/secult\/politica\/eixos\/economia-da-cultura\/mecenas\/cefic\/\",\"url\":\"https:\/\/ww16.ce.gov.br\/secult\/politica\/eixos\/economia-da-cultura\/mecenas\/cefic\/\",\"name\":\"CEFIC - Secult -\",\"isPartOf\":{\"@id\":\"https:\/\/ww16.ce.gov.br\/secult\/#website\"},\"datePublished\":\"2018-11-08T20:08:49+00:00\",\"dateModified\":\"2026-04-23T14:36:36+00:00\",\"breadcrumb\":{\"@id\":\"https:\/\/ww16.ce.gov.br\/secult\/politica\/eixos\/economia-da-cultura\/mecenas\/cefic\/#breadcrumb\"},\"inLanguage\":\"pt-BR\",\"potentialAction\":[{\"@type\":\"ReadAction\",\"target\":[\"https:\/\/ww16.ce.gov.br\/secult\/politica\/eixos\/economia-da-cultura\/mecenas\/cefic\/\"]}]},{\"@type\":\"BreadcrumbList\",\"@id\":\"https:\/\/ww16.ce.gov.br\/secult\/politica\/eixos\/economia-da-cultura\/mecenas\/cefic\/#breadcrumb\",\"itemListElement\":[{\"@type\":\"ListItem\",\"position\":1,\"name\":\"In\u00edcio\",\"item\":\"https:\/\/ww16.ce.gov.br\/secult\/\"},{\"@type\":\"ListItem\",\"position\":2,\"name\":\"Pol\u00edtica\",\"item\":\"https:\/\/ww16.ce.gov.br\/secult\/politica\/\"},{\"@type\":\"ListItem\",\"position\":3,\"name\":\"Eixos\",\"item\":\"https:\/\/ww16.ce.gov.br\/secult\/politica\/eixos\/\"},{\"@type\":\"ListItem\",\"position\":4,\"name\":\"Economia da Cultura\",\"item\":\"https:\/\/ww16.ce.gov.br\/secult\/politica\/eixos\/economia-da-cultura\/\"},{\"@type\":\"ListItem\",\"position\":5,\"name\":\"Mecenas do Cear\u00e1\",\"item\":\"https:\/\/ww16.ce.gov.br\/secult\/politica\/eixos\/economia-da-cultura\/mecenas\/\"},{\"@type\":\"ListItem\",\"position\":6,\"name\":\"CEFIC\"}]},{\"@type\":\"WebSite\",\"@id\":\"https:\/\/ww16.ce.gov.br\/secult\/#website\",\"url\":\"https:\/\/ww16.ce.gov.br\/secult\/\",\"name\":\"Secretaria da Cultura\",\"description\":\"Portal Secult\",\"publisher\":{\"@id\":\"https:\/\/ww16.ce.gov.br\/secult\/#organization\"},\"potentialAction\":[{\"@type\":\"SearchAction\",\"target\":{\"@type\":\"EntryPoint\",\"urlTemplate\":\"https:\/\/ww16.ce.gov.br\/secult\/?s={search_term_string}\"},\"query-input\":{\"@type\":\"PropertyValueSpecification\",\"valueRequired\":true,\"valueName\":\"search_term_string\"}}],\"inLanguage\":\"pt-BR\"},{\"@type\":\"Organization\",\"@id\":\"https:\/\/ww16.ce.gov.br\/secult\/#organization\",\"name\":\"Secretaria da Cultura\",\"url\":\"https:\/\/ww16.ce.gov.br\/secult\/\",\"logo\":{\"@type\":\"ImageObject\",\"inLanguage\":\"pt-BR\",\"@id\":\"https:\/\/ww16.ce.gov.br\/secult\/#\/schema\/logo\/image\/\",\"url\":\"http:\/\/ww16.ce.gov.br\/secult\/wp-content\/uploads\/sites\/43\/2018\/05\/secult-clara-3.png\",\"contentUrl\":\"http:\/\/ww16.ce.gov.br\/secult\/wp-content\/uploads\/sites\/43\/2018\/05\/secult-clara-3.png\",\"width\":559,\"height\":106,\"caption\":\"Secretaria da Cultura\"},\"image\":{\"@id\":\"https:\/\/ww16.ce.gov.br\/secult\/#\/schema\/logo\/image\/\"}}]}<\/script>\n<!-- \/ Yoast SEO plugin. -->","yoast_head_json":{"title":"CEFIC - Secult -","robots":{"index":"index","follow":"follow","max-snippet":"max-snippet:-1","max-image-preview":"max-image-preview:large","max-video-preview":"max-video-preview:-1"},"canonical":"https:\/\/ww16.ce.gov.br\/secult\/politica\/eixos\/economia-da-cultura\/mecenas\/cefic\/","og_locale":"pt_BR","og_type":"article","og_title":"CEFIC - Secult -","og_description":"Certificado Fiscal de Incentivo \u00e0 Cultura (Cefic) LISTAGEM DO CERTIFICADO FISCAL DE INCENTIVO \u00c0 CULTURA (CEFIC) &nbsp; O Certificado Fiscal de Incentivo \u00e0 Cultura (CEFIC) \u00e9 um documento fiscal emitido pela Secretaria da Fazenda do Cear\u00e1 (Sefaz-CE), que autoriza o contribuinte incentivador a deduzir do ICMS devido mensalmente. &nbsp; O valor mensal do CEFIC de [&hellip;]","og_url":"https:\/\/ww16.ce.gov.br\/secult\/politica\/eixos\/economia-da-cultura\/mecenas\/cefic\/","og_site_name":"Secult","article_modified_time":"2026-04-23T14:36:36+00:00","twitter_card":"summary_large_image","twitter_misc":{"Est. reading time":"2 minutos"},"schema":{"@context":"https:\/\/schema.org","@graph":[{"@type":"WebPage","@id":"https:\/\/ww16.ce.gov.br\/secult\/politica\/eixos\/economia-da-cultura\/mecenas\/cefic\/","url":"https:\/\/ww16.ce.gov.br\/secult\/politica\/eixos\/economia-da-cultura\/mecenas\/cefic\/","name":"CEFIC - Secult -","isPartOf":{"@id":"https:\/\/ww16.ce.gov.br\/secult\/#website"},"datePublished":"2018-11-08T20:08:49+00:00","dateModified":"2026-04-23T14:36:36+00:00","breadcrumb":{"@id":"https:\/\/ww16.ce.gov.br\/secult\/politica\/eixos\/economia-da-cultura\/mecenas\/cefic\/#breadcrumb"},"inLanguage":"pt-BR","potentialAction":[{"@type":"ReadAction","target":["https:\/\/ww16.ce.gov.br\/secult\/politica\/eixos\/economia-da-cultura\/mecenas\/cefic\/"]}]},{"@type":"BreadcrumbList","@id":"https:\/\/ww16.ce.gov.br\/secult\/politica\/eixos\/economia-da-cultura\/mecenas\/cefic\/#breadcrumb","itemListElement":[{"@type":"ListItem","position":1,"name":"In\u00edcio","item":"https:\/\/ww16.ce.gov.br\/secult\/"},{"@type":"ListItem","position":2,"name":"Pol\u00edtica","item":"https:\/\/ww16.ce.gov.br\/secult\/politica\/"},{"@type":"ListItem","position":3,"name":"Eixos","item":"https:\/\/ww16.ce.gov.br\/secult\/politica\/eixos\/"},{"@type":"ListItem","position":4,"name":"Economia da Cultura","item":"https:\/\/ww16.ce.gov.br\/secult\/politica\/eixos\/economia-da-cultura\/"},{"@type":"ListItem","position":5,"name":"Mecenas do Cear\u00e1","item":"https:\/\/ww16.ce.gov.br\/secult\/politica\/eixos\/economia-da-cultura\/mecenas\/"},{"@type":"ListItem","position":6,"name":"CEFIC"}]},{"@type":"WebSite","@id":"https:\/\/ww16.ce.gov.br\/secult\/#website","url":"https:\/\/ww16.ce.gov.br\/secult\/","name":"Secretaria da Cultura","description":"Portal Secult","publisher":{"@id":"https:\/\/ww16.ce.gov.br\/secult\/#organization"},"potentialAction":[{"@type":"SearchAction","target":{"@type":"EntryPoint","urlTemplate":"https:\/\/ww16.ce.gov.br\/secult\/?s={search_term_string}"},"query-input":{"@type":"PropertyValueSpecification","valueRequired":true,"valueName":"search_term_string"}}],"inLanguage":"pt-BR"},{"@type":"Organization","@id":"https:\/\/ww16.ce.gov.br\/secult\/#organization","name":"Secretaria da Cultura","url":"https:\/\/ww16.ce.gov.br\/secult\/","logo":{"@type":"ImageObject","inLanguage":"pt-BR","@id":"https:\/\/ww16.ce.gov.br\/secult\/#\/schema\/logo\/image\/","url":"http:\/\/ww16.ce.gov.br\/secult\/wp-content\/uploads\/sites\/43\/2018\/05\/secult-clara-3.png","contentUrl":"http:\/\/ww16.ce.gov.br\/secult\/wp-content\/uploads\/sites\/43\/2018\/05\/secult-clara-3.png","width":559,"height":106,"caption":"Secretaria da Cultura"},"image":{"@id":"https:\/\/ww16.ce.gov.br\/secult\/#\/schema\/logo\/image\/"}}]}},"_links":{"self":[{"href":"https:\/\/ww16.ce.gov.br\/secult\/wp-json\/wp\/v2\/pages\/7320","targetHints":{"allow":["GET"]}}],"collection":[{"href":"https:\/\/ww16.ce.gov.br\/secult\/wp-json\/wp\/v2\/pages"}],"about":[{"href":"https:\/\/ww16.ce.gov.br\/secult\/wp-json\/wp\/v2\/types\/page"}],"author":[{"embeddable":true,"href":"https:\/\/ww16.ce.gov.br\/secult\/wp-json\/wp\/v2\/users\/12"}],"replies":[{"embeddable":true,"href":"https:\/\/ww16.ce.gov.br\/secult\/wp-json\/wp\/v2\/comments?post=7320"}],"version-history":[{"count":69,"href":"https:\/\/ww16.ce.gov.br\/secult\/wp-json\/wp\/v2\/pages\/7320\/revisions"}],"predecessor-version":[{"id":50277,"href":"https:\/\/ww16.ce.gov.br\/secult\/wp-json\/wp\/v2\/pages\/7320\/revisions\/50277"}],"up":[{"embeddable":true,"href":"https:\/\/ww16.ce.gov.br\/secult\/wp-json\/wp\/v2\/pages\/6954"}],"wp:attachment":[{"href":"https:\/\/ww16.ce.gov.br\/secult\/wp-json\/wp\/v2\/media?parent=7320"}],"curies":[{"name":"wp","href":"https:\/\/api.w.org\/{rel}","templated":true}]}}