{"id":7143,"date":"2018-10-08T14:11:10","date_gmt":"2018-10-08T17:11:10","guid":{"rendered":"http:\/\/www.secult.ce.gov.br\/?page_id=7143"},"modified":"2025-07-03T10:11:17","modified_gmt":"2025-07-03T13:11:17","slug":"acessibilidade","status":"publish","type":"page","link":"https:\/\/ww16.ce.gov.br\/secult\/acessibilidade\/","title":{"rendered":"Acessibilidade"},"content":{"rendered":"<h2><span style=\"color: #fc6836\"><strong>Acessibilidade\u00a0<\/strong><\/span><\/h2>\n<p><img loading=\"lazy\" decoding=\"async\" class=\"aligncenter size-full wp-image-7203\" src=\"https:\/\/www.secult.ce.gov.br\/wp-content\/uploads\/sites\/83\/2018\/10\/DSC_0008-1.jpg\" alt=\"\" width=\"1500\" height=\"996\" srcset=\"https:\/\/ww16.ce.gov.br\/secult\/wp-content\/uploads\/sites\/83\/2018\/10\/DSC_0008-1.jpg 1500w, https:\/\/ww16.ce.gov.br\/secult\/wp-content\/uploads\/sites\/83\/2018\/10\/DSC_0008-1-600x398.jpg 600w, https:\/\/ww16.ce.gov.br\/secult\/wp-content\/uploads\/sites\/83\/2018\/10\/DSC_0008-1-768x510.jpg 768w, https:\/\/ww16.ce.gov.br\/secult\/wp-content\/uploads\/sites\/83\/2018\/10\/DSC_0008-1-1200x797.jpg 1200w\" sizes=\"auto, (max-width: 1500px) 100vw, 1500px\" \/><\/p>\n<p>&nbsp;<\/p>\n<p>A SECULT reconhece na Cultura e nas Artes a possibilidade de transformar vidas e realidades, elas s\u00e3o direitos b\u00e1sicos e vitais, al\u00e9m de fatores indispens\u00e1veis de humaniza\u00e7\u00e3o. S\u00e3o direitos que nos expandem, que ampliam nossas capacidades cr\u00edticas e inventivas de transformar o mundo. E, como um direito, elas devem atender a todos os cidad\u00e3os.<\/p>\n<p>&nbsp;<\/p>\n<p>A fim de possibilitar que qualquer cidad\u00e3o do Estado, em base de igualdade, tenha acesso f\u00edsico a seus equipamentos e \u00e0s atividades culturais, bem como \u00e0s produ\u00e7\u00f5es de conte\u00fado e de programa\u00e7\u00e3o, a Secult vem dialogando com grupos como o F\u00f3rum Estadual de Acessibilidade Cultural, o Minist\u00e9rio P\u00fablico do Estado e outras institui\u00e7\u00f5es que trabalham a pol\u00edtica de Acessibilidade, e desde 2015, tem nesta pauta uma das prioridades da pol\u00edtica cultural no Estado, e reconhece o longo caminho a ser percorrido para que se garanta o pleno atendimento \u00e0 popula\u00e7\u00e3o.<\/p>\n<p>&nbsp;<\/p>\n<p>Buscando envolver o maior n\u00famero de protagonistas que trabalham a tem\u00e1tica para pensar e propor as pol\u00edticas p\u00fablicas de acessibilidade cultural a serem executadas dentro das a\u00e7\u00f5es da Secult, ainda em 2016, a Secretaria criou o Grupo de Trabalho de Acessibilidade, que realizou visitas guiadas aos equipamentos culturais, vistorias \u00e0s edifica\u00e7\u00f5es, oficinas e cursos, al\u00e9m de ter proposto atividades de acessibilidade que hoje integram as programa\u00e7\u00f5es em diversas a\u00e7\u00f5es da Cultura no Estado.<\/p>\n<p>&nbsp;<\/p>\n<ul class=\"ListaEst -Laranja col2\" style=\"font-weight: bold\">\n<li><a href=\"\/wp-content\/uploads\/sites\/83\/2025\/02\/Relatorio-de-Acessibilidade.pdf\" target=\"_blank\" rel=\"noopener\">Relat\u00f3rio Acessibilidade 2016\/2020<\/a><\/li>\n<\/ul>\n","protected":false},"excerpt":{"rendered":"<p>Acessibilidade\u00a0 &nbsp; A SECULT reconhece na Cultura e nas Artes a possibilidade de transformar vidas e realidades, elas s\u00e3o direitos b\u00e1sicos e vitais, al\u00e9m de fatores indispens\u00e1veis de humaniza\u00e7\u00e3o. S\u00e3o direitos que nos expandem, que ampliam nossas capacidades cr\u00edticas e inventivas de transformar o mundo. E, como um direito, elas devem atender a todos os [&hellip;]<\/p>\n","protected":false},"author":12,"featured_media":0,"parent":0,"menu_order":0,"comment_status":"closed","ping_status":"closed","template":"","meta":{"_acf_changed":false,"inline_featured_image":false,"footnotes":""},"class_list":["post-7143","page","type-page","status-publish","hentry"],"acf":[],"yoast_head":"<!-- This site is optimized with the Yoast SEO plugin v26.9 - https:\/\/yoast.com\/product\/yoast-seo-wordpress\/ -->\n<title>Acessibilidade - Secult<\/title>\n<meta name=\"robots\" content=\"index, follow, max-snippet:-1, max-image-preview:large, max-video-preview:-1\" \/>\n<link rel=\"canonical\" href=\"https:\/\/ww16.ce.gov.br\/secult\/acessibilidade\/\" \/>\n<meta property=\"og:locale\" content=\"pt_BR\" \/>\n<meta property=\"og:type\" content=\"article\" \/>\n<meta property=\"og:title\" content=\"Acessibilidade - Secult\" \/>\n<meta property=\"og:description\" content=\"Acessibilidade\u00a0 &nbsp; A SECULT reconhece na Cultura e nas Artes a possibilidade de transformar vidas e realidades, elas s\u00e3o direitos b\u00e1sicos e vitais, al\u00e9m de fatores indispens\u00e1veis de humaniza\u00e7\u00e3o. S\u00e3o direitos que nos expandem, que ampliam nossas capacidades cr\u00edticas e inventivas de transformar o mundo. E, como um direito, elas devem atender a todos os [&hellip;]\" \/>\n<meta property=\"og:url\" content=\"https:\/\/ww16.ce.gov.br\/secult\/acessibilidade\/\" \/>\n<meta property=\"og:site_name\" content=\"Secult\" \/>\n<meta property=\"article:modified_time\" content=\"2025-07-03T13:11:17+00:00\" \/>\n<meta property=\"og:image\" content=\"http:\/\/www.secult.ce.gov.br\/wp-content\/uploads\/sites\/83\/2018\/10\/DSC_0008-1.jpg\" \/>\n<meta name=\"twitter:card\" content=\"summary_large_image\" \/>\n<meta name=\"twitter:label1\" content=\"Est. reading time\" \/>\n\t<meta name=\"twitter:data1\" content=\"2 minutos\" \/>\n<script type=\"application\/ld+json\" class=\"yoast-schema-graph\">{\"@context\":\"https:\/\/schema.org\",\"@graph\":[{\"@type\":\"WebPage\",\"@id\":\"https:\/\/ww16.ce.gov.br\/secult\/acessibilidade\/\",\"url\":\"https:\/\/ww16.ce.gov.br\/secult\/acessibilidade\/\",\"name\":\"Acessibilidade - Secult\",\"isPartOf\":{\"@id\":\"https:\/\/ww16.ce.gov.br\/secult\/#website\"},\"primaryImageOfPage\":{\"@id\":\"https:\/\/ww16.ce.gov.br\/secult\/acessibilidade\/#primaryimage\"},\"image\":{\"@id\":\"https:\/\/ww16.ce.gov.br\/secult\/acessibilidade\/#primaryimage\"},\"thumbnailUrl\":\"http:\/\/www.secult.ce.gov.br\/wp-content\/uploads\/sites\/83\/2018\/10\/DSC_0008-1.jpg\",\"datePublished\":\"2018-10-08T17:11:10+00:00\",\"dateModified\":\"2025-07-03T13:11:17+00:00\",\"breadcrumb\":{\"@id\":\"https:\/\/ww16.ce.gov.br\/secult\/acessibilidade\/#breadcrumb\"},\"inLanguage\":\"pt-BR\",\"potentialAction\":[{\"@type\":\"ReadAction\",\"target\":[\"https:\/\/ww16.ce.gov.br\/secult\/acessibilidade\/\"]}]},{\"@type\":\"ImageObject\",\"inLanguage\":\"pt-BR\",\"@id\":\"https:\/\/ww16.ce.gov.br\/secult\/acessibilidade\/#primaryimage\",\"url\":\"http:\/\/www.secult.ce.gov.br\/wp-content\/uploads\/sites\/83\/2018\/10\/DSC_0008-1.jpg\",\"contentUrl\":\"http:\/\/www.secult.ce.gov.br\/wp-content\/uploads\/sites\/83\/2018\/10\/DSC_0008-1.jpg\"},{\"@type\":\"BreadcrumbList\",\"@id\":\"https:\/\/ww16.ce.gov.br\/secult\/acessibilidade\/#breadcrumb\",\"itemListElement\":[{\"@type\":\"ListItem\",\"position\":1,\"name\":\"In\u00edcio\",\"item\":\"https:\/\/ww16.ce.gov.br\/secult\/\"},{\"@type\":\"ListItem\",\"position\":2,\"name\":\"Acessibilidade\"}]},{\"@type\":\"WebSite\",\"@id\":\"https:\/\/ww16.ce.gov.br\/secult\/#website\",\"url\":\"https:\/\/ww16.ce.gov.br\/secult\/\",\"name\":\"Secretaria da Cultura\",\"description\":\"Portal Secult\",\"publisher\":{\"@id\":\"https:\/\/ww16.ce.gov.br\/secult\/#organization\"},\"potentialAction\":[{\"@type\":\"SearchAction\",\"target\":{\"@type\":\"EntryPoint\",\"urlTemplate\":\"https:\/\/ww16.ce.gov.br\/secult\/?s={search_term_string}\"},\"query-input\":{\"@type\":\"PropertyValueSpecification\",\"valueRequired\":true,\"valueName\":\"search_term_string\"}}],\"inLanguage\":\"pt-BR\"},{\"@type\":\"Organization\",\"@id\":\"https:\/\/ww16.ce.gov.br\/secult\/#organization\",\"name\":\"Secretaria da Cultura\",\"url\":\"https:\/\/ww16.ce.gov.br\/secult\/\",\"logo\":{\"@type\":\"ImageObject\",\"inLanguage\":\"pt-BR\",\"@id\":\"https:\/\/ww16.ce.gov.br\/secult\/#\/schema\/logo\/image\/\",\"url\":\"http:\/\/ww16.ce.gov.br\/secult\/wp-content\/uploads\/sites\/43\/2018\/05\/secult-clara-3.png\",\"contentUrl\":\"http:\/\/ww16.ce.gov.br\/secult\/wp-content\/uploads\/sites\/43\/2018\/05\/secult-clara-3.png\",\"width\":559,\"height\":106,\"caption\":\"Secretaria da Cultura\"},\"image\":{\"@id\":\"https:\/\/ww16.ce.gov.br\/secult\/#\/schema\/logo\/image\/\"}}]}<\/script>\n<!-- \/ Yoast SEO plugin. -->","yoast_head_json":{"title":"Acessibilidade - Secult","robots":{"index":"index","follow":"follow","max-snippet":"max-snippet:-1","max-image-preview":"max-image-preview:large","max-video-preview":"max-video-preview:-1"},"canonical":"https:\/\/ww16.ce.gov.br\/secult\/acessibilidade\/","og_locale":"pt_BR","og_type":"article","og_title":"Acessibilidade - Secult","og_description":"Acessibilidade\u00a0 &nbsp; A SECULT reconhece na Cultura e nas Artes a possibilidade de transformar vidas e realidades, elas s\u00e3o direitos b\u00e1sicos e vitais, al\u00e9m de fatores indispens\u00e1veis de humaniza\u00e7\u00e3o. S\u00e3o direitos que nos expandem, que ampliam nossas capacidades cr\u00edticas e inventivas de transformar o mundo. E, como um direito, elas devem atender a todos os [&hellip;]","og_url":"https:\/\/ww16.ce.gov.br\/secult\/acessibilidade\/","og_site_name":"Secult","article_modified_time":"2025-07-03T13:11:17+00:00","og_image":[{"url":"http:\/\/www.secult.ce.gov.br\/wp-content\/uploads\/sites\/83\/2018\/10\/DSC_0008-1.jpg","type":"","width":"","height":""}],"twitter_card":"summary_large_image","twitter_misc":{"Est. reading time":"2 minutos"},"schema":{"@context":"https:\/\/schema.org","@graph":[{"@type":"WebPage","@id":"https:\/\/ww16.ce.gov.br\/secult\/acessibilidade\/","url":"https:\/\/ww16.ce.gov.br\/secult\/acessibilidade\/","name":"Acessibilidade - Secult","isPartOf":{"@id":"https:\/\/ww16.ce.gov.br\/secult\/#website"},"primaryImageOfPage":{"@id":"https:\/\/ww16.ce.gov.br\/secult\/acessibilidade\/#primaryimage"},"image":{"@id":"https:\/\/ww16.ce.gov.br\/secult\/acessibilidade\/#primaryimage"},"thumbnailUrl":"http:\/\/www.secult.ce.gov.br\/wp-content\/uploads\/sites\/83\/2018\/10\/DSC_0008-1.jpg","datePublished":"2018-10-08T17:11:10+00:00","dateModified":"2025-07-03T13:11:17+00:00","breadcrumb":{"@id":"https:\/\/ww16.ce.gov.br\/secult\/acessibilidade\/#breadcrumb"},"inLanguage":"pt-BR","potentialAction":[{"@type":"ReadAction","target":["https:\/\/ww16.ce.gov.br\/secult\/acessibilidade\/"]}]},{"@type":"ImageObject","inLanguage":"pt-BR","@id":"https:\/\/ww16.ce.gov.br\/secult\/acessibilidade\/#primaryimage","url":"http:\/\/www.secult.ce.gov.br\/wp-content\/uploads\/sites\/83\/2018\/10\/DSC_0008-1.jpg","contentUrl":"http:\/\/www.secult.ce.gov.br\/wp-content\/uploads\/sites\/83\/2018\/10\/DSC_0008-1.jpg"},{"@type":"BreadcrumbList","@id":"https:\/\/ww16.ce.gov.br\/secult\/acessibilidade\/#breadcrumb","itemListElement":[{"@type":"ListItem","position":1,"name":"In\u00edcio","item":"https:\/\/ww16.ce.gov.br\/secult\/"},{"@type":"ListItem","position":2,"name":"Acessibilidade"}]},{"@type":"WebSite","@id":"https:\/\/ww16.ce.gov.br\/secult\/#website","url":"https:\/\/ww16.ce.gov.br\/secult\/","name":"Secretaria da Cultura","description":"Portal Secult","publisher":{"@id":"https:\/\/ww16.ce.gov.br\/secult\/#organization"},"potentialAction":[{"@type":"SearchAction","target":{"@type":"EntryPoint","urlTemplate":"https:\/\/ww16.ce.gov.br\/secult\/?s={search_term_string}"},"query-input":{"@type":"PropertyValueSpecification","valueRequired":true,"valueName":"search_term_string"}}],"inLanguage":"pt-BR"},{"@type":"Organization","@id":"https:\/\/ww16.ce.gov.br\/secult\/#organization","name":"Secretaria da Cultura","url":"https:\/\/ww16.ce.gov.br\/secult\/","logo":{"@type":"ImageObject","inLanguage":"pt-BR","@id":"https:\/\/ww16.ce.gov.br\/secult\/#\/schema\/logo\/image\/","url":"http:\/\/ww16.ce.gov.br\/secult\/wp-content\/uploads\/sites\/43\/2018\/05\/secult-clara-3.png","contentUrl":"http:\/\/ww16.ce.gov.br\/secult\/wp-content\/uploads\/sites\/43\/2018\/05\/secult-clara-3.png","width":559,"height":106,"caption":"Secretaria da Cultura"},"image":{"@id":"https:\/\/ww16.ce.gov.br\/secult\/#\/schema\/logo\/image\/"}}]}},"_links":{"self":[{"href":"https:\/\/ww16.ce.gov.br\/secult\/wp-json\/wp\/v2\/pages\/7143","targetHints":{"allow":["GET"]}}],"collection":[{"href":"https:\/\/ww16.ce.gov.br\/secult\/wp-json\/wp\/v2\/pages"}],"about":[{"href":"https:\/\/ww16.ce.gov.br\/secult\/wp-json\/wp\/v2\/types\/page"}],"author":[{"embeddable":true,"href":"https:\/\/ww16.ce.gov.br\/secult\/wp-json\/wp\/v2\/users\/12"}],"replies":[{"embeddable":true,"href":"https:\/\/ww16.ce.gov.br\/secult\/wp-json\/wp\/v2\/comments?post=7143"}],"version-history":[{"count":8,"href":"https:\/\/ww16.ce.gov.br\/secult\/wp-json\/wp\/v2\/pages\/7143\/revisions"}],"predecessor-version":[{"id":43890,"href":"https:\/\/ww16.ce.gov.br\/secult\/wp-json\/wp\/v2\/pages\/7143\/revisions\/43890"}],"wp:attachment":[{"href":"https:\/\/ww16.ce.gov.br\/secult\/wp-json\/wp\/v2\/media?parent=7143"}],"curies":[{"name":"wp","href":"https:\/\/api.w.org\/{rel}","templated":true}]}}