{"id":7000,"date":"2018-10-02T15:57:52","date_gmt":"2018-10-02T18:57:52","guid":{"rendered":"http:\/\/www.secult.ce.gov.br\/?page_id=7000"},"modified":"2026-04-23T13:15:30","modified_gmt":"2026-04-23T16:15:30","slug":"diversidade-e-cidadania","status":"publish","type":"page","link":"https:\/\/ww16.ce.gov.br\/secult\/politica\/eixos\/diversidade-e-cidadania\/","title":{"rendered":"Diversidade e Cidadania"},"content":{"rendered":"\n<div class=\"wp-block-cegovbr-titulo-personalizado cegovbr-titulo-personalizado\"><div class=\"cegovbr-titulo-header\"><span class=\"material-symbols-outlined cegovbr-titulo-icon\">diversity_3<\/span><h6 class=\"cegovbr-titulo-text\">Eixo &#8211; Diversidade e Cidadania<\/h6><\/div><\/div>\n\n\n\n<p> Promover a inclus\u00e3o social, a interculturalidade e o respeito \u00e0 diversidade, combatendo toda forma de discrimina\u00e7\u00e3o e promovendo os<br>direitos humanos.<\/p>\n\n\n\n<div style=\"height:50px\" aria-hidden=\"true\" class=\"wp-block-spacer\"><\/div>\n\n\n\n<ul class=\"wp-block-list\">\n<li><a href=\"\/cultura-infancia\/\">Cultura Inf\u00e2ncia<\/a><\/li>\n\n\n\n<li><a href=\"\/cultura-lgbt\/\">Cultura LGBTQ+<\/a><\/li>\n\n\n\n<li><a href=\"\/rede-pontos-de-cultura\/\">Rede de Pontos de Cultura do Cear\u00e1<\/a><\/li>\n\n\n\n<li><a href=\"\/acessibilidade\/\">Acessibilidade<\/a><\/li>\n<\/ul>\n\n\n\n<p><\/p>\n","protected":false},"excerpt":{"rendered":"<p>Promover a inclus\u00e3o social, a interculturalidade e o respeito \u00e0 diversidade, combatendo toda forma de discrimina\u00e7\u00e3o e promovendo osdireitos humanos.<\/p>\n","protected":false},"author":12,"featured_media":0,"parent":6722,"menu_order":0,"comment_status":"closed","ping_status":"closed","template":"","meta":{"_acf_changed":false,"inline_featured_image":false,"footnotes":""},"class_list":["post-7000","page","type-page","status-publish","hentry"],"acf":[],"yoast_head":"<!-- This site is optimized with the Yoast SEO plugin v26.9 - https:\/\/yoast.com\/product\/yoast-seo-wordpress\/ -->\n<title>Eixo - Diversidade e Cidadania - Secult Cear\u00e1<\/title>\n<meta name=\"description\" content=\"Promover a inclus\u00e3o social, a interculturalidade e o respeito \u00e0 diversidade, combatendo toda forma de discrimina\u00e7\u00e3o e promovendo osdireitos humanos.\" \/>\n<meta name=\"robots\" content=\"index, follow, max-snippet:-1, max-image-preview:large, max-video-preview:-1\" \/>\n<link rel=\"canonical\" href=\"https:\/\/ww16.ce.gov.br\/secult\/politica\/eixos\/diversidade-e-cidadania\/\" \/>\n<meta property=\"og:locale\" content=\"pt_BR\" \/>\n<meta property=\"og:type\" content=\"article\" \/>\n<meta property=\"og:title\" content=\"Eixo - Diversidade e Cidadania - Secult Cear\u00e1\" \/>\n<meta property=\"og:description\" content=\"Promover a inclus\u00e3o social, a interculturalidade e o respeito \u00e0 diversidade, combatendo toda forma de discrimina\u00e7\u00e3o e promovendo osdireitos humanos.\" \/>\n<meta property=\"og:url\" content=\"https:\/\/ww16.ce.gov.br\/secult\/politica\/eixos\/diversidade-e-cidadania\/\" \/>\n<meta property=\"og:site_name\" content=\"Secult\" \/>\n<meta property=\"article:modified_time\" content=\"2026-04-23T16:15:30+00:00\" \/>\n<meta name=\"twitter:card\" content=\"summary_large_image\" \/>\n<meta name=\"twitter:label1\" content=\"Est. reading time\" \/>\n\t<meta name=\"twitter:data1\" content=\"1 minuto\" \/>\n<script type=\"application\/ld+json\" class=\"yoast-schema-graph\">{\"@context\":\"https:\/\/schema.org\",\"@graph\":[{\"@type\":\"WebPage\",\"@id\":\"https:\/\/ww16.ce.gov.br\/secult\/politica\/eixos\/diversidade-e-cidadania\/\",\"url\":\"https:\/\/ww16.ce.gov.br\/secult\/politica\/eixos\/diversidade-e-cidadania\/\",\"name\":\"Eixo - Diversidade e Cidadania - Secult Cear\u00e1\",\"isPartOf\":{\"@id\":\"https:\/\/ww16.ce.gov.br\/secult\/#website\"},\"datePublished\":\"2018-10-02T18:57:52+00:00\",\"dateModified\":\"2026-04-23T16:15:30+00:00\",\"description\":\"Promover a inclus\u00e3o social, a interculturalidade e o respeito \u00e0 diversidade, combatendo toda forma de discrimina\u00e7\u00e3o e promovendo osdireitos humanos.\",\"breadcrumb\":{\"@id\":\"https:\/\/ww16.ce.gov.br\/secult\/politica\/eixos\/diversidade-e-cidadania\/#breadcrumb\"},\"inLanguage\":\"pt-BR\",\"potentialAction\":[{\"@type\":\"ReadAction\",\"target\":[\"https:\/\/ww16.ce.gov.br\/secult\/politica\/eixos\/diversidade-e-cidadania\/\"]}]},{\"@type\":\"BreadcrumbList\",\"@id\":\"https:\/\/ww16.ce.gov.br\/secult\/politica\/eixos\/diversidade-e-cidadania\/#breadcrumb\",\"itemListElement\":[{\"@type\":\"ListItem\",\"position\":1,\"name\":\"In\u00edcio\",\"item\":\"https:\/\/ww16.ce.gov.br\/secult\/\"},{\"@type\":\"ListItem\",\"position\":2,\"name\":\"Pol\u00edtica\",\"item\":\"https:\/\/ww16.ce.gov.br\/secult\/politica\/\"},{\"@type\":\"ListItem\",\"position\":3,\"name\":\"Eixos\",\"item\":\"https:\/\/ww16.ce.gov.br\/secult\/politica\/eixos\/\"},{\"@type\":\"ListItem\",\"position\":4,\"name\":\"Diversidade e Cidadania\"}]},{\"@type\":\"WebSite\",\"@id\":\"https:\/\/ww16.ce.gov.br\/secult\/#website\",\"url\":\"https:\/\/ww16.ce.gov.br\/secult\/\",\"name\":\"Secretaria da Cultura\",\"description\":\"Portal Secult\",\"publisher\":{\"@id\":\"https:\/\/ww16.ce.gov.br\/secult\/#organization\"},\"potentialAction\":[{\"@type\":\"SearchAction\",\"target\":{\"@type\":\"EntryPoint\",\"urlTemplate\":\"https:\/\/ww16.ce.gov.br\/secult\/?s={search_term_string}\"},\"query-input\":{\"@type\":\"PropertyValueSpecification\",\"valueRequired\":true,\"valueName\":\"search_term_string\"}}],\"inLanguage\":\"pt-BR\"},{\"@type\":\"Organization\",\"@id\":\"https:\/\/ww16.ce.gov.br\/secult\/#organization\",\"name\":\"Secretaria da Cultura\",\"url\":\"https:\/\/ww16.ce.gov.br\/secult\/\",\"logo\":{\"@type\":\"ImageObject\",\"inLanguage\":\"pt-BR\",\"@id\":\"https:\/\/ww16.ce.gov.br\/secult\/#\/schema\/logo\/image\/\",\"url\":\"http:\/\/ww16.ce.gov.br\/secult\/wp-content\/uploads\/sites\/43\/2018\/05\/secult-clara-3.png\",\"contentUrl\":\"http:\/\/ww16.ce.gov.br\/secult\/wp-content\/uploads\/sites\/43\/2018\/05\/secult-clara-3.png\",\"width\":559,\"height\":106,\"caption\":\"Secretaria da Cultura\"},\"image\":{\"@id\":\"https:\/\/ww16.ce.gov.br\/secult\/#\/schema\/logo\/image\/\"}}]}<\/script>\n<!-- \/ Yoast SEO plugin. -->","yoast_head_json":{"title":"Eixo - Diversidade e Cidadania - Secult Cear\u00e1","description":"Promover a inclus\u00e3o social, a interculturalidade e o respeito \u00e0 diversidade, combatendo toda forma de discrimina\u00e7\u00e3o e promovendo osdireitos humanos.","robots":{"index":"index","follow":"follow","max-snippet":"max-snippet:-1","max-image-preview":"max-image-preview:large","max-video-preview":"max-video-preview:-1"},"canonical":"https:\/\/ww16.ce.gov.br\/secult\/politica\/eixos\/diversidade-e-cidadania\/","og_locale":"pt_BR","og_type":"article","og_title":"Eixo - Diversidade e Cidadania - Secult Cear\u00e1","og_description":"Promover a inclus\u00e3o social, a interculturalidade e o respeito \u00e0 diversidade, combatendo toda forma de discrimina\u00e7\u00e3o e promovendo osdireitos humanos.","og_url":"https:\/\/ww16.ce.gov.br\/secult\/politica\/eixos\/diversidade-e-cidadania\/","og_site_name":"Secult","article_modified_time":"2026-04-23T16:15:30+00:00","twitter_card":"summary_large_image","twitter_misc":{"Est. reading time":"1 minuto"},"schema":{"@context":"https:\/\/schema.org","@graph":[{"@type":"WebPage","@id":"https:\/\/ww16.ce.gov.br\/secult\/politica\/eixos\/diversidade-e-cidadania\/","url":"https:\/\/ww16.ce.gov.br\/secult\/politica\/eixos\/diversidade-e-cidadania\/","name":"Eixo - Diversidade e Cidadania - Secult Cear\u00e1","isPartOf":{"@id":"https:\/\/ww16.ce.gov.br\/secult\/#website"},"datePublished":"2018-10-02T18:57:52+00:00","dateModified":"2026-04-23T16:15:30+00:00","description":"Promover a inclus\u00e3o social, a interculturalidade e o respeito \u00e0 diversidade, combatendo toda forma de discrimina\u00e7\u00e3o e promovendo osdireitos humanos.","breadcrumb":{"@id":"https:\/\/ww16.ce.gov.br\/secult\/politica\/eixos\/diversidade-e-cidadania\/#breadcrumb"},"inLanguage":"pt-BR","potentialAction":[{"@type":"ReadAction","target":["https:\/\/ww16.ce.gov.br\/secult\/politica\/eixos\/diversidade-e-cidadania\/"]}]},{"@type":"BreadcrumbList","@id":"https:\/\/ww16.ce.gov.br\/secult\/politica\/eixos\/diversidade-e-cidadania\/#breadcrumb","itemListElement":[{"@type":"ListItem","position":1,"name":"In\u00edcio","item":"https:\/\/ww16.ce.gov.br\/secult\/"},{"@type":"ListItem","position":2,"name":"Pol\u00edtica","item":"https:\/\/ww16.ce.gov.br\/secult\/politica\/"},{"@type":"ListItem","position":3,"name":"Eixos","item":"https:\/\/ww16.ce.gov.br\/secult\/politica\/eixos\/"},{"@type":"ListItem","position":4,"name":"Diversidade e Cidadania"}]},{"@type":"WebSite","@id":"https:\/\/ww16.ce.gov.br\/secult\/#website","url":"https:\/\/ww16.ce.gov.br\/secult\/","name":"Secretaria da Cultura","description":"Portal Secult","publisher":{"@id":"https:\/\/ww16.ce.gov.br\/secult\/#organization"},"potentialAction":[{"@type":"SearchAction","target":{"@type":"EntryPoint","urlTemplate":"https:\/\/ww16.ce.gov.br\/secult\/?s={search_term_string}"},"query-input":{"@type":"PropertyValueSpecification","valueRequired":true,"valueName":"search_term_string"}}],"inLanguage":"pt-BR"},{"@type":"Organization","@id":"https:\/\/ww16.ce.gov.br\/secult\/#organization","name":"Secretaria da Cultura","url":"https:\/\/ww16.ce.gov.br\/secult\/","logo":{"@type":"ImageObject","inLanguage":"pt-BR","@id":"https:\/\/ww16.ce.gov.br\/secult\/#\/schema\/logo\/image\/","url":"http:\/\/ww16.ce.gov.br\/secult\/wp-content\/uploads\/sites\/43\/2018\/05\/secult-clara-3.png","contentUrl":"http:\/\/ww16.ce.gov.br\/secult\/wp-content\/uploads\/sites\/43\/2018\/05\/secult-clara-3.png","width":559,"height":106,"caption":"Secretaria da Cultura"},"image":{"@id":"https:\/\/ww16.ce.gov.br\/secult\/#\/schema\/logo\/image\/"}}]}},"_links":{"self":[{"href":"https:\/\/ww16.ce.gov.br\/secult\/wp-json\/wp\/v2\/pages\/7000","targetHints":{"allow":["GET"]}}],"collection":[{"href":"https:\/\/ww16.ce.gov.br\/secult\/wp-json\/wp\/v2\/pages"}],"about":[{"href":"https:\/\/ww16.ce.gov.br\/secult\/wp-json\/wp\/v2\/types\/page"}],"author":[{"embeddable":true,"href":"https:\/\/ww16.ce.gov.br\/secult\/wp-json\/wp\/v2\/users\/12"}],"replies":[{"embeddable":true,"href":"https:\/\/ww16.ce.gov.br\/secult\/wp-json\/wp\/v2\/comments?post=7000"}],"version-history":[{"count":15,"href":"https:\/\/ww16.ce.gov.br\/secult\/wp-json\/wp\/v2\/pages\/7000\/revisions"}],"predecessor-version":[{"id":51754,"href":"https:\/\/ww16.ce.gov.br\/secult\/wp-json\/wp\/v2\/pages\/7000\/revisions\/51754"}],"up":[{"embeddable":true,"href":"https:\/\/ww16.ce.gov.br\/secult\/wp-json\/wp\/v2\/pages\/6722"}],"wp:attachment":[{"href":"https:\/\/ww16.ce.gov.br\/secult\/wp-json\/wp\/v2\/media?parent=7000"}],"curies":[{"name":"wp","href":"https:\/\/api.w.org\/{rel}","templated":true}]}}