{"id":6827,"date":"2018-09-22T07:09:10","date_gmt":"2018-09-22T10:09:10","guid":{"rendered":"http:\/\/www.secult.ce.gov.br\/?page_id=6827"},"modified":"2026-05-13T14:30:45","modified_gmt":"2026-05-13T17:30:45","slug":"encontro-2023","status":"publish","type":"page","link":"https:\/\/ww16.ce.gov.br\/secult\/politica\/eixos\/patrimonio\/imaterial\/encontro-mestres-do-mundo\/encontro-2023\/","title":{"rendered":"Encontro Mestres do Mundo 2023"},"content":{"rendered":"<h1 style=\"text-align: center\"><span style=\"color: #fc6836\"><strong>XV Encontro Mestres do Mundo<\/strong><\/span><\/h1>\n<p><img loading=\"lazy\" decoding=\"async\" class=\"size-full wp-image-30637 aligncenter\" src=\"https:\/\/ww16.ce.gov.br\/secult\/wp-content\/uploads\/sites\/83\/2023\/12\/encontro-mestres-do-mundo.jpeg\" alt=\"\" width=\"796\" height=\"438\" srcset=\"https:\/\/ww16.ce.gov.br\/secult\/wp-content\/uploads\/sites\/83\/2023\/12\/encontro-mestres-do-mundo.jpeg 796w, https:\/\/ww16.ce.gov.br\/secult\/wp-content\/uploads\/sites\/83\/2023\/12\/encontro-mestres-do-mundo-600x330.jpeg 600w, https:\/\/ww16.ce.gov.br\/secult\/wp-content\/uploads\/sites\/83\/2023\/12\/encontro-mestres-do-mundo-768x423.jpeg 768w\" sizes=\"auto, (max-width: 796px) 100vw, 796px\" \/><\/p>\n<div style=\"text-align: justify\">\n<h2 style=\"text-align: center\"><strong>XV Encontro Mestres do Mundo celebra 20 anos da pol\u00edtica dos Tesouros Vivos do Cear\u00e1<\/strong><\/h2>\n<p>&nbsp;<\/p>\n<p>De Mestre para Mestre, \u00e0 luz dos guardi\u00f5es e guardi\u00e3s das sabedorias populares! O Governo do Cear\u00e1, por meio da Secretaria da Cultura e do Centro Cultural do Cariri S\u00e9rvulo Esmeraldo, em parceria com o Instituto Mirante de Cultura e Arte, realiza o XV Encontro Mestres do Mundo. Em alus\u00e3o aos vinte anos da pol\u00edtica dos Tesouros Vivos do Cear\u00e1, neste ano, tem como tema \u201c20 Anos de Futuro\u201d e ser\u00e1 realizado entre os dias 7 a 10 de dezembro, no Centro Cultural do Cariri, espa\u00e7o que integra a Rede P\u00fablica de Equipamentos Culturais do Cear\u00e1 (Rece), com uma programa\u00e7\u00e3o diversa, gratuita e aberta ao p\u00fablico.<\/p>\n<p>&nbsp;<\/p>\n<h3><strong>Tesouros Vivos da Cultura do Cear\u00e1 \u2013 20 anos de futuro<\/strong><\/h3>\n<p>&nbsp;<\/p>\n<p>O ano de 2023 \u00e9 marco de uma das pol\u00edticas mais longevas de prote\u00e7\u00e3o ao patrim\u00f4nio imaterial do pa\u00eds. H\u00e1 vinte anos, em agosto de 2003, foi criada a primeira lei de reconhecimento aos mestres e mestras da cultura. Essa normativa avan\u00e7aria o modo como vemos a salvaguarda, entendendo que \u00e9 preciso, mais do que um fomento pontual, um esfor\u00e7o governamental para prover as condi\u00e7\u00f5es necess\u00e1rias para a cria\u00e7\u00e3o e a transmiss\u00e3o de saber com dignidade.<\/p>\n<p>&nbsp;<\/p>\n<p>O aperfei\u00e7oamento da pol\u00edtica veio com a Lei Estadual 13.842, de 27 de novembro de 2006, que instituiu o registro dos \u201cTesouros Vivos da Cultura\u201d no Cear\u00e1, normatizando o processo de sele\u00e7\u00e3o. Voltada para o reconhecimento dos saberes e fazeres dos mestres e mestras da cultura tradicional e popular, a normativa passou a reconhecer, al\u00e9m das pessoas naturais, os grupos e as coletividades dotados de conhecimentos e t\u00e9cnicas de atividades culturais de elevado grau de maestria, constituindo importante referencial da Cultura Cearense. O programa Mestres da Cultura se tornou um referencial do Cear\u00e1 para o Brasil recebendo, \u00e0 \u00e9poca de sua cria\u00e7\u00e3o, pr\u00eamio do Minist\u00e9rio da Cultura, pela qualidade e pelos efeitos da iniciativa.<\/p>\n<p style=\"text-align: center\"><img loading=\"lazy\" decoding=\"async\" class=\"size-large wp-image-30644 aligncenter\" src=\"https:\/\/ww16.ce.gov.br\/secult\/wp-content\/uploads\/sites\/83\/2023\/12\/14112023Sessao-de-Fotos-Mestre-AldenirSamuel-Macedo_K5A2214-1200x800.jpg\" alt=\"\" width=\"690\" height=\"460\" srcset=\"https:\/\/ww16.ce.gov.br\/secult\/wp-content\/uploads\/sites\/83\/2023\/12\/14112023Sessao-de-Fotos-Mestre-AldenirSamuel-Macedo_K5A2214-1200x800.jpg 1200w, https:\/\/ww16.ce.gov.br\/secult\/wp-content\/uploads\/sites\/83\/2023\/12\/14112023Sessao-de-Fotos-Mestre-AldenirSamuel-Macedo_K5A2214-600x400.jpg 600w, https:\/\/ww16.ce.gov.br\/secult\/wp-content\/uploads\/sites\/83\/2023\/12\/14112023Sessao-de-Fotos-Mestre-AldenirSamuel-Macedo_K5A2214-768x512.jpg 768w, https:\/\/ww16.ce.gov.br\/secult\/wp-content\/uploads\/sites\/83\/2023\/12\/14112023Sessao-de-Fotos-Mestre-AldenirSamuel-Macedo_K5A2214-1536x1025.jpg 1536w, https:\/\/ww16.ce.gov.br\/secult\/wp-content\/uploads\/sites\/83\/2023\/12\/14112023Sessao-de-Fotos-Mestre-AldenirSamuel-Macedo_K5A2214.jpg 2048w\" sizes=\"auto, (max-width: 690px) 100vw, 690px\" \/><em>Foto: Samuel Macedo<\/em><\/p>\n<p>&nbsp;<\/p>\n<p>Os mestres e mestras s\u00e3o reconhecidos como detentores e transmissores de tradi\u00e7\u00f5es, da hist\u00f3ria e da identidade, atuando no repasse de seus saberes e experi\u00eancias \u00e0s novas gera\u00e7\u00f5es. S\u00e3o selecionados pela Coordenadoria de Patrim\u00f4nio Cultural e Mem\u00f3ria (Copam), da Secult Cear\u00e1, ap\u00f3s apresenta\u00e7\u00e3o de propostas pelas candidatas e pelos candidatos. Os Mestres e as Mestras da Cultura passam, ent\u00e3o, a contar com reconhecimento institucional e recebem um subs\u00eddio no valor de um sal\u00e1rio m\u00ednimo mensal, como aux\u00edlio para a manuten\u00e7\u00e3o de suas atividades e para a transmiss\u00e3o de seus saberes e fazeres.<\/p>\n<p>&nbsp;<\/p>\n<p>Em 2017, o ent\u00e3o governador Camilo Santana sancionou lei que aumentou para 80 o n\u00famero m\u00e1ximo de pessoas naturais contempladas com o t\u00edtulo de Mestres e Mestras da Cultura. J\u00e1 em 2022, a ent\u00e3o governadora Izolda Cela ampliou para 100 esse n\u00famero, contribuindo para o reconhecimento, a prote\u00e7\u00e3o e a valoriza\u00e7\u00e3o da diversidade dos conhecimentos, fazeres e express\u00f5es das culturas populares e tradicionais no Cear\u00e1. Ainda em 2022, tamb\u00e9m foi sancionado o C\u00f3digo do Patrim\u00f4nio Cultural do Cear\u00e1, que atualiza os conceitos, as formas de acesso, os direitos e deveres do Registro dos Tesouros Vivos da Cultura cearense.<\/p>\n<p>&nbsp;<\/p>\n<h3><strong>Resguardar saberes<\/strong><\/h3>\n<p>&nbsp;<\/p>\n<p>O objetivo da Pol\u00edtica dos Tesouros Vivos, na sua funda\u00e7\u00e3o, foi resguardar os saberes que fazem a identidade dos cearenses. Junto a isto, ao longo dos anos surgiu o Programa Mestres nas escolas, Programa Mestre, Presente! e o diploma de not\u00f3rio saber, conferido pela Universidade Estadual do Cear\u00e1. Ao preservar um Patrim\u00f4nio como Tesouro Vivo, \u00e9 definindo o que acompanhar\u00e1 a sociedade cearense durante os pr\u00f3ximos anos, que dir\u00e1 quem somos e o que queremos ser. Na primeira titula\u00e7\u00e3o, em 2004, a Mestra L\u00facia foi diplomada, reconhecendo n\u00e3o somente a sua obra, mas estabelecendo a garantia de que, no futuro, o seu trabalho de ceramista continuar\u00e1 no cerne da sociedade cearense.<\/p>\n<\/div>\n","protected":false},"excerpt":{"rendered":"<p>XV Encontro Mestres do Mundo XV Encontro Mestres do Mundo celebra 20 anos da pol\u00edtica dos Tesouros Vivos do Cear\u00e1 &nbsp; De Mestre para Mestre, \u00e0 luz dos guardi\u00f5es e guardi\u00e3s das sabedorias populares! O Governo do Cear\u00e1, por meio da Secretaria da Cultura e do Centro Cultural do Cariri S\u00e9rvulo Esmeraldo, em parceria com [&hellip;]<\/p>\n","protected":false},"author":12,"featured_media":0,"parent":39052,"menu_order":0,"comment_status":"closed","ping_status":"closed","template":"","meta":{"_acf_changed":false,"inline_featured_image":false,"footnotes":""},"class_list":["post-6827","page","type-page","status-publish","hentry"],"acf":[],"yoast_head":"<!-- This site is optimized with the Yoast SEO plugin v26.9 - https:\/\/yoast.com\/product\/yoast-seo-wordpress\/ -->\n<title>Encontro Mestres do Mundo 2023 - Secult<\/title>\n<meta name=\"robots\" content=\"index, follow, max-snippet:-1, max-image-preview:large, max-video-preview:-1\" \/>\n<link rel=\"canonical\" href=\"https:\/\/ww16.ce.gov.br\/secult\/politica\/eixos\/patrimonio\/imaterial\/encontro-mestres-do-mundo\/encontro-2023\/\" \/>\n<meta property=\"og:locale\" content=\"pt_BR\" \/>\n<meta property=\"og:type\" content=\"article\" \/>\n<meta property=\"og:title\" content=\"Encontro Mestres do Mundo 2023 - Secult\" \/>\n<meta property=\"og:description\" content=\"XV Encontro Mestres do Mundo XV Encontro Mestres do Mundo celebra 20 anos da pol\u00edtica dos Tesouros Vivos do Cear\u00e1 &nbsp; De Mestre para Mestre, \u00e0 luz dos guardi\u00f5es e guardi\u00e3s das sabedorias populares! O Governo do Cear\u00e1, por meio da Secretaria da Cultura e do Centro Cultural do Cariri S\u00e9rvulo Esmeraldo, em parceria com [&hellip;]\" \/>\n<meta property=\"og:url\" content=\"https:\/\/ww16.ce.gov.br\/secult\/politica\/eixos\/patrimonio\/imaterial\/encontro-mestres-do-mundo\/encontro-2023\/\" \/>\n<meta property=\"og:site_name\" content=\"Secult\" \/>\n<meta property=\"article:modified_time\" content=\"2026-05-13T17:30:45+00:00\" \/>\n<meta property=\"og:image\" content=\"http:\/\/ww16.ce.gov.br\/secult\/wp-content\/uploads\/sites\/83\/2023\/12\/encontro-mestres-do-mundo.jpeg\" \/>\n<meta name=\"twitter:card\" content=\"summary_large_image\" \/>\n<meta name=\"twitter:label1\" content=\"Est. reading time\" \/>\n\t<meta name=\"twitter:data1\" content=\"4 minutos\" \/>\n<script type=\"application\/ld+json\" class=\"yoast-schema-graph\">{\"@context\":\"https:\/\/schema.org\",\"@graph\":[{\"@type\":\"WebPage\",\"@id\":\"https:\/\/ww16.ce.gov.br\/secult\/politica\/eixos\/patrimonio\/imaterial\/encontro-mestres-do-mundo\/encontro-2023\/\",\"url\":\"https:\/\/ww16.ce.gov.br\/secult\/politica\/eixos\/patrimonio\/imaterial\/encontro-mestres-do-mundo\/encontro-2023\/\",\"name\":\"Encontro Mestres do Mundo 2023 - Secult\",\"isPartOf\":{\"@id\":\"https:\/\/ww16.ce.gov.br\/secult\/#website\"},\"primaryImageOfPage\":{\"@id\":\"https:\/\/ww16.ce.gov.br\/secult\/politica\/eixos\/patrimonio\/imaterial\/encontro-mestres-do-mundo\/encontro-2023\/#primaryimage\"},\"image\":{\"@id\":\"https:\/\/ww16.ce.gov.br\/secult\/politica\/eixos\/patrimonio\/imaterial\/encontro-mestres-do-mundo\/encontro-2023\/#primaryimage\"},\"thumbnailUrl\":\"http:\/\/ww16.ce.gov.br\/secult\/wp-content\/uploads\/sites\/83\/2023\/12\/encontro-mestres-do-mundo.jpeg\",\"datePublished\":\"2018-09-22T10:09:10+00:00\",\"dateModified\":\"2026-05-13T17:30:45+00:00\",\"breadcrumb\":{\"@id\":\"https:\/\/ww16.ce.gov.br\/secult\/politica\/eixos\/patrimonio\/imaterial\/encontro-mestres-do-mundo\/encontro-2023\/#breadcrumb\"},\"inLanguage\":\"pt-BR\",\"potentialAction\":[{\"@type\":\"ReadAction\",\"target\":[\"https:\/\/ww16.ce.gov.br\/secult\/politica\/eixos\/patrimonio\/imaterial\/encontro-mestres-do-mundo\/encontro-2023\/\"]}]},{\"@type\":\"ImageObject\",\"inLanguage\":\"pt-BR\",\"@id\":\"https:\/\/ww16.ce.gov.br\/secult\/politica\/eixos\/patrimonio\/imaterial\/encontro-mestres-do-mundo\/encontro-2023\/#primaryimage\",\"url\":\"http:\/\/ww16.ce.gov.br\/secult\/wp-content\/uploads\/sites\/83\/2023\/12\/encontro-mestres-do-mundo.jpeg\",\"contentUrl\":\"http:\/\/ww16.ce.gov.br\/secult\/wp-content\/uploads\/sites\/83\/2023\/12\/encontro-mestres-do-mundo.jpeg\"},{\"@type\":\"BreadcrumbList\",\"@id\":\"https:\/\/ww16.ce.gov.br\/secult\/politica\/eixos\/patrimonio\/imaterial\/encontro-mestres-do-mundo\/encontro-2023\/#breadcrumb\",\"itemListElement\":[{\"@type\":\"ListItem\",\"position\":1,\"name\":\"In\u00edcio\",\"item\":\"https:\/\/ww16.ce.gov.br\/secult\/\"},{\"@type\":\"ListItem\",\"position\":2,\"name\":\"Pol\u00edtica\",\"item\":\"https:\/\/ww16.ce.gov.br\/secult\/politica\/\"},{\"@type\":\"ListItem\",\"position\":3,\"name\":\"Eixos\",\"item\":\"https:\/\/ww16.ce.gov.br\/secult\/politica\/eixos\/\"},{\"@type\":\"ListItem\",\"position\":4,\"name\":\"Patrim\u00f4nio Cultural e Mem\u00f3ria\",\"item\":\"https:\/\/ww16.ce.gov.br\/secult\/politica\/eixos\/patrimonio\/\"},{\"@type\":\"ListItem\",\"position\":5,\"name\":\"Patrim\u00f4nio Imaterial\",\"item\":\"https:\/\/ww16.ce.gov.br\/secult\/politica\/eixos\/patrimonio\/imaterial\/\"},{\"@type\":\"ListItem\",\"position\":6,\"name\":\"Encontro Mestres do Mundo\",\"item\":\"https:\/\/ww16.ce.gov.br\/secult\/politica\/eixos\/patrimonio\/imaterial\/encontro-mestres-do-mundo\/\"},{\"@type\":\"ListItem\",\"position\":7,\"name\":\"Encontro Mestres do Mundo 2023\"}]},{\"@type\":\"WebSite\",\"@id\":\"https:\/\/ww16.ce.gov.br\/secult\/#website\",\"url\":\"https:\/\/ww16.ce.gov.br\/secult\/\",\"name\":\"Secretaria da Cultura\",\"description\":\"Portal Secult\",\"publisher\":{\"@id\":\"https:\/\/ww16.ce.gov.br\/secult\/#organization\"},\"potentialAction\":[{\"@type\":\"SearchAction\",\"target\":{\"@type\":\"EntryPoint\",\"urlTemplate\":\"https:\/\/ww16.ce.gov.br\/secult\/?s={search_term_string}\"},\"query-input\":{\"@type\":\"PropertyValueSpecification\",\"valueRequired\":true,\"valueName\":\"search_term_string\"}}],\"inLanguage\":\"pt-BR\"},{\"@type\":\"Organization\",\"@id\":\"https:\/\/ww16.ce.gov.br\/secult\/#organization\",\"name\":\"Secretaria da Cultura\",\"url\":\"https:\/\/ww16.ce.gov.br\/secult\/\",\"logo\":{\"@type\":\"ImageObject\",\"inLanguage\":\"pt-BR\",\"@id\":\"https:\/\/ww16.ce.gov.br\/secult\/#\/schema\/logo\/image\/\",\"url\":\"http:\/\/ww16.ce.gov.br\/secult\/wp-content\/uploads\/sites\/43\/2018\/05\/secult-clara-3.png\",\"contentUrl\":\"http:\/\/ww16.ce.gov.br\/secult\/wp-content\/uploads\/sites\/43\/2018\/05\/secult-clara-3.png\",\"width\":559,\"height\":106,\"caption\":\"Secretaria da Cultura\"},\"image\":{\"@id\":\"https:\/\/ww16.ce.gov.br\/secult\/#\/schema\/logo\/image\/\"}}]}<\/script>\n<!-- \/ Yoast SEO plugin. -->","yoast_head_json":{"title":"Encontro Mestres do Mundo 2023 - Secult","robots":{"index":"index","follow":"follow","max-snippet":"max-snippet:-1","max-image-preview":"max-image-preview:large","max-video-preview":"max-video-preview:-1"},"canonical":"https:\/\/ww16.ce.gov.br\/secult\/politica\/eixos\/patrimonio\/imaterial\/encontro-mestres-do-mundo\/encontro-2023\/","og_locale":"pt_BR","og_type":"article","og_title":"Encontro Mestres do Mundo 2023 - Secult","og_description":"XV Encontro Mestres do Mundo XV Encontro Mestres do Mundo celebra 20 anos da pol\u00edtica dos Tesouros Vivos do Cear\u00e1 &nbsp; De Mestre para Mestre, \u00e0 luz dos guardi\u00f5es e guardi\u00e3s das sabedorias populares! O Governo do Cear\u00e1, por meio da Secretaria da Cultura e do Centro Cultural do Cariri S\u00e9rvulo Esmeraldo, em parceria com [&hellip;]","og_url":"https:\/\/ww16.ce.gov.br\/secult\/politica\/eixos\/patrimonio\/imaterial\/encontro-mestres-do-mundo\/encontro-2023\/","og_site_name":"Secult","article_modified_time":"2026-05-13T17:30:45+00:00","og_image":[{"url":"http:\/\/ww16.ce.gov.br\/secult\/wp-content\/uploads\/sites\/83\/2023\/12\/encontro-mestres-do-mundo.jpeg","type":"","width":"","height":""}],"twitter_card":"summary_large_image","twitter_misc":{"Est. reading time":"4 minutos"},"schema":{"@context":"https:\/\/schema.org","@graph":[{"@type":"WebPage","@id":"https:\/\/ww16.ce.gov.br\/secult\/politica\/eixos\/patrimonio\/imaterial\/encontro-mestres-do-mundo\/encontro-2023\/","url":"https:\/\/ww16.ce.gov.br\/secult\/politica\/eixos\/patrimonio\/imaterial\/encontro-mestres-do-mundo\/encontro-2023\/","name":"Encontro Mestres do Mundo 2023 - Secult","isPartOf":{"@id":"https:\/\/ww16.ce.gov.br\/secult\/#website"},"primaryImageOfPage":{"@id":"https:\/\/ww16.ce.gov.br\/secult\/politica\/eixos\/patrimonio\/imaterial\/encontro-mestres-do-mundo\/encontro-2023\/#primaryimage"},"image":{"@id":"https:\/\/ww16.ce.gov.br\/secult\/politica\/eixos\/patrimonio\/imaterial\/encontro-mestres-do-mundo\/encontro-2023\/#primaryimage"},"thumbnailUrl":"http:\/\/ww16.ce.gov.br\/secult\/wp-content\/uploads\/sites\/83\/2023\/12\/encontro-mestres-do-mundo.jpeg","datePublished":"2018-09-22T10:09:10+00:00","dateModified":"2026-05-13T17:30:45+00:00","breadcrumb":{"@id":"https:\/\/ww16.ce.gov.br\/secult\/politica\/eixos\/patrimonio\/imaterial\/encontro-mestres-do-mundo\/encontro-2023\/#breadcrumb"},"inLanguage":"pt-BR","potentialAction":[{"@type":"ReadAction","target":["https:\/\/ww16.ce.gov.br\/secult\/politica\/eixos\/patrimonio\/imaterial\/encontro-mestres-do-mundo\/encontro-2023\/"]}]},{"@type":"ImageObject","inLanguage":"pt-BR","@id":"https:\/\/ww16.ce.gov.br\/secult\/politica\/eixos\/patrimonio\/imaterial\/encontro-mestres-do-mundo\/encontro-2023\/#primaryimage","url":"http:\/\/ww16.ce.gov.br\/secult\/wp-content\/uploads\/sites\/83\/2023\/12\/encontro-mestres-do-mundo.jpeg","contentUrl":"http:\/\/ww16.ce.gov.br\/secult\/wp-content\/uploads\/sites\/83\/2023\/12\/encontro-mestres-do-mundo.jpeg"},{"@type":"BreadcrumbList","@id":"https:\/\/ww16.ce.gov.br\/secult\/politica\/eixos\/patrimonio\/imaterial\/encontro-mestres-do-mundo\/encontro-2023\/#breadcrumb","itemListElement":[{"@type":"ListItem","position":1,"name":"In\u00edcio","item":"https:\/\/ww16.ce.gov.br\/secult\/"},{"@type":"ListItem","position":2,"name":"Pol\u00edtica","item":"https:\/\/ww16.ce.gov.br\/secult\/politica\/"},{"@type":"ListItem","position":3,"name":"Eixos","item":"https:\/\/ww16.ce.gov.br\/secult\/politica\/eixos\/"},{"@type":"ListItem","position":4,"name":"Patrim\u00f4nio Cultural e Mem\u00f3ria","item":"https:\/\/ww16.ce.gov.br\/secult\/politica\/eixos\/patrimonio\/"},{"@type":"ListItem","position":5,"name":"Patrim\u00f4nio Imaterial","item":"https:\/\/ww16.ce.gov.br\/secult\/politica\/eixos\/patrimonio\/imaterial\/"},{"@type":"ListItem","position":6,"name":"Encontro Mestres do Mundo","item":"https:\/\/ww16.ce.gov.br\/secult\/politica\/eixos\/patrimonio\/imaterial\/encontro-mestres-do-mundo\/"},{"@type":"ListItem","position":7,"name":"Encontro Mestres do Mundo 2023"}]},{"@type":"WebSite","@id":"https:\/\/ww16.ce.gov.br\/secult\/#website","url":"https:\/\/ww16.ce.gov.br\/secult\/","name":"Secretaria da Cultura","description":"Portal Secult","publisher":{"@id":"https:\/\/ww16.ce.gov.br\/secult\/#organization"},"potentialAction":[{"@type":"SearchAction","target":{"@type":"EntryPoint","urlTemplate":"https:\/\/ww16.ce.gov.br\/secult\/?s={search_term_string}"},"query-input":{"@type":"PropertyValueSpecification","valueRequired":true,"valueName":"search_term_string"}}],"inLanguage":"pt-BR"},{"@type":"Organization","@id":"https:\/\/ww16.ce.gov.br\/secult\/#organization","name":"Secretaria da Cultura","url":"https:\/\/ww16.ce.gov.br\/secult\/","logo":{"@type":"ImageObject","inLanguage":"pt-BR","@id":"https:\/\/ww16.ce.gov.br\/secult\/#\/schema\/logo\/image\/","url":"http:\/\/ww16.ce.gov.br\/secult\/wp-content\/uploads\/sites\/43\/2018\/05\/secult-clara-3.png","contentUrl":"http:\/\/ww16.ce.gov.br\/secult\/wp-content\/uploads\/sites\/43\/2018\/05\/secult-clara-3.png","width":559,"height":106,"caption":"Secretaria da Cultura"},"image":{"@id":"https:\/\/ww16.ce.gov.br\/secult\/#\/schema\/logo\/image\/"}}]}},"_links":{"self":[{"href":"https:\/\/ww16.ce.gov.br\/secult\/wp-json\/wp\/v2\/pages\/6827","targetHints":{"allow":["GET"]}}],"collection":[{"href":"https:\/\/ww16.ce.gov.br\/secult\/wp-json\/wp\/v2\/pages"}],"about":[{"href":"https:\/\/ww16.ce.gov.br\/secult\/wp-json\/wp\/v2\/types\/page"}],"author":[{"embeddable":true,"href":"https:\/\/ww16.ce.gov.br\/secult\/wp-json\/wp\/v2\/users\/12"}],"replies":[{"embeddable":true,"href":"https:\/\/ww16.ce.gov.br\/secult\/wp-json\/wp\/v2\/comments?post=6827"}],"version-history":[{"count":22,"href":"https:\/\/ww16.ce.gov.br\/secult\/wp-json\/wp\/v2\/pages\/6827\/revisions"}],"predecessor-version":[{"id":51612,"href":"https:\/\/ww16.ce.gov.br\/secult\/wp-json\/wp\/v2\/pages\/6827\/revisions\/51612"}],"up":[{"embeddable":true,"href":"https:\/\/ww16.ce.gov.br\/secult\/wp-json\/wp\/v2\/pages\/39052"}],"wp:attachment":[{"href":"https:\/\/ww16.ce.gov.br\/secult\/wp-json\/wp\/v2\/media?parent=6827"}],"curies":[{"name":"wp","href":"https:\/\/api.w.org\/{rel}","templated":true}]}}