{"id":6819,"date":"2018-09-22T07:04:59","date_gmt":"2018-09-22T10:04:59","guid":{"rendered":"http:\/\/www.secult.ce.gov.br\/?page_id=6819"},"modified":"2018-10-02T16:43:59","modified_gmt":"2018-10-02T19:43:59","slug":"escolas-da-cultura","status":"publish","type":"page","link":"https:\/\/ww16.ce.gov.br\/secult\/escolas-da-cultura\/","title":{"rendered":"Escolas da Cultura"},"content":{"rendered":"<h2><span style=\"color: #fc6836\"><strong>Escolas da Cultura<\/strong><\/span><\/h2>\n<p><img loading=\"lazy\" decoding=\"async\" class=\"aligncenter size-full wp-image-6962\" src=\"https:\/\/www.secult.ce.gov.br\/wp-content\/uploads\/sites\/83\/2018\/09\/41936496_552142888575137_1151439899803516928_o.jpg\" alt=\"\" width=\"2032\" height=\"1528\" srcset=\"https:\/\/ww16.ce.gov.br\/secult\/wp-content\/uploads\/sites\/83\/2018\/09\/41936496_552142888575137_1151439899803516928_o.jpg 2032w, https:\/\/ww16.ce.gov.br\/secult\/wp-content\/uploads\/sites\/83\/2018\/09\/41936496_552142888575137_1151439899803516928_o-600x451.jpg 600w, https:\/\/ww16.ce.gov.br\/secult\/wp-content\/uploads\/sites\/83\/2018\/09\/41936496_552142888575137_1151439899803516928_o-768x578.jpg 768w, https:\/\/ww16.ce.gov.br\/secult\/wp-content\/uploads\/sites\/83\/2018\/09\/41936496_552142888575137_1151439899803516928_o-1200x902.jpg 1200w\" sizes=\"auto, (max-width: 2032px) 100vw, 2032px\" \/><\/p>\n<p>&nbsp;<\/p>\n<p><span style=\"font-weight: 400\">O Programa Escolas da Cultura inaugura no Estado do Cear\u00e1 um sistema de forma\u00e7\u00e3o integrado nos campos da arte e da cultura, por meio de uma alian\u00e7a estrat\u00e9gica e de uma interface entre as pol\u00edticas de cultura e educa\u00e7\u00e3o, abrangendo desde a cadeia criativa, com suas m\u00faltiplas linguagens e artistas, at\u00e9 os produtores, distribuidores, mediadores, gestores, cr\u00edticos de arte, curadores, pesquisadores, professores, mestres, sem esquecer o papel primordial da forma\u00e7\u00e3o de p\u00fablico, gerando uma rede potente de atores sociais, profissionais da cultura e de institui\u00e7\u00f5es formativas no Cear\u00e1.<\/span><\/p>\n<p>&nbsp;<\/p>\n<p><span style=\"font-weight: 400\">O programa conta com as seguintes modalidades: <\/span><\/p>\n<p><span style=\"font-weight: 400\">1. Escolas Estaduais de Educa\u00e7\u00e3o Profissional \u2013 eixo tecnol\u00f3gico produ\u00e7\u00e3o cultural e design;<br \/>\n<\/span><span style=\"font-weight: 400\">2. Escolas Estaduais de Tempo Integral \u2013 eixo projetos culturais e artes para os Tempos Eletivos;<br \/>\n3. Escolas Livres de Forma\u00e7\u00e3o Art\u00edstica e Cultural \u2013 institui\u00e7\u00f5es da sociedade civil;<br \/>\n4. Escolas de Ensino Superior \u2013 cursos de extens\u00e3o, gradua\u00e7\u00e3o e p\u00f3s-gradua\u00e7\u00e3o;<br \/>\n5. Escolas dos Equipamentos Culturais \u2013 equipamentos da Secretaria da Cultura do Estado;<br \/>\n6. Escolas P\u00fablicas da Cultura &#8211; equipamentos das secretarias municipais de cultura do Estado;<br \/>\n7. Escolas com os Mestres da Cultura \u2013 rodas de saberes e aulas-espet\u00e1culos;<br \/>\n8. Espa\u00e7os h\u00edbridos de media\u00e7\u00e3o cultural e de forma\u00e7\u00e3o de p\u00fablico \u2013 eventos e festivais.<\/span><\/p>\n","protected":false},"excerpt":{"rendered":"<p>Escolas da Cultura &nbsp; O Programa Escolas da Cultura inaugura no Estado do Cear\u00e1 um sistema de forma\u00e7\u00e3o integrado nos campos da arte e da cultura, por meio de uma alian\u00e7a estrat\u00e9gica e de uma interface entre as pol\u00edticas de cultura e educa\u00e7\u00e3o, abrangendo desde a cadeia criativa, com suas m\u00faltiplas linguagens e artistas, at\u00e9 [&hellip;]<\/p>\n","protected":false},"author":12,"featured_media":0,"parent":0,"menu_order":0,"comment_status":"closed","ping_status":"closed","template":"pagina-lista-filhas.php","meta":{"_acf_changed":false,"inline_featured_image":false,"footnotes":""},"class_list":["post-6819","page","type-page","status-publish","hentry"],"acf":[],"yoast_head":"<!-- This site is optimized with the Yoast SEO plugin v26.9 - https:\/\/yoast.com\/product\/yoast-seo-wordpress\/ -->\n<title>Escolas da Cultura - Secult<\/title>\n<meta name=\"robots\" content=\"index, follow, max-snippet:-1, max-image-preview:large, max-video-preview:-1\" \/>\n<link rel=\"canonical\" href=\"https:\/\/ww16.ce.gov.br\/secult\/escolas-da-cultura\/\" \/>\n<meta property=\"og:locale\" content=\"pt_BR\" \/>\n<meta property=\"og:type\" content=\"article\" \/>\n<meta property=\"og:title\" content=\"Escolas da Cultura - Secult\" \/>\n<meta property=\"og:description\" content=\"Escolas da Cultura &nbsp; O Programa Escolas da Cultura inaugura no Estado do Cear\u00e1 um sistema de forma\u00e7\u00e3o integrado nos campos da arte e da cultura, por meio de uma alian\u00e7a estrat\u00e9gica e de uma interface entre as pol\u00edticas de cultura e educa\u00e7\u00e3o, abrangendo desde a cadeia criativa, com suas m\u00faltiplas linguagens e artistas, at\u00e9 [&hellip;]\" \/>\n<meta property=\"og:url\" content=\"https:\/\/ww16.ce.gov.br\/secult\/escolas-da-cultura\/\" \/>\n<meta property=\"og:site_name\" content=\"Secult\" \/>\n<meta property=\"article:modified_time\" content=\"2018-10-02T19:43:59+00:00\" \/>\n<meta property=\"og:image\" content=\"http:\/\/www.secult.ce.gov.br\/wp-content\/uploads\/sites\/83\/2018\/09\/41936496_552142888575137_1151439899803516928_o.jpg\" \/>\n<meta name=\"twitter:card\" content=\"summary_large_image\" \/>\n<meta name=\"twitter:label1\" content=\"Est. reading time\" \/>\n\t<meta name=\"twitter:data1\" content=\"1 minuto\" \/>\n<script type=\"application\/ld+json\" class=\"yoast-schema-graph\">{\"@context\":\"https:\/\/schema.org\",\"@graph\":[{\"@type\":\"WebPage\",\"@id\":\"https:\/\/ww16.ce.gov.br\/secult\/escolas-da-cultura\/\",\"url\":\"https:\/\/ww16.ce.gov.br\/secult\/escolas-da-cultura\/\",\"name\":\"Escolas da Cultura - Secult\",\"isPartOf\":{\"@id\":\"https:\/\/ww16.ce.gov.br\/secult\/#website\"},\"primaryImageOfPage\":{\"@id\":\"https:\/\/ww16.ce.gov.br\/secult\/escolas-da-cultura\/#primaryimage\"},\"image\":{\"@id\":\"https:\/\/ww16.ce.gov.br\/secult\/escolas-da-cultura\/#primaryimage\"},\"thumbnailUrl\":\"http:\/\/www.secult.ce.gov.br\/wp-content\/uploads\/sites\/83\/2018\/09\/41936496_552142888575137_1151439899803516928_o.jpg\",\"datePublished\":\"2018-09-22T10:04:59+00:00\",\"dateModified\":\"2018-10-02T19:43:59+00:00\",\"breadcrumb\":{\"@id\":\"https:\/\/ww16.ce.gov.br\/secult\/escolas-da-cultura\/#breadcrumb\"},\"inLanguage\":\"pt-BR\",\"potentialAction\":[{\"@type\":\"ReadAction\",\"target\":[\"https:\/\/ww16.ce.gov.br\/secult\/escolas-da-cultura\/\"]}]},{\"@type\":\"ImageObject\",\"inLanguage\":\"pt-BR\",\"@id\":\"https:\/\/ww16.ce.gov.br\/secult\/escolas-da-cultura\/#primaryimage\",\"url\":\"http:\/\/www.secult.ce.gov.br\/wp-content\/uploads\/sites\/83\/2018\/09\/41936496_552142888575137_1151439899803516928_o.jpg\",\"contentUrl\":\"http:\/\/www.secult.ce.gov.br\/wp-content\/uploads\/sites\/83\/2018\/09\/41936496_552142888575137_1151439899803516928_o.jpg\"},{\"@type\":\"BreadcrumbList\",\"@id\":\"https:\/\/ww16.ce.gov.br\/secult\/escolas-da-cultura\/#breadcrumb\",\"itemListElement\":[{\"@type\":\"ListItem\",\"position\":1,\"name\":\"In\u00edcio\",\"item\":\"https:\/\/ww16.ce.gov.br\/secult\/\"},{\"@type\":\"ListItem\",\"position\":2,\"name\":\"Escolas da Cultura\"}]},{\"@type\":\"WebSite\",\"@id\":\"https:\/\/ww16.ce.gov.br\/secult\/#website\",\"url\":\"https:\/\/ww16.ce.gov.br\/secult\/\",\"name\":\"Secretaria da Cultura\",\"description\":\"Portal Secult\",\"publisher\":{\"@id\":\"https:\/\/ww16.ce.gov.br\/secult\/#organization\"},\"potentialAction\":[{\"@type\":\"SearchAction\",\"target\":{\"@type\":\"EntryPoint\",\"urlTemplate\":\"https:\/\/ww16.ce.gov.br\/secult\/?s={search_term_string}\"},\"query-input\":{\"@type\":\"PropertyValueSpecification\",\"valueRequired\":true,\"valueName\":\"search_term_string\"}}],\"inLanguage\":\"pt-BR\"},{\"@type\":\"Organization\",\"@id\":\"https:\/\/ww16.ce.gov.br\/secult\/#organization\",\"name\":\"Secretaria da Cultura\",\"url\":\"https:\/\/ww16.ce.gov.br\/secult\/\",\"logo\":{\"@type\":\"ImageObject\",\"inLanguage\":\"pt-BR\",\"@id\":\"https:\/\/ww16.ce.gov.br\/secult\/#\/schema\/logo\/image\/\",\"url\":\"http:\/\/ww16.ce.gov.br\/secult\/wp-content\/uploads\/sites\/43\/2018\/05\/secult-clara-3.png\",\"contentUrl\":\"http:\/\/ww16.ce.gov.br\/secult\/wp-content\/uploads\/sites\/43\/2018\/05\/secult-clara-3.png\",\"width\":559,\"height\":106,\"caption\":\"Secretaria da Cultura\"},\"image\":{\"@id\":\"https:\/\/ww16.ce.gov.br\/secult\/#\/schema\/logo\/image\/\"}}]}<\/script>\n<!-- \/ Yoast SEO plugin. -->","yoast_head_json":{"title":"Escolas da Cultura - Secult","robots":{"index":"index","follow":"follow","max-snippet":"max-snippet:-1","max-image-preview":"max-image-preview:large","max-video-preview":"max-video-preview:-1"},"canonical":"https:\/\/ww16.ce.gov.br\/secult\/escolas-da-cultura\/","og_locale":"pt_BR","og_type":"article","og_title":"Escolas da Cultura - Secult","og_description":"Escolas da Cultura &nbsp; O Programa Escolas da Cultura inaugura no Estado do Cear\u00e1 um sistema de forma\u00e7\u00e3o integrado nos campos da arte e da cultura, por meio de uma alian\u00e7a estrat\u00e9gica e de uma interface entre as pol\u00edticas de cultura e educa\u00e7\u00e3o, abrangendo desde a cadeia criativa, com suas m\u00faltiplas linguagens e artistas, at\u00e9 [&hellip;]","og_url":"https:\/\/ww16.ce.gov.br\/secult\/escolas-da-cultura\/","og_site_name":"Secult","article_modified_time":"2018-10-02T19:43:59+00:00","og_image":[{"url":"http:\/\/www.secult.ce.gov.br\/wp-content\/uploads\/sites\/83\/2018\/09\/41936496_552142888575137_1151439899803516928_o.jpg","type":"","width":"","height":""}],"twitter_card":"summary_large_image","twitter_misc":{"Est. reading time":"1 minuto"},"schema":{"@context":"https:\/\/schema.org","@graph":[{"@type":"WebPage","@id":"https:\/\/ww16.ce.gov.br\/secult\/escolas-da-cultura\/","url":"https:\/\/ww16.ce.gov.br\/secult\/escolas-da-cultura\/","name":"Escolas da Cultura - Secult","isPartOf":{"@id":"https:\/\/ww16.ce.gov.br\/secult\/#website"},"primaryImageOfPage":{"@id":"https:\/\/ww16.ce.gov.br\/secult\/escolas-da-cultura\/#primaryimage"},"image":{"@id":"https:\/\/ww16.ce.gov.br\/secult\/escolas-da-cultura\/#primaryimage"},"thumbnailUrl":"http:\/\/www.secult.ce.gov.br\/wp-content\/uploads\/sites\/83\/2018\/09\/41936496_552142888575137_1151439899803516928_o.jpg","datePublished":"2018-09-22T10:04:59+00:00","dateModified":"2018-10-02T19:43:59+00:00","breadcrumb":{"@id":"https:\/\/ww16.ce.gov.br\/secult\/escolas-da-cultura\/#breadcrumb"},"inLanguage":"pt-BR","potentialAction":[{"@type":"ReadAction","target":["https:\/\/ww16.ce.gov.br\/secult\/escolas-da-cultura\/"]}]},{"@type":"ImageObject","inLanguage":"pt-BR","@id":"https:\/\/ww16.ce.gov.br\/secult\/escolas-da-cultura\/#primaryimage","url":"http:\/\/www.secult.ce.gov.br\/wp-content\/uploads\/sites\/83\/2018\/09\/41936496_552142888575137_1151439899803516928_o.jpg","contentUrl":"http:\/\/www.secult.ce.gov.br\/wp-content\/uploads\/sites\/83\/2018\/09\/41936496_552142888575137_1151439899803516928_o.jpg"},{"@type":"BreadcrumbList","@id":"https:\/\/ww16.ce.gov.br\/secult\/escolas-da-cultura\/#breadcrumb","itemListElement":[{"@type":"ListItem","position":1,"name":"In\u00edcio","item":"https:\/\/ww16.ce.gov.br\/secult\/"},{"@type":"ListItem","position":2,"name":"Escolas da Cultura"}]},{"@type":"WebSite","@id":"https:\/\/ww16.ce.gov.br\/secult\/#website","url":"https:\/\/ww16.ce.gov.br\/secult\/","name":"Secretaria da Cultura","description":"Portal Secult","publisher":{"@id":"https:\/\/ww16.ce.gov.br\/secult\/#organization"},"potentialAction":[{"@type":"SearchAction","target":{"@type":"EntryPoint","urlTemplate":"https:\/\/ww16.ce.gov.br\/secult\/?s={search_term_string}"},"query-input":{"@type":"PropertyValueSpecification","valueRequired":true,"valueName":"search_term_string"}}],"inLanguage":"pt-BR"},{"@type":"Organization","@id":"https:\/\/ww16.ce.gov.br\/secult\/#organization","name":"Secretaria da Cultura","url":"https:\/\/ww16.ce.gov.br\/secult\/","logo":{"@type":"ImageObject","inLanguage":"pt-BR","@id":"https:\/\/ww16.ce.gov.br\/secult\/#\/schema\/logo\/image\/","url":"http:\/\/ww16.ce.gov.br\/secult\/wp-content\/uploads\/sites\/43\/2018\/05\/secult-clara-3.png","contentUrl":"http:\/\/ww16.ce.gov.br\/secult\/wp-content\/uploads\/sites\/43\/2018\/05\/secult-clara-3.png","width":559,"height":106,"caption":"Secretaria da Cultura"},"image":{"@id":"https:\/\/ww16.ce.gov.br\/secult\/#\/schema\/logo\/image\/"}}]}},"_links":{"self":[{"href":"https:\/\/ww16.ce.gov.br\/secult\/wp-json\/wp\/v2\/pages\/6819","targetHints":{"allow":["GET"]}}],"collection":[{"href":"https:\/\/ww16.ce.gov.br\/secult\/wp-json\/wp\/v2\/pages"}],"about":[{"href":"https:\/\/ww16.ce.gov.br\/secult\/wp-json\/wp\/v2\/types\/page"}],"author":[{"embeddable":true,"href":"https:\/\/ww16.ce.gov.br\/secult\/wp-json\/wp\/v2\/users\/12"}],"replies":[{"embeddable":true,"href":"https:\/\/ww16.ce.gov.br\/secult\/wp-json\/wp\/v2\/comments?post=6819"}],"version-history":[{"count":5,"href":"https:\/\/ww16.ce.gov.br\/secult\/wp-json\/wp\/v2\/pages\/6819\/revisions"}],"predecessor-version":[{"id":7015,"href":"https:\/\/ww16.ce.gov.br\/secult\/wp-json\/wp\/v2\/pages\/6819\/revisions\/7015"}],"wp:attachment":[{"href":"https:\/\/ww16.ce.gov.br\/secult\/wp-json\/wp\/v2\/media?parent=6819"}],"curies":[{"name":"wp","href":"https:\/\/api.w.org\/{rel}","templated":true}]}}