{"id":6814,"date":"2018-09-22T07:01:17","date_gmt":"2018-09-22T10:01:17","guid":{"rendered":"http:\/\/www.secult.ce.gov.br\/?page_id=6814"},"modified":"2026-04-20T16:11:41","modified_gmt":"2026-04-20T19:11:41","slug":"ciclos-da-cultura-popular","status":"publish","type":"page","link":"https:\/\/ww16.ce.gov.br\/secult\/politica\/eixos\/patrimonio\/imaterial\/ciclos-da-cultura-popular\/","title":{"rendered":"Ciclos da Cultura Popular"},"content":{"rendered":"<h2 style=\"text-align: justify\"><span style=\"color: #fc6836\"><strong>Ciclos da Cultura Popular<\/strong><\/span><\/h2>\n<p style=\"text-align: justify\"><span style=\"font-weight: 400\"><img loading=\"lazy\" decoding=\"async\" class=\"aligncenter size-full wp-image-6979\" src=\"https:\/\/www.secult.ce.gov.br\/wp-content\/uploads\/sites\/83\/2018\/10\/IMG_2818.jpg\" alt=\"\" width=\"2500\" height=\"1667\" srcset=\"https:\/\/ww16.ce.gov.br\/secult\/wp-content\/uploads\/sites\/83\/2018\/10\/IMG_2818.jpg 2500w, https:\/\/ww16.ce.gov.br\/secult\/wp-content\/uploads\/sites\/83\/2018\/10\/IMG_2818-600x400.jpg 600w, https:\/\/ww16.ce.gov.br\/secult\/wp-content\/uploads\/sites\/83\/2018\/10\/IMG_2818-768x512.jpg 768w, https:\/\/ww16.ce.gov.br\/secult\/wp-content\/uploads\/sites\/83\/2018\/10\/IMG_2818-1200x800.jpg 1200w\" sizes=\"auto, (max-width: 2500px) 100vw, 2500px\" \/><\/span><\/p>\n<p>&nbsp;<\/p>\n<div style=\"font-size: 1.2em;text-align: justify\">\n<p style=\"text-align: justify\"><span style=\"font-weight: 400\">Os Ciclos da Cultura Popular, tamb\u00e9m conhecidos como ciclos festivos da cultura tradicional popular, representam parte significativa das refer\u00eancias da identidade e mem\u00f3ria cearense. Os per\u00edodos calendarizados s\u00e3o marcados por festividades e comemora\u00e7\u00f5es que refletem as caracter\u00edsticas e valores da localidade em que ocorrem. Est\u00e3o presentes em todas as regi\u00f5es cearense com especificidades regionais, mobilizam grupos de tradi\u00e7\u00e3o e proje\u00e7\u00e3o, companhias de teatro e movimentam a economia da cultura nas comunidades e territ\u00f3rios do Estado.<\/span><\/p>\n<p>&nbsp;<\/p>\n<p>Esses tradicionais Ciclos da Cultura Popular s\u00e3o essenciais para manter viva a rica heran\u00e7a cultural do nosso estado repassado entre gera\u00e7\u00f5es, conectando as pessoas \u00e0s suas tradi\u00e7\u00f5es e promovendo a uni\u00e3o e a diversidade.<\/p>\n<hr \/>\n<h2><strong>Ciclo Carnavalesco<\/strong><\/h2>\n<p style=\"text-align: center\"><img loading=\"lazy\" decoding=\"async\" class=\"size-full wp-image-40042 aligncenter\" src=\"https:\/\/ww16.ce.gov.br\/secult\/wp-content\/uploads\/sites\/83\/2025\/01\/CARNAVAL-003.jpg\" alt=\"\" width=\"398\" height=\"565\" \/><em>Ciclo Carnavalesco<\/em><\/p>\n<p>&nbsp;<\/p>\n<p style=\"text-align: justify\"><span style=\"font-weight: 400\">O Ciclo Carnavalesco Cearense \u00e9 muito mais do que uma festa: \u00e9 uma celebra\u00e7\u00e3o viva das tradi\u00e7\u00f5es, mem\u00f3rias e resist\u00eancias culturais do povo cearense, marcada pela varia\u00e7\u00e3o das formas de express\u00e3o como os maracatus, blocos carnavalescos, escolas de samba, afox\u00e9s, cord\u00f5es e outros.<\/span><\/p>\n<p>&nbsp;<\/p>\n<p>Da s\u00edncope no batuque dos maracatus ao ritmo brilhante dos afox\u00e9s, cada manifesta\u00e7\u00e3o contribui para um carnaval rico em diversidade e significado. Gra\u00e7as aos grupos tradicionais e as pol\u00edticas de valoriza\u00e7\u00e3o do patrim\u00f4nio imaterial da Secult Cear\u00e1, a vincula\u00e7\u00e3o com as culturas afro-brasileiras e de povos origin\u00e1rios seguem fortes, reafirmando o lugar do Cear\u00e1 como um espa\u00e7o de preserva\u00e7\u00e3o e inova\u00e7\u00e3o cultural no Brasil.<\/p>\n<p>&nbsp;<\/p>\n<hr \/>\n<h2><strong>Cear\u00e1 da Paix\u00e3o<\/strong><\/h2>\n<p style=\"text-align: center\"><img loading=\"lazy\" decoding=\"async\" class=\"alignnone wp-image-40041\" src=\"https:\/\/ww16.ce.gov.br\/secult\/wp-content\/uploads\/sites\/83\/2025\/01\/PAIXAO-004-1200x675.jpg\" alt=\"\" width=\"807\" height=\"454\" srcset=\"https:\/\/ww16.ce.gov.br\/secult\/wp-content\/uploads\/sites\/83\/2025\/01\/PAIXAO-004-1200x675.jpg 1200w, https:\/\/ww16.ce.gov.br\/secult\/wp-content\/uploads\/sites\/83\/2025\/01\/PAIXAO-004-600x338.jpg 600w, https:\/\/ww16.ce.gov.br\/secult\/wp-content\/uploads\/sites\/83\/2025\/01\/PAIXAO-004-768x432.jpg 768w, https:\/\/ww16.ce.gov.br\/secult\/wp-content\/uploads\/sites\/83\/2025\/01\/PAIXAO-004-1536x864.jpg 1536w, https:\/\/ww16.ce.gov.br\/secult\/wp-content\/uploads\/sites\/83\/2025\/01\/PAIXAO-004.jpg 1920w\" sizes=\"auto, (max-width: 807px) 100vw, 807px\" \/><br \/>\n<em>Espet\u00e1culo Paix\u00e3o de Cristo<\/em><\/p>\n<p>&nbsp;<\/p>\n<p style=\"text-align: justify\"><span style=\"font-weight: 400\">O Ciclo Cear\u00e1 da Paix\u00e3o \u00e9 das mais emocionantes manifesta\u00e7\u00f5es culturais do estado. Vai al\u00e9m de celebra\u00e7\u00e3o religiosa, re\u00fane tradi\u00e7\u00f5es populares enraizadas, como as figuras irreverentes dos Caretas, a intensa ressignifica\u00e7\u00e3o das Prociss\u00f5es de Penitentes e a expressividade na Prociss\u00e3o de Fogar\u00e9u que iluminam a f\u00e9 dos devotos.<\/span><\/p>\n<p>&nbsp;<\/p>\n<p>A Queima\u00e7\u00e3o de Judas, por sua vez, mistura cr\u00edtica social e celebra\u00e7\u00e3o popular. Os espet\u00e1culos c\u00eanicos da Paix\u00e3o de Cristo movimentam os grupos teatrais populares, ocupam pra\u00e7as e ruas emocionando a todos com a narrativa de ressurrei\u00e7\u00e3o de Cristo.<\/p>\n<p>&nbsp;<\/p>\n<hr \/>\n<h2><strong>Cear\u00e1 Junino<\/strong><\/h2>\n<p style=\"text-align: center\"><img loading=\"lazy\" decoding=\"async\" class=\"alignnone wp-image-40040\" src=\"https:\/\/ww16.ce.gov.br\/secult\/wp-content\/uploads\/sites\/83\/2025\/01\/JUNINO-001.jpg\" alt=\"\" width=\"818\" height=\"545\" srcset=\"https:\/\/ww16.ce.gov.br\/secult\/wp-content\/uploads\/sites\/83\/2025\/01\/JUNINO-001.jpg 640w, https:\/\/ww16.ce.gov.br\/secult\/wp-content\/uploads\/sites\/83\/2025\/01\/JUNINO-001-600x400.jpg 600w\" sizes=\"auto, (max-width: 818px) 100vw, 818px\" \/><br \/>\n<em>Festejo Cear\u00e1 Junino 2024<\/em><\/p>\n<p>&nbsp;<\/p>\n<p style=\"text-align: justify\"><span style=\"font-weight: 400\">O Ciclo Cear\u00e1 Junino \u00e9 uma celebra\u00e7\u00e3o singular que exalta as tradi\u00e7\u00f5es do povo cearense. As quadrilhas juninas, com suas dan\u00e7as cheias de energia, figurinos deslumbrantes e narrativas que unem tradi\u00e7\u00e3o e contemporaneidade, competem pela anima\u00e7\u00e3o e aclama\u00e7\u00e3o, apresentando-se em envolventes momentos de paix\u00e3o e talento. O ciclo celebra a colheita dos plantios e a riqueza dos sistemas alimentares nordestinos que vinculado diretamente \u00e0 natureza e fixa no nosso paladar com a tapioca, canjica, munguz\u00e1, alu\u00e1, caju\u00edna e tantos outros, mantendo vivas as tradi\u00e7\u00f5es culin\u00e1rias do estado.<\/span><\/p>\n<p>&nbsp;<\/p>\n<p>Mais do que festejos, o Cear\u00e1 Junino movimenta a economia criativa e de mercado, gerando empregos, em v\u00e1rias linguagens art\u00edsticas, incentivando o turismo e fortalecendo a identidade cultural local. \u00c9 um per\u00edodo que une alegria e tradi\u00e7\u00e3o, mostrando o quanto a cultura popular \u00e9 pulsante e essencial para o Cear\u00e1.<\/p>\n<p>&nbsp;<\/p>\n<hr \/>\n<h2><strong>Ciclo Natalino<\/strong><\/h2>\n<p style=\"text-align: center\"><img loading=\"lazy\" decoding=\"async\" class=\" wp-image-40043 aligncenter\" src=\"https:\/\/ww16.ce.gov.br\/secult\/wp-content\/uploads\/sites\/83\/2025\/01\/2024-01-06-CICLO-NATALINO-@Calistols-102-1200x800.jpg\" alt=\"\" width=\"738\" height=\"492\" srcset=\"https:\/\/ww16.ce.gov.br\/secult\/wp-content\/uploads\/sites\/83\/2025\/01\/2024-01-06-CICLO-NATALINO-@Calistols-102-1200x800.jpg 1200w, https:\/\/ww16.ce.gov.br\/secult\/wp-content\/uploads\/sites\/83\/2025\/01\/2024-01-06-CICLO-NATALINO-@Calistols-102-600x400.jpg 600w, https:\/\/ww16.ce.gov.br\/secult\/wp-content\/uploads\/sites\/83\/2025\/01\/2024-01-06-CICLO-NATALINO-@Calistols-102-768x512.jpg 768w, https:\/\/ww16.ce.gov.br\/secult\/wp-content\/uploads\/sites\/83\/2025\/01\/2024-01-06-CICLO-NATALINO-@Calistols-102-1536x1024.jpg 1536w, https:\/\/ww16.ce.gov.br\/secult\/wp-content\/uploads\/sites\/83\/2025\/01\/2024-01-06-CICLO-NATALINO-@Calistols-102-2048x1365.jpg 2048w\" sizes=\"auto, (max-width: 738px) 100vw, 738px\" \/><em>Ciclo Natalino<\/em><\/p>\n<p>&nbsp;<\/p>\n<p style=\"text-align: justify\"><span style=\"font-weight: 400\">O Ciclo Cear\u00e1 Natalino encerra o ano com uma celebra\u00e7\u00e3o repleta de tradi\u00e7\u00f5es, em um clima todo diferente. As lapinhas vivas e os pres\u00e9pios ganham vida, emocionando comunidades vivificando a religiosidade popular. Os brinquedos, manifesta\u00e7\u00f5es como os pastoris, reisados, bois, guerreiros, dramistas brincam nas ruas e pra\u00e7as com m\u00fasicas, dan\u00e7as e representa\u00e7\u00f5es figurativas com personagens que contam a hist\u00f3ria da vida cotidiana, causos e encantamentos, lendas e mitologias das comunidades.<\/span><\/p>\n<p>&nbsp;<\/p>\n<p>Essas express\u00f5es culturais representam a riqueza das tradi\u00e7\u00f5es populares do Cear\u00e1, mantendo viva a mem\u00f3ria e a criatividade do nosso povo. O ciclo natalino torna-se, assim, um momento de f\u00e9, arte e comunh\u00e3o, encerrando o ano com beleza e identidade cultural.<\/p>\n<\/div>\n","protected":false},"excerpt":{"rendered":"<p>Ciclos da Cultura Popular &nbsp; Os Ciclos da Cultura Popular, tamb\u00e9m conhecidos como ciclos festivos da cultura tradicional popular, representam parte significativa das refer\u00eancias da identidade e mem\u00f3ria cearense. Os per\u00edodos calendarizados s\u00e3o marcados por festividades e comemora\u00e7\u00f5es que refletem as caracter\u00edsticas e valores da localidade em que ocorrem. Est\u00e3o presentes em todas as regi\u00f5es [&hellip;]<\/p>\n","protected":false},"author":12,"featured_media":40040,"parent":31392,"menu_order":0,"comment_status":"closed","ping_status":"closed","template":"","meta":{"_acf_changed":false,"inline_featured_image":false,"footnotes":""},"class_list":["post-6814","page","type-page","status-publish","has-post-thumbnail","hentry"],"acf":[],"yoast_head":"<!-- This site is optimized with the Yoast SEO plugin v26.9 - https:\/\/yoast.com\/product\/yoast-seo-wordpress\/ -->\n<title>Ciclos da Cultura Popular - Secult<\/title>\n<meta name=\"robots\" content=\"index, follow, max-snippet:-1, max-image-preview:large, max-video-preview:-1\" \/>\n<link rel=\"canonical\" href=\"https:\/\/ww16.ce.gov.br\/secult\/politica\/eixos\/patrimonio\/imaterial\/ciclos-da-cultura-popular\/\" \/>\n<meta property=\"og:locale\" content=\"pt_BR\" \/>\n<meta property=\"og:type\" content=\"article\" \/>\n<meta property=\"og:title\" content=\"Ciclos da Cultura Popular - Secult\" \/>\n<meta property=\"og:description\" content=\"Ciclos da Cultura Popular &nbsp; Os Ciclos da Cultura Popular, tamb\u00e9m conhecidos como ciclos festivos da cultura tradicional popular, representam parte significativa das refer\u00eancias da identidade e mem\u00f3ria cearense. Os per\u00edodos calendarizados s\u00e3o marcados por festividades e comemora\u00e7\u00f5es que refletem as caracter\u00edsticas e valores da localidade em que ocorrem. Est\u00e3o presentes em todas as regi\u00f5es [&hellip;]\" \/>\n<meta property=\"og:url\" content=\"https:\/\/ww16.ce.gov.br\/secult\/politica\/eixos\/patrimonio\/imaterial\/ciclos-da-cultura-popular\/\" \/>\n<meta property=\"og:site_name\" content=\"Secult\" \/>\n<meta property=\"article:modified_time\" content=\"2026-04-20T19:11:41+00:00\" \/>\n<meta property=\"og:image\" content=\"https:\/\/ww16.ce.gov.br\/secult\/wp-content\/uploads\/sites\/83\/2025\/01\/JUNINO-001.jpg\" \/>\n\t<meta property=\"og:image:width\" content=\"640\" \/>\n\t<meta property=\"og:image:height\" content=\"427\" \/>\n\t<meta property=\"og:image:type\" content=\"image\/jpeg\" \/>\n<meta name=\"twitter:card\" content=\"summary_large_image\" \/>\n<meta name=\"twitter:label1\" content=\"Est. reading time\" \/>\n\t<meta name=\"twitter:data1\" content=\"5 minutos\" \/>\n<script type=\"application\/ld+json\" class=\"yoast-schema-graph\">{\"@context\":\"https:\/\/schema.org\",\"@graph\":[{\"@type\":\"WebPage\",\"@id\":\"https:\/\/ww16.ce.gov.br\/secult\/politica\/eixos\/patrimonio\/imaterial\/ciclos-da-cultura-popular\/\",\"url\":\"https:\/\/ww16.ce.gov.br\/secult\/politica\/eixos\/patrimonio\/imaterial\/ciclos-da-cultura-popular\/\",\"name\":\"Ciclos da Cultura Popular - Secult\",\"isPartOf\":{\"@id\":\"https:\/\/ww16.ce.gov.br\/secult\/#website\"},\"primaryImageOfPage\":{\"@id\":\"https:\/\/ww16.ce.gov.br\/secult\/politica\/eixos\/patrimonio\/imaterial\/ciclos-da-cultura-popular\/#primaryimage\"},\"image\":{\"@id\":\"https:\/\/ww16.ce.gov.br\/secult\/politica\/eixos\/patrimonio\/imaterial\/ciclos-da-cultura-popular\/#primaryimage\"},\"thumbnailUrl\":\"https:\/\/ww16.ce.gov.br\/secult\/wp-content\/uploads\/sites\/83\/2025\/01\/JUNINO-001.jpg\",\"datePublished\":\"2018-09-22T10:01:17+00:00\",\"dateModified\":\"2026-04-20T19:11:41+00:00\",\"breadcrumb\":{\"@id\":\"https:\/\/ww16.ce.gov.br\/secult\/politica\/eixos\/patrimonio\/imaterial\/ciclos-da-cultura-popular\/#breadcrumb\"},\"inLanguage\":\"pt-BR\",\"potentialAction\":[{\"@type\":\"ReadAction\",\"target\":[\"https:\/\/ww16.ce.gov.br\/secult\/politica\/eixos\/patrimonio\/imaterial\/ciclos-da-cultura-popular\/\"]}]},{\"@type\":\"ImageObject\",\"inLanguage\":\"pt-BR\",\"@id\":\"https:\/\/ww16.ce.gov.br\/secult\/politica\/eixos\/patrimonio\/imaterial\/ciclos-da-cultura-popular\/#primaryimage\",\"url\":\"https:\/\/ww16.ce.gov.br\/secult\/wp-content\/uploads\/sites\/83\/2025\/01\/JUNINO-001.jpg\",\"contentUrl\":\"https:\/\/ww16.ce.gov.br\/secult\/wp-content\/uploads\/sites\/83\/2025\/01\/JUNINO-001.jpg\",\"width\":640,\"height\":427},{\"@type\":\"BreadcrumbList\",\"@id\":\"https:\/\/ww16.ce.gov.br\/secult\/politica\/eixos\/patrimonio\/imaterial\/ciclos-da-cultura-popular\/#breadcrumb\",\"itemListElement\":[{\"@type\":\"ListItem\",\"position\":1,\"name\":\"In\u00edcio\",\"item\":\"https:\/\/ww16.ce.gov.br\/secult\/\"},{\"@type\":\"ListItem\",\"position\":2,\"name\":\"Pol\u00edtica\",\"item\":\"https:\/\/ww16.ce.gov.br\/secult\/politica\/\"},{\"@type\":\"ListItem\",\"position\":3,\"name\":\"Eixos\",\"item\":\"https:\/\/ww16.ce.gov.br\/secult\/politica\/eixos\/\"},{\"@type\":\"ListItem\",\"position\":4,\"name\":\"Patrim\u00f4nio Cultural e Mem\u00f3ria\",\"item\":\"https:\/\/ww16.ce.gov.br\/secult\/politica\/eixos\/patrimonio\/\"},{\"@type\":\"ListItem\",\"position\":5,\"name\":\"Patrim\u00f4nio Imaterial\",\"item\":\"https:\/\/ww16.ce.gov.br\/secult\/politica\/eixos\/patrimonio\/imaterial\/\"},{\"@type\":\"ListItem\",\"position\":6,\"name\":\"Ciclos da Cultura Popular\"}]},{\"@type\":\"WebSite\",\"@id\":\"https:\/\/ww16.ce.gov.br\/secult\/#website\",\"url\":\"https:\/\/ww16.ce.gov.br\/secult\/\",\"name\":\"Secretaria da Cultura\",\"description\":\"Portal Secult\",\"publisher\":{\"@id\":\"https:\/\/ww16.ce.gov.br\/secult\/#organization\"},\"potentialAction\":[{\"@type\":\"SearchAction\",\"target\":{\"@type\":\"EntryPoint\",\"urlTemplate\":\"https:\/\/ww16.ce.gov.br\/secult\/?s={search_term_string}\"},\"query-input\":{\"@type\":\"PropertyValueSpecification\",\"valueRequired\":true,\"valueName\":\"search_term_string\"}}],\"inLanguage\":\"pt-BR\"},{\"@type\":\"Organization\",\"@id\":\"https:\/\/ww16.ce.gov.br\/secult\/#organization\",\"name\":\"Secretaria da Cultura\",\"url\":\"https:\/\/ww16.ce.gov.br\/secult\/\",\"logo\":{\"@type\":\"ImageObject\",\"inLanguage\":\"pt-BR\",\"@id\":\"https:\/\/ww16.ce.gov.br\/secult\/#\/schema\/logo\/image\/\",\"url\":\"http:\/\/ww16.ce.gov.br\/secult\/wp-content\/uploads\/sites\/43\/2018\/05\/secult-clara-3.png\",\"contentUrl\":\"http:\/\/ww16.ce.gov.br\/secult\/wp-content\/uploads\/sites\/43\/2018\/05\/secult-clara-3.png\",\"width\":559,\"height\":106,\"caption\":\"Secretaria da Cultura\"},\"image\":{\"@id\":\"https:\/\/ww16.ce.gov.br\/secult\/#\/schema\/logo\/image\/\"}}]}<\/script>\n<!-- \/ Yoast SEO plugin. -->","yoast_head_json":{"title":"Ciclos da Cultura Popular - Secult","robots":{"index":"index","follow":"follow","max-snippet":"max-snippet:-1","max-image-preview":"max-image-preview:large","max-video-preview":"max-video-preview:-1"},"canonical":"https:\/\/ww16.ce.gov.br\/secult\/politica\/eixos\/patrimonio\/imaterial\/ciclos-da-cultura-popular\/","og_locale":"pt_BR","og_type":"article","og_title":"Ciclos da Cultura Popular - Secult","og_description":"Ciclos da Cultura Popular &nbsp; Os Ciclos da Cultura Popular, tamb\u00e9m conhecidos como ciclos festivos da cultura tradicional popular, representam parte significativa das refer\u00eancias da identidade e mem\u00f3ria cearense. Os per\u00edodos calendarizados s\u00e3o marcados por festividades e comemora\u00e7\u00f5es que refletem as caracter\u00edsticas e valores da localidade em que ocorrem. Est\u00e3o presentes em todas as regi\u00f5es [&hellip;]","og_url":"https:\/\/ww16.ce.gov.br\/secult\/politica\/eixos\/patrimonio\/imaterial\/ciclos-da-cultura-popular\/","og_site_name":"Secult","article_modified_time":"2026-04-20T19:11:41+00:00","og_image":[{"width":640,"height":427,"url":"https:\/\/ww16.ce.gov.br\/secult\/wp-content\/uploads\/sites\/83\/2025\/01\/JUNINO-001.jpg","type":"image\/jpeg"}],"twitter_card":"summary_large_image","twitter_misc":{"Est. reading time":"5 minutos"},"schema":{"@context":"https:\/\/schema.org","@graph":[{"@type":"WebPage","@id":"https:\/\/ww16.ce.gov.br\/secult\/politica\/eixos\/patrimonio\/imaterial\/ciclos-da-cultura-popular\/","url":"https:\/\/ww16.ce.gov.br\/secult\/politica\/eixos\/patrimonio\/imaterial\/ciclos-da-cultura-popular\/","name":"Ciclos da Cultura Popular - Secult","isPartOf":{"@id":"https:\/\/ww16.ce.gov.br\/secult\/#website"},"primaryImageOfPage":{"@id":"https:\/\/ww16.ce.gov.br\/secult\/politica\/eixos\/patrimonio\/imaterial\/ciclos-da-cultura-popular\/#primaryimage"},"image":{"@id":"https:\/\/ww16.ce.gov.br\/secult\/politica\/eixos\/patrimonio\/imaterial\/ciclos-da-cultura-popular\/#primaryimage"},"thumbnailUrl":"https:\/\/ww16.ce.gov.br\/secult\/wp-content\/uploads\/sites\/83\/2025\/01\/JUNINO-001.jpg","datePublished":"2018-09-22T10:01:17+00:00","dateModified":"2026-04-20T19:11:41+00:00","breadcrumb":{"@id":"https:\/\/ww16.ce.gov.br\/secult\/politica\/eixos\/patrimonio\/imaterial\/ciclos-da-cultura-popular\/#breadcrumb"},"inLanguage":"pt-BR","potentialAction":[{"@type":"ReadAction","target":["https:\/\/ww16.ce.gov.br\/secult\/politica\/eixos\/patrimonio\/imaterial\/ciclos-da-cultura-popular\/"]}]},{"@type":"ImageObject","inLanguage":"pt-BR","@id":"https:\/\/ww16.ce.gov.br\/secult\/politica\/eixos\/patrimonio\/imaterial\/ciclos-da-cultura-popular\/#primaryimage","url":"https:\/\/ww16.ce.gov.br\/secult\/wp-content\/uploads\/sites\/83\/2025\/01\/JUNINO-001.jpg","contentUrl":"https:\/\/ww16.ce.gov.br\/secult\/wp-content\/uploads\/sites\/83\/2025\/01\/JUNINO-001.jpg","width":640,"height":427},{"@type":"BreadcrumbList","@id":"https:\/\/ww16.ce.gov.br\/secult\/politica\/eixos\/patrimonio\/imaterial\/ciclos-da-cultura-popular\/#breadcrumb","itemListElement":[{"@type":"ListItem","position":1,"name":"In\u00edcio","item":"https:\/\/ww16.ce.gov.br\/secult\/"},{"@type":"ListItem","position":2,"name":"Pol\u00edtica","item":"https:\/\/ww16.ce.gov.br\/secult\/politica\/"},{"@type":"ListItem","position":3,"name":"Eixos","item":"https:\/\/ww16.ce.gov.br\/secult\/politica\/eixos\/"},{"@type":"ListItem","position":4,"name":"Patrim\u00f4nio Cultural e Mem\u00f3ria","item":"https:\/\/ww16.ce.gov.br\/secult\/politica\/eixos\/patrimonio\/"},{"@type":"ListItem","position":5,"name":"Patrim\u00f4nio Imaterial","item":"https:\/\/ww16.ce.gov.br\/secult\/politica\/eixos\/patrimonio\/imaterial\/"},{"@type":"ListItem","position":6,"name":"Ciclos da Cultura Popular"}]},{"@type":"WebSite","@id":"https:\/\/ww16.ce.gov.br\/secult\/#website","url":"https:\/\/ww16.ce.gov.br\/secult\/","name":"Secretaria da Cultura","description":"Portal Secult","publisher":{"@id":"https:\/\/ww16.ce.gov.br\/secult\/#organization"},"potentialAction":[{"@type":"SearchAction","target":{"@type":"EntryPoint","urlTemplate":"https:\/\/ww16.ce.gov.br\/secult\/?s={search_term_string}"},"query-input":{"@type":"PropertyValueSpecification","valueRequired":true,"valueName":"search_term_string"}}],"inLanguage":"pt-BR"},{"@type":"Organization","@id":"https:\/\/ww16.ce.gov.br\/secult\/#organization","name":"Secretaria da Cultura","url":"https:\/\/ww16.ce.gov.br\/secult\/","logo":{"@type":"ImageObject","inLanguage":"pt-BR","@id":"https:\/\/ww16.ce.gov.br\/secult\/#\/schema\/logo\/image\/","url":"http:\/\/ww16.ce.gov.br\/secult\/wp-content\/uploads\/sites\/43\/2018\/05\/secult-clara-3.png","contentUrl":"http:\/\/ww16.ce.gov.br\/secult\/wp-content\/uploads\/sites\/43\/2018\/05\/secult-clara-3.png","width":559,"height":106,"caption":"Secretaria da Cultura"},"image":{"@id":"https:\/\/ww16.ce.gov.br\/secult\/#\/schema\/logo\/image\/"}}]}},"_links":{"self":[{"href":"https:\/\/ww16.ce.gov.br\/secult\/wp-json\/wp\/v2\/pages\/6814","targetHints":{"allow":["GET"]}}],"collection":[{"href":"https:\/\/ww16.ce.gov.br\/secult\/wp-json\/wp\/v2\/pages"}],"about":[{"href":"https:\/\/ww16.ce.gov.br\/secult\/wp-json\/wp\/v2\/types\/page"}],"author":[{"embeddable":true,"href":"https:\/\/ww16.ce.gov.br\/secult\/wp-json\/wp\/v2\/users\/12"}],"replies":[{"embeddable":true,"href":"https:\/\/ww16.ce.gov.br\/secult\/wp-json\/wp\/v2\/comments?post=6814"}],"version-history":[{"count":20,"href":"https:\/\/ww16.ce.gov.br\/secult\/wp-json\/wp\/v2\/pages\/6814\/revisions"}],"predecessor-version":[{"id":51669,"href":"https:\/\/ww16.ce.gov.br\/secult\/wp-json\/wp\/v2\/pages\/6814\/revisions\/51669"}],"up":[{"embeddable":true,"href":"https:\/\/ww16.ce.gov.br\/secult\/wp-json\/wp\/v2\/pages\/31392"}],"wp:featuredmedia":[{"embeddable":true,"href":"https:\/\/ww16.ce.gov.br\/secult\/wp-json\/wp\/v2\/media\/40040"}],"wp:attachment":[{"href":"https:\/\/ww16.ce.gov.br\/secult\/wp-json\/wp\/v2\/media?parent=6814"}],"curies":[{"name":"wp","href":"https:\/\/api.w.org\/{rel}","templated":true}]}}