{"id":6810,"date":"2018-09-22T06:58:34","date_gmt":"2018-09-22T09:58:34","guid":{"rendered":"http:\/\/www.secult.ce.gov.br\/?page_id=6810"},"modified":"2026-03-12T11:56:12","modified_gmt":"2026-03-12T14:56:12","slug":"cinema-da-cidade","status":"publish","type":"page","link":"https:\/\/ww16.ce.gov.br\/secult\/politica\/eixos\/economia-da-cultura\/cinema-da-cidade\/","title":{"rendered":"Cinema da Cidade"},"content":{"rendered":"\n<figure class=\"wp-block-image size-large\"><img loading=\"lazy\" decoding=\"async\" width=\"1200\" height=\"798\" src=\"https:\/\/ww16.ce.gov.br\/secult\/wp-content\/uploads\/sites\/83\/2026\/03\/Cinema-1200x798.jpg\" alt=\"\" class=\"wp-image-51520\" srcset=\"https:\/\/ww16.ce.gov.br\/secult\/wp-content\/uploads\/sites\/83\/2026\/03\/Cinema-1200x798.jpg 1200w, https:\/\/ww16.ce.gov.br\/secult\/wp-content\/uploads\/sites\/83\/2026\/03\/Cinema-600x399.jpg 600w, https:\/\/ww16.ce.gov.br\/secult\/wp-content\/uploads\/sites\/83\/2026\/03\/Cinema-768x510.jpg 768w, https:\/\/ww16.ce.gov.br\/secult\/wp-content\/uploads\/sites\/83\/2026\/03\/Cinema-302x201.jpg 302w, https:\/\/ww16.ce.gov.br\/secult\/wp-content\/uploads\/sites\/83\/2026\/03\/Cinema.jpg 1500w\" sizes=\"auto, (max-width: 1200px) 100vw, 1200px\" \/><\/figure>\n\n\n\n<p class=\"is-style-justified\">A <strong>Secretaria da Cultura do Estado do Cear\u00e1 (Secult)<\/strong> amplia o n\u00famero de equipamentos no interior do Estado, com o projeto <strong>Cinema da Cidade<\/strong>, a partir da constru\u00e7\u00e3o de <strong>12 salas de cinema<\/strong>, formando uma rede de exibi\u00e7\u00e3o para o audiovisual, incluindo outros cinemas de equipamentos da Secult: o <strong>Cineteatro S\u00e3o Luiz<\/strong>, a <strong>sala Seu Vav\u00e1<\/strong> e os dois cinemas do <strong>Centro Drag\u00e3o do Mar<\/strong>. A a\u00e7\u00e3o faz parte do <strong>Programa Estadual de Desenvolvimento do Cinema e Audiovisual<\/strong>, o <strong>Programa Cear\u00e1 Filmes<\/strong>.<\/p>\n\n\n\n<p class=\"is-style-justified\">As salas de exibi\u00e7\u00e3o resultam da parceria entre a <strong>Secult<\/strong>, a <strong>Ag\u00eancia Nacional de Cinema (Ancine)<\/strong> e mais 6 munic\u00edpios cearenses, pelo projeto <strong>Cinema da Cidade<\/strong>, componente do <strong>Programa Cinema Perto de Voc\u00ea<\/strong>. As cidades beneficiadas pelo projeto ser\u00e3o <strong>Aquiraz<\/strong>, <strong>Canind\u00e9<\/strong>, <strong>Cedro<\/strong>, <strong>Crate\u00fas<\/strong>, <strong>Itaitinga <\/strong>e <strong>Tau\u00e1<\/strong>.<\/p>\n","protected":false},"excerpt":{"rendered":"<p>A Secretaria da Cultura do Estado do Cear\u00e1 (Secult) amplia o n\u00famero de equipamentos no interior do Estado, com o projeto Cinema da Cidade, a partir da constru\u00e7\u00e3o de 12 salas de cinema, formando uma rede de exibi\u00e7\u00e3o para o audiovisual, incluindo outros cinemas de equipamentos da Secult: o Cineteatro S\u00e3o Luiz, a sala Seu [&hellip;]<\/p>\n","protected":false},"author":12,"featured_media":0,"parent":6784,"menu_order":0,"comment_status":"closed","ping_status":"closed","template":"","meta":{"_acf_changed":false,"inline_featured_image":false,"footnotes":""},"class_list":["post-6810","page","type-page","status-publish","hentry"],"acf":[],"yoast_head":"<!-- This site is optimized with the Yoast SEO plugin v26.9 - https:\/\/yoast.com\/product\/yoast-seo-wordpress\/ -->\n<title>Cinema da Cidade - Secult<\/title>\n<meta name=\"robots\" content=\"index, follow, max-snippet:-1, max-image-preview:large, max-video-preview:-1\" \/>\n<link rel=\"canonical\" href=\"https:\/\/ww16.ce.gov.br\/secult\/politica\/eixos\/economia-da-cultura\/cinema-da-cidade\/\" \/>\n<meta property=\"og:locale\" content=\"pt_BR\" \/>\n<meta property=\"og:type\" content=\"article\" \/>\n<meta property=\"og:title\" content=\"Cinema da Cidade - Secult\" \/>\n<meta property=\"og:description\" content=\"A Secretaria da Cultura do Estado do Cear\u00e1 (Secult) amplia o n\u00famero de equipamentos no interior do Estado, com o projeto Cinema da Cidade, a partir da constru\u00e7\u00e3o de 12 salas de cinema, formando uma rede de exibi\u00e7\u00e3o para o audiovisual, incluindo outros cinemas de equipamentos da Secult: o Cineteatro S\u00e3o Luiz, a sala Seu [&hellip;]\" \/>\n<meta property=\"og:url\" content=\"https:\/\/ww16.ce.gov.br\/secult\/politica\/eixos\/economia-da-cultura\/cinema-da-cidade\/\" \/>\n<meta property=\"og:site_name\" content=\"Secult\" \/>\n<meta property=\"article:modified_time\" content=\"2026-03-12T14:56:12+00:00\" \/>\n<meta property=\"og:image\" content=\"http:\/\/ww16.ce.gov.br\/secult\/wp-content\/uploads\/sites\/83\/2026\/03\/Cinema-1200x798.jpg\" \/>\n<meta name=\"twitter:card\" content=\"summary_large_image\" \/>\n<meta name=\"twitter:label1\" content=\"Est. reading time\" \/>\n\t<meta name=\"twitter:data1\" content=\"1 minuto\" \/>\n<script type=\"application\/ld+json\" class=\"yoast-schema-graph\">{\"@context\":\"https:\/\/schema.org\",\"@graph\":[{\"@type\":\"WebPage\",\"@id\":\"https:\/\/ww16.ce.gov.br\/secult\/politica\/eixos\/economia-da-cultura\/cinema-da-cidade\/\",\"url\":\"https:\/\/ww16.ce.gov.br\/secult\/politica\/eixos\/economia-da-cultura\/cinema-da-cidade\/\",\"name\":\"Cinema da Cidade - Secult\",\"isPartOf\":{\"@id\":\"https:\/\/ww16.ce.gov.br\/secult\/#website\"},\"primaryImageOfPage\":{\"@id\":\"https:\/\/ww16.ce.gov.br\/secult\/politica\/eixos\/economia-da-cultura\/cinema-da-cidade\/#primaryimage\"},\"image\":{\"@id\":\"https:\/\/ww16.ce.gov.br\/secult\/politica\/eixos\/economia-da-cultura\/cinema-da-cidade\/#primaryimage\"},\"thumbnailUrl\":\"http:\/\/ww16.ce.gov.br\/secult\/wp-content\/uploads\/sites\/83\/2026\/03\/Cinema-1200x798.jpg\",\"datePublished\":\"2018-09-22T09:58:34+00:00\",\"dateModified\":\"2026-03-12T14:56:12+00:00\",\"breadcrumb\":{\"@id\":\"https:\/\/ww16.ce.gov.br\/secult\/politica\/eixos\/economia-da-cultura\/cinema-da-cidade\/#breadcrumb\"},\"inLanguage\":\"pt-BR\",\"potentialAction\":[{\"@type\":\"ReadAction\",\"target\":[\"https:\/\/ww16.ce.gov.br\/secult\/politica\/eixos\/economia-da-cultura\/cinema-da-cidade\/\"]}]},{\"@type\":\"ImageObject\",\"inLanguage\":\"pt-BR\",\"@id\":\"https:\/\/ww16.ce.gov.br\/secult\/politica\/eixos\/economia-da-cultura\/cinema-da-cidade\/#primaryimage\",\"url\":\"http:\/\/ww16.ce.gov.br\/secult\/wp-content\/uploads\/sites\/83\/2026\/03\/Cinema-1200x798.jpg\",\"contentUrl\":\"http:\/\/ww16.ce.gov.br\/secult\/wp-content\/uploads\/sites\/83\/2026\/03\/Cinema-1200x798.jpg\"},{\"@type\":\"BreadcrumbList\",\"@id\":\"https:\/\/ww16.ce.gov.br\/secult\/politica\/eixos\/economia-da-cultura\/cinema-da-cidade\/#breadcrumb\",\"itemListElement\":[{\"@type\":\"ListItem\",\"position\":1,\"name\":\"In\u00edcio\",\"item\":\"https:\/\/ww16.ce.gov.br\/secult\/\"},{\"@type\":\"ListItem\",\"position\":2,\"name\":\"Pol\u00edtica\",\"item\":\"https:\/\/ww16.ce.gov.br\/secult\/politica\/\"},{\"@type\":\"ListItem\",\"position\":3,\"name\":\"Eixos\",\"item\":\"https:\/\/ww16.ce.gov.br\/secult\/politica\/eixos\/\"},{\"@type\":\"ListItem\",\"position\":4,\"name\":\"Economia da Cultura\",\"item\":\"https:\/\/ww16.ce.gov.br\/secult\/politica\/eixos\/economia-da-cultura\/\"},{\"@type\":\"ListItem\",\"position\":5,\"name\":\"Cinema da Cidade\"}]},{\"@type\":\"WebSite\",\"@id\":\"https:\/\/ww16.ce.gov.br\/secult\/#website\",\"url\":\"https:\/\/ww16.ce.gov.br\/secult\/\",\"name\":\"Secretaria da Cultura\",\"description\":\"Portal Secult\",\"publisher\":{\"@id\":\"https:\/\/ww16.ce.gov.br\/secult\/#organization\"},\"potentialAction\":[{\"@type\":\"SearchAction\",\"target\":{\"@type\":\"EntryPoint\",\"urlTemplate\":\"https:\/\/ww16.ce.gov.br\/secult\/?s={search_term_string}\"},\"query-input\":{\"@type\":\"PropertyValueSpecification\",\"valueRequired\":true,\"valueName\":\"search_term_string\"}}],\"inLanguage\":\"pt-BR\"},{\"@type\":\"Organization\",\"@id\":\"https:\/\/ww16.ce.gov.br\/secult\/#organization\",\"name\":\"Secretaria da Cultura\",\"url\":\"https:\/\/ww16.ce.gov.br\/secult\/\",\"logo\":{\"@type\":\"ImageObject\",\"inLanguage\":\"pt-BR\",\"@id\":\"https:\/\/ww16.ce.gov.br\/secult\/#\/schema\/logo\/image\/\",\"url\":\"http:\/\/ww16.ce.gov.br\/secult\/wp-content\/uploads\/sites\/43\/2018\/05\/secult-clara-3.png\",\"contentUrl\":\"http:\/\/ww16.ce.gov.br\/secult\/wp-content\/uploads\/sites\/43\/2018\/05\/secult-clara-3.png\",\"width\":559,\"height\":106,\"caption\":\"Secretaria da Cultura\"},\"image\":{\"@id\":\"https:\/\/ww16.ce.gov.br\/secult\/#\/schema\/logo\/image\/\"}}]}<\/script>\n<!-- \/ Yoast SEO plugin. -->","yoast_head_json":{"title":"Cinema da Cidade - Secult","robots":{"index":"index","follow":"follow","max-snippet":"max-snippet:-1","max-image-preview":"max-image-preview:large","max-video-preview":"max-video-preview:-1"},"canonical":"https:\/\/ww16.ce.gov.br\/secult\/politica\/eixos\/economia-da-cultura\/cinema-da-cidade\/","og_locale":"pt_BR","og_type":"article","og_title":"Cinema da Cidade - Secult","og_description":"A Secretaria da Cultura do Estado do Cear\u00e1 (Secult) amplia o n\u00famero de equipamentos no interior do Estado, com o projeto Cinema da Cidade, a partir da constru\u00e7\u00e3o de 12 salas de cinema, formando uma rede de exibi\u00e7\u00e3o para o audiovisual, incluindo outros cinemas de equipamentos da Secult: o Cineteatro S\u00e3o Luiz, a sala Seu [&hellip;]","og_url":"https:\/\/ww16.ce.gov.br\/secult\/politica\/eixos\/economia-da-cultura\/cinema-da-cidade\/","og_site_name":"Secult","article_modified_time":"2026-03-12T14:56:12+00:00","og_image":[{"url":"http:\/\/ww16.ce.gov.br\/secult\/wp-content\/uploads\/sites\/83\/2026\/03\/Cinema-1200x798.jpg","type":"","width":"","height":""}],"twitter_card":"summary_large_image","twitter_misc":{"Est. reading time":"1 minuto"},"schema":{"@context":"https:\/\/schema.org","@graph":[{"@type":"WebPage","@id":"https:\/\/ww16.ce.gov.br\/secult\/politica\/eixos\/economia-da-cultura\/cinema-da-cidade\/","url":"https:\/\/ww16.ce.gov.br\/secult\/politica\/eixos\/economia-da-cultura\/cinema-da-cidade\/","name":"Cinema da Cidade - Secult","isPartOf":{"@id":"https:\/\/ww16.ce.gov.br\/secult\/#website"},"primaryImageOfPage":{"@id":"https:\/\/ww16.ce.gov.br\/secult\/politica\/eixos\/economia-da-cultura\/cinema-da-cidade\/#primaryimage"},"image":{"@id":"https:\/\/ww16.ce.gov.br\/secult\/politica\/eixos\/economia-da-cultura\/cinema-da-cidade\/#primaryimage"},"thumbnailUrl":"http:\/\/ww16.ce.gov.br\/secult\/wp-content\/uploads\/sites\/83\/2026\/03\/Cinema-1200x798.jpg","datePublished":"2018-09-22T09:58:34+00:00","dateModified":"2026-03-12T14:56:12+00:00","breadcrumb":{"@id":"https:\/\/ww16.ce.gov.br\/secult\/politica\/eixos\/economia-da-cultura\/cinema-da-cidade\/#breadcrumb"},"inLanguage":"pt-BR","potentialAction":[{"@type":"ReadAction","target":["https:\/\/ww16.ce.gov.br\/secult\/politica\/eixos\/economia-da-cultura\/cinema-da-cidade\/"]}]},{"@type":"ImageObject","inLanguage":"pt-BR","@id":"https:\/\/ww16.ce.gov.br\/secult\/politica\/eixos\/economia-da-cultura\/cinema-da-cidade\/#primaryimage","url":"http:\/\/ww16.ce.gov.br\/secult\/wp-content\/uploads\/sites\/83\/2026\/03\/Cinema-1200x798.jpg","contentUrl":"http:\/\/ww16.ce.gov.br\/secult\/wp-content\/uploads\/sites\/83\/2026\/03\/Cinema-1200x798.jpg"},{"@type":"BreadcrumbList","@id":"https:\/\/ww16.ce.gov.br\/secult\/politica\/eixos\/economia-da-cultura\/cinema-da-cidade\/#breadcrumb","itemListElement":[{"@type":"ListItem","position":1,"name":"In\u00edcio","item":"https:\/\/ww16.ce.gov.br\/secult\/"},{"@type":"ListItem","position":2,"name":"Pol\u00edtica","item":"https:\/\/ww16.ce.gov.br\/secult\/politica\/"},{"@type":"ListItem","position":3,"name":"Eixos","item":"https:\/\/ww16.ce.gov.br\/secult\/politica\/eixos\/"},{"@type":"ListItem","position":4,"name":"Economia da Cultura","item":"https:\/\/ww16.ce.gov.br\/secult\/politica\/eixos\/economia-da-cultura\/"},{"@type":"ListItem","position":5,"name":"Cinema da Cidade"}]},{"@type":"WebSite","@id":"https:\/\/ww16.ce.gov.br\/secult\/#website","url":"https:\/\/ww16.ce.gov.br\/secult\/","name":"Secretaria da Cultura","description":"Portal Secult","publisher":{"@id":"https:\/\/ww16.ce.gov.br\/secult\/#organization"},"potentialAction":[{"@type":"SearchAction","target":{"@type":"EntryPoint","urlTemplate":"https:\/\/ww16.ce.gov.br\/secult\/?s={search_term_string}"},"query-input":{"@type":"PropertyValueSpecification","valueRequired":true,"valueName":"search_term_string"}}],"inLanguage":"pt-BR"},{"@type":"Organization","@id":"https:\/\/ww16.ce.gov.br\/secult\/#organization","name":"Secretaria da Cultura","url":"https:\/\/ww16.ce.gov.br\/secult\/","logo":{"@type":"ImageObject","inLanguage":"pt-BR","@id":"https:\/\/ww16.ce.gov.br\/secult\/#\/schema\/logo\/image\/","url":"http:\/\/ww16.ce.gov.br\/secult\/wp-content\/uploads\/sites\/43\/2018\/05\/secult-clara-3.png","contentUrl":"http:\/\/ww16.ce.gov.br\/secult\/wp-content\/uploads\/sites\/43\/2018\/05\/secult-clara-3.png","width":559,"height":106,"caption":"Secretaria da Cultura"},"image":{"@id":"https:\/\/ww16.ce.gov.br\/secult\/#\/schema\/logo\/image\/"}}]}},"_links":{"self":[{"href":"https:\/\/ww16.ce.gov.br\/secult\/wp-json\/wp\/v2\/pages\/6810","targetHints":{"allow":["GET"]}}],"collection":[{"href":"https:\/\/ww16.ce.gov.br\/secult\/wp-json\/wp\/v2\/pages"}],"about":[{"href":"https:\/\/ww16.ce.gov.br\/secult\/wp-json\/wp\/v2\/types\/page"}],"author":[{"embeddable":true,"href":"https:\/\/ww16.ce.gov.br\/secult\/wp-json\/wp\/v2\/users\/12"}],"replies":[{"embeddable":true,"href":"https:\/\/ww16.ce.gov.br\/secult\/wp-json\/wp\/v2\/comments?post=6810"}],"version-history":[{"count":11,"href":"https:\/\/ww16.ce.gov.br\/secult\/wp-json\/wp\/v2\/pages\/6810\/revisions"}],"predecessor-version":[{"id":51521,"href":"https:\/\/ww16.ce.gov.br\/secult\/wp-json\/wp\/v2\/pages\/6810\/revisions\/51521"}],"up":[{"embeddable":true,"href":"https:\/\/ww16.ce.gov.br\/secult\/wp-json\/wp\/v2\/pages\/6784"}],"wp:attachment":[{"href":"https:\/\/ww16.ce.gov.br\/secult\/wp-json\/wp\/v2\/media?parent=6810"}],"curies":[{"name":"wp","href":"https:\/\/api.w.org\/{rel}","templated":true}]}}