{"id":6794,"date":"2018-09-22T06:43:45","date_gmt":"2018-09-22T09:43:45","guid":{"rendered":"http:\/\/www.secult.ce.gov.br\/?page_id=6794"},"modified":"2026-04-23T13:21:16","modified_gmt":"2026-04-23T16:21:16","slug":"agentes-de-leitura","status":"publish","type":"page","link":"https:\/\/ww16.ce.gov.br\/secult\/politica\/eixos\/livro-e-leitura\/agentes-de-leitura\/","title":{"rendered":"Agentes de leitura"},"content":{"rendered":"<h2><span style=\"color: #fc6836\"><strong>Agentes de leitura<\/strong><\/span><\/h2>\n<p><img loading=\"lazy\" decoding=\"async\" width=\"1200\" height=\"800\" class=\"wp-image-6911\" src=\"https:\/\/www.secult.ce.gov.br\/wp-content\/uploads\/sites\/83\/2018\/09\/agentes-de-leitura-Txai-Costa-1200x800.jpg\" alt=\"\" srcset=\"https:\/\/ww16.ce.gov.br\/secult\/wp-content\/uploads\/sites\/83\/2018\/09\/agentes-de-leitura-Txai-Costa-1200x800.jpg 1200w, https:\/\/ww16.ce.gov.br\/secult\/wp-content\/uploads\/sites\/83\/2018\/09\/agentes-de-leitura-Txai-Costa-600x400.jpg 600w, https:\/\/ww16.ce.gov.br\/secult\/wp-content\/uploads\/sites\/83\/2018\/09\/agentes-de-leitura-Txai-Costa-768x512.jpg 768w, https:\/\/ww16.ce.gov.br\/secult\/wp-content\/uploads\/sites\/83\/2018\/09\/agentes-de-leitura-Txai-Costa.jpg 1500w\" sizes=\"auto, (max-width: 1200px) 100vw, 1200px\" \/><\/p>\n<p style=\"text-align: left\">O Projeto Agentes de Leitura do Cear\u00e1, pioneiro no Brasil, \u00e9, originalmente, uma a\u00e7\u00e3o da Secretaria da Cultura do Estado do Cear\u00e1 junto ao Fundo Estadual de Combate \u00e0 Pobreza (FECOP), que, desde 2006, vem promovendo a democratiza\u00e7\u00e3o do acesso ao livro e \u00e0 leitura por meio de diversas atividades mediadoras ancoradas em acervos bibliogr\u00e1ficos que, mais tarde, s\u00e3o integrados ao acervo das bibliotecas p\u00fablicas municipais e\/ou comunit\u00e1rias.<\/p>\n<p style=\"text-align: left\">No projeto, cada Agente acompanha o processo leitor de 20 fam\u00edlias por ele cadastradas, dentre as escolhidas pelas secretarias municipais de Educa\u00e7\u00e3o, em munic\u00edpios cearenses de grande vulnerabilidade social no interior do Estado, determinados pelo Fundo Estadual de Combate \u00e0 Pobreza\/FECOP, com base nos crit\u00e9rios t\u00e9cnicos e no \u00cdndice de Focaliza\u00e7\u00e3o dos Agentes de Leitura\/IFAL elaborados pelo Instituto de Pesquisa e Estrat\u00e9gia Econ\u00f4mica do Cear\u00e1\/IPECE.<\/p>\n<p style=\"text-align: left\">Entre 2015 e 2018, a Secult investiu um total de R$ 5 milh\u00f5es no projeto, selecionando 196 agentes de leitura. S\u00e3o beneficiadas mais de 31 mil pessoas em 34 munic\u00edpios.<\/p>\n","protected":false},"excerpt":{"rendered":"<p>Agentes de leitura O Projeto Agentes de Leitura do Cear\u00e1, pioneiro no Brasil, \u00e9, originalmente, uma a\u00e7\u00e3o da Secretaria da Cultura do Estado do Cear\u00e1 junto ao Fundo Estadual de Combate \u00e0 Pobreza (FECOP), que, desde 2006, vem promovendo a democratiza\u00e7\u00e3o do acesso ao livro e \u00e0 leitura por meio de diversas atividades mediadoras ancoradas [&hellip;]<\/p>\n","protected":false},"author":12,"featured_media":0,"parent":6790,"menu_order":0,"comment_status":"closed","ping_status":"closed","template":"","meta":{"_acf_changed":false,"inline_featured_image":false,"footnotes":""},"class_list":["post-6794","page","type-page","status-publish","hentry"],"acf":[],"yoast_head":"<!-- This site is optimized with the Yoast SEO plugin v26.9 - https:\/\/yoast.com\/product\/yoast-seo-wordpress\/ -->\n<title>Agentes de leitura - Secult<\/title>\n<meta name=\"robots\" content=\"index, follow, max-snippet:-1, max-image-preview:large, max-video-preview:-1\" \/>\n<link rel=\"canonical\" href=\"https:\/\/ww16.ce.gov.br\/secult\/politica\/eixos\/livro-e-leitura\/agentes-de-leitura\/\" \/>\n<meta property=\"og:locale\" content=\"pt_BR\" \/>\n<meta property=\"og:type\" content=\"article\" \/>\n<meta property=\"og:title\" content=\"Agentes de leitura - Secult\" \/>\n<meta property=\"og:description\" content=\"Agentes de leitura O Projeto Agentes de Leitura do Cear\u00e1, pioneiro no Brasil, \u00e9, originalmente, uma a\u00e7\u00e3o da Secretaria da Cultura do Estado do Cear\u00e1 junto ao Fundo Estadual de Combate \u00e0 Pobreza (FECOP), que, desde 2006, vem promovendo a democratiza\u00e7\u00e3o do acesso ao livro e \u00e0 leitura por meio de diversas atividades mediadoras ancoradas [&hellip;]\" \/>\n<meta property=\"og:url\" content=\"https:\/\/ww16.ce.gov.br\/secult\/politica\/eixos\/livro-e-leitura\/agentes-de-leitura\/\" \/>\n<meta property=\"og:site_name\" content=\"Secult\" \/>\n<meta property=\"article:modified_time\" content=\"2026-04-23T16:21:16+00:00\" \/>\n<meta property=\"og:image\" content=\"https:\/\/ww16.ce.gov.br\/secult\/wp-content\/uploads\/sites\/83\/2018\/09\/agentes-de-leitura-Txai-Costa.jpg\" \/>\n\t<meta property=\"og:image:width\" content=\"1500\" \/>\n\t<meta property=\"og:image:height\" content=\"1000\" \/>\n\t<meta property=\"og:image:type\" content=\"image\/jpeg\" \/>\n<meta name=\"twitter:card\" content=\"summary_large_image\" \/>\n<meta name=\"twitter:label1\" content=\"Est. reading time\" \/>\n\t<meta name=\"twitter:data1\" content=\"2 minutos\" \/>\n<script type=\"application\/ld+json\" class=\"yoast-schema-graph\">{\"@context\":\"https:\/\/schema.org\",\"@graph\":[{\"@type\":\"WebPage\",\"@id\":\"https:\/\/ww16.ce.gov.br\/secult\/politica\/eixos\/livro-e-leitura\/agentes-de-leitura\/\",\"url\":\"https:\/\/ww16.ce.gov.br\/secult\/politica\/eixos\/livro-e-leitura\/agentes-de-leitura\/\",\"name\":\"Agentes de leitura - Secult\",\"isPartOf\":{\"@id\":\"https:\/\/ww16.ce.gov.br\/secult\/#website\"},\"primaryImageOfPage\":{\"@id\":\"https:\/\/ww16.ce.gov.br\/secult\/politica\/eixos\/livro-e-leitura\/agentes-de-leitura\/#primaryimage\"},\"image\":{\"@id\":\"https:\/\/ww16.ce.gov.br\/secult\/politica\/eixos\/livro-e-leitura\/agentes-de-leitura\/#primaryimage\"},\"thumbnailUrl\":\"http:\/\/www.secult.ce.gov.br\/wp-content\/uploads\/sites\/83\/2018\/09\/agentes-de-leitura-Txai-Costa-1200x800.jpg\",\"datePublished\":\"2018-09-22T09:43:45+00:00\",\"dateModified\":\"2026-04-23T16:21:16+00:00\",\"breadcrumb\":{\"@id\":\"https:\/\/ww16.ce.gov.br\/secult\/politica\/eixos\/livro-e-leitura\/agentes-de-leitura\/#breadcrumb\"},\"inLanguage\":\"pt-BR\",\"potentialAction\":[{\"@type\":\"ReadAction\",\"target\":[\"https:\/\/ww16.ce.gov.br\/secult\/politica\/eixos\/livro-e-leitura\/agentes-de-leitura\/\"]}]},{\"@type\":\"ImageObject\",\"inLanguage\":\"pt-BR\",\"@id\":\"https:\/\/ww16.ce.gov.br\/secult\/politica\/eixos\/livro-e-leitura\/agentes-de-leitura\/#primaryimage\",\"url\":\"http:\/\/www.secult.ce.gov.br\/wp-content\/uploads\/sites\/83\/2018\/09\/agentes-de-leitura-Txai-Costa-1200x800.jpg\",\"contentUrl\":\"http:\/\/www.secult.ce.gov.br\/wp-content\/uploads\/sites\/83\/2018\/09\/agentes-de-leitura-Txai-Costa-1200x800.jpg\"},{\"@type\":\"BreadcrumbList\",\"@id\":\"https:\/\/ww16.ce.gov.br\/secult\/politica\/eixos\/livro-e-leitura\/agentes-de-leitura\/#breadcrumb\",\"itemListElement\":[{\"@type\":\"ListItem\",\"position\":1,\"name\":\"In\u00edcio\",\"item\":\"https:\/\/ww16.ce.gov.br\/secult\/\"},{\"@type\":\"ListItem\",\"position\":2,\"name\":\"Pol\u00edtica\",\"item\":\"https:\/\/ww16.ce.gov.br\/secult\/politica\/\"},{\"@type\":\"ListItem\",\"position\":3,\"name\":\"Eixos\",\"item\":\"https:\/\/ww16.ce.gov.br\/secult\/politica\/eixos\/\"},{\"@type\":\"ListItem\",\"position\":4,\"name\":\"Livro, Leitura e Literatura\",\"item\":\"https:\/\/ww16.ce.gov.br\/secult\/politica\/eixos\/livro-e-leitura\/\"},{\"@type\":\"ListItem\",\"position\":5,\"name\":\"Agentes de leitura\"}]},{\"@type\":\"WebSite\",\"@id\":\"https:\/\/ww16.ce.gov.br\/secult\/#website\",\"url\":\"https:\/\/ww16.ce.gov.br\/secult\/\",\"name\":\"Secretaria da Cultura\",\"description\":\"Portal Secult\",\"publisher\":{\"@id\":\"https:\/\/ww16.ce.gov.br\/secult\/#organization\"},\"potentialAction\":[{\"@type\":\"SearchAction\",\"target\":{\"@type\":\"EntryPoint\",\"urlTemplate\":\"https:\/\/ww16.ce.gov.br\/secult\/?s={search_term_string}\"},\"query-input\":{\"@type\":\"PropertyValueSpecification\",\"valueRequired\":true,\"valueName\":\"search_term_string\"}}],\"inLanguage\":\"pt-BR\"},{\"@type\":\"Organization\",\"@id\":\"https:\/\/ww16.ce.gov.br\/secult\/#organization\",\"name\":\"Secretaria da Cultura\",\"url\":\"https:\/\/ww16.ce.gov.br\/secult\/\",\"logo\":{\"@type\":\"ImageObject\",\"inLanguage\":\"pt-BR\",\"@id\":\"https:\/\/ww16.ce.gov.br\/secult\/#\/schema\/logo\/image\/\",\"url\":\"http:\/\/ww16.ce.gov.br\/secult\/wp-content\/uploads\/sites\/43\/2018\/05\/secult-clara-3.png\",\"contentUrl\":\"http:\/\/ww16.ce.gov.br\/secult\/wp-content\/uploads\/sites\/43\/2018\/05\/secult-clara-3.png\",\"width\":559,\"height\":106,\"caption\":\"Secretaria da Cultura\"},\"image\":{\"@id\":\"https:\/\/ww16.ce.gov.br\/secult\/#\/schema\/logo\/image\/\"}}]}<\/script>\n<!-- \/ Yoast SEO plugin. -->","yoast_head_json":{"title":"Agentes de leitura - Secult","robots":{"index":"index","follow":"follow","max-snippet":"max-snippet:-1","max-image-preview":"max-image-preview:large","max-video-preview":"max-video-preview:-1"},"canonical":"https:\/\/ww16.ce.gov.br\/secult\/politica\/eixos\/livro-e-leitura\/agentes-de-leitura\/","og_locale":"pt_BR","og_type":"article","og_title":"Agentes de leitura - Secult","og_description":"Agentes de leitura O Projeto Agentes de Leitura do Cear\u00e1, pioneiro no Brasil, \u00e9, originalmente, uma a\u00e7\u00e3o da Secretaria da Cultura do Estado do Cear\u00e1 junto ao Fundo Estadual de Combate \u00e0 Pobreza (FECOP), que, desde 2006, vem promovendo a democratiza\u00e7\u00e3o do acesso ao livro e \u00e0 leitura por meio de diversas atividades mediadoras ancoradas [&hellip;]","og_url":"https:\/\/ww16.ce.gov.br\/secult\/politica\/eixos\/livro-e-leitura\/agentes-de-leitura\/","og_site_name":"Secult","article_modified_time":"2026-04-23T16:21:16+00:00","og_image":[{"width":1500,"height":1000,"url":"https:\/\/ww16.ce.gov.br\/secult\/wp-content\/uploads\/sites\/83\/2018\/09\/agentes-de-leitura-Txai-Costa.jpg","type":"image\/jpeg"}],"twitter_card":"summary_large_image","twitter_misc":{"Est. reading time":"2 minutos"},"schema":{"@context":"https:\/\/schema.org","@graph":[{"@type":"WebPage","@id":"https:\/\/ww16.ce.gov.br\/secult\/politica\/eixos\/livro-e-leitura\/agentes-de-leitura\/","url":"https:\/\/ww16.ce.gov.br\/secult\/politica\/eixos\/livro-e-leitura\/agentes-de-leitura\/","name":"Agentes de leitura - Secult","isPartOf":{"@id":"https:\/\/ww16.ce.gov.br\/secult\/#website"},"primaryImageOfPage":{"@id":"https:\/\/ww16.ce.gov.br\/secult\/politica\/eixos\/livro-e-leitura\/agentes-de-leitura\/#primaryimage"},"image":{"@id":"https:\/\/ww16.ce.gov.br\/secult\/politica\/eixos\/livro-e-leitura\/agentes-de-leitura\/#primaryimage"},"thumbnailUrl":"http:\/\/www.secult.ce.gov.br\/wp-content\/uploads\/sites\/83\/2018\/09\/agentes-de-leitura-Txai-Costa-1200x800.jpg","datePublished":"2018-09-22T09:43:45+00:00","dateModified":"2026-04-23T16:21:16+00:00","breadcrumb":{"@id":"https:\/\/ww16.ce.gov.br\/secult\/politica\/eixos\/livro-e-leitura\/agentes-de-leitura\/#breadcrumb"},"inLanguage":"pt-BR","potentialAction":[{"@type":"ReadAction","target":["https:\/\/ww16.ce.gov.br\/secult\/politica\/eixos\/livro-e-leitura\/agentes-de-leitura\/"]}]},{"@type":"ImageObject","inLanguage":"pt-BR","@id":"https:\/\/ww16.ce.gov.br\/secult\/politica\/eixos\/livro-e-leitura\/agentes-de-leitura\/#primaryimage","url":"http:\/\/www.secult.ce.gov.br\/wp-content\/uploads\/sites\/83\/2018\/09\/agentes-de-leitura-Txai-Costa-1200x800.jpg","contentUrl":"http:\/\/www.secult.ce.gov.br\/wp-content\/uploads\/sites\/83\/2018\/09\/agentes-de-leitura-Txai-Costa-1200x800.jpg"},{"@type":"BreadcrumbList","@id":"https:\/\/ww16.ce.gov.br\/secult\/politica\/eixos\/livro-e-leitura\/agentes-de-leitura\/#breadcrumb","itemListElement":[{"@type":"ListItem","position":1,"name":"In\u00edcio","item":"https:\/\/ww16.ce.gov.br\/secult\/"},{"@type":"ListItem","position":2,"name":"Pol\u00edtica","item":"https:\/\/ww16.ce.gov.br\/secult\/politica\/"},{"@type":"ListItem","position":3,"name":"Eixos","item":"https:\/\/ww16.ce.gov.br\/secult\/politica\/eixos\/"},{"@type":"ListItem","position":4,"name":"Livro, Leitura e Literatura","item":"https:\/\/ww16.ce.gov.br\/secult\/politica\/eixos\/livro-e-leitura\/"},{"@type":"ListItem","position":5,"name":"Agentes de leitura"}]},{"@type":"WebSite","@id":"https:\/\/ww16.ce.gov.br\/secult\/#website","url":"https:\/\/ww16.ce.gov.br\/secult\/","name":"Secretaria da Cultura","description":"Portal Secult","publisher":{"@id":"https:\/\/ww16.ce.gov.br\/secult\/#organization"},"potentialAction":[{"@type":"SearchAction","target":{"@type":"EntryPoint","urlTemplate":"https:\/\/ww16.ce.gov.br\/secult\/?s={search_term_string}"},"query-input":{"@type":"PropertyValueSpecification","valueRequired":true,"valueName":"search_term_string"}}],"inLanguage":"pt-BR"},{"@type":"Organization","@id":"https:\/\/ww16.ce.gov.br\/secult\/#organization","name":"Secretaria da Cultura","url":"https:\/\/ww16.ce.gov.br\/secult\/","logo":{"@type":"ImageObject","inLanguage":"pt-BR","@id":"https:\/\/ww16.ce.gov.br\/secult\/#\/schema\/logo\/image\/","url":"http:\/\/ww16.ce.gov.br\/secult\/wp-content\/uploads\/sites\/43\/2018\/05\/secult-clara-3.png","contentUrl":"http:\/\/ww16.ce.gov.br\/secult\/wp-content\/uploads\/sites\/43\/2018\/05\/secult-clara-3.png","width":559,"height":106,"caption":"Secretaria da Cultura"},"image":{"@id":"https:\/\/ww16.ce.gov.br\/secult\/#\/schema\/logo\/image\/"}}]}},"_links":{"self":[{"href":"https:\/\/ww16.ce.gov.br\/secult\/wp-json\/wp\/v2\/pages\/6794","targetHints":{"allow":["GET"]}}],"collection":[{"href":"https:\/\/ww16.ce.gov.br\/secult\/wp-json\/wp\/v2\/pages"}],"about":[{"href":"https:\/\/ww16.ce.gov.br\/secult\/wp-json\/wp\/v2\/types\/page"}],"author":[{"embeddable":true,"href":"https:\/\/ww16.ce.gov.br\/secult\/wp-json\/wp\/v2\/users\/12"}],"replies":[{"embeddable":true,"href":"https:\/\/ww16.ce.gov.br\/secult\/wp-json\/wp\/v2\/comments?post=6794"}],"version-history":[{"count":17,"href":"https:\/\/ww16.ce.gov.br\/secult\/wp-json\/wp\/v2\/pages\/6794\/revisions"}],"predecessor-version":[{"id":51759,"href":"https:\/\/ww16.ce.gov.br\/secult\/wp-json\/wp\/v2\/pages\/6794\/revisions\/51759"}],"up":[{"embeddable":true,"href":"https:\/\/ww16.ce.gov.br\/secult\/wp-json\/wp\/v2\/pages\/6790"}],"wp:attachment":[{"href":"https:\/\/ww16.ce.gov.br\/secult\/wp-json\/wp\/v2\/media?parent=6794"}],"curies":[{"name":"wp","href":"https:\/\/api.w.org\/{rel}","templated":true}]}}