{"id":6787,"date":"2018-09-22T06:41:37","date_gmt":"2018-09-22T09:41:37","guid":{"rendered":"http:\/\/www.secult.ce.gov.br\/?page_id=6787"},"modified":"2026-04-23T13:27:40","modified_gmt":"2026-04-23T16:27:40","slug":"patrimonio","status":"publish","type":"page","link":"https:\/\/ww16.ce.gov.br\/secult\/politica\/eixos\/patrimonio\/","title":{"rendered":"Patrim\u00f4nio Cultural e Mem\u00f3ria"},"content":{"rendered":"\n<div class=\"wp-block-cegovbr-titulo-personalizado cegovbr-titulo-personalizado\"><div class=\"cegovbr-titulo-header\"><span class=\"material-symbols-outlined cegovbr-titulo-icon\">apartment<\/span><h6 class=\"cegovbr-titulo-text\">Eixo &#8211; Patrim\u00f4nio Cultural e Mem\u00f3ria<\/h6><\/div><\/div>\n\n\n\n<p>Proteger, conservar e valorizar o patrim\u00f4nio cultural material e imaterial do Cear\u00e1, promovendo a mem\u00f3ria social e a identidade cultural do estado.<\/p>\n\n\n\n<div style=\"height:50px\" aria-hidden=\"true\" class=\"wp-block-spacer\"><\/div>\n\n\n\n<h3 class=\"wp-block-heading\">Pol\u00edtica de Patrim\u00f4nio Cultural e Mem\u00f3ria <\/h3>\n\n\n\n<p class=\"is-style-justified\">A pol\u00edtica de Patrim\u00f4nio Cultural e Mem\u00f3ria est\u00e1 al\u00e9m dos instrumentos de prote\u00e7\u00e3o, editais e fiscaliza\u00e7\u00f5es. Ela abarca a <strong>observa\u00e7\u00e3o<\/strong>, <strong>preserva\u00e7\u00e3o <\/strong>e <strong>valoriza\u00e7\u00e3o do que significa ser cearense<\/strong> no seu \u00e2mago. Por meio dos programas e projetos desenvolvidos pela Secretaria da Cultura do Cear\u00e1 (Secult Cear\u00e1), n\u00f3s nos esfor\u00e7amos para garantir a <strong>diversidade cultural na representa\u00e7\u00e3o patrimonial<\/strong>.<\/p>\n\n\n\n<p class=\"is-style-justified\">A primeira lei de patrim\u00f4nio cultural do Cear\u00e1 foi a lei n\u00ba 9.109, de 30 de julho de 1968, instrumento no qual foi baseado grande parte dos primeiros tombamentos do estado. Depois tivemos a lei n\u00ba 13.078, de 20 de dezembro de 2000, que criou o <strong>Conselho Estadual de Preserva\u00e7\u00e3o do Patrim\u00f4nio Cultural do Estado do Cear\u00e1 <\/strong>(Coepa). Em 2003, foi criada a lei n\u00ba 13.351, de 22 de agosto de 2003, instituindo os <strong>Mestres da Cultura<\/strong>, ligada ao <strong>Patrim\u00f4nio Imaterial<\/strong>. J\u00e1 em 17 de novembro de 2003, temos a lei n\u00ba 13.398, que instituiu o dia do<strong> Patrim\u00f4nio Cultural do Estado do Cear\u00e1<\/strong>.<\/p>\n\n\n\n<p class=\"is-style-justified\">Pioneiramente, fomos um dos primeiros estados a introduzir uma legisla\u00e7\u00e3o para a prote\u00e7\u00e3o e preserva\u00e7\u00e3o do <strong>Patrim\u00f4nio Imaterial<\/strong>, lei n\u00ba 13427, de 30 de dezembro de 2003. Em 2004, foi ampliada a lei de prote\u00e7\u00e3o ao <strong>Patrim\u00f4nio Hist\u00f3rico e Art\u00edstico do Cear\u00e1<\/strong>, sob o n\u00ba 13465, de 05 de maio de 2004, incluindo a prote\u00e7\u00e3o ao entorno do bem tombado. Nesse per\u00edodo, tamb\u00e9m foi modificado o n\u00famero de conselheiros do Coepa por meio da lei 13.619, de 15 de julho de 2005. Uma nova modalidade de prote\u00e7\u00e3o tamb\u00e9m foi implantada com o Registro dos \u201c<strong>Tesouros Vivos da Cultura<\/strong>\u201d no Estado do Cear\u00e1, lei n\u00ba 13.842, de 27 de novembro de 2006.<\/p>\n\n\n\n<p class=\"is-style-justified\">Em 2021, foi a vez de implantar tamb\u00e9m uma nova forma de acautelamento, a <strong>chancela da paisagem cultural<\/strong> (Lei n\u00ba 17.606, de 06 de agosto de 2021). Por fim, chegamos ao <strong>C\u00f3digo do Patrim\u00f4nio Cultural<\/strong>, em 2022, instrumento que agrupou as diversas formas de preserva\u00e7\u00e3o formal do patrim\u00f4nio em um \u00fanico documento. Por meio dele tamb\u00e9m institu\u00edmos o <strong>Invent\u00e1rio de Efeito Restritivo<\/strong>, a <strong>Educa\u00e7\u00e3o Patrimonial<\/strong>, o <strong>Pr\u00eamio Gilmar de Carvalho<\/strong> e a regulariza\u00e7\u00e3o das san\u00e7\u00f5es.<\/p>\n\n\n\n<p class=\"is-style-justified\">A Secult Cear\u00e1 est\u00e1 em um momento de implementa\u00e7\u00e3o de seus novos instrumentos. Trabalhar com mem\u00f3ria hoje \u00e9 pensar em como os bens culturais beneficiar\u00e3o, n\u00e3o s\u00f3 de forma econ\u00f4mica, o desenvolvimento de um local, cidade ou de todo o estado. <strong>O patrim\u00f4nio perpassa a autoestima, a capacidade criativa e o potencial de crescimento de toda uma sociedade<\/strong>.<\/p>\n\n\n\n<h3 class=\"wp-block-heading\"><strong>Coordena\u00e7\u00e3o<\/strong><\/h3>\n\n\n\n<p>J\u00e9ssica Ohara (coordenadora) &#8211; <a href=\"mailto:jessica.chuab@secult.ce.gov.br\">jessica.chuab@secult.ce.gov.br<\/a>&nbsp;<br>\u00c2ngela Barreto (administrativo) &#8211; <a href=\"mailto:angelam@secult.ce.gov.br\">angelam@secult.ce.gov.br<\/a>&nbsp;<\/p>\n\n\n\n<h3 class=\"wp-block-heading is-style-justified\"><strong>Patrim\u00f4nio Material<\/strong><\/h3>\n\n\n\n<p>Alexandre Veras &#8211; <a href=\"mailto:francisco.alexandre@secult.ce.gov.br\">francisco.alexandre@secult.ce.gov.br<\/a><br>Vanessa Albuquerque &#8211; <a href=\"mailto:vanessa.albuquerque@secult.ce.gov.br\">vanessa.albuquerque@secult.ce.gov.br<\/a>&nbsp;<br>Eduardo Soares &#8211; <a href=\"mailto:eduardo.soares@secult.ce.gov.br\">eduardo.soares@secult.ce.gov.br<\/a>&nbsp;<br>Cibele Bonfim &#8211; <a href=\"mailto:cibele.bonfim@secult.ce.gov.br\">cibele.bonfim@secult.ce.gov.br<\/a>&nbsp;<\/p>\n\n\n\n<h3 class=\"wp-block-heading\"><strong>Patrim\u00f4nio Imaterial<\/strong><\/h3>\n\n\n\n<p>Emmanuel Bastos (orientador de c\u00e9lula) &#8211; <a href=\"mailto:emmanuel.lopes@secult.ce.gov.br\">emmanuel.lopes@secult.ce.gov.br<\/a>&nbsp;<br>Lu\u00eds Filho &#8211; <a href=\"mailto:luis.filho@secult.ce.gov.br\">luis.filho@secult.ce.gov.br<\/a>&nbsp;<\/p>\n\n\n\n<h3 class=\"wp-block-heading\"><strong>C\u00e9lula de Cultura Tradicional Popular<\/strong><\/h3>\n\n\n\n<p>Diego Zaranza &#8211; <a href=\"mailto:diego.zaranza@secult.ce.gov.br\">diego.zaranza@secult.ce.gov.br<\/a>&nbsp;<br>Solange Souza &#8211; <a href=\"mailto:solange.santos@secult.ce.gov.br\">solange.santos@secult.ce.gov.br<\/a>&nbsp;<br>Anderson dos Santos &#8211; <a href=\"mailto:anderson.nonato@secult.ce.gov.br\">anderson.nonato@secult.ce.gov.br<\/a>&nbsp;<br>Lia Paulino &#8211; <a href=\"mailto:lia.dias@secult.ce.gov.br\">lia.dias@secult.ce.gov.br<\/a>&nbsp;<br>Livia Dantas &#8211; <a href=\"mailto:livia.rodrigues@secult.ce.gov.br\">livia.rodrigues@secult.ce.gov.br<\/a>&nbsp;<\/p>\n\n\n\n<h3 class=\"wp-block-heading\"><strong>Sistema Estadual de Museu<\/strong><\/h3>\n\n\n\n<p>Isabelly Pompeu (Supervisora de N\u00facleo) &#8211; <a href=\"mailto:isabelly.pompeu@secult.ce.gov.br\">isabelly.pompeu@secult.ce.gov.br<\/a>&nbsp;<br>Roberta Machado &#8211; <a href=\"mailto:roberta.gomes@secult.ce.gov.br\">roberta.gomes@secult.ce.gov.br<\/a>&nbsp;<\/p>\n\n\n\n<h3 class=\"wp-block-heading\"><strong>Museu do Cear\u00e1 e Museu Sacro S\u00e3o Jos\u00e9 do Ribamar<\/strong><\/h3>\n\n\n\n<p>Raquel Caminha &#8211; <a href=\"mailto:raquel.rocha@secult.ce.gov.br\">raquel.rocha@secult.ce.gov.br<\/a>&nbsp;<\/p>\n\n\n\n<h3 class=\"wp-block-heading\"><strong>Arquivo P\u00fablico do Estado do Cear\u00e1<\/strong><\/h3>\n\n\n\n<p>Jana\u00edna Ilara &#8211; <a href=\"mailto:janaina.conceicao@secult.ce.gov.br\">janaina.conceicao@secult.ce.gov.br<\/a>&nbsp;<\/p>\n\n\n\n<h3 class=\"wp-block-heading\"><strong>Arquivo Intermedi\u00e1rio<\/strong><\/h3>\n\n\n\n<p>Ot\u00e1vio Menezes &#8211; <a href=\"mailto:otavio.menezes@secult.ce.gov.br\">otavio.menezes@secult.ce.gov.br<\/a><\/p>\n\n\n\n<p><\/p>\n","protected":false},"excerpt":{"rendered":"<p>Proteger, conservar e valorizar o patrim\u00f4nio cultural material e imaterial do Cear\u00e1, promovendo a mem\u00f3ria social e a identidade cultural do estado. Pol\u00edtica de Patrim\u00f4nio Cultural e Mem\u00f3ria A pol\u00edtica de Patrim\u00f4nio Cultural e Mem\u00f3ria est\u00e1 al\u00e9m dos instrumentos de prote\u00e7\u00e3o, editais e fiscaliza\u00e7\u00f5es. Ela abarca a observa\u00e7\u00e3o, preserva\u00e7\u00e3o e valoriza\u00e7\u00e3o do que significa ser [&hellip;]<\/p>\n","protected":false},"author":12,"featured_media":0,"parent":6722,"menu_order":0,"comment_status":"closed","ping_status":"closed","template":"","meta":{"_acf_changed":false,"inline_featured_image":false,"footnotes":""},"class_list":["post-6787","page","type-page","status-publish","hentry"],"acf":[],"yoast_head":"<!-- This site is optimized with the Yoast SEO plugin v26.9 - https:\/\/yoast.com\/product\/yoast-seo-wordpress\/ -->\n<title>Patrim\u00f4nio Cultural e Mem\u00f3ria - Secult<\/title>\n<meta name=\"robots\" content=\"index, follow, max-snippet:-1, max-image-preview:large, max-video-preview:-1\" \/>\n<link rel=\"canonical\" href=\"https:\/\/ww16.ce.gov.br\/secult\/politica\/eixos\/patrimonio\/\" \/>\n<meta property=\"og:locale\" content=\"pt_BR\" \/>\n<meta property=\"og:type\" content=\"article\" \/>\n<meta property=\"og:title\" content=\"Patrim\u00f4nio Cultural e Mem\u00f3ria - Secult\" \/>\n<meta property=\"og:description\" content=\"Proteger, conservar e valorizar o patrim\u00f4nio cultural material e imaterial do Cear\u00e1, promovendo a mem\u00f3ria social e a identidade cultural do estado. Pol\u00edtica de Patrim\u00f4nio Cultural e Mem\u00f3ria A pol\u00edtica de Patrim\u00f4nio Cultural e Mem\u00f3ria est\u00e1 al\u00e9m dos instrumentos de prote\u00e7\u00e3o, editais e fiscaliza\u00e7\u00f5es. Ela abarca a observa\u00e7\u00e3o, preserva\u00e7\u00e3o e valoriza\u00e7\u00e3o do que significa ser [&hellip;]\" \/>\n<meta property=\"og:url\" content=\"https:\/\/ww16.ce.gov.br\/secult\/politica\/eixos\/patrimonio\/\" \/>\n<meta property=\"og:site_name\" content=\"Secult\" \/>\n<meta property=\"article:modified_time\" content=\"2026-04-23T16:27:40+00:00\" \/>\n<meta name=\"twitter:card\" content=\"summary_large_image\" \/>\n<meta name=\"twitter:label1\" content=\"Est. reading time\" \/>\n\t<meta name=\"twitter:data1\" content=\"4 minutos\" \/>\n<script type=\"application\/ld+json\" class=\"yoast-schema-graph\">{\"@context\":\"https:\/\/schema.org\",\"@graph\":[{\"@type\":\"WebPage\",\"@id\":\"https:\/\/ww16.ce.gov.br\/secult\/politica\/eixos\/patrimonio\/\",\"url\":\"https:\/\/ww16.ce.gov.br\/secult\/politica\/eixos\/patrimonio\/\",\"name\":\"Patrim\u00f4nio Cultural e Mem\u00f3ria - Secult\",\"isPartOf\":{\"@id\":\"https:\/\/ww16.ce.gov.br\/secult\/#website\"},\"datePublished\":\"2018-09-22T09:41:37+00:00\",\"dateModified\":\"2026-04-23T16:27:40+00:00\",\"breadcrumb\":{\"@id\":\"https:\/\/ww16.ce.gov.br\/secult\/politica\/eixos\/patrimonio\/#breadcrumb\"},\"inLanguage\":\"pt-BR\",\"potentialAction\":[{\"@type\":\"ReadAction\",\"target\":[\"https:\/\/ww16.ce.gov.br\/secult\/politica\/eixos\/patrimonio\/\"]}]},{\"@type\":\"BreadcrumbList\",\"@id\":\"https:\/\/ww16.ce.gov.br\/secult\/politica\/eixos\/patrimonio\/#breadcrumb\",\"itemListElement\":[{\"@type\":\"ListItem\",\"position\":1,\"name\":\"In\u00edcio\",\"item\":\"https:\/\/ww16.ce.gov.br\/secult\/\"},{\"@type\":\"ListItem\",\"position\":2,\"name\":\"Pol\u00edtica\",\"item\":\"https:\/\/ww16.ce.gov.br\/secult\/politica\/\"},{\"@type\":\"ListItem\",\"position\":3,\"name\":\"Eixos\",\"item\":\"https:\/\/ww16.ce.gov.br\/secult\/politica\/eixos\/\"},{\"@type\":\"ListItem\",\"position\":4,\"name\":\"Patrim\u00f4nio Cultural e Mem\u00f3ria\"}]},{\"@type\":\"WebSite\",\"@id\":\"https:\/\/ww16.ce.gov.br\/secult\/#website\",\"url\":\"https:\/\/ww16.ce.gov.br\/secult\/\",\"name\":\"Secretaria da Cultura\",\"description\":\"Portal Secult\",\"publisher\":{\"@id\":\"https:\/\/ww16.ce.gov.br\/secult\/#organization\"},\"potentialAction\":[{\"@type\":\"SearchAction\",\"target\":{\"@type\":\"EntryPoint\",\"urlTemplate\":\"https:\/\/ww16.ce.gov.br\/secult\/?s={search_term_string}\"},\"query-input\":{\"@type\":\"PropertyValueSpecification\",\"valueRequired\":true,\"valueName\":\"search_term_string\"}}],\"inLanguage\":\"pt-BR\"},{\"@type\":\"Organization\",\"@id\":\"https:\/\/ww16.ce.gov.br\/secult\/#organization\",\"name\":\"Secretaria da Cultura\",\"url\":\"https:\/\/ww16.ce.gov.br\/secult\/\",\"logo\":{\"@type\":\"ImageObject\",\"inLanguage\":\"pt-BR\",\"@id\":\"https:\/\/ww16.ce.gov.br\/secult\/#\/schema\/logo\/image\/\",\"url\":\"http:\/\/ww16.ce.gov.br\/secult\/wp-content\/uploads\/sites\/43\/2018\/05\/secult-clara-3.png\",\"contentUrl\":\"http:\/\/ww16.ce.gov.br\/secult\/wp-content\/uploads\/sites\/43\/2018\/05\/secult-clara-3.png\",\"width\":559,\"height\":106,\"caption\":\"Secretaria da Cultura\"},\"image\":{\"@id\":\"https:\/\/ww16.ce.gov.br\/secult\/#\/schema\/logo\/image\/\"}}]}<\/script>\n<!-- \/ Yoast SEO plugin. -->","yoast_head_json":{"title":"Patrim\u00f4nio Cultural e Mem\u00f3ria - Secult","robots":{"index":"index","follow":"follow","max-snippet":"max-snippet:-1","max-image-preview":"max-image-preview:large","max-video-preview":"max-video-preview:-1"},"canonical":"https:\/\/ww16.ce.gov.br\/secult\/politica\/eixos\/patrimonio\/","og_locale":"pt_BR","og_type":"article","og_title":"Patrim\u00f4nio Cultural e Mem\u00f3ria - Secult","og_description":"Proteger, conservar e valorizar o patrim\u00f4nio cultural material e imaterial do Cear\u00e1, promovendo a mem\u00f3ria social e a identidade cultural do estado. Pol\u00edtica de Patrim\u00f4nio Cultural e Mem\u00f3ria A pol\u00edtica de Patrim\u00f4nio Cultural e Mem\u00f3ria est\u00e1 al\u00e9m dos instrumentos de prote\u00e7\u00e3o, editais e fiscaliza\u00e7\u00f5es. Ela abarca a observa\u00e7\u00e3o, preserva\u00e7\u00e3o e valoriza\u00e7\u00e3o do que significa ser [&hellip;]","og_url":"https:\/\/ww16.ce.gov.br\/secult\/politica\/eixos\/patrimonio\/","og_site_name":"Secult","article_modified_time":"2026-04-23T16:27:40+00:00","twitter_card":"summary_large_image","twitter_misc":{"Est. reading time":"4 minutos"},"schema":{"@context":"https:\/\/schema.org","@graph":[{"@type":"WebPage","@id":"https:\/\/ww16.ce.gov.br\/secult\/politica\/eixos\/patrimonio\/","url":"https:\/\/ww16.ce.gov.br\/secult\/politica\/eixos\/patrimonio\/","name":"Patrim\u00f4nio Cultural e Mem\u00f3ria - Secult","isPartOf":{"@id":"https:\/\/ww16.ce.gov.br\/secult\/#website"},"datePublished":"2018-09-22T09:41:37+00:00","dateModified":"2026-04-23T16:27:40+00:00","breadcrumb":{"@id":"https:\/\/ww16.ce.gov.br\/secult\/politica\/eixos\/patrimonio\/#breadcrumb"},"inLanguage":"pt-BR","potentialAction":[{"@type":"ReadAction","target":["https:\/\/ww16.ce.gov.br\/secult\/politica\/eixos\/patrimonio\/"]}]},{"@type":"BreadcrumbList","@id":"https:\/\/ww16.ce.gov.br\/secult\/politica\/eixos\/patrimonio\/#breadcrumb","itemListElement":[{"@type":"ListItem","position":1,"name":"In\u00edcio","item":"https:\/\/ww16.ce.gov.br\/secult\/"},{"@type":"ListItem","position":2,"name":"Pol\u00edtica","item":"https:\/\/ww16.ce.gov.br\/secult\/politica\/"},{"@type":"ListItem","position":3,"name":"Eixos","item":"https:\/\/ww16.ce.gov.br\/secult\/politica\/eixos\/"},{"@type":"ListItem","position":4,"name":"Patrim\u00f4nio Cultural e Mem\u00f3ria"}]},{"@type":"WebSite","@id":"https:\/\/ww16.ce.gov.br\/secult\/#website","url":"https:\/\/ww16.ce.gov.br\/secult\/","name":"Secretaria da Cultura","description":"Portal Secult","publisher":{"@id":"https:\/\/ww16.ce.gov.br\/secult\/#organization"},"potentialAction":[{"@type":"SearchAction","target":{"@type":"EntryPoint","urlTemplate":"https:\/\/ww16.ce.gov.br\/secult\/?s={search_term_string}"},"query-input":{"@type":"PropertyValueSpecification","valueRequired":true,"valueName":"search_term_string"}}],"inLanguage":"pt-BR"},{"@type":"Organization","@id":"https:\/\/ww16.ce.gov.br\/secult\/#organization","name":"Secretaria da Cultura","url":"https:\/\/ww16.ce.gov.br\/secult\/","logo":{"@type":"ImageObject","inLanguage":"pt-BR","@id":"https:\/\/ww16.ce.gov.br\/secult\/#\/schema\/logo\/image\/","url":"http:\/\/ww16.ce.gov.br\/secult\/wp-content\/uploads\/sites\/43\/2018\/05\/secult-clara-3.png","contentUrl":"http:\/\/ww16.ce.gov.br\/secult\/wp-content\/uploads\/sites\/43\/2018\/05\/secult-clara-3.png","width":559,"height":106,"caption":"Secretaria da Cultura"},"image":{"@id":"https:\/\/ww16.ce.gov.br\/secult\/#\/schema\/logo\/image\/"}}]}},"_links":{"self":[{"href":"https:\/\/ww16.ce.gov.br\/secult\/wp-json\/wp\/v2\/pages\/6787","targetHints":{"allow":["GET"]}}],"collection":[{"href":"https:\/\/ww16.ce.gov.br\/secult\/wp-json\/wp\/v2\/pages"}],"about":[{"href":"https:\/\/ww16.ce.gov.br\/secult\/wp-json\/wp\/v2\/types\/page"}],"author":[{"embeddable":true,"href":"https:\/\/ww16.ce.gov.br\/secult\/wp-json\/wp\/v2\/users\/12"}],"replies":[{"embeddable":true,"href":"https:\/\/ww16.ce.gov.br\/secult\/wp-json\/wp\/v2\/comments?post=6787"}],"version-history":[{"count":62,"href":"https:\/\/ww16.ce.gov.br\/secult\/wp-json\/wp\/v2\/pages\/6787\/revisions"}],"predecessor-version":[{"id":51764,"href":"https:\/\/ww16.ce.gov.br\/secult\/wp-json\/wp\/v2\/pages\/6787\/revisions\/51764"}],"up":[{"embeddable":true,"href":"https:\/\/ww16.ce.gov.br\/secult\/wp-json\/wp\/v2\/pages\/6722"}],"wp:attachment":[{"href":"https:\/\/ww16.ce.gov.br\/secult\/wp-json\/wp\/v2\/media?parent=6787"}],"curies":[{"name":"wp","href":"https:\/\/api.w.org\/{rel}","templated":true}]}}