{"id":6716,"date":"2018-09-13T16:03:21","date_gmt":"2018-09-13T19:03:21","guid":{"rendered":"http:\/\/www.secult.ce.gov.br\/?page_id=6716"},"modified":"2026-04-23T15:51:18","modified_gmt":"2026-04-23T18:51:18","slug":"comite-setorial-de-acesso-a-informacao","status":"publish","type":"page","link":"https:\/\/ww16.ce.gov.br\/secult\/acesso-a-informacao\/comite-setorial-de-acesso-a-informacao\/","title":{"rendered":"Comit\u00ea Setorial de Acesso \u00e0 Informa\u00e7\u00e3o"},"content":{"rendered":"\n<p class=\"Card Informativo BgBranco\"><strong>Gec\u00edola Fonseca Torres<\/strong><br><em>Secret\u00e1ria Executiva de Planejamento e Gest\u00e3o Interna<\/em><br><strong>Contato:<\/strong> 3108-2700<br><strong>E-mail:<\/strong> <a href=\"mailto:geciola.fonseca@secult.ce.gov.br\">geciola.fonseca@secult.ce.gov.br<\/a><br><strong>Hor\u00e1rio de atendimento:<\/strong> segunda a sexta-feira, das 8h \u00e0s 12h e das 13h \u00e0s 17h<\/p>\n\n\n\n<div style=\"height:30px\" aria-hidden=\"true\" class=\"wp-block-spacer\"><\/div>\n\n\n\n<p class=\"Card Informativo BgBranco\"><strong>Franderlan Campos Pereira<\/strong><br><em>Coordenador de Desenvolvimento Institucional<\/em><br><strong>Telefone<\/strong>: (85) 85 9 8238 8799<br><strong>E-mail<\/strong>: <a href=\"mailto:franderlan.campos@secult.ce.gov.br\">franderlan.campos@secult.ce.gov.br<\/a><br><strong>Hor\u00e1rio<\/strong> de atendimento: segunda a sexta-feira, das 8h \u00e0s 12h e das 13h \u00e0s 17h<\/p>\n\n\n\n<div style=\"height:30px\" aria-hidden=\"true\" class=\"wp-block-spacer\"><\/div>\n\n\n\n<p class=\"Card Informativo BgBranco\"><strong>Alana Gabriela Soares de Lima<\/strong><br><em>Ouvidora setorial<\/em><br><strong>Telefone:<\/strong> (85) 98672-3741<br><strong>E-mail:<\/strong> <a href=\"mailto:alana.lima@secult.ce.gov.br\">alana.lima@secult.ce.gov.br<\/a><br><strong>Hor\u00e1rio de atendimento:<\/strong> segunda a sexta-feira, das 8h \u00e0s 12h e das 13h \u00e0s 17h<\/p>\n\n\n\n<div style=\"height:30px\" aria-hidden=\"true\" class=\"wp-block-spacer\"><\/div>\n\n\n\n<hr class=\"wp-block-separator has-alpha-channel-opacity\" \/>\n\n\n\n<div style=\"height:30px\" aria-hidden=\"true\" class=\"wp-block-spacer\"><\/div>\n\n\n\n<div class=\"wp-block-cegovbr-mural-materiais-card-arquivos-multiplos\"><div class=\"ckc-card-arquivos-multiplos\"><h3 class=\"ckc-card-arquivos-multiplos-title\">Relat\u00f3rios estat\u00edsticos<\/h3><div class=\"ckc-card-arquivos-multiplos-files\"><ul class=\"ckc-file-list list-group\"><li><a href=\"https:\/\/ww16.ce.gov.br\/secult\/wp-content\/uploads\/sites\/83\/2026\/04\/Relatorio-de-monitoramento-de-implementacao-da-LAI-\u2013-2025.pdf\" target=\"_blank\" rel=\"noopener noreferrer\"><span class=\"material-symbols-outlined\">download<\/span><span class=\"ckc-file-name\">Relat\u00f3rio de monitoramento de implementa\u00e7\u00e3o da LAI \u2013 2025<\/span><\/a><\/li><li><a href=\"https:\/\/ww16.ce.gov.br\/secult\/wp-content\/uploads\/sites\/83\/2025\/04\/2024-Relatorio-de-Gestao-da-Transparencia_SECULT.pdf\" target=\"_blank\" rel=\"noopener noreferrer\"><span class=\"material-symbols-outlined\">download<\/span><span class=\"ckc-file-name\">Relat\u00f3rio de monitoramento de implementa\u00e7\u00e3o da LAI \u2013 2024<\/span><\/a><\/li><li><a href=\"https:\/\/ww16.ce.gov.br\/secult\/wp-content\/uploads\/sites\/83\/2024\/06\/Relatorio-de-monitoramento-de-implementacao-da-LAI-\u2013-2023.pdf\" target=\"_blank\" rel=\"noopener noreferrer\"><span class=\"material-symbols-outlined\">download<\/span><span class=\"ckc-file-name\">Relat\u00f3rio de monitoramento de implementa\u00e7\u00e3o da LAI \u2013 2023<\/span><\/a><\/li><li><a href=\"https:\/\/ww16.ce.gov.br\/secult\/wp-content\/uploads\/sites\/83\/2023\/11\/Relatorio_de_Gestao_da_Transparencia_2022_SECULT.pdf\" target=\"_blank\" rel=\"noopener noreferrer\"><span class=\"material-symbols-outlined\">download<\/span><span class=\"ckc-file-name\">Relat\u00f3rio de monitoramento de implementa\u00e7\u00e3o da LAI \u2013 2022<\/span><\/a><\/li><li><a href=\"https:\/\/ww16.ce.gov.br\/secult\/wp-content\/uploads\/sites\/83\/2023\/12\/Relatorio-Estatistico-SIC-2021.xlsx\" target=\"_blank\" rel=\"noopener noreferrer\"><span class=\"material-symbols-outlined\">download<\/span><span class=\"ckc-file-name\">Relat\u00f3rio Estat\u00edstico SIC \u2013 2021<\/span><\/a><\/li><li><a href=\"https:\/\/ww16.ce.gov.br\/secult\/wp-content\/uploads\/sites\/83\/2023\/10\/Relatorio-de-monitoramento-de-implementacao-da-LAI-2020.pdf\" target=\"_blank\" rel=\"noopener noreferrer\"><span class=\"material-symbols-outlined\">download<\/span><span class=\"ckc-file-name\">Relat\u00f3rio de monitoramento de implementa\u00e7\u00e3o da LAI \u2013 2020<\/span><\/a><\/li><li><a href=\"https:\/\/ww16.ce.gov.br\/secult\/wp-content\/uploads\/sites\/83\/2023\/10\/Relatorio-de-monitoramento-de-implementacao-da-LAI-2019.pdf\" target=\"_blank\" rel=\"noopener noreferrer\"><span class=\"material-symbols-outlined\">download<\/span><span class=\"ckc-file-name\">Relat\u00f3rio de monitoramento de implementa\u00e7\u00e3o da LAI \u2013 2019<\/span><\/a><\/li><\/ul><\/div><\/div><\/div>\n\n\n\n<div style=\"height:30px\" aria-hidden=\"true\" class=\"wp-block-spacer\"><\/div>\n\n\n\n<hr class=\"wp-block-separator has-alpha-channel-opacity\" \/>\n\n\n\n<div style=\"height:30px\" aria-hidden=\"true\" class=\"wp-block-spacer\"><\/div>\n\n\n\n<div class=\"wp-block-cegovbr-titulo-personalizado cegovbr-titulo-personalizado\"><div class=\"cegovbr-titulo-header\"><span class=\"material-symbols-outlined cegovbr-titulo-icon\">star<\/span><h6 class=\"cegovbr-titulo-text\">Pesquisas de Satisfa\u00e7\u00e3o<\/h6><\/div><\/div>\n\n\n\n<p class=\"is-style-justified\">Com o compromisso constante de aprimorar nossos servi\u00e7os e garantir a melhor experi\u00eancia para nossos usu\u00e1rios, realizamos regularmente pesquisas de satisfa\u00e7\u00e3o na Rede P\u00fablica de Espa\u00e7os e Equipamentos Culturais do Estado do Cear\u00e1 \u2013 Rece e em eventos espec\u00edficos. O objetivo principal \u00e9 avaliar a qualidade dos nossos produtos\/servi\u00e7os e identificar \u00e1reas de melhoria. As pesquisas tamb\u00e9m s\u00e3o essenciais para o nosso compromisso com a excel\u00eancia e visam proporcionar um espa\u00e7o para que os cidad\u00e3os possam compartilhar suas opini\u00f5es e sugest\u00f5es.<\/p>\n\n\n\n<div style=\"height:30px\" aria-hidden=\"true\" class=\"wp-block-spacer\"><\/div>\n\n\n\n<ul class=\"wp-block-list\">\n<li><a href=\"https:\/\/www.secult.ce.gov.br\/wp-content\/uploads\/sites\/43\/2023\/12\/Equipamentos-culturais-Setembro-a-dezembro-de-2022.pdf\" target=\"_blank\" rel=\"noreferrer noopener\">Resultado da Pesquisa de Satisfa\u00e7\u00e3o com os Equipamentos Culturais geridos pelo Instituto Drag\u00e3o do Mar \u2013 Setembro a dezembro de 2022<\/a><\/li>\n\n\n\n<li><a href=\"https:\/\/www.secult.ce.gov.br\/wp-content\/uploads\/sites\/43\/2023\/12\/Equipamentos-culturais-2023.pdf\" target=\"_blank\" rel=\"noreferrer noopener\">Resultado da Pesquisa de Satisfa\u00e7\u00e3o com os Equipamentos Culturais geridos pelo Instituto Drag\u00e3o do Mar \u2013 2023<\/a><\/li>\n\n\n\n<li><a href=\"https:\/\/www.secult.ce.gov.br\/wp-content\/uploads\/sites\/43\/2023\/12\/Equipamentos-culturais-Agosto-a-dezembro-de-2022.pdf\" target=\"_blank\" rel=\"noreferrer noopener\">Resultado da Pesquisa de Satisfa\u00e7\u00e3o com os Equipamentos Culturais geridos pelo Instituto Mirante \u2013 Agosto a dezembro de 2022<\/a><\/li>\n\n\n\n<li><a href=\"https:\/\/www.secult.ce.gov.br\/wp-content\/uploads\/sites\/43\/2023\/12\/Bienal-do-Livro-2022.pdf\" target=\"_blank\" rel=\"noreferrer noopener\">Resultado da Pesquisa de Satisfa\u00e7\u00e3o com a Bienal do Livro \u2013 2022<\/a><\/li>\n\n\n\n<li><a href=\"https:\/\/www.secult.ce.gov.br\/wp-content\/uploads\/sites\/43\/2026\/01\/Pesquisa-de-Satisfacao-Bienal-do-Livro-2025.pdf\" target=\"_blank\" rel=\"noreferrer noopener\">Resultado da Pesquisa de Satisfa\u00e7\u00e3o com a Bienal do Livro \u2013 2025<\/a><\/li>\n<\/ul>\n\n\n\n<p><\/p>\n","protected":false},"excerpt":{"rendered":"<p>Gec\u00edola Fonseca TorresSecret\u00e1ria Executiva de Planejamento e Gest\u00e3o InternaContato: 3108-2700E-mail: geciola.fonseca@secult.ce.gov.brHor\u00e1rio de atendimento: segunda a sexta-feira, das 8h \u00e0s 12h e das 13h \u00e0s 17h Franderlan Campos PereiraCoordenador de Desenvolvimento InstitucionalTelefone: (85) 85 9 8238 8799E-mail: franderlan.campos@secult.ce.gov.brHor\u00e1rio de atendimento: segunda a sexta-feira, das 8h \u00e0s 12h e das 13h \u00e0s 17h Alana Gabriela Soares de [&hellip;]<\/p>\n","protected":false},"author":12,"featured_media":0,"parent":6708,"menu_order":3,"comment_status":"closed","ping_status":"closed","template":"page-comite-setorial.php","meta":{"_acf_changed":false,"inline_featured_image":false,"footnotes":""},"class_list":["post-6716","page","type-page","status-publish","hentry"],"acf":[],"yoast_head":"<!-- This site is optimized with the Yoast SEO plugin v26.9 - https:\/\/yoast.com\/product\/yoast-seo-wordpress\/ -->\n<title>Comit\u00ea Setorial de Acesso \u00e0 Informa\u00e7\u00e3o - Secult<\/title>\n<meta name=\"robots\" content=\"index, follow, max-snippet:-1, max-image-preview:large, max-video-preview:-1\" \/>\n<link rel=\"canonical\" href=\"https:\/\/ww16.ce.gov.br\/secult\/acesso-a-informacao\/comite-setorial-de-acesso-a-informacao\/\" \/>\n<meta property=\"og:locale\" content=\"pt_BR\" \/>\n<meta property=\"og:type\" content=\"article\" \/>\n<meta property=\"og:title\" content=\"Comit\u00ea Setorial de Acesso \u00e0 Informa\u00e7\u00e3o - Secult\" \/>\n<meta property=\"og:description\" content=\"Gec\u00edola Fonseca TorresSecret\u00e1ria Executiva de Planejamento e Gest\u00e3o InternaContato: 3108-2700E-mail: geciola.fonseca@secult.ce.gov.brHor\u00e1rio de atendimento: segunda a sexta-feira, das 8h \u00e0s 12h e das 13h \u00e0s 17h Franderlan Campos PereiraCoordenador de Desenvolvimento InstitucionalTelefone: (85) 85 9 8238 8799E-mail: franderlan.campos@secult.ce.gov.brHor\u00e1rio de atendimento: segunda a sexta-feira, das 8h \u00e0s 12h e das 13h \u00e0s 17h Alana Gabriela Soares de [&hellip;]\" \/>\n<meta property=\"og:url\" content=\"https:\/\/ww16.ce.gov.br\/secult\/acesso-a-informacao\/comite-setorial-de-acesso-a-informacao\/\" \/>\n<meta property=\"og:site_name\" content=\"Secult\" \/>\n<meta property=\"article:modified_time\" content=\"2026-04-23T18:51:18+00:00\" \/>\n<meta name=\"twitter:card\" content=\"summary_large_image\" \/>\n<meta name=\"twitter:label1\" content=\"Est. reading time\" \/>\n\t<meta name=\"twitter:data1\" content=\"2 minutos\" \/>\n<script type=\"application\/ld+json\" class=\"yoast-schema-graph\">{\"@context\":\"https:\/\/schema.org\",\"@graph\":[{\"@type\":\"WebPage\",\"@id\":\"https:\/\/ww16.ce.gov.br\/secult\/acesso-a-informacao\/comite-setorial-de-acesso-a-informacao\/\",\"url\":\"https:\/\/ww16.ce.gov.br\/secult\/acesso-a-informacao\/comite-setorial-de-acesso-a-informacao\/\",\"name\":\"Comit\u00ea Setorial de Acesso \u00e0 Informa\u00e7\u00e3o - Secult\",\"isPartOf\":{\"@id\":\"https:\/\/ww16.ce.gov.br\/secult\/#website\"},\"datePublished\":\"2018-09-13T19:03:21+00:00\",\"dateModified\":\"2026-04-23T18:51:18+00:00\",\"breadcrumb\":{\"@id\":\"https:\/\/ww16.ce.gov.br\/secult\/acesso-a-informacao\/comite-setorial-de-acesso-a-informacao\/#breadcrumb\"},\"inLanguage\":\"pt-BR\",\"potentialAction\":[{\"@type\":\"ReadAction\",\"target\":[\"https:\/\/ww16.ce.gov.br\/secult\/acesso-a-informacao\/comite-setorial-de-acesso-a-informacao\/\"]}]},{\"@type\":\"BreadcrumbList\",\"@id\":\"https:\/\/ww16.ce.gov.br\/secult\/acesso-a-informacao\/comite-setorial-de-acesso-a-informacao\/#breadcrumb\",\"itemListElement\":[{\"@type\":\"ListItem\",\"position\":1,\"name\":\"In\u00edcio\",\"item\":\"https:\/\/ww16.ce.gov.br\/secult\/\"},{\"@type\":\"ListItem\",\"position\":2,\"name\":\"Acesso \u00e0 Informa\u00e7\u00e3o\",\"item\":\"https:\/\/ww16.ce.gov.br\/secult\/acesso-a-informacao\/\"},{\"@type\":\"ListItem\",\"position\":3,\"name\":\"Comit\u00ea Setorial de Acesso \u00e0 Informa\u00e7\u00e3o\"}]},{\"@type\":\"WebSite\",\"@id\":\"https:\/\/ww16.ce.gov.br\/secult\/#website\",\"url\":\"https:\/\/ww16.ce.gov.br\/secult\/\",\"name\":\"Secretaria da Cultura\",\"description\":\"Portal Secult\",\"publisher\":{\"@id\":\"https:\/\/ww16.ce.gov.br\/secult\/#organization\"},\"potentialAction\":[{\"@type\":\"SearchAction\",\"target\":{\"@type\":\"EntryPoint\",\"urlTemplate\":\"https:\/\/ww16.ce.gov.br\/secult\/?s={search_term_string}\"},\"query-input\":{\"@type\":\"PropertyValueSpecification\",\"valueRequired\":true,\"valueName\":\"search_term_string\"}}],\"inLanguage\":\"pt-BR\"},{\"@type\":\"Organization\",\"@id\":\"https:\/\/ww16.ce.gov.br\/secult\/#organization\",\"name\":\"Secretaria da Cultura\",\"url\":\"https:\/\/ww16.ce.gov.br\/secult\/\",\"logo\":{\"@type\":\"ImageObject\",\"inLanguage\":\"pt-BR\",\"@id\":\"https:\/\/ww16.ce.gov.br\/secult\/#\/schema\/logo\/image\/\",\"url\":\"http:\/\/ww16.ce.gov.br\/secult\/wp-content\/uploads\/sites\/43\/2018\/05\/secult-clara-3.png\",\"contentUrl\":\"http:\/\/ww16.ce.gov.br\/secult\/wp-content\/uploads\/sites\/43\/2018\/05\/secult-clara-3.png\",\"width\":559,\"height\":106,\"caption\":\"Secretaria da Cultura\"},\"image\":{\"@id\":\"https:\/\/ww16.ce.gov.br\/secult\/#\/schema\/logo\/image\/\"}}]}<\/script>\n<!-- \/ Yoast SEO plugin. -->","yoast_head_json":{"title":"Comit\u00ea Setorial de Acesso \u00e0 Informa\u00e7\u00e3o - Secult","robots":{"index":"index","follow":"follow","max-snippet":"max-snippet:-1","max-image-preview":"max-image-preview:large","max-video-preview":"max-video-preview:-1"},"canonical":"https:\/\/ww16.ce.gov.br\/secult\/acesso-a-informacao\/comite-setorial-de-acesso-a-informacao\/","og_locale":"pt_BR","og_type":"article","og_title":"Comit\u00ea Setorial de Acesso \u00e0 Informa\u00e7\u00e3o - Secult","og_description":"Gec\u00edola Fonseca TorresSecret\u00e1ria Executiva de Planejamento e Gest\u00e3o InternaContato: 3108-2700E-mail: geciola.fonseca@secult.ce.gov.brHor\u00e1rio de atendimento: segunda a sexta-feira, das 8h \u00e0s 12h e das 13h \u00e0s 17h Franderlan Campos PereiraCoordenador de Desenvolvimento InstitucionalTelefone: (85) 85 9 8238 8799E-mail: franderlan.campos@secult.ce.gov.brHor\u00e1rio de atendimento: segunda a sexta-feira, das 8h \u00e0s 12h e das 13h \u00e0s 17h Alana Gabriela Soares de [&hellip;]","og_url":"https:\/\/ww16.ce.gov.br\/secult\/acesso-a-informacao\/comite-setorial-de-acesso-a-informacao\/","og_site_name":"Secult","article_modified_time":"2026-04-23T18:51:18+00:00","twitter_card":"summary_large_image","twitter_misc":{"Est. reading time":"2 minutos"},"schema":{"@context":"https:\/\/schema.org","@graph":[{"@type":"WebPage","@id":"https:\/\/ww16.ce.gov.br\/secult\/acesso-a-informacao\/comite-setorial-de-acesso-a-informacao\/","url":"https:\/\/ww16.ce.gov.br\/secult\/acesso-a-informacao\/comite-setorial-de-acesso-a-informacao\/","name":"Comit\u00ea Setorial de Acesso \u00e0 Informa\u00e7\u00e3o - Secult","isPartOf":{"@id":"https:\/\/ww16.ce.gov.br\/secult\/#website"},"datePublished":"2018-09-13T19:03:21+00:00","dateModified":"2026-04-23T18:51:18+00:00","breadcrumb":{"@id":"https:\/\/ww16.ce.gov.br\/secult\/acesso-a-informacao\/comite-setorial-de-acesso-a-informacao\/#breadcrumb"},"inLanguage":"pt-BR","potentialAction":[{"@type":"ReadAction","target":["https:\/\/ww16.ce.gov.br\/secult\/acesso-a-informacao\/comite-setorial-de-acesso-a-informacao\/"]}]},{"@type":"BreadcrumbList","@id":"https:\/\/ww16.ce.gov.br\/secult\/acesso-a-informacao\/comite-setorial-de-acesso-a-informacao\/#breadcrumb","itemListElement":[{"@type":"ListItem","position":1,"name":"In\u00edcio","item":"https:\/\/ww16.ce.gov.br\/secult\/"},{"@type":"ListItem","position":2,"name":"Acesso \u00e0 Informa\u00e7\u00e3o","item":"https:\/\/ww16.ce.gov.br\/secult\/acesso-a-informacao\/"},{"@type":"ListItem","position":3,"name":"Comit\u00ea Setorial de Acesso \u00e0 Informa\u00e7\u00e3o"}]},{"@type":"WebSite","@id":"https:\/\/ww16.ce.gov.br\/secult\/#website","url":"https:\/\/ww16.ce.gov.br\/secult\/","name":"Secretaria da Cultura","description":"Portal Secult","publisher":{"@id":"https:\/\/ww16.ce.gov.br\/secult\/#organization"},"potentialAction":[{"@type":"SearchAction","target":{"@type":"EntryPoint","urlTemplate":"https:\/\/ww16.ce.gov.br\/secult\/?s={search_term_string}"},"query-input":{"@type":"PropertyValueSpecification","valueRequired":true,"valueName":"search_term_string"}}],"inLanguage":"pt-BR"},{"@type":"Organization","@id":"https:\/\/ww16.ce.gov.br\/secult\/#organization","name":"Secretaria da Cultura","url":"https:\/\/ww16.ce.gov.br\/secult\/","logo":{"@type":"ImageObject","inLanguage":"pt-BR","@id":"https:\/\/ww16.ce.gov.br\/secult\/#\/schema\/logo\/image\/","url":"http:\/\/ww16.ce.gov.br\/secult\/wp-content\/uploads\/sites\/43\/2018\/05\/secult-clara-3.png","contentUrl":"http:\/\/ww16.ce.gov.br\/secult\/wp-content\/uploads\/sites\/43\/2018\/05\/secult-clara-3.png","width":559,"height":106,"caption":"Secretaria da Cultura"},"image":{"@id":"https:\/\/ww16.ce.gov.br\/secult\/#\/schema\/logo\/image\/"}}]}},"_links":{"self":[{"href":"https:\/\/ww16.ce.gov.br\/secult\/wp-json\/wp\/v2\/pages\/6716","targetHints":{"allow":["GET"]}}],"collection":[{"href":"https:\/\/ww16.ce.gov.br\/secult\/wp-json\/wp\/v2\/pages"}],"about":[{"href":"https:\/\/ww16.ce.gov.br\/secult\/wp-json\/wp\/v2\/types\/page"}],"author":[{"embeddable":true,"href":"https:\/\/ww16.ce.gov.br\/secult\/wp-json\/wp\/v2\/users\/12"}],"replies":[{"embeddable":true,"href":"https:\/\/ww16.ce.gov.br\/secult\/wp-json\/wp\/v2\/comments?post=6716"}],"version-history":[{"count":28,"href":"https:\/\/ww16.ce.gov.br\/secult\/wp-json\/wp\/v2\/pages\/6716\/revisions"}],"predecessor-version":[{"id":51802,"href":"https:\/\/ww16.ce.gov.br\/secult\/wp-json\/wp\/v2\/pages\/6716\/revisions\/51802"}],"up":[{"embeddable":true,"href":"https:\/\/ww16.ce.gov.br\/secult\/wp-json\/wp\/v2\/pages\/6708"}],"wp:attachment":[{"href":"https:\/\/ww16.ce.gov.br\/secult\/wp-json\/wp\/v2\/media?parent=6716"}],"curies":[{"name":"wp","href":"https:\/\/api.w.org\/{rel}","templated":true}]}}