{"id":6575,"date":"2018-05-10T09:58:00","date_gmt":"2018-05-10T12:58:00","guid":{"rendered":"http:\/\/www.secult.ce.gov.br\/?page_id=6575"},"modified":"2025-12-01T11:01:53","modified_gmt":"2025-12-01T14:01:53","slug":"equipamentos-culturais","status":"publish","type":"page","link":"https:\/\/ww16.ce.gov.br\/secult\/equipamentos-culturais\/","title":{"rendered":"Rede P\u00fablica de Espa\u00e7os e Equipamentos Culturais do Estado do Cear\u00e1 (Rece)"},"content":{"rendered":"<h2><span style=\"color: #fc6836\"><strong>Rede P\u00fablica de Espa\u00e7os e Equipamentos Culturais do Estado do Cear\u00e1 (Rece)<\/strong><\/span><\/h2>\n<p>&nbsp;<\/p>\n<p>Para democratizar, fomentar e fazer circular as artes no Cear\u00e1, al\u00e9m de proporcionar a forma\u00e7\u00e3o e a profissionaliza\u00e7\u00e3o para diversas \u00e1reas, a Secult mant\u00e9m uma rede de equipamentos culturais na capital e no interior do Estado. O Instituto Drag\u00e3o do Mar e o Instituto Mirante de Cultura e Arte contribuem com a gest\u00e3o de equipamentos fortalecendo esta rede estadual.<\/p>\n<p>&nbsp;<\/p>\n<ul class=\"ListaEst -Verde col2\" style=\"font-weight: bold\">\n<li><a href=\"https:\/\/ww16.ce.gov.br\/secult\/arquivo-publico-do-estado-do-ceara\/\">Arquivo P\u00fablico Estadual do Cear\u00e1<\/a><\/li>\n<li><a href=\"https:\/\/bece.cultura.ce.gov.br\/\">Biblioteca P\u00fablica Estadual do Cear\u00e1<\/a><\/li>\n<li><a href=\"https:\/\/casadeantonioconselheiro.cultura.ce.gov.br\/\">Casa de Ant\u00f4nio Conselheiro<\/a><\/li>\n<li><a href=\"https:\/\/mapacultural.secult.ce.gov.br\/espaco\/490\/\">Casa de Juvenal Galeno<\/a><\/li>\n<li><a href=\"https:\/\/mapacultural.secult.ce.gov.br\/espaco\/891\/\">Casa de Saberes Cego Aderaldo &#8211; Quixad\u00e1<\/a><\/li>\n<li><a href=\"https:\/\/ccbj.org.br\/\">Centro Cultural Bom Jardim<\/a><\/li>\n<li><a href=\"https:\/\/centroculturaldocariri.cultura.ce.gov.br\/\">Centro Cultural do Cariri S\u00e9rvulo Esmeraldo<\/a><\/li>\n<li><a href=\"https:\/\/www.dragaodomar.org.br\">Centro Drag\u00e3o do Mar de Arte e Cultura<\/a><\/li>\n<li><a href=\"https:\/\/www.cineteatrosaoluiz.com.br\">Cineteatro S\u00e3o Luiz <\/a><\/li>\n<li><a href=\"https:\/\/www.eao.org.br\">Escola de Artes e Of\u00edcios Thomaz Pompeu Sobrinho<\/a><\/li>\n<li><a href=\"https:\/\/gastronomiasocial.org.br\/\">Escola de Gastronomia Social Ivens Dias Branco<\/a><\/li>\n<li><a href=\"https:\/\/www.portoiracemadasartes.org.br\/\">Escola Porto Iracema das Artes<\/a><\/li>\n<li><a href=\"https:\/\/mapacultural.secult.ce.gov.br\/espaco\/5701\/\">Esta\u00e7\u00e3o das Artes<\/a><\/li>\n<li><a href=\"https:\/\/ww16.ce.gov.br\/secult\/farol-do-mucuripe\/\">Farol do Mucuripe<\/a><\/li>\n<li><a href=\"https:\/\/hubportodragao.cultura.ce.gov.br\/\">Hub Cultural Porto Drag\u00e3o<\/a><\/li>\n<li><a href=\"https:\/\/mapacultural.secult.ce.gov.br\/espaco\/5726\/\">Kuya \u2014 Centro de Design do Cear\u00e1<\/a><\/li>\n<li><a href=\"https:\/\/mapacultural.secult.ce.gov.br\/agente\/109562\/\">Mercado de Gastronomia AlimentaCE<\/a><\/li>\n<li><a href=\"https:\/\/www.dragaodomar.org.br\/espacos\/museu-de-arte-contemporanea\">Museu de Arte Contempor\u00e2nea do Cear\u00e1<\/a><\/li>\n<li><a href=\"https:\/\/mapacultural.secult.ce.gov.br\/espaco\/87\/\">Museu do Cear\u00e1 <\/a><\/li>\n<li><a href=\"https:\/\/www.dragaodomar.org.br\/espacos\/museu-da-cultura-cearense\">Museu da Cultura Cearense<\/a><\/li>\n<li><a href=\"https:\/\/mapacultural.secult.ce.gov.br\/espaco\/5701\/\">Museu Ferrovi\u00e1rio Esta\u00e7\u00e3o Jo\u00e3o Felipe<\/a><\/li>\n<li><a href=\"https:\/\/mapacultural.secult.ce.gov.br\/espaco\/265\/\">Museu da Imagem e do Som do Cear\u00e1 Chico Albuquerque<\/a><\/li>\n<li><a href=\"https:\/\/mapacultural.secult.ce.gov.br\/espaco\/539\/\">Museu Sacro S\u00e3o Jos\u00e9 de Ribamar <\/a><\/li>\n<li><a href=\"https:\/\/pinacotecadoceara.org.br\/\">Pinacoteca do Cear\u00e1<\/a><\/li>\n<li><a href=\"https:\/\/mapacultural.secult.ce.gov.br\/espaco\/305\/\">Sobrado Dr. Jos\u00e9 Louren\u00e7o <\/a><\/li>\n<li><a href=\"https:\/\/mapacultural.secult.ce.gov.br\/espaco\/485\/\">Teatro Carlos C\u00e2mara <\/a><\/li>\n<li><a href=\"https:\/\/theatrojosedealencar.cultura.ce.gov.br\/\">Theatro Jos\u00e9 de Alencar <\/a><\/li>\n<li><a href=\"https:\/\/mapacultural.secult.ce.gov.br\/espaco\/1499\/\">Vila da M\u00fasica &#8211; Crato<\/a><\/li>\n<\/ul>\n","protected":false},"excerpt":{"rendered":"<p>Rede P\u00fablica de Espa\u00e7os e Equipamentos Culturais do Estado do Cear\u00e1 (Rece) &nbsp; Para democratizar, fomentar e fazer circular as artes no Cear\u00e1, al\u00e9m de proporcionar a forma\u00e7\u00e3o e a profissionaliza\u00e7\u00e3o para diversas \u00e1reas, a Secult mant\u00e9m uma rede de equipamentos culturais na capital e no interior do Estado. O Instituto Drag\u00e3o do Mar e [&hellip;]<\/p>\n","protected":false},"author":12,"featured_media":0,"parent":0,"menu_order":0,"comment_status":"closed","ping_status":"closed","template":"","meta":{"_acf_changed":false,"inline_featured_image":false,"footnotes":""},"class_list":["post-6575","page","type-page","status-publish","hentry"],"acf":[],"yoast_head":"<!-- This site is optimized with the Yoast SEO plugin v26.9 - https:\/\/yoast.com\/product\/yoast-seo-wordpress\/ -->\n<title>Rede P\u00fablica de Espa\u00e7os e Equipamentos Culturais do Estado do Cear\u00e1 (Rece) - Secult<\/title>\n<meta name=\"robots\" content=\"index, follow, max-snippet:-1, max-image-preview:large, max-video-preview:-1\" \/>\n<link rel=\"canonical\" href=\"https:\/\/ww16.ce.gov.br\/secult\/equipamentos-culturais\/\" \/>\n<meta property=\"og:locale\" content=\"pt_BR\" \/>\n<meta property=\"og:type\" content=\"article\" \/>\n<meta property=\"og:title\" content=\"Rede P\u00fablica de Espa\u00e7os e Equipamentos Culturais do Estado do Cear\u00e1 (Rece) - Secult\" \/>\n<meta property=\"og:description\" content=\"Rede P\u00fablica de Espa\u00e7os e Equipamentos Culturais do Estado do Cear\u00e1 (Rece) &nbsp; Para democratizar, fomentar e fazer circular as artes no Cear\u00e1, al\u00e9m de proporcionar a forma\u00e7\u00e3o e a profissionaliza\u00e7\u00e3o para diversas \u00e1reas, a Secult mant\u00e9m uma rede de equipamentos culturais na capital e no interior do Estado. O Instituto Drag\u00e3o do Mar e [&hellip;]\" \/>\n<meta property=\"og:url\" content=\"https:\/\/ww16.ce.gov.br\/secult\/equipamentos-culturais\/\" \/>\n<meta property=\"og:site_name\" content=\"Secult\" \/>\n<meta property=\"article:modified_time\" content=\"2025-12-01T14:01:53+00:00\" \/>\n<meta name=\"twitter:card\" content=\"summary_large_image\" \/>\n<meta name=\"twitter:label1\" content=\"Est. reading time\" \/>\n\t<meta name=\"twitter:data1\" content=\"2 minutos\" \/>\n<script type=\"application\/ld+json\" class=\"yoast-schema-graph\">{\"@context\":\"https:\/\/schema.org\",\"@graph\":[{\"@type\":\"WebPage\",\"@id\":\"https:\/\/ww16.ce.gov.br\/secult\/equipamentos-culturais\/\",\"url\":\"https:\/\/ww16.ce.gov.br\/secult\/equipamentos-culturais\/\",\"name\":\"Rede P\u00fablica de Espa\u00e7os e Equipamentos Culturais do Estado do Cear\u00e1 (Rece) - Secult\",\"isPartOf\":{\"@id\":\"https:\/\/ww16.ce.gov.br\/secult\/#website\"},\"datePublished\":\"2018-05-10T12:58:00+00:00\",\"dateModified\":\"2025-12-01T14:01:53+00:00\",\"breadcrumb\":{\"@id\":\"https:\/\/ww16.ce.gov.br\/secult\/equipamentos-culturais\/#breadcrumb\"},\"inLanguage\":\"pt-BR\",\"potentialAction\":[{\"@type\":\"ReadAction\",\"target\":[\"https:\/\/ww16.ce.gov.br\/secult\/equipamentos-culturais\/\"]}]},{\"@type\":\"BreadcrumbList\",\"@id\":\"https:\/\/ww16.ce.gov.br\/secult\/equipamentos-culturais\/#breadcrumb\",\"itemListElement\":[{\"@type\":\"ListItem\",\"position\":1,\"name\":\"In\u00edcio\",\"item\":\"https:\/\/ww16.ce.gov.br\/secult\/\"},{\"@type\":\"ListItem\",\"position\":2,\"name\":\"Rede P\u00fablica de Espa\u00e7os e Equipamentos Culturais do Estado do Cear\u00e1 (Rece)\"}]},{\"@type\":\"WebSite\",\"@id\":\"https:\/\/ww16.ce.gov.br\/secult\/#website\",\"url\":\"https:\/\/ww16.ce.gov.br\/secult\/\",\"name\":\"Secretaria da Cultura\",\"description\":\"Portal Secult\",\"publisher\":{\"@id\":\"https:\/\/ww16.ce.gov.br\/secult\/#organization\"},\"potentialAction\":[{\"@type\":\"SearchAction\",\"target\":{\"@type\":\"EntryPoint\",\"urlTemplate\":\"https:\/\/ww16.ce.gov.br\/secult\/?s={search_term_string}\"},\"query-input\":{\"@type\":\"PropertyValueSpecification\",\"valueRequired\":true,\"valueName\":\"search_term_string\"}}],\"inLanguage\":\"pt-BR\"},{\"@type\":\"Organization\",\"@id\":\"https:\/\/ww16.ce.gov.br\/secult\/#organization\",\"name\":\"Secretaria da Cultura\",\"url\":\"https:\/\/ww16.ce.gov.br\/secult\/\",\"logo\":{\"@type\":\"ImageObject\",\"inLanguage\":\"pt-BR\",\"@id\":\"https:\/\/ww16.ce.gov.br\/secult\/#\/schema\/logo\/image\/\",\"url\":\"http:\/\/ww16.ce.gov.br\/secult\/wp-content\/uploads\/sites\/43\/2018\/05\/secult-clara-3.png\",\"contentUrl\":\"http:\/\/ww16.ce.gov.br\/secult\/wp-content\/uploads\/sites\/43\/2018\/05\/secult-clara-3.png\",\"width\":559,\"height\":106,\"caption\":\"Secretaria da Cultura\"},\"image\":{\"@id\":\"https:\/\/ww16.ce.gov.br\/secult\/#\/schema\/logo\/image\/\"}}]}<\/script>\n<!-- \/ Yoast SEO plugin. -->","yoast_head_json":{"title":"Rede P\u00fablica de Espa\u00e7os e Equipamentos Culturais do Estado do Cear\u00e1 (Rece) - Secult","robots":{"index":"index","follow":"follow","max-snippet":"max-snippet:-1","max-image-preview":"max-image-preview:large","max-video-preview":"max-video-preview:-1"},"canonical":"https:\/\/ww16.ce.gov.br\/secult\/equipamentos-culturais\/","og_locale":"pt_BR","og_type":"article","og_title":"Rede P\u00fablica de Espa\u00e7os e Equipamentos Culturais do Estado do Cear\u00e1 (Rece) - Secult","og_description":"Rede P\u00fablica de Espa\u00e7os e Equipamentos Culturais do Estado do Cear\u00e1 (Rece) &nbsp; Para democratizar, fomentar e fazer circular as artes no Cear\u00e1, al\u00e9m de proporcionar a forma\u00e7\u00e3o e a profissionaliza\u00e7\u00e3o para diversas \u00e1reas, a Secult mant\u00e9m uma rede de equipamentos culturais na capital e no interior do Estado. O Instituto Drag\u00e3o do Mar e [&hellip;]","og_url":"https:\/\/ww16.ce.gov.br\/secult\/equipamentos-culturais\/","og_site_name":"Secult","article_modified_time":"2025-12-01T14:01:53+00:00","twitter_card":"summary_large_image","twitter_misc":{"Est. reading time":"2 minutos"},"schema":{"@context":"https:\/\/schema.org","@graph":[{"@type":"WebPage","@id":"https:\/\/ww16.ce.gov.br\/secult\/equipamentos-culturais\/","url":"https:\/\/ww16.ce.gov.br\/secult\/equipamentos-culturais\/","name":"Rede P\u00fablica de Espa\u00e7os e Equipamentos Culturais do Estado do Cear\u00e1 (Rece) - Secult","isPartOf":{"@id":"https:\/\/ww16.ce.gov.br\/secult\/#website"},"datePublished":"2018-05-10T12:58:00+00:00","dateModified":"2025-12-01T14:01:53+00:00","breadcrumb":{"@id":"https:\/\/ww16.ce.gov.br\/secult\/equipamentos-culturais\/#breadcrumb"},"inLanguage":"pt-BR","potentialAction":[{"@type":"ReadAction","target":["https:\/\/ww16.ce.gov.br\/secult\/equipamentos-culturais\/"]}]},{"@type":"BreadcrumbList","@id":"https:\/\/ww16.ce.gov.br\/secult\/equipamentos-culturais\/#breadcrumb","itemListElement":[{"@type":"ListItem","position":1,"name":"In\u00edcio","item":"https:\/\/ww16.ce.gov.br\/secult\/"},{"@type":"ListItem","position":2,"name":"Rede P\u00fablica de Espa\u00e7os e Equipamentos Culturais do Estado do Cear\u00e1 (Rece)"}]},{"@type":"WebSite","@id":"https:\/\/ww16.ce.gov.br\/secult\/#website","url":"https:\/\/ww16.ce.gov.br\/secult\/","name":"Secretaria da Cultura","description":"Portal Secult","publisher":{"@id":"https:\/\/ww16.ce.gov.br\/secult\/#organization"},"potentialAction":[{"@type":"SearchAction","target":{"@type":"EntryPoint","urlTemplate":"https:\/\/ww16.ce.gov.br\/secult\/?s={search_term_string}"},"query-input":{"@type":"PropertyValueSpecification","valueRequired":true,"valueName":"search_term_string"}}],"inLanguage":"pt-BR"},{"@type":"Organization","@id":"https:\/\/ww16.ce.gov.br\/secult\/#organization","name":"Secretaria da Cultura","url":"https:\/\/ww16.ce.gov.br\/secult\/","logo":{"@type":"ImageObject","inLanguage":"pt-BR","@id":"https:\/\/ww16.ce.gov.br\/secult\/#\/schema\/logo\/image\/","url":"http:\/\/ww16.ce.gov.br\/secult\/wp-content\/uploads\/sites\/43\/2018\/05\/secult-clara-3.png","contentUrl":"http:\/\/ww16.ce.gov.br\/secult\/wp-content\/uploads\/sites\/43\/2018\/05\/secult-clara-3.png","width":559,"height":106,"caption":"Secretaria da Cultura"},"image":{"@id":"https:\/\/ww16.ce.gov.br\/secult\/#\/schema\/logo\/image\/"}}]}},"_links":{"self":[{"href":"https:\/\/ww16.ce.gov.br\/secult\/wp-json\/wp\/v2\/pages\/6575","targetHints":{"allow":["GET"]}}],"collection":[{"href":"https:\/\/ww16.ce.gov.br\/secult\/wp-json\/wp\/v2\/pages"}],"about":[{"href":"https:\/\/ww16.ce.gov.br\/secult\/wp-json\/wp\/v2\/types\/page"}],"author":[{"embeddable":true,"href":"https:\/\/ww16.ce.gov.br\/secult\/wp-json\/wp\/v2\/users\/12"}],"replies":[{"embeddable":true,"href":"https:\/\/ww16.ce.gov.br\/secult\/wp-json\/wp\/v2\/comments?post=6575"}],"version-history":[{"count":47,"href":"https:\/\/ww16.ce.gov.br\/secult\/wp-json\/wp\/v2\/pages\/6575\/revisions"}],"predecessor-version":[{"id":48715,"href":"https:\/\/ww16.ce.gov.br\/secult\/wp-json\/wp\/v2\/pages\/6575\/revisions\/48715"}],"wp:attachment":[{"href":"https:\/\/ww16.ce.gov.br\/secult\/wp-json\/wp\/v2\/media?parent=6575"}],"curies":[{"name":"wp","href":"https:\/\/api.w.org\/{rel}","templated":true}]}}