{"id":52,"date":"2017-11-20T17:43:28","date_gmt":"2017-11-20T19:43:28","guid":{"rendered":"http:\/\/www.ceara.gov.br\/sec\/?page_id=52"},"modified":"2026-02-27T14:17:38","modified_gmt":"2026-02-27T17:17:38","slug":"a-secretaria","status":"publish","type":"page","link":"https:\/\/ww16.ce.gov.br\/secult\/institucional\/a-secretaria\/","title":{"rendered":"A Secretaria"},"content":{"rendered":"\n<h2 class=\"wp-block-heading\">A Lei de Cria\u00e7\u00e3o da Secretaria da Cultura do Cear\u00e1<\/h2>\n\n\n\n<div style=\"height:9px\" aria-hidden=\"true\" class=\"wp-block-spacer\"><\/div>\n\n\n\n<p>A Secretaria da Cultura do Estado do Cear\u00e1 (Secult) \u00e9 a pasta estadual de cultura mais antiga do Brasil. A Secult foi criada pela Lei n\u00ba 8.541, de 9 de agosto de 1966, se desmembrando da Secretaria de Educa\u00e7\u00e3o, pelo ent\u00e3o governador do Estado, Virg\u00edlio T\u00e1vora.<\/p>\n\n\n\n<p>Ao longo de mais de 50 anos de hist\u00f3ria, a Secult tem sido pioneira em diversas a\u00e7\u00f5es que inspiraram outros Estados e at\u00e9 mesmo o Minist\u00e9rio da Cultura do Brasil. Entre essas a\u00e7\u00f5es est\u00e3o o Projeto Agentes de Leitura do Cear\u00e1, a Lei dos Tesouros Vivos do Estado e a aprova\u00e7\u00e3o do Plano Estadual de Cultura Inf\u00e2ncia.<\/p>\n\n\n\n<div style=\"height:67px\" aria-hidden=\"true\" class=\"wp-block-spacer\"><\/div>\n\n\n<div id=\"cegov-vt-4baed856-8e56-41fd-89ec-053d0a7bb288\" class=\"cegov-politicas-incentivo cegov-vertical-tabs\"><div class=\"cegov-vt-wrapper\"><div class=\"cegov-vt-list\"><ul class=\"cegov-vt-menu\" role=\"tablist\"><li><button id=\"cegov-vt-4baed856-8e56-41fd-89ec-053d0a7bb288-tab-1\" class=\"cegov-vt-aba is-active\" role=\"tab\" aria-controls=\"cegov-vt-4baed856-8e56-41fd-89ec-053d0a7bb288-panel-1\" aria-selected=\"true\" tabindex=\"0\" data-target=\"#cegov-vt-4baed856-8e56-41fd-89ec-053d0a7bb288-panel-1\"><span class=\"cegov-vt-aba-label\">Miss\u00e3o<\/span><\/button><\/li><li><button id=\"cegov-vt-4baed856-8e56-41fd-89ec-053d0a7bb288-tab-2\" class=\"cegov-vt-aba\" role=\"tab\" aria-controls=\"cegov-vt-4baed856-8e56-41fd-89ec-053d0a7bb288-panel-2\" aria-selected=\"false\" tabindex=\"-1\" data-target=\"#cegov-vt-4baed856-8e56-41fd-89ec-053d0a7bb288-panel-2\"><span class=\"cegov-vt-aba-label\">Vis\u00e3o<\/span><\/button><\/li><li><button id=\"cegov-vt-4baed856-8e56-41fd-89ec-053d0a7bb288-tab-3\" class=\"cegov-vt-aba\" role=\"tab\" aria-controls=\"cegov-vt-4baed856-8e56-41fd-89ec-053d0a7bb288-panel-3\" aria-selected=\"false\" tabindex=\"-1\" data-target=\"#cegov-vt-4baed856-8e56-41fd-89ec-053d0a7bb288-panel-3\"><span class=\"cegov-vt-aba-label\">Valores<\/span><\/button><\/li><\/ul><\/div><div class=\"cegov-vt-panels\"><div id=\"cegov-vt-4baed856-8e56-41fd-89ec-053d0a7bb288-panel-1\" class=\"cegov-vt-panel is-active\" role=\"tabpanel\" aria-hidden=\"false\">\n<p>Formular, promover e gerir pol\u00edticas p\u00fablicas que assegurem o pleno exerc\u00edcio dos direitos culturais para a popula\u00e7\u00e3o do Cear\u00e1.<\/p>\n<\/div><div id=\"cegov-vt-4baed856-8e56-41fd-89ec-053d0a7bb288-panel-2\" class=\"cegov-vt-panel\" role=\"tabpanel\" aria-hidden=\"true\">\n<p>Ser reconhecida pela excel\u00eancia em gest\u00e3o de pol\u00edticas culturais democr\u00e1ticas, com a Cultura na centralidade do desenvolvimento do Cear\u00e1.<\/p>\n<\/div><div id=\"cegov-vt-4baed856-8e56-41fd-89ec-053d0a7bb288-panel-3\" class=\"cegov-vt-panel\" role=\"tabpanel\" aria-hidden=\"true\">\n<ul class=\"wp-block-list\">\n<li>Respeito, valoriza\u00e7\u00e3o, reconhecimento e desenvolvimento do trabalhador da cultura;<\/li>\n\n\n\n<li>Valoriza\u00e7\u00e3o da diversidade regional e territorial;<\/li>\n\n\n\n<li>Participa\u00e7\u00e3o social e transpar\u00eancia;<\/li>\n\n\n\n<li>Respeito aos direitos humanos;<\/li>\n\n\n\n<li>Inclus\u00e3o racial, et\u00e1ria, de etnia e de g\u00eanero;<\/li>\n\n\n\n<li>Acessibilidade;<\/li>\n\n\n\n<li>Diversidade cultural;<\/li>\n\n\n\n<li>Equidade de acesso;<\/li>\n\n\n\n<li>Liberdade de cria\u00e7\u00e3o e express\u00e3o;<\/li>\n\n\n\n<li>Diversidade \u00e9tnico-cultural;<\/li>\n\n\n\n<li>Diversidade \u00e9tnico-racial e de g\u00eanero;<\/li>\n\n\n\n<li>Responsabilidade socioambiental&nbsp;<\/li>\n<\/ul>\n<\/div><\/div><\/div><\/div>\n\n\n<div style=\"height:69px\" aria-hidden=\"true\" class=\"wp-block-spacer\"><\/div>\n\n\n\n<div class=\"wp-block-group is-nowrap is-layout-flex wp-container-core-group-is-layout-ad2f72ca wp-block-group-is-layout-flex\">\n<h2 class=\"wp-block-heading\">Coordenadorias pol\u00edticas<\/h2>\n<\/div>\n\n\n\n<div style=\"height:35px\" aria-hidden=\"true\" class=\"wp-block-spacer\"><\/div>\n\n\n\n<div class=\"wp-block-columns is-layout-flex wp-container-core-columns-is-layout-9d6595d7 wp-block-columns-is-layout-flex\">\n<div class=\"wp-block-column is-layout-flow wp-block-column-is-layout-flow\">\n<ul class=\"wp-block-list\">\n<li>Coordenadoria de Patrim\u00f4nio Cultural e Mem\u00f3ria (Copam)<\/li>\n<\/ul>\n<\/div>\n\n\n\n<div class=\"wp-block-column is-layout-flow wp-block-column-is-layout-flow\">\n<ul class=\"wp-block-list\">\n<li>Coordenadoria de Pol\u00edticas<br>para as Artes (Coarte)<\/li>\n<\/ul>\n<\/div>\n\n\n\n<div class=\"wp-block-column is-layout-flow wp-block-column-is-layout-flow\">\n<ul class=\"wp-block-list\">\n<li>Coordenadoria de Forma\u00e7\u00e3o,<br>Livro e Leitura (CCFOL)<\/li>\n<\/ul>\n<\/div>\n<\/div>\n\n\n\n<div class=\"wp-block-columns is-layout-flex wp-container-core-columns-is-layout-9d6595d7 wp-block-columns-is-layout-flex\">\n<div class=\"wp-block-column is-layout-flow wp-block-column-is-layout-flow\">\n<ul class=\"wp-block-list\">\n<li>Coordenadoria de Cinema e Audiovisual (CCAVI)<\/li>\n<\/ul>\n<\/div>\n\n\n\n<div class=\"wp-block-column is-layout-flow wp-block-column-is-layout-flow\">\n<ul class=\"wp-block-list\">\n<li>Coordenadoria de Diversidade, Acessibilidade e Cidadania Cultural (Codac)<\/li>\n<\/ul>\n<\/div>\n\n\n\n<div class=\"wp-block-column is-layout-flow wp-block-column-is-layout-flow\">\n<ul class=\"wp-block-list\">\n<li>Coordenadoria da Rede P\u00fablica de Equipamentos Culturais do Cear\u00e1 (Copec)<\/li>\n<\/ul>\n<\/div>\n<\/div>\n\n\n\n<div class=\"wp-block-columns is-layout-flex wp-container-core-columns-is-layout-9d6595d7 wp-block-columns-is-layout-flex\">\n<div class=\"wp-block-column is-layout-flow wp-block-column-is-layout-flow\">\n<ul class=\"wp-block-list\">\n<li>Coordenadoria de Economia Criativa e Fomento Cultural (Coef)<\/li>\n<\/ul>\n<\/div>\n\n\n\n<div class=\"wp-block-column is-layout-flow wp-block-column-is-layout-flow\">\n<ul class=\"wp-block-list\">\n<li>Coordenadoria de Articula\u00e7\u00e3o Regional e Participa\u00e7\u00e3o (Copar)<\/li>\n<\/ul>\n<\/div>\n\n\n\n<div class=\"wp-block-column is-layout-flow wp-block-column-is-layout-flow\">\n<ul class=\"wp-block-list\">\n<li>Coordenadoria de Desenvolvimento Institucional e Planejamento (Codip)<\/li>\n<\/ul>\n<\/div>\n<\/div>\n\n\n\n<div class=\"wp-block-columns is-layout-flex wp-container-core-columns-is-layout-9d6595d7 wp-block-columns-is-layout-flex\">\n<div class=\"wp-block-column is-layout-flow wp-block-column-is-layout-flow\">\n<ul class=\"wp-block-list\">\n<li>Coordenadoria Administrativo-Financeira (Coafi)<\/li>\n<\/ul>\n<\/div>\n\n\n\n<div class=\"wp-block-column is-layout-flow wp-block-column-is-layout-flow\">\n<ul class=\"wp-block-list\">\n<li>Coordenadoria de Tecnologia da Informa\u00e7\u00e3o e Governan\u00e7a Digital (Cotig)<\/li>\n<\/ul>\n<\/div>\n\n\n\n<div class=\"wp-block-column is-layout-flow wp-block-column-is-layout-flow\"><\/div>\n<\/div>\n\n\n\n<p><\/p>\n","protected":false},"excerpt":{"rendered":"<p>A Lei de Cria\u00e7\u00e3o da Secretaria da Cultura do Cear\u00e1 A Secretaria da Cultura do Estado do Cear\u00e1 (Secult) \u00e9 a pasta estadual de cultura mais antiga do Brasil. A Secult foi criada pela Lei n\u00ba 8.541, de 9 de agosto de 1966, se desmembrando da Secretaria de Educa\u00e7\u00e3o, pelo ent\u00e3o governador do Estado, Virg\u00edlio [&hellip;]<\/p>\n","protected":false},"author":38,"featured_media":0,"parent":51447,"menu_order":0,"comment_status":"closed","ping_status":"closed","template":"","meta":{"_acf_changed":false,"inline_featured_image":false,"footnotes":""},"class_list":["post-52","page","type-page","status-publish","hentry"],"acf":[],"yoast_head":"<!-- This site is optimized with the Yoast SEO plugin v26.9 - https:\/\/yoast.com\/product\/yoast-seo-wordpress\/ -->\n<title>A Secretaria - Secult<\/title>\n<meta name=\"robots\" content=\"index, follow, max-snippet:-1, max-image-preview:large, max-video-preview:-1\" \/>\n<link rel=\"canonical\" href=\"https:\/\/ww16.ce.gov.br\/secult\/institucional\/a-secretaria\/\" \/>\n<meta property=\"og:locale\" content=\"pt_BR\" \/>\n<meta property=\"og:type\" content=\"article\" \/>\n<meta property=\"og:title\" content=\"A Secretaria - Secult\" \/>\n<meta property=\"og:description\" content=\"A Lei de Cria\u00e7\u00e3o da Secretaria da Cultura do Cear\u00e1 A Secretaria da Cultura do Estado do Cear\u00e1 (Secult) \u00e9 a pasta estadual de cultura mais antiga do Brasil. A Secult foi criada pela Lei n\u00ba 8.541, de 9 de agosto de 1966, se desmembrando da Secretaria de Educa\u00e7\u00e3o, pelo ent\u00e3o governador do Estado, Virg\u00edlio [&hellip;]\" \/>\n<meta property=\"og:url\" content=\"https:\/\/ww16.ce.gov.br\/secult\/institucional\/a-secretaria\/\" \/>\n<meta property=\"og:site_name\" content=\"Secult\" \/>\n<meta property=\"article:modified_time\" content=\"2026-02-27T17:17:38+00:00\" \/>\n<meta name=\"twitter:card\" content=\"summary_large_image\" \/>\n<meta name=\"twitter:label1\" content=\"Est. reading time\" \/>\n\t<meta name=\"twitter:data1\" content=\"2 minutos\" \/>\n<script type=\"application\/ld+json\" class=\"yoast-schema-graph\">{\"@context\":\"https:\/\/schema.org\",\"@graph\":[{\"@type\":\"WebPage\",\"@id\":\"https:\/\/ww16.ce.gov.br\/secult\/institucional\/a-secretaria\/\",\"url\":\"https:\/\/ww16.ce.gov.br\/secult\/institucional\/a-secretaria\/\",\"name\":\"A Secretaria - Secult\",\"isPartOf\":{\"@id\":\"https:\/\/ww16.ce.gov.br\/secult\/#website\"},\"datePublished\":\"2017-11-20T19:43:28+00:00\",\"dateModified\":\"2026-02-27T17:17:38+00:00\",\"breadcrumb\":{\"@id\":\"https:\/\/ww16.ce.gov.br\/secult\/institucional\/a-secretaria\/#breadcrumb\"},\"inLanguage\":\"pt-BR\",\"potentialAction\":[{\"@type\":\"ReadAction\",\"target\":[\"https:\/\/ww16.ce.gov.br\/secult\/institucional\/a-secretaria\/\"]}]},{\"@type\":\"BreadcrumbList\",\"@id\":\"https:\/\/ww16.ce.gov.br\/secult\/institucional\/a-secretaria\/#breadcrumb\",\"itemListElement\":[{\"@type\":\"ListItem\",\"position\":1,\"name\":\"In\u00edcio\",\"item\":\"https:\/\/ww16.ce.gov.br\/secult\/\"},{\"@type\":\"ListItem\",\"position\":2,\"name\":\"Institucional\",\"item\":\"https:\/\/ww16.ce.gov.br\/secult\/institucional\/\"},{\"@type\":\"ListItem\",\"position\":3,\"name\":\"A Secretaria\"}]},{\"@type\":\"WebSite\",\"@id\":\"https:\/\/ww16.ce.gov.br\/secult\/#website\",\"url\":\"https:\/\/ww16.ce.gov.br\/secult\/\",\"name\":\"Secretaria da Cultura\",\"description\":\"Portal Secult\",\"publisher\":{\"@id\":\"https:\/\/ww16.ce.gov.br\/secult\/#organization\"},\"potentialAction\":[{\"@type\":\"SearchAction\",\"target\":{\"@type\":\"EntryPoint\",\"urlTemplate\":\"https:\/\/ww16.ce.gov.br\/secult\/?s={search_term_string}\"},\"query-input\":{\"@type\":\"PropertyValueSpecification\",\"valueRequired\":true,\"valueName\":\"search_term_string\"}}],\"inLanguage\":\"pt-BR\"},{\"@type\":\"Organization\",\"@id\":\"https:\/\/ww16.ce.gov.br\/secult\/#organization\",\"name\":\"Secretaria da Cultura\",\"url\":\"https:\/\/ww16.ce.gov.br\/secult\/\",\"logo\":{\"@type\":\"ImageObject\",\"inLanguage\":\"pt-BR\",\"@id\":\"https:\/\/ww16.ce.gov.br\/secult\/#\/schema\/logo\/image\/\",\"url\":\"http:\/\/ww16.ce.gov.br\/secult\/wp-content\/uploads\/sites\/43\/2018\/05\/secult-clara-3.png\",\"contentUrl\":\"http:\/\/ww16.ce.gov.br\/secult\/wp-content\/uploads\/sites\/43\/2018\/05\/secult-clara-3.png\",\"width\":559,\"height\":106,\"caption\":\"Secretaria da Cultura\"},\"image\":{\"@id\":\"https:\/\/ww16.ce.gov.br\/secult\/#\/schema\/logo\/image\/\"}}]}<\/script>\n<!-- \/ Yoast SEO plugin. -->","yoast_head_json":{"title":"A Secretaria - Secult","robots":{"index":"index","follow":"follow","max-snippet":"max-snippet:-1","max-image-preview":"max-image-preview:large","max-video-preview":"max-video-preview:-1"},"canonical":"https:\/\/ww16.ce.gov.br\/secult\/institucional\/a-secretaria\/","og_locale":"pt_BR","og_type":"article","og_title":"A Secretaria - Secult","og_description":"A Lei de Cria\u00e7\u00e3o da Secretaria da Cultura do Cear\u00e1 A Secretaria da Cultura do Estado do Cear\u00e1 (Secult) \u00e9 a pasta estadual de cultura mais antiga do Brasil. A Secult foi criada pela Lei n\u00ba 8.541, de 9 de agosto de 1966, se desmembrando da Secretaria de Educa\u00e7\u00e3o, pelo ent\u00e3o governador do Estado, Virg\u00edlio [&hellip;]","og_url":"https:\/\/ww16.ce.gov.br\/secult\/institucional\/a-secretaria\/","og_site_name":"Secult","article_modified_time":"2026-02-27T17:17:38+00:00","twitter_card":"summary_large_image","twitter_misc":{"Est. reading time":"2 minutos"},"schema":{"@context":"https:\/\/schema.org","@graph":[{"@type":"WebPage","@id":"https:\/\/ww16.ce.gov.br\/secult\/institucional\/a-secretaria\/","url":"https:\/\/ww16.ce.gov.br\/secult\/institucional\/a-secretaria\/","name":"A Secretaria - Secult","isPartOf":{"@id":"https:\/\/ww16.ce.gov.br\/secult\/#website"},"datePublished":"2017-11-20T19:43:28+00:00","dateModified":"2026-02-27T17:17:38+00:00","breadcrumb":{"@id":"https:\/\/ww16.ce.gov.br\/secult\/institucional\/a-secretaria\/#breadcrumb"},"inLanguage":"pt-BR","potentialAction":[{"@type":"ReadAction","target":["https:\/\/ww16.ce.gov.br\/secult\/institucional\/a-secretaria\/"]}]},{"@type":"BreadcrumbList","@id":"https:\/\/ww16.ce.gov.br\/secult\/institucional\/a-secretaria\/#breadcrumb","itemListElement":[{"@type":"ListItem","position":1,"name":"In\u00edcio","item":"https:\/\/ww16.ce.gov.br\/secult\/"},{"@type":"ListItem","position":2,"name":"Institucional","item":"https:\/\/ww16.ce.gov.br\/secult\/institucional\/"},{"@type":"ListItem","position":3,"name":"A Secretaria"}]},{"@type":"WebSite","@id":"https:\/\/ww16.ce.gov.br\/secult\/#website","url":"https:\/\/ww16.ce.gov.br\/secult\/","name":"Secretaria da Cultura","description":"Portal Secult","publisher":{"@id":"https:\/\/ww16.ce.gov.br\/secult\/#organization"},"potentialAction":[{"@type":"SearchAction","target":{"@type":"EntryPoint","urlTemplate":"https:\/\/ww16.ce.gov.br\/secult\/?s={search_term_string}"},"query-input":{"@type":"PropertyValueSpecification","valueRequired":true,"valueName":"search_term_string"}}],"inLanguage":"pt-BR"},{"@type":"Organization","@id":"https:\/\/ww16.ce.gov.br\/secult\/#organization","name":"Secretaria da Cultura","url":"https:\/\/ww16.ce.gov.br\/secult\/","logo":{"@type":"ImageObject","inLanguage":"pt-BR","@id":"https:\/\/ww16.ce.gov.br\/secult\/#\/schema\/logo\/image\/","url":"http:\/\/ww16.ce.gov.br\/secult\/wp-content\/uploads\/sites\/43\/2018\/05\/secult-clara-3.png","contentUrl":"http:\/\/ww16.ce.gov.br\/secult\/wp-content\/uploads\/sites\/43\/2018\/05\/secult-clara-3.png","width":559,"height":106,"caption":"Secretaria da Cultura"},"image":{"@id":"https:\/\/ww16.ce.gov.br\/secult\/#\/schema\/logo\/image\/"}}]}},"_links":{"self":[{"href":"https:\/\/ww16.ce.gov.br\/secult\/wp-json\/wp\/v2\/pages\/52","targetHints":{"allow":["GET"]}}],"collection":[{"href":"https:\/\/ww16.ce.gov.br\/secult\/wp-json\/wp\/v2\/pages"}],"about":[{"href":"https:\/\/ww16.ce.gov.br\/secult\/wp-json\/wp\/v2\/types\/page"}],"author":[{"embeddable":true,"href":"https:\/\/ww16.ce.gov.br\/secult\/wp-json\/wp\/v2\/users\/38"}],"replies":[{"embeddable":true,"href":"https:\/\/ww16.ce.gov.br\/secult\/wp-json\/wp\/v2\/comments?post=52"}],"version-history":[{"count":67,"href":"https:\/\/ww16.ce.gov.br\/secult\/wp-json\/wp\/v2\/pages\/52\/revisions"}],"predecessor-version":[{"id":51389,"href":"https:\/\/ww16.ce.gov.br\/secult\/wp-json\/wp\/v2\/pages\/52\/revisions\/51389"}],"up":[{"embeddable":true,"href":"https:\/\/ww16.ce.gov.br\/secult\/wp-json\/wp\/v2\/pages\/51447"}],"wp:attachment":[{"href":"https:\/\/ww16.ce.gov.br\/secult\/wp-json\/wp\/v2\/media?parent=52"}],"curies":[{"name":"wp","href":"https:\/\/api.w.org\/{rel}","templated":true}]}}