{"id":49868,"date":"2026-01-09T12:47:11","date_gmt":"2026-01-09T15:47:11","guid":{"rendered":"http:\/\/ww16.ce.gov.br\/secult\/?page_id=49868"},"modified":"2026-03-12T12:01:41","modified_gmt":"2026-03-12T15:01:41","slug":"empresa-cearense-do-audiovisual","status":"publish","type":"page","link":"https:\/\/ww16.ce.gov.br\/secult\/politica\/eixos\/economia-da-cultura\/empresa-cearense-do-audiovisual\/","title":{"rendered":"Empresa Cearense do Audiovisual"},"content":{"rendered":"\n<p class=\"is-style-justified\">Criada pela Lei Estadual n.\u00ba 19.615\/2025, a <strong>Empresa Cearense do Audiovisual (ECAV)<\/strong> tem como objetivo explorar atividades econ\u00f4micas e culturais voltadas ao <strong>fortalecimento da cadeia produtiva, criativa e de inova\u00e7\u00e3o<\/strong> do setor cinematogr\u00e1fico e audiovisual no Estado do Cear\u00e1; atuar na distribui\u00e7\u00e3o, promo\u00e7\u00e3o e difus\u00e3o de conte\u00fados audiovisuais; atrair investimentos e fomentar a circula\u00e7\u00e3o de ativos de propriedade intelectual; prestar servi\u00e7os de <em>film commission<\/em>, al\u00e9m de executar a\u00e7\u00f5es de desenvolvimento institucional, forma\u00e7\u00e3o, pesquisa e articula\u00e7\u00e3o de pol\u00edticas p\u00fablicas voltadas \u00e0 promo\u00e7\u00e3o do audiovisual cearense.<\/p>\n\n\n\n<p class=\"is-style-justified\">Por demanda da <strong>Secult Cear\u00e1<\/strong>, a <strong>Funda\u00e7\u00e3o Instituto de Pesquisas Econ\u00f4micas (Fipe)<\/strong> realizou, ao longo de 2025, uma pesquisa de <strong>impacto socioecon\u00f4mico do setor audiovisual do Cear\u00e1<\/strong>. De acordo com dados do relat\u00f3rio da Fipe, o audiovisual no Cear\u00e1 demonstra alto desempenho. Para cada <strong>R$ 1,00 imputado no audiovisual cearense<\/strong> dentro da m\u00e9dia de suas atividades econ\u00f4micas em 2019, aumentou-se o produto da <strong>economia brasileira em R$ 3,10<\/strong>. \u00c9 um resultado melhor que o setor de \u201cAgricultura\u201d no Cear\u00e1 que retornou R$ 2,05 e pr\u00f3ximo do setor de \u201cConfec\u00e7\u00e3o de artefatos do vestu\u00e1rio e acess\u00f3rios\u201d (R$ 3,51) e \u201cConstru\u00e7\u00e3o\u201d (R$ 3,24) no mesmo ano apurado.<\/p>\n\n\n\n<p class=\"is-style-justified\">De acordo com dados da <strong>Ag\u00eancia Nacional de Cinema (Ancine)<\/strong> de 2025, o setor abrange 283 produtoras independentes, sendo 40 classificadas com n\u00edvel 2, 3 e 4 na Ancine (n\u00edveis que implicam maior capacidade de capta\u00e7\u00e3o de recursos federais para investimentos em produ\u00e7\u00f5es audiovisuais); 4 empresas com CNAE principal de distribui\u00e7\u00e3o e 658 organiza\u00e7\u00f5es da sociedade civil (OSCs). O cen\u00e1rio demonstra a capacidade do Cear\u00e1 como plataforma para o <strong>desenvolvimento regional por meio do audiovisual<\/strong>, seu potencial de difus\u00e3o e articula\u00e7\u00e3o de recursos p\u00fablicos e privados.<\/p>\n","protected":false},"excerpt":{"rendered":"<p>Criada pela Lei Estadual n.\u00ba 19.615\/2025, a Empresa Cearense do Audiovisual (ECAV) tem como objetivo explorar atividades econ\u00f4micas e culturais voltadas ao fortalecimento da cadeia produtiva, criativa e de inova\u00e7\u00e3o do setor cinematogr\u00e1fico e audiovisual no Estado do Cear\u00e1; atuar na distribui\u00e7\u00e3o, promo\u00e7\u00e3o e difus\u00e3o de conte\u00fados audiovisuais; atrair investimentos e fomentar a circula\u00e7\u00e3o de [&hellip;]<\/p>\n","protected":false},"author":708,"featured_media":0,"parent":6784,"menu_order":0,"comment_status":"closed","ping_status":"closed","template":"","meta":{"_acf_changed":false,"inline_featured_image":false,"footnotes":""},"class_list":["post-49868","page","type-page","status-publish","hentry"],"acf":[],"yoast_head":"<!-- This site is optimized with the Yoast SEO plugin v26.9 - https:\/\/yoast.com\/product\/yoast-seo-wordpress\/ -->\n<title>Empresa Cearense do Audiovisual - Secult<\/title>\n<meta name=\"robots\" content=\"index, follow, max-snippet:-1, max-image-preview:large, max-video-preview:-1\" \/>\n<link rel=\"canonical\" href=\"https:\/\/ww16.ce.gov.br\/secult\/politica\/eixos\/economia-da-cultura\/empresa-cearense-do-audiovisual\/\" \/>\n<meta property=\"og:locale\" content=\"pt_BR\" \/>\n<meta property=\"og:type\" content=\"article\" \/>\n<meta property=\"og:title\" content=\"Empresa Cearense do Audiovisual - Secult\" \/>\n<meta property=\"og:description\" content=\"Criada pela Lei Estadual n.\u00ba 19.615\/2025, a Empresa Cearense do Audiovisual (ECAV) tem como objetivo explorar atividades econ\u00f4micas e culturais voltadas ao fortalecimento da cadeia produtiva, criativa e de inova\u00e7\u00e3o do setor cinematogr\u00e1fico e audiovisual no Estado do Cear\u00e1; atuar na distribui\u00e7\u00e3o, promo\u00e7\u00e3o e difus\u00e3o de conte\u00fados audiovisuais; atrair investimentos e fomentar a circula\u00e7\u00e3o de [&hellip;]\" \/>\n<meta property=\"og:url\" content=\"https:\/\/ww16.ce.gov.br\/secult\/politica\/eixos\/economia-da-cultura\/empresa-cearense-do-audiovisual\/\" \/>\n<meta property=\"og:site_name\" content=\"Secult\" \/>\n<meta property=\"article:modified_time\" content=\"2026-03-12T15:01:41+00:00\" \/>\n<meta name=\"twitter:card\" content=\"summary_large_image\" \/>\n<meta name=\"twitter:label1\" content=\"Est. reading time\" \/>\n\t<meta name=\"twitter:data1\" content=\"2 minutos\" \/>\n<script type=\"application\/ld+json\" class=\"yoast-schema-graph\">{\"@context\":\"https:\/\/schema.org\",\"@graph\":[{\"@type\":\"WebPage\",\"@id\":\"https:\/\/ww16.ce.gov.br\/secult\/politica\/eixos\/economia-da-cultura\/empresa-cearense-do-audiovisual\/\",\"url\":\"https:\/\/ww16.ce.gov.br\/secult\/politica\/eixos\/economia-da-cultura\/empresa-cearense-do-audiovisual\/\",\"name\":\"Empresa Cearense do Audiovisual - Secult\",\"isPartOf\":{\"@id\":\"https:\/\/ww16.ce.gov.br\/secult\/#website\"},\"datePublished\":\"2026-01-09T15:47:11+00:00\",\"dateModified\":\"2026-03-12T15:01:41+00:00\",\"breadcrumb\":{\"@id\":\"https:\/\/ww16.ce.gov.br\/secult\/politica\/eixos\/economia-da-cultura\/empresa-cearense-do-audiovisual\/#breadcrumb\"},\"inLanguage\":\"pt-BR\",\"potentialAction\":[{\"@type\":\"ReadAction\",\"target\":[\"https:\/\/ww16.ce.gov.br\/secult\/politica\/eixos\/economia-da-cultura\/empresa-cearense-do-audiovisual\/\"]}]},{\"@type\":\"BreadcrumbList\",\"@id\":\"https:\/\/ww16.ce.gov.br\/secult\/politica\/eixos\/economia-da-cultura\/empresa-cearense-do-audiovisual\/#breadcrumb\",\"itemListElement\":[{\"@type\":\"ListItem\",\"position\":1,\"name\":\"In\u00edcio\",\"item\":\"https:\/\/ww16.ce.gov.br\/secult\/\"},{\"@type\":\"ListItem\",\"position\":2,\"name\":\"Pol\u00edtica\",\"item\":\"https:\/\/ww16.ce.gov.br\/secult\/politica\/\"},{\"@type\":\"ListItem\",\"position\":3,\"name\":\"Eixos\",\"item\":\"https:\/\/ww16.ce.gov.br\/secult\/politica\/eixos\/\"},{\"@type\":\"ListItem\",\"position\":4,\"name\":\"Economia da Cultura\",\"item\":\"https:\/\/ww16.ce.gov.br\/secult\/politica\/eixos\/economia-da-cultura\/\"},{\"@type\":\"ListItem\",\"position\":5,\"name\":\"Empresa Cearense do Audiovisual\"}]},{\"@type\":\"WebSite\",\"@id\":\"https:\/\/ww16.ce.gov.br\/secult\/#website\",\"url\":\"https:\/\/ww16.ce.gov.br\/secult\/\",\"name\":\"Secretaria da Cultura\",\"description\":\"Portal Secult\",\"publisher\":{\"@id\":\"https:\/\/ww16.ce.gov.br\/secult\/#organization\"},\"potentialAction\":[{\"@type\":\"SearchAction\",\"target\":{\"@type\":\"EntryPoint\",\"urlTemplate\":\"https:\/\/ww16.ce.gov.br\/secult\/?s={search_term_string}\"},\"query-input\":{\"@type\":\"PropertyValueSpecification\",\"valueRequired\":true,\"valueName\":\"search_term_string\"}}],\"inLanguage\":\"pt-BR\"},{\"@type\":\"Organization\",\"@id\":\"https:\/\/ww16.ce.gov.br\/secult\/#organization\",\"name\":\"Secretaria da Cultura\",\"url\":\"https:\/\/ww16.ce.gov.br\/secult\/\",\"logo\":{\"@type\":\"ImageObject\",\"inLanguage\":\"pt-BR\",\"@id\":\"https:\/\/ww16.ce.gov.br\/secult\/#\/schema\/logo\/image\/\",\"url\":\"http:\/\/ww16.ce.gov.br\/secult\/wp-content\/uploads\/sites\/43\/2018\/05\/secult-clara-3.png\",\"contentUrl\":\"http:\/\/ww16.ce.gov.br\/secult\/wp-content\/uploads\/sites\/43\/2018\/05\/secult-clara-3.png\",\"width\":559,\"height\":106,\"caption\":\"Secretaria da Cultura\"},\"image\":{\"@id\":\"https:\/\/ww16.ce.gov.br\/secult\/#\/schema\/logo\/image\/\"}}]}<\/script>\n<!-- \/ Yoast SEO plugin. -->","yoast_head_json":{"title":"Empresa Cearense do Audiovisual - Secult","robots":{"index":"index","follow":"follow","max-snippet":"max-snippet:-1","max-image-preview":"max-image-preview:large","max-video-preview":"max-video-preview:-1"},"canonical":"https:\/\/ww16.ce.gov.br\/secult\/politica\/eixos\/economia-da-cultura\/empresa-cearense-do-audiovisual\/","og_locale":"pt_BR","og_type":"article","og_title":"Empresa Cearense do Audiovisual - Secult","og_description":"Criada pela Lei Estadual n.\u00ba 19.615\/2025, a Empresa Cearense do Audiovisual (ECAV) tem como objetivo explorar atividades econ\u00f4micas e culturais voltadas ao fortalecimento da cadeia produtiva, criativa e de inova\u00e7\u00e3o do setor cinematogr\u00e1fico e audiovisual no Estado do Cear\u00e1; atuar na distribui\u00e7\u00e3o, promo\u00e7\u00e3o e difus\u00e3o de conte\u00fados audiovisuais; atrair investimentos e fomentar a circula\u00e7\u00e3o de [&hellip;]","og_url":"https:\/\/ww16.ce.gov.br\/secult\/politica\/eixos\/economia-da-cultura\/empresa-cearense-do-audiovisual\/","og_site_name":"Secult","article_modified_time":"2026-03-12T15:01:41+00:00","twitter_card":"summary_large_image","twitter_misc":{"Est. reading time":"2 minutos"},"schema":{"@context":"https:\/\/schema.org","@graph":[{"@type":"WebPage","@id":"https:\/\/ww16.ce.gov.br\/secult\/politica\/eixos\/economia-da-cultura\/empresa-cearense-do-audiovisual\/","url":"https:\/\/ww16.ce.gov.br\/secult\/politica\/eixos\/economia-da-cultura\/empresa-cearense-do-audiovisual\/","name":"Empresa Cearense do Audiovisual - Secult","isPartOf":{"@id":"https:\/\/ww16.ce.gov.br\/secult\/#website"},"datePublished":"2026-01-09T15:47:11+00:00","dateModified":"2026-03-12T15:01:41+00:00","breadcrumb":{"@id":"https:\/\/ww16.ce.gov.br\/secult\/politica\/eixos\/economia-da-cultura\/empresa-cearense-do-audiovisual\/#breadcrumb"},"inLanguage":"pt-BR","potentialAction":[{"@type":"ReadAction","target":["https:\/\/ww16.ce.gov.br\/secult\/politica\/eixos\/economia-da-cultura\/empresa-cearense-do-audiovisual\/"]}]},{"@type":"BreadcrumbList","@id":"https:\/\/ww16.ce.gov.br\/secult\/politica\/eixos\/economia-da-cultura\/empresa-cearense-do-audiovisual\/#breadcrumb","itemListElement":[{"@type":"ListItem","position":1,"name":"In\u00edcio","item":"https:\/\/ww16.ce.gov.br\/secult\/"},{"@type":"ListItem","position":2,"name":"Pol\u00edtica","item":"https:\/\/ww16.ce.gov.br\/secult\/politica\/"},{"@type":"ListItem","position":3,"name":"Eixos","item":"https:\/\/ww16.ce.gov.br\/secult\/politica\/eixos\/"},{"@type":"ListItem","position":4,"name":"Economia da Cultura","item":"https:\/\/ww16.ce.gov.br\/secult\/politica\/eixos\/economia-da-cultura\/"},{"@type":"ListItem","position":5,"name":"Empresa Cearense do Audiovisual"}]},{"@type":"WebSite","@id":"https:\/\/ww16.ce.gov.br\/secult\/#website","url":"https:\/\/ww16.ce.gov.br\/secult\/","name":"Secretaria da Cultura","description":"Portal Secult","publisher":{"@id":"https:\/\/ww16.ce.gov.br\/secult\/#organization"},"potentialAction":[{"@type":"SearchAction","target":{"@type":"EntryPoint","urlTemplate":"https:\/\/ww16.ce.gov.br\/secult\/?s={search_term_string}"},"query-input":{"@type":"PropertyValueSpecification","valueRequired":true,"valueName":"search_term_string"}}],"inLanguage":"pt-BR"},{"@type":"Organization","@id":"https:\/\/ww16.ce.gov.br\/secult\/#organization","name":"Secretaria da Cultura","url":"https:\/\/ww16.ce.gov.br\/secult\/","logo":{"@type":"ImageObject","inLanguage":"pt-BR","@id":"https:\/\/ww16.ce.gov.br\/secult\/#\/schema\/logo\/image\/","url":"http:\/\/ww16.ce.gov.br\/secult\/wp-content\/uploads\/sites\/43\/2018\/05\/secult-clara-3.png","contentUrl":"http:\/\/ww16.ce.gov.br\/secult\/wp-content\/uploads\/sites\/43\/2018\/05\/secult-clara-3.png","width":559,"height":106,"caption":"Secretaria da Cultura"},"image":{"@id":"https:\/\/ww16.ce.gov.br\/secult\/#\/schema\/logo\/image\/"}}]}},"_links":{"self":[{"href":"https:\/\/ww16.ce.gov.br\/secult\/wp-json\/wp\/v2\/pages\/49868","targetHints":{"allow":["GET"]}}],"collection":[{"href":"https:\/\/ww16.ce.gov.br\/secult\/wp-json\/wp\/v2\/pages"}],"about":[{"href":"https:\/\/ww16.ce.gov.br\/secult\/wp-json\/wp\/v2\/types\/page"}],"author":[{"embeddable":true,"href":"https:\/\/ww16.ce.gov.br\/secult\/wp-json\/wp\/v2\/users\/708"}],"replies":[{"embeddable":true,"href":"https:\/\/ww16.ce.gov.br\/secult\/wp-json\/wp\/v2\/comments?post=49868"}],"version-history":[{"count":3,"href":"https:\/\/ww16.ce.gov.br\/secult\/wp-json\/wp\/v2\/pages\/49868\/revisions"}],"predecessor-version":[{"id":51524,"href":"https:\/\/ww16.ce.gov.br\/secult\/wp-json\/wp\/v2\/pages\/49868\/revisions\/51524"}],"up":[{"embeddable":true,"href":"https:\/\/ww16.ce.gov.br\/secult\/wp-json\/wp\/v2\/pages\/6784"}],"wp:attachment":[{"href":"https:\/\/ww16.ce.gov.br\/secult\/wp-json\/wp\/v2\/media?parent=49868"}],"curies":[{"name":"wp","href":"https:\/\/api.w.org\/{rel}","templated":true}]}}