{"id":48704,"date":"2025-12-01T10:56:33","date_gmt":"2025-12-01T13:56:33","guid":{"rendered":"http:\/\/ww16.ce.gov.br\/secult\/?page_id=48704"},"modified":"2025-12-01T11:01:09","modified_gmt":"2025-12-01T14:01:09","slug":"farol-do-mucuripe","status":"publish","type":"page","link":"https:\/\/ww16.ce.gov.br\/secult\/farol-do-mucuripe\/","title":{"rendered":"Farol do Mucuripe"},"content":{"rendered":"<div style=\"font-size: 1.2em\">\n<h2 style=\"text-align: center\"><span style=\"color: #fc6836\"><strong>Farol do Mucuripe<\/strong><\/span><\/h2>\n<p style=\"text-align: center\"><img loading=\"lazy\" decoding=\"async\" class=\"alignnone size-large wp-image-48706\" src=\"https:\/\/ww16.ce.gov.br\/secult\/wp-content\/uploads\/sites\/83\/2025\/12\/@LucasCalisto-6-1200x800.jpg\" alt=\"\" width=\"690\" height=\"460\" srcset=\"https:\/\/ww16.ce.gov.br\/secult\/wp-content\/uploads\/sites\/83\/2025\/12\/@LucasCalisto-6-1200x800.jpg 1200w, https:\/\/ww16.ce.gov.br\/secult\/wp-content\/uploads\/sites\/83\/2025\/12\/@LucasCalisto-6-600x400.jpg 600w, https:\/\/ww16.ce.gov.br\/secult\/wp-content\/uploads\/sites\/83\/2025\/12\/@LucasCalisto-6-768x512.jpg 768w, https:\/\/ww16.ce.gov.br\/secult\/wp-content\/uploads\/sites\/83\/2025\/12\/@LucasCalisto-6-1536x1024.jpg 1536w, https:\/\/ww16.ce.gov.br\/secult\/wp-content\/uploads\/sites\/83\/2025\/12\/@LucasCalisto-6-2048x1365.jpg 2048w\" sizes=\"auto, (max-width: 690px) 100vw, 690px\" \/><br \/>\n<span style=\"color: #066f32\"><em><strong>(Foto: Lucas Calisto)<\/strong><\/em><\/span><\/p>\n<p>S\u00edmbolo presente na pr\u00f3pria bandeira do Cear\u00e1, o Farol do Mucuripe voltou a iluminar o c\u00e9u de Fortaleza ap\u00f3s passar por uma ampla restaura\u00e7\u00e3o, entregue pelo Governo do Estado em 5 de outubro de 2025.<\/p>\n<p>&nbsp;<\/p>\n<ul class=\"ListaDecorada\">\n<li><a href=\"https:\/\/ww16.ce.gov.br\/secult\/2025\/10\/06\/simbolo-do-ceara-governo-do-estado-entrega-farol-do-mucuripe-restaurado-a-populacao-cearense\/\">S\u00edmbolo do Cear\u00e1: Governo do Estado entrega Farol do Mucuripe restaurado \u00e0 popula\u00e7\u00e3o cearense<\/a><\/li>\n<\/ul>\n<p>&nbsp;<\/p>\n<p>Constru\u00eddo entre 1840 e 1846, o espa\u00e7o \u00e9 um marco hist\u00f3rico e cultural do povo cearense. Com sua luz novamente acesa, o Farol do Mucuripe reafirma seu papel como patrim\u00f4nio vivo, guardi\u00e3o da mem\u00f3ria mar\u00edtima e s\u00edmbolo de futuro para todas e todos os cearenses.<\/p>\n<\/div>\n","protected":false},"excerpt":{"rendered":"<p>Farol do Mucuripe (Foto: Lucas Calisto) S\u00edmbolo presente na pr\u00f3pria bandeira do Cear\u00e1, o Farol do Mucuripe voltou a iluminar o c\u00e9u de Fortaleza ap\u00f3s passar por uma ampla restaura\u00e7\u00e3o, entregue pelo Governo do Estado em 5 de outubro de 2025. &nbsp; S\u00edmbolo do Cear\u00e1: Governo do Estado entrega Farol do Mucuripe restaurado \u00e0 popula\u00e7\u00e3o [&hellip;]<\/p>\n","protected":false},"author":708,"featured_media":48706,"parent":0,"menu_order":0,"comment_status":"closed","ping_status":"closed","template":"","meta":{"_acf_changed":false,"inline_featured_image":false,"footnotes":""},"class_list":["post-48704","page","type-page","status-publish","has-post-thumbnail","hentry"],"acf":[],"yoast_head":"<!-- This site is optimized with the Yoast SEO plugin v26.9 - https:\/\/yoast.com\/product\/yoast-seo-wordpress\/ -->\n<title>Farol do Mucuripe - Secult<\/title>\n<meta name=\"robots\" content=\"index, follow, max-snippet:-1, max-image-preview:large, max-video-preview:-1\" \/>\n<link rel=\"canonical\" href=\"https:\/\/ww16.ce.gov.br\/secult\/farol-do-mucuripe\/\" \/>\n<meta property=\"og:locale\" content=\"pt_BR\" \/>\n<meta property=\"og:type\" content=\"article\" \/>\n<meta property=\"og:title\" content=\"Farol do Mucuripe - Secult\" \/>\n<meta property=\"og:description\" content=\"Farol do Mucuripe (Foto: Lucas Calisto) S\u00edmbolo presente na pr\u00f3pria bandeira do Cear\u00e1, o Farol do Mucuripe voltou a iluminar o c\u00e9u de Fortaleza ap\u00f3s passar por uma ampla restaura\u00e7\u00e3o, entregue pelo Governo do Estado em 5 de outubro de 2025. &nbsp; S\u00edmbolo do Cear\u00e1: Governo do Estado entrega Farol do Mucuripe restaurado \u00e0 popula\u00e7\u00e3o [&hellip;]\" \/>\n<meta property=\"og:url\" content=\"https:\/\/ww16.ce.gov.br\/secult\/farol-do-mucuripe\/\" \/>\n<meta property=\"og:site_name\" content=\"Secult\" \/>\n<meta property=\"article:modified_time\" content=\"2025-12-01T14:01:09+00:00\" \/>\n<meta property=\"og:image\" content=\"https:\/\/ww16.ce.gov.br\/secult\/wp-content\/uploads\/sites\/83\/2025\/12\/@LucasCalisto-6-scaled.jpg\" \/>\n\t<meta property=\"og:image:width\" content=\"2560\" \/>\n\t<meta property=\"og:image:height\" content=\"1707\" \/>\n\t<meta property=\"og:image:type\" content=\"image\/jpeg\" \/>\n<meta name=\"twitter:card\" content=\"summary_large_image\" \/>\n<meta name=\"twitter:label1\" content=\"Est. reading time\" \/>\n\t<meta name=\"twitter:data1\" content=\"1 minuto\" \/>\n<script type=\"application\/ld+json\" class=\"yoast-schema-graph\">{\"@context\":\"https:\/\/schema.org\",\"@graph\":[{\"@type\":\"WebPage\",\"@id\":\"https:\/\/ww16.ce.gov.br\/secult\/farol-do-mucuripe\/\",\"url\":\"https:\/\/ww16.ce.gov.br\/secult\/farol-do-mucuripe\/\",\"name\":\"Farol do Mucuripe - Secult\",\"isPartOf\":{\"@id\":\"https:\/\/ww16.ce.gov.br\/secult\/#website\"},\"primaryImageOfPage\":{\"@id\":\"https:\/\/ww16.ce.gov.br\/secult\/farol-do-mucuripe\/#primaryimage\"},\"image\":{\"@id\":\"https:\/\/ww16.ce.gov.br\/secult\/farol-do-mucuripe\/#primaryimage\"},\"thumbnailUrl\":\"https:\/\/ww16.ce.gov.br\/secult\/wp-content\/uploads\/sites\/83\/2025\/12\/@LucasCalisto-6-scaled.jpg\",\"datePublished\":\"2025-12-01T13:56:33+00:00\",\"dateModified\":\"2025-12-01T14:01:09+00:00\",\"breadcrumb\":{\"@id\":\"https:\/\/ww16.ce.gov.br\/secult\/farol-do-mucuripe\/#breadcrumb\"},\"inLanguage\":\"pt-BR\",\"potentialAction\":[{\"@type\":\"ReadAction\",\"target\":[\"https:\/\/ww16.ce.gov.br\/secult\/farol-do-mucuripe\/\"]}]},{\"@type\":\"ImageObject\",\"inLanguage\":\"pt-BR\",\"@id\":\"https:\/\/ww16.ce.gov.br\/secult\/farol-do-mucuripe\/#primaryimage\",\"url\":\"https:\/\/ww16.ce.gov.br\/secult\/wp-content\/uploads\/sites\/83\/2025\/12\/@LucasCalisto-6-scaled.jpg\",\"contentUrl\":\"https:\/\/ww16.ce.gov.br\/secult\/wp-content\/uploads\/sites\/83\/2025\/12\/@LucasCalisto-6-scaled.jpg\",\"width\":2560,\"height\":1707},{\"@type\":\"BreadcrumbList\",\"@id\":\"https:\/\/ww16.ce.gov.br\/secult\/farol-do-mucuripe\/#breadcrumb\",\"itemListElement\":[{\"@type\":\"ListItem\",\"position\":1,\"name\":\"In\u00edcio\",\"item\":\"https:\/\/ww16.ce.gov.br\/secult\/\"},{\"@type\":\"ListItem\",\"position\":2,\"name\":\"Farol do Mucuripe\"}]},{\"@type\":\"WebSite\",\"@id\":\"https:\/\/ww16.ce.gov.br\/secult\/#website\",\"url\":\"https:\/\/ww16.ce.gov.br\/secult\/\",\"name\":\"Secretaria da Cultura\",\"description\":\"Portal Secult\",\"publisher\":{\"@id\":\"https:\/\/ww16.ce.gov.br\/secult\/#organization\"},\"potentialAction\":[{\"@type\":\"SearchAction\",\"target\":{\"@type\":\"EntryPoint\",\"urlTemplate\":\"https:\/\/ww16.ce.gov.br\/secult\/?s={search_term_string}\"},\"query-input\":{\"@type\":\"PropertyValueSpecification\",\"valueRequired\":true,\"valueName\":\"search_term_string\"}}],\"inLanguage\":\"pt-BR\"},{\"@type\":\"Organization\",\"@id\":\"https:\/\/ww16.ce.gov.br\/secult\/#organization\",\"name\":\"Secretaria da Cultura\",\"url\":\"https:\/\/ww16.ce.gov.br\/secult\/\",\"logo\":{\"@type\":\"ImageObject\",\"inLanguage\":\"pt-BR\",\"@id\":\"https:\/\/ww16.ce.gov.br\/secult\/#\/schema\/logo\/image\/\",\"url\":\"http:\/\/ww16.ce.gov.br\/secult\/wp-content\/uploads\/sites\/43\/2018\/05\/secult-clara-3.png\",\"contentUrl\":\"http:\/\/ww16.ce.gov.br\/secult\/wp-content\/uploads\/sites\/43\/2018\/05\/secult-clara-3.png\",\"width\":559,\"height\":106,\"caption\":\"Secretaria da Cultura\"},\"image\":{\"@id\":\"https:\/\/ww16.ce.gov.br\/secult\/#\/schema\/logo\/image\/\"}}]}<\/script>\n<!-- \/ Yoast SEO plugin. -->","yoast_head_json":{"title":"Farol do Mucuripe - Secult","robots":{"index":"index","follow":"follow","max-snippet":"max-snippet:-1","max-image-preview":"max-image-preview:large","max-video-preview":"max-video-preview:-1"},"canonical":"https:\/\/ww16.ce.gov.br\/secult\/farol-do-mucuripe\/","og_locale":"pt_BR","og_type":"article","og_title":"Farol do Mucuripe - Secult","og_description":"Farol do Mucuripe (Foto: Lucas Calisto) S\u00edmbolo presente na pr\u00f3pria bandeira do Cear\u00e1, o Farol do Mucuripe voltou a iluminar o c\u00e9u de Fortaleza ap\u00f3s passar por uma ampla restaura\u00e7\u00e3o, entregue pelo Governo do Estado em 5 de outubro de 2025. &nbsp; S\u00edmbolo do Cear\u00e1: Governo do Estado entrega Farol do Mucuripe restaurado \u00e0 popula\u00e7\u00e3o [&hellip;]","og_url":"https:\/\/ww16.ce.gov.br\/secult\/farol-do-mucuripe\/","og_site_name":"Secult","article_modified_time":"2025-12-01T14:01:09+00:00","og_image":[{"width":2560,"height":1707,"url":"https:\/\/ww16.ce.gov.br\/secult\/wp-content\/uploads\/sites\/83\/2025\/12\/@LucasCalisto-6-scaled.jpg","type":"image\/jpeg"}],"twitter_card":"summary_large_image","twitter_misc":{"Est. reading time":"1 minuto"},"schema":{"@context":"https:\/\/schema.org","@graph":[{"@type":"WebPage","@id":"https:\/\/ww16.ce.gov.br\/secult\/farol-do-mucuripe\/","url":"https:\/\/ww16.ce.gov.br\/secult\/farol-do-mucuripe\/","name":"Farol do Mucuripe - Secult","isPartOf":{"@id":"https:\/\/ww16.ce.gov.br\/secult\/#website"},"primaryImageOfPage":{"@id":"https:\/\/ww16.ce.gov.br\/secult\/farol-do-mucuripe\/#primaryimage"},"image":{"@id":"https:\/\/ww16.ce.gov.br\/secult\/farol-do-mucuripe\/#primaryimage"},"thumbnailUrl":"https:\/\/ww16.ce.gov.br\/secult\/wp-content\/uploads\/sites\/83\/2025\/12\/@LucasCalisto-6-scaled.jpg","datePublished":"2025-12-01T13:56:33+00:00","dateModified":"2025-12-01T14:01:09+00:00","breadcrumb":{"@id":"https:\/\/ww16.ce.gov.br\/secult\/farol-do-mucuripe\/#breadcrumb"},"inLanguage":"pt-BR","potentialAction":[{"@type":"ReadAction","target":["https:\/\/ww16.ce.gov.br\/secult\/farol-do-mucuripe\/"]}]},{"@type":"ImageObject","inLanguage":"pt-BR","@id":"https:\/\/ww16.ce.gov.br\/secult\/farol-do-mucuripe\/#primaryimage","url":"https:\/\/ww16.ce.gov.br\/secult\/wp-content\/uploads\/sites\/83\/2025\/12\/@LucasCalisto-6-scaled.jpg","contentUrl":"https:\/\/ww16.ce.gov.br\/secult\/wp-content\/uploads\/sites\/83\/2025\/12\/@LucasCalisto-6-scaled.jpg","width":2560,"height":1707},{"@type":"BreadcrumbList","@id":"https:\/\/ww16.ce.gov.br\/secult\/farol-do-mucuripe\/#breadcrumb","itemListElement":[{"@type":"ListItem","position":1,"name":"In\u00edcio","item":"https:\/\/ww16.ce.gov.br\/secult\/"},{"@type":"ListItem","position":2,"name":"Farol do Mucuripe"}]},{"@type":"WebSite","@id":"https:\/\/ww16.ce.gov.br\/secult\/#website","url":"https:\/\/ww16.ce.gov.br\/secult\/","name":"Secretaria da Cultura","description":"Portal Secult","publisher":{"@id":"https:\/\/ww16.ce.gov.br\/secult\/#organization"},"potentialAction":[{"@type":"SearchAction","target":{"@type":"EntryPoint","urlTemplate":"https:\/\/ww16.ce.gov.br\/secult\/?s={search_term_string}"},"query-input":{"@type":"PropertyValueSpecification","valueRequired":true,"valueName":"search_term_string"}}],"inLanguage":"pt-BR"},{"@type":"Organization","@id":"https:\/\/ww16.ce.gov.br\/secult\/#organization","name":"Secretaria da Cultura","url":"https:\/\/ww16.ce.gov.br\/secult\/","logo":{"@type":"ImageObject","inLanguage":"pt-BR","@id":"https:\/\/ww16.ce.gov.br\/secult\/#\/schema\/logo\/image\/","url":"http:\/\/ww16.ce.gov.br\/secult\/wp-content\/uploads\/sites\/43\/2018\/05\/secult-clara-3.png","contentUrl":"http:\/\/ww16.ce.gov.br\/secult\/wp-content\/uploads\/sites\/43\/2018\/05\/secult-clara-3.png","width":559,"height":106,"caption":"Secretaria da Cultura"},"image":{"@id":"https:\/\/ww16.ce.gov.br\/secult\/#\/schema\/logo\/image\/"}}]}},"_links":{"self":[{"href":"https:\/\/ww16.ce.gov.br\/secult\/wp-json\/wp\/v2\/pages\/48704","targetHints":{"allow":["GET"]}}],"collection":[{"href":"https:\/\/ww16.ce.gov.br\/secult\/wp-json\/wp\/v2\/pages"}],"about":[{"href":"https:\/\/ww16.ce.gov.br\/secult\/wp-json\/wp\/v2\/types\/page"}],"author":[{"embeddable":true,"href":"https:\/\/ww16.ce.gov.br\/secult\/wp-json\/wp\/v2\/users\/708"}],"replies":[{"embeddable":true,"href":"https:\/\/ww16.ce.gov.br\/secult\/wp-json\/wp\/v2\/comments?post=48704"}],"version-history":[{"count":8,"href":"https:\/\/ww16.ce.gov.br\/secult\/wp-json\/wp\/v2\/pages\/48704\/revisions"}],"predecessor-version":[{"id":48714,"href":"https:\/\/ww16.ce.gov.br\/secult\/wp-json\/wp\/v2\/pages\/48704\/revisions\/48714"}],"wp:featuredmedia":[{"embeddable":true,"href":"https:\/\/ww16.ce.gov.br\/secult\/wp-json\/wp\/v2\/media\/48706"}],"wp:attachment":[{"href":"https:\/\/ww16.ce.gov.br\/secult\/wp-json\/wp\/v2\/media?parent=48704"}],"curies":[{"name":"wp","href":"https:\/\/api.w.org\/{rel}","templated":true}]}}