{"id":48484,"date":"2025-11-26T13:26:01","date_gmt":"2025-11-26T16:26:01","guid":{"rendered":"http:\/\/ww16.ce.gov.br\/secult\/?page_id=48484"},"modified":"2026-05-13T14:31:48","modified_gmt":"2026-05-13T17:31:48","slug":"encontro-2024","status":"publish","type":"page","link":"https:\/\/ww16.ce.gov.br\/secult\/politica\/eixos\/patrimonio\/imaterial\/encontro-mestres-do-mundo\/encontro-2024\/","title":{"rendered":"Encontro Mestres do Mundo 2024"},"content":{"rendered":"<h1 style=\"text-align: center\"><span style=\"color: #fc6836\"><strong>XVI Encontro Mestres do Mundo<\/strong><\/span><\/h1>\n<p><img loading=\"lazy\" decoding=\"async\" class=\"aligncenter wp-image-48545\" src=\"https:\/\/ww16.ce.gov.br\/secult\/wp-content\/uploads\/sites\/83\/2025\/11\/1-DIA-MANHA-@Calisto-111-scaled.jpg\" alt=\"\" width=\"1061\" height=\"707\" srcset=\"https:\/\/ww16.ce.gov.br\/secult\/wp-content\/uploads\/sites\/83\/2025\/11\/1-DIA-MANHA-@Calisto-111-scaled.jpg 2560w, https:\/\/ww16.ce.gov.br\/secult\/wp-content\/uploads\/sites\/83\/2025\/11\/1-DIA-MANHA-@Calisto-111-600x400.jpg 600w, https:\/\/ww16.ce.gov.br\/secult\/wp-content\/uploads\/sites\/83\/2025\/11\/1-DIA-MANHA-@Calisto-111-1200x800.jpg 1200w, https:\/\/ww16.ce.gov.br\/secult\/wp-content\/uploads\/sites\/83\/2025\/11\/1-DIA-MANHA-@Calisto-111-768x512.jpg 768w, https:\/\/ww16.ce.gov.br\/secult\/wp-content\/uploads\/sites\/83\/2025\/11\/1-DIA-MANHA-@Calisto-111-1536x1024.jpg 1536w, https:\/\/ww16.ce.gov.br\/secult\/wp-content\/uploads\/sites\/83\/2025\/11\/1-DIA-MANHA-@Calisto-111-2048x1365.jpg 2048w\" sizes=\"auto, (max-width: 1061px) 100vw, 1061px\" \/><\/p>\n<div style=\"text-align: justify\">\n<h2 style=\"text-align: center\"><strong>XVI Encontro Mestres do Mundo celebra os saberes dos guardi\u00f5es da mem\u00f3ria e valoriza os ciclos de vida da natureza<\/strong><\/h2>\n<p>&nbsp;<\/p>\n<p>Cada \u00e1rvore, um s\u00edmbolo de vida. Cada mestre, um saber a cultivar. Entre os dias <strong>5 e 7 de dezembro de 2024<\/strong>, o Governo do Cear\u00e1, por meio da Secretaria da Cultura (Secult) e do Centro Cultural do Cariri S\u00e9rvulo Esmeraldo, em parceria com o Instituto Mirante de Cultura e Arte, realizou o <strong>XVI Encontro Mestres do Mundo<\/strong>. Com <strong>mais de 30 atividades<\/strong>, a programa\u00e7\u00e3o integrou as pr\u00e1ticas dos saberes e fazeres ancestrais de mestres e mestras da cultura, comunidades tradicionais, culturas ind\u00edgenas e afro-brasileiras.<\/p>\n<p>&nbsp;<\/p>\n<p>Em constante di\u00e1logo com a contemporaneidade, esta 16\u00aa edi\u00e7\u00e3o foi composta por rodas de saberes, homenagens, terreiradas, oficinas, shows musicais, mesas tem\u00e1ticas, feiras da economia criativa e o tradicional cortejo de abertura que abra\u00e7ou as diversas manifesta\u00e7\u00f5es dos Tesouro Vivos do nosso estado. Outro destaque de 2024 foi o Simp\u00f3sio de Patrim\u00f4nio Imaterial, organizado em conjunto com o Minist\u00e9rio da Cultura (MinC).<\/p>\n<p>&nbsp;<\/p>\n<h3><strong>Tesouros Vivos da Cultura do Cear\u00e1 \u2013 20 anos de futuro<\/strong><\/h3>\n<p>&nbsp;<\/p>\n<p>Realizado desde 2005, o Encontro Mestres do Mundo \u00e9 uma iniciativa de abrangente interioriza\u00e7\u00e3o da cultura cearense. Em 15 edi\u00e7\u00f5es, o Encontro j\u00e1 foi acolhido pelas cidades de Fortaleza, Quixad\u00e1, Aquiraz, Limoeiro do Norte, Jaguaruana, S\u00e3o Jo\u00e3o do Jaguaribe, Russas, Barbalha, Juazeiro do Norte e Crato e Porteiras.<\/p>\n<\/div>\n<p>&nbsp;<\/p>\n<p>A cada edi\u00e7\u00e3o, avan\u00e7a como territ\u00f3rio de Encontro dos Mestres e Mestras da Cultura, grupos e coletividades titulados como Tesouros Vivos da Cultura do Cear\u00e1. O evento promove um abrangente di\u00e1logo entre os Tesouros Vivos e brincantes, estudantes, professores, pesquisadores, moradores e mestres de outros estados e pa\u00edses, com uma programa\u00e7\u00e3o voltada ao encontro e troca de saberes.<\/p>\n<div style=\"text-align: justify\">\n<p>&nbsp;<\/p>\n<p>O aperfei\u00e7oamento da pol\u00edtica veio com a Lei Estadual 13.842, de 27 de novembro de 2006, que instituiu o registro dos \u201cTesouros Vivos da Cultura\u201d no Cear\u00e1, normatizando o processo de sele\u00e7\u00e3o. Voltada para o reconhecimento dos saberes e fazeres dos mestres e mestras da cultura tradicional e popular, a normativa passou a reconhecer, al\u00e9m das pessoas naturais, os grupos e as coletividades dotados de conhecimentos e t\u00e9cnicas de atividades culturais de elevado grau de maestria, constituindo importante referencial da Cultura Cearense. O programa Mestres da Cultura se tornou um referencial do Cear\u00e1 para o Brasil recebendo, \u00e0 \u00e9poca de sua cria\u00e7\u00e3o, pr\u00eamio do Minist\u00e9rio da Cultura, pela qualidade e pelos efeitos da iniciativa.<\/p>\n<p>&nbsp;<\/p>\n<p style=\"text-align: center\"><em><img loading=\"lazy\" decoding=\"async\" class=\"aligncenter wp-image-48568\" src=\"https:\/\/ww16.ce.gov.br\/secult\/wp-content\/uploads\/sites\/83\/2025\/11\/DSC01988-scaled.jpg\" alt=\"\" width=\"1047\" height=\"698\" srcset=\"https:\/\/ww16.ce.gov.br\/secult\/wp-content\/uploads\/sites\/83\/2025\/11\/DSC01988-scaled.jpg 2560w, https:\/\/ww16.ce.gov.br\/secult\/wp-content\/uploads\/sites\/83\/2025\/11\/DSC01988-600x400.jpg 600w, https:\/\/ww16.ce.gov.br\/secult\/wp-content\/uploads\/sites\/83\/2025\/11\/DSC01988-1200x800.jpg 1200w, https:\/\/ww16.ce.gov.br\/secult\/wp-content\/uploads\/sites\/83\/2025\/11\/DSC01988-768x512.jpg 768w, https:\/\/ww16.ce.gov.br\/secult\/wp-content\/uploads\/sites\/83\/2025\/11\/DSC01988-1536x1024.jpg 1536w, https:\/\/ww16.ce.gov.br\/secult\/wp-content\/uploads\/sites\/83\/2025\/11\/DSC01988-2048x1365.jpg 2048w\" sizes=\"auto, (max-width: 1047px) 100vw, 1047px\" \/>Solenidade de Abertura do XVI Encontro Mestres do Mundo Foto: Lucas Calisto<\/em><\/p>\n<p>&nbsp;<\/p>\n<p>Os mestres e mestras s\u00e3o reconhecidos como detentores e transmissores de tradi\u00e7\u00f5es, da hist\u00f3ria e da identidade, atuando no repasse de seus saberes e experi\u00eancias \u00e0s novas gera\u00e7\u00f5es. S\u00e3o selecionados pela Coordenadoria de Patrim\u00f4nio Cultural e Mem\u00f3ria (Copam), da Secult Cear\u00e1, ap\u00f3s apresenta\u00e7\u00e3o de propostas pelas candidatas e pelos candidatos. Os Mestres e as Mestras da Cultura passam, ent\u00e3o, a contar com reconhecimento institucional e recebem um subs\u00eddio no valor de um sal\u00e1rio m\u00ednimo mensal, como aux\u00edlio para a manuten\u00e7\u00e3o de suas atividades e para a transmiss\u00e3o de seus saberes e fazeres.<\/p>\n<p>&nbsp;<\/p>\n<p>Em 2017, o ent\u00e3o governador Camilo Santana sancionou lei que aumentou para 80 o n\u00famero m\u00e1ximo de pessoas naturais contempladas com o t\u00edtulo de Mestres e Mestras da Cultura. J\u00e1 em 2022, a ent\u00e3o governadora Izolda Cela ampliou para 100 esse n\u00famero, contribuindo para o reconhecimento, a prote\u00e7\u00e3o e a valoriza\u00e7\u00e3o da diversidade dos conhecimentos, fazeres e express\u00f5es das culturas populares e tradicionais no Cear\u00e1. Ainda em 2022, tamb\u00e9m foi sancionado o C\u00f3digo do Patrim\u00f4nio Cultural do Cear\u00e1, que atualiza os conceitos, as formas de acesso, os direitos e deveres do Registro dos Tesouros Vivos da Cultura cearense.<\/p>\n<p>&nbsp;<\/p>\n<h3><strong>Resguardar saberes<\/strong><\/h3>\n<p>&nbsp;<\/p>\n<p>O objetivo da Pol\u00edtica dos Tesouros Vivos, na sua funda\u00e7\u00e3o, foi resguardar os saberes que fazem a identidade dos cearenses. Junto a isto, ao longo dos anos surgiu o Programa Mestres nas escolas, Programa Mestre, Presente! e o diploma de not\u00f3rio saber, conferido pela Universidade Estadual do Cear\u00e1. Ao preservar um Patrim\u00f4nio como Tesouro Vivo, \u00e9 definindo o que acompanhar\u00e1 a sociedade cearense durante os pr\u00f3ximos anos, que dir\u00e1 quem somos e o que queremos ser. Na primeira titula\u00e7\u00e3o, em 2004, a Mestra L\u00facia foi diplomada, reconhecendo n\u00e3o somente a sua obra, mas estabelecendo a garantia de que, no futuro, o seu trabalho de ceramista continuar\u00e1 no cerne da sociedade cearense.<\/p>\n<\/div>\n","protected":false},"excerpt":{"rendered":"<p>XVI Encontro Mestres do Mundo XVI Encontro Mestres do Mundo celebra os saberes dos guardi\u00f5es da mem\u00f3ria e valoriza os ciclos de vida da natureza &nbsp; Cada \u00e1rvore, um s\u00edmbolo de vida. Cada mestre, um saber a cultivar. Entre os dias 5 e 7 de dezembro de 2024, o Governo do Cear\u00e1, por meio da [&hellip;]<\/p>\n","protected":false},"author":812,"featured_media":0,"parent":39052,"menu_order":0,"comment_status":"closed","ping_status":"closed","template":"","meta":{"_acf_changed":false,"inline_featured_image":false,"footnotes":""},"class_list":["post-48484","page","type-page","status-publish","hentry"],"acf":[],"yoast_head":"<!-- This site is optimized with the Yoast SEO plugin v26.9 - https:\/\/yoast.com\/product\/yoast-seo-wordpress\/ -->\n<title>Encontro Mestres do Mundo 2024 - Secult<\/title>\n<meta name=\"robots\" content=\"index, follow, max-snippet:-1, max-image-preview:large, max-video-preview:-1\" \/>\n<link rel=\"canonical\" href=\"https:\/\/ww16.ce.gov.br\/secult\/politica\/eixos\/patrimonio\/imaterial\/encontro-mestres-do-mundo\/encontro-2024\/\" \/>\n<meta property=\"og:locale\" content=\"pt_BR\" \/>\n<meta property=\"og:type\" content=\"article\" \/>\n<meta property=\"og:title\" content=\"Encontro Mestres do Mundo 2024 - Secult\" \/>\n<meta property=\"og:description\" content=\"XVI Encontro Mestres do Mundo XVI Encontro Mestres do Mundo celebra os saberes dos guardi\u00f5es da mem\u00f3ria e valoriza os ciclos de vida da natureza &nbsp; Cada \u00e1rvore, um s\u00edmbolo de vida. Cada mestre, um saber a cultivar. Entre os dias 5 e 7 de dezembro de 2024, o Governo do Cear\u00e1, por meio da [&hellip;]\" \/>\n<meta property=\"og:url\" content=\"https:\/\/ww16.ce.gov.br\/secult\/politica\/eixos\/patrimonio\/imaterial\/encontro-mestres-do-mundo\/encontro-2024\/\" \/>\n<meta property=\"og:site_name\" content=\"Secult\" \/>\n<meta property=\"article:modified_time\" content=\"2026-05-13T17:31:48+00:00\" \/>\n<meta property=\"og:image\" content=\"http:\/\/ww16.ce.gov.br\/secult\/wp-content\/uploads\/sites\/83\/2025\/11\/1-DIA-MANHA-@Calisto-111-scaled.jpg\" \/>\n<meta name=\"twitter:card\" content=\"summary_large_image\" \/>\n<meta name=\"twitter:label1\" content=\"Est. reading time\" \/>\n\t<meta name=\"twitter:data1\" content=\"5 minutos\" \/>\n<script type=\"application\/ld+json\" class=\"yoast-schema-graph\">{\"@context\":\"https:\/\/schema.org\",\"@graph\":[{\"@type\":\"WebPage\",\"@id\":\"https:\/\/ww16.ce.gov.br\/secult\/politica\/eixos\/patrimonio\/imaterial\/encontro-mestres-do-mundo\/encontro-2024\/\",\"url\":\"https:\/\/ww16.ce.gov.br\/secult\/politica\/eixos\/patrimonio\/imaterial\/encontro-mestres-do-mundo\/encontro-2024\/\",\"name\":\"Encontro Mestres do Mundo 2024 - Secult\",\"isPartOf\":{\"@id\":\"https:\/\/ww16.ce.gov.br\/secult\/#website\"},\"primaryImageOfPage\":{\"@id\":\"https:\/\/ww16.ce.gov.br\/secult\/politica\/eixos\/patrimonio\/imaterial\/encontro-mestres-do-mundo\/encontro-2024\/#primaryimage\"},\"image\":{\"@id\":\"https:\/\/ww16.ce.gov.br\/secult\/politica\/eixos\/patrimonio\/imaterial\/encontro-mestres-do-mundo\/encontro-2024\/#primaryimage\"},\"thumbnailUrl\":\"http:\/\/ww16.ce.gov.br\/secult\/wp-content\/uploads\/sites\/83\/2025\/11\/1-DIA-MANHA-@Calisto-111-scaled.jpg\",\"datePublished\":\"2025-11-26T16:26:01+00:00\",\"dateModified\":\"2026-05-13T17:31:48+00:00\",\"breadcrumb\":{\"@id\":\"https:\/\/ww16.ce.gov.br\/secult\/politica\/eixos\/patrimonio\/imaterial\/encontro-mestres-do-mundo\/encontro-2024\/#breadcrumb\"},\"inLanguage\":\"pt-BR\",\"potentialAction\":[{\"@type\":\"ReadAction\",\"target\":[\"https:\/\/ww16.ce.gov.br\/secult\/politica\/eixos\/patrimonio\/imaterial\/encontro-mestres-do-mundo\/encontro-2024\/\"]}]},{\"@type\":\"ImageObject\",\"inLanguage\":\"pt-BR\",\"@id\":\"https:\/\/ww16.ce.gov.br\/secult\/politica\/eixos\/patrimonio\/imaterial\/encontro-mestres-do-mundo\/encontro-2024\/#primaryimage\",\"url\":\"http:\/\/ww16.ce.gov.br\/secult\/wp-content\/uploads\/sites\/83\/2025\/11\/1-DIA-MANHA-@Calisto-111-scaled.jpg\",\"contentUrl\":\"http:\/\/ww16.ce.gov.br\/secult\/wp-content\/uploads\/sites\/83\/2025\/11\/1-DIA-MANHA-@Calisto-111-scaled.jpg\"},{\"@type\":\"BreadcrumbList\",\"@id\":\"https:\/\/ww16.ce.gov.br\/secult\/politica\/eixos\/patrimonio\/imaterial\/encontro-mestres-do-mundo\/encontro-2024\/#breadcrumb\",\"itemListElement\":[{\"@type\":\"ListItem\",\"position\":1,\"name\":\"In\u00edcio\",\"item\":\"https:\/\/ww16.ce.gov.br\/secult\/\"},{\"@type\":\"ListItem\",\"position\":2,\"name\":\"Pol\u00edtica\",\"item\":\"https:\/\/ww16.ce.gov.br\/secult\/politica\/\"},{\"@type\":\"ListItem\",\"position\":3,\"name\":\"Eixos\",\"item\":\"https:\/\/ww16.ce.gov.br\/secult\/politica\/eixos\/\"},{\"@type\":\"ListItem\",\"position\":4,\"name\":\"Patrim\u00f4nio Cultural e Mem\u00f3ria\",\"item\":\"https:\/\/ww16.ce.gov.br\/secult\/politica\/eixos\/patrimonio\/\"},{\"@type\":\"ListItem\",\"position\":5,\"name\":\"Patrim\u00f4nio Imaterial\",\"item\":\"https:\/\/ww16.ce.gov.br\/secult\/politica\/eixos\/patrimonio\/imaterial\/\"},{\"@type\":\"ListItem\",\"position\":6,\"name\":\"Encontro Mestres do Mundo\",\"item\":\"https:\/\/ww16.ce.gov.br\/secult\/politica\/eixos\/patrimonio\/imaterial\/encontro-mestres-do-mundo\/\"},{\"@type\":\"ListItem\",\"position\":7,\"name\":\"Encontro Mestres do Mundo 2024\"}]},{\"@type\":\"WebSite\",\"@id\":\"https:\/\/ww16.ce.gov.br\/secult\/#website\",\"url\":\"https:\/\/ww16.ce.gov.br\/secult\/\",\"name\":\"Secretaria da Cultura\",\"description\":\"Portal Secult\",\"publisher\":{\"@id\":\"https:\/\/ww16.ce.gov.br\/secult\/#organization\"},\"potentialAction\":[{\"@type\":\"SearchAction\",\"target\":{\"@type\":\"EntryPoint\",\"urlTemplate\":\"https:\/\/ww16.ce.gov.br\/secult\/?s={search_term_string}\"},\"query-input\":{\"@type\":\"PropertyValueSpecification\",\"valueRequired\":true,\"valueName\":\"search_term_string\"}}],\"inLanguage\":\"pt-BR\"},{\"@type\":\"Organization\",\"@id\":\"https:\/\/ww16.ce.gov.br\/secult\/#organization\",\"name\":\"Secretaria da Cultura\",\"url\":\"https:\/\/ww16.ce.gov.br\/secult\/\",\"logo\":{\"@type\":\"ImageObject\",\"inLanguage\":\"pt-BR\",\"@id\":\"https:\/\/ww16.ce.gov.br\/secult\/#\/schema\/logo\/image\/\",\"url\":\"http:\/\/ww16.ce.gov.br\/secult\/wp-content\/uploads\/sites\/43\/2018\/05\/secult-clara-3.png\",\"contentUrl\":\"http:\/\/ww16.ce.gov.br\/secult\/wp-content\/uploads\/sites\/43\/2018\/05\/secult-clara-3.png\",\"width\":559,\"height\":106,\"caption\":\"Secretaria da Cultura\"},\"image\":{\"@id\":\"https:\/\/ww16.ce.gov.br\/secult\/#\/schema\/logo\/image\/\"}}]}<\/script>\n<!-- \/ Yoast SEO plugin. -->","yoast_head_json":{"title":"Encontro Mestres do Mundo 2024 - Secult","robots":{"index":"index","follow":"follow","max-snippet":"max-snippet:-1","max-image-preview":"max-image-preview:large","max-video-preview":"max-video-preview:-1"},"canonical":"https:\/\/ww16.ce.gov.br\/secult\/politica\/eixos\/patrimonio\/imaterial\/encontro-mestres-do-mundo\/encontro-2024\/","og_locale":"pt_BR","og_type":"article","og_title":"Encontro Mestres do Mundo 2024 - Secult","og_description":"XVI Encontro Mestres do Mundo XVI Encontro Mestres do Mundo celebra os saberes dos guardi\u00f5es da mem\u00f3ria e valoriza os ciclos de vida da natureza &nbsp; Cada \u00e1rvore, um s\u00edmbolo de vida. Cada mestre, um saber a cultivar. Entre os dias 5 e 7 de dezembro de 2024, o Governo do Cear\u00e1, por meio da [&hellip;]","og_url":"https:\/\/ww16.ce.gov.br\/secult\/politica\/eixos\/patrimonio\/imaterial\/encontro-mestres-do-mundo\/encontro-2024\/","og_site_name":"Secult","article_modified_time":"2026-05-13T17:31:48+00:00","og_image":[{"url":"http:\/\/ww16.ce.gov.br\/secult\/wp-content\/uploads\/sites\/83\/2025\/11\/1-DIA-MANHA-@Calisto-111-scaled.jpg","type":"","width":"","height":""}],"twitter_card":"summary_large_image","twitter_misc":{"Est. reading time":"5 minutos"},"schema":{"@context":"https:\/\/schema.org","@graph":[{"@type":"WebPage","@id":"https:\/\/ww16.ce.gov.br\/secult\/politica\/eixos\/patrimonio\/imaterial\/encontro-mestres-do-mundo\/encontro-2024\/","url":"https:\/\/ww16.ce.gov.br\/secult\/politica\/eixos\/patrimonio\/imaterial\/encontro-mestres-do-mundo\/encontro-2024\/","name":"Encontro Mestres do Mundo 2024 - Secult","isPartOf":{"@id":"https:\/\/ww16.ce.gov.br\/secult\/#website"},"primaryImageOfPage":{"@id":"https:\/\/ww16.ce.gov.br\/secult\/politica\/eixos\/patrimonio\/imaterial\/encontro-mestres-do-mundo\/encontro-2024\/#primaryimage"},"image":{"@id":"https:\/\/ww16.ce.gov.br\/secult\/politica\/eixos\/patrimonio\/imaterial\/encontro-mestres-do-mundo\/encontro-2024\/#primaryimage"},"thumbnailUrl":"http:\/\/ww16.ce.gov.br\/secult\/wp-content\/uploads\/sites\/83\/2025\/11\/1-DIA-MANHA-@Calisto-111-scaled.jpg","datePublished":"2025-11-26T16:26:01+00:00","dateModified":"2026-05-13T17:31:48+00:00","breadcrumb":{"@id":"https:\/\/ww16.ce.gov.br\/secult\/politica\/eixos\/patrimonio\/imaterial\/encontro-mestres-do-mundo\/encontro-2024\/#breadcrumb"},"inLanguage":"pt-BR","potentialAction":[{"@type":"ReadAction","target":["https:\/\/ww16.ce.gov.br\/secult\/politica\/eixos\/patrimonio\/imaterial\/encontro-mestres-do-mundo\/encontro-2024\/"]}]},{"@type":"ImageObject","inLanguage":"pt-BR","@id":"https:\/\/ww16.ce.gov.br\/secult\/politica\/eixos\/patrimonio\/imaterial\/encontro-mestres-do-mundo\/encontro-2024\/#primaryimage","url":"http:\/\/ww16.ce.gov.br\/secult\/wp-content\/uploads\/sites\/83\/2025\/11\/1-DIA-MANHA-@Calisto-111-scaled.jpg","contentUrl":"http:\/\/ww16.ce.gov.br\/secult\/wp-content\/uploads\/sites\/83\/2025\/11\/1-DIA-MANHA-@Calisto-111-scaled.jpg"},{"@type":"BreadcrumbList","@id":"https:\/\/ww16.ce.gov.br\/secult\/politica\/eixos\/patrimonio\/imaterial\/encontro-mestres-do-mundo\/encontro-2024\/#breadcrumb","itemListElement":[{"@type":"ListItem","position":1,"name":"In\u00edcio","item":"https:\/\/ww16.ce.gov.br\/secult\/"},{"@type":"ListItem","position":2,"name":"Pol\u00edtica","item":"https:\/\/ww16.ce.gov.br\/secult\/politica\/"},{"@type":"ListItem","position":3,"name":"Eixos","item":"https:\/\/ww16.ce.gov.br\/secult\/politica\/eixos\/"},{"@type":"ListItem","position":4,"name":"Patrim\u00f4nio Cultural e Mem\u00f3ria","item":"https:\/\/ww16.ce.gov.br\/secult\/politica\/eixos\/patrimonio\/"},{"@type":"ListItem","position":5,"name":"Patrim\u00f4nio Imaterial","item":"https:\/\/ww16.ce.gov.br\/secult\/politica\/eixos\/patrimonio\/imaterial\/"},{"@type":"ListItem","position":6,"name":"Encontro Mestres do Mundo","item":"https:\/\/ww16.ce.gov.br\/secult\/politica\/eixos\/patrimonio\/imaterial\/encontro-mestres-do-mundo\/"},{"@type":"ListItem","position":7,"name":"Encontro Mestres do Mundo 2024"}]},{"@type":"WebSite","@id":"https:\/\/ww16.ce.gov.br\/secult\/#website","url":"https:\/\/ww16.ce.gov.br\/secult\/","name":"Secretaria da Cultura","description":"Portal Secult","publisher":{"@id":"https:\/\/ww16.ce.gov.br\/secult\/#organization"},"potentialAction":[{"@type":"SearchAction","target":{"@type":"EntryPoint","urlTemplate":"https:\/\/ww16.ce.gov.br\/secult\/?s={search_term_string}"},"query-input":{"@type":"PropertyValueSpecification","valueRequired":true,"valueName":"search_term_string"}}],"inLanguage":"pt-BR"},{"@type":"Organization","@id":"https:\/\/ww16.ce.gov.br\/secult\/#organization","name":"Secretaria da Cultura","url":"https:\/\/ww16.ce.gov.br\/secult\/","logo":{"@type":"ImageObject","inLanguage":"pt-BR","@id":"https:\/\/ww16.ce.gov.br\/secult\/#\/schema\/logo\/image\/","url":"http:\/\/ww16.ce.gov.br\/secult\/wp-content\/uploads\/sites\/43\/2018\/05\/secult-clara-3.png","contentUrl":"http:\/\/ww16.ce.gov.br\/secult\/wp-content\/uploads\/sites\/43\/2018\/05\/secult-clara-3.png","width":559,"height":106,"caption":"Secretaria da Cultura"},"image":{"@id":"https:\/\/ww16.ce.gov.br\/secult\/#\/schema\/logo\/image\/"}}]}},"_links":{"self":[{"href":"https:\/\/ww16.ce.gov.br\/secult\/wp-json\/wp\/v2\/pages\/48484","targetHints":{"allow":["GET"]}}],"collection":[{"href":"https:\/\/ww16.ce.gov.br\/secult\/wp-json\/wp\/v2\/pages"}],"about":[{"href":"https:\/\/ww16.ce.gov.br\/secult\/wp-json\/wp\/v2\/types\/page"}],"author":[{"embeddable":true,"href":"https:\/\/ww16.ce.gov.br\/secult\/wp-json\/wp\/v2\/users\/812"}],"replies":[{"embeddable":true,"href":"https:\/\/ww16.ce.gov.br\/secult\/wp-json\/wp\/v2\/comments?post=48484"}],"version-history":[{"count":6,"href":"https:\/\/ww16.ce.gov.br\/secult\/wp-json\/wp\/v2\/pages\/48484\/revisions"}],"predecessor-version":[{"id":51651,"href":"https:\/\/ww16.ce.gov.br\/secult\/wp-json\/wp\/v2\/pages\/48484\/revisions\/51651"}],"up":[{"embeddable":true,"href":"https:\/\/ww16.ce.gov.br\/secult\/wp-json\/wp\/v2\/pages\/39052"}],"wp:attachment":[{"href":"https:\/\/ww16.ce.gov.br\/secult\/wp-json\/wp\/v2\/media?parent=48484"}],"curies":[{"name":"wp","href":"https:\/\/api.w.org\/{rel}","templated":true}]}}