{"id":47076,"date":"2025-10-16T15:31:43","date_gmt":"2025-10-16T18:31:43","guid":{"rendered":"http:\/\/ww16.ce.gov.br\/secult\/?page_id=47076"},"modified":"2026-04-07T10:29:24","modified_gmt":"2026-04-07T13:29:24","slug":"acoes-compensatorias-autorizadas","status":"publish","type":"page","link":"https:\/\/ww16.ce.gov.br\/secult\/institucional\/transparencia\/acoes-compensatorias-autorizadas\/","title":{"rendered":"A\u00e7\u00f5es compensat\u00f3rias autorizadas"},"content":{"rendered":"<h2><span style=\"color: #fc6836\"><strong>2025<\/strong><\/span><\/h2>\n<p>&nbsp;<\/p>\n<div style=\"font-size: 1.2em;text-align: justify\">\n<ul class=\"ListaDecorada\">\n<li><a href=\"\/wp-content\/uploads\/sites\/83\/2025\/10\/Autorizacao-para-Acoes-Compensatorias-16-de-outubro-de-2025.pdf\" target=\"_blank\" rel=\"noopener\">Autoriza\u00e7\u00e3o para A\u00e7\u00f5es Compensat\u00f3rias &#8211; 16 de outubro de 2025<\/a><\/li>\n<li><a href=\"\/wp-content\/uploads\/sites\/83\/2025\/10\/Autorizacao-para-Acoes-Compensatorias-22-de-outubro-de-2025.pdf\" target=\"_blank\" rel=\"noopener\">Autoriza\u00e7\u00e3o para A\u00e7\u00f5es Compensat\u00f3rias &#8211; 22 de outubro de 2025<\/a><\/li>\n<\/ul>\n<\/div>\n","protected":false},"excerpt":{"rendered":"<p>2025 &nbsp; Autoriza\u00e7\u00e3o para A\u00e7\u00f5es Compensat\u00f3rias &#8211; 16 de outubro de 2025 Autoriza\u00e7\u00e3o para A\u00e7\u00f5es Compensat\u00f3rias &#8211; 22 de outubro de 2025<\/p>\n","protected":false},"author":708,"featured_media":0,"parent":51527,"menu_order":0,"comment_status":"closed","ping_status":"closed","template":"","meta":{"_acf_changed":false,"inline_featured_image":false,"footnotes":""},"class_list":["post-47076","page","type-page","status-publish","hentry"],"acf":[],"yoast_head":"<!-- This site is optimized with the Yoast SEO plugin v26.9 - https:\/\/yoast.com\/product\/yoast-seo-wordpress\/ -->\n<title>A\u00e7\u00f5es compensat\u00f3rias autorizadas - Secult<\/title>\n<meta name=\"robots\" content=\"index, follow, max-snippet:-1, max-image-preview:large, max-video-preview:-1\" \/>\n<link rel=\"canonical\" href=\"https:\/\/ww16.ce.gov.br\/secult\/institucional\/transparencia\/acoes-compensatorias-autorizadas\/\" \/>\n<meta property=\"og:locale\" content=\"pt_BR\" \/>\n<meta property=\"og:type\" content=\"article\" \/>\n<meta property=\"og:title\" content=\"A\u00e7\u00f5es compensat\u00f3rias autorizadas - Secult\" \/>\n<meta property=\"og:description\" content=\"2025 &nbsp; Autoriza\u00e7\u00e3o para A\u00e7\u00f5es Compensat\u00f3rias &#8211; 16 de outubro de 2025 Autoriza\u00e7\u00e3o para A\u00e7\u00f5es Compensat\u00f3rias &#8211; 22 de outubro de 2025\" \/>\n<meta property=\"og:url\" content=\"https:\/\/ww16.ce.gov.br\/secult\/institucional\/transparencia\/acoes-compensatorias-autorizadas\/\" \/>\n<meta property=\"og:site_name\" content=\"Secult\" \/>\n<meta property=\"article:modified_time\" content=\"2026-04-07T13:29:24+00:00\" \/>\n<meta name=\"twitter:card\" content=\"summary_large_image\" \/>\n<meta name=\"twitter:label1\" content=\"Est. reading time\" \/>\n\t<meta name=\"twitter:data1\" content=\"1 minuto\" \/>\n<script type=\"application\/ld+json\" class=\"yoast-schema-graph\">{\"@context\":\"https:\/\/schema.org\",\"@graph\":[{\"@type\":\"WebPage\",\"@id\":\"https:\/\/ww16.ce.gov.br\/secult\/institucional\/transparencia\/acoes-compensatorias-autorizadas\/\",\"url\":\"https:\/\/ww16.ce.gov.br\/secult\/institucional\/transparencia\/acoes-compensatorias-autorizadas\/\",\"name\":\"A\u00e7\u00f5es compensat\u00f3rias autorizadas - Secult\",\"isPartOf\":{\"@id\":\"https:\/\/ww16.ce.gov.br\/secult\/#website\"},\"datePublished\":\"2025-10-16T18:31:43+00:00\",\"dateModified\":\"2026-04-07T13:29:24+00:00\",\"breadcrumb\":{\"@id\":\"https:\/\/ww16.ce.gov.br\/secult\/institucional\/transparencia\/acoes-compensatorias-autorizadas\/#breadcrumb\"},\"inLanguage\":\"pt-BR\",\"potentialAction\":[{\"@type\":\"ReadAction\",\"target\":[\"https:\/\/ww16.ce.gov.br\/secult\/institucional\/transparencia\/acoes-compensatorias-autorizadas\/\"]}]},{\"@type\":\"BreadcrumbList\",\"@id\":\"https:\/\/ww16.ce.gov.br\/secult\/institucional\/transparencia\/acoes-compensatorias-autorizadas\/#breadcrumb\",\"itemListElement\":[{\"@type\":\"ListItem\",\"position\":1,\"name\":\"In\u00edcio\",\"item\":\"https:\/\/ww16.ce.gov.br\/secult\/\"},{\"@type\":\"ListItem\",\"position\":2,\"name\":\"Institucional\",\"item\":\"https:\/\/ww16.ce.gov.br\/secult\/institucional\/\"},{\"@type\":\"ListItem\",\"position\":3,\"name\":\"Transpar\u00eancia\",\"item\":\"https:\/\/ww16.ce.gov.br\/secult\/institucional\/transparencia\/\"},{\"@type\":\"ListItem\",\"position\":4,\"name\":\"A\u00e7\u00f5es compensat\u00f3rias autorizadas\"}]},{\"@type\":\"WebSite\",\"@id\":\"https:\/\/ww16.ce.gov.br\/secult\/#website\",\"url\":\"https:\/\/ww16.ce.gov.br\/secult\/\",\"name\":\"Secretaria da Cultura\",\"description\":\"Portal Secult\",\"publisher\":{\"@id\":\"https:\/\/ww16.ce.gov.br\/secult\/#organization\"},\"potentialAction\":[{\"@type\":\"SearchAction\",\"target\":{\"@type\":\"EntryPoint\",\"urlTemplate\":\"https:\/\/ww16.ce.gov.br\/secult\/?s={search_term_string}\"},\"query-input\":{\"@type\":\"PropertyValueSpecification\",\"valueRequired\":true,\"valueName\":\"search_term_string\"}}],\"inLanguage\":\"pt-BR\"},{\"@type\":\"Organization\",\"@id\":\"https:\/\/ww16.ce.gov.br\/secult\/#organization\",\"name\":\"Secretaria da Cultura\",\"url\":\"https:\/\/ww16.ce.gov.br\/secult\/\",\"logo\":{\"@type\":\"ImageObject\",\"inLanguage\":\"pt-BR\",\"@id\":\"https:\/\/ww16.ce.gov.br\/secult\/#\/schema\/logo\/image\/\",\"url\":\"http:\/\/ww16.ce.gov.br\/secult\/wp-content\/uploads\/sites\/43\/2018\/05\/secult-clara-3.png\",\"contentUrl\":\"http:\/\/ww16.ce.gov.br\/secult\/wp-content\/uploads\/sites\/43\/2018\/05\/secult-clara-3.png\",\"width\":559,\"height\":106,\"caption\":\"Secretaria da Cultura\"},\"image\":{\"@id\":\"https:\/\/ww16.ce.gov.br\/secult\/#\/schema\/logo\/image\/\"}}]}<\/script>\n<!-- \/ Yoast SEO plugin. -->","yoast_head_json":{"title":"A\u00e7\u00f5es compensat\u00f3rias autorizadas - Secult","robots":{"index":"index","follow":"follow","max-snippet":"max-snippet:-1","max-image-preview":"max-image-preview:large","max-video-preview":"max-video-preview:-1"},"canonical":"https:\/\/ww16.ce.gov.br\/secult\/institucional\/transparencia\/acoes-compensatorias-autorizadas\/","og_locale":"pt_BR","og_type":"article","og_title":"A\u00e7\u00f5es compensat\u00f3rias autorizadas - Secult","og_description":"2025 &nbsp; Autoriza\u00e7\u00e3o para A\u00e7\u00f5es Compensat\u00f3rias &#8211; 16 de outubro de 2025 Autoriza\u00e7\u00e3o para A\u00e7\u00f5es Compensat\u00f3rias &#8211; 22 de outubro de 2025","og_url":"https:\/\/ww16.ce.gov.br\/secult\/institucional\/transparencia\/acoes-compensatorias-autorizadas\/","og_site_name":"Secult","article_modified_time":"2026-04-07T13:29:24+00:00","twitter_card":"summary_large_image","twitter_misc":{"Est. reading time":"1 minuto"},"schema":{"@context":"https:\/\/schema.org","@graph":[{"@type":"WebPage","@id":"https:\/\/ww16.ce.gov.br\/secult\/institucional\/transparencia\/acoes-compensatorias-autorizadas\/","url":"https:\/\/ww16.ce.gov.br\/secult\/institucional\/transparencia\/acoes-compensatorias-autorizadas\/","name":"A\u00e7\u00f5es compensat\u00f3rias autorizadas - Secult","isPartOf":{"@id":"https:\/\/ww16.ce.gov.br\/secult\/#website"},"datePublished":"2025-10-16T18:31:43+00:00","dateModified":"2026-04-07T13:29:24+00:00","breadcrumb":{"@id":"https:\/\/ww16.ce.gov.br\/secult\/institucional\/transparencia\/acoes-compensatorias-autorizadas\/#breadcrumb"},"inLanguage":"pt-BR","potentialAction":[{"@type":"ReadAction","target":["https:\/\/ww16.ce.gov.br\/secult\/institucional\/transparencia\/acoes-compensatorias-autorizadas\/"]}]},{"@type":"BreadcrumbList","@id":"https:\/\/ww16.ce.gov.br\/secult\/institucional\/transparencia\/acoes-compensatorias-autorizadas\/#breadcrumb","itemListElement":[{"@type":"ListItem","position":1,"name":"In\u00edcio","item":"https:\/\/ww16.ce.gov.br\/secult\/"},{"@type":"ListItem","position":2,"name":"Institucional","item":"https:\/\/ww16.ce.gov.br\/secult\/institucional\/"},{"@type":"ListItem","position":3,"name":"Transpar\u00eancia","item":"https:\/\/ww16.ce.gov.br\/secult\/institucional\/transparencia\/"},{"@type":"ListItem","position":4,"name":"A\u00e7\u00f5es compensat\u00f3rias autorizadas"}]},{"@type":"WebSite","@id":"https:\/\/ww16.ce.gov.br\/secult\/#website","url":"https:\/\/ww16.ce.gov.br\/secult\/","name":"Secretaria da Cultura","description":"Portal Secult","publisher":{"@id":"https:\/\/ww16.ce.gov.br\/secult\/#organization"},"potentialAction":[{"@type":"SearchAction","target":{"@type":"EntryPoint","urlTemplate":"https:\/\/ww16.ce.gov.br\/secult\/?s={search_term_string}"},"query-input":{"@type":"PropertyValueSpecification","valueRequired":true,"valueName":"search_term_string"}}],"inLanguage":"pt-BR"},{"@type":"Organization","@id":"https:\/\/ww16.ce.gov.br\/secult\/#organization","name":"Secretaria da Cultura","url":"https:\/\/ww16.ce.gov.br\/secult\/","logo":{"@type":"ImageObject","inLanguage":"pt-BR","@id":"https:\/\/ww16.ce.gov.br\/secult\/#\/schema\/logo\/image\/","url":"http:\/\/ww16.ce.gov.br\/secult\/wp-content\/uploads\/sites\/43\/2018\/05\/secult-clara-3.png","contentUrl":"http:\/\/ww16.ce.gov.br\/secult\/wp-content\/uploads\/sites\/43\/2018\/05\/secult-clara-3.png","width":559,"height":106,"caption":"Secretaria da Cultura"},"image":{"@id":"https:\/\/ww16.ce.gov.br\/secult\/#\/schema\/logo\/image\/"}}]}},"_links":{"self":[{"href":"https:\/\/ww16.ce.gov.br\/secult\/wp-json\/wp\/v2\/pages\/47076","targetHints":{"allow":["GET"]}}],"collection":[{"href":"https:\/\/ww16.ce.gov.br\/secult\/wp-json\/wp\/v2\/pages"}],"about":[{"href":"https:\/\/ww16.ce.gov.br\/secult\/wp-json\/wp\/v2\/types\/page"}],"author":[{"embeddable":true,"href":"https:\/\/ww16.ce.gov.br\/secult\/wp-json\/wp\/v2\/users\/708"}],"replies":[{"embeddable":true,"href":"https:\/\/ww16.ce.gov.br\/secult\/wp-json\/wp\/v2\/comments?post=47076"}],"version-history":[{"count":4,"href":"https:\/\/ww16.ce.gov.br\/secult\/wp-json\/wp\/v2\/pages\/47076\/revisions"}],"predecessor-version":[{"id":47262,"href":"https:\/\/ww16.ce.gov.br\/secult\/wp-json\/wp\/v2\/pages\/47076\/revisions\/47262"}],"up":[{"embeddable":true,"href":"https:\/\/ww16.ce.gov.br\/secult\/wp-json\/wp\/v2\/pages\/51527"}],"wp:attachment":[{"href":"https:\/\/ww16.ce.gov.br\/secult\/wp-json\/wp\/v2\/media?parent=47076"}],"curies":[{"name":"wp","href":"https:\/\/api.w.org\/{rel}","templated":true}]}}