{"id":45106,"date":"2025-08-19T11:31:24","date_gmt":"2025-08-19T14:31:24","guid":{"rendered":"http:\/\/ww16.ce.gov.br\/secult\/?page_id=45106"},"modified":"2026-05-12T16:32:03","modified_gmt":"2026-05-12T19:32:03","slug":"legislacao","status":"publish","type":"page","link":"https:\/\/ww16.ce.gov.br\/secult\/politica\/legislacao\/","title":{"rendered":"Legisla\u00e7\u00e3o Cultural"},"content":{"rendered":"\n<figure class=\"wp-block-table has-small-font-size\"><table class=\"has-fixed-layout\"><tbody><tr><td>Lei N\u00b0 18.012 de 1\u00b0 de abril de 2022<\/td><td>Institui a Lei Org\u00e2nica da Cultura do Estado do Cear\u00e1, dispondo sobre o Sistema Estadual da Cultura \u2013 Siec.<\/td><td class=\"has-text-align-center\" data-align=\"center\"><a href=\"https:\/\/ww16.ce.gov.br\/secult\/wp-content\/uploads\/sites\/83\/2025\/08\/lei2022_18012.pdf\" target=\"_blank\" rel=\"noreferrer noopener\">VISUALIZAR<\/a><\/td><\/tr><\/tbody><\/table><\/figure>\n\n\n\n<figure class=\"wp-block-table has-small-font-size\"><table class=\"has-fixed-layout\"><tbody><tr><td>Decreto N\u00b0 35.635, de 25 de agosto de 2023<\/td><td>Disp\u00f5e sobre os instrumentos Termo de Execu\u00e7\u00e3o Cultural, Termo de Patroc\u00ednio Cultural e Termo de Premia\u00e7\u00e3o Cultural do Regime Pr\u00f3prio de Fomento \u00e0 Cultura no Cear\u00e1, o acompanhamento, o monitoramento, a presta\u00e7\u00e3o de contas e as a\u00e7\u00f5es compensat\u00f3rias a que se refere a Lei N\u00b018.012 de 1\u00b0 de abril de 2022.<\/td><td class=\"has-text-align-center\" data-align=\"center\"><a href=\"https:\/\/ww16.ce.gov.br\/secult\/wp-content\/uploads\/sites\/83\/2023\/10\/1.1.1.Decreto.Regulamento.18012.pdf\" target=\"_blank\" rel=\"noreferrer noopener\">VISUALIZAR<\/a><\/td><\/tr><\/tbody><\/table><\/figure>\n\n\n\n<figure class=\"wp-block-table\"><table class=\"has-fixed-layout\"><tbody><tr><td>Instru\u00e7\u00e3o Normativa Secult N\u00ba 03\/2024<\/td><td>Disp\u00f5e sobre a padroniza\u00e7\u00e3o da instru\u00e7\u00e3o processual dos procedimentos relacionados ao fomento cultural no \u00e2mbito da Secretaria da Cultura do Cear\u00e1.<\/td><td class=\"has-text-align-center\" data-align=\"center\"><a href=\"https:\/\/ww16.ce.gov.br\/secult\/wp-content\/uploads\/sites\/83\/2024\/11\/Instrucao-Normativa-SECULT_CE-N.-3_2024-Instrucao-Processual.pdf\" target=\"_blank\" rel=\"noreferrer noopener\">VISUALIZAR<\/a><\/td><\/tr><\/tbody><\/table><\/figure>\n\n\n\n<figure class=\"wp-block-table\"><table class=\"has-fixed-layout\"><tbody><tr><td>Instru\u00e7\u00e3o Normativa Secult N\u00ba 02\/2025<\/td><td>Disp\u00f5e sobre os procedimentos de execu\u00e7\u00e3o, monitoramento, avalia\u00e7\u00e3o e presta\u00e7\u00e3o de contas de instrumentos de fomento adotados pela Secretaria da Cultura do Estado do Cear\u00e1, vinculados \u00e0 Lei Estadual N\u00ba 18.012\/2022, ao Decreto Estadual N\u00ba 35.635\/2023, \u00e0 Lei Complementar N\u00ba 195\/2022, ao Decreto Federal N\u00ba11.525\/2023, \u00e0 Lei Federal N\u00ba 14.399\/2022, \u00e0 Lei Federal N\u00ba 14.903\/2024 e ao Decreto Federal N\u00ba 11.453\/2023.<\/td><td class=\"has-text-align-center\" data-align=\"center\"><a href=\"https:\/\/ww16.ce.gov.br\/secult\/wp-content\/uploads\/sites\/83\/2025\/08\/INSTRUCAO-NORMATIVA-SECULT-No-02_2025-PRESTACAO-DE-CONTAS.pdf\" target=\"_blank\" rel=\"noreferrer noopener\">VISUALIZAR<\/a><\/td><\/tr><\/tbody><\/table><\/figure>\n\n\n\n<figure class=\"wp-block-table\"><table class=\"has-fixed-layout\"><tbody><tr><td>Decreto N\u00ba 35.819, de 29 de dezembro de 2023<\/td><td>Disp\u00f5e sobre as a\u00e7\u00f5es afirmativas e reparat\u00f3rias de direitos no \u00e2mbito do fomento cultural estadual previsto na Lei N\u00ba18.012 de 1\u00ba de abril de 2022, que institui a Lei Org\u00e2nica da Cultura do Estado do Cear\u00e1, dispondo sobre o Sistema Estadual da Cultura \u2013 Siec.<\/td><td class=\"has-text-align-center\" data-align=\"center\"><a href=\"https:\/\/ww16.ce.gov.br\/secult\/wp-content\/uploads\/sites\/83\/2025\/08\/Decreto-35.819-de-29-de-dezembro-de-2023-Acoes-Afirmativas-Fomento-Cultural.pdf\" target=\"_blank\" rel=\"noreferrer noopener\">VISUALIZAR<\/a><\/td><\/tr><\/tbody><\/table><\/figure>\n\n\n\n<figure class=\"wp-block-table\"><table class=\"has-fixed-layout\"><tbody><tr><td>Instru\u00e7\u00e3o Normativa Secult N\u00ba 02\/2024<\/td><td>Disp\u00f5e sobre o procedimento de habilita\u00e7\u00e3o para acesso \u00e0 pol\u00edtica de cotas por pessoas f\u00edsicas, a qual se refere \u00e0s pol\u00edticas afirmativas, em raz\u00e3o da realiza\u00e7\u00e3o de chamadas e chamamentos p\u00fablicos das pol\u00edticas culturais de fomento em \u00e2mbito da Secretaria da Cultura do Estado do Cear\u00e1.<\/td><td class=\"has-text-align-center\" data-align=\"center\"><a href=\"https:\/\/ww16.ce.gov.br\/secult\/wp-content\/uploads\/sites\/83\/2024\/07\/Instrucao-Normativa-SecultCE-no-2.2024.pdf\" target=\"_blank\" rel=\"noreferrer noopener\">VISUALIZAR<\/a><\/td><\/tr><\/tbody><\/table><\/figure>\n\n\n\n<figure class=\"wp-block-table\"><table class=\"has-fixed-layout\"><tbody><tr><td>Instru\u00e7\u00e3o Normativa Secult n\u00ba 05\/2024<\/td><td>Altera a Instru\u00e7\u00e3o Normativa 02\/2024 que disp\u00f5e sobre o procedimento de habilita\u00e7\u00e3o para acesso \u00e0 pol\u00edtica de cotas por pessoas f\u00edsicas, a qual se refere \u00e0s pol\u00edticas afirmativas, em raz\u00e3o da realiza\u00e7\u00e3o de chamadas e chamamentos p\u00fablicos das pol\u00edticas culturais de fomento em \u00e2mbito da Secretaria da Cultura do Estado do Cear\u00e1.<\/td><td class=\"has-text-align-center\" data-align=\"center\"><a href=\"https:\/\/ww16.ce.gov.br\/secult\/wp-content\/uploads\/sites\/83\/2025\/08\/Instrucao-Normativa-Secult-no-05_2024.pdf\" target=\"_blank\" rel=\"noreferrer noopener\">VISUALIZAR<\/a><\/td><\/tr><\/tbody><\/table><\/figure>\n\n\n\n<figure class=\"wp-block-table\"><table class=\"has-fixed-layout\"><tbody><tr><td>Lei N\u00ba 16.026, de 1\u00ba de junho de 2016<\/td><td>Institui o Plano Estadual de Cultura do Cear\u00e1.<\/td><td class=\"has-text-align-center\" data-align=\"center\"><a href=\"https:\/\/ww16.ce.gov.br\/secult\/wp-content\/uploads\/sites\/83\/2023\/10\/1.2.-Plano-Estadual-da-Cultura.pdf\" target=\"_blank\" rel=\"noreferrer noopener\">VISUALIZAR<\/a><\/td><\/tr><\/tbody><\/table><\/figure>\n\n\n\n<figure class=\"wp-block-table\"><table class=\"has-fixed-layout\"><tbody><tr><td>Lei N\u00ba 15.552, de 1\u00b0 de mar\u00e7o de 2014<\/td><td>Altera a nomenclatura do Conselho Estadual de Cultura para Conselho Estadual de Pol\u00edtica Cultural do Cear\u00e1 &#8211; CEPC, estabelece suas compet\u00eancias, sua composi\u00e7\u00e3o e seus \u00f3rg\u00e3os.<\/td><td class=\"has-text-align-center\" data-align=\"center\"><a href=\"https:\/\/ww16.ce.gov.br\/secult\/wp-content\/uploads\/sites\/83\/2023\/10\/1.3.Lei_.do-CEPC.pdf\" target=\"_blank\" rel=\"noreferrer noopener\">VISUALIZAR<\/a><\/td><\/tr><\/tbody><\/table><\/figure>\n\n\n\n<figure class=\"wp-block-table\"><table class=\"has-fixed-layout\"><tbody><tr><td>Lei N\u00ba 13.078, de 20 de dezembro de 2000<\/td><td>Disp\u00f5e sobre a cria\u00e7\u00e3o do Conselho Estadual de Preserva\u00e7\u00e3o do Patrim\u00f4nio Cultural do Estado do Cear\u00e1.<\/td><td class=\"has-text-align-center\" data-align=\"center\"><a href=\"https:\/\/ww16.ce.gov.br\/secult\/wp-content\/uploads\/sites\/83\/2023\/10\/1.4.Lei-que-cria-o-COEPA-1.pdf\" target=\"_blank\" rel=\"noreferrer noopener\">VISUALIZAR<\/a><\/td><\/tr><\/tbody><\/table><\/figure>\n\n\n\n<figure class=\"wp-block-table\"><table class=\"has-fixed-layout\"><tbody><tr><td>Lei N\u00ba 18.232, de 06 de novembro de 2022<\/td><td>Institui o C\u00f3digo do Patrim\u00f4nio Cultural do Estado do Cear\u00e1, e cria o Sistema Estadual do Patrim\u00f4nio Cultural do Cear\u00e1.<\/td><td class=\"has-text-align-center\" data-align=\"center\"><a href=\"https:\/\/ww16.ce.gov.br\/secult\/wp-content\/uploads\/sites\/83\/2023\/10\/1.5.CodigoPatrimonioCultural.pdf\" target=\"_blank\" rel=\"noreferrer noopener\">VISUALIZAR<\/a><\/td><\/tr><\/tbody><\/table><\/figure>\n\n\n\n<figure class=\"wp-block-table\"><table class=\"has-fixed-layout\"><tbody><tr><td>Lei N\u00ba 16.602, de 05 de julho de 2018<\/td><td>Institui a Pol\u00edtica Estadual Cultura Viva do Estado do Cear\u00e1.<\/td><td class=\"has-text-align-center\" data-align=\"center\"><a href=\"https:\/\/ww16.ce.gov.br\/secult\/wp-content\/uploads\/sites\/83\/2023\/10\/1.6.Lei-Cultura-Viva.pdf\" target=\"_blank\" rel=\"noreferrer noopener\">VISUALIZAR<\/a><\/td><\/tr><\/tbody><\/table><\/figure>\n\n\n\n<figure class=\"wp-block-table\"><table class=\"has-fixed-layout\"><tbody><tr><td>Lei N\u00ba 17.857, 29 de dezembro de 2021<\/td><td>Institui o Programa Estadual de Desenvolvimento do Cinema e Audiovisual \u2013 Programa Cear\u00e1 Filmes, e cria o Sistema Estadual do Cinema e Audiovisual.<\/td><td class=\"has-text-align-center\" data-align=\"center\"><a href=\"https:\/\/ww16.ce.gov.br\/secult\/wp-content\/uploads\/sites\/83\/2023\/10\/1.7.Ceara-Filmes.pdf\" target=\"_blank\" rel=\"noreferrer noopener\">VISUALIZAR<\/a><\/td><\/tr><\/tbody><\/table><\/figure>\n\n\n\n<figure class=\"wp-block-table\"><table class=\"has-fixed-layout\"><tbody><tr><td>Decreto N\u00ba 35.509, de 15 de junho de 2023<\/td><td>Altera a estrutura organizacional e disp\u00f5e sobre a distribui\u00e7\u00e3o e a denomina\u00e7\u00e3o dos cargos de provimento em comiss\u00e3o da Secretaria da Cultura (Secult).<\/td><td class=\"has-text-align-center\" data-align=\"center\"><a href=\"https:\/\/ww16.ce.gov.br\/secult\/wp-content\/uploads\/sites\/83\/2023\/10\/1.8.DECRETO-No-35_509-ESTRUTURA-ORGANIZACIONAL-SECULT.pdf\" target=\"_blank\" rel=\"noreferrer noopener\">VISUALIZAR<\/a><\/td><\/tr><\/tbody><\/table><\/figure>\n\n\n\n<p><\/p>\n","protected":false},"excerpt":{"rendered":"<p>Lei N\u00b0 18.012 de 1\u00b0 de abril de 2022 Institui a Lei Org\u00e2nica da Cultura do Estado do Cear\u00e1, dispondo sobre o Sistema Estadual da Cultura \u2013 Siec. VISUALIZAR Decreto N\u00b0 35.635, de 25 de agosto de 2023 Disp\u00f5e sobre os instrumentos Termo de Execu\u00e7\u00e3o Cultural, Termo de Patroc\u00ednio Cultural e Termo de Premia\u00e7\u00e3o Cultural [&hellip;]<\/p>\n","protected":false},"author":816,"featured_media":0,"parent":51453,"menu_order":0,"comment_status":"closed","ping_status":"closed","template":"","meta":{"_acf_changed":false,"inline_featured_image":false,"footnotes":""},"class_list":["post-45106","page","type-page","status-publish","hentry"],"acf":[],"yoast_head":"<!-- This site is optimized with the Yoast SEO plugin v26.9 - https:\/\/yoast.com\/product\/yoast-seo-wordpress\/ -->\n<title>Legisla\u00e7\u00e3o Cultural - Secult<\/title>\n<meta name=\"robots\" content=\"index, follow, max-snippet:-1, max-image-preview:large, max-video-preview:-1\" \/>\n<link rel=\"canonical\" href=\"https:\/\/ww16.ce.gov.br\/secult\/politica\/legislacao\/\" \/>\n<meta property=\"og:locale\" content=\"pt_BR\" \/>\n<meta property=\"og:type\" content=\"article\" \/>\n<meta property=\"og:title\" content=\"Legisla\u00e7\u00e3o Cultural - Secult\" \/>\n<meta property=\"og:description\" content=\"Lei N\u00b0 18.012 de 1\u00b0 de abril de 2022 Institui a Lei Org\u00e2nica da Cultura do Estado do Cear\u00e1, dispondo sobre o Sistema Estadual da Cultura \u2013 Siec. VISUALIZAR Decreto N\u00b0 35.635, de 25 de agosto de 2023 Disp\u00f5e sobre os instrumentos Termo de Execu\u00e7\u00e3o Cultural, Termo de Patroc\u00ednio Cultural e Termo de Premia\u00e7\u00e3o Cultural [&hellip;]\" \/>\n<meta property=\"og:url\" content=\"https:\/\/ww16.ce.gov.br\/secult\/politica\/legislacao\/\" \/>\n<meta property=\"og:site_name\" content=\"Secult\" \/>\n<meta property=\"article:modified_time\" content=\"2026-05-12T19:32:03+00:00\" \/>\n<meta name=\"twitter:card\" content=\"summary_large_image\" \/>\n<meta name=\"twitter:label1\" content=\"Est. reading time\" \/>\n\t<meta name=\"twitter:data1\" content=\"3 minutos\" \/>\n<script type=\"application\/ld+json\" class=\"yoast-schema-graph\">{\"@context\":\"https:\/\/schema.org\",\"@graph\":[{\"@type\":\"WebPage\",\"@id\":\"https:\/\/ww16.ce.gov.br\/secult\/politica\/legislacao\/\",\"url\":\"https:\/\/ww16.ce.gov.br\/secult\/politica\/legislacao\/\",\"name\":\"Legisla\u00e7\u00e3o Cultural - Secult\",\"isPartOf\":{\"@id\":\"https:\/\/ww16.ce.gov.br\/secult\/#website\"},\"datePublished\":\"2025-08-19T14:31:24+00:00\",\"dateModified\":\"2026-05-12T19:32:03+00:00\",\"breadcrumb\":{\"@id\":\"https:\/\/ww16.ce.gov.br\/secult\/politica\/legislacao\/#breadcrumb\"},\"inLanguage\":\"pt-BR\",\"potentialAction\":[{\"@type\":\"ReadAction\",\"target\":[\"https:\/\/ww16.ce.gov.br\/secult\/politica\/legislacao\/\"]}]},{\"@type\":\"BreadcrumbList\",\"@id\":\"https:\/\/ww16.ce.gov.br\/secult\/politica\/legislacao\/#breadcrumb\",\"itemListElement\":[{\"@type\":\"ListItem\",\"position\":1,\"name\":\"In\u00edcio\",\"item\":\"https:\/\/ww16.ce.gov.br\/secult\/\"},{\"@type\":\"ListItem\",\"position\":2,\"name\":\"Pol\u00edtica\",\"item\":\"https:\/\/ww16.ce.gov.br\/secult\/politica\/\"},{\"@type\":\"ListItem\",\"position\":3,\"name\":\"Legisla\u00e7\u00e3o Cultural\"}]},{\"@type\":\"WebSite\",\"@id\":\"https:\/\/ww16.ce.gov.br\/secult\/#website\",\"url\":\"https:\/\/ww16.ce.gov.br\/secult\/\",\"name\":\"Secretaria da Cultura\",\"description\":\"Portal Secult\",\"publisher\":{\"@id\":\"https:\/\/ww16.ce.gov.br\/secult\/#organization\"},\"potentialAction\":[{\"@type\":\"SearchAction\",\"target\":{\"@type\":\"EntryPoint\",\"urlTemplate\":\"https:\/\/ww16.ce.gov.br\/secult\/?s={search_term_string}\"},\"query-input\":{\"@type\":\"PropertyValueSpecification\",\"valueRequired\":true,\"valueName\":\"search_term_string\"}}],\"inLanguage\":\"pt-BR\"},{\"@type\":\"Organization\",\"@id\":\"https:\/\/ww16.ce.gov.br\/secult\/#organization\",\"name\":\"Secretaria da Cultura\",\"url\":\"https:\/\/ww16.ce.gov.br\/secult\/\",\"logo\":{\"@type\":\"ImageObject\",\"inLanguage\":\"pt-BR\",\"@id\":\"https:\/\/ww16.ce.gov.br\/secult\/#\/schema\/logo\/image\/\",\"url\":\"http:\/\/ww16.ce.gov.br\/secult\/wp-content\/uploads\/sites\/43\/2018\/05\/secult-clara-3.png\",\"contentUrl\":\"http:\/\/ww16.ce.gov.br\/secult\/wp-content\/uploads\/sites\/43\/2018\/05\/secult-clara-3.png\",\"width\":559,\"height\":106,\"caption\":\"Secretaria da Cultura\"},\"image\":{\"@id\":\"https:\/\/ww16.ce.gov.br\/secult\/#\/schema\/logo\/image\/\"}}]}<\/script>\n<!-- \/ Yoast SEO plugin. -->","yoast_head_json":{"title":"Legisla\u00e7\u00e3o Cultural - Secult","robots":{"index":"index","follow":"follow","max-snippet":"max-snippet:-1","max-image-preview":"max-image-preview:large","max-video-preview":"max-video-preview:-1"},"canonical":"https:\/\/ww16.ce.gov.br\/secult\/politica\/legislacao\/","og_locale":"pt_BR","og_type":"article","og_title":"Legisla\u00e7\u00e3o Cultural - Secult","og_description":"Lei N\u00b0 18.012 de 1\u00b0 de abril de 2022 Institui a Lei Org\u00e2nica da Cultura do Estado do Cear\u00e1, dispondo sobre o Sistema Estadual da Cultura \u2013 Siec. VISUALIZAR Decreto N\u00b0 35.635, de 25 de agosto de 2023 Disp\u00f5e sobre os instrumentos Termo de Execu\u00e7\u00e3o Cultural, Termo de Patroc\u00ednio Cultural e Termo de Premia\u00e7\u00e3o Cultural [&hellip;]","og_url":"https:\/\/ww16.ce.gov.br\/secult\/politica\/legislacao\/","og_site_name":"Secult","article_modified_time":"2026-05-12T19:32:03+00:00","twitter_card":"summary_large_image","twitter_misc":{"Est. reading time":"3 minutos"},"schema":{"@context":"https:\/\/schema.org","@graph":[{"@type":"WebPage","@id":"https:\/\/ww16.ce.gov.br\/secult\/politica\/legislacao\/","url":"https:\/\/ww16.ce.gov.br\/secult\/politica\/legislacao\/","name":"Legisla\u00e7\u00e3o Cultural - Secult","isPartOf":{"@id":"https:\/\/ww16.ce.gov.br\/secult\/#website"},"datePublished":"2025-08-19T14:31:24+00:00","dateModified":"2026-05-12T19:32:03+00:00","breadcrumb":{"@id":"https:\/\/ww16.ce.gov.br\/secult\/politica\/legislacao\/#breadcrumb"},"inLanguage":"pt-BR","potentialAction":[{"@type":"ReadAction","target":["https:\/\/ww16.ce.gov.br\/secult\/politica\/legislacao\/"]}]},{"@type":"BreadcrumbList","@id":"https:\/\/ww16.ce.gov.br\/secult\/politica\/legislacao\/#breadcrumb","itemListElement":[{"@type":"ListItem","position":1,"name":"In\u00edcio","item":"https:\/\/ww16.ce.gov.br\/secult\/"},{"@type":"ListItem","position":2,"name":"Pol\u00edtica","item":"https:\/\/ww16.ce.gov.br\/secult\/politica\/"},{"@type":"ListItem","position":3,"name":"Legisla\u00e7\u00e3o Cultural"}]},{"@type":"WebSite","@id":"https:\/\/ww16.ce.gov.br\/secult\/#website","url":"https:\/\/ww16.ce.gov.br\/secult\/","name":"Secretaria da Cultura","description":"Portal Secult","publisher":{"@id":"https:\/\/ww16.ce.gov.br\/secult\/#organization"},"potentialAction":[{"@type":"SearchAction","target":{"@type":"EntryPoint","urlTemplate":"https:\/\/ww16.ce.gov.br\/secult\/?s={search_term_string}"},"query-input":{"@type":"PropertyValueSpecification","valueRequired":true,"valueName":"search_term_string"}}],"inLanguage":"pt-BR"},{"@type":"Organization","@id":"https:\/\/ww16.ce.gov.br\/secult\/#organization","name":"Secretaria da Cultura","url":"https:\/\/ww16.ce.gov.br\/secult\/","logo":{"@type":"ImageObject","inLanguage":"pt-BR","@id":"https:\/\/ww16.ce.gov.br\/secult\/#\/schema\/logo\/image\/","url":"http:\/\/ww16.ce.gov.br\/secult\/wp-content\/uploads\/sites\/43\/2018\/05\/secult-clara-3.png","contentUrl":"http:\/\/ww16.ce.gov.br\/secult\/wp-content\/uploads\/sites\/43\/2018\/05\/secult-clara-3.png","width":559,"height":106,"caption":"Secretaria da Cultura"},"image":{"@id":"https:\/\/ww16.ce.gov.br\/secult\/#\/schema\/logo\/image\/"}}]}},"_links":{"self":[{"href":"https:\/\/ww16.ce.gov.br\/secult\/wp-json\/wp\/v2\/pages\/45106","targetHints":{"allow":["GET"]}}],"collection":[{"href":"https:\/\/ww16.ce.gov.br\/secult\/wp-json\/wp\/v2\/pages"}],"about":[{"href":"https:\/\/ww16.ce.gov.br\/secult\/wp-json\/wp\/v2\/types\/page"}],"author":[{"embeddable":true,"href":"https:\/\/ww16.ce.gov.br\/secult\/wp-json\/wp\/v2\/users\/816"}],"replies":[{"embeddable":true,"href":"https:\/\/ww16.ce.gov.br\/secult\/wp-json\/wp\/v2\/comments?post=45106"}],"version-history":[{"count":8,"href":"https:\/\/ww16.ce.gov.br\/secult\/wp-json\/wp\/v2\/pages\/45106\/revisions"}],"predecessor-version":[{"id":51945,"href":"https:\/\/ww16.ce.gov.br\/secult\/wp-json\/wp\/v2\/pages\/45106\/revisions\/51945"}],"up":[{"embeddable":true,"href":"https:\/\/ww16.ce.gov.br\/secult\/wp-json\/wp\/v2\/pages\/51453"}],"wp:attachment":[{"href":"https:\/\/ww16.ce.gov.br\/secult\/wp-json\/wp\/v2\/media?parent=45106"}],"curies":[{"name":"wp","href":"https:\/\/api.w.org\/{rel}","templated":true}]}}