{"id":42059,"date":"2025-04-16T16:18:34","date_gmt":"2025-04-16T19:18:34","guid":{"rendered":"http:\/\/ww16.ce.gov.br\/secult\/?page_id=42059"},"modified":"2026-04-07T10:23:50","modified_gmt":"2026-04-07T13:23:50","slug":"lgpd","status":"publish","type":"page","link":"https:\/\/ww16.ce.gov.br\/secult\/institucional\/transparencia\/lgpd\/","title":{"rendered":"Lei Geral de Prote\u00e7\u00e3o de Dados (LGPD)"},"content":{"rendered":"<h2><span style=\"color: #fc6836\"><strong>Lei Geral de Prote\u00e7\u00e3o de Dados (LGPD)<\/strong><\/span><\/h2>\n<p>&nbsp;<\/p>\n<div style=\"font-size: 1.2em;text-align: justify\">\n<p>A Lei Geral de Prote\u00e7\u00e3o de Dados (LGPD), Lei n\u00ba 13.709\/2018, entrou em vigor no Brasil em setembro de 2020, marcando um importante avan\u00e7o na prote\u00e7\u00e3o da privacidade e seguran\u00e7a dos dados pessoais dos cidad\u00e3os. Inspirada no Regulamento Geral sobre a Prote\u00e7\u00e3o de Dados (GDPR) da Uni\u00e3o Europeia, a LGPD define diretrizes claras para o tratamento de informa\u00e7\u00f5es pessoais, aplic\u00e1veis tanto a organiza\u00e7\u00f5es p\u00fablicas quanto privadas.<\/p>\n<p>&nbsp;<\/p>\n<p>No Cear\u00e1, a LGPD foi regulamentada pela Lei n\u00ba 18.699, de 07 de mar\u00e7o de 2024, que estabelece o Modelo de Governan\u00e7a da Prote\u00e7\u00e3o de Dados Pessoais no \u00e2mbito do Poder Executivo Estadual. Essa lei visa assegurar a implementa\u00e7\u00e3o de pr\u00e1ticas adequadas de gest\u00e3o e prote\u00e7\u00e3o de dados, refor\u00e7ando a transpar\u00eancia e o respeito aos direitos dos titulares.<\/p>\n<p>&nbsp;<\/p>\n<p>O Art. 7\u00ba do referido regramento estabeleceu que os \u00f3rg\u00e3os p\u00fablicos dever\u00e3o instituir, por ato pr\u00f3prio, seu Comit\u00ea Setorial de Prote\u00e7\u00e3o de Dados Pessoais \u2013 CSPD, o qual, preferencialmente, dever\u00e1 ter a seguinte composi\u00e7\u00e3o:<\/p>\n<p>&nbsp;<\/p>\n<p>I \u2013 2 (dois) representantes da gest\u00e3o superior;<br \/>\nII \u2013 representante da \u00e1rea de tecnologia;<br \/>\nIII \u2013 representante da unidade setorial de controle interno;<br \/>\nIV \u2013 encarregado de dados pessoais.<\/p>\n<p>&nbsp;<\/p>\n<h3><strong>Comit\u00ea Setorial de Prote\u00e7\u00e3o de Dados Pessoais<\/strong><\/h3>\n<p>&nbsp;<\/p>\n<p>\u25cf\u00a0 Luisa Cela de Arruda Co\u00ealho<\/p>\n<p>\u25cf\u00a0 Gec\u00edola Fonseca Torres<\/p>\n<p>\u25cf\u00a0 David Tahim Alves Brito<\/p>\n<p>\u25cf\u00a0 Alana Gabriela Soares de Lima<\/p>\n<p>&nbsp;<\/p>\n<h3><strong>Encarregado de Dados Pessoais<\/strong><\/h3>\n<p>&nbsp;<\/p>\n<p><strong>Alana Gabriela Soares de Lima<\/strong><br \/>\nEmail:\u00a0<a>alana.lima@secult.ce.gov.br<\/a><br \/>\nTelefone: (85) 98672-3741<\/p>\n<p>&nbsp;<\/p>\n<h3><strong>Canais de Comunica\u00e7\u00e3o<\/strong><\/h3>\n<p>&nbsp;<\/p>\n<p>Para fazer uma reclama\u00e7\u00e3o, elogio, den\u00fancia, sugest\u00e3o ou solicita\u00e7\u00e3o acerca do tratamento de dados pessoais, acesse o link:<\/p>\n<ul class=\"ListaDecorada\">\n<li><a href=\"https:\/\/cearatransparente.ce.gov.br\/sign_in?locale=pt-BR&amp;ticket_type=sou\" target=\"_blank\" rel=\"noopener\">Manifesta\u00e7\u00e3o de Ouvidoria<\/a><\/li>\n<\/ul>\n<p>&nbsp;<\/p>\n<p>Para fazer uma solicita\u00e7\u00e3o de informa\u00e7\u00e3o acerca do tratamento de dados pessoais, acesse o link:<\/p>\n<ul class=\"ListaDecorada\">\n<li style=\"list-style-type: none\">\n<ul class=\"ListaDecorada\">\n<li><a href=\"https:\/\/cearatransparente.ce.gov.br\/sign_in?locale=pt-BR&amp;ticket_type=sic\" target=\"_blank\" rel=\"noopener\">Solicita\u00e7\u00e3o de Informa\u00e7\u00e3o<\/a><\/li>\n<\/ul>\n<\/li>\n<\/ul>\n<\/div>\n","protected":false},"excerpt":{"rendered":"<p>Lei Geral de Prote\u00e7\u00e3o de Dados (LGPD) &nbsp; A Lei Geral de Prote\u00e7\u00e3o de Dados (LGPD), Lei n\u00ba 13.709\/2018, entrou em vigor no Brasil em setembro de 2020, marcando um importante avan\u00e7o na prote\u00e7\u00e3o da privacidade e seguran\u00e7a dos dados pessoais dos cidad\u00e3os. Inspirada no Regulamento Geral sobre a Prote\u00e7\u00e3o de Dados (GDPR) da Uni\u00e3o [&hellip;]<\/p>\n","protected":false},"author":708,"featured_media":0,"parent":51527,"menu_order":0,"comment_status":"closed","ping_status":"closed","template":"","meta":{"_acf_changed":false,"inline_featured_image":false,"footnotes":""},"class_list":["post-42059","page","type-page","status-publish","hentry"],"acf":[],"yoast_head":"<!-- This site is optimized with the Yoast SEO plugin v26.9 - https:\/\/yoast.com\/product\/yoast-seo-wordpress\/ -->\n<title>Lei Geral de Prote\u00e7\u00e3o de Dados (LGPD) - Secult<\/title>\n<meta name=\"robots\" content=\"index, follow, max-snippet:-1, max-image-preview:large, max-video-preview:-1\" \/>\n<link rel=\"canonical\" href=\"https:\/\/ww16.ce.gov.br\/secult\/institucional\/transparencia\/lgpd\/\" \/>\n<meta property=\"og:locale\" content=\"pt_BR\" \/>\n<meta property=\"og:type\" content=\"article\" \/>\n<meta property=\"og:title\" content=\"Lei Geral de Prote\u00e7\u00e3o de Dados (LGPD) - Secult\" \/>\n<meta property=\"og:description\" content=\"Lei Geral de Prote\u00e7\u00e3o de Dados (LGPD) &nbsp; A Lei Geral de Prote\u00e7\u00e3o de Dados (LGPD), Lei n\u00ba 13.709\/2018, entrou em vigor no Brasil em setembro de 2020, marcando um importante avan\u00e7o na prote\u00e7\u00e3o da privacidade e seguran\u00e7a dos dados pessoais dos cidad\u00e3os. Inspirada no Regulamento Geral sobre a Prote\u00e7\u00e3o de Dados (GDPR) da Uni\u00e3o [&hellip;]\" \/>\n<meta property=\"og:url\" content=\"https:\/\/ww16.ce.gov.br\/secult\/institucional\/transparencia\/lgpd\/\" \/>\n<meta property=\"og:site_name\" content=\"Secult\" \/>\n<meta property=\"article:modified_time\" content=\"2026-04-07T13:23:50+00:00\" \/>\n<meta name=\"twitter:card\" content=\"summary_large_image\" \/>\n<meta name=\"twitter:label1\" content=\"Est. reading time\" \/>\n\t<meta name=\"twitter:data1\" content=\"2 minutos\" \/>\n<script type=\"application\/ld+json\" class=\"yoast-schema-graph\">{\"@context\":\"https:\/\/schema.org\",\"@graph\":[{\"@type\":\"WebPage\",\"@id\":\"https:\/\/ww16.ce.gov.br\/secult\/institucional\/transparencia\/lgpd\/\",\"url\":\"https:\/\/ww16.ce.gov.br\/secult\/institucional\/transparencia\/lgpd\/\",\"name\":\"Lei Geral de Prote\u00e7\u00e3o de Dados (LGPD) - Secult\",\"isPartOf\":{\"@id\":\"https:\/\/ww16.ce.gov.br\/secult\/#website\"},\"datePublished\":\"2025-04-16T19:18:34+00:00\",\"dateModified\":\"2026-04-07T13:23:50+00:00\",\"breadcrumb\":{\"@id\":\"https:\/\/ww16.ce.gov.br\/secult\/institucional\/transparencia\/lgpd\/#breadcrumb\"},\"inLanguage\":\"pt-BR\",\"potentialAction\":[{\"@type\":\"ReadAction\",\"target\":[\"https:\/\/ww16.ce.gov.br\/secult\/institucional\/transparencia\/lgpd\/\"]}]},{\"@type\":\"BreadcrumbList\",\"@id\":\"https:\/\/ww16.ce.gov.br\/secult\/institucional\/transparencia\/lgpd\/#breadcrumb\",\"itemListElement\":[{\"@type\":\"ListItem\",\"position\":1,\"name\":\"In\u00edcio\",\"item\":\"https:\/\/ww16.ce.gov.br\/secult\/\"},{\"@type\":\"ListItem\",\"position\":2,\"name\":\"Institucional\",\"item\":\"https:\/\/ww16.ce.gov.br\/secult\/institucional\/\"},{\"@type\":\"ListItem\",\"position\":3,\"name\":\"Transpar\u00eancia\",\"item\":\"https:\/\/ww16.ce.gov.br\/secult\/institucional\/transparencia\/\"},{\"@type\":\"ListItem\",\"position\":4,\"name\":\"Lei Geral de Prote\u00e7\u00e3o de Dados (LGPD)\"}]},{\"@type\":\"WebSite\",\"@id\":\"https:\/\/ww16.ce.gov.br\/secult\/#website\",\"url\":\"https:\/\/ww16.ce.gov.br\/secult\/\",\"name\":\"Secretaria da Cultura\",\"description\":\"Portal Secult\",\"publisher\":{\"@id\":\"https:\/\/ww16.ce.gov.br\/secult\/#organization\"},\"potentialAction\":[{\"@type\":\"SearchAction\",\"target\":{\"@type\":\"EntryPoint\",\"urlTemplate\":\"https:\/\/ww16.ce.gov.br\/secult\/?s={search_term_string}\"},\"query-input\":{\"@type\":\"PropertyValueSpecification\",\"valueRequired\":true,\"valueName\":\"search_term_string\"}}],\"inLanguage\":\"pt-BR\"},{\"@type\":\"Organization\",\"@id\":\"https:\/\/ww16.ce.gov.br\/secult\/#organization\",\"name\":\"Secretaria da Cultura\",\"url\":\"https:\/\/ww16.ce.gov.br\/secult\/\",\"logo\":{\"@type\":\"ImageObject\",\"inLanguage\":\"pt-BR\",\"@id\":\"https:\/\/ww16.ce.gov.br\/secult\/#\/schema\/logo\/image\/\",\"url\":\"http:\/\/ww16.ce.gov.br\/secult\/wp-content\/uploads\/sites\/43\/2018\/05\/secult-clara-3.png\",\"contentUrl\":\"http:\/\/ww16.ce.gov.br\/secult\/wp-content\/uploads\/sites\/43\/2018\/05\/secult-clara-3.png\",\"width\":559,\"height\":106,\"caption\":\"Secretaria da Cultura\"},\"image\":{\"@id\":\"https:\/\/ww16.ce.gov.br\/secult\/#\/schema\/logo\/image\/\"}}]}<\/script>\n<!-- \/ Yoast SEO plugin. -->","yoast_head_json":{"title":"Lei Geral de Prote\u00e7\u00e3o de Dados (LGPD) - Secult","robots":{"index":"index","follow":"follow","max-snippet":"max-snippet:-1","max-image-preview":"max-image-preview:large","max-video-preview":"max-video-preview:-1"},"canonical":"https:\/\/ww16.ce.gov.br\/secult\/institucional\/transparencia\/lgpd\/","og_locale":"pt_BR","og_type":"article","og_title":"Lei Geral de Prote\u00e7\u00e3o de Dados (LGPD) - Secult","og_description":"Lei Geral de Prote\u00e7\u00e3o de Dados (LGPD) &nbsp; A Lei Geral de Prote\u00e7\u00e3o de Dados (LGPD), Lei n\u00ba 13.709\/2018, entrou em vigor no Brasil em setembro de 2020, marcando um importante avan\u00e7o na prote\u00e7\u00e3o da privacidade e seguran\u00e7a dos dados pessoais dos cidad\u00e3os. Inspirada no Regulamento Geral sobre a Prote\u00e7\u00e3o de Dados (GDPR) da Uni\u00e3o [&hellip;]","og_url":"https:\/\/ww16.ce.gov.br\/secult\/institucional\/transparencia\/lgpd\/","og_site_name":"Secult","article_modified_time":"2026-04-07T13:23:50+00:00","twitter_card":"summary_large_image","twitter_misc":{"Est. reading time":"2 minutos"},"schema":{"@context":"https:\/\/schema.org","@graph":[{"@type":"WebPage","@id":"https:\/\/ww16.ce.gov.br\/secult\/institucional\/transparencia\/lgpd\/","url":"https:\/\/ww16.ce.gov.br\/secult\/institucional\/transparencia\/lgpd\/","name":"Lei Geral de Prote\u00e7\u00e3o de Dados (LGPD) - Secult","isPartOf":{"@id":"https:\/\/ww16.ce.gov.br\/secult\/#website"},"datePublished":"2025-04-16T19:18:34+00:00","dateModified":"2026-04-07T13:23:50+00:00","breadcrumb":{"@id":"https:\/\/ww16.ce.gov.br\/secult\/institucional\/transparencia\/lgpd\/#breadcrumb"},"inLanguage":"pt-BR","potentialAction":[{"@type":"ReadAction","target":["https:\/\/ww16.ce.gov.br\/secult\/institucional\/transparencia\/lgpd\/"]}]},{"@type":"BreadcrumbList","@id":"https:\/\/ww16.ce.gov.br\/secult\/institucional\/transparencia\/lgpd\/#breadcrumb","itemListElement":[{"@type":"ListItem","position":1,"name":"In\u00edcio","item":"https:\/\/ww16.ce.gov.br\/secult\/"},{"@type":"ListItem","position":2,"name":"Institucional","item":"https:\/\/ww16.ce.gov.br\/secult\/institucional\/"},{"@type":"ListItem","position":3,"name":"Transpar\u00eancia","item":"https:\/\/ww16.ce.gov.br\/secult\/institucional\/transparencia\/"},{"@type":"ListItem","position":4,"name":"Lei Geral de Prote\u00e7\u00e3o de Dados (LGPD)"}]},{"@type":"WebSite","@id":"https:\/\/ww16.ce.gov.br\/secult\/#website","url":"https:\/\/ww16.ce.gov.br\/secult\/","name":"Secretaria da Cultura","description":"Portal Secult","publisher":{"@id":"https:\/\/ww16.ce.gov.br\/secult\/#organization"},"potentialAction":[{"@type":"SearchAction","target":{"@type":"EntryPoint","urlTemplate":"https:\/\/ww16.ce.gov.br\/secult\/?s={search_term_string}"},"query-input":{"@type":"PropertyValueSpecification","valueRequired":true,"valueName":"search_term_string"}}],"inLanguage":"pt-BR"},{"@type":"Organization","@id":"https:\/\/ww16.ce.gov.br\/secult\/#organization","name":"Secretaria da Cultura","url":"https:\/\/ww16.ce.gov.br\/secult\/","logo":{"@type":"ImageObject","inLanguage":"pt-BR","@id":"https:\/\/ww16.ce.gov.br\/secult\/#\/schema\/logo\/image\/","url":"http:\/\/ww16.ce.gov.br\/secult\/wp-content\/uploads\/sites\/43\/2018\/05\/secult-clara-3.png","contentUrl":"http:\/\/ww16.ce.gov.br\/secult\/wp-content\/uploads\/sites\/43\/2018\/05\/secult-clara-3.png","width":559,"height":106,"caption":"Secretaria da Cultura"},"image":{"@id":"https:\/\/ww16.ce.gov.br\/secult\/#\/schema\/logo\/image\/"}}]}},"_links":{"self":[{"href":"https:\/\/ww16.ce.gov.br\/secult\/wp-json\/wp\/v2\/pages\/42059","targetHints":{"allow":["GET"]}}],"collection":[{"href":"https:\/\/ww16.ce.gov.br\/secult\/wp-json\/wp\/v2\/pages"}],"about":[{"href":"https:\/\/ww16.ce.gov.br\/secult\/wp-json\/wp\/v2\/types\/page"}],"author":[{"embeddable":true,"href":"https:\/\/ww16.ce.gov.br\/secult\/wp-json\/wp\/v2\/users\/708"}],"replies":[{"embeddable":true,"href":"https:\/\/ww16.ce.gov.br\/secult\/wp-json\/wp\/v2\/comments?post=42059"}],"version-history":[{"count":8,"href":"https:\/\/ww16.ce.gov.br\/secult\/wp-json\/wp\/v2\/pages\/42059\/revisions"}],"predecessor-version":[{"id":44887,"href":"https:\/\/ww16.ce.gov.br\/secult\/wp-json\/wp\/v2\/pages\/42059\/revisions\/44887"}],"up":[{"embeddable":true,"href":"https:\/\/ww16.ce.gov.br\/secult\/wp-json\/wp\/v2\/pages\/51527"}],"wp:attachment":[{"href":"https:\/\/ww16.ce.gov.br\/secult\/wp-json\/wp\/v2\/media?parent=42059"}],"curies":[{"name":"wp","href":"https:\/\/api.w.org\/{rel}","templated":true}]}}