{"id":39639,"date":"2025-01-16T12:06:34","date_gmt":"2025-01-16T15:06:34","guid":{"rendered":"http:\/\/ww16.ce.gov.br\/secult\/?page_id=39639"},"modified":"2026-04-22T11:31:28","modified_gmt":"2026-04-22T14:31:28","slug":"guias-pnab","status":"publish","type":"page","link":"https:\/\/ww16.ce.gov.br\/secult\/politica\/publicacoes\/guias-pnab\/","title":{"rendered":"Cartilhas PNAB"},"content":{"rendered":"<div style=\"font-size: 1.3em;text-align: justify\">\n<p>A Secretaria da Cultura do Cear\u00e1 (Secult Cear\u00e1) disponibiliza publica\u00e7\u00f5es sobre a Pol\u00edtica Nacional Aldir Blanc Cear\u00e1 para agentes culturais e equipes gestoras dos munic\u00edpios.<\/p>\n<p>&nbsp;<\/p>\n<p>A ideia \u00e9 que esses materiais orientem as pessoas interessadas na constru\u00e7\u00e3o de projetos relevantes, facilitando o acesso aos recursos por meio das diversas fontes de fomento, como editais e leis de incentivo voltadas para atividades culturais.<\/p>\n<p>&nbsp;<\/p>\n<p>Est\u00e3o dispon\u00edveis cartilhas e guias pr\u00e1ticos. Todas as publica\u00e7\u00f5es s\u00e3o gratuitas e podem ser acessadas nos links abaixo.<\/p>\n<p>&nbsp;<\/p>\n<p><strong>Boa leitura!<\/strong><\/p>\n<p>&nbsp;<\/p>\n<h3><strong><span style=\"color: #fc6836\">Cartilhas da Pol\u00edtica Nacional Aldir Blanc para agentes culturais<\/span><\/strong><\/h3>\n<p>&nbsp;<\/p>\n<div>\n<ul class=\"ListaDecorada\">\n<li><a href=\"\/wp-content\/uploads\/sites\/83\/2025\/09\/Cartilha-de-execucao-de-projetos-PNAB.pdf\" target=\"_blank\" rel=\"noopener\">Execu\u00e7\u00e3o de Projeto Cultural e Utiliza\u00e7\u00e3o dos Recursos<\/a><\/li>\n<li><a href=\"\/wp-content\/uploads\/sites\/83\/2025\/09\/Cartilha-de-premiacao-cultural-PNAB.pdf\" target=\"_blank\" rel=\"noopener\">Premia\u00e7\u00e3o Cultural<\/a><\/li>\n<\/ul>\n<p>&nbsp;<\/p>\n<h3><span style=\"color: #fc6836\"><strong>Guias Pr\u00e1ticos da Pol\u00edtica Nacional Aldir Blanc<\/strong><\/span><\/h3>\n<p>&nbsp;<\/p>\n<h4><span style=\"color: #028245\"><strong>\u00a0\/\/\/ Guias Pr\u00e1ticos PNAB-CE<\/strong><\/span><\/h4>\n<\/div>\n<p>&nbsp;<\/p>\n<div>\n<ul class=\"ListaDecorada\">\n<li><a href=\"\/wp-content\/uploads\/sites\/83\/2025\/01\/Guia-1-Elaboracao-de-Projetos-PNABCE.pdf\" target=\"blank\" rel=\"noopener\">Guia 1 &#8211; Elabora\u00e7\u00e3o de Projetos<\/a><\/li>\n<li><a href=\"\/wp-content\/uploads\/sites\/83\/2025\/01\/Guia-2-Acessibilidade-Cultural-PNABCE.pdf\" target=\"blank\" rel=\"noopener\">Guia 2 &#8211; Acessibilidade Cultural<\/a><\/li>\n<li><a href=\"\/wp-content\/uploads\/sites\/83\/2025\/04\/Guia-3-Patrimonio-Cultural-PNABCE.pdf\" target=\"blank\" rel=\"noopener\">Guia 3 &#8211; Patrim\u00f4nio Cultural<\/a><\/li>\n<li><a href=\"\/wp-content\/uploads\/sites\/83\/2025\/02\/Guia-Pratico-para-Gestores-de-Cultura-do-Ceara.pdf\" target=\"blank\" rel=\"noopener\">Guia 4 &#8211; Guia Pr\u00e1tico para Gestores de Cultura do Cear\u00e1<\/a><\/li>\n<li><a href=\"\/wp-content\/uploads\/sites\/83\/2025\/02\/Guia-5-Agentes-Culturais-do-Ceara-PNABCE.pdf\">Guia 5 &#8211; Guia Pr\u00e1tico para Agentes Culturais do Cear\u00e1<\/a><\/li>\n<li><a href=\"\/wp-content\/uploads\/sites\/83\/2025\/03\/Guia-6-Lei-Organica-da-Cultura-do-Estado.pdf\">Guia 6 &#8211; Guia Pr\u00e1tico da Lei Org\u00e2nica da Cultura do Cear\u00e1<\/a><\/li>\n<\/ul>\n<\/div>\n<p>&nbsp;<\/p>\n<h4><span style=\"color: #028245\"><strong>\/\/\/ PDFs acess\u00edveis dos Guias Pr\u00e1ticos, para pessoas cegas ou com baixa vis\u00e3o<\/strong><\/span><\/h4>\n<p>&nbsp;<\/p>\n<div>\n<ul class=\"ListaDecorada\">\n<li><a href=\"\/wp-content\/uploads\/sites\/83\/2025\/01\/Guia-de-Elaboracao-de-Projetos_PDFACESSIVEL.pdf\" target=\"blank\" rel=\"noopener\">Guia de Elabora\u00e7\u00e3o de Projetos<\/a><\/li>\n<li><a href=\"\/wp-content\/uploads\/sites\/83\/2025\/01\/Guia-de-Acessibilidade-Cultural_PDFACESSIVEL.pdf\" target=\"blank\" rel=\"noopener\">Guia de Acessibilidade Cultural<\/a><\/li>\n<li><a href=\"\/wp-content\/uploads\/sites\/83\/2025\/01\/Guia-de-Patrimonio-Cultural_PDFACESSIVEL.pdf\" target=\"blank\" rel=\"noopener\">Guia de Patrim\u00f4nio Cultural<\/a><\/li>\n<li><a href=\"\/wp-content\/uploads\/sites\/83\/2025\/02\/Guia-5-Acessivel.pdf\" target=\"blank\" rel=\"noopener\">Guia Pr\u00e1tico para Gestores de Cultura do Cear\u00e1<\/a><\/li>\n<li><a href=\"https:\/\/ww16.ce.gov.br\/secult\/wp-content\/uploads\/sites\/83\/2025\/02\/PDF-ACESSIVEL-GUIA-PRATICO-PARA-AGENTES-CULTURAIS-DO-CEARA-POLITICA-NACIONAL-ALDIR-BLANC-PNAB-\u2013-SECULT-CEARA-2025.pdf\">Guia Pr\u00e1tico para Agentes Culturais do Cear\u00e1<\/a><\/li>\n<li><a href=\"https:\/\/ww16.ce.gov.br\/secult\/wp-content\/uploads\/sites\/83\/2025\/03\/3.-PDF-ACESSIVEL-Guia-Pratico-da-Lei-Organica-da-Cultura-do-Estado-do-Ceara.pdf\">Guia Pr\u00e1tico da Lei Org\u00e2nica da Cultura do Cear\u00e1<\/a><\/li>\n<\/ul>\n<\/div>\n<\/div>\n","protected":false},"excerpt":{"rendered":"<p>A Secretaria da Cultura do Cear\u00e1 (Secult Cear\u00e1) disponibiliza publica\u00e7\u00f5es sobre a Pol\u00edtica Nacional Aldir Blanc Cear\u00e1 para agentes culturais e equipes gestoras dos munic\u00edpios. &nbsp; A ideia \u00e9 que esses materiais orientem as pessoas interessadas na constru\u00e7\u00e3o de projetos relevantes, facilitando o acesso aos recursos por meio das diversas fontes de fomento, como editais [&hellip;]<\/p>\n","protected":false},"author":708,"featured_media":0,"parent":32456,"menu_order":0,"comment_status":"closed","ping_status":"closed","template":"","meta":{"_acf_changed":false,"inline_featured_image":false,"footnotes":""},"class_list":["post-39639","page","type-page","status-publish","hentry"],"acf":[],"yoast_head":"<!-- This site is optimized with the Yoast SEO plugin v26.9 - https:\/\/yoast.com\/product\/yoast-seo-wordpress\/ -->\n<title>Cartilhas PNAB - Secult<\/title>\n<meta name=\"robots\" content=\"index, follow, max-snippet:-1, max-image-preview:large, max-video-preview:-1\" \/>\n<link rel=\"canonical\" href=\"https:\/\/ww16.ce.gov.br\/secult\/politica\/publicacoes\/guias-pnab\/\" \/>\n<meta property=\"og:locale\" content=\"pt_BR\" \/>\n<meta property=\"og:type\" content=\"article\" \/>\n<meta property=\"og:title\" content=\"Cartilhas PNAB - Secult\" \/>\n<meta property=\"og:description\" content=\"A Secretaria da Cultura do Cear\u00e1 (Secult Cear\u00e1) disponibiliza publica\u00e7\u00f5es sobre a Pol\u00edtica Nacional Aldir Blanc Cear\u00e1 para agentes culturais e equipes gestoras dos munic\u00edpios. &nbsp; A ideia \u00e9 que esses materiais orientem as pessoas interessadas na constru\u00e7\u00e3o de projetos relevantes, facilitando o acesso aos recursos por meio das diversas fontes de fomento, como editais [&hellip;]\" \/>\n<meta property=\"og:url\" content=\"https:\/\/ww16.ce.gov.br\/secult\/politica\/publicacoes\/guias-pnab\/\" \/>\n<meta property=\"og:site_name\" content=\"Secult\" \/>\n<meta property=\"article:modified_time\" content=\"2026-04-22T14:31:28+00:00\" \/>\n<meta name=\"twitter:card\" content=\"summary_large_image\" \/>\n<meta name=\"twitter:label1\" content=\"Est. reading time\" \/>\n\t<meta name=\"twitter:data1\" content=\"2 minutos\" \/>\n<script type=\"application\/ld+json\" class=\"yoast-schema-graph\">{\"@context\":\"https:\/\/schema.org\",\"@graph\":[{\"@type\":\"WebPage\",\"@id\":\"https:\/\/ww16.ce.gov.br\/secult\/politica\/publicacoes\/guias-pnab\/\",\"url\":\"https:\/\/ww16.ce.gov.br\/secult\/politica\/publicacoes\/guias-pnab\/\",\"name\":\"Cartilhas PNAB - Secult\",\"isPartOf\":{\"@id\":\"https:\/\/ww16.ce.gov.br\/secult\/#website\"},\"datePublished\":\"2025-01-16T15:06:34+00:00\",\"dateModified\":\"2026-04-22T14:31:28+00:00\",\"breadcrumb\":{\"@id\":\"https:\/\/ww16.ce.gov.br\/secult\/politica\/publicacoes\/guias-pnab\/#breadcrumb\"},\"inLanguage\":\"pt-BR\",\"potentialAction\":[{\"@type\":\"ReadAction\",\"target\":[\"https:\/\/ww16.ce.gov.br\/secult\/politica\/publicacoes\/guias-pnab\/\"]}]},{\"@type\":\"BreadcrumbList\",\"@id\":\"https:\/\/ww16.ce.gov.br\/secult\/politica\/publicacoes\/guias-pnab\/#breadcrumb\",\"itemListElement\":[{\"@type\":\"ListItem\",\"position\":1,\"name\":\"In\u00edcio\",\"item\":\"https:\/\/ww16.ce.gov.br\/secult\/\"},{\"@type\":\"ListItem\",\"position\":2,\"name\":\"Pol\u00edtica\",\"item\":\"https:\/\/ww16.ce.gov.br\/secult\/politica\/\"},{\"@type\":\"ListItem\",\"position\":3,\"name\":\"Publica\u00e7\u00f5es\",\"item\":\"https:\/\/ww16.ce.gov.br\/secult\/politica\/publicacoes\/\"},{\"@type\":\"ListItem\",\"position\":4,\"name\":\"Cartilhas PNAB\"}]},{\"@type\":\"WebSite\",\"@id\":\"https:\/\/ww16.ce.gov.br\/secult\/#website\",\"url\":\"https:\/\/ww16.ce.gov.br\/secult\/\",\"name\":\"Secretaria da Cultura\",\"description\":\"Portal Secult\",\"publisher\":{\"@id\":\"https:\/\/ww16.ce.gov.br\/secult\/#organization\"},\"potentialAction\":[{\"@type\":\"SearchAction\",\"target\":{\"@type\":\"EntryPoint\",\"urlTemplate\":\"https:\/\/ww16.ce.gov.br\/secult\/?s={search_term_string}\"},\"query-input\":{\"@type\":\"PropertyValueSpecification\",\"valueRequired\":true,\"valueName\":\"search_term_string\"}}],\"inLanguage\":\"pt-BR\"},{\"@type\":\"Organization\",\"@id\":\"https:\/\/ww16.ce.gov.br\/secult\/#organization\",\"name\":\"Secretaria da Cultura\",\"url\":\"https:\/\/ww16.ce.gov.br\/secult\/\",\"logo\":{\"@type\":\"ImageObject\",\"inLanguage\":\"pt-BR\",\"@id\":\"https:\/\/ww16.ce.gov.br\/secult\/#\/schema\/logo\/image\/\",\"url\":\"http:\/\/ww16.ce.gov.br\/secult\/wp-content\/uploads\/sites\/43\/2018\/05\/secult-clara-3.png\",\"contentUrl\":\"http:\/\/ww16.ce.gov.br\/secult\/wp-content\/uploads\/sites\/43\/2018\/05\/secult-clara-3.png\",\"width\":559,\"height\":106,\"caption\":\"Secretaria da Cultura\"},\"image\":{\"@id\":\"https:\/\/ww16.ce.gov.br\/secult\/#\/schema\/logo\/image\/\"}}]}<\/script>\n<!-- \/ Yoast SEO plugin. -->","yoast_head_json":{"title":"Cartilhas PNAB - Secult","robots":{"index":"index","follow":"follow","max-snippet":"max-snippet:-1","max-image-preview":"max-image-preview:large","max-video-preview":"max-video-preview:-1"},"canonical":"https:\/\/ww16.ce.gov.br\/secult\/politica\/publicacoes\/guias-pnab\/","og_locale":"pt_BR","og_type":"article","og_title":"Cartilhas PNAB - Secult","og_description":"A Secretaria da Cultura do Cear\u00e1 (Secult Cear\u00e1) disponibiliza publica\u00e7\u00f5es sobre a Pol\u00edtica Nacional Aldir Blanc Cear\u00e1 para agentes culturais e equipes gestoras dos munic\u00edpios. &nbsp; A ideia \u00e9 que esses materiais orientem as pessoas interessadas na constru\u00e7\u00e3o de projetos relevantes, facilitando o acesso aos recursos por meio das diversas fontes de fomento, como editais [&hellip;]","og_url":"https:\/\/ww16.ce.gov.br\/secult\/politica\/publicacoes\/guias-pnab\/","og_site_name":"Secult","article_modified_time":"2026-04-22T14:31:28+00:00","twitter_card":"summary_large_image","twitter_misc":{"Est. reading time":"2 minutos"},"schema":{"@context":"https:\/\/schema.org","@graph":[{"@type":"WebPage","@id":"https:\/\/ww16.ce.gov.br\/secult\/politica\/publicacoes\/guias-pnab\/","url":"https:\/\/ww16.ce.gov.br\/secult\/politica\/publicacoes\/guias-pnab\/","name":"Cartilhas PNAB - Secult","isPartOf":{"@id":"https:\/\/ww16.ce.gov.br\/secult\/#website"},"datePublished":"2025-01-16T15:06:34+00:00","dateModified":"2026-04-22T14:31:28+00:00","breadcrumb":{"@id":"https:\/\/ww16.ce.gov.br\/secult\/politica\/publicacoes\/guias-pnab\/#breadcrumb"},"inLanguage":"pt-BR","potentialAction":[{"@type":"ReadAction","target":["https:\/\/ww16.ce.gov.br\/secult\/politica\/publicacoes\/guias-pnab\/"]}]},{"@type":"BreadcrumbList","@id":"https:\/\/ww16.ce.gov.br\/secult\/politica\/publicacoes\/guias-pnab\/#breadcrumb","itemListElement":[{"@type":"ListItem","position":1,"name":"In\u00edcio","item":"https:\/\/ww16.ce.gov.br\/secult\/"},{"@type":"ListItem","position":2,"name":"Pol\u00edtica","item":"https:\/\/ww16.ce.gov.br\/secult\/politica\/"},{"@type":"ListItem","position":3,"name":"Publica\u00e7\u00f5es","item":"https:\/\/ww16.ce.gov.br\/secult\/politica\/publicacoes\/"},{"@type":"ListItem","position":4,"name":"Cartilhas PNAB"}]},{"@type":"WebSite","@id":"https:\/\/ww16.ce.gov.br\/secult\/#website","url":"https:\/\/ww16.ce.gov.br\/secult\/","name":"Secretaria da Cultura","description":"Portal Secult","publisher":{"@id":"https:\/\/ww16.ce.gov.br\/secult\/#organization"},"potentialAction":[{"@type":"SearchAction","target":{"@type":"EntryPoint","urlTemplate":"https:\/\/ww16.ce.gov.br\/secult\/?s={search_term_string}"},"query-input":{"@type":"PropertyValueSpecification","valueRequired":true,"valueName":"search_term_string"}}],"inLanguage":"pt-BR"},{"@type":"Organization","@id":"https:\/\/ww16.ce.gov.br\/secult\/#organization","name":"Secretaria da Cultura","url":"https:\/\/ww16.ce.gov.br\/secult\/","logo":{"@type":"ImageObject","inLanguage":"pt-BR","@id":"https:\/\/ww16.ce.gov.br\/secult\/#\/schema\/logo\/image\/","url":"http:\/\/ww16.ce.gov.br\/secult\/wp-content\/uploads\/sites\/43\/2018\/05\/secult-clara-3.png","contentUrl":"http:\/\/ww16.ce.gov.br\/secult\/wp-content\/uploads\/sites\/43\/2018\/05\/secult-clara-3.png","width":559,"height":106,"caption":"Secretaria da Cultura"},"image":{"@id":"https:\/\/ww16.ce.gov.br\/secult\/#\/schema\/logo\/image\/"}}]}},"_links":{"self":[{"href":"https:\/\/ww16.ce.gov.br\/secult\/wp-json\/wp\/v2\/pages\/39639","targetHints":{"allow":["GET"]}}],"collection":[{"href":"https:\/\/ww16.ce.gov.br\/secult\/wp-json\/wp\/v2\/pages"}],"about":[{"href":"https:\/\/ww16.ce.gov.br\/secult\/wp-json\/wp\/v2\/types\/page"}],"author":[{"embeddable":true,"href":"https:\/\/ww16.ce.gov.br\/secult\/wp-json\/wp\/v2\/users\/708"}],"replies":[{"embeddable":true,"href":"https:\/\/ww16.ce.gov.br\/secult\/wp-json\/wp\/v2\/comments?post=39639"}],"version-history":[{"count":48,"href":"https:\/\/ww16.ce.gov.br\/secult\/wp-json\/wp\/v2\/pages\/39639\/revisions"}],"predecessor-version":[{"id":47349,"href":"https:\/\/ww16.ce.gov.br\/secult\/wp-json\/wp\/v2\/pages\/39639\/revisions\/47349"}],"up":[{"embeddable":true,"href":"https:\/\/ww16.ce.gov.br\/secult\/wp-json\/wp\/v2\/pages\/32456"}],"wp:attachment":[{"href":"https:\/\/ww16.ce.gov.br\/secult\/wp-json\/wp\/v2\/media?parent=39639"}],"curies":[{"name":"wp","href":"https:\/\/api.w.org\/{rel}","templated":true}]}}