{"id":39098,"date":"2024-12-11T10:56:16","date_gmt":"2024-12-11T13:56:16","guid":{"rendered":"http:\/\/ww16.ce.gov.br\/secult\/?page_id=39098"},"modified":"2026-04-15T15:57:01","modified_gmt":"2026-04-15T18:57:01","slug":"siepac","status":"publish","type":"page","link":"https:\/\/ww16.ce.gov.br\/secult\/politica\/eixos\/patrimonio\/siepac\/","title":{"rendered":"Sistema Estadual do Patrim\u00f4nio Cultural (Siepac)"},"content":{"rendered":"<p>O Sistema Estadual do Patrim\u00f4nio Cultural (Siepac) foi criado para articular a realiza\u00e7\u00e3o de a\u00e7\u00f5es organizadas para a preserva\u00e7\u00e3o do patrim\u00f4nio junto \u00e0 sociedade civil, munic\u00edpios, outros \u00f3rg\u00e3os estaduais e os entes federados. O objetivo do Siepac \u00e9 integrar pol\u00edticas e desenvolver novos m\u00e9todos para preservar o patrim\u00f4nio.<br \/>\n&nbsp;<br \/>\nTem como diretrizes a Gest\u00e3o Participativa, o Planejamento, o Ciclo de Planejamento, o Desenvolvimento Sustent\u00e1vel, a Gest\u00e3o C\u00edclica, a Fiscaliza\u00e7\u00e3o e a Transpar\u00eancia Ativa.<br \/>\n&nbsp;<br \/>\nA partir do Siepac, seremos capazes de construir uma rede de trocas, apoios e parcerias com o objetivo de proteger e estudar o patrim\u00f4nio cultural cearense e brasileiro.<br \/>\n&nbsp;<br \/>\nA gest\u00e3o do siepac est\u00e1 organizada em uma Comiss\u00e3o Executiva composta por:<\/p>\n<p>I \u2013 2 (dois) representantes da Coordenadoria de Patrim\u00f4nio Cultural e Mem\u00f3ria (Copam), sendo o coordenador da Copam o gerente da Comiss\u00e3o;<\/p>\n<p>II \u2013 3 (tr\u00eas) representantes do Coepa, sendo 1 (um) do Poder P\u00fablico e 2 (dois) da sociedade civil;<\/p>\n<p>III \u2013 1 (um) representante da Rede P\u00fablica de Espa\u00e7os e Equipamentos Culturais do Estado do Cear\u00e1 (Rece), que atue diretamente no campo do patrim\u00f4nio e da mem\u00f3ria;<\/p>\n<p>IV \u2013 1 (um) representante da Associa\u00e7\u00e3o dos Munic\u00edpios do Estado do Cear\u00e1 (Aprece);<\/p>\n<p>V \u2013 1 (um) representante do Conselho dos Dirigentes Municipais de Cultura do Estado do Cear\u00e1 (DiCultura);<\/p>\n<p>VI \u2013 1 (um) representante do Instituto do Patrim\u00f4nio Hist\u00f3rico e Art\u00edstico Nacional (Iphan).<br \/>\n&nbsp;<br \/>\nO grupo acima ir\u00e1 coordenar as demandas e a\u00e7\u00f5es do Siepac, al\u00e9m de aprovar o seu regimento interno.<\/p>\n","protected":false},"excerpt":{"rendered":"<p>O Sistema Estadual do Patrim\u00f4nio Cultural (Siepac) foi criado para articular a realiza\u00e7\u00e3o de a\u00e7\u00f5es organizadas para a preserva\u00e7\u00e3o do patrim\u00f4nio junto \u00e0 sociedade civil, munic\u00edpios, outros \u00f3rg\u00e3os estaduais e os entes federados. O objetivo do Siepac \u00e9 integrar pol\u00edticas e desenvolver novos m\u00e9todos para preservar o patrim\u00f4nio. &nbsp; Tem como diretrizes a Gest\u00e3o Participativa, [&hellip;]<\/p>\n","protected":false},"author":708,"featured_media":0,"parent":6787,"menu_order":0,"comment_status":"closed","ping_status":"closed","template":"","meta":{"_acf_changed":false,"inline_featured_image":false,"footnotes":""},"class_list":["post-39098","page","type-page","status-publish","hentry"],"acf":[],"yoast_head":"<!-- This site is optimized with the Yoast SEO plugin v26.9 - https:\/\/yoast.com\/product\/yoast-seo-wordpress\/ -->\n<title>Sistema Estadual do Patrim\u00f4nio Cultural (Siepac) - Secult<\/title>\n<meta name=\"robots\" content=\"index, follow, max-snippet:-1, max-image-preview:large, max-video-preview:-1\" \/>\n<link rel=\"canonical\" href=\"https:\/\/ww16.ce.gov.br\/secult\/politica\/eixos\/patrimonio\/siepac\/\" \/>\n<meta property=\"og:locale\" content=\"pt_BR\" \/>\n<meta property=\"og:type\" content=\"article\" \/>\n<meta property=\"og:title\" content=\"Sistema Estadual do Patrim\u00f4nio Cultural (Siepac) - Secult\" \/>\n<meta property=\"og:description\" content=\"O Sistema Estadual do Patrim\u00f4nio Cultural (Siepac) foi criado para articular a realiza\u00e7\u00e3o de a\u00e7\u00f5es organizadas para a preserva\u00e7\u00e3o do patrim\u00f4nio junto \u00e0 sociedade civil, munic\u00edpios, outros \u00f3rg\u00e3os estaduais e os entes federados. O objetivo do Siepac \u00e9 integrar pol\u00edticas e desenvolver novos m\u00e9todos para preservar o patrim\u00f4nio. &nbsp; Tem como diretrizes a Gest\u00e3o Participativa, [&hellip;]\" \/>\n<meta property=\"og:url\" content=\"https:\/\/ww16.ce.gov.br\/secult\/politica\/eixos\/patrimonio\/siepac\/\" \/>\n<meta property=\"og:site_name\" content=\"Secult\" \/>\n<meta property=\"article:modified_time\" content=\"2026-04-15T18:57:01+00:00\" \/>\n<meta name=\"twitter:card\" content=\"summary_large_image\" \/>\n<meta name=\"twitter:label1\" content=\"Est. reading time\" \/>\n\t<meta name=\"twitter:data1\" content=\"2 minutos\" \/>\n<script type=\"application\/ld+json\" class=\"yoast-schema-graph\">{\"@context\":\"https:\/\/schema.org\",\"@graph\":[{\"@type\":\"WebPage\",\"@id\":\"https:\/\/ww16.ce.gov.br\/secult\/politica\/eixos\/patrimonio\/siepac\/\",\"url\":\"https:\/\/ww16.ce.gov.br\/secult\/politica\/eixos\/patrimonio\/siepac\/\",\"name\":\"Sistema Estadual do Patrim\u00f4nio Cultural (Siepac) - Secult\",\"isPartOf\":{\"@id\":\"https:\/\/ww16.ce.gov.br\/secult\/#website\"},\"datePublished\":\"2024-12-11T13:56:16+00:00\",\"dateModified\":\"2026-04-15T18:57:01+00:00\",\"breadcrumb\":{\"@id\":\"https:\/\/ww16.ce.gov.br\/secult\/politica\/eixos\/patrimonio\/siepac\/#breadcrumb\"},\"inLanguage\":\"pt-BR\",\"potentialAction\":[{\"@type\":\"ReadAction\",\"target\":[\"https:\/\/ww16.ce.gov.br\/secult\/politica\/eixos\/patrimonio\/siepac\/\"]}]},{\"@type\":\"BreadcrumbList\",\"@id\":\"https:\/\/ww16.ce.gov.br\/secult\/politica\/eixos\/patrimonio\/siepac\/#breadcrumb\",\"itemListElement\":[{\"@type\":\"ListItem\",\"position\":1,\"name\":\"In\u00edcio\",\"item\":\"https:\/\/ww16.ce.gov.br\/secult\/\"},{\"@type\":\"ListItem\",\"position\":2,\"name\":\"Pol\u00edtica\",\"item\":\"https:\/\/ww16.ce.gov.br\/secult\/politica\/\"},{\"@type\":\"ListItem\",\"position\":3,\"name\":\"Eixos\",\"item\":\"https:\/\/ww16.ce.gov.br\/secult\/politica\/eixos\/\"},{\"@type\":\"ListItem\",\"position\":4,\"name\":\"Patrim\u00f4nio Cultural e Mem\u00f3ria\",\"item\":\"https:\/\/ww16.ce.gov.br\/secult\/politica\/eixos\/patrimonio\/\"},{\"@type\":\"ListItem\",\"position\":5,\"name\":\"Sistema Estadual do Patrim\u00f4nio Cultural (Siepac)\"}]},{\"@type\":\"WebSite\",\"@id\":\"https:\/\/ww16.ce.gov.br\/secult\/#website\",\"url\":\"https:\/\/ww16.ce.gov.br\/secult\/\",\"name\":\"Secretaria da Cultura\",\"description\":\"Portal Secult\",\"publisher\":{\"@id\":\"https:\/\/ww16.ce.gov.br\/secult\/#organization\"},\"potentialAction\":[{\"@type\":\"SearchAction\",\"target\":{\"@type\":\"EntryPoint\",\"urlTemplate\":\"https:\/\/ww16.ce.gov.br\/secult\/?s={search_term_string}\"},\"query-input\":{\"@type\":\"PropertyValueSpecification\",\"valueRequired\":true,\"valueName\":\"search_term_string\"}}],\"inLanguage\":\"pt-BR\"},{\"@type\":\"Organization\",\"@id\":\"https:\/\/ww16.ce.gov.br\/secult\/#organization\",\"name\":\"Secretaria da Cultura\",\"url\":\"https:\/\/ww16.ce.gov.br\/secult\/\",\"logo\":{\"@type\":\"ImageObject\",\"inLanguage\":\"pt-BR\",\"@id\":\"https:\/\/ww16.ce.gov.br\/secult\/#\/schema\/logo\/image\/\",\"url\":\"http:\/\/ww16.ce.gov.br\/secult\/wp-content\/uploads\/sites\/43\/2018\/05\/secult-clara-3.png\",\"contentUrl\":\"http:\/\/ww16.ce.gov.br\/secult\/wp-content\/uploads\/sites\/43\/2018\/05\/secult-clara-3.png\",\"width\":559,\"height\":106,\"caption\":\"Secretaria da Cultura\"},\"image\":{\"@id\":\"https:\/\/ww16.ce.gov.br\/secult\/#\/schema\/logo\/image\/\"}}]}<\/script>\n<!-- \/ Yoast SEO plugin. -->","yoast_head_json":{"title":"Sistema Estadual do Patrim\u00f4nio Cultural (Siepac) - Secult","robots":{"index":"index","follow":"follow","max-snippet":"max-snippet:-1","max-image-preview":"max-image-preview:large","max-video-preview":"max-video-preview:-1"},"canonical":"https:\/\/ww16.ce.gov.br\/secult\/politica\/eixos\/patrimonio\/siepac\/","og_locale":"pt_BR","og_type":"article","og_title":"Sistema Estadual do Patrim\u00f4nio Cultural (Siepac) - Secult","og_description":"O Sistema Estadual do Patrim\u00f4nio Cultural (Siepac) foi criado para articular a realiza\u00e7\u00e3o de a\u00e7\u00f5es organizadas para a preserva\u00e7\u00e3o do patrim\u00f4nio junto \u00e0 sociedade civil, munic\u00edpios, outros \u00f3rg\u00e3os estaduais e os entes federados. O objetivo do Siepac \u00e9 integrar pol\u00edticas e desenvolver novos m\u00e9todos para preservar o patrim\u00f4nio. &nbsp; Tem como diretrizes a Gest\u00e3o Participativa, [&hellip;]","og_url":"https:\/\/ww16.ce.gov.br\/secult\/politica\/eixos\/patrimonio\/siepac\/","og_site_name":"Secult","article_modified_time":"2026-04-15T18:57:01+00:00","twitter_card":"summary_large_image","twitter_misc":{"Est. reading time":"2 minutos"},"schema":{"@context":"https:\/\/schema.org","@graph":[{"@type":"WebPage","@id":"https:\/\/ww16.ce.gov.br\/secult\/politica\/eixos\/patrimonio\/siepac\/","url":"https:\/\/ww16.ce.gov.br\/secult\/politica\/eixos\/patrimonio\/siepac\/","name":"Sistema Estadual do Patrim\u00f4nio Cultural (Siepac) - Secult","isPartOf":{"@id":"https:\/\/ww16.ce.gov.br\/secult\/#website"},"datePublished":"2024-12-11T13:56:16+00:00","dateModified":"2026-04-15T18:57:01+00:00","breadcrumb":{"@id":"https:\/\/ww16.ce.gov.br\/secult\/politica\/eixos\/patrimonio\/siepac\/#breadcrumb"},"inLanguage":"pt-BR","potentialAction":[{"@type":"ReadAction","target":["https:\/\/ww16.ce.gov.br\/secult\/politica\/eixos\/patrimonio\/siepac\/"]}]},{"@type":"BreadcrumbList","@id":"https:\/\/ww16.ce.gov.br\/secult\/politica\/eixos\/patrimonio\/siepac\/#breadcrumb","itemListElement":[{"@type":"ListItem","position":1,"name":"In\u00edcio","item":"https:\/\/ww16.ce.gov.br\/secult\/"},{"@type":"ListItem","position":2,"name":"Pol\u00edtica","item":"https:\/\/ww16.ce.gov.br\/secult\/politica\/"},{"@type":"ListItem","position":3,"name":"Eixos","item":"https:\/\/ww16.ce.gov.br\/secult\/politica\/eixos\/"},{"@type":"ListItem","position":4,"name":"Patrim\u00f4nio Cultural e Mem\u00f3ria","item":"https:\/\/ww16.ce.gov.br\/secult\/politica\/eixos\/patrimonio\/"},{"@type":"ListItem","position":5,"name":"Sistema Estadual do Patrim\u00f4nio Cultural (Siepac)"}]},{"@type":"WebSite","@id":"https:\/\/ww16.ce.gov.br\/secult\/#website","url":"https:\/\/ww16.ce.gov.br\/secult\/","name":"Secretaria da Cultura","description":"Portal Secult","publisher":{"@id":"https:\/\/ww16.ce.gov.br\/secult\/#organization"},"potentialAction":[{"@type":"SearchAction","target":{"@type":"EntryPoint","urlTemplate":"https:\/\/ww16.ce.gov.br\/secult\/?s={search_term_string}"},"query-input":{"@type":"PropertyValueSpecification","valueRequired":true,"valueName":"search_term_string"}}],"inLanguage":"pt-BR"},{"@type":"Organization","@id":"https:\/\/ww16.ce.gov.br\/secult\/#organization","name":"Secretaria da Cultura","url":"https:\/\/ww16.ce.gov.br\/secult\/","logo":{"@type":"ImageObject","inLanguage":"pt-BR","@id":"https:\/\/ww16.ce.gov.br\/secult\/#\/schema\/logo\/image\/","url":"http:\/\/ww16.ce.gov.br\/secult\/wp-content\/uploads\/sites\/43\/2018\/05\/secult-clara-3.png","contentUrl":"http:\/\/ww16.ce.gov.br\/secult\/wp-content\/uploads\/sites\/43\/2018\/05\/secult-clara-3.png","width":559,"height":106,"caption":"Secretaria da Cultura"},"image":{"@id":"https:\/\/ww16.ce.gov.br\/secult\/#\/schema\/logo\/image\/"}}]}},"_links":{"self":[{"href":"https:\/\/ww16.ce.gov.br\/secult\/wp-json\/wp\/v2\/pages\/39098","targetHints":{"allow":["GET"]}}],"collection":[{"href":"https:\/\/ww16.ce.gov.br\/secult\/wp-json\/wp\/v2\/pages"}],"about":[{"href":"https:\/\/ww16.ce.gov.br\/secult\/wp-json\/wp\/v2\/types\/page"}],"author":[{"embeddable":true,"href":"https:\/\/ww16.ce.gov.br\/secult\/wp-json\/wp\/v2\/users\/708"}],"replies":[{"embeddable":true,"href":"https:\/\/ww16.ce.gov.br\/secult\/wp-json\/wp\/v2\/comments?post=39098"}],"version-history":[{"count":1,"href":"https:\/\/ww16.ce.gov.br\/secult\/wp-json\/wp\/v2\/pages\/39098\/revisions"}],"predecessor-version":[{"id":39100,"href":"https:\/\/ww16.ce.gov.br\/secult\/wp-json\/wp\/v2\/pages\/39098\/revisions\/39100"}],"up":[{"embeddable":true,"href":"https:\/\/ww16.ce.gov.br\/secult\/wp-json\/wp\/v2\/pages\/6787"}],"wp:attachment":[{"href":"https:\/\/ww16.ce.gov.br\/secult\/wp-json\/wp\/v2\/media?parent=39098"}],"curies":[{"name":"wp","href":"https:\/\/api.w.org\/{rel}","templated":true}]}}