{"id":39052,"date":"2024-12-09T15:46:52","date_gmt":"2024-12-09T18:46:52","guid":{"rendered":"http:\/\/ww16.ce.gov.br\/secult\/?page_id=39052"},"modified":"2026-05-13T14:32:55","modified_gmt":"2026-05-13T17:32:55","slug":"encontro-mestres-do-mundo","status":"publish","type":"page","link":"https:\/\/ww16.ce.gov.br\/secult\/politica\/eixos\/patrimonio\/imaterial\/encontro-mestres-do-mundo\/","title":{"rendered":"Encontro Mestres do Mundo"},"content":{"rendered":"<h1 style=\"text-align: center\"><span style=\"color: #fc6836\"><strong>Encontro Mestres do Mundo<\/strong><\/span><\/h1>\n<p style=\"text-align: center\"><img loading=\"lazy\" decoding=\"async\" class=\"size-large wp-image-39017 aligncenter\" src=\"https:\/\/ww16.ce.gov.br\/secult\/wp-content\/uploads\/sites\/83\/2024\/12\/DSC00972-1200x802.jpg\" alt=\"\" width=\"688\" height=\"460\" srcset=\"https:\/\/ww16.ce.gov.br\/secult\/wp-content\/uploads\/sites\/83\/2024\/12\/DSC00972-1200x802.jpg 1200w, https:\/\/ww16.ce.gov.br\/secult\/wp-content\/uploads\/sites\/83\/2024\/12\/DSC00972-600x401.jpg 600w, https:\/\/ww16.ce.gov.br\/secult\/wp-content\/uploads\/sites\/83\/2024\/12\/DSC00972-768x513.jpg 768w, https:\/\/ww16.ce.gov.br\/secult\/wp-content\/uploads\/sites\/83\/2024\/12\/DSC00972-1536x1027.jpg 1536w, https:\/\/ww16.ce.gov.br\/secult\/wp-content\/uploads\/sites\/83\/2024\/12\/DSC00972.jpg 1616w\" sizes=\"auto, (max-width: 688px) 100vw, 688px\" \/><em>Encontro Mestres do Mundo 2024 | Foto: Jo\u00e3o Neto\/ Secult Cear\u00e1<\/em><\/p>\n<p>&nbsp;<\/p>\n<div style=\"font-size: 1.2em;text-align: justify\">\n<p>O Encontro Mestres do Mundo \u00e9 um evento estruturante da Secult, realizado, desde 2005, como uma importante iniciativa de reconhecimento e valoriza\u00e7\u00e3o das manifesta\u00e7\u00f5es e express\u00f5es da cultura tradicional popular. Em suas edi\u00e7\u00f5es, o Encontro e suas a\u00e7\u00f5es j\u00e1 foram acolhidos pelas cidades de Limoeiro do Norte, Fortaleza, Jaguaruana, Alto Santo, Tabuleiro do Norte, Quixer\u00e9, Morada Nova, S\u00e3o Jo\u00e3o do Jaguaribe, Russas, Barbalha, Juazeiro do Norte, Crato, Aquiraz, Sobral, Quixad\u00e1 e Porteiras, reunindo, a cada edi\u00e7\u00e3o, as Mestras e Mestres da Cultura, Grupos e Coletividades titulados como Tesouros Vivos da Cultura do Cear\u00e1, em di\u00e1logo com brincantes, estudantes, professores, pesquisadores e mestres de outros estados e pa\u00edses, com uma programa\u00e7\u00e3o riqu\u00edssima voltada ao encontro e \u00e0 troca de saberes.Em 2017, o Encontro foi agraciado com o Pr\u00eamio Rodrigo Melo Franco de Andrade, do Instituto do Patrim\u00f4nio Hist\u00f3rico e Art\u00edstico Nacional (IPHAN), maior premia\u00e7\u00e3o do Brasil na \u00e1rea de patrim\u00f4nio cultural, classificado em primeiro lugar na categoria de iniciativas de excel\u00eancia na promo\u00e7\u00e3o do patrim\u00f4nio cultural.<\/p>\n<\/div>\n<p>&nbsp;<\/p>\n<h3><strong>Cultura popular tradicional<\/strong><\/h3>\n<p>&nbsp;<\/p>\n<div style=\"font-size: 1.2em;text-align: justify\">\n<p>Este evento \u00e9 a oportunidade singular de vivenciar a diversidade da cultura popular tradicional atrav\u00e9s da conviv\u00eancia com os guardi\u00f5es que mant\u00eam vivas as tradi\u00e7\u00f5es. O Encontro conta com a participa\u00e7\u00e3o de mestres e mestras, grupos locais, regionais e internacionais, promovendo a integra\u00e7\u00e3o e a troca de experi\u00eancias. Express\u00f5es de linguagens variadas se juntam em uma arena onde os mestres e mestras apresentam e transmitem seus saberes e seus fazeres. S\u00e3o momentos m\u00e1gicos onde o p\u00fablico participante entra em contato com mem\u00f3rias, narrativas e pr\u00e1ticas por meio de uma programa\u00e7\u00e3o ampla de atividades pr\u00e1ticas, te\u00f3ricas e vivenciais.Um dos momentos mais especiais \u00e9 a distribui\u00e7\u00e3o dos participantes em cinco categorias de Rodas de Mestres (corpo, m\u00e3os, oralidade, sons, sagrado e semente) para o interc\u00e2mbio de saberes, contando com a media\u00e7\u00e3o de pesquisadores da cultura popular. Um espa\u00e7o para difundir e gerar conhecimento a partir da trajet\u00f3ria dos Mestres da Cultura, Grupos e Coletividades da Cultura Popular do Estado do Cear\u00e1. Existem tamb\u00e9m as terreiradas, que s\u00e3o momentos em que os Tesouros Vivos da Cultura recebem os convidados, nos seus espa\u00e7os comunit\u00e1rios e coletivos, mostrando para sociedade seus costumes e a sua arte.<\/p>\n<p>&nbsp;<\/p>\n<p>As noites culturais s\u00e3o marcadas por uma grande diversidade de apresenta\u00e7\u00f5es de grupos e mestres oriundos das 14 (quatorze) macrorregi\u00f5es do Cear\u00e1, assim como atra\u00e7\u00f5es nacionais, musicais e multi art\u00edsticas nacionais e internacionais. Nas edi\u00e7\u00f5es, ocorreram ainda diversas oficinas de transmiss\u00e3o dos conhecimentos tradicionais, cursos e a\u00e7\u00f5es de educa\u00e7\u00e3o patrimonial junto a estudantes e professores de escolas p\u00fablicas, semin\u00e1rios tem\u00e1ticos com reflex\u00f5es sobre o Patrim\u00f4nio Imaterial. Nestes, s\u00e3o apresentadas discuss\u00f5es acad\u00eamicas, compartilhamento de evid\u00eancias de pesquisadores e projetos com resultados, e trocas de car\u00e1ter t\u00e9cnico-pol\u00edtico de outros estados e esferas sobre o registro de pessoas naturais e salvaguarda da mem\u00f3ria.<\/p>\n<\/div>\n<p>&nbsp;<\/p>\n<h3><strong>Economia criativa<\/strong><\/h3>\n<p>&nbsp;<\/p>\n<div style=\"font-size: 1.2em;text-align: justify\">\n<p>A economia criativa tamb\u00e9m \u00e9 pauta do evento com o objetivo de efetivar a sustentabilidade aos mestres, mestras grupos e coletividades que trabalham com artesanato e s\u00e3o produtores de cultura material, com exposi\u00e7\u00f5es de fotografias e objetos relacionados \u00e0s tradi\u00e7\u00f5es, feirinhas para comercializa\u00e7\u00e3o de artesanatos feitos e outros produtos relacionados \u00e0s culturas tradicionais, cortejos nas ruas da cidade.Tamb\u00e9m se realiza a reuni\u00e3o com os gestores municipais de cultura, a fim de trocar viv\u00eancias e fortalecer o car\u00e1ter sist\u00eamico sobre os tesouros vivos e estabelecer caminhos e estrat\u00e9gias de pactua\u00e7\u00e3o para efetiva\u00e7\u00e3o das pol\u00edticas para e com este p\u00fablico.<\/p>\n<p>&nbsp;<\/p>\n<p>Outro momento significativo \u00e9 a entrega do diploma de \u201cTesouro Vivo da Cultura do Cear\u00e1\u201d aos novos mestres, grupos e coletividades, cuja sele\u00e7\u00e3o geralmente precede a cada Encontro atrav\u00e9s de edital espec\u00edfico. Tamb\u00e9m s\u00e3o entregues as diploma\u00e7\u00f5es em Not\u00f3rio Saber pela Universidade Estadual do Cear\u00e1 (Uece) de cada sele\u00e7\u00e3o, sejam dos 12 Mestres da Cultura, dois Grupos de Tradi\u00e7\u00e3o e duas Coletividades.<\/p>\n<\/div>\n","protected":false},"excerpt":{"rendered":"<p>Encontro Mestres do Mundo Encontro Mestres do Mundo 2024 | Foto: Jo\u00e3o Neto\/ Secult Cear\u00e1 &nbsp; O Encontro Mestres do Mundo \u00e9 um evento estruturante da Secult, realizado, desde 2005, como uma importante iniciativa de reconhecimento e valoriza\u00e7\u00e3o das manifesta\u00e7\u00f5es e express\u00f5es da cultura tradicional popular. Em suas edi\u00e7\u00f5es, o Encontro e suas a\u00e7\u00f5es j\u00e1 [&hellip;]<\/p>\n","protected":false},"author":708,"featured_media":38971,"parent":31392,"menu_order":0,"comment_status":"closed","ping_status":"closed","template":"","meta":{"_acf_changed":false,"inline_featured_image":false,"footnotes":""},"class_list":["post-39052","page","type-page","status-publish","has-post-thumbnail","hentry"],"acf":[],"yoast_head":"<!-- This site is optimized with the Yoast SEO plugin v26.9 - https:\/\/yoast.com\/product\/yoast-seo-wordpress\/ -->\n<title>Encontro Mestres do Mundo - Secult<\/title>\n<meta name=\"robots\" content=\"index, follow, max-snippet:-1, max-image-preview:large, max-video-preview:-1\" \/>\n<link rel=\"canonical\" href=\"https:\/\/ww16.ce.gov.br\/secult\/politica\/eixos\/patrimonio\/imaterial\/encontro-mestres-do-mundo\/\" \/>\n<meta property=\"og:locale\" content=\"pt_BR\" \/>\n<meta property=\"og:type\" content=\"article\" \/>\n<meta property=\"og:title\" content=\"Encontro Mestres do Mundo - Secult\" \/>\n<meta property=\"og:description\" content=\"Encontro Mestres do Mundo Encontro Mestres do Mundo 2024 | Foto: Jo\u00e3o Neto\/ Secult Cear\u00e1 &nbsp; O Encontro Mestres do Mundo \u00e9 um evento estruturante da Secult, realizado, desde 2005, como uma importante iniciativa de reconhecimento e valoriza\u00e7\u00e3o das manifesta\u00e7\u00f5es e express\u00f5es da cultura tradicional popular. Em suas edi\u00e7\u00f5es, o Encontro e suas a\u00e7\u00f5es j\u00e1 [&hellip;]\" \/>\n<meta property=\"og:url\" content=\"https:\/\/ww16.ce.gov.br\/secult\/politica\/eixos\/patrimonio\/imaterial\/encontro-mestres-do-mundo\/\" \/>\n<meta property=\"og:site_name\" content=\"Secult\" \/>\n<meta property=\"article:modified_time\" content=\"2026-05-13T17:32:55+00:00\" \/>\n<meta property=\"og:image\" content=\"https:\/\/ww16.ce.gov.br\/secult\/wp-content\/uploads\/sites\/83\/2024\/12\/IMG_6707-1200x800.jpg\" \/>\n\t<meta property=\"og:image:width\" content=\"1200\" \/>\n\t<meta property=\"og:image:height\" content=\"800\" \/>\n\t<meta property=\"og:image:type\" content=\"image\/jpeg\" \/>\n<meta name=\"twitter:card\" content=\"summary_large_image\" \/>\n<meta name=\"twitter:label1\" content=\"Est. reading time\" \/>\n\t<meta name=\"twitter:data1\" content=\"4 minutos\" \/>\n<script type=\"application\/ld+json\" class=\"yoast-schema-graph\">{\"@context\":\"https:\/\/schema.org\",\"@graph\":[{\"@type\":\"WebPage\",\"@id\":\"https:\/\/ww16.ce.gov.br\/secult\/politica\/eixos\/patrimonio\/imaterial\/encontro-mestres-do-mundo\/\",\"url\":\"https:\/\/ww16.ce.gov.br\/secult\/politica\/eixos\/patrimonio\/imaterial\/encontro-mestres-do-mundo\/\",\"name\":\"Encontro Mestres do Mundo - Secult\",\"isPartOf\":{\"@id\":\"https:\/\/ww16.ce.gov.br\/secult\/#website\"},\"primaryImageOfPage\":{\"@id\":\"https:\/\/ww16.ce.gov.br\/secult\/politica\/eixos\/patrimonio\/imaterial\/encontro-mestres-do-mundo\/#primaryimage\"},\"image\":{\"@id\":\"https:\/\/ww16.ce.gov.br\/secult\/politica\/eixos\/patrimonio\/imaterial\/encontro-mestres-do-mundo\/#primaryimage\"},\"thumbnailUrl\":\"https:\/\/ww16.ce.gov.br\/secult\/wp-content\/uploads\/sites\/83\/2024\/12\/IMG_6707.jpg\",\"datePublished\":\"2024-12-09T18:46:52+00:00\",\"dateModified\":\"2026-05-13T17:32:55+00:00\",\"breadcrumb\":{\"@id\":\"https:\/\/ww16.ce.gov.br\/secult\/politica\/eixos\/patrimonio\/imaterial\/encontro-mestres-do-mundo\/#breadcrumb\"},\"inLanguage\":\"pt-BR\",\"potentialAction\":[{\"@type\":\"ReadAction\",\"target\":[\"https:\/\/ww16.ce.gov.br\/secult\/politica\/eixos\/patrimonio\/imaterial\/encontro-mestres-do-mundo\/\"]}]},{\"@type\":\"ImageObject\",\"inLanguage\":\"pt-BR\",\"@id\":\"https:\/\/ww16.ce.gov.br\/secult\/politica\/eixos\/patrimonio\/imaterial\/encontro-mestres-do-mundo\/#primaryimage\",\"url\":\"https:\/\/ww16.ce.gov.br\/secult\/wp-content\/uploads\/sites\/83\/2024\/12\/IMG_6707.jpg\",\"contentUrl\":\"https:\/\/ww16.ce.gov.br\/secult\/wp-content\/uploads\/sites\/83\/2024\/12\/IMG_6707.jpg\",\"width\":2000,\"height\":1333},{\"@type\":\"BreadcrumbList\",\"@id\":\"https:\/\/ww16.ce.gov.br\/secult\/politica\/eixos\/patrimonio\/imaterial\/encontro-mestres-do-mundo\/#breadcrumb\",\"itemListElement\":[{\"@type\":\"ListItem\",\"position\":1,\"name\":\"In\u00edcio\",\"item\":\"https:\/\/ww16.ce.gov.br\/secult\/\"},{\"@type\":\"ListItem\",\"position\":2,\"name\":\"Pol\u00edtica\",\"item\":\"https:\/\/ww16.ce.gov.br\/secult\/politica\/\"},{\"@type\":\"ListItem\",\"position\":3,\"name\":\"Eixos\",\"item\":\"https:\/\/ww16.ce.gov.br\/secult\/politica\/eixos\/\"},{\"@type\":\"ListItem\",\"position\":4,\"name\":\"Patrim\u00f4nio Cultural e Mem\u00f3ria\",\"item\":\"https:\/\/ww16.ce.gov.br\/secult\/politica\/eixos\/patrimonio\/\"},{\"@type\":\"ListItem\",\"position\":5,\"name\":\"Patrim\u00f4nio Imaterial\",\"item\":\"https:\/\/ww16.ce.gov.br\/secult\/politica\/eixos\/patrimonio\/imaterial\/\"},{\"@type\":\"ListItem\",\"position\":6,\"name\":\"Encontro Mestres do Mundo\"}]},{\"@type\":\"WebSite\",\"@id\":\"https:\/\/ww16.ce.gov.br\/secult\/#website\",\"url\":\"https:\/\/ww16.ce.gov.br\/secult\/\",\"name\":\"Secretaria da Cultura\",\"description\":\"Portal Secult\",\"publisher\":{\"@id\":\"https:\/\/ww16.ce.gov.br\/secult\/#organization\"},\"potentialAction\":[{\"@type\":\"SearchAction\",\"target\":{\"@type\":\"EntryPoint\",\"urlTemplate\":\"https:\/\/ww16.ce.gov.br\/secult\/?s={search_term_string}\"},\"query-input\":{\"@type\":\"PropertyValueSpecification\",\"valueRequired\":true,\"valueName\":\"search_term_string\"}}],\"inLanguage\":\"pt-BR\"},{\"@type\":\"Organization\",\"@id\":\"https:\/\/ww16.ce.gov.br\/secult\/#organization\",\"name\":\"Secretaria da Cultura\",\"url\":\"https:\/\/ww16.ce.gov.br\/secult\/\",\"logo\":{\"@type\":\"ImageObject\",\"inLanguage\":\"pt-BR\",\"@id\":\"https:\/\/ww16.ce.gov.br\/secult\/#\/schema\/logo\/image\/\",\"url\":\"http:\/\/ww16.ce.gov.br\/secult\/wp-content\/uploads\/sites\/43\/2018\/05\/secult-clara-3.png\",\"contentUrl\":\"http:\/\/ww16.ce.gov.br\/secult\/wp-content\/uploads\/sites\/43\/2018\/05\/secult-clara-3.png\",\"width\":559,\"height\":106,\"caption\":\"Secretaria da Cultura\"},\"image\":{\"@id\":\"https:\/\/ww16.ce.gov.br\/secult\/#\/schema\/logo\/image\/\"}}]}<\/script>\n<!-- \/ Yoast SEO plugin. -->","yoast_head_json":{"title":"Encontro Mestres do Mundo - Secult","robots":{"index":"index","follow":"follow","max-snippet":"max-snippet:-1","max-image-preview":"max-image-preview:large","max-video-preview":"max-video-preview:-1"},"canonical":"https:\/\/ww16.ce.gov.br\/secult\/politica\/eixos\/patrimonio\/imaterial\/encontro-mestres-do-mundo\/","og_locale":"pt_BR","og_type":"article","og_title":"Encontro Mestres do Mundo - Secult","og_description":"Encontro Mestres do Mundo Encontro Mestres do Mundo 2024 | Foto: Jo\u00e3o Neto\/ Secult Cear\u00e1 &nbsp; O Encontro Mestres do Mundo \u00e9 um evento estruturante da Secult, realizado, desde 2005, como uma importante iniciativa de reconhecimento e valoriza\u00e7\u00e3o das manifesta\u00e7\u00f5es e express\u00f5es da cultura tradicional popular. Em suas edi\u00e7\u00f5es, o Encontro e suas a\u00e7\u00f5es j\u00e1 [&hellip;]","og_url":"https:\/\/ww16.ce.gov.br\/secult\/politica\/eixos\/patrimonio\/imaterial\/encontro-mestres-do-mundo\/","og_site_name":"Secult","article_modified_time":"2026-05-13T17:32:55+00:00","og_image":[{"width":1200,"height":800,"url":"https:\/\/ww16.ce.gov.br\/secult\/wp-content\/uploads\/sites\/83\/2024\/12\/IMG_6707-1200x800.jpg","type":"image\/jpeg"}],"twitter_card":"summary_large_image","twitter_misc":{"Est. reading time":"4 minutos"},"schema":{"@context":"https:\/\/schema.org","@graph":[{"@type":"WebPage","@id":"https:\/\/ww16.ce.gov.br\/secult\/politica\/eixos\/patrimonio\/imaterial\/encontro-mestres-do-mundo\/","url":"https:\/\/ww16.ce.gov.br\/secult\/politica\/eixos\/patrimonio\/imaterial\/encontro-mestres-do-mundo\/","name":"Encontro Mestres do Mundo - Secult","isPartOf":{"@id":"https:\/\/ww16.ce.gov.br\/secult\/#website"},"primaryImageOfPage":{"@id":"https:\/\/ww16.ce.gov.br\/secult\/politica\/eixos\/patrimonio\/imaterial\/encontro-mestres-do-mundo\/#primaryimage"},"image":{"@id":"https:\/\/ww16.ce.gov.br\/secult\/politica\/eixos\/patrimonio\/imaterial\/encontro-mestres-do-mundo\/#primaryimage"},"thumbnailUrl":"https:\/\/ww16.ce.gov.br\/secult\/wp-content\/uploads\/sites\/83\/2024\/12\/IMG_6707.jpg","datePublished":"2024-12-09T18:46:52+00:00","dateModified":"2026-05-13T17:32:55+00:00","breadcrumb":{"@id":"https:\/\/ww16.ce.gov.br\/secult\/politica\/eixos\/patrimonio\/imaterial\/encontro-mestres-do-mundo\/#breadcrumb"},"inLanguage":"pt-BR","potentialAction":[{"@type":"ReadAction","target":["https:\/\/ww16.ce.gov.br\/secult\/politica\/eixos\/patrimonio\/imaterial\/encontro-mestres-do-mundo\/"]}]},{"@type":"ImageObject","inLanguage":"pt-BR","@id":"https:\/\/ww16.ce.gov.br\/secult\/politica\/eixos\/patrimonio\/imaterial\/encontro-mestres-do-mundo\/#primaryimage","url":"https:\/\/ww16.ce.gov.br\/secult\/wp-content\/uploads\/sites\/83\/2024\/12\/IMG_6707.jpg","contentUrl":"https:\/\/ww16.ce.gov.br\/secult\/wp-content\/uploads\/sites\/83\/2024\/12\/IMG_6707.jpg","width":2000,"height":1333},{"@type":"BreadcrumbList","@id":"https:\/\/ww16.ce.gov.br\/secult\/politica\/eixos\/patrimonio\/imaterial\/encontro-mestres-do-mundo\/#breadcrumb","itemListElement":[{"@type":"ListItem","position":1,"name":"In\u00edcio","item":"https:\/\/ww16.ce.gov.br\/secult\/"},{"@type":"ListItem","position":2,"name":"Pol\u00edtica","item":"https:\/\/ww16.ce.gov.br\/secult\/politica\/"},{"@type":"ListItem","position":3,"name":"Eixos","item":"https:\/\/ww16.ce.gov.br\/secult\/politica\/eixos\/"},{"@type":"ListItem","position":4,"name":"Patrim\u00f4nio Cultural e Mem\u00f3ria","item":"https:\/\/ww16.ce.gov.br\/secult\/politica\/eixos\/patrimonio\/"},{"@type":"ListItem","position":5,"name":"Patrim\u00f4nio Imaterial","item":"https:\/\/ww16.ce.gov.br\/secult\/politica\/eixos\/patrimonio\/imaterial\/"},{"@type":"ListItem","position":6,"name":"Encontro Mestres do Mundo"}]},{"@type":"WebSite","@id":"https:\/\/ww16.ce.gov.br\/secult\/#website","url":"https:\/\/ww16.ce.gov.br\/secult\/","name":"Secretaria da Cultura","description":"Portal Secult","publisher":{"@id":"https:\/\/ww16.ce.gov.br\/secult\/#organization"},"potentialAction":[{"@type":"SearchAction","target":{"@type":"EntryPoint","urlTemplate":"https:\/\/ww16.ce.gov.br\/secult\/?s={search_term_string}"},"query-input":{"@type":"PropertyValueSpecification","valueRequired":true,"valueName":"search_term_string"}}],"inLanguage":"pt-BR"},{"@type":"Organization","@id":"https:\/\/ww16.ce.gov.br\/secult\/#organization","name":"Secretaria da Cultura","url":"https:\/\/ww16.ce.gov.br\/secult\/","logo":{"@type":"ImageObject","inLanguage":"pt-BR","@id":"https:\/\/ww16.ce.gov.br\/secult\/#\/schema\/logo\/image\/","url":"http:\/\/ww16.ce.gov.br\/secult\/wp-content\/uploads\/sites\/43\/2018\/05\/secult-clara-3.png","contentUrl":"http:\/\/ww16.ce.gov.br\/secult\/wp-content\/uploads\/sites\/43\/2018\/05\/secult-clara-3.png","width":559,"height":106,"caption":"Secretaria da Cultura"},"image":{"@id":"https:\/\/ww16.ce.gov.br\/secult\/#\/schema\/logo\/image\/"}}]}},"_links":{"self":[{"href":"https:\/\/ww16.ce.gov.br\/secult\/wp-json\/wp\/v2\/pages\/39052","targetHints":{"allow":["GET"]}}],"collection":[{"href":"https:\/\/ww16.ce.gov.br\/secult\/wp-json\/wp\/v2\/pages"}],"about":[{"href":"https:\/\/ww16.ce.gov.br\/secult\/wp-json\/wp\/v2\/types\/page"}],"author":[{"embeddable":true,"href":"https:\/\/ww16.ce.gov.br\/secult\/wp-json\/wp\/v2\/users\/708"}],"replies":[{"embeddable":true,"href":"https:\/\/ww16.ce.gov.br\/secult\/wp-json\/wp\/v2\/comments?post=39052"}],"version-history":[{"count":13,"href":"https:\/\/ww16.ce.gov.br\/secult\/wp-json\/wp\/v2\/pages\/39052\/revisions"}],"predecessor-version":[{"id":51969,"href":"https:\/\/ww16.ce.gov.br\/secult\/wp-json\/wp\/v2\/pages\/39052\/revisions\/51969"}],"up":[{"embeddable":true,"href":"https:\/\/ww16.ce.gov.br\/secult\/wp-json\/wp\/v2\/pages\/31392"}],"wp:featuredmedia":[{"embeddable":true,"href":"https:\/\/ww16.ce.gov.br\/secult\/wp-json\/wp\/v2\/media\/38971"}],"wp:attachment":[{"href":"https:\/\/ww16.ce.gov.br\/secult\/wp-json\/wp\/v2\/media?parent=39052"}],"curies":[{"name":"wp","href":"https:\/\/api.w.org\/{rel}","templated":true}]}}