{"id":37716,"date":"2024-10-03T17:24:17","date_gmt":"2024-10-03T20:24:17","guid":{"rendered":"http:\/\/ww16.ce.gov.br\/secult\/?page_id=37716"},"modified":"2026-04-15T15:48:49","modified_gmt":"2026-04-15T18:48:49","slug":"coepa","status":"publish","type":"page","link":"https:\/\/ww16.ce.gov.br\/secult\/politica\/eixos\/patrimonio\/coepa\/","title":{"rendered":"Conselho Estadual de Preserva\u00e7\u00e3o do Patrim\u00f4nio Cultural do Estado do Cear\u00e1 (Coepa)"},"content":{"rendered":"<h2><span style=\"color: #fc6836\"><strong>Conselho Estadual de Preserva\u00e7\u00e3o do Patrim\u00f4nio Cultural do Estado do Cear\u00e1 (Coepa)<\/strong><\/span><\/h2>\n<p>&nbsp;<\/p>\n<div style=\"font-size: 1.2em;text-align: justify\">\n<p style=\"text-align: justify\">O Conselho Estadual de Patrim\u00f4nio Cultural \u00e9 um \u00f3rg\u00e3o consultivo e deliberativo da Secult Cear\u00e1 que tem a responsabilidade, entre outras, de decidir sobre os tombamentos, registros e outras formas de acautelamento do Cear\u00e1. Ele \u00e9 composto por 24 membros, sendo a secret\u00e1ria da Cultura a presidente.<\/p>\n<p>&nbsp;<\/p>\n<p style=\"text-align: justify\">Atribui\u00e7\u00f5es por lei:<\/p>\n<p style=\"text-align: justify\">\nI &#8211; deliberar sobre o tombamento de bens m\u00f3veis e im\u00f3veis de valor reconhecido para o Estado do Cear\u00e1;<\/p>\n<p>&nbsp;<\/p>\n<p style=\"text-align: justify\">II &#8211; formular, em conjunto com a Secretaria da Cultura e Desporto, as diretrizes a serem obedecidas na pol\u00edtica de preserva\u00e7\u00e3o e valoriza\u00e7\u00e3o dos bens culturais;<\/p>\n<p>&nbsp;<\/p>\n<p style=\"text-align: justify\">III &#8211; cooperar na defesa e conserva\u00e7\u00e3o do patrim\u00f4nio hist\u00f3rico, arqueol\u00f3gico, art\u00edstico, bibliogr\u00e1fico e paisag\u00edstico do Estado, na conformidade da Legisla\u00e7\u00e3o Federal e da Estadual referente ao assunto;<\/p>\n<p>&nbsp;<\/p>\n<p style=\"text-align: justify\">IV &#8211; emitir parecer sobre assuntos e quest\u00f5es de bens patrimoniais e culturais que lhe sejam submetidas pelo Secret\u00e1rio da Cultura e Desporto e\/ou Departamento de Patrim\u00f4nio Cultural;<\/p>\n<p>&nbsp;<\/p>\n<p style=\"text-align: justify\">V &#8211; assessorar o Departamento de Patrim\u00f4nio Cultural quando se fizer necess\u00e1rio;<\/p>\n<p>&nbsp;<\/p>\n<p style=\"text-align: justify\">VI &#8211; adotar as medidas previstas nesta Lei, necess\u00e1rias a que se produzam os efeitos do tombamento;<\/p>\n<p>&nbsp;<\/p>\n<p style=\"text-align: justify\">VII &#8211; em caso de excepcional necessidade, deliberar sobre as propostas de revis\u00e3o do processo de tombamento;<\/p>\n<p>&nbsp;<\/p>\n<p style=\"text-align: justify\">VIII &#8211; quando necess\u00e1rio e em casos de maior n\u00edvel de complexidade, manifestar-se sobre projetos, planos e propostas de constru\u00e7\u00e3o, conserva\u00e7\u00e3o, repara\u00e7\u00e3o, restaura\u00e7\u00e3o e demoli\u00e7\u00e3o, bem como sobre os pedidos de licen\u00e7a para funcionamento de atividades comerciais ou prestadoras de servi\u00e7os em im\u00f3veis situados em local definido como \u00e1rea de preserva\u00e7\u00e3o de bens culturais e naturais, ouvido o \u00f3rg\u00e3o municipal expedidor da respectiva licen\u00e7a;<\/p>\n<p>&nbsp;<\/p>\n<p style=\"text-align: justify\">IX &#8211; pleitear benef\u00edcios aos propriet\u00e1rios de bens tombados.<\/p>\n<p>&nbsp;<\/p>\n<p style=\"text-align: justify\">Membros:<\/p>\n<p>1. Presidente do COEPA: Luisa Cela ( jan. 2023)<br \/>\n<strong>Secret\u00e1ria da Cultura do Estado do Cear\u00e1<\/strong><\/p>\n<p>&nbsp;<\/p>\n<p style=\"text-align: justify\"><strong>2. Procuradoria da Rep\u00fablica no Estado do Cear\u00e1.<\/strong><br \/>\nTITULAR: Oscar Costa Filho (of. indica\u00e7\u00e3o: 6\/4\/2013)<br \/>\nSUPLENTE: Francisco de Ara\u00fajo Macedo Filho<\/p>\n<p>&nbsp;<\/p>\n<p style=\"text-align: justify\"><strong>3. Conselho Regional de Engenharia a Arquitetura \u2013 CREA<\/strong><br \/>\nTITULAR: Maria do Socorro Moreira Ara\u00fajo (Of. n\u00ba 01262\/2021GAB\/PRE de<br \/>\n15\/12\/2021)<br \/>\nSUPLENTE: Luciano Filho de Sousa Paula (Of. n\u00ba 01262\/2021GAB\/PRE de<br \/>\n15\/12\/2021)<\/p>\n<p>&nbsp;<\/p>\n<p style=\"text-align: justify\"><strong>4. Universidade Estadual do Cear\u00e1- UECE<\/strong><br \/>\nTITULAR: Francisco Jos\u00e9 Gomes Damasceno (Of. 489\/2020 de 25\/9\/20)<br \/>\nSUPLENTE: Alexandre Almeida Barbalho (Of. 489\/2020 de 25\/9\/20)<\/p>\n<p>&nbsp;<\/p>\n<p style=\"text-align: justify\"><strong>5. Instituto de Arquitetos do Brasil \u2013 IAB<\/strong><br \/>\nTITULAR: Izabela Moreira Lima (Of. 002\/2019 de 21\/2\/19)<br \/>\nSUPLENTE: Maria J\u00falia Ximenes Jereissati (Of. 028\/2020 \u2013 fev 2020)<\/p>\n<p>&nbsp;<\/p>\n<p style=\"text-align: justify\"><strong>6. Universidade de Fortaleza \u2013 UNIFOR<\/strong><br \/>\nTITULAR: Jacqueline Holanda Tomaz de Oliveira (Of. R.N\u00ba37\/2021 de<br \/>\n06\/10\/2021)<br \/>\nSUPLENTE: Ana Cec\u00edlia Serpa Braga Vasconcelos (Of. 17\/09\/21)<\/p>\n<p>&nbsp;<\/p>\n<p style=\"text-align: justify\"><strong>7. Assembleia Legislativa do Estado do Cear\u00e1<\/strong><br \/>\nTITULAR: Jeov\u00e1 Mota<br \/>\nSUPLENTE: Queiroz Filho<\/p>\n<p>&nbsp;<\/p>\n<p style=\"text-align: justify\"><strong>8. Universidade Federal do Cear\u00e1 \u2013 UFC<\/strong><br \/>\nTITULAR: Henrique Pereira Rocha<br \/>\nSUPLENTE: Jocastra Holanda Bezerra<\/p>\n<p>&nbsp;<\/p>\n<p style=\"text-align: justify\"><strong>9. Secretaria de Turismo \u2013 SETUR<\/strong><br \/>\nTITULAR: Maria do Socorro Ara\u00fajo C\u00e2mara<br \/>\nSUPLENTE: Juliana Barros de Oliveira<\/p>\n<p>&nbsp;<\/p>\n<p style=\"text-align: justify\"><strong>10. Procuradoria Geral do Estado \u2013 PGE<\/strong><br \/>\nTITULAR: Luana Alves Gon\u00e7alves Pavan<br \/>\nSUPLENTE: Atilla Djazianny de Oliveira<\/p>\n<p>&nbsp;<\/p>\n<p style=\"text-align: justify\"><strong>11. Instituto do Cear\u00e1<\/strong><br \/>\nTITULAR: Augusto C\u00e9sar Bastos Barbosa<br \/>\nSUPLENTE: : Miguel ngelo de Azevedo (Nirez)<\/p>\n<p>&nbsp;<\/p>\n<p style=\"text-align: justify\"><strong>12. Universidade Regional do Cariri \u2013 URCA<br \/>\n<\/strong>TITULAR: Iar\u00ea Lucas Andrade<br \/>\nSUPLENTE: Francisca Jaquelini de Souza Vira\u00e7\u00e3o<\/p>\n<p>&nbsp;<\/p>\n<p style=\"text-align: justify\"><strong>13. Ordem dos Advogados do Brasil \u2013 OAB CE<\/strong><br \/>\nTITULAR: Artur Kennedy Arag\u00e3o Paiva<br \/>\nSUPLENTE: Paulo Roberto Chagas Maranh\u00e3o<\/p>\n<p>&nbsp;<\/p>\n<p style=\"text-align: justify\"><strong>14. Procuradoria Geral da Justi\u00e7a \u2013 PGJ<\/strong><br \/>\nTITULAR: Ronald Fontenele Rocha<br \/>\nSUPLENTE: Francisco das Chagas de Vasconcelos Neto<\/p>\n<p>&nbsp;<\/p>\n<p style=\"text-align: justify\"><strong>15. Secretaria de Infraestrutura \u2013 SEINFRA<\/strong><br \/>\nTITULAR: Joaquim Firmino Filho<br \/>\nSUPLENTE: Ricardo Marques Gondim<\/p>\n<p>&nbsp;<\/p>\n<p style=\"text-align: justify\"><strong>16. Coordenadora do Patrim\u00f4nio Cultural e Mem\u00f3ria -SECULT<\/strong><br \/>\nTITULAR: J\u00e9ssica Ohara Pacheco Chuab (01\/07\/2022)<br \/>\nSUPLENTE: Francisco Alexandre Veras de Freitas ( Jun. 2019)<\/p>\n<p>&nbsp;<\/p>\n<p style=\"text-align: justify\"><strong>17. C\u00e2mara dos Diretores Lojistas \u2013 CDL<\/strong><br \/>\nTITULAR: Valdemir Rolim de Sousa (Of. CDL de 24.03.23)<br \/>\nSUPLENTE: Germano Botelho Belchior (Of. S\/N de 30\/09\/2021)<\/p>\n<p>&nbsp;<\/p>\n<p style=\"text-align: justify\"><strong>18. Universidade Estadual Vale do Acara\u00fa \u2013 UVA<\/strong><br \/>\nTITULAR: Ernane Cortez Lima<br \/>\nSUPLENTE: Jos\u00e9 Falc\u00e3o Sobrinho<\/p>\n<p>&nbsp;<\/p>\n<p style=\"text-align: justify\"><strong>19. Associa\u00e7\u00e3o do Prefeitos do Estado do Cear\u00e1 \u2013 APRECE<\/strong><br \/>\nTITULAR: Ana Vl\u00e1dia Cosmo Santos<br \/>\nE-mail:vladiaana7@hotmail.com,vladia@aprece.org.br cleideaprece@gmail.com<br \/>\nSUPLENTE: Rafaele Sousa Saraiva<\/p>\n<p>&nbsp;<\/p>\n<p style=\"text-align: justify\"><strong>20. Instituto do Patrim\u00f4nio Hist\u00f3rico e Art\u00edstico Nacional \u2013 IPHAN CE<\/strong><br \/>\nTITULAR:M\u00e1rcio Rodrigo Coelho de Carvalho<br \/>\nSUPLENTE: \u00cdtala Byanca Morais da Silva<\/p>\n<p>&nbsp;<\/p>\n<p style=\"text-align: justify\"><strong>21. Secretaria de Desenvolvimento Econ\u00f4mico e Trabalho \u2013 SEDET<\/strong><br \/>\nTITULAR: Maria Concei\u00e7\u00e3o Vasconcelos<br \/>\nSUPLENTE: Francisco Oscar Nogueira<\/p>\n<p>&nbsp;<\/p>\n<p style=\"text-align: justify\"><strong>22. Secretaria das Cidades<\/strong><br \/>\nTITULAR: Rob\u00e9rio Xavier de Ara\u00fajo<br \/>\nSUPLENTE: Juarez Fabr\u00edcio de Medeiros<\/p>\n<p>&nbsp;<\/p>\n<p style=\"text-align: justify\"><strong>23. Sociedade Civil<\/strong><\/p>\n<p style=\"text-align: justify\"><strong>24. Sociedade Civil<\/strong><br \/>\nConselheiro Eduardo Diatahy Bezerra de Menezes<\/p>\n<\/div>\n","protected":false},"excerpt":{"rendered":"<p>Conselho Estadual de Preserva\u00e7\u00e3o do Patrim\u00f4nio Cultural do Estado do Cear\u00e1 (Coepa) &nbsp; O Conselho Estadual de Patrim\u00f4nio Cultural \u00e9 um \u00f3rg\u00e3o consultivo e deliberativo da Secult Cear\u00e1 que tem a responsabilidade, entre outras, de decidir sobre os tombamentos, registros e outras formas de acautelamento do Cear\u00e1. Ele \u00e9 composto por 24 membros, sendo a [&hellip;]<\/p>\n","protected":false},"author":708,"featured_media":0,"parent":6787,"menu_order":0,"comment_status":"closed","ping_status":"closed","template":"","meta":{"_acf_changed":false,"inline_featured_image":false,"footnotes":""},"class_list":["post-37716","page","type-page","status-publish","hentry"],"acf":[],"yoast_head":"<!-- This site is optimized with the Yoast SEO plugin v26.9 - https:\/\/yoast.com\/product\/yoast-seo-wordpress\/ -->\n<title>Conselho Estadual de Preserva\u00e7\u00e3o do Patrim\u00f4nio Cultural do Estado do Cear\u00e1 (Coepa) - Secult<\/title>\n<meta name=\"robots\" content=\"index, follow, max-snippet:-1, max-image-preview:large, max-video-preview:-1\" \/>\n<link rel=\"canonical\" href=\"https:\/\/ww16.ce.gov.br\/secult\/politica\/eixos\/patrimonio\/coepa\/\" \/>\n<meta property=\"og:locale\" content=\"pt_BR\" \/>\n<meta property=\"og:type\" content=\"article\" \/>\n<meta property=\"og:title\" content=\"Conselho Estadual de Preserva\u00e7\u00e3o do Patrim\u00f4nio Cultural do Estado do Cear\u00e1 (Coepa) - Secult\" \/>\n<meta property=\"og:description\" content=\"Conselho Estadual de Preserva\u00e7\u00e3o do Patrim\u00f4nio Cultural do Estado do Cear\u00e1 (Coepa) &nbsp; O Conselho Estadual de Patrim\u00f4nio Cultural \u00e9 um \u00f3rg\u00e3o consultivo e deliberativo da Secult Cear\u00e1 que tem a responsabilidade, entre outras, de decidir sobre os tombamentos, registros e outras formas de acautelamento do Cear\u00e1. Ele \u00e9 composto por 24 membros, sendo a [&hellip;]\" \/>\n<meta property=\"og:url\" content=\"https:\/\/ww16.ce.gov.br\/secult\/politica\/eixos\/patrimonio\/coepa\/\" \/>\n<meta property=\"og:site_name\" content=\"Secult\" \/>\n<meta property=\"article:modified_time\" content=\"2026-04-15T18:48:49+00:00\" \/>\n<meta name=\"twitter:card\" content=\"summary_large_image\" \/>\n<meta name=\"twitter:label1\" content=\"Est. reading time\" \/>\n\t<meta name=\"twitter:data1\" content=\"4 minutos\" \/>\n<script type=\"application\/ld+json\" class=\"yoast-schema-graph\">{\"@context\":\"https:\/\/schema.org\",\"@graph\":[{\"@type\":\"WebPage\",\"@id\":\"https:\/\/ww16.ce.gov.br\/secult\/politica\/eixos\/patrimonio\/coepa\/\",\"url\":\"https:\/\/ww16.ce.gov.br\/secult\/politica\/eixos\/patrimonio\/coepa\/\",\"name\":\"Conselho Estadual de Preserva\u00e7\u00e3o do Patrim\u00f4nio Cultural do Estado do Cear\u00e1 (Coepa) - Secult\",\"isPartOf\":{\"@id\":\"https:\/\/ww16.ce.gov.br\/secult\/#website\"},\"datePublished\":\"2024-10-03T20:24:17+00:00\",\"dateModified\":\"2026-04-15T18:48:49+00:00\",\"breadcrumb\":{\"@id\":\"https:\/\/ww16.ce.gov.br\/secult\/politica\/eixos\/patrimonio\/coepa\/#breadcrumb\"},\"inLanguage\":\"pt-BR\",\"potentialAction\":[{\"@type\":\"ReadAction\",\"target\":[\"https:\/\/ww16.ce.gov.br\/secult\/politica\/eixos\/patrimonio\/coepa\/\"]}]},{\"@type\":\"BreadcrumbList\",\"@id\":\"https:\/\/ww16.ce.gov.br\/secult\/politica\/eixos\/patrimonio\/coepa\/#breadcrumb\",\"itemListElement\":[{\"@type\":\"ListItem\",\"position\":1,\"name\":\"In\u00edcio\",\"item\":\"https:\/\/ww16.ce.gov.br\/secult\/\"},{\"@type\":\"ListItem\",\"position\":2,\"name\":\"Pol\u00edtica\",\"item\":\"https:\/\/ww16.ce.gov.br\/secult\/politica\/\"},{\"@type\":\"ListItem\",\"position\":3,\"name\":\"Eixos\",\"item\":\"https:\/\/ww16.ce.gov.br\/secult\/politica\/eixos\/\"},{\"@type\":\"ListItem\",\"position\":4,\"name\":\"Patrim\u00f4nio Cultural e Mem\u00f3ria\",\"item\":\"https:\/\/ww16.ce.gov.br\/secult\/politica\/eixos\/patrimonio\/\"},{\"@type\":\"ListItem\",\"position\":5,\"name\":\"Conselho Estadual de Preserva\u00e7\u00e3o do Patrim\u00f4nio Cultural do Estado do Cear\u00e1 (Coepa)\"}]},{\"@type\":\"WebSite\",\"@id\":\"https:\/\/ww16.ce.gov.br\/secult\/#website\",\"url\":\"https:\/\/ww16.ce.gov.br\/secult\/\",\"name\":\"Secretaria da Cultura\",\"description\":\"Portal Secult\",\"publisher\":{\"@id\":\"https:\/\/ww16.ce.gov.br\/secult\/#organization\"},\"potentialAction\":[{\"@type\":\"SearchAction\",\"target\":{\"@type\":\"EntryPoint\",\"urlTemplate\":\"https:\/\/ww16.ce.gov.br\/secult\/?s={search_term_string}\"},\"query-input\":{\"@type\":\"PropertyValueSpecification\",\"valueRequired\":true,\"valueName\":\"search_term_string\"}}],\"inLanguage\":\"pt-BR\"},{\"@type\":\"Organization\",\"@id\":\"https:\/\/ww16.ce.gov.br\/secult\/#organization\",\"name\":\"Secretaria da Cultura\",\"url\":\"https:\/\/ww16.ce.gov.br\/secult\/\",\"logo\":{\"@type\":\"ImageObject\",\"inLanguage\":\"pt-BR\",\"@id\":\"https:\/\/ww16.ce.gov.br\/secult\/#\/schema\/logo\/image\/\",\"url\":\"http:\/\/ww16.ce.gov.br\/secult\/wp-content\/uploads\/sites\/43\/2018\/05\/secult-clara-3.png\",\"contentUrl\":\"http:\/\/ww16.ce.gov.br\/secult\/wp-content\/uploads\/sites\/43\/2018\/05\/secult-clara-3.png\",\"width\":559,\"height\":106,\"caption\":\"Secretaria da Cultura\"},\"image\":{\"@id\":\"https:\/\/ww16.ce.gov.br\/secult\/#\/schema\/logo\/image\/\"}}]}<\/script>\n<!-- \/ Yoast SEO plugin. -->","yoast_head_json":{"title":"Conselho Estadual de Preserva\u00e7\u00e3o do Patrim\u00f4nio Cultural do Estado do Cear\u00e1 (Coepa) - Secult","robots":{"index":"index","follow":"follow","max-snippet":"max-snippet:-1","max-image-preview":"max-image-preview:large","max-video-preview":"max-video-preview:-1"},"canonical":"https:\/\/ww16.ce.gov.br\/secult\/politica\/eixos\/patrimonio\/coepa\/","og_locale":"pt_BR","og_type":"article","og_title":"Conselho Estadual de Preserva\u00e7\u00e3o do Patrim\u00f4nio Cultural do Estado do Cear\u00e1 (Coepa) - Secult","og_description":"Conselho Estadual de Preserva\u00e7\u00e3o do Patrim\u00f4nio Cultural do Estado do Cear\u00e1 (Coepa) &nbsp; O Conselho Estadual de Patrim\u00f4nio Cultural \u00e9 um \u00f3rg\u00e3o consultivo e deliberativo da Secult Cear\u00e1 que tem a responsabilidade, entre outras, de decidir sobre os tombamentos, registros e outras formas de acautelamento do Cear\u00e1. Ele \u00e9 composto por 24 membros, sendo a [&hellip;]","og_url":"https:\/\/ww16.ce.gov.br\/secult\/politica\/eixos\/patrimonio\/coepa\/","og_site_name":"Secult","article_modified_time":"2026-04-15T18:48:49+00:00","twitter_card":"summary_large_image","twitter_misc":{"Est. reading time":"4 minutos"},"schema":{"@context":"https:\/\/schema.org","@graph":[{"@type":"WebPage","@id":"https:\/\/ww16.ce.gov.br\/secult\/politica\/eixos\/patrimonio\/coepa\/","url":"https:\/\/ww16.ce.gov.br\/secult\/politica\/eixos\/patrimonio\/coepa\/","name":"Conselho Estadual de Preserva\u00e7\u00e3o do Patrim\u00f4nio Cultural do Estado do Cear\u00e1 (Coepa) - Secult","isPartOf":{"@id":"https:\/\/ww16.ce.gov.br\/secult\/#website"},"datePublished":"2024-10-03T20:24:17+00:00","dateModified":"2026-04-15T18:48:49+00:00","breadcrumb":{"@id":"https:\/\/ww16.ce.gov.br\/secult\/politica\/eixos\/patrimonio\/coepa\/#breadcrumb"},"inLanguage":"pt-BR","potentialAction":[{"@type":"ReadAction","target":["https:\/\/ww16.ce.gov.br\/secult\/politica\/eixos\/patrimonio\/coepa\/"]}]},{"@type":"BreadcrumbList","@id":"https:\/\/ww16.ce.gov.br\/secult\/politica\/eixos\/patrimonio\/coepa\/#breadcrumb","itemListElement":[{"@type":"ListItem","position":1,"name":"In\u00edcio","item":"https:\/\/ww16.ce.gov.br\/secult\/"},{"@type":"ListItem","position":2,"name":"Pol\u00edtica","item":"https:\/\/ww16.ce.gov.br\/secult\/politica\/"},{"@type":"ListItem","position":3,"name":"Eixos","item":"https:\/\/ww16.ce.gov.br\/secult\/politica\/eixos\/"},{"@type":"ListItem","position":4,"name":"Patrim\u00f4nio Cultural e Mem\u00f3ria","item":"https:\/\/ww16.ce.gov.br\/secult\/politica\/eixos\/patrimonio\/"},{"@type":"ListItem","position":5,"name":"Conselho Estadual de Preserva\u00e7\u00e3o do Patrim\u00f4nio Cultural do Estado do Cear\u00e1 (Coepa)"}]},{"@type":"WebSite","@id":"https:\/\/ww16.ce.gov.br\/secult\/#website","url":"https:\/\/ww16.ce.gov.br\/secult\/","name":"Secretaria da Cultura","description":"Portal Secult","publisher":{"@id":"https:\/\/ww16.ce.gov.br\/secult\/#organization"},"potentialAction":[{"@type":"SearchAction","target":{"@type":"EntryPoint","urlTemplate":"https:\/\/ww16.ce.gov.br\/secult\/?s={search_term_string}"},"query-input":{"@type":"PropertyValueSpecification","valueRequired":true,"valueName":"search_term_string"}}],"inLanguage":"pt-BR"},{"@type":"Organization","@id":"https:\/\/ww16.ce.gov.br\/secult\/#organization","name":"Secretaria da Cultura","url":"https:\/\/ww16.ce.gov.br\/secult\/","logo":{"@type":"ImageObject","inLanguage":"pt-BR","@id":"https:\/\/ww16.ce.gov.br\/secult\/#\/schema\/logo\/image\/","url":"http:\/\/ww16.ce.gov.br\/secult\/wp-content\/uploads\/sites\/43\/2018\/05\/secult-clara-3.png","contentUrl":"http:\/\/ww16.ce.gov.br\/secult\/wp-content\/uploads\/sites\/43\/2018\/05\/secult-clara-3.png","width":559,"height":106,"caption":"Secretaria da Cultura"},"image":{"@id":"https:\/\/ww16.ce.gov.br\/secult\/#\/schema\/logo\/image\/"}}]}},"_links":{"self":[{"href":"https:\/\/ww16.ce.gov.br\/secult\/wp-json\/wp\/v2\/pages\/37716","targetHints":{"allow":["GET"]}}],"collection":[{"href":"https:\/\/ww16.ce.gov.br\/secult\/wp-json\/wp\/v2\/pages"}],"about":[{"href":"https:\/\/ww16.ce.gov.br\/secult\/wp-json\/wp\/v2\/types\/page"}],"author":[{"embeddable":true,"href":"https:\/\/ww16.ce.gov.br\/secult\/wp-json\/wp\/v2\/users\/708"}],"replies":[{"embeddable":true,"href":"https:\/\/ww16.ce.gov.br\/secult\/wp-json\/wp\/v2\/comments?post=37716"}],"version-history":[{"count":5,"href":"https:\/\/ww16.ce.gov.br\/secult\/wp-json\/wp\/v2\/pages\/37716\/revisions"}],"predecessor-version":[{"id":39978,"href":"https:\/\/ww16.ce.gov.br\/secult\/wp-json\/wp\/v2\/pages\/37716\/revisions\/39978"}],"up":[{"embeddable":true,"href":"https:\/\/ww16.ce.gov.br\/secult\/wp-json\/wp\/v2\/pages\/6787"}],"wp:attachment":[{"href":"https:\/\/ww16.ce.gov.br\/secult\/wp-json\/wp\/v2\/media?parent=37716"}],"curies":[{"name":"wp","href":"https:\/\/api.w.org\/{rel}","templated":true}]}}