{"id":37708,"date":"2024-10-03T17:12:30","date_gmt":"2024-10-03T20:12:30","guid":{"rendered":"http:\/\/ww16.ce.gov.br\/secult\/?page_id=37708"},"modified":"2026-04-15T15:46:31","modified_gmt":"2026-04-15T18:46:31","slug":"paisagem-cultural","status":"publish","type":"page","link":"https:\/\/ww16.ce.gov.br\/secult\/politica\/eixos\/patrimonio\/paisagem-cultural\/","title":{"rendered":"Paisagem Cultural"},"content":{"rendered":"<h2><span style=\"color: #fc6836\"><strong>Paisagem Cultural<\/strong><\/span><\/h2>\n<p>&nbsp;<\/p>\n<p style=\"text-align: justify\"><span style=\"font-weight: 400\">Paisagens culturais s\u00e3o as por\u00e7\u00f5es peculiares do territ\u00f3rio, representativas do processo de intera\u00e7\u00e3o do homem com o meio natural, \u00e0 qual a vida e a ci\u00eancia humana imprimiram marcas ou atribu\u00edram valores. Desde 2021, o Cear\u00e1 adotou essa forma de acautelamento para preservar os espa\u00e7os \u00fanicos formados em seu territ\u00f3rio, normalmente conhecidos por portarem uma cultura diversa que n\u00e3o s\u00f3 dialoga, mas faz parte e \u00e9 fruto do ambiente de forma pungente. No momento, temos um bem chancelado, a Paisagem Cultural da Chapada do Araripe.<\/span><\/p>\n<p>&nbsp;<\/p>\n<h2 style=\"text-align: justify\"><span style=\"font-weight: 400\">Paisagem Cultural da Chapada do Araripe<\/span><\/h2>\n<p>&nbsp;<\/p>\n<p style=\"text-align: justify\"><span style=\"font-weight: 400\">A paisagem situa-se no estado do Cear\u00e1, com 18 munic\u00edpios na Zona Central (seja integral ou parcialmente), e 7 munic\u00edpios na Zona de Amortecimento, ambas em \u00e1rea coincidente com a regi\u00e3o de planejamento do Cariri. A maioria dos munic\u00edpios presentes na Zona Central est\u00e3o diretamente ligados \u00e0 \u00c1rea de Prote\u00e7\u00e3o Ambiental da Chapada do Araripe, que \u00e9 considerada a maior bacia sedimentar do interior do Nordeste brasileiro. Apresenta-se como uma unidade geol\u00f3gica que compreende uma \u00e1rea de 12.000 quil\u00f4metros quadrados,inserida no sert\u00e3o e estendendo-se pelo extremo Sul do Estado do Cear\u00e1, Noroeste do Pernambuco e Leste do Piau\u00ed.<\/span><\/p>\n<p>&nbsp;<\/p>\n<p style=\"text-align: justify\"><span style=\"font-weight: 400\">A Chapada do Araripe, situada nas coordenadas geogr\u00e1ficas: 38\u00ba30\u2019 a 40\u00ba55\u2019 de longitude Oeste de Greenwich, e 7\u00ba07\u2019 a 7\u00ba49\u2019 de latitude sul, \u00e9 um importante marco ambiental, paisag\u00edstico, m\u00edtico e fossil\u00edfero que influencia diretamente toda a ocupa\u00e7\u00e3o e cultura do seu entorno. O patrim\u00f4nio natural e cultural desta bacia, em parte, est\u00e1 protegido pelo o estado e pela popula\u00e7\u00e3o, a exemplo das unidades de conserva\u00e7\u00e3o com destaque para a APA Chapada do Araripe e a FLONA &#8211; Floresta Nacional do Araripe, como se espera em \u00e1reas protegidas de uso sustent\u00e1vel com planos de gest\u00e3o definidos e conselhos participativos atuantes, que monitoram o processo de ocupa\u00e7\u00e3o humana, licen\u00e7as ambientais, planos de manejos e preserva\u00e7\u00e3o ambiental. A densidade ocupacional est\u00e1 no seu entorno direto, formando com suas escarpas \u00edngremes uma verdadeira Bacia Cultural, que comp\u00f5e em conjunto com toda a natureza ali presente, uma Paisagem Cultural.<\/span><\/p>\n<p>&nbsp;<\/p>\n<p style=\"text-align: justify\"><span style=\"font-weight: 400\">Na Zona Central do bem est\u00e3o inseridas \u00e1reas dos munic\u00edpios de Jati, Brejo Santo, Porteiras, Jardim, Abaiara, Milagres, Miss\u00e3o Velha, Juazeiro do Norte, Barbalha, Crato, Santana do Cariri, Nova Olinda, Potengi, Araripe, Campos Sales e uma por\u00e7\u00e3o dos munic\u00edpios de Salitre, Assar\u00e9 e Aurora. O perfil de cada munic\u00edpio e os principais dados geogr\u00e1ficos, administrativos, demogr\u00e1ficos, econ\u00f4micos e pol\u00edticos est\u00e3o no Anexo 01 .<\/span><\/p>\n<p>&nbsp;<\/p>\n<p style=\"text-align: justify\"><span style=\"font-weight: 400\">O pol\u00edgono da \u00e1rea \u00e9 delimitada pelos seguintes v\u00e9rtices:<\/span><\/p>\n<p>&nbsp;<\/p>\n<p style=\"text-align: justify\"><span style=\"font-weight: 400\">V1: -39.19699, -7.15291 (em Juazeiro do Norte); V2 : -39.2624. -71359 (em Juazeiro do Norte); V3 : -39.3519. -7.1101 (No Crato); V4 : -39.5634, -7; 0775 (No Crato); V5 :-39.70841,-7. 06550 (Nova Olinda); V6 : -39.78316, -7.06418 (em Santana do Cariri); V7 : -39.874228,-7.068708 (em Santana do Cariri); V8 : -39.93208, -7.05521 (em Assar\u00e9); V9 :- 40.06913, -6. 98630 (em Assar\u00e9); V10 :- 40.14283, -6, 95140 (em Campo Sales); V11 : -40.17584, -6.950849(em Campo Sales); V12 : -40.189978, -6.981065 (em Campo Sales); V13 : 40. 16796, -7,04086(em Salitre); V14 : -40.12690, -7. 15364 (em Araripe) ; V15 : -39. 99753, -7.24327 (em Araripe);V16 : -39. 88241, -7.27089 (em Santana do Cariri); V17 : -39.7413, -7.2891 (em Santana do Cariri); V18 : -39. 59764, -7.29084 (no Crato); V19 : -39. 3551, -7.4818 (em Jardim); V20 : -39.25296, -7. 51433 (em Jardim); V21 :-39.196410, -7.578567(em Jardim); V22 : -39.087874,-7.671459 (em Jati); V23 : -39.041951, -7.703782 (em Jati); V24 : -39.015478, -7.705345 (em Jati); V25 : -38.9940592, -7.6787297 (em Jati); V26 : -39.992103, -7.528523 (em Brejo Santo); V27 : -38.910594, -7.348285 (em Milagres); V28 : -38. 89948, -7.29079 (em Milagres); V29 :-38. 912166, -7.264161 (em Milagres); V30 : -38. 983830, -7.209634 (em Milagres); V31 : -39.0382470, -7. 1392013 (em Aurora); V32 : -39.0484826, -7.1362170 (em Aurora), retornando para o v\u00e9rtice inicial finalizando o pol\u00edgono. E a zona de amortecimento compreende a \u00e1rea dos munic\u00edpios de Salitre, Assar\u00e9, Tarrafas, Altaneira, Cariria\u00e7u, Granjeiro, Aurora, Penaforte, Lavras da Mangabeira e Mauriti.<\/span><\/p>\n<p>&nbsp;<\/p>\n<p style=\"text-align: justify\"><span style=\"font-weight: 400\">(Texto retirado do pedido de chancela de paisagem cultural, 2022)<\/span><\/p>\n<p>&nbsp;<\/p>\n<ul class=\"ListaEst -Laranja col2\" style=\"font-weight: bold\">\n<li><a href=\"https:\/\/ww16.ce.gov.br\/secult\/wp-content\/uploads\/sites\/83\/2024\/12\/FORMULARIO-DE-SOLICITACAO-DA-CHANCELA-DE-PAISAGEM-CULTURAL.pdf\">Formul\u00e1rio de Solicita\u00e7\u00e3o da Chancela de Paisagem Cultural<\/a><\/li>\n<\/ul>\n<p>&nbsp;<br \/>\nBens chancelados<\/p>\n","protected":false},"excerpt":{"rendered":"<p>Paisagem Cultural &nbsp; Paisagens culturais s\u00e3o as por\u00e7\u00f5es peculiares do territ\u00f3rio, representativas do processo de intera\u00e7\u00e3o do homem com o meio natural, \u00e0 qual a vida e a ci\u00eancia humana imprimiram marcas ou atribu\u00edram valores. Desde 2021, o Cear\u00e1 adotou essa forma de acautelamento para preservar os espa\u00e7os \u00fanicos formados em seu territ\u00f3rio, normalmente conhecidos [&hellip;]<\/p>\n","protected":false},"author":708,"featured_media":0,"parent":6787,"menu_order":0,"comment_status":"closed","ping_status":"closed","template":"","meta":{"_acf_changed":false,"inline_featured_image":false,"footnotes":""},"class_list":["post-37708","page","type-page","status-publish","hentry"],"acf":[],"yoast_head":"<!-- This site is optimized with the Yoast SEO plugin v26.9 - https:\/\/yoast.com\/product\/yoast-seo-wordpress\/ -->\n<title>Paisagem Cultural - Secult<\/title>\n<meta name=\"robots\" content=\"index, follow, max-snippet:-1, max-image-preview:large, max-video-preview:-1\" \/>\n<link rel=\"canonical\" href=\"https:\/\/ww16.ce.gov.br\/secult\/politica\/eixos\/patrimonio\/paisagem-cultural\/\" \/>\n<meta property=\"og:locale\" content=\"pt_BR\" \/>\n<meta property=\"og:type\" content=\"article\" \/>\n<meta property=\"og:title\" content=\"Paisagem Cultural - Secult\" \/>\n<meta property=\"og:description\" content=\"Paisagem Cultural &nbsp; Paisagens culturais s\u00e3o as por\u00e7\u00f5es peculiares do territ\u00f3rio, representativas do processo de intera\u00e7\u00e3o do homem com o meio natural, \u00e0 qual a vida e a ci\u00eancia humana imprimiram marcas ou atribu\u00edram valores. Desde 2021, o Cear\u00e1 adotou essa forma de acautelamento para preservar os espa\u00e7os \u00fanicos formados em seu territ\u00f3rio, normalmente conhecidos [&hellip;]\" \/>\n<meta property=\"og:url\" content=\"https:\/\/ww16.ce.gov.br\/secult\/politica\/eixos\/patrimonio\/paisagem-cultural\/\" \/>\n<meta property=\"og:site_name\" content=\"Secult\" \/>\n<meta property=\"article:modified_time\" content=\"2026-04-15T18:46:31+00:00\" \/>\n<meta name=\"twitter:card\" content=\"summary_large_image\" \/>\n<meta name=\"twitter:label1\" content=\"Est. reading time\" \/>\n\t<meta name=\"twitter:data1\" content=\"4 minutos\" \/>\n<script type=\"application\/ld+json\" class=\"yoast-schema-graph\">{\"@context\":\"https:\/\/schema.org\",\"@graph\":[{\"@type\":\"WebPage\",\"@id\":\"https:\/\/ww16.ce.gov.br\/secult\/politica\/eixos\/patrimonio\/paisagem-cultural\/\",\"url\":\"https:\/\/ww16.ce.gov.br\/secult\/politica\/eixos\/patrimonio\/paisagem-cultural\/\",\"name\":\"Paisagem Cultural - Secult\",\"isPartOf\":{\"@id\":\"https:\/\/ww16.ce.gov.br\/secult\/#website\"},\"datePublished\":\"2024-10-03T20:12:30+00:00\",\"dateModified\":\"2026-04-15T18:46:31+00:00\",\"breadcrumb\":{\"@id\":\"https:\/\/ww16.ce.gov.br\/secult\/politica\/eixos\/patrimonio\/paisagem-cultural\/#breadcrumb\"},\"inLanguage\":\"pt-BR\",\"potentialAction\":[{\"@type\":\"ReadAction\",\"target\":[\"https:\/\/ww16.ce.gov.br\/secult\/politica\/eixos\/patrimonio\/paisagem-cultural\/\"]}]},{\"@type\":\"BreadcrumbList\",\"@id\":\"https:\/\/ww16.ce.gov.br\/secult\/politica\/eixos\/patrimonio\/paisagem-cultural\/#breadcrumb\",\"itemListElement\":[{\"@type\":\"ListItem\",\"position\":1,\"name\":\"In\u00edcio\",\"item\":\"https:\/\/ww16.ce.gov.br\/secult\/\"},{\"@type\":\"ListItem\",\"position\":2,\"name\":\"Pol\u00edtica\",\"item\":\"https:\/\/ww16.ce.gov.br\/secult\/politica\/\"},{\"@type\":\"ListItem\",\"position\":3,\"name\":\"Eixos\",\"item\":\"https:\/\/ww16.ce.gov.br\/secult\/politica\/eixos\/\"},{\"@type\":\"ListItem\",\"position\":4,\"name\":\"Patrim\u00f4nio Cultural e Mem\u00f3ria\",\"item\":\"https:\/\/ww16.ce.gov.br\/secult\/politica\/eixos\/patrimonio\/\"},{\"@type\":\"ListItem\",\"position\":5,\"name\":\"Paisagem Cultural\"}]},{\"@type\":\"WebSite\",\"@id\":\"https:\/\/ww16.ce.gov.br\/secult\/#website\",\"url\":\"https:\/\/ww16.ce.gov.br\/secult\/\",\"name\":\"Secretaria da Cultura\",\"description\":\"Portal Secult\",\"publisher\":{\"@id\":\"https:\/\/ww16.ce.gov.br\/secult\/#organization\"},\"potentialAction\":[{\"@type\":\"SearchAction\",\"target\":{\"@type\":\"EntryPoint\",\"urlTemplate\":\"https:\/\/ww16.ce.gov.br\/secult\/?s={search_term_string}\"},\"query-input\":{\"@type\":\"PropertyValueSpecification\",\"valueRequired\":true,\"valueName\":\"search_term_string\"}}],\"inLanguage\":\"pt-BR\"},{\"@type\":\"Organization\",\"@id\":\"https:\/\/ww16.ce.gov.br\/secult\/#organization\",\"name\":\"Secretaria da Cultura\",\"url\":\"https:\/\/ww16.ce.gov.br\/secult\/\",\"logo\":{\"@type\":\"ImageObject\",\"inLanguage\":\"pt-BR\",\"@id\":\"https:\/\/ww16.ce.gov.br\/secult\/#\/schema\/logo\/image\/\",\"url\":\"http:\/\/ww16.ce.gov.br\/secult\/wp-content\/uploads\/sites\/43\/2018\/05\/secult-clara-3.png\",\"contentUrl\":\"http:\/\/ww16.ce.gov.br\/secult\/wp-content\/uploads\/sites\/43\/2018\/05\/secult-clara-3.png\",\"width\":559,\"height\":106,\"caption\":\"Secretaria da Cultura\"},\"image\":{\"@id\":\"https:\/\/ww16.ce.gov.br\/secult\/#\/schema\/logo\/image\/\"}}]}<\/script>\n<!-- \/ Yoast SEO plugin. -->","yoast_head_json":{"title":"Paisagem Cultural - Secult","robots":{"index":"index","follow":"follow","max-snippet":"max-snippet:-1","max-image-preview":"max-image-preview:large","max-video-preview":"max-video-preview:-1"},"canonical":"https:\/\/ww16.ce.gov.br\/secult\/politica\/eixos\/patrimonio\/paisagem-cultural\/","og_locale":"pt_BR","og_type":"article","og_title":"Paisagem Cultural - Secult","og_description":"Paisagem Cultural &nbsp; Paisagens culturais s\u00e3o as por\u00e7\u00f5es peculiares do territ\u00f3rio, representativas do processo de intera\u00e7\u00e3o do homem com o meio natural, \u00e0 qual a vida e a ci\u00eancia humana imprimiram marcas ou atribu\u00edram valores. Desde 2021, o Cear\u00e1 adotou essa forma de acautelamento para preservar os espa\u00e7os \u00fanicos formados em seu territ\u00f3rio, normalmente conhecidos [&hellip;]","og_url":"https:\/\/ww16.ce.gov.br\/secult\/politica\/eixos\/patrimonio\/paisagem-cultural\/","og_site_name":"Secult","article_modified_time":"2026-04-15T18:46:31+00:00","twitter_card":"summary_large_image","twitter_misc":{"Est. reading time":"4 minutos"},"schema":{"@context":"https:\/\/schema.org","@graph":[{"@type":"WebPage","@id":"https:\/\/ww16.ce.gov.br\/secult\/politica\/eixos\/patrimonio\/paisagem-cultural\/","url":"https:\/\/ww16.ce.gov.br\/secult\/politica\/eixos\/patrimonio\/paisagem-cultural\/","name":"Paisagem Cultural - Secult","isPartOf":{"@id":"https:\/\/ww16.ce.gov.br\/secult\/#website"},"datePublished":"2024-10-03T20:12:30+00:00","dateModified":"2026-04-15T18:46:31+00:00","breadcrumb":{"@id":"https:\/\/ww16.ce.gov.br\/secult\/politica\/eixos\/patrimonio\/paisagem-cultural\/#breadcrumb"},"inLanguage":"pt-BR","potentialAction":[{"@type":"ReadAction","target":["https:\/\/ww16.ce.gov.br\/secult\/politica\/eixos\/patrimonio\/paisagem-cultural\/"]}]},{"@type":"BreadcrumbList","@id":"https:\/\/ww16.ce.gov.br\/secult\/politica\/eixos\/patrimonio\/paisagem-cultural\/#breadcrumb","itemListElement":[{"@type":"ListItem","position":1,"name":"In\u00edcio","item":"https:\/\/ww16.ce.gov.br\/secult\/"},{"@type":"ListItem","position":2,"name":"Pol\u00edtica","item":"https:\/\/ww16.ce.gov.br\/secult\/politica\/"},{"@type":"ListItem","position":3,"name":"Eixos","item":"https:\/\/ww16.ce.gov.br\/secult\/politica\/eixos\/"},{"@type":"ListItem","position":4,"name":"Patrim\u00f4nio Cultural e Mem\u00f3ria","item":"https:\/\/ww16.ce.gov.br\/secult\/politica\/eixos\/patrimonio\/"},{"@type":"ListItem","position":5,"name":"Paisagem Cultural"}]},{"@type":"WebSite","@id":"https:\/\/ww16.ce.gov.br\/secult\/#website","url":"https:\/\/ww16.ce.gov.br\/secult\/","name":"Secretaria da Cultura","description":"Portal Secult","publisher":{"@id":"https:\/\/ww16.ce.gov.br\/secult\/#organization"},"potentialAction":[{"@type":"SearchAction","target":{"@type":"EntryPoint","urlTemplate":"https:\/\/ww16.ce.gov.br\/secult\/?s={search_term_string}"},"query-input":{"@type":"PropertyValueSpecification","valueRequired":true,"valueName":"search_term_string"}}],"inLanguage":"pt-BR"},{"@type":"Organization","@id":"https:\/\/ww16.ce.gov.br\/secult\/#organization","name":"Secretaria da Cultura","url":"https:\/\/ww16.ce.gov.br\/secult\/","logo":{"@type":"ImageObject","inLanguage":"pt-BR","@id":"https:\/\/ww16.ce.gov.br\/secult\/#\/schema\/logo\/image\/","url":"http:\/\/ww16.ce.gov.br\/secult\/wp-content\/uploads\/sites\/43\/2018\/05\/secult-clara-3.png","contentUrl":"http:\/\/ww16.ce.gov.br\/secult\/wp-content\/uploads\/sites\/43\/2018\/05\/secult-clara-3.png","width":559,"height":106,"caption":"Secretaria da Cultura"},"image":{"@id":"https:\/\/ww16.ce.gov.br\/secult\/#\/schema\/logo\/image\/"}}]}},"_links":{"self":[{"href":"https:\/\/ww16.ce.gov.br\/secult\/wp-json\/wp\/v2\/pages\/37708","targetHints":{"allow":["GET"]}}],"collection":[{"href":"https:\/\/ww16.ce.gov.br\/secult\/wp-json\/wp\/v2\/pages"}],"about":[{"href":"https:\/\/ww16.ce.gov.br\/secult\/wp-json\/wp\/v2\/types\/page"}],"author":[{"embeddable":true,"href":"https:\/\/ww16.ce.gov.br\/secult\/wp-json\/wp\/v2\/users\/708"}],"replies":[{"embeddable":true,"href":"https:\/\/ww16.ce.gov.br\/secult\/wp-json\/wp\/v2\/comments?post=37708"}],"version-history":[{"count":8,"href":"https:\/\/ww16.ce.gov.br\/secult\/wp-json\/wp\/v2\/pages\/37708\/revisions"}],"predecessor-version":[{"id":51573,"href":"https:\/\/ww16.ce.gov.br\/secult\/wp-json\/wp\/v2\/pages\/37708\/revisions\/51573"}],"up":[{"embeddable":true,"href":"https:\/\/ww16.ce.gov.br\/secult\/wp-json\/wp\/v2\/pages\/6787"}],"wp:attachment":[{"href":"https:\/\/ww16.ce.gov.br\/secult\/wp-json\/wp\/v2\/media?parent=37708"}],"curies":[{"name":"wp","href":"https:\/\/api.w.org\/{rel}","templated":true}]}}