{"id":36657,"date":"2025-02-19T13:20:55","date_gmt":"2025-02-19T16:20:55","guid":{"rendered":"http:\/\/ww16.ce.gov.br\/secult\/?page_id=36657"},"modified":"2026-04-07T16:57:08","modified_gmt":"2026-04-07T19:57:08","slug":"4a-cec","status":"publish","type":"page","link":"https:\/\/ww16.ce.gov.br\/secult\/politica\/eixos\/gestao\/4a-cec\/","title":{"rendered":"4\u00aa Confer\u00eancia Estadual de Cultura do Cear\u00e1"},"content":{"rendered":"\n<figure class=\"wp-block-image aligncenter\"><img decoding=\"async\" src=\"https:\/\/ww16.ce.gov.br\/secult\/wp-content\/uploads\/sites\/83\/2023\/10\/cabecalho-1.png\" alt=\"4a Confer\u00eancia Estadual de Cultura do Cear\u00e1\" \/><\/figure>\n\n\n\n<h4 class=\"wp-block-heading\"><span style=\"color: #fc6836\"><strong>Sobre a 4\u00aa Confer\u00eancia <\/strong><\/span><\/h4>\n\n\n\n<p>&nbsp;<\/p>\n\n\n\n<p class=\"is-style-justified\"><span style=\"font-weight: 400\">Rica em diversidade de vozes e ampla participa\u00e7\u00e3o dos munic\u00edpios de todas as macrorregi\u00f5es cearenses, a<\/span> <strong>4\u00aa Confer\u00eancia Estadual de Cultura (4\u00aa CEC)<\/strong> <span style=\"font-weight: 400\">demarca um importante momento de encontros, debates e reflex\u00f5es sobre a pol\u00edtica cultural a curto, m\u00e9dio e longo prazo. Realizada pela Secretaria da Cultura do Cear\u00e1, juntamente com o Conselho Estadual de Pol\u00edtica Cultural do Cear\u00e1, entre os dias 30 de novembro a 2 de dezembro no SESC Iparana, a 4\u00aa CEC se consolidou como um espa\u00e7o democr\u00e1tico de forte participa\u00e7\u00e3o social e com maior abrang\u00eancia at\u00e9 ent\u00e3o.&nbsp;<\/span><\/p>\n\n\n\n<p>&nbsp;<\/p>\n\n\n\n<p class=\"is-style-justified\"><span style=\"font-weight: 400\">Com a presen\u00e7a de representantes de<\/span> <strong>97% dos munic\u00edpios cearenses<\/strong><span style=\"font-weight: 400\">, a 4\u00aa CEC contemplou<\/span> <strong>aspectos territoriais e identit\u00e1rios<\/strong> <span style=\"font-weight: 400\">\u2014&nbsp; ind\u00edgenas, quilombolas, povos de terreiro, cultura campesina, cultura perif\u00e9rica, pessoas negras, pessoas trans e pessoas com defici\u00eancia. Outro destaque relevante foi a realiza\u00e7\u00e3o de<\/span> <strong>26 Encontros Setoriais<\/strong><span style=\"font-weight: 400\"> \u2014 maior n\u00famero de Encontros do pa\u00eds, confirmado pelo Minist\u00e9rio da Cultura \u2014&nbsp; que possibilitaram a amplia\u00e7\u00e3o e legitima\u00e7\u00e3o das categorias e linguagens representadas, em n\u00edvel estadual.<\/span><\/p>\n\n\n\n<p>&nbsp;<\/p>\n\n\n\n<p class=\"is-style-justified\"><span style=\"font-weight: 400\">Foram<\/span><strong> tr\u00eas dias<\/strong><span style=\"font-weight: 400\"> intensos de trocas, debates e vota\u00e7\u00f5es para garantir representa\u00e7\u00f5es das 14 macrorregi\u00f5es tanto da sociedade civil, quanto do poder p\u00fablico. <\/span><strong>Mais de 600 pessoas<\/strong><span style=\"font-weight: 400\"> estiveram presentes, <\/span><strong>2.994 propostas<\/strong><span style=\"font-weight: 400\"> foram discutidas em 24 grupos \u2014 fruto de um trabalho de mobiliza\u00e7\u00e3o hist\u00f3rico, em que o Estado do Cear\u00e1 despontou nacionalmente no n\u00famero de Confer\u00eancias Municipais realizadas. Deste montante, <\/span><strong>63 pessoas delegadas<\/strong><span style=\"font-weight: 400\"> foram eleitas e<\/span> <strong>14 propostas<\/strong><span style=\"font-weight: 400\"> escolhidas para <\/span><strong>representar o Cear\u00e1 na 4\u00aa Confer\u00eancia Nacional de Cultura<\/strong><span style=\"font-weight: 400\"> que ocorre em mar\u00e7o de 2024, em Bras\u00edlia. Desse total, 18 pessoas foram eleitas pelas setoriais, sendo 17 da sociedade civil e uma do poder p\u00fablico. Al\u00e9m disso, as contribui\u00e7\u00f5es realizadas durante a Confer\u00eancia ser\u00e3o utilizadas no Plano Estadual de Cultura do Cear\u00e1.<\/span><\/p>\n\n\n\n<p>&nbsp;<\/p>\n\n\n\n<p class=\"is-style-justified\"><span style=\"font-weight: 400\">A coordenadora geral da 4\u00aa CEC, Selma Santiago, ressalta a abrang\u00eancia hist\u00f3rica do encontro. \u201cNesta Confer\u00eancia, alcan\u00e7amos uma grande expressividade do campo cultural cearense que elegeu, por decis\u00e3o da plen\u00e1ria, pessoas delegadas que representam os diversos segmentos, linguagens art\u00edsticas, territ\u00f3rios e todas as macrorregi\u00f5es do Cear\u00e1. Podemos ter o orgulho de dizer que todo o Cear\u00e1 estar\u00e1 presente, com o n\u00famero m\u00e1ximo de pessoas por delega\u00e7\u00e3o a participar da 4\u00aa Confer\u00eancia Nacional de Cultura, em Bras\u00edlia\u201d.<\/span><\/p>\n\n\n\n<p>&nbsp;<\/p>\n\n\n\n<p class=\"is-style-justified\"><span style=\"font-weight: 400\">Passados 10 anos da \u00faltima confer\u00eancia de cultura, a 4\u00aa CEC se constituiu como espa\u00e7o democr\u00e1tico, de debate, escuta, s\u00edntese em busca de consensos e vota\u00e7\u00e3o para tomada de posi\u00e7\u00f5es que apontaram os caminhos a serem seguidos pelas pol\u00edticas culturais estaduais e federais.&nbsp;<\/span><\/p>\n","protected":false},"excerpt":{"rendered":"<p>Sobre a 4\u00aa Confer\u00eancia &nbsp; Rica em diversidade de vozes e ampla participa\u00e7\u00e3o dos munic\u00edpios de todas as macrorregi\u00f5es cearenses, a 4\u00aa Confer\u00eancia Estadual de Cultura (4\u00aa CEC) demarca um importante momento de encontros, debates e reflex\u00f5es sobre a pol\u00edtica cultural a curto, m\u00e9dio e longo prazo. Realizada pela Secretaria da Cultura do Cear\u00e1, juntamente [&hellip;]<\/p>\n","protected":false},"author":708,"featured_media":0,"parent":51537,"menu_order":0,"comment_status":"closed","ping_status":"closed","template":"","meta":{"_acf_changed":false,"inline_featured_image":false,"footnotes":""},"class_list":["post-36657","page","type-page","status-publish","hentry"],"acf":[],"yoast_head":"<!-- This site is optimized with the Yoast SEO plugin v26.9 - https:\/\/yoast.com\/product\/yoast-seo-wordpress\/ -->\n<title>4\u00aa Confer\u00eancia Estadual de Cultura do Cear\u00e1 - Secult<\/title>\n<meta name=\"robots\" content=\"index, follow, max-snippet:-1, max-image-preview:large, max-video-preview:-1\" \/>\n<link rel=\"canonical\" href=\"https:\/\/ww16.ce.gov.br\/secult\/politica\/eixos\/gestao\/4a-cec\/\" \/>\n<meta property=\"og:locale\" content=\"pt_BR\" \/>\n<meta property=\"og:type\" content=\"article\" \/>\n<meta property=\"og:title\" content=\"4\u00aa Confer\u00eancia Estadual de Cultura do Cear\u00e1 - Secult\" \/>\n<meta property=\"og:description\" content=\"Sobre a 4\u00aa Confer\u00eancia &nbsp; Rica em diversidade de vozes e ampla participa\u00e7\u00e3o dos munic\u00edpios de todas as macrorregi\u00f5es cearenses, a 4\u00aa Confer\u00eancia Estadual de Cultura (4\u00aa CEC) demarca um importante momento de encontros, debates e reflex\u00f5es sobre a pol\u00edtica cultural a curto, m\u00e9dio e longo prazo. Realizada pela Secretaria da Cultura do Cear\u00e1, juntamente [&hellip;]\" \/>\n<meta property=\"og:url\" content=\"https:\/\/ww16.ce.gov.br\/secult\/politica\/eixos\/gestao\/4a-cec\/\" \/>\n<meta property=\"og:site_name\" content=\"Secult\" \/>\n<meta property=\"article:modified_time\" content=\"2026-04-07T19:57:08+00:00\" \/>\n<meta property=\"og:image\" content=\"http:\/\/ww16.ce.gov.br\/secult\/wp-content\/uploads\/sites\/83\/2023\/10\/cabecalho-1.png\" \/>\n<meta name=\"twitter:card\" content=\"summary_large_image\" \/>\n<meta name=\"twitter:label1\" content=\"Est. reading time\" \/>\n\t<meta name=\"twitter:data1\" content=\"3 minutos\" \/>\n<script type=\"application\/ld+json\" class=\"yoast-schema-graph\">{\"@context\":\"https:\/\/schema.org\",\"@graph\":[{\"@type\":\"WebPage\",\"@id\":\"https:\/\/ww16.ce.gov.br\/secult\/politica\/eixos\/gestao\/4a-cec\/\",\"url\":\"https:\/\/ww16.ce.gov.br\/secult\/politica\/eixos\/gestao\/4a-cec\/\",\"name\":\"4\u00aa Confer\u00eancia Estadual de Cultura do Cear\u00e1 - Secult\",\"isPartOf\":{\"@id\":\"https:\/\/ww16.ce.gov.br\/secult\/#website\"},\"primaryImageOfPage\":{\"@id\":\"https:\/\/ww16.ce.gov.br\/secult\/politica\/eixos\/gestao\/4a-cec\/#primaryimage\"},\"image\":{\"@id\":\"https:\/\/ww16.ce.gov.br\/secult\/politica\/eixos\/gestao\/4a-cec\/#primaryimage\"},\"thumbnailUrl\":\"http:\/\/ww16.ce.gov.br\/secult\/wp-content\/uploads\/sites\/83\/2023\/10\/cabecalho-1.png\",\"datePublished\":\"2025-02-19T16:20:55+00:00\",\"dateModified\":\"2026-04-07T19:57:08+00:00\",\"breadcrumb\":{\"@id\":\"https:\/\/ww16.ce.gov.br\/secult\/politica\/eixos\/gestao\/4a-cec\/#breadcrumb\"},\"inLanguage\":\"pt-BR\",\"potentialAction\":[{\"@type\":\"ReadAction\",\"target\":[\"https:\/\/ww16.ce.gov.br\/secult\/politica\/eixos\/gestao\/4a-cec\/\"]}]},{\"@type\":\"ImageObject\",\"inLanguage\":\"pt-BR\",\"@id\":\"https:\/\/ww16.ce.gov.br\/secult\/politica\/eixos\/gestao\/4a-cec\/#primaryimage\",\"url\":\"http:\/\/ww16.ce.gov.br\/secult\/wp-content\/uploads\/sites\/83\/2023\/10\/cabecalho-1.png\",\"contentUrl\":\"http:\/\/ww16.ce.gov.br\/secult\/wp-content\/uploads\/sites\/83\/2023\/10\/cabecalho-1.png\"},{\"@type\":\"BreadcrumbList\",\"@id\":\"https:\/\/ww16.ce.gov.br\/secult\/politica\/eixos\/gestao\/4a-cec\/#breadcrumb\",\"itemListElement\":[{\"@type\":\"ListItem\",\"position\":1,\"name\":\"In\u00edcio\",\"item\":\"https:\/\/ww16.ce.gov.br\/secult\/\"},{\"@type\":\"ListItem\",\"position\":2,\"name\":\"Pol\u00edtica\",\"item\":\"https:\/\/ww16.ce.gov.br\/secult\/politica\/\"},{\"@type\":\"ListItem\",\"position\":3,\"name\":\"Eixos\",\"item\":\"https:\/\/ww16.ce.gov.br\/secult\/politica\/eixos\/\"},{\"@type\":\"ListItem\",\"position\":4,\"name\":\"Governan\u00e7a, Institucionalidade e Gest\u00e3o\",\"item\":\"https:\/\/ww16.ce.gov.br\/secult\/politica\/eixos\/gestao\/\"},{\"@type\":\"ListItem\",\"position\":5,\"name\":\"4\u00aa Confer\u00eancia Estadual de Cultura do Cear\u00e1\"}]},{\"@type\":\"WebSite\",\"@id\":\"https:\/\/ww16.ce.gov.br\/secult\/#website\",\"url\":\"https:\/\/ww16.ce.gov.br\/secult\/\",\"name\":\"Secretaria da Cultura\",\"description\":\"Portal Secult\",\"publisher\":{\"@id\":\"https:\/\/ww16.ce.gov.br\/secult\/#organization\"},\"potentialAction\":[{\"@type\":\"SearchAction\",\"target\":{\"@type\":\"EntryPoint\",\"urlTemplate\":\"https:\/\/ww16.ce.gov.br\/secult\/?s={search_term_string}\"},\"query-input\":{\"@type\":\"PropertyValueSpecification\",\"valueRequired\":true,\"valueName\":\"search_term_string\"}}],\"inLanguage\":\"pt-BR\"},{\"@type\":\"Organization\",\"@id\":\"https:\/\/ww16.ce.gov.br\/secult\/#organization\",\"name\":\"Secretaria da Cultura\",\"url\":\"https:\/\/ww16.ce.gov.br\/secult\/\",\"logo\":{\"@type\":\"ImageObject\",\"inLanguage\":\"pt-BR\",\"@id\":\"https:\/\/ww16.ce.gov.br\/secult\/#\/schema\/logo\/image\/\",\"url\":\"http:\/\/ww16.ce.gov.br\/secult\/wp-content\/uploads\/sites\/43\/2018\/05\/secult-clara-3.png\",\"contentUrl\":\"http:\/\/ww16.ce.gov.br\/secult\/wp-content\/uploads\/sites\/43\/2018\/05\/secult-clara-3.png\",\"width\":559,\"height\":106,\"caption\":\"Secretaria da Cultura\"},\"image\":{\"@id\":\"https:\/\/ww16.ce.gov.br\/secult\/#\/schema\/logo\/image\/\"}}]}<\/script>\n<!-- \/ Yoast SEO plugin. -->","yoast_head_json":{"title":"4\u00aa Confer\u00eancia Estadual de Cultura do Cear\u00e1 - Secult","robots":{"index":"index","follow":"follow","max-snippet":"max-snippet:-1","max-image-preview":"max-image-preview:large","max-video-preview":"max-video-preview:-1"},"canonical":"https:\/\/ww16.ce.gov.br\/secult\/politica\/eixos\/gestao\/4a-cec\/","og_locale":"pt_BR","og_type":"article","og_title":"4\u00aa Confer\u00eancia Estadual de Cultura do Cear\u00e1 - Secult","og_description":"Sobre a 4\u00aa Confer\u00eancia &nbsp; Rica em diversidade de vozes e ampla participa\u00e7\u00e3o dos munic\u00edpios de todas as macrorregi\u00f5es cearenses, a 4\u00aa Confer\u00eancia Estadual de Cultura (4\u00aa CEC) demarca um importante momento de encontros, debates e reflex\u00f5es sobre a pol\u00edtica cultural a curto, m\u00e9dio e longo prazo. Realizada pela Secretaria da Cultura do Cear\u00e1, juntamente [&hellip;]","og_url":"https:\/\/ww16.ce.gov.br\/secult\/politica\/eixos\/gestao\/4a-cec\/","og_site_name":"Secult","article_modified_time":"2026-04-07T19:57:08+00:00","og_image":[{"url":"http:\/\/ww16.ce.gov.br\/secult\/wp-content\/uploads\/sites\/83\/2023\/10\/cabecalho-1.png","type":"","width":"","height":""}],"twitter_card":"summary_large_image","twitter_misc":{"Est. reading time":"3 minutos"},"schema":{"@context":"https:\/\/schema.org","@graph":[{"@type":"WebPage","@id":"https:\/\/ww16.ce.gov.br\/secult\/politica\/eixos\/gestao\/4a-cec\/","url":"https:\/\/ww16.ce.gov.br\/secult\/politica\/eixos\/gestao\/4a-cec\/","name":"4\u00aa Confer\u00eancia Estadual de Cultura do Cear\u00e1 - Secult","isPartOf":{"@id":"https:\/\/ww16.ce.gov.br\/secult\/#website"},"primaryImageOfPage":{"@id":"https:\/\/ww16.ce.gov.br\/secult\/politica\/eixos\/gestao\/4a-cec\/#primaryimage"},"image":{"@id":"https:\/\/ww16.ce.gov.br\/secult\/politica\/eixos\/gestao\/4a-cec\/#primaryimage"},"thumbnailUrl":"http:\/\/ww16.ce.gov.br\/secult\/wp-content\/uploads\/sites\/83\/2023\/10\/cabecalho-1.png","datePublished":"2025-02-19T16:20:55+00:00","dateModified":"2026-04-07T19:57:08+00:00","breadcrumb":{"@id":"https:\/\/ww16.ce.gov.br\/secult\/politica\/eixos\/gestao\/4a-cec\/#breadcrumb"},"inLanguage":"pt-BR","potentialAction":[{"@type":"ReadAction","target":["https:\/\/ww16.ce.gov.br\/secult\/politica\/eixos\/gestao\/4a-cec\/"]}]},{"@type":"ImageObject","inLanguage":"pt-BR","@id":"https:\/\/ww16.ce.gov.br\/secult\/politica\/eixos\/gestao\/4a-cec\/#primaryimage","url":"http:\/\/ww16.ce.gov.br\/secult\/wp-content\/uploads\/sites\/83\/2023\/10\/cabecalho-1.png","contentUrl":"http:\/\/ww16.ce.gov.br\/secult\/wp-content\/uploads\/sites\/83\/2023\/10\/cabecalho-1.png"},{"@type":"BreadcrumbList","@id":"https:\/\/ww16.ce.gov.br\/secult\/politica\/eixos\/gestao\/4a-cec\/#breadcrumb","itemListElement":[{"@type":"ListItem","position":1,"name":"In\u00edcio","item":"https:\/\/ww16.ce.gov.br\/secult\/"},{"@type":"ListItem","position":2,"name":"Pol\u00edtica","item":"https:\/\/ww16.ce.gov.br\/secult\/politica\/"},{"@type":"ListItem","position":3,"name":"Eixos","item":"https:\/\/ww16.ce.gov.br\/secult\/politica\/eixos\/"},{"@type":"ListItem","position":4,"name":"Governan\u00e7a, Institucionalidade e Gest\u00e3o","item":"https:\/\/ww16.ce.gov.br\/secult\/politica\/eixos\/gestao\/"},{"@type":"ListItem","position":5,"name":"4\u00aa Confer\u00eancia Estadual de Cultura do Cear\u00e1"}]},{"@type":"WebSite","@id":"https:\/\/ww16.ce.gov.br\/secult\/#website","url":"https:\/\/ww16.ce.gov.br\/secult\/","name":"Secretaria da Cultura","description":"Portal Secult","publisher":{"@id":"https:\/\/ww16.ce.gov.br\/secult\/#organization"},"potentialAction":[{"@type":"SearchAction","target":{"@type":"EntryPoint","urlTemplate":"https:\/\/ww16.ce.gov.br\/secult\/?s={search_term_string}"},"query-input":{"@type":"PropertyValueSpecification","valueRequired":true,"valueName":"search_term_string"}}],"inLanguage":"pt-BR"},{"@type":"Organization","@id":"https:\/\/ww16.ce.gov.br\/secult\/#organization","name":"Secretaria da Cultura","url":"https:\/\/ww16.ce.gov.br\/secult\/","logo":{"@type":"ImageObject","inLanguage":"pt-BR","@id":"https:\/\/ww16.ce.gov.br\/secult\/#\/schema\/logo\/image\/","url":"http:\/\/ww16.ce.gov.br\/secult\/wp-content\/uploads\/sites\/43\/2018\/05\/secult-clara-3.png","contentUrl":"http:\/\/ww16.ce.gov.br\/secult\/wp-content\/uploads\/sites\/43\/2018\/05\/secult-clara-3.png","width":559,"height":106,"caption":"Secretaria da Cultura"},"image":{"@id":"https:\/\/ww16.ce.gov.br\/secult\/#\/schema\/logo\/image\/"}}]}},"_links":{"self":[{"href":"https:\/\/ww16.ce.gov.br\/secult\/wp-json\/wp\/v2\/pages\/36657","targetHints":{"allow":["GET"]}}],"collection":[{"href":"https:\/\/ww16.ce.gov.br\/secult\/wp-json\/wp\/v2\/pages"}],"about":[{"href":"https:\/\/ww16.ce.gov.br\/secult\/wp-json\/wp\/v2\/types\/page"}],"author":[{"embeddable":true,"href":"https:\/\/ww16.ce.gov.br\/secult\/wp-json\/wp\/v2\/users\/708"}],"replies":[{"embeddable":true,"href":"https:\/\/ww16.ce.gov.br\/secult\/wp-json\/wp\/v2\/comments?post=36657"}],"version-history":[{"count":7,"href":"https:\/\/ww16.ce.gov.br\/secult\/wp-json\/wp\/v2\/pages\/36657\/revisions"}],"predecessor-version":[{"id":51554,"href":"https:\/\/ww16.ce.gov.br\/secult\/wp-json\/wp\/v2\/pages\/36657\/revisions\/51554"}],"up":[{"embeddable":true,"href":"https:\/\/ww16.ce.gov.br\/secult\/wp-json\/wp\/v2\/pages\/51537"}],"wp:attachment":[{"href":"https:\/\/ww16.ce.gov.br\/secult\/wp-json\/wp\/v2\/media?parent=36657"}],"curies":[{"name":"wp","href":"https:\/\/api.w.org\/{rel}","templated":true}]}}