{"id":36030,"date":"2024-07-22T09:42:15","date_gmt":"2024-07-22T12:42:15","guid":{"rendered":"http:\/\/ww16.ce.gov.br\/secult\/?page_id=36030"},"modified":"2024-08-20T15:21:03","modified_gmt":"2024-08-20T18:21:03","slug":"eleicao-cepc-2024-2026","status":"publish","type":"page","link":"https:\/\/ww16.ce.gov.br\/secult\/eleicao-cepc-2024-2026\/","title":{"rendered":"Elei\u00e7\u00e3o CEPC 2024-2026"},"content":{"rendered":"<h1><img decoding=\"async\" class=\"alignnone size-medium wp-image-36043\" src=\"https:\/\/ww16.ce.gov.br\/secult\/wp-content\/uploads\/sites\/83\/2024\/07\/cabecalho@3x-600x103.png\" alt=\"\" width=\"100%\" srcset=\"https:\/\/ww16.ce.gov.br\/secult\/wp-content\/uploads\/sites\/83\/2024\/07\/cabecalho@3x-600x103.png 600w, https:\/\/ww16.ce.gov.br\/secult\/wp-content\/uploads\/sites\/83\/2024\/07\/cabecalho@3x-1200x206.png 1200w, https:\/\/ww16.ce.gov.br\/secult\/wp-content\/uploads\/sites\/83\/2024\/07\/cabecalho@3x-768x132.png 768w, https:\/\/ww16.ce.gov.br\/secult\/wp-content\/uploads\/sites\/83\/2024\/07\/cabecalho@3x-1536x263.png 1536w, https:\/\/ww16.ce.gov.br\/secult\/wp-content\/uploads\/sites\/83\/2024\/07\/cabecalho@3x-2048x351.png 2048w\" sizes=\"(max-width: 600px) 100vw, 600px\" \/><\/h1>\n<h1 class=\"-bold\">Elei\u00e7\u00e3o do\u00a0Conselho Estadual de Pol\u00edtica Cultural (CEPC) para bi\u00eanio 2024\/2026<\/h1>\n<p>&nbsp;<\/p>\n<p style=\"text-align: justify\">O\u00a0<b>Conselho Estadual de Pol\u00edtica Cultura do Cear\u00e1 (CEPC-CE)<\/b>\u00a0realiza, nos meses de julho a agosto de 2024, o processo de\u00a0<b>elei\u00e7\u00e3o de 34 assentos,<\/b>\u00a0compostos por representantes da Sociedade Civil, dos 58 assentos gerais do Conselho para o\u00a0<b>bi\u00eanio de 2024 a 2026<\/b>. Para participar do processo eleitoral, ser\u00e1 necess\u00e1rio realizar um cadastramento pr\u00e9vio. O processo eleitoral vai contar com a publica\u00e7\u00e3o de dois editais, um para<b>\u00a0cadastro de pessoas eleitoras<\/b>\u00a0e outro para\u00a0<b>cadastro de pessoas candidatas<\/b>.<\/p>\n<h3><\/h3>\n<p>&nbsp;<\/p>\n<h3><strong>Vote aqui:<\/strong><\/h3>\n<p>&nbsp;<\/p>\n<ul>\n<li style=\"list-style-type: none\">\n<ul>\n<li style=\"list-style-type: none\">\n<ul class=\"ListaEst -Laranja\" style=\"font-weight: bold\">\n<li><a href=\"https:\/\/mapacultural.secult.ce.gov.br\/oportunidade\/5539\" target=\"_blank\" rel=\"noopener\">Vota\u00e7\u00e3o para o Conselho Estadual de Pol\u00edtica Cultural do Cear\u00e1<\/a><\/li>\n<\/ul>\n<\/li>\n<\/ul>\n<\/li>\n<\/ul>\n<p>&nbsp;<\/p>\n<p style=\"text-align: justify\">O CEPC integra o Sistema Estadual de Cultura e \u00e9 respons\u00e1vel por\u00a0<b>orientar e fiscalizar as pol\u00edticas culturais no estado<\/b>. \u00c9 o espa\u00e7o de cont\u00ednua mobiliza\u00e7\u00e3o e di\u00e1logo que envolve, al\u00e9m de nomes da sociedade, diferentes agentes que atuam no setor p\u00fablico. Aprimorar e avan\u00e7ar o exerc\u00edcio da legisla\u00e7\u00e3o pr\u00f3pria da cultura no Cear\u00e1 s\u00e3o pontos estrat\u00e9gicos no trabalho do governo estadual.<\/p>\n<p>&nbsp;<\/p>\n<p style=\"text-align: justify\">A sociedade civil \u00e9 representada por dois ter\u00e7os da composi\u00e7\u00e3o do Conselho, sendo 34 assentos eleitos de forma direta, por meio do Mapa Cultural do Cear\u00e1, e cinco institui\u00e7\u00f5es convidadas.<\/p>\n<p>&nbsp;<\/p>\n<h3><strong>Confira o resultado final dos editais de credenciamento:<\/strong><\/h3>\n<p>&nbsp;<\/p>\n<ul>\n<li style=\"list-style-type: none\">\n<ul>\n<li style=\"list-style-type: none\">\n<ul class=\"ListaEst -Laranja\" style=\"font-weight: bold\">\n<li><a href=\"https:\/\/mapacultural.secult.ce.gov.br\/oportunidade\/5473\/\" target=\"blank\" rel=\"noopener\">Edital de Candidaturas<\/a><\/li>\n<li><a href=\"https:\/\/mapacultural.secult.ce.gov.br\/oportunidade\/5457\/\" target=\"blank\" rel=\"noopener\">Edital para eleitores(as)<\/a><\/li>\n<\/ul>\n<\/li>\n<\/ul>\n<\/li>\n<\/ul>\n<h3><\/h3>\n<h3><b>Confira os 34 assentos que passar\u00e3o por processo eleitoral<\/b><\/h3>\n<p>&nbsp;<\/p>\n<p><strong>Setores da arte e da cultura<\/strong><\/p>\n<p>1. Dan\u00e7a;<br \/>\n2. Teatro;<br \/>\n3. Teatro de bonecos;<br \/>\n4. Circo;<br \/>\n5. Humor;<br \/>\n6. Performance;<br \/>\n7. Cultura alimentar;<br \/>\n8. Artes visuais;<br \/>\n9. Fotografia;<br \/>\n10. Literatura;<br \/>\n11. Audiovisual e dos jogos;<br \/>\n12. \u00c1reas t\u00e9cnicas;<br \/>\n13. Produ\u00e7\u00e3o cultural;<br \/>\n14. Design;<br \/>\n15. Moda;<br \/>\n16. Territ\u00f3rios negros e perif\u00e9ricos;<br \/>\n17. Contadores de hist\u00f3rias e mediadores de leitura;<br \/>\n18. Rede Cearense Cultura Viva;<br \/>\n19. M\u00fasica;<br \/>\n20. Tradi\u00e7\u00f5es Populares;<br \/>\n21. Rede de Bibliotecas;<br \/>\n22. Rede de Museus;<br \/>\n23. Hip Hop;<br \/>\n24. Arte e Cultura Digital.<\/p>\n<p>&nbsp;<\/p>\n<p><strong>Sujeitos<\/strong><\/p>\n<p>25. Arte e cultura DEF;<br \/>\n26. Povos ciganos;<br \/>\n27. Povos do campo, \u00e1guas e florestas;<br \/>\n28. Culturas ind\u00edgenas;<br \/>\n29. Express\u00f5es afro-brasileiras, de matriz africana e quilombolas;<br \/>\n30. Culturas LGBTQI.<\/p>\n<p>&nbsp;<\/p>\n<p><strong>Territ\u00f3rios<\/strong><\/p>\n<p>31. Sert\u00e3o de Sobral, Serra da Ibiapaba, Litoral Norte e Sert\u00e3o de Crate\u00fas;<br \/>\n32. Litoral Oeste\/Vale do Curu, Litoral Leste e Regi\u00e3o Metropolitana de Fortaleza;<br \/>\n33. Sert\u00e3o de Canind\u00e9, Sert\u00e3o Central e Maci\u00e7o do Baturit\u00e9;<br \/>\n34. Cariri, Centro Sul, Sert\u00f5es dos Inhamuns e Vale do Jaguaribe.<\/p>\n","protected":false},"excerpt":{"rendered":"<p>Elei\u00e7\u00e3o do\u00a0Conselho Estadual de Pol\u00edtica Cultural (CEPC) para bi\u00eanio 2024\/2026 &nbsp; O\u00a0Conselho Estadual de Pol\u00edtica Cultura do Cear\u00e1 (CEPC-CE)\u00a0realiza, nos meses de julho a agosto de 2024, o processo de\u00a0elei\u00e7\u00e3o de 34 assentos,\u00a0compostos por representantes da Sociedade Civil, dos 58 assentos gerais do Conselho para o\u00a0bi\u00eanio de 2024 a 2026. Para participar do processo eleitoral, [&hellip;]<\/p>\n","protected":false},"author":708,"featured_media":0,"parent":0,"menu_order":0,"comment_status":"closed","ping_status":"closed","template":"","meta":{"_acf_changed":false,"inline_featured_image":false,"footnotes":""},"class_list":["post-36030","page","type-page","status-publish","hentry"],"acf":[],"yoast_head":"<!-- This site is optimized with the Yoast SEO plugin v26.9 - https:\/\/yoast.com\/product\/yoast-seo-wordpress\/ -->\n<title>Elei\u00e7\u00e3o CEPC 2024-2026 - Secult<\/title>\n<meta name=\"robots\" content=\"index, follow, max-snippet:-1, max-image-preview:large, max-video-preview:-1\" \/>\n<link rel=\"canonical\" href=\"https:\/\/ww16.ce.gov.br\/secult\/eleicao-cepc-2024-2026\/\" \/>\n<meta property=\"og:locale\" content=\"pt_BR\" \/>\n<meta property=\"og:type\" content=\"article\" \/>\n<meta property=\"og:title\" content=\"Elei\u00e7\u00e3o CEPC 2024-2026 - Secult\" \/>\n<meta property=\"og:description\" content=\"Elei\u00e7\u00e3o do\u00a0Conselho Estadual de Pol\u00edtica Cultural (CEPC) para bi\u00eanio 2024\/2026 &nbsp; O\u00a0Conselho Estadual de Pol\u00edtica Cultura do Cear\u00e1 (CEPC-CE)\u00a0realiza, nos meses de julho a agosto de 2024, o processo de\u00a0elei\u00e7\u00e3o de 34 assentos,\u00a0compostos por representantes da Sociedade Civil, dos 58 assentos gerais do Conselho para o\u00a0bi\u00eanio de 2024 a 2026. Para participar do processo eleitoral, [&hellip;]\" \/>\n<meta property=\"og:url\" content=\"https:\/\/ww16.ce.gov.br\/secult\/eleicao-cepc-2024-2026\/\" \/>\n<meta property=\"og:site_name\" content=\"Secult\" \/>\n<meta property=\"article:modified_time\" content=\"2024-08-20T18:21:03+00:00\" \/>\n<meta property=\"og:image\" content=\"http:\/\/ww16.ce.gov.br\/secult\/wp-content\/uploads\/sites\/83\/2024\/07\/cabecalho@3x-600x103.png\" \/>\n<meta name=\"twitter:card\" content=\"summary_large_image\" \/>\n<meta name=\"twitter:label1\" content=\"Est. reading time\" \/>\n\t<meta name=\"twitter:data1\" content=\"3 minutos\" \/>\n<script type=\"application\/ld+json\" class=\"yoast-schema-graph\">{\"@context\":\"https:\/\/schema.org\",\"@graph\":[{\"@type\":\"WebPage\",\"@id\":\"https:\/\/ww16.ce.gov.br\/secult\/eleicao-cepc-2024-2026\/\",\"url\":\"https:\/\/ww16.ce.gov.br\/secult\/eleicao-cepc-2024-2026\/\",\"name\":\"Elei\u00e7\u00e3o CEPC 2024-2026 - Secult\",\"isPartOf\":{\"@id\":\"https:\/\/ww16.ce.gov.br\/secult\/#website\"},\"primaryImageOfPage\":{\"@id\":\"https:\/\/ww16.ce.gov.br\/secult\/eleicao-cepc-2024-2026\/#primaryimage\"},\"image\":{\"@id\":\"https:\/\/ww16.ce.gov.br\/secult\/eleicao-cepc-2024-2026\/#primaryimage\"},\"thumbnailUrl\":\"http:\/\/ww16.ce.gov.br\/secult\/wp-content\/uploads\/sites\/83\/2024\/07\/cabecalho@3x-600x103.png\",\"datePublished\":\"2024-07-22T12:42:15+00:00\",\"dateModified\":\"2024-08-20T18:21:03+00:00\",\"breadcrumb\":{\"@id\":\"https:\/\/ww16.ce.gov.br\/secult\/eleicao-cepc-2024-2026\/#breadcrumb\"},\"inLanguage\":\"pt-BR\",\"potentialAction\":[{\"@type\":\"ReadAction\",\"target\":[\"https:\/\/ww16.ce.gov.br\/secult\/eleicao-cepc-2024-2026\/\"]}]},{\"@type\":\"ImageObject\",\"inLanguage\":\"pt-BR\",\"@id\":\"https:\/\/ww16.ce.gov.br\/secult\/eleicao-cepc-2024-2026\/#primaryimage\",\"url\":\"http:\/\/ww16.ce.gov.br\/secult\/wp-content\/uploads\/sites\/83\/2024\/07\/cabecalho@3x-600x103.png\",\"contentUrl\":\"http:\/\/ww16.ce.gov.br\/secult\/wp-content\/uploads\/sites\/83\/2024\/07\/cabecalho@3x-600x103.png\"},{\"@type\":\"BreadcrumbList\",\"@id\":\"https:\/\/ww16.ce.gov.br\/secult\/eleicao-cepc-2024-2026\/#breadcrumb\",\"itemListElement\":[{\"@type\":\"ListItem\",\"position\":1,\"name\":\"In\u00edcio\",\"item\":\"https:\/\/ww16.ce.gov.br\/secult\/\"},{\"@type\":\"ListItem\",\"position\":2,\"name\":\"Elei\u00e7\u00e3o CEPC 2024-2026\"}]},{\"@type\":\"WebSite\",\"@id\":\"https:\/\/ww16.ce.gov.br\/secult\/#website\",\"url\":\"https:\/\/ww16.ce.gov.br\/secult\/\",\"name\":\"Secretaria da Cultura\",\"description\":\"Portal Secult\",\"publisher\":{\"@id\":\"https:\/\/ww16.ce.gov.br\/secult\/#organization\"},\"potentialAction\":[{\"@type\":\"SearchAction\",\"target\":{\"@type\":\"EntryPoint\",\"urlTemplate\":\"https:\/\/ww16.ce.gov.br\/secult\/?s={search_term_string}\"},\"query-input\":{\"@type\":\"PropertyValueSpecification\",\"valueRequired\":true,\"valueName\":\"search_term_string\"}}],\"inLanguage\":\"pt-BR\"},{\"@type\":\"Organization\",\"@id\":\"https:\/\/ww16.ce.gov.br\/secult\/#organization\",\"name\":\"Secretaria da Cultura\",\"url\":\"https:\/\/ww16.ce.gov.br\/secult\/\",\"logo\":{\"@type\":\"ImageObject\",\"inLanguage\":\"pt-BR\",\"@id\":\"https:\/\/ww16.ce.gov.br\/secult\/#\/schema\/logo\/image\/\",\"url\":\"http:\/\/ww16.ce.gov.br\/secult\/wp-content\/uploads\/sites\/43\/2018\/05\/secult-clara-3.png\",\"contentUrl\":\"http:\/\/ww16.ce.gov.br\/secult\/wp-content\/uploads\/sites\/43\/2018\/05\/secult-clara-3.png\",\"width\":559,\"height\":106,\"caption\":\"Secretaria da Cultura\"},\"image\":{\"@id\":\"https:\/\/ww16.ce.gov.br\/secult\/#\/schema\/logo\/image\/\"}}]}<\/script>\n<!-- \/ Yoast SEO plugin. -->","yoast_head_json":{"title":"Elei\u00e7\u00e3o CEPC 2024-2026 - Secult","robots":{"index":"index","follow":"follow","max-snippet":"max-snippet:-1","max-image-preview":"max-image-preview:large","max-video-preview":"max-video-preview:-1"},"canonical":"https:\/\/ww16.ce.gov.br\/secult\/eleicao-cepc-2024-2026\/","og_locale":"pt_BR","og_type":"article","og_title":"Elei\u00e7\u00e3o CEPC 2024-2026 - Secult","og_description":"Elei\u00e7\u00e3o do\u00a0Conselho Estadual de Pol\u00edtica Cultural (CEPC) para bi\u00eanio 2024\/2026 &nbsp; O\u00a0Conselho Estadual de Pol\u00edtica Cultura do Cear\u00e1 (CEPC-CE)\u00a0realiza, nos meses de julho a agosto de 2024, o processo de\u00a0elei\u00e7\u00e3o de 34 assentos,\u00a0compostos por representantes da Sociedade Civil, dos 58 assentos gerais do Conselho para o\u00a0bi\u00eanio de 2024 a 2026. Para participar do processo eleitoral, [&hellip;]","og_url":"https:\/\/ww16.ce.gov.br\/secult\/eleicao-cepc-2024-2026\/","og_site_name":"Secult","article_modified_time":"2024-08-20T18:21:03+00:00","og_image":[{"url":"http:\/\/ww16.ce.gov.br\/secult\/wp-content\/uploads\/sites\/83\/2024\/07\/cabecalho@3x-600x103.png","type":"","width":"","height":""}],"twitter_card":"summary_large_image","twitter_misc":{"Est. reading time":"3 minutos"},"schema":{"@context":"https:\/\/schema.org","@graph":[{"@type":"WebPage","@id":"https:\/\/ww16.ce.gov.br\/secult\/eleicao-cepc-2024-2026\/","url":"https:\/\/ww16.ce.gov.br\/secult\/eleicao-cepc-2024-2026\/","name":"Elei\u00e7\u00e3o CEPC 2024-2026 - Secult","isPartOf":{"@id":"https:\/\/ww16.ce.gov.br\/secult\/#website"},"primaryImageOfPage":{"@id":"https:\/\/ww16.ce.gov.br\/secult\/eleicao-cepc-2024-2026\/#primaryimage"},"image":{"@id":"https:\/\/ww16.ce.gov.br\/secult\/eleicao-cepc-2024-2026\/#primaryimage"},"thumbnailUrl":"http:\/\/ww16.ce.gov.br\/secult\/wp-content\/uploads\/sites\/83\/2024\/07\/cabecalho@3x-600x103.png","datePublished":"2024-07-22T12:42:15+00:00","dateModified":"2024-08-20T18:21:03+00:00","breadcrumb":{"@id":"https:\/\/ww16.ce.gov.br\/secult\/eleicao-cepc-2024-2026\/#breadcrumb"},"inLanguage":"pt-BR","potentialAction":[{"@type":"ReadAction","target":["https:\/\/ww16.ce.gov.br\/secult\/eleicao-cepc-2024-2026\/"]}]},{"@type":"ImageObject","inLanguage":"pt-BR","@id":"https:\/\/ww16.ce.gov.br\/secult\/eleicao-cepc-2024-2026\/#primaryimage","url":"http:\/\/ww16.ce.gov.br\/secult\/wp-content\/uploads\/sites\/83\/2024\/07\/cabecalho@3x-600x103.png","contentUrl":"http:\/\/ww16.ce.gov.br\/secult\/wp-content\/uploads\/sites\/83\/2024\/07\/cabecalho@3x-600x103.png"},{"@type":"BreadcrumbList","@id":"https:\/\/ww16.ce.gov.br\/secult\/eleicao-cepc-2024-2026\/#breadcrumb","itemListElement":[{"@type":"ListItem","position":1,"name":"In\u00edcio","item":"https:\/\/ww16.ce.gov.br\/secult\/"},{"@type":"ListItem","position":2,"name":"Elei\u00e7\u00e3o CEPC 2024-2026"}]},{"@type":"WebSite","@id":"https:\/\/ww16.ce.gov.br\/secult\/#website","url":"https:\/\/ww16.ce.gov.br\/secult\/","name":"Secretaria da Cultura","description":"Portal Secult","publisher":{"@id":"https:\/\/ww16.ce.gov.br\/secult\/#organization"},"potentialAction":[{"@type":"SearchAction","target":{"@type":"EntryPoint","urlTemplate":"https:\/\/ww16.ce.gov.br\/secult\/?s={search_term_string}"},"query-input":{"@type":"PropertyValueSpecification","valueRequired":true,"valueName":"search_term_string"}}],"inLanguage":"pt-BR"},{"@type":"Organization","@id":"https:\/\/ww16.ce.gov.br\/secult\/#organization","name":"Secretaria da Cultura","url":"https:\/\/ww16.ce.gov.br\/secult\/","logo":{"@type":"ImageObject","inLanguage":"pt-BR","@id":"https:\/\/ww16.ce.gov.br\/secult\/#\/schema\/logo\/image\/","url":"http:\/\/ww16.ce.gov.br\/secult\/wp-content\/uploads\/sites\/43\/2018\/05\/secult-clara-3.png","contentUrl":"http:\/\/ww16.ce.gov.br\/secult\/wp-content\/uploads\/sites\/43\/2018\/05\/secult-clara-3.png","width":559,"height":106,"caption":"Secretaria da Cultura"},"image":{"@id":"https:\/\/ww16.ce.gov.br\/secult\/#\/schema\/logo\/image\/"}}]}},"_links":{"self":[{"href":"https:\/\/ww16.ce.gov.br\/secult\/wp-json\/wp\/v2\/pages\/36030","targetHints":{"allow":["GET"]}}],"collection":[{"href":"https:\/\/ww16.ce.gov.br\/secult\/wp-json\/wp\/v2\/pages"}],"about":[{"href":"https:\/\/ww16.ce.gov.br\/secult\/wp-json\/wp\/v2\/types\/page"}],"author":[{"embeddable":true,"href":"https:\/\/ww16.ce.gov.br\/secult\/wp-json\/wp\/v2\/users\/708"}],"replies":[{"embeddable":true,"href":"https:\/\/ww16.ce.gov.br\/secult\/wp-json\/wp\/v2\/comments?post=36030"}],"version-history":[{"count":18,"href":"https:\/\/ww16.ce.gov.br\/secult\/wp-json\/wp\/v2\/pages\/36030\/revisions"}],"predecessor-version":[{"id":36038,"href":"https:\/\/ww16.ce.gov.br\/secult\/wp-json\/wp\/v2\/pages\/36030\/revisions\/36038"}],"wp:attachment":[{"href":"https:\/\/ww16.ce.gov.br\/secult\/wp-json\/wp\/v2\/media?parent=36030"}],"curies":[{"name":"wp","href":"https:\/\/api.w.org\/{rel}","templated":true}]}}