{"id":35437,"date":"2024-06-28T16:18:30","date_gmt":"2024-06-28T19:18:30","guid":{"rendered":"http:\/\/ww16.ce.gov.br\/secult\/?page_id=35437"},"modified":"2026-04-17T16:29:18","modified_gmt":"2026-04-17T19:29:18","slug":"material","status":"publish","type":"page","link":"https:\/\/ww16.ce.gov.br\/secult\/politica\/eixos\/patrimonio\/material\/","title":{"rendered":"Patrim\u00f4nio Material"},"content":{"rendered":"<h2 style=\"text-align: center\"><span style=\"color: #fc6836\"><strong>Patrim\u00f4nio Material<\/strong><\/span><\/h2>\n<p style=\"text-align: center\"><img loading=\"lazy\" decoding=\"async\" class=\"size-large wp-image-35439 aligncenter\" src=\"https:\/\/ww16.ce.gov.br\/secult\/wp-content\/uploads\/sites\/83\/2024\/06\/FOTOS-FELIPE-ABUD-2-1200x800.jpg\" alt=\"\" width=\"690\" height=\"460\" srcset=\"https:\/\/ww16.ce.gov.br\/secult\/wp-content\/uploads\/sites\/83\/2024\/06\/FOTOS-FELIPE-ABUD-2-1200x800.jpg 1200w, https:\/\/ww16.ce.gov.br\/secult\/wp-content\/uploads\/sites\/83\/2024\/06\/FOTOS-FELIPE-ABUD-2-600x400.jpg 600w, https:\/\/ww16.ce.gov.br\/secult\/wp-content\/uploads\/sites\/83\/2024\/06\/FOTOS-FELIPE-ABUD-2-768x512.jpg 768w, https:\/\/ww16.ce.gov.br\/secult\/wp-content\/uploads\/sites\/83\/2024\/06\/FOTOS-FELIPE-ABUD-2-1536x1024.jpg 1536w, https:\/\/ww16.ce.gov.br\/secult\/wp-content\/uploads\/sites\/83\/2024\/06\/FOTOS-FELIPE-ABUD-2-2048x1365.jpg 2048w\" sizes=\"auto, (max-width: 690px) 100vw, 690px\" \/><em>Theatro Jos\u00e9 de Alencar (foto Felipe Abud\/Secult Cear\u00e1)<\/em><\/p>\n<p>&nbsp;<\/p>\n<div style=\"font-size: 1.2em;text-align: justify\">\n<p style=\"text-align: justify\"><span style=\"font-weight: 400\">O Patrim\u00f4nio Material \u00e9 formado pelo conjunto de bens culturais, m\u00f3veis e im\u00f3veis, que existem no pa\u00eds e contam com uma conserva\u00e7\u00e3o feita por parte do interesse p\u00fablico. Sua vincula\u00e7\u00e3o est\u00e1 ligada a fatos memor\u00e1veis que fazem parte da hist\u00f3ria do Cear\u00e1 por contar com um valor arqueol\u00f3gico ou etnogr\u00e1fico, bibliogr\u00e1fico ou art\u00edstico. Portanto, os Patrim\u00f4nios Materiais podem ser classificados de algumas formas diferenciadas, como bens m\u00f3veis ou im\u00f3veis, que contam com caracter\u00edsticas distintas.<\/span><\/p>\n<p>&nbsp;<\/p>\n<p style=\"text-align: justify\"><span style=\"font-weight: 400\">Os bens m\u00f3veis s\u00e3o o mobili\u00e1rio, as pinturas, as esculturas, os objetos art\u00edsticos e utilit\u00e1rios, os artefatos, em geral. A esta rela\u00e7\u00e3o devem-se acrescentar os documentos de origem diversa, os livros, o material cartogr\u00e1fico, iconogr\u00e1fico, arqueol\u00f3gico etc<\/span><span style=\"font-weight: 400\">.<\/span><\/p>\n<p>&nbsp;<\/p>\n<p style=\"text-align: justify\"><span style=\"font-weight: 400\">Os bens im\u00f3veis s\u00e3o constitu\u00eddos praticamente por obras constru\u00eddas (obras de arquitetura, isoladas ou em conjuntos urbanos e cidades) e os s\u00edtios arqueol\u00f3gicos. Tamb\u00e9m participam desta categoria as obras integradas, isto \u00e9, pinturas, esculturas, mobili\u00e1rio, enfim, todas aquelas aplicadas nos edif\u00edcios, irremov\u00edveis, sob pena de descaracteriza\u00e7\u00e3o espacial ou est\u00e9tica do bem cultural constru\u00eddo<\/span><span style=\"font-weight: 400\">.<\/span><\/p>\n<p>&nbsp;<\/p>\n<p>Fonte: <span style=\"font-weight: 400\">CASTRO, Jos\u00e9 Liberal de. <\/span><b>Preserva\u00e7\u00e3o do Patrim\u00f4nio Cultural<\/b><span style=\"font-weight: 400\">. Revista do Instituto do Cear\u00e1, Fortaleza, p. <\/span><span style=\"font-weight: 400\">104<\/span><span style=\"font-weight: 400\">. 2008.<\/span><\/p>\n<\/div>\n","protected":false},"excerpt":{"rendered":"<p>Patrim\u00f4nio Material Theatro Jos\u00e9 de Alencar (foto Felipe Abud\/Secult Cear\u00e1) &nbsp; O Patrim\u00f4nio Material \u00e9 formado pelo conjunto de bens culturais, m\u00f3veis e im\u00f3veis, que existem no pa\u00eds e contam com uma conserva\u00e7\u00e3o feita por parte do interesse p\u00fablico. Sua vincula\u00e7\u00e3o est\u00e1 ligada a fatos memor\u00e1veis que fazem parte da hist\u00f3ria do Cear\u00e1 por contar [&hellip;]<\/p>\n","protected":false},"author":708,"featured_media":35439,"parent":6787,"menu_order":0,"comment_status":"closed","ping_status":"closed","template":"","meta":{"_acf_changed":false,"inline_featured_image":false,"footnotes":""},"class_list":["post-35437","page","type-page","status-publish","has-post-thumbnail","hentry"],"acf":[],"yoast_head":"<!-- This site is optimized with the Yoast SEO plugin v26.9 - https:\/\/yoast.com\/product\/yoast-seo-wordpress\/ -->\n<title>Patrim\u00f4nio Material - Secult<\/title>\n<meta name=\"robots\" content=\"index, follow, max-snippet:-1, max-image-preview:large, max-video-preview:-1\" \/>\n<link rel=\"canonical\" href=\"https:\/\/ww16.ce.gov.br\/secult\/politica\/eixos\/patrimonio\/material\/\" \/>\n<meta property=\"og:locale\" content=\"pt_BR\" \/>\n<meta property=\"og:type\" content=\"article\" \/>\n<meta property=\"og:title\" content=\"Patrim\u00f4nio Material - Secult\" \/>\n<meta property=\"og:description\" content=\"Patrim\u00f4nio Material Theatro Jos\u00e9 de Alencar (foto Felipe Abud\/Secult Cear\u00e1) &nbsp; O Patrim\u00f4nio Material \u00e9 formado pelo conjunto de bens culturais, m\u00f3veis e im\u00f3veis, que existem no pa\u00eds e contam com uma conserva\u00e7\u00e3o feita por parte do interesse p\u00fablico. Sua vincula\u00e7\u00e3o est\u00e1 ligada a fatos memor\u00e1veis que fazem parte da hist\u00f3ria do Cear\u00e1 por contar [&hellip;]\" \/>\n<meta property=\"og:url\" content=\"https:\/\/ww16.ce.gov.br\/secult\/politica\/eixos\/patrimonio\/material\/\" \/>\n<meta property=\"og:site_name\" content=\"Secult\" \/>\n<meta property=\"article:modified_time\" content=\"2026-04-17T19:29:18+00:00\" \/>\n<meta property=\"og:image\" content=\"https:\/\/ww16.ce.gov.br\/secult\/wp-content\/uploads\/sites\/83\/2024\/06\/FOTOS-FELIPE-ABUD-2-scaled.jpg\" \/>\n\t<meta property=\"og:image:width\" content=\"2560\" \/>\n\t<meta property=\"og:image:height\" content=\"1707\" \/>\n\t<meta property=\"og:image:type\" content=\"image\/jpeg\" \/>\n<meta name=\"twitter:card\" content=\"summary_large_image\" \/>\n<meta name=\"twitter:label1\" content=\"Est. reading time\" \/>\n\t<meta name=\"twitter:data1\" content=\"2 minutos\" \/>\n<script type=\"application\/ld+json\" class=\"yoast-schema-graph\">{\"@context\":\"https:\/\/schema.org\",\"@graph\":[{\"@type\":\"WebPage\",\"@id\":\"https:\/\/ww16.ce.gov.br\/secult\/politica\/eixos\/patrimonio\/material\/\",\"url\":\"https:\/\/ww16.ce.gov.br\/secult\/politica\/eixos\/patrimonio\/material\/\",\"name\":\"Patrim\u00f4nio Material - Secult\",\"isPartOf\":{\"@id\":\"https:\/\/ww16.ce.gov.br\/secult\/#website\"},\"primaryImageOfPage\":{\"@id\":\"https:\/\/ww16.ce.gov.br\/secult\/politica\/eixos\/patrimonio\/material\/#primaryimage\"},\"image\":{\"@id\":\"https:\/\/ww16.ce.gov.br\/secult\/politica\/eixos\/patrimonio\/material\/#primaryimage\"},\"thumbnailUrl\":\"https:\/\/ww16.ce.gov.br\/secult\/wp-content\/uploads\/sites\/83\/2024\/06\/FOTOS-FELIPE-ABUD-2-scaled.jpg\",\"datePublished\":\"2024-06-28T19:18:30+00:00\",\"dateModified\":\"2026-04-17T19:29:18+00:00\",\"breadcrumb\":{\"@id\":\"https:\/\/ww16.ce.gov.br\/secult\/politica\/eixos\/patrimonio\/material\/#breadcrumb\"},\"inLanguage\":\"pt-BR\",\"potentialAction\":[{\"@type\":\"ReadAction\",\"target\":[\"https:\/\/ww16.ce.gov.br\/secult\/politica\/eixos\/patrimonio\/material\/\"]}]},{\"@type\":\"ImageObject\",\"inLanguage\":\"pt-BR\",\"@id\":\"https:\/\/ww16.ce.gov.br\/secult\/politica\/eixos\/patrimonio\/material\/#primaryimage\",\"url\":\"https:\/\/ww16.ce.gov.br\/secult\/wp-content\/uploads\/sites\/83\/2024\/06\/FOTOS-FELIPE-ABUD-2-scaled.jpg\",\"contentUrl\":\"https:\/\/ww16.ce.gov.br\/secult\/wp-content\/uploads\/sites\/83\/2024\/06\/FOTOS-FELIPE-ABUD-2-scaled.jpg\",\"width\":2560,\"height\":1707},{\"@type\":\"BreadcrumbList\",\"@id\":\"https:\/\/ww16.ce.gov.br\/secult\/politica\/eixos\/patrimonio\/material\/#breadcrumb\",\"itemListElement\":[{\"@type\":\"ListItem\",\"position\":1,\"name\":\"In\u00edcio\",\"item\":\"https:\/\/ww16.ce.gov.br\/secult\/\"},{\"@type\":\"ListItem\",\"position\":2,\"name\":\"Pol\u00edtica\",\"item\":\"https:\/\/ww16.ce.gov.br\/secult\/politica\/\"},{\"@type\":\"ListItem\",\"position\":3,\"name\":\"Eixos\",\"item\":\"https:\/\/ww16.ce.gov.br\/secult\/politica\/eixos\/\"},{\"@type\":\"ListItem\",\"position\":4,\"name\":\"Patrim\u00f4nio Cultural e Mem\u00f3ria\",\"item\":\"https:\/\/ww16.ce.gov.br\/secult\/politica\/eixos\/patrimonio\/\"},{\"@type\":\"ListItem\",\"position\":5,\"name\":\"Patrim\u00f4nio Material\"}]},{\"@type\":\"WebSite\",\"@id\":\"https:\/\/ww16.ce.gov.br\/secult\/#website\",\"url\":\"https:\/\/ww16.ce.gov.br\/secult\/\",\"name\":\"Secretaria da Cultura\",\"description\":\"Portal Secult\",\"publisher\":{\"@id\":\"https:\/\/ww16.ce.gov.br\/secult\/#organization\"},\"potentialAction\":[{\"@type\":\"SearchAction\",\"target\":{\"@type\":\"EntryPoint\",\"urlTemplate\":\"https:\/\/ww16.ce.gov.br\/secult\/?s={search_term_string}\"},\"query-input\":{\"@type\":\"PropertyValueSpecification\",\"valueRequired\":true,\"valueName\":\"search_term_string\"}}],\"inLanguage\":\"pt-BR\"},{\"@type\":\"Organization\",\"@id\":\"https:\/\/ww16.ce.gov.br\/secult\/#organization\",\"name\":\"Secretaria da Cultura\",\"url\":\"https:\/\/ww16.ce.gov.br\/secult\/\",\"logo\":{\"@type\":\"ImageObject\",\"inLanguage\":\"pt-BR\",\"@id\":\"https:\/\/ww16.ce.gov.br\/secult\/#\/schema\/logo\/image\/\",\"url\":\"http:\/\/ww16.ce.gov.br\/secult\/wp-content\/uploads\/sites\/43\/2018\/05\/secult-clara-3.png\",\"contentUrl\":\"http:\/\/ww16.ce.gov.br\/secult\/wp-content\/uploads\/sites\/43\/2018\/05\/secult-clara-3.png\",\"width\":559,\"height\":106,\"caption\":\"Secretaria da Cultura\"},\"image\":{\"@id\":\"https:\/\/ww16.ce.gov.br\/secult\/#\/schema\/logo\/image\/\"}}]}<\/script>\n<!-- \/ Yoast SEO plugin. -->","yoast_head_json":{"title":"Patrim\u00f4nio Material - Secult","robots":{"index":"index","follow":"follow","max-snippet":"max-snippet:-1","max-image-preview":"max-image-preview:large","max-video-preview":"max-video-preview:-1"},"canonical":"https:\/\/ww16.ce.gov.br\/secult\/politica\/eixos\/patrimonio\/material\/","og_locale":"pt_BR","og_type":"article","og_title":"Patrim\u00f4nio Material - Secult","og_description":"Patrim\u00f4nio Material Theatro Jos\u00e9 de Alencar (foto Felipe Abud\/Secult Cear\u00e1) &nbsp; O Patrim\u00f4nio Material \u00e9 formado pelo conjunto de bens culturais, m\u00f3veis e im\u00f3veis, que existem no pa\u00eds e contam com uma conserva\u00e7\u00e3o feita por parte do interesse p\u00fablico. Sua vincula\u00e7\u00e3o est\u00e1 ligada a fatos memor\u00e1veis que fazem parte da hist\u00f3ria do Cear\u00e1 por contar [&hellip;]","og_url":"https:\/\/ww16.ce.gov.br\/secult\/politica\/eixos\/patrimonio\/material\/","og_site_name":"Secult","article_modified_time":"2026-04-17T19:29:18+00:00","og_image":[{"width":2560,"height":1707,"url":"https:\/\/ww16.ce.gov.br\/secult\/wp-content\/uploads\/sites\/83\/2024\/06\/FOTOS-FELIPE-ABUD-2-scaled.jpg","type":"image\/jpeg"}],"twitter_card":"summary_large_image","twitter_misc":{"Est. reading time":"2 minutos"},"schema":{"@context":"https:\/\/schema.org","@graph":[{"@type":"WebPage","@id":"https:\/\/ww16.ce.gov.br\/secult\/politica\/eixos\/patrimonio\/material\/","url":"https:\/\/ww16.ce.gov.br\/secult\/politica\/eixos\/patrimonio\/material\/","name":"Patrim\u00f4nio Material - Secult","isPartOf":{"@id":"https:\/\/ww16.ce.gov.br\/secult\/#website"},"primaryImageOfPage":{"@id":"https:\/\/ww16.ce.gov.br\/secult\/politica\/eixos\/patrimonio\/material\/#primaryimage"},"image":{"@id":"https:\/\/ww16.ce.gov.br\/secult\/politica\/eixos\/patrimonio\/material\/#primaryimage"},"thumbnailUrl":"https:\/\/ww16.ce.gov.br\/secult\/wp-content\/uploads\/sites\/83\/2024\/06\/FOTOS-FELIPE-ABUD-2-scaled.jpg","datePublished":"2024-06-28T19:18:30+00:00","dateModified":"2026-04-17T19:29:18+00:00","breadcrumb":{"@id":"https:\/\/ww16.ce.gov.br\/secult\/politica\/eixos\/patrimonio\/material\/#breadcrumb"},"inLanguage":"pt-BR","potentialAction":[{"@type":"ReadAction","target":["https:\/\/ww16.ce.gov.br\/secult\/politica\/eixos\/patrimonio\/material\/"]}]},{"@type":"ImageObject","inLanguage":"pt-BR","@id":"https:\/\/ww16.ce.gov.br\/secult\/politica\/eixos\/patrimonio\/material\/#primaryimage","url":"https:\/\/ww16.ce.gov.br\/secult\/wp-content\/uploads\/sites\/83\/2024\/06\/FOTOS-FELIPE-ABUD-2-scaled.jpg","contentUrl":"https:\/\/ww16.ce.gov.br\/secult\/wp-content\/uploads\/sites\/83\/2024\/06\/FOTOS-FELIPE-ABUD-2-scaled.jpg","width":2560,"height":1707},{"@type":"BreadcrumbList","@id":"https:\/\/ww16.ce.gov.br\/secult\/politica\/eixos\/patrimonio\/material\/#breadcrumb","itemListElement":[{"@type":"ListItem","position":1,"name":"In\u00edcio","item":"https:\/\/ww16.ce.gov.br\/secult\/"},{"@type":"ListItem","position":2,"name":"Pol\u00edtica","item":"https:\/\/ww16.ce.gov.br\/secult\/politica\/"},{"@type":"ListItem","position":3,"name":"Eixos","item":"https:\/\/ww16.ce.gov.br\/secult\/politica\/eixos\/"},{"@type":"ListItem","position":4,"name":"Patrim\u00f4nio Cultural e Mem\u00f3ria","item":"https:\/\/ww16.ce.gov.br\/secult\/politica\/eixos\/patrimonio\/"},{"@type":"ListItem","position":5,"name":"Patrim\u00f4nio Material"}]},{"@type":"WebSite","@id":"https:\/\/ww16.ce.gov.br\/secult\/#website","url":"https:\/\/ww16.ce.gov.br\/secult\/","name":"Secretaria da Cultura","description":"Portal Secult","publisher":{"@id":"https:\/\/ww16.ce.gov.br\/secult\/#organization"},"potentialAction":[{"@type":"SearchAction","target":{"@type":"EntryPoint","urlTemplate":"https:\/\/ww16.ce.gov.br\/secult\/?s={search_term_string}"},"query-input":{"@type":"PropertyValueSpecification","valueRequired":true,"valueName":"search_term_string"}}],"inLanguage":"pt-BR"},{"@type":"Organization","@id":"https:\/\/ww16.ce.gov.br\/secult\/#organization","name":"Secretaria da Cultura","url":"https:\/\/ww16.ce.gov.br\/secult\/","logo":{"@type":"ImageObject","inLanguage":"pt-BR","@id":"https:\/\/ww16.ce.gov.br\/secult\/#\/schema\/logo\/image\/","url":"http:\/\/ww16.ce.gov.br\/secult\/wp-content\/uploads\/sites\/43\/2018\/05\/secult-clara-3.png","contentUrl":"http:\/\/ww16.ce.gov.br\/secult\/wp-content\/uploads\/sites\/43\/2018\/05\/secult-clara-3.png","width":559,"height":106,"caption":"Secretaria da Cultura"},"image":{"@id":"https:\/\/ww16.ce.gov.br\/secult\/#\/schema\/logo\/image\/"}}]}},"_links":{"self":[{"href":"https:\/\/ww16.ce.gov.br\/secult\/wp-json\/wp\/v2\/pages\/35437","targetHints":{"allow":["GET"]}}],"collection":[{"href":"https:\/\/ww16.ce.gov.br\/secult\/wp-json\/wp\/v2\/pages"}],"about":[{"href":"https:\/\/ww16.ce.gov.br\/secult\/wp-json\/wp\/v2\/types\/page"}],"author":[{"embeddable":true,"href":"https:\/\/ww16.ce.gov.br\/secult\/wp-json\/wp\/v2\/users\/708"}],"replies":[{"embeddable":true,"href":"https:\/\/ww16.ce.gov.br\/secult\/wp-json\/wp\/v2\/comments?post=35437"}],"version-history":[{"count":9,"href":"https:\/\/ww16.ce.gov.br\/secult\/wp-json\/wp\/v2\/pages\/35437\/revisions"}],"predecessor-version":[{"id":51662,"href":"https:\/\/ww16.ce.gov.br\/secult\/wp-json\/wp\/v2\/pages\/35437\/revisions\/51662"}],"up":[{"embeddable":true,"href":"https:\/\/ww16.ce.gov.br\/secult\/wp-json\/wp\/v2\/pages\/6787"}],"wp:featuredmedia":[{"embeddable":true,"href":"https:\/\/ww16.ce.gov.br\/secult\/wp-json\/wp\/v2\/media\/35439"}],"wp:attachment":[{"href":"https:\/\/ww16.ce.gov.br\/secult\/wp-json\/wp\/v2\/media?parent=35437"}],"curies":[{"name":"wp","href":"https:\/\/api.w.org\/{rel}","templated":true}]}}