{"id":34189,"date":"2024-05-06T13:34:13","date_gmt":"2024-05-06T16:34:13","guid":{"rendered":"http:\/\/ww16.ce.gov.br\/secult\/?page_id=34189"},"modified":"2026-04-15T15:54:14","modified_gmt":"2026-04-15T18:54:14","slug":"sem-ce","status":"publish","type":"page","link":"https:\/\/ww16.ce.gov.br\/secult\/politica\/eixos\/patrimonio\/sem-ce\/","title":{"rendered":"Sistema Estadual de Museus do Cear\u00e1"},"content":{"rendered":"<h2><span style=\"color: #fc6836\"><strong>Sistema Estadual de Museus do Cear\u00e1<\/strong><\/span><\/h2>\n<p>&nbsp;<\/p>\n<div style=\"font-size: 1.2em;text-align: justify\">\n<p style=\"text-align: justify\"><span style=\"font-weight: 400\">O Sistema Estadual de Museus do Cear\u00e1 (SEM\/CE) vincula-se \u00e0 Secretaria da Cultura do Cear\u00e1, sendo institu\u00eddo pela Lei n\u00ba 13.602\/2005 e regulamentado pelo Decreto n\u00ba 28.419\/2006. Tem como principal objetivo \u201csistematizar e implementar pol\u00edticas de integra\u00e7\u00e3o e incentivo aos museus de todo o Estado, com diretrizes estabelecidas de forma democr\u00e1tica e participativa por essas institui\u00e7\u00f5es\u201d (art. 1\u00ba).<\/span><\/p>\n<p>&nbsp;<\/p>\n<p style=\"text-align: justify\"><span style=\"font-weight: 400\">Atualmente, as atividades concernentes ao SEM\/CE s\u00e3o realizadas por meio do N\u00facleo de Monitoramento do Sistema Estadual de Museus e Arquivos, ligado a Coordenadoria de Patrim\u00f4nio Cultural e Mem\u00f3ria (Copam), conforme o Decreto n\u00ba 35.509\/2023.<\/span><\/p>\n<p>&nbsp;<\/p>\n<p style=\"text-align: justify\"><span style=\"font-weight: 400\">O SEM\/CE vem concentrando esfor\u00e7os visando a retomada de suas a\u00e7\u00f5es estruturantes, no intuito de ampliar seu alcance nos sete p\u00f3los de refer\u00eancia regional e promover o fortalecimento do campo museal cearense. Deste modo, o Programa de Fortalecimento do SEM\/CE, a partir da campanha de recadastramento (Chamada para Ades\u00e3o ao SEM\/CE- Cadastro Estadual de Museu) e a realiza\u00e7\u00e3o do F\u00f3rum Estadual de Museus constituem-se como as principais a\u00e7\u00f5es de retomada do Sistema.<\/span><\/p>\n<p>&nbsp;<\/p>\n<p style=\"text-align: justify\"><span style=\"font-weight: 400\">Os museus que tenham interesse em integrar o SEM\/CE dever\u00e3o faz\u00ea-lo mediante habilita\u00e7\u00e3o documental e assinatura do Termo de Ades\u00e3o, disponibilizado no Mapa Cultural do Cear\u00e1, por meio da Chamada para Ades\u00e3o ao SEM\/CE &#8211; Cadastro Estadual de Museus.<\/span><\/p>\n<p>&nbsp;<\/p>\n<h3 style=\"text-align: justify\"><strong>F\u00f3rum Estadual de Museus do Cear\u00e1<\/strong><\/h3>\n<p>&nbsp;<\/p>\n<p style=\"text-align: justify\"><span style=\"font-weight: 400\">O F\u00f3rum Estadual de Museus, promovido pelo SEM\/CE, configura-se como o principal evento do campo museal do Cear\u00e1, com a participa\u00e7\u00e3o de representantes das unidades museol\u00f3gicas de todas as macrorregi\u00f5es do estado, dos gestores p\u00fablicos da cultura, de pesquisadores em diversas \u00e1reas, dentre outros. De 2004 a 2023 foram realizados cinco f\u00f3runs estaduais (2004, 2006, 2009, 2013 e 2023).<\/span><\/p>\n<p>&nbsp;<\/p>\n<p style=\"text-align: justify\"><span style=\"font-weight: 400\">A Portaria n\u00ba 142\/2023 institui no \u00e2mbito da Secult Cear\u00e1 o F\u00f3rum Estadual de Museus do Cear\u00e1 (FEM\/CE), evento bienal, de car\u00e1ter permanente e abrang\u00eancia estadual, com a finalidade de promover o di\u00e1logo entre a comunidade museol\u00f3gica, a sociedade civil, os museus cearenses e seus \u00f3rg\u00e3os de gest\u00e3o sob a coordena\u00e7\u00e3o da Coordenadoria de Patrim\u00f4nio Cultural e Mem\u00f3ria da Secretaria da Cultura do Estado do Cear\u00e1 (Copam).<\/span><\/p>\n<p>&nbsp;<\/p>\n<h3 style=\"text-align: justify\"><strong>Link para o cadastro estadual de museus<\/strong><\/h3>\n<p>&nbsp;<\/p>\n<p style=\"text-align: justify\"><span style=\"font-weight: 400\">Em fevereiro de 2023, foi lan\u00e7ado o formul\u00e1rio para mapeamento do campo museal, instrumento disponibilizado pela \u201cChamada para Ades\u00e3o ao Sistema Estadual de Museus do Cear\u00e1 &#8211; SEM\/CE &#8211; Cadastro Estadual de Museus\u201d, por meio do Mapa Cultural do Cear\u00e1.<\/span><\/p>\n<p>&nbsp;<\/p>\n<\/div>\n<div style=\"font-size: 1.5em;text-align: justify\">\n<p style=\"text-align: justify\"><strong>\/\/\/\/\/ Para realizar o cadastro, acesse a <a href=\"https:\/\/mapacultural.secult.ce.gov.br\/oportunidade\/4093\/\">oportunidade no Mapa Cultural do Cear\u00e1<\/a>.<\/strong><\/p>\n<\/div>\n<p>&nbsp;<\/p>\n","protected":false},"excerpt":{"rendered":"<p>Sistema Estadual de Museus do Cear\u00e1 &nbsp; O Sistema Estadual de Museus do Cear\u00e1 (SEM\/CE) vincula-se \u00e0 Secretaria da Cultura do Cear\u00e1, sendo institu\u00eddo pela Lei n\u00ba 13.602\/2005 e regulamentado pelo Decreto n\u00ba 28.419\/2006. Tem como principal objetivo \u201csistematizar e implementar pol\u00edticas de integra\u00e7\u00e3o e incentivo aos museus de todo o Estado, com diretrizes estabelecidas [&hellip;]<\/p>\n","protected":false},"author":708,"featured_media":0,"parent":6787,"menu_order":0,"comment_status":"closed","ping_status":"closed","template":"","meta":{"_acf_changed":false,"inline_featured_image":false,"footnotes":""},"class_list":["post-34189","page","type-page","status-publish","hentry"],"acf":[],"yoast_head":"<!-- This site is optimized with the Yoast SEO plugin v26.9 - https:\/\/yoast.com\/product\/yoast-seo-wordpress\/ -->\n<title>Sistema Estadual de Museus do Cear\u00e1 - Secult<\/title>\n<meta name=\"robots\" content=\"index, follow, max-snippet:-1, max-image-preview:large, max-video-preview:-1\" \/>\n<link rel=\"canonical\" href=\"https:\/\/ww16.ce.gov.br\/secult\/politica\/eixos\/patrimonio\/sem-ce\/\" \/>\n<meta property=\"og:locale\" content=\"pt_BR\" \/>\n<meta property=\"og:type\" content=\"article\" \/>\n<meta property=\"og:title\" content=\"Sistema Estadual de Museus do Cear\u00e1 - Secult\" \/>\n<meta property=\"og:description\" content=\"Sistema Estadual de Museus do Cear\u00e1 &nbsp; O Sistema Estadual de Museus do Cear\u00e1 (SEM\/CE) vincula-se \u00e0 Secretaria da Cultura do Cear\u00e1, sendo institu\u00eddo pela Lei n\u00ba 13.602\/2005 e regulamentado pelo Decreto n\u00ba 28.419\/2006. Tem como principal objetivo \u201csistematizar e implementar pol\u00edticas de integra\u00e7\u00e3o e incentivo aos museus de todo o Estado, com diretrizes estabelecidas [&hellip;]\" \/>\n<meta property=\"og:url\" content=\"https:\/\/ww16.ce.gov.br\/secult\/politica\/eixos\/patrimonio\/sem-ce\/\" \/>\n<meta property=\"og:site_name\" content=\"Secult\" \/>\n<meta property=\"article:modified_time\" content=\"2026-04-15T18:54:14+00:00\" \/>\n<meta name=\"twitter:card\" content=\"summary_large_image\" \/>\n<meta name=\"twitter:label1\" content=\"Est. reading time\" \/>\n\t<meta name=\"twitter:data1\" content=\"3 minutos\" \/>\n<script type=\"application\/ld+json\" class=\"yoast-schema-graph\">{\"@context\":\"https:\/\/schema.org\",\"@graph\":[{\"@type\":\"WebPage\",\"@id\":\"https:\/\/ww16.ce.gov.br\/secult\/politica\/eixos\/patrimonio\/sem-ce\/\",\"url\":\"https:\/\/ww16.ce.gov.br\/secult\/politica\/eixos\/patrimonio\/sem-ce\/\",\"name\":\"Sistema Estadual de Museus do Cear\u00e1 - Secult\",\"isPartOf\":{\"@id\":\"https:\/\/ww16.ce.gov.br\/secult\/#website\"},\"datePublished\":\"2024-05-06T16:34:13+00:00\",\"dateModified\":\"2026-04-15T18:54:14+00:00\",\"breadcrumb\":{\"@id\":\"https:\/\/ww16.ce.gov.br\/secult\/politica\/eixos\/patrimonio\/sem-ce\/#breadcrumb\"},\"inLanguage\":\"pt-BR\",\"potentialAction\":[{\"@type\":\"ReadAction\",\"target\":[\"https:\/\/ww16.ce.gov.br\/secult\/politica\/eixos\/patrimonio\/sem-ce\/\"]}]},{\"@type\":\"BreadcrumbList\",\"@id\":\"https:\/\/ww16.ce.gov.br\/secult\/politica\/eixos\/patrimonio\/sem-ce\/#breadcrumb\",\"itemListElement\":[{\"@type\":\"ListItem\",\"position\":1,\"name\":\"In\u00edcio\",\"item\":\"https:\/\/ww16.ce.gov.br\/secult\/\"},{\"@type\":\"ListItem\",\"position\":2,\"name\":\"Pol\u00edtica\",\"item\":\"https:\/\/ww16.ce.gov.br\/secult\/politica\/\"},{\"@type\":\"ListItem\",\"position\":3,\"name\":\"Eixos\",\"item\":\"https:\/\/ww16.ce.gov.br\/secult\/politica\/eixos\/\"},{\"@type\":\"ListItem\",\"position\":4,\"name\":\"Patrim\u00f4nio Cultural e Mem\u00f3ria\",\"item\":\"https:\/\/ww16.ce.gov.br\/secult\/politica\/eixos\/patrimonio\/\"},{\"@type\":\"ListItem\",\"position\":5,\"name\":\"Sistema Estadual de Museus do Cear\u00e1\"}]},{\"@type\":\"WebSite\",\"@id\":\"https:\/\/ww16.ce.gov.br\/secult\/#website\",\"url\":\"https:\/\/ww16.ce.gov.br\/secult\/\",\"name\":\"Secretaria da Cultura\",\"description\":\"Portal Secult\",\"publisher\":{\"@id\":\"https:\/\/ww16.ce.gov.br\/secult\/#organization\"},\"potentialAction\":[{\"@type\":\"SearchAction\",\"target\":{\"@type\":\"EntryPoint\",\"urlTemplate\":\"https:\/\/ww16.ce.gov.br\/secult\/?s={search_term_string}\"},\"query-input\":{\"@type\":\"PropertyValueSpecification\",\"valueRequired\":true,\"valueName\":\"search_term_string\"}}],\"inLanguage\":\"pt-BR\"},{\"@type\":\"Organization\",\"@id\":\"https:\/\/ww16.ce.gov.br\/secult\/#organization\",\"name\":\"Secretaria da Cultura\",\"url\":\"https:\/\/ww16.ce.gov.br\/secult\/\",\"logo\":{\"@type\":\"ImageObject\",\"inLanguage\":\"pt-BR\",\"@id\":\"https:\/\/ww16.ce.gov.br\/secult\/#\/schema\/logo\/image\/\",\"url\":\"http:\/\/ww16.ce.gov.br\/secult\/wp-content\/uploads\/sites\/43\/2018\/05\/secult-clara-3.png\",\"contentUrl\":\"http:\/\/ww16.ce.gov.br\/secult\/wp-content\/uploads\/sites\/43\/2018\/05\/secult-clara-3.png\",\"width\":559,\"height\":106,\"caption\":\"Secretaria da Cultura\"},\"image\":{\"@id\":\"https:\/\/ww16.ce.gov.br\/secult\/#\/schema\/logo\/image\/\"}}]}<\/script>\n<!-- \/ Yoast SEO plugin. -->","yoast_head_json":{"title":"Sistema Estadual de Museus do Cear\u00e1 - Secult","robots":{"index":"index","follow":"follow","max-snippet":"max-snippet:-1","max-image-preview":"max-image-preview:large","max-video-preview":"max-video-preview:-1"},"canonical":"https:\/\/ww16.ce.gov.br\/secult\/politica\/eixos\/patrimonio\/sem-ce\/","og_locale":"pt_BR","og_type":"article","og_title":"Sistema Estadual de Museus do Cear\u00e1 - Secult","og_description":"Sistema Estadual de Museus do Cear\u00e1 &nbsp; O Sistema Estadual de Museus do Cear\u00e1 (SEM\/CE) vincula-se \u00e0 Secretaria da Cultura do Cear\u00e1, sendo institu\u00eddo pela Lei n\u00ba 13.602\/2005 e regulamentado pelo Decreto n\u00ba 28.419\/2006. Tem como principal objetivo \u201csistematizar e implementar pol\u00edticas de integra\u00e7\u00e3o e incentivo aos museus de todo o Estado, com diretrizes estabelecidas [&hellip;]","og_url":"https:\/\/ww16.ce.gov.br\/secult\/politica\/eixos\/patrimonio\/sem-ce\/","og_site_name":"Secult","article_modified_time":"2026-04-15T18:54:14+00:00","twitter_card":"summary_large_image","twitter_misc":{"Est. reading time":"3 minutos"},"schema":{"@context":"https:\/\/schema.org","@graph":[{"@type":"WebPage","@id":"https:\/\/ww16.ce.gov.br\/secult\/politica\/eixos\/patrimonio\/sem-ce\/","url":"https:\/\/ww16.ce.gov.br\/secult\/politica\/eixos\/patrimonio\/sem-ce\/","name":"Sistema Estadual de Museus do Cear\u00e1 - Secult","isPartOf":{"@id":"https:\/\/ww16.ce.gov.br\/secult\/#website"},"datePublished":"2024-05-06T16:34:13+00:00","dateModified":"2026-04-15T18:54:14+00:00","breadcrumb":{"@id":"https:\/\/ww16.ce.gov.br\/secult\/politica\/eixos\/patrimonio\/sem-ce\/#breadcrumb"},"inLanguage":"pt-BR","potentialAction":[{"@type":"ReadAction","target":["https:\/\/ww16.ce.gov.br\/secult\/politica\/eixos\/patrimonio\/sem-ce\/"]}]},{"@type":"BreadcrumbList","@id":"https:\/\/ww16.ce.gov.br\/secult\/politica\/eixos\/patrimonio\/sem-ce\/#breadcrumb","itemListElement":[{"@type":"ListItem","position":1,"name":"In\u00edcio","item":"https:\/\/ww16.ce.gov.br\/secult\/"},{"@type":"ListItem","position":2,"name":"Pol\u00edtica","item":"https:\/\/ww16.ce.gov.br\/secult\/politica\/"},{"@type":"ListItem","position":3,"name":"Eixos","item":"https:\/\/ww16.ce.gov.br\/secult\/politica\/eixos\/"},{"@type":"ListItem","position":4,"name":"Patrim\u00f4nio Cultural e Mem\u00f3ria","item":"https:\/\/ww16.ce.gov.br\/secult\/politica\/eixos\/patrimonio\/"},{"@type":"ListItem","position":5,"name":"Sistema Estadual de Museus do Cear\u00e1"}]},{"@type":"WebSite","@id":"https:\/\/ww16.ce.gov.br\/secult\/#website","url":"https:\/\/ww16.ce.gov.br\/secult\/","name":"Secretaria da Cultura","description":"Portal Secult","publisher":{"@id":"https:\/\/ww16.ce.gov.br\/secult\/#organization"},"potentialAction":[{"@type":"SearchAction","target":{"@type":"EntryPoint","urlTemplate":"https:\/\/ww16.ce.gov.br\/secult\/?s={search_term_string}"},"query-input":{"@type":"PropertyValueSpecification","valueRequired":true,"valueName":"search_term_string"}}],"inLanguage":"pt-BR"},{"@type":"Organization","@id":"https:\/\/ww16.ce.gov.br\/secult\/#organization","name":"Secretaria da Cultura","url":"https:\/\/ww16.ce.gov.br\/secult\/","logo":{"@type":"ImageObject","inLanguage":"pt-BR","@id":"https:\/\/ww16.ce.gov.br\/secult\/#\/schema\/logo\/image\/","url":"http:\/\/ww16.ce.gov.br\/secult\/wp-content\/uploads\/sites\/43\/2018\/05\/secult-clara-3.png","contentUrl":"http:\/\/ww16.ce.gov.br\/secult\/wp-content\/uploads\/sites\/43\/2018\/05\/secult-clara-3.png","width":559,"height":106,"caption":"Secretaria da Cultura"},"image":{"@id":"https:\/\/ww16.ce.gov.br\/secult\/#\/schema\/logo\/image\/"}}]}},"_links":{"self":[{"href":"https:\/\/ww16.ce.gov.br\/secult\/wp-json\/wp\/v2\/pages\/34189","targetHints":{"allow":["GET"]}}],"collection":[{"href":"https:\/\/ww16.ce.gov.br\/secult\/wp-json\/wp\/v2\/pages"}],"about":[{"href":"https:\/\/ww16.ce.gov.br\/secult\/wp-json\/wp\/v2\/types\/page"}],"author":[{"embeddable":true,"href":"https:\/\/ww16.ce.gov.br\/secult\/wp-json\/wp\/v2\/users\/708"}],"replies":[{"embeddable":true,"href":"https:\/\/ww16.ce.gov.br\/secult\/wp-json\/wp\/v2\/comments?post=34189"}],"version-history":[{"count":19,"href":"https:\/\/ww16.ce.gov.br\/secult\/wp-json\/wp\/v2\/pages\/34189\/revisions"}],"predecessor-version":[{"id":51576,"href":"https:\/\/ww16.ce.gov.br\/secult\/wp-json\/wp\/v2\/pages\/34189\/revisions\/51576"}],"up":[{"embeddable":true,"href":"https:\/\/ww16.ce.gov.br\/secult\/wp-json\/wp\/v2\/pages\/6787"}],"wp:attachment":[{"href":"https:\/\/ww16.ce.gov.br\/secult\/wp-json\/wp\/v2\/media?parent=34189"}],"curies":[{"name":"wp","href":"https:\/\/api.w.org\/{rel}","templated":true}]}}