{"id":30454,"date":"2023-12-04T10:12:11","date_gmt":"2023-12-04T13:12:11","guid":{"rendered":"http:\/\/ww16.ce.gov.br\/secult\/?page_id=30454"},"modified":"2026-04-07T10:21:07","modified_gmt":"2026-04-07T13:21:07","slug":"convenios-federais","status":"publish","type":"page","link":"https:\/\/ww16.ce.gov.br\/secult\/institucional\/transparencia\/convenios-federais\/","title":{"rendered":"Conv\u00eanios Federais"},"content":{"rendered":"<p>Em cumprimento ao <a href=\"https:\/\/www.gov.br\/transferegov\/pt-br\/comunicados\/comunicados-gerais\/2023\/comunicado-no-11-2023-cumprimento-do-art-40-da-portaria-interministerial-no-424-de-30-de-dezembro-de-2016\" target=\"_blank\" rel=\"noopener\">Artigo 40 da Portaria Interministerial n\u00ba 424, de 30 de dezembro de 2016<\/a>, confira a lista de Conv\u00eanios Federais<br \/>\ne Contratos de Repasses com o Governo Federal. Para realizar o primeiro acesso, seguir os seguintes passos:<\/p>\n<p>&nbsp;<\/p>\n<p><strong>&gt;<\/strong> Acessar o link: <a href=\"https:\/\/discricionarias.transferegov.sistema.gov.br\/voluntarias\/proposta\/ConsultarProposta\/ConsultarProposta.do\" target=\"_blank\" rel=\"noopener\">https:\/\/discricionarias.transferegov.sistema.gov.br\/voluntarias\/proposta\/ConsultarProposta\/ConsultarProposta.do<\/a><br \/>\n<strong>&gt;<\/strong> Clicar em <strong>\u201cAcesso livre\u201d<\/strong>;<br \/>\n<strong>&gt;<\/strong> Em seguida, clicar em <strong>\u201cConv\u00eanios\u201d<\/strong> no menu Principal;<br \/>\n<strong>&gt;<\/strong> Ao lado das op\u00e7\u00f5es do menu Principal, clicar em <strong>\u201cConsultar Conv\u00eanios\/Pr\u00e9-conv\u00eanios\u201d<\/strong>;<br \/>\n<strong>&gt;<\/strong> Na p\u00e1gina de consulta, digitar o n\u00famero no campo <strong>\u201cN\u00famero do Conv\u00eanio\/Pr\u00e9-Conv\u00eanio\u201d<\/strong> e clicar no bot\u00e3o <strong>\u201cConsultar\u201d<\/strong>.<\/p>\n<p>&nbsp;<\/p>\n<p>Segue abaixo a lista completa.<\/p>\n<h2><\/h2>\n<h2 class=\"SistemasExternos\" style=\"text-align: center\"><strong>LISTA DE CONV\u00caNIOS FEDERAIS E CONTRATOS DE REPASSES<\/strong><br \/>\n<strong>COM GOVERNO FEDERAL<\/strong><\/h2>\n<p>&nbsp;<\/p>\n<div><\/div>\n<div class=\"SistemasExternos\">\n<table>\n<thead>\n<tr>\n<th width=\"20%\">N\u00famero do Conv\u00eanio\/Pr\u00e9-Conv\u00eanio<\/th>\n<th width=\"15%\">Nome do \u00f3rg\u00e3o<\/th>\n<th width=\"15%\">Situa\u00e7\u00e3o<\/th>\n<th width=\"15%\">Data In\u00edcio da Execu\u00e7\u00e3o<\/th>\n<th width=\"15%\">Data Fim da Execu\u00e7\u00e3o<\/th>\n<th width=\"20%\">Programa<\/th>\n<\/tr>\n<\/thead>\n<tbody>\n<tr>\n<td class=\"laranja\">\n<h4 style=\"text-decoration: underline\"><a href=\"https:\/\/discricionarias.transferegov.sistema.gov.br\/voluntarias\/ConsultarProposta\/ResultadoDaConsultaDeConvenioSelecionarConvenio.do?idConvenio=883449&amp;destino=&amp;Usr=guest&amp;Pwd=guest\" target=\"_blank\" rel=\"noopener\"><strong>906961\/2020<\/strong><\/a><\/h4>\n<p>&nbsp;<\/td>\n<td>\n<div>FUNDO DE DEFESA DOS DIREITOS DIFUSOS<\/div>\n<\/td>\n<td>\n<div>Empenhado, Publicado e N\u00e3o assinado<\/div>\n<\/td>\n<td>\n<div>31\/12\/2020<\/div>\n<\/td>\n<td>\n<div>31\/12\/2023<\/div>\n<\/td>\n<td>\n<div>Fundo de Defesa de Direitos Difusos<\/div>\n<\/td>\n<\/tr>\n<tr>\n<td class=\"laranja\">\n<h4 style=\"text-decoration: underline\"><a href=\"https:\/\/discricionarias.transferegov.sistema.gov.br\/voluntarias\/ConsultarProposta\/ResultadoDaConsultaDeConvenioSelecionarConvenio.do?idConvenio=879718&amp;destino=&amp;Usr=guest&amp;Pwd=guest\" target=\"_blank\" rel=\"noopener\"><strong>905826\/2020<\/strong><\/a><\/h4>\n<p>&nbsp;<\/td>\n<td>\n<div>MINISTERIO DO TURISMO<\/div>\n<\/td>\n<td>\n<div>Empenhado, Publicado e N\u00e3o assinado<\/div>\n<\/td>\n<td>\n<div>31\/12\/2020<\/div>\n<\/td>\n<td>\n<div>31\/12\/2023<\/div>\n<\/td>\n<td>\n<div>APOIO A PROJETOS DE INFRAESTRUTURA TUR\u00cdSTICA &#8211; CONTRATO DE REPASSE &#8211; PROPONENTE<br \/>\nESPEC\u00cdFICO<\/div>\n<\/td>\n<\/tr>\n<tr>\n<td class=\"laranja\">\n<h4 style=\"text-decoration: underline\"><a href=\"https:\/\/discricionarias.transferegov.sistema.gov.br\/voluntarias\/ConsultarProposta\/ResultadoDaConsultaDeConvenioSelecionarConvenio.do?idConvenio=585234&amp;destino=&amp;Usr=guest&amp;Pwd=guest\" target=\"_blank\" rel=\"noopener\"><strong>838539\/2016<\/strong><\/a><\/h4>\n<p>&nbsp;<\/td>\n<td>\n<div>MINISTERIO DO TURISMO<\/div>\n<\/td>\n<td>\n<div>Empenhado, Publicado e Assinado<\/div>\n<\/td>\n<td>\n<div>27\/12\/2016<\/div>\n<\/td>\n<td>\n<div>31\/12\/2020<\/div>\n<\/td>\n<td>\n<div>SE\/DINC- Instala\u00e7\u00e3o de Espa\u00e7os Culturais &#8211; Emendas Contingenciadas<\/div>\n<\/td>\n<\/tr>\n<tr>\n<td class=\"laranja\">\n<h4 style=\"text-decoration: underline\"><a href=\"https:\/\/discricionarias.transferegov.sistema.gov.br\/voluntarias\/ConsultarProposta\/ResultadoDaConsultaDeConvenioSelecionarConvenio.do?idConvenio=590362&amp;destino=&amp;Usr=guest&amp;Pwd=guest\" target=\"_blank\" rel=\"noopener\"><strong>838459\/2016<\/strong><\/a><\/h4>\n<p>&nbsp;<\/td>\n<td>\n<div>INSTITUTO BRASILEIRO DE MUSEUS<\/div>\n<\/td>\n<td>\n<div>Empenhado, Publicado e Assinado<\/div>\n<\/td>\n<td>\n<div>28\/12\/2016<\/div>\n<\/td>\n<td>\n<div>31\/03\/2018<\/div>\n<\/td>\n<td>\n<div>Implanta\u00e7\u00e3o e Fortalecimento de Sistemas de Museus<\/div>\n<\/td>\n<\/tr>\n<tr>\n<td class=\"laranja\">\n<h4 style=\"text-decoration: underline\"><a href=\"https:\/\/discricionarias.transferegov.sistema.gov.br\/voluntarias\/ConsultarProposta\/ResultadoDaConsultaDeConvenioSelecionarConvenio.do?idConvenio=584860&amp;destino=&amp;Usr=guest&amp;Pwd=guest\" target=\"_blank\" rel=\"noopener\"><strong>838438\/2016<\/strong><\/a><\/h4>\n<p>&nbsp;<\/td>\n<td>\n<div>MINISTERIO DA CULTURA<\/div>\n<\/td>\n<td>\n<div>Empenhado, Publicado e Assinado<\/div>\n<\/td>\n<td>\n<div>27\/12\/2016<\/div>\n<\/td>\n<td>\n<div>30\/09\/2022<\/div>\n<\/td>\n<td>\n<div>SE\/DINC- Instala\u00e7\u00e3o de Espa\u00e7os Culturais<\/div>\n<\/td>\n<\/tr>\n<tr>\n<td class=\"laranja\">\n<h4 style=\"text-decoration: underline\"><a href=\"https:\/\/discricionarias.transferegov.sistema.gov.br\/voluntarias\/ConsultarProposta\/ResultadoDaConsultaDeConvenioSelecionarConvenio.do?idConvenio=522994&amp;destino=&amp;Usr=guest&amp;Pwd=guest\" target=\"_blank\" rel=\"noopener\"><strong>825570\/2015<\/strong><\/a><\/h4>\n<p>&nbsp;<\/td>\n<td>\n<div>MINIST\u00c9RIO DO DESENVOLVIMENTO E ASSIST\u00caNCIA SOCIAL, FAM\u00cdLIA E COMBATE FOME<\/div>\n<\/td>\n<td>\n<div>Empenhado, Publicado e Assinado<\/div>\n<\/td>\n<td>\n<div>30\/12\/2015<\/div>\n<\/td>\n<td>\n<div>27\/12\/2019<\/div>\n<\/td>\n<td>\n<div>SAv &#8211; Emendas Parlamentares da Administra\u00e7\u00e3o Direta 2015<\/div>\n<\/td>\n<\/tr>\n<tr>\n<td class=\"laranja\">\n<h4 style=\"text-decoration: underline\"><a href=\"https:\/\/discricionarias.transferegov.sistema.gov.br\/voluntarias\/ConsultarProposta\/ResultadoDaConsultaDeConvenioSelecionarConvenio.do?idConvenio=451383&amp;destino=&amp;Usr=guest&amp;Pwd=guest\" target=\"_blank\" rel=\"noopener\"><strong>812256\/2014<\/strong><\/a><\/h4>\n<p>&nbsp;<\/td>\n<td>\n<div>MINISTERIO DO TURISMO<\/div>\n<\/td>\n<td>\n<div>Empenhado, Publicado e Assinado<\/div>\n<\/td>\n<td>\n<div>14\/05\/2015<\/div>\n<\/td>\n<td>\n<div>04\/09\/2019<\/div>\n<\/td>\n<td>\n<div>Processo Seletivo do Fundo Nacional de Cultura 2014, I Edital de Fortalecimento do Sistema Nacional de<br \/>\nCultura.<\/div>\n<\/td>\n<\/tr>\n<tr>\n<td class=\"laranja\">\n<h4 style=\"text-decoration: underline\"><a href=\"https:\/\/discricionarias.transferegov.sistema.gov.br\/voluntarias\/ConsultarProposta\/ResultadoDaConsultaDeConvenioSelecionarConvenio.do?idConvenio=454816&amp;destino=&amp;Usr=guest&amp;Pwd=guest\" target=\"_blank\" rel=\"noopener\"><strong>812211\/2014<\/strong><\/a><\/h4>\n<p>&nbsp;<\/td>\n<td>\n<div>AGENCIA NACIONAL DO CINEMA<\/div>\n<\/td>\n<td>\n<div>Empenhado, Publicado e Assinado<\/div>\n<\/td>\n<td>\n<div>31\/12\/2014<\/div>\n<\/td>\n<td>\n<div>31\/12\/2023<\/div>\n<\/td>\n<td>\n<div>Programa Cinema da Cidade<\/div>\n<\/td>\n<\/tr>\n<tr>\n<td class=\"laranja\">\n<h4 style=\"text-decoration: underline\"><a href=\"https:\/\/discricionarias.transferegov.sistema.gov.br\/voluntarias\/ConsultarProposta\/ResultadoDaConsultaDeConvenioSelecionarConvenio.do?idConvenio=441730&amp;destino=&amp;Usr=guest&amp;Pwd=guest\" target=\"_blank\" rel=\"noopener\"><strong>811773\/2014<\/strong><\/a><\/h4>\n<p>&nbsp;<\/td>\n<td>\n<div>FUNDACAO NACIONAL DE ARTES<\/div>\n<\/td>\n<td>\n<div>Empenhado, Publicado e Assinado<\/div>\n<\/td>\n<td>\n<div>01\/12\/2014<\/div>\n<\/td>\n<td>\n<div>30\/09\/2023<\/div>\n<\/td>\n<td>\n<div>Processo Seletivo do Fundo Nacional de Cultura 2014 &#8211; I Edital de Fortalecimento do Sistema Nacional de<br \/>\nCultura<\/div>\n<\/td>\n<\/tr>\n<tr>\n<td class=\"laranja\">\n<h4 style=\"text-decoration: underline\"><a href=\"https:\/\/discricionarias.transferegov.sistema.gov.br\/voluntarias\/ConsultarProposta\/ResultadoDaConsultaDeConvenioSelecionarConvenio.do?idConvenio=425199&amp;destino=&amp;Usr=guest&amp;Pwd=guest\" target=\"_blank\" rel=\"noopener\"><strong>808488\/2014<\/strong><\/a><\/h4>\n<p>&nbsp;<\/td>\n<td>\n<div>FUNDACAO NACIONAL DE ARTES<\/div>\n<\/td>\n<td>\n<div>Empenhado, Publicado e Assinado<\/div>\n<\/td>\n<td>\n<div>06\/10\/2014<\/div>\n<\/td>\n<td>\n<div>30\/09\/2022<\/div>\n<\/td>\n<td>\n<div>Emenda n\u00b0 23570004\/\/23570023<br \/>\ndo Senador In\u00e1cio<br \/>\nArruda<\/div>\n<\/td>\n<\/tr>\n<tr>\n<td class=\"laranja\">\n<h4 style=\"text-decoration: underline\"><a href=\"https:\/\/discricionarias.transferegov.sistema.gov.br\/voluntarias\/ConsultarProposta\/ResultadoDaConsultaDeConvenioSelecionarConvenio.do?idConvenio=424173&amp;destino=&amp;Usr=guest&amp;Pwd=guest\" target=\"_blank\" rel=\"noopener\"><strong>807142\/2014<\/strong><\/a><\/h4>\n<p>&nbsp;<\/td>\n<td>\n<div>MINIST\u00c9RIO DO DESENVOLVIMENTO E ASSIST\u00caNCIA SOCIAL, FAM\u00cdLIA E COMBATE FOME<\/div>\n<\/td>\n<td>\n<div>Empenhado, Publicado e Assinado<\/div>\n<\/td>\n<td>\n<div>04\/07\/2014<\/div>\n<\/td>\n<td>\n<div>31\/12\/2015<\/div>\n<\/td>\n<td>\n<div>DIFUS\u00c3O E CIRCULA\u00c7\u00c3O DE OBRAS AUDIOVISUAIS BRASILEIRAS EM CIDADES DO<br \/>\nINTERIOR<\/div>\n<\/td>\n<\/tr>\n<tr>\n<td class=\"laranja\">\n<h4 style=\"text-decoration: underline\"><a href=\"https:\/\/discricionarias.transferegov.sistema.gov.br\/voluntarias\/ConsultarProposta\/ResultadoDaConsultaDeConvenioSelecionarConvenio.do?idConvenio=302658&amp;destino=&amp;Usr=guest&amp;Pwd=guest\" target=\"_blank\" rel=\"noopener\"><strong>774954\/2012<\/strong><\/a><\/h4>\n<p>&nbsp;<\/td>\n<td>\n<div>MINISTERIO DO TURISMO<\/div>\n<\/td>\n<td>\n<div>Empenhado, Publicado e Assinado<\/div>\n<\/td>\n<td>\n<div>01\/06\/2013<\/div>\n<\/td>\n<td>\n<div>31\/12\/2019<\/div>\n<\/td>\n<td>\n<div>Criativa Bir\u00f4 no Estado do Cear\u00e1<\/div>\n<\/td>\n<\/tr>\n<\/tbody>\n<\/table>\n<\/div>\n","protected":false},"excerpt":{"rendered":"<p>Em cumprimento ao Artigo 40 da Portaria Interministerial n\u00ba 424, de 30 de dezembro de 2016, confira a lista de Conv\u00eanios Federais e Contratos de Repasses com o Governo Federal. Para realizar o primeiro acesso, seguir os seguintes passos: &nbsp; &gt; Acessar o link: https:\/\/discricionarias.transferegov.sistema.gov.br\/voluntarias\/proposta\/ConsultarProposta\/ConsultarProposta.do &gt; Clicar em \u201cAcesso livre\u201d; &gt; Em seguida, clicar em [&hellip;]<\/p>\n","protected":false},"author":816,"featured_media":0,"parent":51527,"menu_order":0,"comment_status":"closed","ping_status":"closed","template":"","meta":{"_acf_changed":false,"inline_featured_image":false,"footnotes":""},"class_list":["post-30454","page","type-page","status-publish","hentry"],"acf":[],"yoast_head":"<!-- This site is optimized with the Yoast SEO plugin v26.9 - https:\/\/yoast.com\/product\/yoast-seo-wordpress\/ -->\n<title>Conv\u00eanios Federais - Secult<\/title>\n<meta name=\"robots\" content=\"index, follow, max-snippet:-1, max-image-preview:large, max-video-preview:-1\" \/>\n<link rel=\"canonical\" href=\"https:\/\/ww16.ce.gov.br\/secult\/institucional\/transparencia\/convenios-federais\/\" \/>\n<meta property=\"og:locale\" content=\"pt_BR\" \/>\n<meta property=\"og:type\" content=\"article\" \/>\n<meta property=\"og:title\" content=\"Conv\u00eanios Federais - Secult\" \/>\n<meta property=\"og:description\" content=\"Em cumprimento ao Artigo 40 da Portaria Interministerial n\u00ba 424, de 30 de dezembro de 2016, confira a lista de Conv\u00eanios Federais e Contratos de Repasses com o Governo Federal. Para realizar o primeiro acesso, seguir os seguintes passos: &nbsp; &gt; Acessar o link: https:\/\/discricionarias.transferegov.sistema.gov.br\/voluntarias\/proposta\/ConsultarProposta\/ConsultarProposta.do &gt; Clicar em \u201cAcesso livre\u201d; &gt; Em seguida, clicar em [&hellip;]\" \/>\n<meta property=\"og:url\" content=\"https:\/\/ww16.ce.gov.br\/secult\/institucional\/transparencia\/convenios-federais\/\" \/>\n<meta property=\"og:site_name\" content=\"Secult\" \/>\n<meta property=\"article:modified_time\" content=\"2026-04-07T13:21:07+00:00\" \/>\n<meta name=\"twitter:card\" content=\"summary_large_image\" \/>\n<meta name=\"twitter:label1\" content=\"Est. reading time\" \/>\n\t<meta name=\"twitter:data1\" content=\"3 minutos\" \/>\n<script type=\"application\/ld+json\" class=\"yoast-schema-graph\">{\"@context\":\"https:\/\/schema.org\",\"@graph\":[{\"@type\":\"WebPage\",\"@id\":\"https:\/\/ww16.ce.gov.br\/secult\/institucional\/transparencia\/convenios-federais\/\",\"url\":\"https:\/\/ww16.ce.gov.br\/secult\/institucional\/transparencia\/convenios-federais\/\",\"name\":\"Conv\u00eanios Federais - Secult\",\"isPartOf\":{\"@id\":\"https:\/\/ww16.ce.gov.br\/secult\/#website\"},\"datePublished\":\"2023-12-04T13:12:11+00:00\",\"dateModified\":\"2026-04-07T13:21:07+00:00\",\"breadcrumb\":{\"@id\":\"https:\/\/ww16.ce.gov.br\/secult\/institucional\/transparencia\/convenios-federais\/#breadcrumb\"},\"inLanguage\":\"pt-BR\",\"potentialAction\":[{\"@type\":\"ReadAction\",\"target\":[\"https:\/\/ww16.ce.gov.br\/secult\/institucional\/transparencia\/convenios-federais\/\"]}]},{\"@type\":\"BreadcrumbList\",\"@id\":\"https:\/\/ww16.ce.gov.br\/secult\/institucional\/transparencia\/convenios-federais\/#breadcrumb\",\"itemListElement\":[{\"@type\":\"ListItem\",\"position\":1,\"name\":\"In\u00edcio\",\"item\":\"https:\/\/ww16.ce.gov.br\/secult\/\"},{\"@type\":\"ListItem\",\"position\":2,\"name\":\"Institucional\",\"item\":\"https:\/\/ww16.ce.gov.br\/secult\/institucional\/\"},{\"@type\":\"ListItem\",\"position\":3,\"name\":\"Transpar\u00eancia\",\"item\":\"https:\/\/ww16.ce.gov.br\/secult\/institucional\/transparencia\/\"},{\"@type\":\"ListItem\",\"position\":4,\"name\":\"Conv\u00eanios Federais\"}]},{\"@type\":\"WebSite\",\"@id\":\"https:\/\/ww16.ce.gov.br\/secult\/#website\",\"url\":\"https:\/\/ww16.ce.gov.br\/secult\/\",\"name\":\"Secretaria da Cultura\",\"description\":\"Portal Secult\",\"publisher\":{\"@id\":\"https:\/\/ww16.ce.gov.br\/secult\/#organization\"},\"potentialAction\":[{\"@type\":\"SearchAction\",\"target\":{\"@type\":\"EntryPoint\",\"urlTemplate\":\"https:\/\/ww16.ce.gov.br\/secult\/?s={search_term_string}\"},\"query-input\":{\"@type\":\"PropertyValueSpecification\",\"valueRequired\":true,\"valueName\":\"search_term_string\"}}],\"inLanguage\":\"pt-BR\"},{\"@type\":\"Organization\",\"@id\":\"https:\/\/ww16.ce.gov.br\/secult\/#organization\",\"name\":\"Secretaria da Cultura\",\"url\":\"https:\/\/ww16.ce.gov.br\/secult\/\",\"logo\":{\"@type\":\"ImageObject\",\"inLanguage\":\"pt-BR\",\"@id\":\"https:\/\/ww16.ce.gov.br\/secult\/#\/schema\/logo\/image\/\",\"url\":\"http:\/\/ww16.ce.gov.br\/secult\/wp-content\/uploads\/sites\/43\/2018\/05\/secult-clara-3.png\",\"contentUrl\":\"http:\/\/ww16.ce.gov.br\/secult\/wp-content\/uploads\/sites\/43\/2018\/05\/secult-clara-3.png\",\"width\":559,\"height\":106,\"caption\":\"Secretaria da Cultura\"},\"image\":{\"@id\":\"https:\/\/ww16.ce.gov.br\/secult\/#\/schema\/logo\/image\/\"}}]}<\/script>\n<!-- \/ Yoast SEO plugin. -->","yoast_head_json":{"title":"Conv\u00eanios Federais - Secult","robots":{"index":"index","follow":"follow","max-snippet":"max-snippet:-1","max-image-preview":"max-image-preview:large","max-video-preview":"max-video-preview:-1"},"canonical":"https:\/\/ww16.ce.gov.br\/secult\/institucional\/transparencia\/convenios-federais\/","og_locale":"pt_BR","og_type":"article","og_title":"Conv\u00eanios Federais - Secult","og_description":"Em cumprimento ao Artigo 40 da Portaria Interministerial n\u00ba 424, de 30 de dezembro de 2016, confira a lista de Conv\u00eanios Federais e Contratos de Repasses com o Governo Federal. Para realizar o primeiro acesso, seguir os seguintes passos: &nbsp; &gt; Acessar o link: https:\/\/discricionarias.transferegov.sistema.gov.br\/voluntarias\/proposta\/ConsultarProposta\/ConsultarProposta.do &gt; Clicar em \u201cAcesso livre\u201d; &gt; Em seguida, clicar em [&hellip;]","og_url":"https:\/\/ww16.ce.gov.br\/secult\/institucional\/transparencia\/convenios-federais\/","og_site_name":"Secult","article_modified_time":"2026-04-07T13:21:07+00:00","twitter_card":"summary_large_image","twitter_misc":{"Est. reading time":"3 minutos"},"schema":{"@context":"https:\/\/schema.org","@graph":[{"@type":"WebPage","@id":"https:\/\/ww16.ce.gov.br\/secult\/institucional\/transparencia\/convenios-federais\/","url":"https:\/\/ww16.ce.gov.br\/secult\/institucional\/transparencia\/convenios-federais\/","name":"Conv\u00eanios Federais - Secult","isPartOf":{"@id":"https:\/\/ww16.ce.gov.br\/secult\/#website"},"datePublished":"2023-12-04T13:12:11+00:00","dateModified":"2026-04-07T13:21:07+00:00","breadcrumb":{"@id":"https:\/\/ww16.ce.gov.br\/secult\/institucional\/transparencia\/convenios-federais\/#breadcrumb"},"inLanguage":"pt-BR","potentialAction":[{"@type":"ReadAction","target":["https:\/\/ww16.ce.gov.br\/secult\/institucional\/transparencia\/convenios-federais\/"]}]},{"@type":"BreadcrumbList","@id":"https:\/\/ww16.ce.gov.br\/secult\/institucional\/transparencia\/convenios-federais\/#breadcrumb","itemListElement":[{"@type":"ListItem","position":1,"name":"In\u00edcio","item":"https:\/\/ww16.ce.gov.br\/secult\/"},{"@type":"ListItem","position":2,"name":"Institucional","item":"https:\/\/ww16.ce.gov.br\/secult\/institucional\/"},{"@type":"ListItem","position":3,"name":"Transpar\u00eancia","item":"https:\/\/ww16.ce.gov.br\/secult\/institucional\/transparencia\/"},{"@type":"ListItem","position":4,"name":"Conv\u00eanios Federais"}]},{"@type":"WebSite","@id":"https:\/\/ww16.ce.gov.br\/secult\/#website","url":"https:\/\/ww16.ce.gov.br\/secult\/","name":"Secretaria da Cultura","description":"Portal Secult","publisher":{"@id":"https:\/\/ww16.ce.gov.br\/secult\/#organization"},"potentialAction":[{"@type":"SearchAction","target":{"@type":"EntryPoint","urlTemplate":"https:\/\/ww16.ce.gov.br\/secult\/?s={search_term_string}"},"query-input":{"@type":"PropertyValueSpecification","valueRequired":true,"valueName":"search_term_string"}}],"inLanguage":"pt-BR"},{"@type":"Organization","@id":"https:\/\/ww16.ce.gov.br\/secult\/#organization","name":"Secretaria da Cultura","url":"https:\/\/ww16.ce.gov.br\/secult\/","logo":{"@type":"ImageObject","inLanguage":"pt-BR","@id":"https:\/\/ww16.ce.gov.br\/secult\/#\/schema\/logo\/image\/","url":"http:\/\/ww16.ce.gov.br\/secult\/wp-content\/uploads\/sites\/43\/2018\/05\/secult-clara-3.png","contentUrl":"http:\/\/ww16.ce.gov.br\/secult\/wp-content\/uploads\/sites\/43\/2018\/05\/secult-clara-3.png","width":559,"height":106,"caption":"Secretaria da Cultura"},"image":{"@id":"https:\/\/ww16.ce.gov.br\/secult\/#\/schema\/logo\/image\/"}}]}},"_links":{"self":[{"href":"https:\/\/ww16.ce.gov.br\/secult\/wp-json\/wp\/v2\/pages\/30454","targetHints":{"allow":["GET"]}}],"collection":[{"href":"https:\/\/ww16.ce.gov.br\/secult\/wp-json\/wp\/v2\/pages"}],"about":[{"href":"https:\/\/ww16.ce.gov.br\/secult\/wp-json\/wp\/v2\/types\/page"}],"author":[{"embeddable":true,"href":"https:\/\/ww16.ce.gov.br\/secult\/wp-json\/wp\/v2\/users\/816"}],"replies":[{"embeddable":true,"href":"https:\/\/ww16.ce.gov.br\/secult\/wp-json\/wp\/v2\/comments?post=30454"}],"version-history":[{"count":37,"href":"https:\/\/ww16.ce.gov.br\/secult\/wp-json\/wp\/v2\/pages\/30454\/revisions"}],"predecessor-version":[{"id":31038,"href":"https:\/\/ww16.ce.gov.br\/secult\/wp-json\/wp\/v2\/pages\/30454\/revisions\/31038"}],"up":[{"embeddable":true,"href":"https:\/\/ww16.ce.gov.br\/secult\/wp-json\/wp\/v2\/pages\/51527"}],"wp:attachment":[{"href":"https:\/\/ww16.ce.gov.br\/secult\/wp-json\/wp\/v2\/media?parent=30454"}],"curies":[{"name":"wp","href":"https:\/\/api.w.org\/{rel}","templated":true}]}}