{"id":30373,"date":"2023-11-30T14:33:22","date_gmt":"2023-11-30T17:33:22","guid":{"rendered":"http:\/\/ww16.ce.gov.br\/secult\/?page_id=30373"},"modified":"2026-04-07T16:28:51","modified_gmt":"2026-04-07T19:28:51","slug":"conferencias-municipais","status":"publish","type":"page","link":"https:\/\/ww16.ce.gov.br\/secult\/politica\/eixos\/gestao\/4a-cec\/conferencias-municipais\/","title":{"rendered":"Confer\u00eancias Municipais"},"content":{"rendered":"<h2><span style=\"color: #fc6836\"><strong>Cear\u00e1 lidera ranking nacional de Confer\u00eancias Municipais da Cultura realizadas em 2023<\/strong><\/span><\/h2>\n<p>&nbsp;<\/p>\n<p><i><span style=\"font-weight: 400\">Com 97% de todo territ\u00f3rio cearense atendido, Secult Cear\u00e1 promove o debate acerca de pol\u00edticas culturais com ampla participa\u00e7\u00e3o da sociedade<\/span><\/i><\/p>\n<p>&nbsp;<\/p>\n<p><span style=\"font-weight: 400\">O Cear\u00e1 testemunha uma vit\u00f3ria da mobiliza\u00e7\u00e3o protagonizada pelos seus dirigentes e conselhos municipais de cultura. Com 97% do territ\u00f3rio cearense atendido, o estado lidera o \u00edndice nacional de Confer\u00eancias Municipais da Cultura realizadas.<\/span><\/p>\n<p>&nbsp;<\/p>\n<p><span style=\"font-weight: 400\">Os encontros, orientados via Secretaria da Cultura do Cear\u00e1 (Secult Cear\u00e1), <\/span><span style=\"font-weight: 400\">viabilizam o debate entre sociedade civil e entes governamentais para a constru\u00e7\u00e3o coletiva de pol\u00edticas, programas e a\u00e7\u00f5es que devem ser desenvolvidas no setor pelos pr\u00f3ximos anos.<\/span><\/p>\n<p>&nbsp;<\/p>\n<p><span style=\"font-weight: 400\">Ao n\u00edvel municipal, o <\/span><span style=\"font-weight: 400\">poder p\u00fablico<\/span><span style=\"font-weight: 400\"> \u00e9 respons\u00e1vel pela convoca\u00e7\u00e3o, regulamenta\u00e7\u00e3o e realiza\u00e7\u00e3o da Confer\u00eancia Municipal de Cultura, contribuindo, assim, para garantir a participa\u00e7\u00e3o de seus delegados na Confer\u00eancia Estadual de Cultura.\u00a0\u00a0<\/span><\/p>\n<p>&nbsp;<\/p>\n<p><span style=\"font-weight: 400\">\u00c9 necess\u00e1rio que a elabora\u00e7\u00e3o do regulamento de cada cidade esteja alinhada com as diretrizes e crit\u00e9rios estabelecidos nos regimentos da 4\u00aa Confer\u00eancia Estadual de Cultura do Cear\u00e1 e 4\u00aa Confer\u00eancia Nacional de Cultura.<\/span><\/p>\n<p>&nbsp;<\/p>\n<p><span style=\"font-weight: 400\">Estar atento a estas exig\u00eancias \u00e9 fundamental para que o munic\u00edpio possa colaborar, de forma efetiva, no processo de constru\u00e7\u00e3o participativa das pol\u00edticas p\u00fablicas de cultura que ser\u00e3o empregadas em territ\u00f3rio cearense.<\/span><\/p>\n<p>&nbsp;<\/p>\n<h4><strong>Import\u00e2ncia<\/strong><\/h4>\n<p>&nbsp;<\/p>\n<p><span style=\"font-weight: 400\">As Confer\u00eancias Municipais s\u00e3o a primeira etapa de um processo nacional de constru\u00e7\u00e3o de pol\u00edticas culturais. Os delegados eleitos nesta etapa, somados aos eleitos nos Encontros Setoriais, promovido pela Secult Cear\u00e1, seguir\u00e3o para a 4\u00aa Confer\u00eancia Estadual de Cultura do Cear\u00e1 (CEC), que ocorre entre os dias 30 de novembro e 03 de dezembro, na Regi\u00e3o Metropolitana de Fortaleza, no SESC Iparana. Em 2023, a Confer\u00eancia Estadual acontece com o tema \u201cDemocracia e o exerc\u00edcio dos direitos culturais no Estado do Cear\u00e1\u201d.<\/span><\/p>\n<p>&nbsp;<\/p>\n<p><span style=\"font-weight: 400\">As Confer\u00eancias Estaduais, por sua vez, desaguam na 4\u00aa Confer\u00eancia Nacional de Cultura, que ser\u00e1 realizada de 04 a 08 de mar\u00e7o de 2024, em Bras\u00edlia, e levanta este ano a tem\u00e1tica \u201cDemocracia e Direito \u00e0 Cultura\u201d.<\/span><\/p>\n<p>&nbsp;<\/p>\n<hr \/>\n\n<!-- iframe plugin v.6.0 wordpress.org\/plugins\/iframe\/ -->\n<iframe loading=\"lazy\" src=\"https:\/\/flo.uri.sh\/visualisation\/15307185\/embed\" width=\"100%\" height=\"1000\" scrolling=\"yes\" class=\"iframe-class\" frameborder=\"0\"><\/iframe>\n\n","protected":false},"excerpt":{"rendered":"<p>Cear\u00e1 lidera ranking nacional de Confer\u00eancias Municipais da Cultura realizadas em 2023 &nbsp; Com 97% de todo territ\u00f3rio cearense atendido, Secult Cear\u00e1 promove o debate acerca de pol\u00edticas culturais com ampla participa\u00e7\u00e3o da sociedade &nbsp; O Cear\u00e1 testemunha uma vit\u00f3ria da mobiliza\u00e7\u00e3o protagonizada pelos seus dirigentes e conselhos municipais de cultura. Com 97% do territ\u00f3rio [&hellip;]<\/p>\n","protected":false},"author":816,"featured_media":0,"parent":36657,"menu_order":0,"comment_status":"closed","ping_status":"closed","template":"","meta":{"_acf_changed":false,"inline_featured_image":false,"footnotes":""},"class_list":["post-30373","page","type-page","status-publish","hentry"],"acf":[],"yoast_head":"<!-- This site is optimized with the Yoast SEO plugin v26.9 - https:\/\/yoast.com\/product\/yoast-seo-wordpress\/ -->\n<title>Confer\u00eancias Municipais - Secult<\/title>\n<meta name=\"robots\" content=\"index, follow, max-snippet:-1, max-image-preview:large, max-video-preview:-1\" \/>\n<link rel=\"canonical\" href=\"https:\/\/ww16.ce.gov.br\/secult\/politica\/eixos\/gestao\/4a-cec\/conferencias-municipais\/\" \/>\n<meta property=\"og:locale\" content=\"pt_BR\" \/>\n<meta property=\"og:type\" content=\"article\" \/>\n<meta property=\"og:title\" content=\"Confer\u00eancias Municipais - Secult\" \/>\n<meta property=\"og:description\" content=\"Cear\u00e1 lidera ranking nacional de Confer\u00eancias Municipais da Cultura realizadas em 2023 &nbsp; Com 97% de todo territ\u00f3rio cearense atendido, Secult Cear\u00e1 promove o debate acerca de pol\u00edticas culturais com ampla participa\u00e7\u00e3o da sociedade &nbsp; O Cear\u00e1 testemunha uma vit\u00f3ria da mobiliza\u00e7\u00e3o protagonizada pelos seus dirigentes e conselhos municipais de cultura. Com 97% do territ\u00f3rio [&hellip;]\" \/>\n<meta property=\"og:url\" content=\"https:\/\/ww16.ce.gov.br\/secult\/politica\/eixos\/gestao\/4a-cec\/conferencias-municipais\/\" \/>\n<meta property=\"og:site_name\" content=\"Secult\" \/>\n<meta property=\"article:modified_time\" content=\"2026-04-07T19:28:51+00:00\" \/>\n<meta name=\"twitter:card\" content=\"summary_large_image\" \/>\n<meta name=\"twitter:label1\" content=\"Est. reading time\" \/>\n\t<meta name=\"twitter:data1\" content=\"2 minutos\" \/>\n<script type=\"application\/ld+json\" class=\"yoast-schema-graph\">{\"@context\":\"https:\/\/schema.org\",\"@graph\":[{\"@type\":\"WebPage\",\"@id\":\"https:\/\/ww16.ce.gov.br\/secult\/politica\/eixos\/gestao\/4a-cec\/conferencias-municipais\/\",\"url\":\"https:\/\/ww16.ce.gov.br\/secult\/politica\/eixos\/gestao\/4a-cec\/conferencias-municipais\/\",\"name\":\"Confer\u00eancias Municipais - Secult\",\"isPartOf\":{\"@id\":\"https:\/\/ww16.ce.gov.br\/secult\/#website\"},\"datePublished\":\"2023-11-30T17:33:22+00:00\",\"dateModified\":\"2026-04-07T19:28:51+00:00\",\"breadcrumb\":{\"@id\":\"https:\/\/ww16.ce.gov.br\/secult\/politica\/eixos\/gestao\/4a-cec\/conferencias-municipais\/#breadcrumb\"},\"inLanguage\":\"pt-BR\",\"potentialAction\":[{\"@type\":\"ReadAction\",\"target\":[\"https:\/\/ww16.ce.gov.br\/secult\/politica\/eixos\/gestao\/4a-cec\/conferencias-municipais\/\"]}]},{\"@type\":\"BreadcrumbList\",\"@id\":\"https:\/\/ww16.ce.gov.br\/secult\/politica\/eixos\/gestao\/4a-cec\/conferencias-municipais\/#breadcrumb\",\"itemListElement\":[{\"@type\":\"ListItem\",\"position\":1,\"name\":\"In\u00edcio\",\"item\":\"https:\/\/ww16.ce.gov.br\/secult\/\"},{\"@type\":\"ListItem\",\"position\":2,\"name\":\"Pol\u00edtica\",\"item\":\"https:\/\/ww16.ce.gov.br\/secult\/politica\/\"},{\"@type\":\"ListItem\",\"position\":3,\"name\":\"Eixos\",\"item\":\"https:\/\/ww16.ce.gov.br\/secult\/politica\/eixos\/\"},{\"@type\":\"ListItem\",\"position\":4,\"name\":\"Governan\u00e7a, Institucionalidade e Gest\u00e3o\",\"item\":\"https:\/\/ww16.ce.gov.br\/secult\/politica\/eixos\/gestao\/\"},{\"@type\":\"ListItem\",\"position\":5,\"name\":\"4\u00aa Confer\u00eancia Estadual de Cultura do Cear\u00e1\",\"item\":\"https:\/\/ww16.ce.gov.br\/secult\/politica\/eixos\/gestao\/4a-cec\/\"},{\"@type\":\"ListItem\",\"position\":6,\"name\":\"Confer\u00eancias Municipais\"}]},{\"@type\":\"WebSite\",\"@id\":\"https:\/\/ww16.ce.gov.br\/secult\/#website\",\"url\":\"https:\/\/ww16.ce.gov.br\/secult\/\",\"name\":\"Secretaria da Cultura\",\"description\":\"Portal Secult\",\"publisher\":{\"@id\":\"https:\/\/ww16.ce.gov.br\/secult\/#organization\"},\"potentialAction\":[{\"@type\":\"SearchAction\",\"target\":{\"@type\":\"EntryPoint\",\"urlTemplate\":\"https:\/\/ww16.ce.gov.br\/secult\/?s={search_term_string}\"},\"query-input\":{\"@type\":\"PropertyValueSpecification\",\"valueRequired\":true,\"valueName\":\"search_term_string\"}}],\"inLanguage\":\"pt-BR\"},{\"@type\":\"Organization\",\"@id\":\"https:\/\/ww16.ce.gov.br\/secult\/#organization\",\"name\":\"Secretaria da Cultura\",\"url\":\"https:\/\/ww16.ce.gov.br\/secult\/\",\"logo\":{\"@type\":\"ImageObject\",\"inLanguage\":\"pt-BR\",\"@id\":\"https:\/\/ww16.ce.gov.br\/secult\/#\/schema\/logo\/image\/\",\"url\":\"http:\/\/ww16.ce.gov.br\/secult\/wp-content\/uploads\/sites\/43\/2018\/05\/secult-clara-3.png\",\"contentUrl\":\"http:\/\/ww16.ce.gov.br\/secult\/wp-content\/uploads\/sites\/43\/2018\/05\/secult-clara-3.png\",\"width\":559,\"height\":106,\"caption\":\"Secretaria da Cultura\"},\"image\":{\"@id\":\"https:\/\/ww16.ce.gov.br\/secult\/#\/schema\/logo\/image\/\"}}]}<\/script>\n<!-- \/ Yoast SEO plugin. -->","yoast_head_json":{"title":"Confer\u00eancias Municipais - Secult","robots":{"index":"index","follow":"follow","max-snippet":"max-snippet:-1","max-image-preview":"max-image-preview:large","max-video-preview":"max-video-preview:-1"},"canonical":"https:\/\/ww16.ce.gov.br\/secult\/politica\/eixos\/gestao\/4a-cec\/conferencias-municipais\/","og_locale":"pt_BR","og_type":"article","og_title":"Confer\u00eancias Municipais - Secult","og_description":"Cear\u00e1 lidera ranking nacional de Confer\u00eancias Municipais da Cultura realizadas em 2023 &nbsp; Com 97% de todo territ\u00f3rio cearense atendido, Secult Cear\u00e1 promove o debate acerca de pol\u00edticas culturais com ampla participa\u00e7\u00e3o da sociedade &nbsp; O Cear\u00e1 testemunha uma vit\u00f3ria da mobiliza\u00e7\u00e3o protagonizada pelos seus dirigentes e conselhos municipais de cultura. Com 97% do territ\u00f3rio [&hellip;]","og_url":"https:\/\/ww16.ce.gov.br\/secult\/politica\/eixos\/gestao\/4a-cec\/conferencias-municipais\/","og_site_name":"Secult","article_modified_time":"2026-04-07T19:28:51+00:00","twitter_card":"summary_large_image","twitter_misc":{"Est. reading time":"2 minutos"},"schema":{"@context":"https:\/\/schema.org","@graph":[{"@type":"WebPage","@id":"https:\/\/ww16.ce.gov.br\/secult\/politica\/eixos\/gestao\/4a-cec\/conferencias-municipais\/","url":"https:\/\/ww16.ce.gov.br\/secult\/politica\/eixos\/gestao\/4a-cec\/conferencias-municipais\/","name":"Confer\u00eancias Municipais - Secult","isPartOf":{"@id":"https:\/\/ww16.ce.gov.br\/secult\/#website"},"datePublished":"2023-11-30T17:33:22+00:00","dateModified":"2026-04-07T19:28:51+00:00","breadcrumb":{"@id":"https:\/\/ww16.ce.gov.br\/secult\/politica\/eixos\/gestao\/4a-cec\/conferencias-municipais\/#breadcrumb"},"inLanguage":"pt-BR","potentialAction":[{"@type":"ReadAction","target":["https:\/\/ww16.ce.gov.br\/secult\/politica\/eixos\/gestao\/4a-cec\/conferencias-municipais\/"]}]},{"@type":"BreadcrumbList","@id":"https:\/\/ww16.ce.gov.br\/secult\/politica\/eixos\/gestao\/4a-cec\/conferencias-municipais\/#breadcrumb","itemListElement":[{"@type":"ListItem","position":1,"name":"In\u00edcio","item":"https:\/\/ww16.ce.gov.br\/secult\/"},{"@type":"ListItem","position":2,"name":"Pol\u00edtica","item":"https:\/\/ww16.ce.gov.br\/secult\/politica\/"},{"@type":"ListItem","position":3,"name":"Eixos","item":"https:\/\/ww16.ce.gov.br\/secult\/politica\/eixos\/"},{"@type":"ListItem","position":4,"name":"Governan\u00e7a, Institucionalidade e Gest\u00e3o","item":"https:\/\/ww16.ce.gov.br\/secult\/politica\/eixos\/gestao\/"},{"@type":"ListItem","position":5,"name":"4\u00aa Confer\u00eancia Estadual de Cultura do Cear\u00e1","item":"https:\/\/ww16.ce.gov.br\/secult\/politica\/eixos\/gestao\/4a-cec\/"},{"@type":"ListItem","position":6,"name":"Confer\u00eancias Municipais"}]},{"@type":"WebSite","@id":"https:\/\/ww16.ce.gov.br\/secult\/#website","url":"https:\/\/ww16.ce.gov.br\/secult\/","name":"Secretaria da Cultura","description":"Portal Secult","publisher":{"@id":"https:\/\/ww16.ce.gov.br\/secult\/#organization"},"potentialAction":[{"@type":"SearchAction","target":{"@type":"EntryPoint","urlTemplate":"https:\/\/ww16.ce.gov.br\/secult\/?s={search_term_string}"},"query-input":{"@type":"PropertyValueSpecification","valueRequired":true,"valueName":"search_term_string"}}],"inLanguage":"pt-BR"},{"@type":"Organization","@id":"https:\/\/ww16.ce.gov.br\/secult\/#organization","name":"Secretaria da Cultura","url":"https:\/\/ww16.ce.gov.br\/secult\/","logo":{"@type":"ImageObject","inLanguage":"pt-BR","@id":"https:\/\/ww16.ce.gov.br\/secult\/#\/schema\/logo\/image\/","url":"http:\/\/ww16.ce.gov.br\/secult\/wp-content\/uploads\/sites\/43\/2018\/05\/secult-clara-3.png","contentUrl":"http:\/\/ww16.ce.gov.br\/secult\/wp-content\/uploads\/sites\/43\/2018\/05\/secult-clara-3.png","width":559,"height":106,"caption":"Secretaria da Cultura"},"image":{"@id":"https:\/\/ww16.ce.gov.br\/secult\/#\/schema\/logo\/image\/"}}]}},"_links":{"self":[{"href":"https:\/\/ww16.ce.gov.br\/secult\/wp-json\/wp\/v2\/pages\/30373","targetHints":{"allow":["GET"]}}],"collection":[{"href":"https:\/\/ww16.ce.gov.br\/secult\/wp-json\/wp\/v2\/pages"}],"about":[{"href":"https:\/\/ww16.ce.gov.br\/secult\/wp-json\/wp\/v2\/types\/page"}],"author":[{"embeddable":true,"href":"https:\/\/ww16.ce.gov.br\/secult\/wp-json\/wp\/v2\/users\/816"}],"replies":[{"embeddable":true,"href":"https:\/\/ww16.ce.gov.br\/secult\/wp-json\/wp\/v2\/comments?post=30373"}],"version-history":[{"count":4,"href":"https:\/\/ww16.ce.gov.br\/secult\/wp-json\/wp\/v2\/pages\/30373\/revisions"}],"predecessor-version":[{"id":30378,"href":"https:\/\/ww16.ce.gov.br\/secult\/wp-json\/wp\/v2\/pages\/30373\/revisions\/30378"}],"up":[{"embeddable":true,"href":"https:\/\/ww16.ce.gov.br\/secult\/wp-json\/wp\/v2\/pages\/36657"}],"wp:attachment":[{"href":"https:\/\/ww16.ce.gov.br\/secult\/wp-json\/wp\/v2\/media?parent=30373"}],"curies":[{"name":"wp","href":"https:\/\/api.w.org\/{rel}","templated":true}]}}