{"id":25818,"date":"2023-04-27T11:12:30","date_gmt":"2023-04-27T14:12:30","guid":{"rendered":"http:\/\/ww16.ce.gov.br\/secult\/?page_id=25818"},"modified":"2026-02-26T16:23:00","modified_gmt":"2026-02-26T19:23:00","slug":"perguntas-frequentes","status":"publish","type":"page","link":"https:\/\/ww16.ce.gov.br\/secult\/perguntas-frequentes\/","title":{"rendered":"Perguntas frequentes"},"content":{"rendered":"\n<div class=\"wp-block-cegovbr-titulo-personalizado cegovbr-titulo-personalizado\"><div class=\"cegovbr-titulo-header\"><span class=\"material-symbols-outlined cegovbr-titulo-icon\">search<\/span><h6 class=\"cegovbr-titulo-text\">Pedidos de informa\u00e7\u00f5es sobre inscri\u00e7\u00f5es e regulamento dos Editais da Secult.<\/h6><\/div><\/div>\n\n\n\n<p class=\"is-style-justified\">As informa\u00e7\u00f5es sobre as inscri\u00e7\u00f5es e os regulamentos dos editais podem ser acessados pelo site de Editais da Secult: <a href=\"https:\/\/www.editais.cultura.ce.gov.br\/\">editais.cultura.ce.gov.br<\/a>.<\/p>\n\n\n\n<div style=\"height:46px\" aria-hidden=\"true\" class=\"wp-block-spacer\"><\/div>\n\n\n\n<div class=\"wp-block-cegovbr-titulo-personalizado cegovbr-titulo-personalizado\"><div class=\"cegovbr-titulo-header\"><span class=\"material-symbols-outlined cegovbr-titulo-icon\">schedule<\/span><h6 class=\"cegovbr-titulo-text\">Pedidos de informa\u00e7\u00e3o sobre os hor\u00e1rios e dias de funcionamento dos Equipamentos Culturais da Secult.<\/h6><\/div><\/div>\n\n\n\n<p class=\"is-style-justified\">Os hor\u00e1rios de funcionamento dos equipamentos da Secretaria da Cultura podem ser acessados pelo pr\u00f3prio site da Secult, no menu &#8220;Institucional&#8221;, na aba \u201cRede P\u00fablica de Espa\u00e7o e Equipamentos Culturais do Cear\u00e1 (Rece)\u201d: <a href=\"https:\/\/ww16.ce.gov.br\/secult\/rece\/\" id=\"https:\/\/ww16.ce.gov.br\/secult\/rece\/\">www.ce.gov.br\/secult\/rece\/<\/a>.<\/p>\n\n\n\n<div style=\"height:46px\" aria-hidden=\"true\" class=\"wp-block-spacer\"><\/div>\n\n\n\n<div class=\"wp-block-cegovbr-titulo-personalizado cegovbr-titulo-personalizado\"><div class=\"cegovbr-titulo-header\"><span class=\"material-symbols-outlined cegovbr-titulo-icon\">person<\/span><h6 class=\"cegovbr-titulo-text\">Pedidos de audi\u00eancia com os gestores da secretaria da Cultura.<\/h6><\/div><\/div>\n\n\n\n<p class=\"is-style-justified\">As reuni\u00f5es com os gestores da Secult podem ser marcadas com a Assessoria de Gabinete, pelo n\u00famero (85) 3101-6744.<\/p>\n\n\n\n<div style=\"height:46px\" aria-hidden=\"true\" class=\"wp-block-spacer\"><\/div>\n\n\n\n<div class=\"wp-block-cegovbr-titulo-personalizado cegovbr-titulo-personalizado\"><div class=\"cegovbr-titulo-header\"><span class=\"material-symbols-outlined cegovbr-titulo-icon\">attach_money<\/span><h6 class=\"cegovbr-titulo-text\">Pedidos de patroc\u00ednio para eventos culturais no Cear\u00e1.<\/h6><\/div><\/div>\n\n\n\n<p class=\"is-style-justified\">Os apoios da Secult a eventos e projetos culturais acontecem por meio de Editais lan\u00e7ados anualmente. Para acessar as informa\u00e7\u00f5es sobre os editais, basta acessar o site <a href=\"https:\/\/www.editais.cultura.ce.gov.br\/\" id=\"https:\/\/www.editais.cultura.ce.gov.br\/\">editais.cultura.ce.gov.br<\/a>.<\/p>\n\n\n\n<div style=\"height:46px\" aria-hidden=\"true\" class=\"wp-block-spacer\"><\/div>\n\n\n\n<div class=\"wp-block-cegovbr-titulo-personalizado cegovbr-titulo-personalizado\"><div class=\"cegovbr-titulo-header\"><span class=\"material-symbols-outlined cegovbr-titulo-icon\">apartment<\/span><h6 class=\"cegovbr-titulo-text\">Pedidos de informa\u00e7\u00f5es sobre patrim\u00f4nio e bens tombados do Estado do Cear\u00e1.<\/h6><\/div><\/div>\n\n\n\n<p class=\"is-style-justified\">As informa\u00e7\u00f5es sobre patrim\u00f4nio e bens tombados podem ser conferidas diretamente com a Coordenadoria de Patrim\u00f4nio Cultural e Mem\u00f3ria, pelo telefone (85) 3101-6787 e pelo e-mail copam@secult.ce.gov.br.<\/p>\n","protected":false},"excerpt":{"rendered":"<p>As informa\u00e7\u00f5es sobre as inscri\u00e7\u00f5es e os regulamentos dos editais podem ser acessados pelo site de Editais da Secult: editais.cultura.ce.gov.br. Os hor\u00e1rios de funcionamento dos equipamentos da Secretaria da Cultura podem ser acessados pelo pr\u00f3prio site da Secult, no menu &#8220;Institucional&#8221;, na aba \u201cRede P\u00fablica de Espa\u00e7o e Equipamentos Culturais do Cear\u00e1 (Rece)\u201d: www.ce.gov.br\/secult\/rece\/. As [&hellip;]<\/p>\n","protected":false},"author":708,"featured_media":0,"parent":0,"menu_order":0,"comment_status":"closed","ping_status":"closed","template":"page-perguntas-frequentes.php","meta":{"_acf_changed":false,"inline_featured_image":false,"footnotes":""},"class_list":["post-25818","page","type-page","status-publish","hentry"],"acf":[],"yoast_head":"<!-- This site is optimized with the Yoast SEO plugin v26.9 - https:\/\/yoast.com\/product\/yoast-seo-wordpress\/ -->\n<title>Perguntas frequentes - Secult<\/title>\n<meta name=\"robots\" content=\"index, follow, max-snippet:-1, max-image-preview:large, max-video-preview:-1\" \/>\n<link rel=\"canonical\" href=\"https:\/\/ww16.ce.gov.br\/secult\/perguntas-frequentes\/\" \/>\n<meta property=\"og:locale\" content=\"pt_BR\" \/>\n<meta property=\"og:type\" content=\"article\" \/>\n<meta property=\"og:title\" content=\"Perguntas frequentes - Secult\" \/>\n<meta property=\"og:description\" content=\"As informa\u00e7\u00f5es sobre as inscri\u00e7\u00f5es e os regulamentos dos editais podem ser acessados pelo site de Editais da Secult: editais.cultura.ce.gov.br. Os hor\u00e1rios de funcionamento dos equipamentos da Secretaria da Cultura podem ser acessados pelo pr\u00f3prio site da Secult, no menu &#8220;Institucional&#8221;, na aba \u201cRede P\u00fablica de Espa\u00e7o e Equipamentos Culturais do Cear\u00e1 (Rece)\u201d: www.ce.gov.br\/secult\/rece\/. As [&hellip;]\" \/>\n<meta property=\"og:url\" content=\"https:\/\/ww16.ce.gov.br\/secult\/perguntas-frequentes\/\" \/>\n<meta property=\"og:site_name\" content=\"Secult\" \/>\n<meta property=\"article:modified_time\" content=\"2026-02-26T19:23:00+00:00\" \/>\n<meta name=\"twitter:card\" content=\"summary_large_image\" \/>\n<meta name=\"twitter:label1\" content=\"Est. reading time\" \/>\n\t<meta name=\"twitter:data1\" content=\"2 minutos\" \/>\n<script type=\"application\/ld+json\" class=\"yoast-schema-graph\">{\"@context\":\"https:\/\/schema.org\",\"@graph\":[{\"@type\":\"WebPage\",\"@id\":\"https:\/\/ww16.ce.gov.br\/secult\/perguntas-frequentes\/\",\"url\":\"https:\/\/ww16.ce.gov.br\/secult\/perguntas-frequentes\/\",\"name\":\"Perguntas frequentes - Secult\",\"isPartOf\":{\"@id\":\"https:\/\/ww16.ce.gov.br\/secult\/#website\"},\"datePublished\":\"2023-04-27T14:12:30+00:00\",\"dateModified\":\"2026-02-26T19:23:00+00:00\",\"breadcrumb\":{\"@id\":\"https:\/\/ww16.ce.gov.br\/secult\/perguntas-frequentes\/#breadcrumb\"},\"inLanguage\":\"pt-BR\",\"potentialAction\":[{\"@type\":\"ReadAction\",\"target\":[\"https:\/\/ww16.ce.gov.br\/secult\/perguntas-frequentes\/\"]}]},{\"@type\":\"BreadcrumbList\",\"@id\":\"https:\/\/ww16.ce.gov.br\/secult\/perguntas-frequentes\/#breadcrumb\",\"itemListElement\":[{\"@type\":\"ListItem\",\"position\":1,\"name\":\"In\u00edcio\",\"item\":\"https:\/\/ww16.ce.gov.br\/secult\/\"},{\"@type\":\"ListItem\",\"position\":2,\"name\":\"Perguntas frequentes\"}]},{\"@type\":\"WebSite\",\"@id\":\"https:\/\/ww16.ce.gov.br\/secult\/#website\",\"url\":\"https:\/\/ww16.ce.gov.br\/secult\/\",\"name\":\"Secretaria da Cultura\",\"description\":\"Portal Secult\",\"publisher\":{\"@id\":\"https:\/\/ww16.ce.gov.br\/secult\/#organization\"},\"potentialAction\":[{\"@type\":\"SearchAction\",\"target\":{\"@type\":\"EntryPoint\",\"urlTemplate\":\"https:\/\/ww16.ce.gov.br\/secult\/?s={search_term_string}\"},\"query-input\":{\"@type\":\"PropertyValueSpecification\",\"valueRequired\":true,\"valueName\":\"search_term_string\"}}],\"inLanguage\":\"pt-BR\"},{\"@type\":\"Organization\",\"@id\":\"https:\/\/ww16.ce.gov.br\/secult\/#organization\",\"name\":\"Secretaria da Cultura\",\"url\":\"https:\/\/ww16.ce.gov.br\/secult\/\",\"logo\":{\"@type\":\"ImageObject\",\"inLanguage\":\"pt-BR\",\"@id\":\"https:\/\/ww16.ce.gov.br\/secult\/#\/schema\/logo\/image\/\",\"url\":\"http:\/\/ww16.ce.gov.br\/secult\/wp-content\/uploads\/sites\/43\/2018\/05\/secult-clara-3.png\",\"contentUrl\":\"http:\/\/ww16.ce.gov.br\/secult\/wp-content\/uploads\/sites\/43\/2018\/05\/secult-clara-3.png\",\"width\":559,\"height\":106,\"caption\":\"Secretaria da Cultura\"},\"image\":{\"@id\":\"https:\/\/ww16.ce.gov.br\/secult\/#\/schema\/logo\/image\/\"}}]}<\/script>\n<!-- \/ Yoast SEO plugin. -->","yoast_head_json":{"title":"Perguntas frequentes - Secult","robots":{"index":"index","follow":"follow","max-snippet":"max-snippet:-1","max-image-preview":"max-image-preview:large","max-video-preview":"max-video-preview:-1"},"canonical":"https:\/\/ww16.ce.gov.br\/secult\/perguntas-frequentes\/","og_locale":"pt_BR","og_type":"article","og_title":"Perguntas frequentes - Secult","og_description":"As informa\u00e7\u00f5es sobre as inscri\u00e7\u00f5es e os regulamentos dos editais podem ser acessados pelo site de Editais da Secult: editais.cultura.ce.gov.br. Os hor\u00e1rios de funcionamento dos equipamentos da Secretaria da Cultura podem ser acessados pelo pr\u00f3prio site da Secult, no menu &#8220;Institucional&#8221;, na aba \u201cRede P\u00fablica de Espa\u00e7o e Equipamentos Culturais do Cear\u00e1 (Rece)\u201d: www.ce.gov.br\/secult\/rece\/. As [&hellip;]","og_url":"https:\/\/ww16.ce.gov.br\/secult\/perguntas-frequentes\/","og_site_name":"Secult","article_modified_time":"2026-02-26T19:23:00+00:00","twitter_card":"summary_large_image","twitter_misc":{"Est. reading time":"2 minutos"},"schema":{"@context":"https:\/\/schema.org","@graph":[{"@type":"WebPage","@id":"https:\/\/ww16.ce.gov.br\/secult\/perguntas-frequentes\/","url":"https:\/\/ww16.ce.gov.br\/secult\/perguntas-frequentes\/","name":"Perguntas frequentes - Secult","isPartOf":{"@id":"https:\/\/ww16.ce.gov.br\/secult\/#website"},"datePublished":"2023-04-27T14:12:30+00:00","dateModified":"2026-02-26T19:23:00+00:00","breadcrumb":{"@id":"https:\/\/ww16.ce.gov.br\/secult\/perguntas-frequentes\/#breadcrumb"},"inLanguage":"pt-BR","potentialAction":[{"@type":"ReadAction","target":["https:\/\/ww16.ce.gov.br\/secult\/perguntas-frequentes\/"]}]},{"@type":"BreadcrumbList","@id":"https:\/\/ww16.ce.gov.br\/secult\/perguntas-frequentes\/#breadcrumb","itemListElement":[{"@type":"ListItem","position":1,"name":"In\u00edcio","item":"https:\/\/ww16.ce.gov.br\/secult\/"},{"@type":"ListItem","position":2,"name":"Perguntas frequentes"}]},{"@type":"WebSite","@id":"https:\/\/ww16.ce.gov.br\/secult\/#website","url":"https:\/\/ww16.ce.gov.br\/secult\/","name":"Secretaria da Cultura","description":"Portal Secult","publisher":{"@id":"https:\/\/ww16.ce.gov.br\/secult\/#organization"},"potentialAction":[{"@type":"SearchAction","target":{"@type":"EntryPoint","urlTemplate":"https:\/\/ww16.ce.gov.br\/secult\/?s={search_term_string}"},"query-input":{"@type":"PropertyValueSpecification","valueRequired":true,"valueName":"search_term_string"}}],"inLanguage":"pt-BR"},{"@type":"Organization","@id":"https:\/\/ww16.ce.gov.br\/secult\/#organization","name":"Secretaria da Cultura","url":"https:\/\/ww16.ce.gov.br\/secult\/","logo":{"@type":"ImageObject","inLanguage":"pt-BR","@id":"https:\/\/ww16.ce.gov.br\/secult\/#\/schema\/logo\/image\/","url":"http:\/\/ww16.ce.gov.br\/secult\/wp-content\/uploads\/sites\/43\/2018\/05\/secult-clara-3.png","contentUrl":"http:\/\/ww16.ce.gov.br\/secult\/wp-content\/uploads\/sites\/43\/2018\/05\/secult-clara-3.png","width":559,"height":106,"caption":"Secretaria da Cultura"},"image":{"@id":"https:\/\/ww16.ce.gov.br\/secult\/#\/schema\/logo\/image\/"}}]}},"_links":{"self":[{"href":"https:\/\/ww16.ce.gov.br\/secult\/wp-json\/wp\/v2\/pages\/25818","targetHints":{"allow":["GET"]}}],"collection":[{"href":"https:\/\/ww16.ce.gov.br\/secult\/wp-json\/wp\/v2\/pages"}],"about":[{"href":"https:\/\/ww16.ce.gov.br\/secult\/wp-json\/wp\/v2\/types\/page"}],"author":[{"embeddable":true,"href":"https:\/\/ww16.ce.gov.br\/secult\/wp-json\/wp\/v2\/users\/708"}],"replies":[{"embeddable":true,"href":"https:\/\/ww16.ce.gov.br\/secult\/wp-json\/wp\/v2\/comments?post=25818"}],"version-history":[{"count":6,"href":"https:\/\/ww16.ce.gov.br\/secult\/wp-json\/wp\/v2\/pages\/25818\/revisions"}],"predecessor-version":[{"id":51382,"href":"https:\/\/ww16.ce.gov.br\/secult\/wp-json\/wp\/v2\/pages\/25818\/revisions\/51382"}],"wp:attachment":[{"href":"https:\/\/ww16.ce.gov.br\/secult\/wp-json\/wp\/v2\/media?parent=25818"}],"curies":[{"name":"wp","href":"https:\/\/api.w.org\/{rel}","templated":true}]}}