{"id":25381,"date":"2023-03-30T16:10:47","date_gmt":"2023-03-30T19:10:47","guid":{"rendered":"http:\/\/ww16.ce.gov.br\/secult\/?page_id=25381"},"modified":"2023-10-25T15:12:23","modified_gmt":"2023-10-25T18:12:23","slug":"lei-paulo-gustavo-ceara","status":"publish","type":"page","link":"https:\/\/ww16.ce.gov.br\/secult\/lei-paulo-gustavo-ceara\/","title":{"rendered":"Lei Paulo Gustavo Cear\u00e1"},"content":{"rendered":"<h2><span style=\"color: #fc6836\"><strong>Voc\u00ea conhece a Lei Paulo Gustavo?<\/strong><\/span><\/h2>\n<p>&nbsp;<\/p>\n<ul>\n<li>\n<h2><strong><a href=\"https:\/\/leipaulogustavo.secult.ce.gov.br\/\">Site Lei Paulo Gustavo Cear\u00e1<\/a><\/strong><\/h2>\n<\/li>\n<\/ul>\n<p>A Lei Complementar n\u00ba 195\/2022, conhecida como Lei Paulo Gustavo (LPG), disp\u00f5e sobre a destina\u00e7\u00e3o de recursos financeiros da Uni\u00e3o para estados, Distrito Federal e munic\u00edpios, a fim de que os referidos entes possam realizar editais, chamamentos p\u00fablicos, pr\u00eamios ou quaisquer outras formas de sele\u00e7\u00e3o p\u00fablica na \u00e1rea cultural.<\/p>\n<p>&nbsp;<\/p>\n<ul class=\"ListaEst -Verde col2\" style=\"font-weight: bold\">\n<li><a href=\"https:\/\/ww16.ce.gov.br\/secult\/wp-content\/uploads\/sites\/83\/2023\/04\/Nota-Tecnica-Lei-Paulo-Gustavo-apoio-aos-municipios.pdf\"> Nota T\u00e9cnica &#8211; apoio aos munic\u00edpios<\/a><\/li>\n<\/ul>\n","protected":false},"excerpt":{"rendered":"<p>Voc\u00ea conhece a Lei Paulo Gustavo? &nbsp; Site Lei Paulo Gustavo Cear\u00e1 A Lei Complementar n\u00ba 195\/2022, conhecida como Lei Paulo Gustavo (LPG), disp\u00f5e sobre a destina\u00e7\u00e3o de recursos financeiros da Uni\u00e3o para estados, Distrito Federal e munic\u00edpios, a fim de que os referidos entes possam realizar editais, chamamentos p\u00fablicos, pr\u00eamios ou quaisquer outras formas [&hellip;]<\/p>\n","protected":false},"author":708,"featured_media":0,"parent":0,"menu_order":0,"comment_status":"closed","ping_status":"closed","template":"","meta":{"_acf_changed":false,"inline_featured_image":false,"footnotes":""},"class_list":["post-25381","page","type-page","status-publish","hentry"],"acf":[],"yoast_head":"<!-- This site is optimized with the Yoast SEO plugin v26.9 - https:\/\/yoast.com\/product\/yoast-seo-wordpress\/ -->\n<title>Lei Paulo Gustavo Cear\u00e1 - Secult<\/title>\n<meta name=\"robots\" content=\"index, follow, max-snippet:-1, max-image-preview:large, max-video-preview:-1\" \/>\n<link rel=\"canonical\" href=\"https:\/\/ww16.ce.gov.br\/secult\/lei-paulo-gustavo-ceara\/\" \/>\n<meta property=\"og:locale\" content=\"pt_BR\" \/>\n<meta property=\"og:type\" content=\"article\" \/>\n<meta property=\"og:title\" content=\"Lei Paulo Gustavo Cear\u00e1 - Secult\" \/>\n<meta property=\"og:description\" content=\"Voc\u00ea conhece a Lei Paulo Gustavo? &nbsp; Site Lei Paulo Gustavo Cear\u00e1 A Lei Complementar n\u00ba 195\/2022, conhecida como Lei Paulo Gustavo (LPG), disp\u00f5e sobre a destina\u00e7\u00e3o de recursos financeiros da Uni\u00e3o para estados, Distrito Federal e munic\u00edpios, a fim de que os referidos entes possam realizar editais, chamamentos p\u00fablicos, pr\u00eamios ou quaisquer outras formas [&hellip;]\" \/>\n<meta property=\"og:url\" content=\"https:\/\/ww16.ce.gov.br\/secult\/lei-paulo-gustavo-ceara\/\" \/>\n<meta property=\"og:site_name\" content=\"Secult\" \/>\n<meta property=\"article:modified_time\" content=\"2023-10-25T18:12:23+00:00\" \/>\n<meta name=\"twitter:card\" content=\"summary_large_image\" \/>\n<meta name=\"twitter:label1\" content=\"Est. reading time\" \/>\n\t<meta name=\"twitter:data1\" content=\"1 minuto\" \/>\n<script type=\"application\/ld+json\" class=\"yoast-schema-graph\">{\"@context\":\"https:\/\/schema.org\",\"@graph\":[{\"@type\":\"WebPage\",\"@id\":\"https:\/\/ww16.ce.gov.br\/secult\/lei-paulo-gustavo-ceara\/\",\"url\":\"https:\/\/ww16.ce.gov.br\/secult\/lei-paulo-gustavo-ceara\/\",\"name\":\"Lei Paulo Gustavo Cear\u00e1 - Secult\",\"isPartOf\":{\"@id\":\"https:\/\/ww16.ce.gov.br\/secult\/#website\"},\"datePublished\":\"2023-03-30T19:10:47+00:00\",\"dateModified\":\"2023-10-25T18:12:23+00:00\",\"breadcrumb\":{\"@id\":\"https:\/\/ww16.ce.gov.br\/secult\/lei-paulo-gustavo-ceara\/#breadcrumb\"},\"inLanguage\":\"pt-BR\",\"potentialAction\":[{\"@type\":\"ReadAction\",\"target\":[\"https:\/\/ww16.ce.gov.br\/secult\/lei-paulo-gustavo-ceara\/\"]}]},{\"@type\":\"BreadcrumbList\",\"@id\":\"https:\/\/ww16.ce.gov.br\/secult\/lei-paulo-gustavo-ceara\/#breadcrumb\",\"itemListElement\":[{\"@type\":\"ListItem\",\"position\":1,\"name\":\"In\u00edcio\",\"item\":\"https:\/\/ww16.ce.gov.br\/secult\/\"},{\"@type\":\"ListItem\",\"position\":2,\"name\":\"Lei Paulo Gustavo Cear\u00e1\"}]},{\"@type\":\"WebSite\",\"@id\":\"https:\/\/ww16.ce.gov.br\/secult\/#website\",\"url\":\"https:\/\/ww16.ce.gov.br\/secult\/\",\"name\":\"Secretaria da Cultura\",\"description\":\"Portal Secult\",\"publisher\":{\"@id\":\"https:\/\/ww16.ce.gov.br\/secult\/#organization\"},\"potentialAction\":[{\"@type\":\"SearchAction\",\"target\":{\"@type\":\"EntryPoint\",\"urlTemplate\":\"https:\/\/ww16.ce.gov.br\/secult\/?s={search_term_string}\"},\"query-input\":{\"@type\":\"PropertyValueSpecification\",\"valueRequired\":true,\"valueName\":\"search_term_string\"}}],\"inLanguage\":\"pt-BR\"},{\"@type\":\"Organization\",\"@id\":\"https:\/\/ww16.ce.gov.br\/secult\/#organization\",\"name\":\"Secretaria da Cultura\",\"url\":\"https:\/\/ww16.ce.gov.br\/secult\/\",\"logo\":{\"@type\":\"ImageObject\",\"inLanguage\":\"pt-BR\",\"@id\":\"https:\/\/ww16.ce.gov.br\/secult\/#\/schema\/logo\/image\/\",\"url\":\"http:\/\/ww16.ce.gov.br\/secult\/wp-content\/uploads\/sites\/43\/2018\/05\/secult-clara-3.png\",\"contentUrl\":\"http:\/\/ww16.ce.gov.br\/secult\/wp-content\/uploads\/sites\/43\/2018\/05\/secult-clara-3.png\",\"width\":559,\"height\":106,\"caption\":\"Secretaria da Cultura\"},\"image\":{\"@id\":\"https:\/\/ww16.ce.gov.br\/secult\/#\/schema\/logo\/image\/\"}}]}<\/script>\n<!-- \/ Yoast SEO plugin. -->","yoast_head_json":{"title":"Lei Paulo Gustavo Cear\u00e1 - Secult","robots":{"index":"index","follow":"follow","max-snippet":"max-snippet:-1","max-image-preview":"max-image-preview:large","max-video-preview":"max-video-preview:-1"},"canonical":"https:\/\/ww16.ce.gov.br\/secult\/lei-paulo-gustavo-ceara\/","og_locale":"pt_BR","og_type":"article","og_title":"Lei Paulo Gustavo Cear\u00e1 - Secult","og_description":"Voc\u00ea conhece a Lei Paulo Gustavo? &nbsp; Site Lei Paulo Gustavo Cear\u00e1 A Lei Complementar n\u00ba 195\/2022, conhecida como Lei Paulo Gustavo (LPG), disp\u00f5e sobre a destina\u00e7\u00e3o de recursos financeiros da Uni\u00e3o para estados, Distrito Federal e munic\u00edpios, a fim de que os referidos entes possam realizar editais, chamamentos p\u00fablicos, pr\u00eamios ou quaisquer outras formas [&hellip;]","og_url":"https:\/\/ww16.ce.gov.br\/secult\/lei-paulo-gustavo-ceara\/","og_site_name":"Secult","article_modified_time":"2023-10-25T18:12:23+00:00","twitter_card":"summary_large_image","twitter_misc":{"Est. reading time":"1 minuto"},"schema":{"@context":"https:\/\/schema.org","@graph":[{"@type":"WebPage","@id":"https:\/\/ww16.ce.gov.br\/secult\/lei-paulo-gustavo-ceara\/","url":"https:\/\/ww16.ce.gov.br\/secult\/lei-paulo-gustavo-ceara\/","name":"Lei Paulo Gustavo Cear\u00e1 - Secult","isPartOf":{"@id":"https:\/\/ww16.ce.gov.br\/secult\/#website"},"datePublished":"2023-03-30T19:10:47+00:00","dateModified":"2023-10-25T18:12:23+00:00","breadcrumb":{"@id":"https:\/\/ww16.ce.gov.br\/secult\/lei-paulo-gustavo-ceara\/#breadcrumb"},"inLanguage":"pt-BR","potentialAction":[{"@type":"ReadAction","target":["https:\/\/ww16.ce.gov.br\/secult\/lei-paulo-gustavo-ceara\/"]}]},{"@type":"BreadcrumbList","@id":"https:\/\/ww16.ce.gov.br\/secult\/lei-paulo-gustavo-ceara\/#breadcrumb","itemListElement":[{"@type":"ListItem","position":1,"name":"In\u00edcio","item":"https:\/\/ww16.ce.gov.br\/secult\/"},{"@type":"ListItem","position":2,"name":"Lei Paulo Gustavo Cear\u00e1"}]},{"@type":"WebSite","@id":"https:\/\/ww16.ce.gov.br\/secult\/#website","url":"https:\/\/ww16.ce.gov.br\/secult\/","name":"Secretaria da Cultura","description":"Portal Secult","publisher":{"@id":"https:\/\/ww16.ce.gov.br\/secult\/#organization"},"potentialAction":[{"@type":"SearchAction","target":{"@type":"EntryPoint","urlTemplate":"https:\/\/ww16.ce.gov.br\/secult\/?s={search_term_string}"},"query-input":{"@type":"PropertyValueSpecification","valueRequired":true,"valueName":"search_term_string"}}],"inLanguage":"pt-BR"},{"@type":"Organization","@id":"https:\/\/ww16.ce.gov.br\/secult\/#organization","name":"Secretaria da Cultura","url":"https:\/\/ww16.ce.gov.br\/secult\/","logo":{"@type":"ImageObject","inLanguage":"pt-BR","@id":"https:\/\/ww16.ce.gov.br\/secult\/#\/schema\/logo\/image\/","url":"http:\/\/ww16.ce.gov.br\/secult\/wp-content\/uploads\/sites\/43\/2018\/05\/secult-clara-3.png","contentUrl":"http:\/\/ww16.ce.gov.br\/secult\/wp-content\/uploads\/sites\/43\/2018\/05\/secult-clara-3.png","width":559,"height":106,"caption":"Secretaria da Cultura"},"image":{"@id":"https:\/\/ww16.ce.gov.br\/secult\/#\/schema\/logo\/image\/"}}]}},"_links":{"self":[{"href":"https:\/\/ww16.ce.gov.br\/secult\/wp-json\/wp\/v2\/pages\/25381","targetHints":{"allow":["GET"]}}],"collection":[{"href":"https:\/\/ww16.ce.gov.br\/secult\/wp-json\/wp\/v2\/pages"}],"about":[{"href":"https:\/\/ww16.ce.gov.br\/secult\/wp-json\/wp\/v2\/types\/page"}],"author":[{"embeddable":true,"href":"https:\/\/ww16.ce.gov.br\/secult\/wp-json\/wp\/v2\/users\/708"}],"replies":[{"embeddable":true,"href":"https:\/\/ww16.ce.gov.br\/secult\/wp-json\/wp\/v2\/comments?post=25381"}],"version-history":[{"count":36,"href":"https:\/\/ww16.ce.gov.br\/secult\/wp-json\/wp\/v2\/pages\/25381\/revisions"}],"predecessor-version":[{"id":29356,"href":"https:\/\/ww16.ce.gov.br\/secult\/wp-json\/wp\/v2\/pages\/25381\/revisions\/29356"}],"wp:attachment":[{"href":"https:\/\/ww16.ce.gov.br\/secult\/wp-json\/wp\/v2\/media?parent=25381"}],"curies":[{"name":"wp","href":"https:\/\/api.w.org\/{rel}","templated":true}]}}