{"id":98969,"date":"2021-06-29T17:26:40","date_gmt":"2021-06-29T20:26:40","guid":{"rendered":"http:\/\/ww16.ce.gov.br\/saude\/?page_id=98969"},"modified":"2025-06-02T08:15:00","modified_gmt":"2025-06-02T11:15:00","slug":"diretoria","status":"publish","type":"page","link":"https:\/\/ww16.ce.gov.br\/saude\/svo\/servico\/diretoria\/","title":{"rendered":"SVO | Diretoria"},"content":{"rendered":"<h1><strong>Diretoria<\/strong><\/h1>\n<p>&nbsp;<\/p>\n<h3 class=\"-laranja\"><b>Anac\u00e9lia Gomes de Matos Mota<\/b><\/h3>\n<h4>Diretoria-Geral<\/h4>\n<p>&nbsp;<\/p>\n<p>Farmac\u00eautica graduada pela Universidade de Fortaleza. Especialista em Hematologia Cl\u00ednica pela Universidade Federal do Cear\u00e1. Doutora e Mestre em Ci\u00eancias M\u00e9dicas pela Universidade Federal do Cear\u00e1, com doutorado-sandu\u00edche pela Queen&#8217;s University &#8211; Canad\u00e1. MBA em Gest\u00e3o P\u00fablica.<\/p>\n<p>&nbsp;<\/p>\n<h3 class=\"-laranja\"><strong>Josebson Silva Dias<\/strong><\/h3>\n<h4>Diretoria Cl\u00ednica<\/h4>\n<p>&nbsp;<\/p>\n<p>M\u00e9dico graduado pela UFC, m\u00e9dico perito legista oficial da Per\u00edcia Forense do Estado do Cear\u00e1 (Pefoce), possui t\u00edtulo de especialista em Medicina Legal e Per\u00edcias M\u00e9dicas conferido pela Associa\u00e7\u00e3o M\u00e9dica Brasileira e Associa\u00e7\u00e3o Brasileira de Medicina Legal Per\u00edcias M\u00e9dicas. Tem especializa\u00e7\u00e3o em Avalia\u00e7\u00e3o do Dano Corporal P\u00f3s Traum\u00e1tico pela Universidade de Coimbra.<\/p>\n","protected":false},"excerpt":{"rendered":"<p>Diretoria &nbsp; Anac\u00e9lia Gomes de Matos Mota Diretoria-Geral &nbsp; Farmac\u00eautica graduada pela Universidade de Fortaleza. Especialista em Hematologia Cl\u00ednica pela Universidade Federal do Cear\u00e1. Doutora e Mestre em Ci\u00eancias M\u00e9dicas pela Universidade Federal do Cear\u00e1, com doutorado-sandu\u00edche pela Queen&#8217;s University &#8211; Canad\u00e1. MBA em Gest\u00e3o P\u00fablica. &nbsp; Josebson Silva Dias Diretoria Cl\u00ednica &nbsp; M\u00e9dico graduado [&hellip;]<\/p>\n","protected":false},"author":12,"featured_media":0,"parent":98456,"menu_order":0,"comment_status":"closed","ping_status":"closed","template":"","meta":{"_acf_changed":false,"inline_featured_image":false,"footnotes":""},"class_list":["post-98969","page","type-page","status-publish","hentry"],"acf":[],"yoast_head":"<!-- This site is optimized with the Yoast SEO plugin v26.9 - https:\/\/yoast.com\/product\/yoast-seo-wordpress\/ -->\n<title>SVO | Diretoria - Secretaria da Sa\u00fade do Cear\u00e1<\/title>\n<meta name=\"robots\" content=\"index, follow, max-snippet:-1, max-image-preview:large, max-video-preview:-1\" \/>\n<link rel=\"canonical\" href=\"https:\/\/ww16.ce.gov.br\/saude\/svo\/servico\/diretoria\/\" \/>\n<meta property=\"og:locale\" content=\"pt_BR\" \/>\n<meta property=\"og:type\" content=\"article\" \/>\n<meta property=\"og:title\" content=\"SVO | Diretoria - Secretaria da Sa\u00fade do Cear\u00e1\" \/>\n<meta property=\"og:description\" content=\"Diretoria &nbsp; Anac\u00e9lia Gomes de Matos Mota Diretoria-Geral &nbsp; Farmac\u00eautica graduada pela Universidade de Fortaleza. Especialista em Hematologia Cl\u00ednica pela Universidade Federal do Cear\u00e1. Doutora e Mestre em Ci\u00eancias M\u00e9dicas pela Universidade Federal do Cear\u00e1, com doutorado-sandu\u00edche pela Queen&#8217;s University &#8211; Canad\u00e1. MBA em Gest\u00e3o P\u00fablica. &nbsp; Josebson Silva Dias Diretoria Cl\u00ednica &nbsp; M\u00e9dico graduado [&hellip;]\" \/>\n<meta property=\"og:url\" content=\"https:\/\/ww16.ce.gov.br\/saude\/svo\/servico\/diretoria\/\" \/>\n<meta property=\"og:site_name\" content=\"Secretaria da Sa\u00fade do Cear\u00e1\" \/>\n<meta property=\"article:modified_time\" content=\"2025-06-02T11:15:00+00:00\" \/>\n<meta name=\"twitter:card\" content=\"summary_large_image\" \/>\n<meta name=\"twitter:label1\" content=\"Est. reading time\" \/>\n\t<meta name=\"twitter:data1\" content=\"1 minuto\" \/>\n<script type=\"application\/ld+json\" class=\"yoast-schema-graph\">{\"@context\":\"https:\/\/schema.org\",\"@graph\":[{\"@type\":\"WebPage\",\"@id\":\"https:\/\/ww16.ce.gov.br\/saude\/svo\/servico\/diretoria\/\",\"url\":\"https:\/\/ww16.ce.gov.br\/saude\/svo\/servico\/diretoria\/\",\"name\":\"SVO | Diretoria - Secretaria da Sa\u00fade do Cear\u00e1\",\"isPartOf\":{\"@id\":\"https:\/\/ww16.ce.gov.br\/saude\/#website\"},\"datePublished\":\"2021-06-29T20:26:40+00:00\",\"dateModified\":\"2025-06-02T11:15:00+00:00\",\"breadcrumb\":{\"@id\":\"https:\/\/ww16.ce.gov.br\/saude\/svo\/servico\/diretoria\/#breadcrumb\"},\"inLanguage\":\"pt-BR\",\"potentialAction\":[{\"@type\":\"ReadAction\",\"target\":[\"https:\/\/ww16.ce.gov.br\/saude\/svo\/servico\/diretoria\/\"]}]},{\"@type\":\"BreadcrumbList\",\"@id\":\"https:\/\/ww16.ce.gov.br\/saude\/svo\/servico\/diretoria\/#breadcrumb\",\"itemListElement\":[{\"@type\":\"ListItem\",\"position\":1,\"name\":\"In\u00edcio\",\"item\":\"https:\/\/ww16.ce.gov.br\/saude\/\"},{\"@type\":\"ListItem\",\"position\":2,\"name\":\"Servi\u00e7o de Verifica\u00e7\u00e3o de \u00d3bito (SVO)\",\"item\":\"https:\/\/ww16.ce.gov.br\/saude\/svo\/\"},{\"@type\":\"ListItem\",\"position\":3,\"name\":\"SVO | Conhe\u00e7a o SVO\",\"item\":\"https:\/\/ww16.ce.gov.br\/saude\/svo\/servico\/\"},{\"@type\":\"ListItem\",\"position\":4,\"name\":\"SVO | Diretoria\"}]},{\"@type\":\"WebSite\",\"@id\":\"https:\/\/ww16.ce.gov.br\/saude\/#website\",\"url\":\"https:\/\/ww16.ce.gov.br\/saude\/\",\"name\":\"Secretaria da Sa\u00fade\",\"description\":\"Secretaria da Sa\u00fade do Cear\u00e1\",\"publisher\":{\"@id\":\"https:\/\/ww16.ce.gov.br\/saude\/#organization\"},\"potentialAction\":[{\"@type\":\"SearchAction\",\"target\":{\"@type\":\"EntryPoint\",\"urlTemplate\":\"https:\/\/ww16.ce.gov.br\/saude\/?s={search_term_string}\"},\"query-input\":{\"@type\":\"PropertyValueSpecification\",\"valueRequired\":true,\"valueName\":\"search_term_string\"}}],\"inLanguage\":\"pt-BR\"},{\"@type\":\"Organization\",\"@id\":\"https:\/\/ww16.ce.gov.br\/saude\/#organization\",\"name\":\"Secretaria da Sa\u00fade\",\"url\":\"https:\/\/ww16.ce.gov.br\/saude\/\",\"logo\":{\"@type\":\"ImageObject\",\"inLanguage\":\"pt-BR\",\"@id\":\"https:\/\/ww16.ce.gov.br\/saude\/#\/schema\/logo\/image\/\",\"url\":\"http:\/\/ww16.ce.gov.br\/saude\/wp-content\/uploads\/sites\/9\/2017\/11\/clara.png\",\"contentUrl\":\"http:\/\/ww16.ce.gov.br\/saude\/wp-content\/uploads\/sites\/9\/2017\/11\/clara.png\",\"width\":559,\"height\":106,\"caption\":\"Secretaria da Sa\u00fade\"},\"image\":{\"@id\":\"https:\/\/ww16.ce.gov.br\/saude\/#\/schema\/logo\/image\/\"}}]}<\/script>\n<!-- \/ Yoast SEO plugin. -->","yoast_head_json":{"title":"SVO | Diretoria - Secretaria da Sa\u00fade do Cear\u00e1","robots":{"index":"index","follow":"follow","max-snippet":"max-snippet:-1","max-image-preview":"max-image-preview:large","max-video-preview":"max-video-preview:-1"},"canonical":"https:\/\/ww16.ce.gov.br\/saude\/svo\/servico\/diretoria\/","og_locale":"pt_BR","og_type":"article","og_title":"SVO | Diretoria - Secretaria da Sa\u00fade do Cear\u00e1","og_description":"Diretoria &nbsp; Anac\u00e9lia Gomes de Matos Mota Diretoria-Geral &nbsp; Farmac\u00eautica graduada pela Universidade de Fortaleza. Especialista em Hematologia Cl\u00ednica pela Universidade Federal do Cear\u00e1. Doutora e Mestre em Ci\u00eancias M\u00e9dicas pela Universidade Federal do Cear\u00e1, com doutorado-sandu\u00edche pela Queen&#8217;s University &#8211; Canad\u00e1. MBA em Gest\u00e3o P\u00fablica. &nbsp; Josebson Silva Dias Diretoria Cl\u00ednica &nbsp; M\u00e9dico graduado [&hellip;]","og_url":"https:\/\/ww16.ce.gov.br\/saude\/svo\/servico\/diretoria\/","og_site_name":"Secretaria da Sa\u00fade do Cear\u00e1","article_modified_time":"2025-06-02T11:15:00+00:00","twitter_card":"summary_large_image","twitter_misc":{"Est. reading time":"1 minuto"},"schema":{"@context":"https:\/\/schema.org","@graph":[{"@type":"WebPage","@id":"https:\/\/ww16.ce.gov.br\/saude\/svo\/servico\/diretoria\/","url":"https:\/\/ww16.ce.gov.br\/saude\/svo\/servico\/diretoria\/","name":"SVO | Diretoria - Secretaria da Sa\u00fade do Cear\u00e1","isPartOf":{"@id":"https:\/\/ww16.ce.gov.br\/saude\/#website"},"datePublished":"2021-06-29T20:26:40+00:00","dateModified":"2025-06-02T11:15:00+00:00","breadcrumb":{"@id":"https:\/\/ww16.ce.gov.br\/saude\/svo\/servico\/diretoria\/#breadcrumb"},"inLanguage":"pt-BR","potentialAction":[{"@type":"ReadAction","target":["https:\/\/ww16.ce.gov.br\/saude\/svo\/servico\/diretoria\/"]}]},{"@type":"BreadcrumbList","@id":"https:\/\/ww16.ce.gov.br\/saude\/svo\/servico\/diretoria\/#breadcrumb","itemListElement":[{"@type":"ListItem","position":1,"name":"In\u00edcio","item":"https:\/\/ww16.ce.gov.br\/saude\/"},{"@type":"ListItem","position":2,"name":"Servi\u00e7o de Verifica\u00e7\u00e3o de \u00d3bito (SVO)","item":"https:\/\/ww16.ce.gov.br\/saude\/svo\/"},{"@type":"ListItem","position":3,"name":"SVO | Conhe\u00e7a o SVO","item":"https:\/\/ww16.ce.gov.br\/saude\/svo\/servico\/"},{"@type":"ListItem","position":4,"name":"SVO | Diretoria"}]},{"@type":"WebSite","@id":"https:\/\/ww16.ce.gov.br\/saude\/#website","url":"https:\/\/ww16.ce.gov.br\/saude\/","name":"Secretaria da Sa\u00fade","description":"Secretaria da Sa\u00fade do Cear\u00e1","publisher":{"@id":"https:\/\/ww16.ce.gov.br\/saude\/#organization"},"potentialAction":[{"@type":"SearchAction","target":{"@type":"EntryPoint","urlTemplate":"https:\/\/ww16.ce.gov.br\/saude\/?s={search_term_string}"},"query-input":{"@type":"PropertyValueSpecification","valueRequired":true,"valueName":"search_term_string"}}],"inLanguage":"pt-BR"},{"@type":"Organization","@id":"https:\/\/ww16.ce.gov.br\/saude\/#organization","name":"Secretaria da Sa\u00fade","url":"https:\/\/ww16.ce.gov.br\/saude\/","logo":{"@type":"ImageObject","inLanguage":"pt-BR","@id":"https:\/\/ww16.ce.gov.br\/saude\/#\/schema\/logo\/image\/","url":"http:\/\/ww16.ce.gov.br\/saude\/wp-content\/uploads\/sites\/9\/2017\/11\/clara.png","contentUrl":"http:\/\/ww16.ce.gov.br\/saude\/wp-content\/uploads\/sites\/9\/2017\/11\/clara.png","width":559,"height":106,"caption":"Secretaria da Sa\u00fade"},"image":{"@id":"https:\/\/ww16.ce.gov.br\/saude\/#\/schema\/logo\/image\/"}}]}},"_links":{"self":[{"href":"https:\/\/ww16.ce.gov.br\/saude\/wp-json\/wp\/v2\/pages\/98969","targetHints":{"allow":["GET"]}}],"collection":[{"href":"https:\/\/ww16.ce.gov.br\/saude\/wp-json\/wp\/v2\/pages"}],"about":[{"href":"https:\/\/ww16.ce.gov.br\/saude\/wp-json\/wp\/v2\/types\/page"}],"author":[{"embeddable":true,"href":"https:\/\/ww16.ce.gov.br\/saude\/wp-json\/wp\/v2\/users\/12"}],"replies":[{"embeddable":true,"href":"https:\/\/ww16.ce.gov.br\/saude\/wp-json\/wp\/v2\/comments?post=98969"}],"version-history":[{"count":3,"href":"https:\/\/ww16.ce.gov.br\/saude\/wp-json\/wp\/v2\/pages\/98969\/revisions"}],"predecessor-version":[{"id":119815,"href":"https:\/\/ww16.ce.gov.br\/saude\/wp-json\/wp\/v2\/pages\/98969\/revisions\/119815"}],"up":[{"embeddable":true,"href":"https:\/\/ww16.ce.gov.br\/saude\/wp-json\/wp\/v2\/pages\/98456"}],"wp:attachment":[{"href":"https:\/\/ww16.ce.gov.br\/saude\/wp-json\/wp\/v2\/media?parent=98969"}],"curies":[{"name":"wp","href":"https:\/\/api.w.org\/{rel}","templated":true}]}}