{"id":98772,"date":"2021-06-24T11:21:43","date_gmt":"2021-06-24T14:21:43","guid":{"rendered":"http:\/\/ww16.ce.gov.br\/saude\/?page_id=98772"},"modified":"2026-05-06T10:11:16","modified_gmt":"2026-05-06T13:11:16","slug":"selecoes","status":"publish","type":"page","link":"https:\/\/ww16.ce.gov.br\/saude\/selecoes\/","title":{"rendered":"Sele\u00e7\u00f5es\/ Chamamentos P\u00fablicos"},"content":{"rendered":"\n<h2 class=\"wp-block-heading\"><\/h2>\n\n\n\n<h2 class=\"wp-block-heading\"><span style=\"color: #028245\"><strong>Sele\u00e7\u00f5es<\/strong><\/span><\/h2>\n\n\n\n<p><\/p>\n\n\n\n<h3 class=\"wp-block-heading\"><span style=\"color: #fc6836\">Vigentes<\/span><\/h3>\n\n\n\n<p><\/p>\n\n\n\n<ul class=\"wp-block-list ListaEst\">\n<li><a href=\"https:\/\/ww16.ce.gov.br\/saude\/wp-content\/uploads\/sites\/64\/2025\/09\/Edital_2025_-_1a_Seminario_Estadual_de_Vigilancia_em_Saude_do_Trabalhador_e_da_Trabalhadora_assinado-2-1.pdf\">30\/09\/2025 &#8211; Edital &#8211; Submiss\u00e3o de Trabalhos &#8211; Semin\u00e1rio Estadual de Vigil\u00e2ncia em Sa\u00fade do Trabalhador e da Trabalhadora (inscri\u00e7\u00f5es at\u00e9 31\/10\/2025)<\/a><\/li>\n\n\n\n<li><a href=\"https:\/\/ww16.ce.gov.br\/saude\/wp-content\/uploads\/sites\/64\/2024\/12\/09122024-Chamada-052024-Programa-Pesquisa-para-o-SUS-gestao-compartilhada-em-saude-PPSUS.pdf\" rel=\"noopener noreferrer\">09\/12\/2024 &#8211; Chamada 05\/2024 &#8211; Programa Pesquisa para o SUS\u00a0 &#8211; gest\u00e3o compartilhada em sa\u00fade (PPSUS)<\/a><\/li>\n<\/ul>\n\n\n\n<p><\/p>\n\n\n\n<h3 class=\"wp-block-heading\"><span style=\"color: #fc6836\">Encerradas<\/span><\/h3>\n\n\n\n<p><\/p>\n\n\n\n<ul class=\"wp-block-list ListaEst\">\n<li><a href=\"https:\/\/ww16.ce.gov.br\/saude\/wp-content\/uploads\/sites\/64\/2025\/03\/Edital-2025-8o-Seminario-Estadual-de-Vigilancia-em-Saude.docx-1.pdf\">12\/03\/2025 &#8211; Edital &#8211; 8\u00ba Semin\u00e1rio Estadual de Vigil\u00e2ncia em Sa\u00fade &#8211; inscri\u00e7\u00f5es at\u00e9 16\/03<\/a><\/li>\n\n\n\n<li><a href=\"\/wp-content\/uploads\/sites\/64\/2025\/02\/Edital-2025-8o-Seminario-Estadual-de-Vigilancia-em-Saude.docx.pdf\">12\/02\/2025 &#8211; Edital &#8211; 8\u00ba Semin\u00e1rio Estadual de Vigil\u00e2ncia em Sa\u00fade<\/a><\/li>\n\n\n\n<li><a href=\"https:\/\/ww16.ce.gov.br\/saude\/wp-content\/uploads\/sites\/64\/2025\/01\/13012025-Resultado-do-Processo-simplificado-para-selecao-de-profissionais-para-o-desenvolvimento-de-acoes-Copom.pdf\">13\/01\/2025 &#8211; Resultado do Processo simplificado para sele\u00e7\u00e3o de profissionais para o desenvolvimento de a\u00e7\u00f5es (Copom)<\/a><\/li>\n\n\n\n<li><a href=\"https:\/\/ww16.ce.gov.br\/saude\/wp-content\/uploads\/sites\/64\/2024\/12\/Edital-OPAS-Processo-simplificado-para-selecao-de-profissionais-para-o-desenvolvimento-de-acoes-COPOM09.12.docx-4.pdf\">12\/12\/2024 &#8211; Processo simplificado para sele\u00e7\u00e3o de profissionais para o desenvolvimento de a\u00e7\u00f5es (Copom)<\/a><\/li>\n\n\n\n<li><a href=\"https:\/\/ww16.ce.gov.br\/saude\/wp-content\/uploads\/sites\/64\/2024\/12\/16122024-Homologacao-Resultado-final-do-Processo-Seletivo-para-agentes-indigenas-de-cultivo-para-atuar-no-projeto-Interculturalidade-e-Farmacias-Vivas-no-SUS-Ceara-edital-152024.pdf\">16\/12\/2024 &#8211; Homologa\u00e7\u00e3o &#8211; Resultado final do Processo Seletivo para agentes ind\u00edgenas de cultivo para atuar no projeto Interculturalidade e Farm\u00e1cias Vivas no SUS Cear\u00e1 (edital 15\/2024)<\/a><\/li>\n\n\n\n<li><a href=\"https:\/\/ww16.ce.gov.br\/saude\/wp-content\/uploads\/sites\/64\/2020\/03\/Resultado-final-do-Processo-simplificado-para-selecao-de-profissionais-para-o-desenvolvimento-de-acoes-de-preparacao-vigilancia-e-resposta-as-emergencias-em-saude-publica.pdf\">11\/11\/2024 &#8211; Resultado final do Processo simplificado para sele\u00e7\u00e3o de profissionais para o desenvolvimento de a\u00e7\u00f5es de prepara\u00e7\u00e3o, vigil\u00e2ncia e resposta \u00e0s emerg\u00eancias em sa\u00fade p\u00fablica<\/a><\/li>\n\n\n\n<li><a href=\"https:\/\/ww16.ce.gov.br\/saude\/wp-content\/uploads\/sites\/64\/2024\/11\/06112024-Resultado-final-do-Processo-Seletivo-para-agentes-indigenas-de-cultivo-para-atuar-no-projeto-Interculturalidade-e-Farmacias-Vivas-no-SUS-Ceara-edital-152024.pdf\">06\/11\/2024 &#8211; Resultado final do Processo Seletivo para agentes ind\u00edgenas de cultivo para atuar no projeto Interculturalidade e Farm\u00e1cias Vivas no SUS Cear\u00e1 (edital 15\/2024)<\/a><\/li>\n\n\n\n<li><a href=\"https:\/\/ww16.ce.gov.br\/saude\/wp-content\/uploads\/sites\/64\/2024\/11\/04112024-resultado-parcial-do-Processo-Seletivo-para-agentes-indigenas-de-cultivo-para-atuar-no-projeto-Interculturalidade-e-Farmacias-Vivas-no-SUS-Ceara-edital-152024.pdf\">04\/11\/2024 &#8211; Resultado parcial do Processo Seletivo para agentes ind\u00edgenas de cultivo para atuar no projeto Interculturalidade e Farm\u00e1cias Vivas no SUS Cear\u00e1 (edital 15\/2024)<\/a><\/li>\n\n\n\n<li><a href=\"https:\/\/ww16.ce.gov.br\/saude\/wp-content\/uploads\/sites\/64\/2024\/10\/Inscricoes-homologadas-e-convocacao-para-entrevista-no-Processo-Seletivo-para-agentes-indigenas-de-cultivo-para-atuar-no-projeto-Interculturalidade-e-Farmacias-Vivas-no-SUS-Ceara.pdf\">22\/10\/2024 &#8211; Inscri\u00e7\u00f5es homologadas e convoca\u00e7\u00e3o para entrevista no Processo Seletivo para agentes ind\u00edgenas de cultivo para atuar no projeto Interculturalidade e Farm\u00e1cias Vivas no SUS Cear\u00e1 (edital 15\/2024)<\/a><\/li>\n\n\n\n<li><a href=\"https:\/\/ww16.ce.gov.br\/saude\/wp-content\/uploads\/sites\/64\/2024\/10\/18102024-Selecao-para-bolsistas-agentes-indigenas-de-cultivo-para-atuar-no-projeto-Interculturalidade-e-Farmacias-Vivas-no-SUS-Ceara-edital-152024-30-33.pdf\">18\/10\/2024 &#8211; Sele\u00e7\u00e3o para bolsistas agentes ind\u00edgenas de cultivo para atuar no projeto Interculturalidade e Farm\u00e1cias Vivas no SUS Cear\u00e1 (edital 15\/2024) &#8211; Inscri\u00e7\u00f5es at\u00e9 dia 20\/10\/2024!<\/a><\/li>\n\n\n\n<li><a href=\"https:\/\/ww16.ce.gov.br\/saude\/wp-content\/uploads\/sites\/64\/2024\/10\/Processo-simplificado-para-selecao-de-profissionais-para-o-desenvolvimento-de-acoes-de-preparacao-vigilancia-e-resposta-as-emergencias-em-saude-publica.pdf\">16\/10\/2024 &#8211; Processo simplificado para sele\u00e7\u00e3o de profissionais para o desenvolvimento de a\u00e7\u00f5es de prepara\u00e7\u00e3o, vigil\u00e2ncia e resposta \u00e0s emerg\u00eancias em sa\u00fade p\u00fablica<\/a><\/li>\n\n\n\n<li><a href=\"https:\/\/ww16.ce.gov.br\/saude\/wp-content\/uploads\/sites\/64\/2024\/10\/08102024-Convocacao-projeto-Interculturalidade-e-Farmacias-Vivas-no-SUS-Ceara-edital-142024.pdf\">08\/10\/2024 &#8211; Convoca\u00e7\u00e3o &#8211; projeto Interculturalidade e Farm\u00e1cias Vivas no SUS Cear\u00e1 (edital 142024)<\/a><\/li>\n\n\n\n<li><a href=\"https:\/\/ww16.ce.gov.br\/saude\/wp-content\/uploads\/sites\/64\/2024\/09\/Resultado-Final-Farmaceutico-1.pdf\">23\/09\/2024 &#8211; Resultado Final &#8211; projeto Interculturalidade e Farm\u00e1cias Vivas no SUS Cear\u00e1 (edital 14\/2024)<\/a><\/li>\n\n\n\n<li><a href=\"https:\/\/ww16.ce.gov.br\/saude\/wp-content\/uploads\/sites\/64\/2024\/09\/20092024-Resultado-final-provisorio-projeto-Interculturalidade-e-Farmacias-Vivas-no-SUS-Ceara-edital-142024.pdf\">20\/09\/2024 &#8211; Resultado Final Provis\u00f3rio &#8211; projeto Interculturalidade e Farm\u00e1cias Vivas no SUS Cear\u00e1 (edital 14\/2024)<\/a><\/li>\n\n\n\n<li><a href=\"https:\/\/ww16.ce.gov.br\/saude\/wp-content\/uploads\/sites\/64\/2024\/09\/Convocacao-para-entrevista-individual.pdf\">17\/09\/2024 &#8211; Convoca\u00e7\u00e3o para entrevista individual &#8211; projeto &#8220;Interculturalidade e Farm\u00e1cias Vivas no SUS Cear\u00e1&#8221; (edital 14\/2024)<\/a><\/li>\n\n\n\n<li><a href=\"https:\/\/ww16.ce.gov.br\/saude\/wp-content\/uploads\/sites\/64\/2024\/09\/Resultado-parcial-Avaliacao-Curricular-e-Carta-de-Intencao.pdf\">13\/09\/2024 &#8211; Resultado parcial &#8211; Avalia\u00e7\u00e3o Curricular e Carta de Inten\u00e7\u00e3o &#8211; <\/a><a href=\"https:\/\/ww16.ce.gov.br\/saude\/wp-content\/uploads\/sites\/64\/2024\/09\/Resultado-Definitivo-de-Inscricao.pdf\">projeto &#8220;Interculturalidade e Farm\u00e1cias Vivas no SUS Cear\u00e1&#8221; (edital 14\/2024)<\/a><\/li>\n\n\n\n<li><a href=\"https:\/\/ww16.ce.gov.br\/saude\/wp-content\/uploads\/sites\/64\/2024\/09\/Resultado-Definitivo-de-Inscricao.pdf\">11\/09\/2024 Resultado definitivo de inscri\u00e7\u00e3o do projeto &#8220;Interculturalidade e Farm\u00e1cias Vivas no SUS Cear\u00e1&#8221; (edital 14\/2024)<\/a><\/li>\n\n\n\n<li><a href=\"https:\/\/ww16.ce.gov.br\/saude\/wp-content\/uploads\/sites\/64\/2024\/09\/Resultado-de-solicitacoes-de-incricoes-deferidas-para-o-projeto-Interculturalidade-e-Farmacias-Vivas-no-SUS-Ceara-edital-142024.pdf\">09\/09\/2024 Resultado de solicita\u00e7\u00f5es de incri\u00e7\u00f5es deferidas para o projeto &#8220;Interculturalidade e Farm\u00e1cias Vivas no SUS Cear\u00e1&#8221;\u00a0 (edital 14\/2024)<\/a><\/li>\n\n\n\n<li><a href=\"https:\/\/ww16.ce.gov.br\/saude\/wp-content\/uploads\/sites\/64\/2024\/08\/Selecao-de-bolsista-para-a-Assistencia-Farmaceutica-edital-142024.pdf\">Sele\u00e7\u00e3o de farmac\u00eautico bolsista para o projeto &#8220;Interculturalidade e Farm\u00e1cias Vivas no SUS Cear\u00e1&#8221; (edital 14\/2024)<\/a><\/li>\n<\/ul>\n\n\n\n<p><\/p>\n\n\n\n<h2 class=\"wp-block-heading\"><span style=\"color: #028245\"><strong>Chamamentos P\u00fablicos<\/strong><\/span><\/h2>\n\n\n\n<p><\/p>\n\n\n\n<h3 class=\"wp-block-heading\"><span style=\"color: #fc6836\">Vigentes<\/span><\/h3>\n\n\n\n<p><\/p>\n\n\n\n<ul class=\"wp-block-list ListaEst\">\n<li><a href=\"https:\/\/ww16.ce.gov.br\/saude\/wp-content\/uploads\/sites\/64\/2025\/05\/Aditivos-Editais-de-Chamamento-Publico-Cirurgias-Eletivas-2025.pdf\">Aditivos &#8211; Editais de Chamamento P\u00fablico &#8211; Cirurgias Eletivas &#8211; 2025<\/a><\/li>\n\n\n\n<li><a href=\"https:\/\/ww16.ce.gov.br\/saude\/wp-content\/uploads\/sites\/64\/2025\/05\/do20250422p021-1.pdf\">Edital Chamamento P\u00fablico &#8211; N\u00ba 06-2025 &#8211; Exames Anatomopatol\u00f3gicos<\/a><\/li>\n\n\n\n<li><a href=\"https:\/\/ww16.ce.gov.br\/saude\/wp-content\/uploads\/sites\/64\/2025\/03\/DOE-EDITAL-DE-CHAMAMENTO-PUBLICO-No-04-2025-1.pdf\">Edital de Chamamento P\u00fablico N\u00ba 04-2025 &#8211; Endometriose<\/a><\/li>\n\n\n\n<li><a href=\"https:\/\/ww16.ce.gov.br\/saude\/wp-content\/uploads\/sites\/64\/2025\/03\/DOE-EDITAL-DE-CHAMAMENTO-PUBLICO-No-03-2025-ORTOPEDIA-1.pdf\">Edital de Chamamento p\u00fablico N\u00ba 03-2025 Ortopedia<\/a><\/li>\n\n\n\n<li><a href=\"https:\/\/ww16.ce.gov.br\/saude\/wp-content\/uploads\/sites\/64\/2025\/03\/DOE-EDITAL-DE-CHAMAMENTO-PUBLICO-No-02-2025-1.pdf\">Edital de Chamamento P\u00fablico N\u00ba 02-2025 &#8211; Cardiologia<\/a><\/li>\n\n\n\n<li><a href=\"https:\/\/ww16.ce.gov.br\/saude\/wp-content\/uploads\/sites\/64\/2025\/03\/EDITAL-OFTALMOLOGIA.pdf\">Edital de Chamamento P\u00fablico &#8211; N\u00ba 01-2025 &#8211; Oftalmologia<\/a><\/li>\n<\/ul>\n\n\n\n<p><\/p>\n\n\n\n<h3 class=\"wp-block-heading\"><span style=\"color: #fc6836\">Encerrados<\/span><\/h3>\n\n\n\n<p><\/p>\n\n\n\n<ul class=\"wp-block-list ListaEst\">\n<li><a href=\"https:\/\/ww16.ce.gov.br\/saude\/wp-content\/uploads\/sites\/64\/2020\/03\/Resultado-Final-Edital-06_2024.docx\">Resultado Final &#8211; Preven\u00e7\u00e3o \u00e0s Infec\u00e7\u00f5es Sexualmente Transmiss\u00edveis (edital 006\/2024)<\/a><\/li>\n\n\n\n<li><a href=\"https:\/\/ww16.ce.gov.br\/saude\/wp-content\/uploads\/sites\/64\/2020\/03\/do20240701p02-paginas-1.pdf\">Preven\u00e7\u00e3o \u00e0s Infec\u00e7\u00f5es Sexualmente Transmiss\u00edveis (edital 006\/2024)<\/a><\/li>\n\n\n\n<li><a href=\"https:\/\/ww16.ce.gov.br\/saude\/wp-content\/uploads\/sites\/64\/2024\/05\/Leitos-de-retaguarda-adultos-edital-004-2024.pdf\">Leitos de retaguarda adultos (edital 004\/2024)<\/a><\/li>\n\n\n\n<li><a href=\"https:\/\/ww16.ce.gov.br\/saude\/wp-content\/uploads\/sites\/64\/2024\/03\/Leitos-retaguarda-em-pediatria-edital-0022024.pdf\">Leitos de retaguarda em pediatria (edital 002\/2024)<\/a><\/li>\n\n\n\n<li><a href=\"https:\/\/ww16.ce.gov.br\/saude\/wp-content\/uploads\/sites\/64\/2024\/03\/Contratacao-de-cirurgioes-e-anestesistas-para-realizacao-de-cirurgias-ortopedicas-edital-0032024.pdf\">Contrata\u00e7\u00e3o de cirurgi\u00f5es e anestesistas para realiza\u00e7\u00e3o de cirurgias ortop\u00e9dicas (edital 003\/2024)<\/a><\/li>\n\n\n\n<li><a href=\"https:\/\/ww16.ce.gov.br\/saude\/download\/servico-de-verificacao-de-obito-svo\/\" target=\"_blank\" rel=\"noopener noreferrer\">SVO &#8211; Edital n\u00b0 01\/2022<\/a><\/li>\n\n\n\n<li><a href=\"https:\/\/ww16.ce.gov.br\/saude\/educacao-permanente\/\" rel=\"noopener noreferrer\">IPC | Educa\u00e7\u00e3o Permanente &#8211; Edital n\u00ba 10\/2022<\/a><\/li>\n\n\n\n<li><a href=\"https:\/\/ps.isgh.org.br\/processos-seletivos\/category\/1416-area-medica-2022-54\" target=\"_blank\" rel=\"noopener noreferrer\">\u00c1rea m\u00e9dica &#8211; Hospital Regional do Sert\u00e3o Central (HRSC)<\/a><\/li>\n\n\n\n<li><a href=\"https:\/\/ps.isgh.org.br\/processos-seletivos\/category\/1409-area-medica-2022-44\" target=\"_blank\" rel=\"noopener noreferrer\">\u00c1rea m\u00e9dica &#8211; Hospital Regional Norte (HRN)<\/a><\/li>\n\n\n\n<li><a href=\"https:\/\/ww16.ce.gov.br\/saude\/download\/coordenador-area-descentralizada-de-saude\/\" target=\"_blank\" rel=\"noopener noreferrer\">Coordenador \u2013 \u00c1rea Descentralizada de Sa\u00fade<\/a><\/li>\n\n\n\n<li><a href=\"https:\/\/portalfaurgs.com.br\/recursoshumanos\/ProcessoSeletivo\/1\/edital19-projetosaudecomagente-vagasparapreceptores\" target=\"_blank\" rel=\"noopener noreferrer\">Contrata\u00e7\u00e3o de preceptores &#8211; Programa Sa\u00fade com Agente<\/a><\/li>\n<\/ul>\n\n\n\n<p>&nbsp;<\/p>\n\n\n\n<p>&nbsp;<\/p>\n\n\n\n<p>&nbsp;<\/p>\n\n\n\n<p>&nbsp;<\/p>\n","protected":false},"excerpt":{"rendered":"<p>Sele\u00e7\u00f5es Vigentes Encerradas Chamamentos P\u00fablicos Vigentes Encerrados &nbsp; &nbsp; &nbsp; &nbsp;<\/p>\n","protected":false},"author":520,"featured_media":0,"parent":0,"menu_order":0,"comment_status":"closed","ping_status":"closed","template":"","meta":{"_acf_changed":false,"inline_featured_image":false,"footnotes":""},"class_list":["post-98772","page","type-page","status-publish","hentry"],"acf":[],"yoast_head":"<!-- This site is optimized with the Yoast SEO plugin v26.9 - https:\/\/yoast.com\/product\/yoast-seo-wordpress\/ -->\n<title>Sele\u00e7\u00f5es\/ Chamamentos P\u00fablicos - Secretaria da Sa\u00fade do Cear\u00e1<\/title>\n<meta name=\"robots\" content=\"index, follow, max-snippet:-1, max-image-preview:large, max-video-preview:-1\" \/>\n<link rel=\"canonical\" href=\"https:\/\/ww16.ce.gov.br\/saude\/selecoes\/\" \/>\n<meta property=\"og:locale\" content=\"pt_BR\" \/>\n<meta property=\"og:type\" content=\"article\" \/>\n<meta property=\"og:title\" content=\"Sele\u00e7\u00f5es\/ Chamamentos P\u00fablicos - Secretaria da Sa\u00fade do Cear\u00e1\" \/>\n<meta property=\"og:description\" content=\"Sele\u00e7\u00f5es Vigentes Encerradas Chamamentos P\u00fablicos Vigentes Encerrados &nbsp; &nbsp; &nbsp; &nbsp;\" \/>\n<meta property=\"og:url\" content=\"https:\/\/ww16.ce.gov.br\/saude\/selecoes\/\" \/>\n<meta property=\"og:site_name\" content=\"Secretaria da Sa\u00fade do Cear\u00e1\" \/>\n<meta property=\"article:modified_time\" content=\"2026-05-06T13:11:16+00:00\" \/>\n<meta name=\"twitter:card\" content=\"summary_large_image\" \/>\n<meta name=\"twitter:label1\" content=\"Est. reading time\" \/>\n\t<meta name=\"twitter:data1\" content=\"3 minutos\" \/>\n<script type=\"application\/ld+json\" class=\"yoast-schema-graph\">{\"@context\":\"https:\/\/schema.org\",\"@graph\":[{\"@type\":\"WebPage\",\"@id\":\"https:\/\/ww16.ce.gov.br\/saude\/selecoes\/\",\"url\":\"https:\/\/ww16.ce.gov.br\/saude\/selecoes\/\",\"name\":\"Sele\u00e7\u00f5es\/ Chamamentos P\u00fablicos - Secretaria da Sa\u00fade do Cear\u00e1\",\"isPartOf\":{\"@id\":\"https:\/\/ww16.ce.gov.br\/saude\/#website\"},\"datePublished\":\"2021-06-24T14:21:43+00:00\",\"dateModified\":\"2026-05-06T13:11:16+00:00\",\"breadcrumb\":{\"@id\":\"https:\/\/ww16.ce.gov.br\/saude\/selecoes\/#breadcrumb\"},\"inLanguage\":\"pt-BR\",\"potentialAction\":[{\"@type\":\"ReadAction\",\"target\":[\"https:\/\/ww16.ce.gov.br\/saude\/selecoes\/\"]}]},{\"@type\":\"BreadcrumbList\",\"@id\":\"https:\/\/ww16.ce.gov.br\/saude\/selecoes\/#breadcrumb\",\"itemListElement\":[{\"@type\":\"ListItem\",\"position\":1,\"name\":\"In\u00edcio\",\"item\":\"https:\/\/ww16.ce.gov.br\/saude\/\"},{\"@type\":\"ListItem\",\"position\":2,\"name\":\"Sele\u00e7\u00f5es\/ Chamamentos P\u00fablicos\"}]},{\"@type\":\"WebSite\",\"@id\":\"https:\/\/ww16.ce.gov.br\/saude\/#website\",\"url\":\"https:\/\/ww16.ce.gov.br\/saude\/\",\"name\":\"Secretaria da Sa\u00fade\",\"description\":\"Secretaria da Sa\u00fade do Cear\u00e1\",\"publisher\":{\"@id\":\"https:\/\/ww16.ce.gov.br\/saude\/#organization\"},\"potentialAction\":[{\"@type\":\"SearchAction\",\"target\":{\"@type\":\"EntryPoint\",\"urlTemplate\":\"https:\/\/ww16.ce.gov.br\/saude\/?s={search_term_string}\"},\"query-input\":{\"@type\":\"PropertyValueSpecification\",\"valueRequired\":true,\"valueName\":\"search_term_string\"}}],\"inLanguage\":\"pt-BR\"},{\"@type\":\"Organization\",\"@id\":\"https:\/\/ww16.ce.gov.br\/saude\/#organization\",\"name\":\"Secretaria da Sa\u00fade\",\"url\":\"https:\/\/ww16.ce.gov.br\/saude\/\",\"logo\":{\"@type\":\"ImageObject\",\"inLanguage\":\"pt-BR\",\"@id\":\"https:\/\/ww16.ce.gov.br\/saude\/#\/schema\/logo\/image\/\",\"url\":\"http:\/\/ww16.ce.gov.br\/saude\/wp-content\/uploads\/sites\/9\/2017\/11\/clara.png\",\"contentUrl\":\"http:\/\/ww16.ce.gov.br\/saude\/wp-content\/uploads\/sites\/9\/2017\/11\/clara.png\",\"width\":559,\"height\":106,\"caption\":\"Secretaria da Sa\u00fade\"},\"image\":{\"@id\":\"https:\/\/ww16.ce.gov.br\/saude\/#\/schema\/logo\/image\/\"}}]}<\/script>\n<!-- \/ Yoast SEO plugin. -->","yoast_head_json":{"title":"Sele\u00e7\u00f5es\/ Chamamentos P\u00fablicos - Secretaria da Sa\u00fade do Cear\u00e1","robots":{"index":"index","follow":"follow","max-snippet":"max-snippet:-1","max-image-preview":"max-image-preview:large","max-video-preview":"max-video-preview:-1"},"canonical":"https:\/\/ww16.ce.gov.br\/saude\/selecoes\/","og_locale":"pt_BR","og_type":"article","og_title":"Sele\u00e7\u00f5es\/ Chamamentos P\u00fablicos - Secretaria da Sa\u00fade do Cear\u00e1","og_description":"Sele\u00e7\u00f5es Vigentes Encerradas Chamamentos P\u00fablicos Vigentes Encerrados &nbsp; &nbsp; &nbsp; &nbsp;","og_url":"https:\/\/ww16.ce.gov.br\/saude\/selecoes\/","og_site_name":"Secretaria da Sa\u00fade do Cear\u00e1","article_modified_time":"2026-05-06T13:11:16+00:00","twitter_card":"summary_large_image","twitter_misc":{"Est. reading time":"3 minutos"},"schema":{"@context":"https:\/\/schema.org","@graph":[{"@type":"WebPage","@id":"https:\/\/ww16.ce.gov.br\/saude\/selecoes\/","url":"https:\/\/ww16.ce.gov.br\/saude\/selecoes\/","name":"Sele\u00e7\u00f5es\/ Chamamentos P\u00fablicos - Secretaria da Sa\u00fade do Cear\u00e1","isPartOf":{"@id":"https:\/\/ww16.ce.gov.br\/saude\/#website"},"datePublished":"2021-06-24T14:21:43+00:00","dateModified":"2026-05-06T13:11:16+00:00","breadcrumb":{"@id":"https:\/\/ww16.ce.gov.br\/saude\/selecoes\/#breadcrumb"},"inLanguage":"pt-BR","potentialAction":[{"@type":"ReadAction","target":["https:\/\/ww16.ce.gov.br\/saude\/selecoes\/"]}]},{"@type":"BreadcrumbList","@id":"https:\/\/ww16.ce.gov.br\/saude\/selecoes\/#breadcrumb","itemListElement":[{"@type":"ListItem","position":1,"name":"In\u00edcio","item":"https:\/\/ww16.ce.gov.br\/saude\/"},{"@type":"ListItem","position":2,"name":"Sele\u00e7\u00f5es\/ Chamamentos P\u00fablicos"}]},{"@type":"WebSite","@id":"https:\/\/ww16.ce.gov.br\/saude\/#website","url":"https:\/\/ww16.ce.gov.br\/saude\/","name":"Secretaria da Sa\u00fade","description":"Secretaria da Sa\u00fade do Cear\u00e1","publisher":{"@id":"https:\/\/ww16.ce.gov.br\/saude\/#organization"},"potentialAction":[{"@type":"SearchAction","target":{"@type":"EntryPoint","urlTemplate":"https:\/\/ww16.ce.gov.br\/saude\/?s={search_term_string}"},"query-input":{"@type":"PropertyValueSpecification","valueRequired":true,"valueName":"search_term_string"}}],"inLanguage":"pt-BR"},{"@type":"Organization","@id":"https:\/\/ww16.ce.gov.br\/saude\/#organization","name":"Secretaria da Sa\u00fade","url":"https:\/\/ww16.ce.gov.br\/saude\/","logo":{"@type":"ImageObject","inLanguage":"pt-BR","@id":"https:\/\/ww16.ce.gov.br\/saude\/#\/schema\/logo\/image\/","url":"http:\/\/ww16.ce.gov.br\/saude\/wp-content\/uploads\/sites\/9\/2017\/11\/clara.png","contentUrl":"http:\/\/ww16.ce.gov.br\/saude\/wp-content\/uploads\/sites\/9\/2017\/11\/clara.png","width":559,"height":106,"caption":"Secretaria da Sa\u00fade"},"image":{"@id":"https:\/\/ww16.ce.gov.br\/saude\/#\/schema\/logo\/image\/"}}]}},"_links":{"self":[{"href":"https:\/\/ww16.ce.gov.br\/saude\/wp-json\/wp\/v2\/pages\/98772","targetHints":{"allow":["GET"]}}],"collection":[{"href":"https:\/\/ww16.ce.gov.br\/saude\/wp-json\/wp\/v2\/pages"}],"about":[{"href":"https:\/\/ww16.ce.gov.br\/saude\/wp-json\/wp\/v2\/types\/page"}],"author":[{"embeddable":true,"href":"https:\/\/ww16.ce.gov.br\/saude\/wp-json\/wp\/v2\/users\/520"}],"replies":[{"embeddable":true,"href":"https:\/\/ww16.ce.gov.br\/saude\/wp-json\/wp\/v2\/comments?post=98772"}],"version-history":[{"count":87,"href":"https:\/\/ww16.ce.gov.br\/saude\/wp-json\/wp\/v2\/pages\/98772\/revisions"}],"predecessor-version":[{"id":151124,"href":"https:\/\/ww16.ce.gov.br\/saude\/wp-json\/wp\/v2\/pages\/98772\/revisions\/151124"}],"wp:attachment":[{"href":"https:\/\/ww16.ce.gov.br\/saude\/wp-json\/wp\/v2\/media?parent=98772"}],"curies":[{"name":"wp","href":"https:\/\/api.w.org\/{rel}","templated":true}]}}