{"id":98496,"date":"2021-06-16T14:12:57","date_gmt":"2021-06-16T17:12:57","guid":{"rendered":"http:\/\/ww16.ce.gov.br\/saude\/?page_id=98496"},"modified":"2023-07-25T12:40:28","modified_gmt":"2023-07-25T15:40:28","slug":"diretoria","status":"publish","type":"page","link":"https:\/\/ww16.ce.gov.br\/saude\/ipc\/servico\/diretoria\/","title":{"rendered":"IPC | Diretoria"},"content":{"rendered":"<h1><strong>Diretoria<\/strong><\/h1>\n<p>&nbsp;<\/p>\n<h3 class=\"-laranja\"><strong>Christina Cordeiro Benevides Magalh\u00e3es<\/strong><\/h3>\n<h4>Diretoria geral<\/h4>\n<p>&nbsp;<\/p>\n<p>M\u00e9dica formada pela Universidade Federal do Cear\u00e1 (UFC), fez Resid\u00eancia em Ginecologia e Obstetr\u00edcia pela mesma institui\u00e7\u00e3o e tem Mestrado em Patologia, com foco na microbiota vaginal e a rela\u00e7\u00e3o com as les\u00f5es precursoras e o c\u00e2ncer do colo uterino. Tem curso de especializa\u00e7\u00e3o em Educa\u00e7\u00e3o na Sa\u00fade para Preceptores do Sistema \u00danico de Sa\u00fade (SUS) pelo Instituto S\u00edrio Liban\u00eas de Ensino e Pesquisa.<\/p>\n<p>&nbsp;<\/p>\n<h3 class=\"-laranja\"><strong>Maria de Lourdes Martins Reis<\/strong><\/h3>\n<h4>Diretoria cl\u00ednica<\/h4>\n<p>&nbsp;<\/p>\n<p>M\u00e9dica formada pela Universidade Federal do Maranh\u00e3o (UFMA), com Resid\u00eancia em Anatomia Patol\u00f3gica pela Universidade Federal do Cear\u00e1 (UFC) e especializa\u00e7\u00e3o em Diagn\u00f3stico Citopatol\u00f3gico e T\u00e9cnicas Invasivas na Pr\u00e1tica M\u00e9dica pela UFMA.<\/p>\n","protected":false},"excerpt":{"rendered":"<p>Diretoria &nbsp; Christina Cordeiro Benevides Magalh\u00e3es Diretoria geral &nbsp; M\u00e9dica formada pela Universidade Federal do Cear\u00e1 (UFC), fez Resid\u00eancia em Ginecologia e Obstetr\u00edcia pela mesma institui\u00e7\u00e3o e tem Mestrado em Patologia, com foco na microbiota vaginal e a rela\u00e7\u00e3o com as les\u00f5es precursoras e o c\u00e2ncer do colo uterino. Tem curso de especializa\u00e7\u00e3o em Educa\u00e7\u00e3o [&hellip;]<\/p>\n","protected":false},"author":12,"featured_media":0,"parent":98472,"menu_order":0,"comment_status":"closed","ping_status":"closed","template":"","meta":{"_acf_changed":false,"inline_featured_image":false,"footnotes":""},"class_list":["post-98496","page","type-page","status-publish","hentry"],"acf":[],"yoast_head":"<!-- This site is optimized with the Yoast SEO plugin v26.9 - https:\/\/yoast.com\/product\/yoast-seo-wordpress\/ -->\n<title>IPC | Diretoria - Secretaria da Sa\u00fade do Cear\u00e1<\/title>\n<meta name=\"robots\" content=\"index, follow, max-snippet:-1, max-image-preview:large, max-video-preview:-1\" \/>\n<link rel=\"canonical\" href=\"https:\/\/ww16.ce.gov.br\/saude\/ipc\/servico\/diretoria\/\" \/>\n<meta property=\"og:locale\" content=\"pt_BR\" \/>\n<meta property=\"og:type\" content=\"article\" \/>\n<meta property=\"og:title\" content=\"IPC | Diretoria - Secretaria da Sa\u00fade do Cear\u00e1\" \/>\n<meta property=\"og:description\" content=\"Diretoria &nbsp; Christina Cordeiro Benevides Magalh\u00e3es Diretoria geral &nbsp; M\u00e9dica formada pela Universidade Federal do Cear\u00e1 (UFC), fez Resid\u00eancia em Ginecologia e Obstetr\u00edcia pela mesma institui\u00e7\u00e3o e tem Mestrado em Patologia, com foco na microbiota vaginal e a rela\u00e7\u00e3o com as les\u00f5es precursoras e o c\u00e2ncer do colo uterino. Tem curso de especializa\u00e7\u00e3o em Educa\u00e7\u00e3o [&hellip;]\" \/>\n<meta property=\"og:url\" content=\"https:\/\/ww16.ce.gov.br\/saude\/ipc\/servico\/diretoria\/\" \/>\n<meta property=\"og:site_name\" content=\"Secretaria da Sa\u00fade do Cear\u00e1\" \/>\n<meta property=\"article:modified_time\" content=\"2023-07-25T15:40:28+00:00\" \/>\n<meta name=\"twitter:card\" content=\"summary_large_image\" \/>\n<meta name=\"twitter:label1\" content=\"Est. reading time\" \/>\n\t<meta name=\"twitter:data1\" content=\"1 minuto\" \/>\n<script type=\"application\/ld+json\" class=\"yoast-schema-graph\">{\"@context\":\"https:\/\/schema.org\",\"@graph\":[{\"@type\":\"WebPage\",\"@id\":\"https:\/\/ww16.ce.gov.br\/saude\/ipc\/servico\/diretoria\/\",\"url\":\"https:\/\/ww16.ce.gov.br\/saude\/ipc\/servico\/diretoria\/\",\"name\":\"IPC | Diretoria - Secretaria da Sa\u00fade do Cear\u00e1\",\"isPartOf\":{\"@id\":\"https:\/\/ww16.ce.gov.br\/saude\/#website\"},\"datePublished\":\"2021-06-16T17:12:57+00:00\",\"dateModified\":\"2023-07-25T15:40:28+00:00\",\"breadcrumb\":{\"@id\":\"https:\/\/ww16.ce.gov.br\/saude\/ipc\/servico\/diretoria\/#breadcrumb\"},\"inLanguage\":\"pt-BR\",\"potentialAction\":[{\"@type\":\"ReadAction\",\"target\":[\"https:\/\/ww16.ce.gov.br\/saude\/ipc\/servico\/diretoria\/\"]}]},{\"@type\":\"BreadcrumbList\",\"@id\":\"https:\/\/ww16.ce.gov.br\/saude\/ipc\/servico\/diretoria\/#breadcrumb\",\"itemListElement\":[{\"@type\":\"ListItem\",\"position\":1,\"name\":\"In\u00edcio\",\"item\":\"https:\/\/ww16.ce.gov.br\/saude\/\"},{\"@type\":\"ListItem\",\"position\":2,\"name\":\"IPC | Principal\",\"item\":\"https:\/\/ww16.ce.gov.br\/saude\/ipc\/\"},{\"@type\":\"ListItem\",\"position\":3,\"name\":\"IPC | Servi\u00e7o\",\"item\":\"https:\/\/ww16.ce.gov.br\/saude\/ipc\/servico\/\"},{\"@type\":\"ListItem\",\"position\":4,\"name\":\"IPC | Diretoria\"}]},{\"@type\":\"WebSite\",\"@id\":\"https:\/\/ww16.ce.gov.br\/saude\/#website\",\"url\":\"https:\/\/ww16.ce.gov.br\/saude\/\",\"name\":\"Secretaria da Sa\u00fade\",\"description\":\"Secretaria da Sa\u00fade do Cear\u00e1\",\"publisher\":{\"@id\":\"https:\/\/ww16.ce.gov.br\/saude\/#organization\"},\"potentialAction\":[{\"@type\":\"SearchAction\",\"target\":{\"@type\":\"EntryPoint\",\"urlTemplate\":\"https:\/\/ww16.ce.gov.br\/saude\/?s={search_term_string}\"},\"query-input\":{\"@type\":\"PropertyValueSpecification\",\"valueRequired\":true,\"valueName\":\"search_term_string\"}}],\"inLanguage\":\"pt-BR\"},{\"@type\":\"Organization\",\"@id\":\"https:\/\/ww16.ce.gov.br\/saude\/#organization\",\"name\":\"Secretaria da Sa\u00fade\",\"url\":\"https:\/\/ww16.ce.gov.br\/saude\/\",\"logo\":{\"@type\":\"ImageObject\",\"inLanguage\":\"pt-BR\",\"@id\":\"https:\/\/ww16.ce.gov.br\/saude\/#\/schema\/logo\/image\/\",\"url\":\"http:\/\/ww16.ce.gov.br\/saude\/wp-content\/uploads\/sites\/9\/2017\/11\/clara.png\",\"contentUrl\":\"http:\/\/ww16.ce.gov.br\/saude\/wp-content\/uploads\/sites\/9\/2017\/11\/clara.png\",\"width\":559,\"height\":106,\"caption\":\"Secretaria da Sa\u00fade\"},\"image\":{\"@id\":\"https:\/\/ww16.ce.gov.br\/saude\/#\/schema\/logo\/image\/\"}}]}<\/script>\n<!-- \/ Yoast SEO plugin. -->","yoast_head_json":{"title":"IPC | Diretoria - Secretaria da Sa\u00fade do Cear\u00e1","robots":{"index":"index","follow":"follow","max-snippet":"max-snippet:-1","max-image-preview":"max-image-preview:large","max-video-preview":"max-video-preview:-1"},"canonical":"https:\/\/ww16.ce.gov.br\/saude\/ipc\/servico\/diretoria\/","og_locale":"pt_BR","og_type":"article","og_title":"IPC | Diretoria - Secretaria da Sa\u00fade do Cear\u00e1","og_description":"Diretoria &nbsp; Christina Cordeiro Benevides Magalh\u00e3es Diretoria geral &nbsp; M\u00e9dica formada pela Universidade Federal do Cear\u00e1 (UFC), fez Resid\u00eancia em Ginecologia e Obstetr\u00edcia pela mesma institui\u00e7\u00e3o e tem Mestrado em Patologia, com foco na microbiota vaginal e a rela\u00e7\u00e3o com as les\u00f5es precursoras e o c\u00e2ncer do colo uterino. Tem curso de especializa\u00e7\u00e3o em Educa\u00e7\u00e3o [&hellip;]","og_url":"https:\/\/ww16.ce.gov.br\/saude\/ipc\/servico\/diretoria\/","og_site_name":"Secretaria da Sa\u00fade do Cear\u00e1","article_modified_time":"2023-07-25T15:40:28+00:00","twitter_card":"summary_large_image","twitter_misc":{"Est. reading time":"1 minuto"},"schema":{"@context":"https:\/\/schema.org","@graph":[{"@type":"WebPage","@id":"https:\/\/ww16.ce.gov.br\/saude\/ipc\/servico\/diretoria\/","url":"https:\/\/ww16.ce.gov.br\/saude\/ipc\/servico\/diretoria\/","name":"IPC | Diretoria - Secretaria da Sa\u00fade do Cear\u00e1","isPartOf":{"@id":"https:\/\/ww16.ce.gov.br\/saude\/#website"},"datePublished":"2021-06-16T17:12:57+00:00","dateModified":"2023-07-25T15:40:28+00:00","breadcrumb":{"@id":"https:\/\/ww16.ce.gov.br\/saude\/ipc\/servico\/diretoria\/#breadcrumb"},"inLanguage":"pt-BR","potentialAction":[{"@type":"ReadAction","target":["https:\/\/ww16.ce.gov.br\/saude\/ipc\/servico\/diretoria\/"]}]},{"@type":"BreadcrumbList","@id":"https:\/\/ww16.ce.gov.br\/saude\/ipc\/servico\/diretoria\/#breadcrumb","itemListElement":[{"@type":"ListItem","position":1,"name":"In\u00edcio","item":"https:\/\/ww16.ce.gov.br\/saude\/"},{"@type":"ListItem","position":2,"name":"IPC | Principal","item":"https:\/\/ww16.ce.gov.br\/saude\/ipc\/"},{"@type":"ListItem","position":3,"name":"IPC | Servi\u00e7o","item":"https:\/\/ww16.ce.gov.br\/saude\/ipc\/servico\/"},{"@type":"ListItem","position":4,"name":"IPC | Diretoria"}]},{"@type":"WebSite","@id":"https:\/\/ww16.ce.gov.br\/saude\/#website","url":"https:\/\/ww16.ce.gov.br\/saude\/","name":"Secretaria da Sa\u00fade","description":"Secretaria da Sa\u00fade do Cear\u00e1","publisher":{"@id":"https:\/\/ww16.ce.gov.br\/saude\/#organization"},"potentialAction":[{"@type":"SearchAction","target":{"@type":"EntryPoint","urlTemplate":"https:\/\/ww16.ce.gov.br\/saude\/?s={search_term_string}"},"query-input":{"@type":"PropertyValueSpecification","valueRequired":true,"valueName":"search_term_string"}}],"inLanguage":"pt-BR"},{"@type":"Organization","@id":"https:\/\/ww16.ce.gov.br\/saude\/#organization","name":"Secretaria da Sa\u00fade","url":"https:\/\/ww16.ce.gov.br\/saude\/","logo":{"@type":"ImageObject","inLanguage":"pt-BR","@id":"https:\/\/ww16.ce.gov.br\/saude\/#\/schema\/logo\/image\/","url":"http:\/\/ww16.ce.gov.br\/saude\/wp-content\/uploads\/sites\/9\/2017\/11\/clara.png","contentUrl":"http:\/\/ww16.ce.gov.br\/saude\/wp-content\/uploads\/sites\/9\/2017\/11\/clara.png","width":559,"height":106,"caption":"Secretaria da Sa\u00fade"},"image":{"@id":"https:\/\/ww16.ce.gov.br\/saude\/#\/schema\/logo\/image\/"}}]}},"_links":{"self":[{"href":"https:\/\/ww16.ce.gov.br\/saude\/wp-json\/wp\/v2\/pages\/98496","targetHints":{"allow":["GET"]}}],"collection":[{"href":"https:\/\/ww16.ce.gov.br\/saude\/wp-json\/wp\/v2\/pages"}],"about":[{"href":"https:\/\/ww16.ce.gov.br\/saude\/wp-json\/wp\/v2\/types\/page"}],"author":[{"embeddable":true,"href":"https:\/\/ww16.ce.gov.br\/saude\/wp-json\/wp\/v2\/users\/12"}],"replies":[{"embeddable":true,"href":"https:\/\/ww16.ce.gov.br\/saude\/wp-json\/wp\/v2\/comments?post=98496"}],"version-history":[{"count":8,"href":"https:\/\/ww16.ce.gov.br\/saude\/wp-json\/wp\/v2\/pages\/98496\/revisions"}],"predecessor-version":[{"id":120481,"href":"https:\/\/ww16.ce.gov.br\/saude\/wp-json\/wp\/v2\/pages\/98496\/revisions\/120481"}],"up":[{"embeddable":true,"href":"https:\/\/ww16.ce.gov.br\/saude\/wp-json\/wp\/v2\/pages\/98472"}],"wp:attachment":[{"href":"https:\/\/ww16.ce.gov.br\/saude\/wp-json\/wp\/v2\/media?parent=98496"}],"curies":[{"name":"wp","href":"https:\/\/api.w.org\/{rel}","templated":true}]}}