{"id":98484,"date":"2021-06-16T12:17:40","date_gmt":"2021-06-16T15:17:40","guid":{"rendered":"http:\/\/ww16.ce.gov.br\/saude\/?page_id=98484"},"modified":"2021-06-29T17:11:07","modified_gmt":"2021-06-29T20:11:07","slug":"exames","status":"publish","type":"page","link":"https:\/\/ww16.ce.gov.br\/saude\/ipc\/servico\/exames\/","title":{"rendered":"IPC | Exames Realizados"},"content":{"rendered":"<h1><strong>Exames realizados<\/strong><\/h1>\n<p>&nbsp;<\/p>\n<h3 class=\"-laranja\"><strong>Mamografia<\/strong><\/h3>\n<p><strong>Principal exame para o diagn\u00f3stico do c\u00e2ncer de mama<\/strong>, disponibilizado para rastreamento de mulheres de 50 a 69 anos e de outras idades, conforme achado cl\u00ednico.<\/p>\n<p>&nbsp;<\/p>\n<h3 class=\"-laranja\"><strong>Colposcopia<\/strong><\/h3>\n<p><strong>Exame indicado para mulheres com citologia positiva<\/strong>, no intuito de localizar les\u00f5es pr\u00e9-neopl\u00e1sicas ou neopl\u00e1sicas.<\/p>\n<p>&nbsp;<\/p>\n<h3 class=\"-laranja\"><strong>Histeroscopia<\/strong><\/h3>\n<p><strong>Exame de alta precis\u00e3o para diagn\u00f3stico de patologias endometriais<\/strong>, sobretudo, o c\u00e2ncer.<\/p>\n<p>&nbsp;<\/p>\n<h3 class=\"-laranja\"><strong>Citopatologia<\/strong><\/h3>\n<p>Exame universalmente usado como m\u00e9todo de rastreio para identifica\u00e7\u00e3o de c\u00e9lulas alteradas, colhidas do colo do \u00fatero. <strong>Conhecido como papanicolau<\/strong>.<\/p>\n<p>&nbsp;<\/p>\n<h3 class=\"-laranja\"><strong>Cirurgia<\/strong><\/h3>\n<p>O IPC realiza cirurgias de pequeno e m\u00e9dio porte para diagn\u00f3stico e tratamento precoce de c\u00e2ncer de colo do \u00fatero e mama, tais como <strong>coniza\u00e7\u00e3o do colo a frio e por cirurgia de alta frequ\u00eancia (CAF) e ex\u00e9rese de n\u00f3dulos de mama<\/strong>.<\/p>\n<p>&nbsp;<\/p>\n<h3 class=\"-laranja\"><strong>Fisioterapia<\/strong><\/h3>\n<p>Um dos prop\u00f3sitos do tratamento do c\u00e2ncer de mama \u00e9 a reabilita\u00e7\u00e3o. O IPC disponibiliza esse servi\u00e7o por meio da fisioterapia, <strong>em especial para mulheres mastectomizadas<\/strong>, visando \u00e0 recupera\u00e7\u00e3o da funcionalidade dos membros superiores.<\/p>\n","protected":false},"excerpt":{"rendered":"<p>Exames realizados &nbsp; Mamografia Principal exame para o diagn\u00f3stico do c\u00e2ncer de mama, disponibilizado para rastreamento de mulheres de 50 a 69 anos e de outras idades, conforme achado cl\u00ednico. &nbsp; Colposcopia Exame indicado para mulheres com citologia positiva, no intuito de localizar les\u00f5es pr\u00e9-neopl\u00e1sicas ou neopl\u00e1sicas. &nbsp; Histeroscopia Exame de alta precis\u00e3o para diagn\u00f3stico [&hellip;]<\/p>\n","protected":false},"author":12,"featured_media":0,"parent":98472,"menu_order":0,"comment_status":"closed","ping_status":"closed","template":"","meta":{"_acf_changed":false,"inline_featured_image":false,"footnotes":""},"class_list":["post-98484","page","type-page","status-publish","hentry"],"acf":[],"yoast_head":"<!-- This site is optimized with the Yoast SEO plugin v26.9 - https:\/\/yoast.com\/product\/yoast-seo-wordpress\/ -->\n<title>IPC | Exames Realizados - Secretaria da Sa\u00fade do Cear\u00e1<\/title>\n<meta name=\"robots\" content=\"index, follow, max-snippet:-1, max-image-preview:large, max-video-preview:-1\" \/>\n<link rel=\"canonical\" href=\"https:\/\/ww16.ce.gov.br\/saude\/ipc\/servico\/exames\/\" \/>\n<meta property=\"og:locale\" content=\"pt_BR\" \/>\n<meta property=\"og:type\" content=\"article\" \/>\n<meta property=\"og:title\" content=\"IPC | Exames Realizados - Secretaria da Sa\u00fade do Cear\u00e1\" \/>\n<meta property=\"og:description\" content=\"Exames realizados &nbsp; Mamografia Principal exame para o diagn\u00f3stico do c\u00e2ncer de mama, disponibilizado para rastreamento de mulheres de 50 a 69 anos e de outras idades, conforme achado cl\u00ednico. &nbsp; Colposcopia Exame indicado para mulheres com citologia positiva, no intuito de localizar les\u00f5es pr\u00e9-neopl\u00e1sicas ou neopl\u00e1sicas. &nbsp; Histeroscopia Exame de alta precis\u00e3o para diagn\u00f3stico [&hellip;]\" \/>\n<meta property=\"og:url\" content=\"https:\/\/ww16.ce.gov.br\/saude\/ipc\/servico\/exames\/\" \/>\n<meta property=\"og:site_name\" content=\"Secretaria da Sa\u00fade do Cear\u00e1\" \/>\n<meta property=\"article:modified_time\" content=\"2021-06-29T20:11:07+00:00\" \/>\n<meta name=\"twitter:card\" content=\"summary_large_image\" \/>\n<meta name=\"twitter:label1\" content=\"Est. reading time\" \/>\n\t<meta name=\"twitter:data1\" content=\"1 minuto\" \/>\n<script type=\"application\/ld+json\" class=\"yoast-schema-graph\">{\"@context\":\"https:\/\/schema.org\",\"@graph\":[{\"@type\":\"WebPage\",\"@id\":\"https:\/\/ww16.ce.gov.br\/saude\/ipc\/servico\/exames\/\",\"url\":\"https:\/\/ww16.ce.gov.br\/saude\/ipc\/servico\/exames\/\",\"name\":\"IPC | Exames Realizados - Secretaria da Sa\u00fade do Cear\u00e1\",\"isPartOf\":{\"@id\":\"https:\/\/ww16.ce.gov.br\/saude\/#website\"},\"datePublished\":\"2021-06-16T15:17:40+00:00\",\"dateModified\":\"2021-06-29T20:11:07+00:00\",\"breadcrumb\":{\"@id\":\"https:\/\/ww16.ce.gov.br\/saude\/ipc\/servico\/exames\/#breadcrumb\"},\"inLanguage\":\"pt-BR\",\"potentialAction\":[{\"@type\":\"ReadAction\",\"target\":[\"https:\/\/ww16.ce.gov.br\/saude\/ipc\/servico\/exames\/\"]}]},{\"@type\":\"BreadcrumbList\",\"@id\":\"https:\/\/ww16.ce.gov.br\/saude\/ipc\/servico\/exames\/#breadcrumb\",\"itemListElement\":[{\"@type\":\"ListItem\",\"position\":1,\"name\":\"In\u00edcio\",\"item\":\"https:\/\/ww16.ce.gov.br\/saude\/\"},{\"@type\":\"ListItem\",\"position\":2,\"name\":\"IPC | Principal\",\"item\":\"https:\/\/ww16.ce.gov.br\/saude\/ipc\/\"},{\"@type\":\"ListItem\",\"position\":3,\"name\":\"IPC | Servi\u00e7o\",\"item\":\"https:\/\/ww16.ce.gov.br\/saude\/ipc\/servico\/\"},{\"@type\":\"ListItem\",\"position\":4,\"name\":\"IPC | Exames Realizados\"}]},{\"@type\":\"WebSite\",\"@id\":\"https:\/\/ww16.ce.gov.br\/saude\/#website\",\"url\":\"https:\/\/ww16.ce.gov.br\/saude\/\",\"name\":\"Secretaria da Sa\u00fade\",\"description\":\"Secretaria da Sa\u00fade do Cear\u00e1\",\"publisher\":{\"@id\":\"https:\/\/ww16.ce.gov.br\/saude\/#organization\"},\"potentialAction\":[{\"@type\":\"SearchAction\",\"target\":{\"@type\":\"EntryPoint\",\"urlTemplate\":\"https:\/\/ww16.ce.gov.br\/saude\/?s={search_term_string}\"},\"query-input\":{\"@type\":\"PropertyValueSpecification\",\"valueRequired\":true,\"valueName\":\"search_term_string\"}}],\"inLanguage\":\"pt-BR\"},{\"@type\":\"Organization\",\"@id\":\"https:\/\/ww16.ce.gov.br\/saude\/#organization\",\"name\":\"Secretaria da Sa\u00fade\",\"url\":\"https:\/\/ww16.ce.gov.br\/saude\/\",\"logo\":{\"@type\":\"ImageObject\",\"inLanguage\":\"pt-BR\",\"@id\":\"https:\/\/ww16.ce.gov.br\/saude\/#\/schema\/logo\/image\/\",\"url\":\"http:\/\/ww16.ce.gov.br\/saude\/wp-content\/uploads\/sites\/9\/2017\/11\/clara.png\",\"contentUrl\":\"http:\/\/ww16.ce.gov.br\/saude\/wp-content\/uploads\/sites\/9\/2017\/11\/clara.png\",\"width\":559,\"height\":106,\"caption\":\"Secretaria da Sa\u00fade\"},\"image\":{\"@id\":\"https:\/\/ww16.ce.gov.br\/saude\/#\/schema\/logo\/image\/\"}}]}<\/script>\n<!-- \/ Yoast SEO plugin. -->","yoast_head_json":{"title":"IPC | Exames Realizados - Secretaria da Sa\u00fade do Cear\u00e1","robots":{"index":"index","follow":"follow","max-snippet":"max-snippet:-1","max-image-preview":"max-image-preview:large","max-video-preview":"max-video-preview:-1"},"canonical":"https:\/\/ww16.ce.gov.br\/saude\/ipc\/servico\/exames\/","og_locale":"pt_BR","og_type":"article","og_title":"IPC | Exames Realizados - Secretaria da Sa\u00fade do Cear\u00e1","og_description":"Exames realizados &nbsp; Mamografia Principal exame para o diagn\u00f3stico do c\u00e2ncer de mama, disponibilizado para rastreamento de mulheres de 50 a 69 anos e de outras idades, conforme achado cl\u00ednico. &nbsp; Colposcopia Exame indicado para mulheres com citologia positiva, no intuito de localizar les\u00f5es pr\u00e9-neopl\u00e1sicas ou neopl\u00e1sicas. &nbsp; Histeroscopia Exame de alta precis\u00e3o para diagn\u00f3stico [&hellip;]","og_url":"https:\/\/ww16.ce.gov.br\/saude\/ipc\/servico\/exames\/","og_site_name":"Secretaria da Sa\u00fade do Cear\u00e1","article_modified_time":"2021-06-29T20:11:07+00:00","twitter_card":"summary_large_image","twitter_misc":{"Est. reading time":"1 minuto"},"schema":{"@context":"https:\/\/schema.org","@graph":[{"@type":"WebPage","@id":"https:\/\/ww16.ce.gov.br\/saude\/ipc\/servico\/exames\/","url":"https:\/\/ww16.ce.gov.br\/saude\/ipc\/servico\/exames\/","name":"IPC | Exames Realizados - Secretaria da Sa\u00fade do Cear\u00e1","isPartOf":{"@id":"https:\/\/ww16.ce.gov.br\/saude\/#website"},"datePublished":"2021-06-16T15:17:40+00:00","dateModified":"2021-06-29T20:11:07+00:00","breadcrumb":{"@id":"https:\/\/ww16.ce.gov.br\/saude\/ipc\/servico\/exames\/#breadcrumb"},"inLanguage":"pt-BR","potentialAction":[{"@type":"ReadAction","target":["https:\/\/ww16.ce.gov.br\/saude\/ipc\/servico\/exames\/"]}]},{"@type":"BreadcrumbList","@id":"https:\/\/ww16.ce.gov.br\/saude\/ipc\/servico\/exames\/#breadcrumb","itemListElement":[{"@type":"ListItem","position":1,"name":"In\u00edcio","item":"https:\/\/ww16.ce.gov.br\/saude\/"},{"@type":"ListItem","position":2,"name":"IPC | Principal","item":"https:\/\/ww16.ce.gov.br\/saude\/ipc\/"},{"@type":"ListItem","position":3,"name":"IPC | Servi\u00e7o","item":"https:\/\/ww16.ce.gov.br\/saude\/ipc\/servico\/"},{"@type":"ListItem","position":4,"name":"IPC | Exames Realizados"}]},{"@type":"WebSite","@id":"https:\/\/ww16.ce.gov.br\/saude\/#website","url":"https:\/\/ww16.ce.gov.br\/saude\/","name":"Secretaria da Sa\u00fade","description":"Secretaria da Sa\u00fade do Cear\u00e1","publisher":{"@id":"https:\/\/ww16.ce.gov.br\/saude\/#organization"},"potentialAction":[{"@type":"SearchAction","target":{"@type":"EntryPoint","urlTemplate":"https:\/\/ww16.ce.gov.br\/saude\/?s={search_term_string}"},"query-input":{"@type":"PropertyValueSpecification","valueRequired":true,"valueName":"search_term_string"}}],"inLanguage":"pt-BR"},{"@type":"Organization","@id":"https:\/\/ww16.ce.gov.br\/saude\/#organization","name":"Secretaria da Sa\u00fade","url":"https:\/\/ww16.ce.gov.br\/saude\/","logo":{"@type":"ImageObject","inLanguage":"pt-BR","@id":"https:\/\/ww16.ce.gov.br\/saude\/#\/schema\/logo\/image\/","url":"http:\/\/ww16.ce.gov.br\/saude\/wp-content\/uploads\/sites\/9\/2017\/11\/clara.png","contentUrl":"http:\/\/ww16.ce.gov.br\/saude\/wp-content\/uploads\/sites\/9\/2017\/11\/clara.png","width":559,"height":106,"caption":"Secretaria da Sa\u00fade"},"image":{"@id":"https:\/\/ww16.ce.gov.br\/saude\/#\/schema\/logo\/image\/"}}]}},"_links":{"self":[{"href":"https:\/\/ww16.ce.gov.br\/saude\/wp-json\/wp\/v2\/pages\/98484","targetHints":{"allow":["GET"]}}],"collection":[{"href":"https:\/\/ww16.ce.gov.br\/saude\/wp-json\/wp\/v2\/pages"}],"about":[{"href":"https:\/\/ww16.ce.gov.br\/saude\/wp-json\/wp\/v2\/types\/page"}],"author":[{"embeddable":true,"href":"https:\/\/ww16.ce.gov.br\/saude\/wp-json\/wp\/v2\/users\/12"}],"replies":[{"embeddable":true,"href":"https:\/\/ww16.ce.gov.br\/saude\/wp-json\/wp\/v2\/comments?post=98484"}],"version-history":[{"count":1,"href":"https:\/\/ww16.ce.gov.br\/saude\/wp-json\/wp\/v2\/pages\/98484\/revisions"}],"predecessor-version":[{"id":98485,"href":"https:\/\/ww16.ce.gov.br\/saude\/wp-json\/wp\/v2\/pages\/98484\/revisions\/98485"}],"up":[{"embeddable":true,"href":"https:\/\/ww16.ce.gov.br\/saude\/wp-json\/wp\/v2\/pages\/98472"}],"wp:attachment":[{"href":"https:\/\/ww16.ce.gov.br\/saude\/wp-json\/wp\/v2\/media?parent=98484"}],"curies":[{"name":"wp","href":"https:\/\/api.w.org\/{rel}","templated":true}]}}