{"id":98474,"date":"2021-06-16T11:40:52","date_gmt":"2021-06-16T14:40:52","guid":{"rendered":"http:\/\/ww16.ce.gov.br\/saude\/?page_id=98474"},"modified":"2022-04-11T10:46:27","modified_gmt":"2022-04-11T13:46:27","slug":"ipc","status":"publish","type":"page","link":"https:\/\/ww16.ce.gov.br\/saude\/ipc\/","title":{"rendered":"IPC | Principal"},"content":{"rendered":"<h1><strong>Instituto de Preven\u00e7\u00e3o do C\u00e2ncer (IPC)<\/strong><\/h1>\n<p>&nbsp;<\/p>\n<p><img loading=\"lazy\" decoding=\"async\" class=\"alignnone wp-image-98565 size-full\" src=\"https:\/\/ww16.ce.gov.br\/saude\/wp-content\/uploads\/sites\/64\/2021\/06\/ipc_fachada_v2.png\" alt=\"\" width=\"1500\" height=\"741\" srcset=\"https:\/\/ww16.ce.gov.br\/saude\/wp-content\/uploads\/sites\/64\/2021\/06\/ipc_fachada_v2.png 1500w, https:\/\/ww16.ce.gov.br\/saude\/wp-content\/uploads\/sites\/64\/2021\/06\/ipc_fachada_v2-600x296.png 600w, https:\/\/ww16.ce.gov.br\/saude\/wp-content\/uploads\/sites\/64\/2021\/06\/ipc_fachada_v2-1200x593.png 1200w, https:\/\/ww16.ce.gov.br\/saude\/wp-content\/uploads\/sites\/64\/2021\/06\/ipc_fachada_v2-768x379.png 768w\" sizes=\"auto, (max-width: 1500px) 100vw, 1500px\" \/><\/p>\n<p>&nbsp;<\/p>\n<p>O Instituto de Preven\u00e7\u00e3o do C\u00e2ncer (IPC) foi criado em 14 de abril de 1969. Sua primeira sede funcionou na Rua 25 de Mar\u00e7o, n\u00ba 607, e, em 1976, foi transferido para o endere\u00e7o atual, na Rua Walter Bezerra de S\u00e1, n\u00ba 58, <strong>formando com o Centro Integrado de Diabetes e Hipertens\u00e3o (CIDH) e o Laborat\u00f3rio Central de Sa\u00fade P\u00fablica (Lacen) um complexo de Sa\u00fade P\u00fablica<\/strong>.<\/p>\n<p>&nbsp;<\/p>\n<p>Com a cria\u00e7\u00e3o e implementa\u00e7\u00e3o do Sistema \u00danico de Sa\u00fade (SUS), o IPC foi se adequando a um novo perfil, mantendo, por\u00e9m, como principal miss\u00e3o, a contribui\u00e7\u00e3o para a melhoria da qualidade de vida da mulher, <strong>diminuindo a morbimortalidade por doen\u00e7as relacionadas ao c\u00e2ncer, em especial, ao c\u00e2ncer do colo do \u00fatero e de mama<\/strong>. Suas a\u00e7\u00f5es se ampliaram e ganharam relev\u00e2ncia estadual.<\/p>\n<p>&nbsp;<\/p>\n<p>Atualmente, \u00e9 <strong>refer\u00eancia secund\u00e1ria para o diagn\u00f3stico e tratamento precoce de les\u00f5es precursoras do c\u00e2ncer do colo do \u00fatero e mama, e tamb\u00e9m refer\u00eancia para os munic\u00edpios cearenses na condu\u00e7\u00e3o das pol\u00edticas de controle desses c\u00e2nceres<\/strong>. Ainda mant\u00e9m, em parceria com o munic\u00edpio de Fortaleza, coleta sistem\u00e1tica do exame prim\u00e1rio de preven\u00e7\u00e3o do c\u00e2ncer do colo do \u00fatero, tornando-se um centro de treinamento para profissionais dos mais distantes munic\u00edpios do Estado que precisam se aperfei\u00e7oar nessa t\u00e9cnica.<\/p>\n<p>&nbsp;<\/p>\n<p>De 2000 a 2013, o IPC ganhou proje\u00e7\u00e3o nacional e internacional ao ser escolhido como um Centro de Pesquisa para um Estudo Multic\u00eantrico com participa\u00e7\u00e3o de centros dos Estados Unidos, Canad\u00e1 e de outras cidades do Brasil, como Porto Alegre, Curitiba, S\u00e3o Paulo e Campinas, para o desenvolvimento da vacina contra o HPV, principal respons\u00e1vel pelo c\u00e2ncer do colo do \u00fatero. O IPC est\u00e1 na vanguarda da preven\u00e7\u00e3o prim\u00e1ria desse agravo.<\/p>\n","protected":false},"excerpt":{"rendered":"<p>Instituto de Preven\u00e7\u00e3o do C\u00e2ncer (IPC) &nbsp; &nbsp; O Instituto de Preven\u00e7\u00e3o do C\u00e2ncer (IPC) foi criado em 14 de abril de 1969. Sua primeira sede funcionou na Rua 25 de Mar\u00e7o, n\u00ba 607, e, em 1976, foi transferido para o endere\u00e7o atual, na Rua Walter Bezerra de S\u00e1, n\u00ba 58, formando com o Centro [&hellip;]<\/p>\n","protected":false},"author":12,"featured_media":0,"parent":0,"menu_order":0,"comment_status":"closed","ping_status":"closed","template":"pagina-lista-filhas.php","meta":{"_acf_changed":false,"inline_featured_image":false,"footnotes":""},"class_list":["post-98474","page","type-page","status-publish","hentry"],"acf":[],"yoast_head":"<!-- This site is optimized with the Yoast SEO plugin v26.9 - https:\/\/yoast.com\/product\/yoast-seo-wordpress\/ -->\n<title>IPC | Principal - Secretaria da Sa\u00fade do Cear\u00e1<\/title>\n<meta name=\"robots\" content=\"index, follow, max-snippet:-1, max-image-preview:large, max-video-preview:-1\" \/>\n<link rel=\"canonical\" href=\"https:\/\/ww16.ce.gov.br\/saude\/ipc\/\" \/>\n<meta property=\"og:locale\" content=\"pt_BR\" \/>\n<meta property=\"og:type\" content=\"article\" \/>\n<meta property=\"og:title\" content=\"IPC | Principal - Secretaria da Sa\u00fade do Cear\u00e1\" \/>\n<meta property=\"og:description\" content=\"Instituto de Preven\u00e7\u00e3o do C\u00e2ncer (IPC) &nbsp; &nbsp; O Instituto de Preven\u00e7\u00e3o do C\u00e2ncer (IPC) foi criado em 14 de abril de 1969. Sua primeira sede funcionou na Rua 25 de Mar\u00e7o, n\u00ba 607, e, em 1976, foi transferido para o endere\u00e7o atual, na Rua Walter Bezerra de S\u00e1, n\u00ba 58, formando com o Centro [&hellip;]\" \/>\n<meta property=\"og:url\" content=\"https:\/\/ww16.ce.gov.br\/saude\/ipc\/\" \/>\n<meta property=\"og:site_name\" content=\"Secretaria da Sa\u00fade do Cear\u00e1\" \/>\n<meta property=\"article:modified_time\" content=\"2022-04-11T13:46:27+00:00\" \/>\n<meta property=\"og:image\" content=\"http:\/\/ww16.ce.gov.br\/saude\/wp-content\/uploads\/sites\/64\/2021\/06\/ipc_fachada_v2.png\" \/>\n<meta name=\"twitter:card\" content=\"summary_large_image\" \/>\n<meta name=\"twitter:label1\" content=\"Est. reading time\" \/>\n\t<meta name=\"twitter:data1\" content=\"2 minutos\" \/>\n<script type=\"application\/ld+json\" class=\"yoast-schema-graph\">{\"@context\":\"https:\/\/schema.org\",\"@graph\":[{\"@type\":\"WebPage\",\"@id\":\"https:\/\/ww16.ce.gov.br\/saude\/ipc\/\",\"url\":\"https:\/\/ww16.ce.gov.br\/saude\/ipc\/\",\"name\":\"IPC | Principal - Secretaria da Sa\u00fade do Cear\u00e1\",\"isPartOf\":{\"@id\":\"https:\/\/ww16.ce.gov.br\/saude\/#website\"},\"primaryImageOfPage\":{\"@id\":\"https:\/\/ww16.ce.gov.br\/saude\/ipc\/#primaryimage\"},\"image\":{\"@id\":\"https:\/\/ww16.ce.gov.br\/saude\/ipc\/#primaryimage\"},\"thumbnailUrl\":\"http:\/\/ww16.ce.gov.br\/saude\/wp-content\/uploads\/sites\/64\/2021\/06\/ipc_fachada_v2.png\",\"datePublished\":\"2021-06-16T14:40:52+00:00\",\"dateModified\":\"2022-04-11T13:46:27+00:00\",\"breadcrumb\":{\"@id\":\"https:\/\/ww16.ce.gov.br\/saude\/ipc\/#breadcrumb\"},\"inLanguage\":\"pt-BR\",\"potentialAction\":[{\"@type\":\"ReadAction\",\"target\":[\"https:\/\/ww16.ce.gov.br\/saude\/ipc\/\"]}]},{\"@type\":\"ImageObject\",\"inLanguage\":\"pt-BR\",\"@id\":\"https:\/\/ww16.ce.gov.br\/saude\/ipc\/#primaryimage\",\"url\":\"http:\/\/ww16.ce.gov.br\/saude\/wp-content\/uploads\/sites\/64\/2021\/06\/ipc_fachada_v2.png\",\"contentUrl\":\"http:\/\/ww16.ce.gov.br\/saude\/wp-content\/uploads\/sites\/64\/2021\/06\/ipc_fachada_v2.png\"},{\"@type\":\"BreadcrumbList\",\"@id\":\"https:\/\/ww16.ce.gov.br\/saude\/ipc\/#breadcrumb\",\"itemListElement\":[{\"@type\":\"ListItem\",\"position\":1,\"name\":\"In\u00edcio\",\"item\":\"https:\/\/ww16.ce.gov.br\/saude\/\"},{\"@type\":\"ListItem\",\"position\":2,\"name\":\"IPC | Principal\"}]},{\"@type\":\"WebSite\",\"@id\":\"https:\/\/ww16.ce.gov.br\/saude\/#website\",\"url\":\"https:\/\/ww16.ce.gov.br\/saude\/\",\"name\":\"Secretaria da Sa\u00fade\",\"description\":\"Secretaria da Sa\u00fade do Cear\u00e1\",\"publisher\":{\"@id\":\"https:\/\/ww16.ce.gov.br\/saude\/#organization\"},\"potentialAction\":[{\"@type\":\"SearchAction\",\"target\":{\"@type\":\"EntryPoint\",\"urlTemplate\":\"https:\/\/ww16.ce.gov.br\/saude\/?s={search_term_string}\"},\"query-input\":{\"@type\":\"PropertyValueSpecification\",\"valueRequired\":true,\"valueName\":\"search_term_string\"}}],\"inLanguage\":\"pt-BR\"},{\"@type\":\"Organization\",\"@id\":\"https:\/\/ww16.ce.gov.br\/saude\/#organization\",\"name\":\"Secretaria da Sa\u00fade\",\"url\":\"https:\/\/ww16.ce.gov.br\/saude\/\",\"logo\":{\"@type\":\"ImageObject\",\"inLanguage\":\"pt-BR\",\"@id\":\"https:\/\/ww16.ce.gov.br\/saude\/#\/schema\/logo\/image\/\",\"url\":\"http:\/\/ww16.ce.gov.br\/saude\/wp-content\/uploads\/sites\/9\/2017\/11\/clara.png\",\"contentUrl\":\"http:\/\/ww16.ce.gov.br\/saude\/wp-content\/uploads\/sites\/9\/2017\/11\/clara.png\",\"width\":559,\"height\":106,\"caption\":\"Secretaria da Sa\u00fade\"},\"image\":{\"@id\":\"https:\/\/ww16.ce.gov.br\/saude\/#\/schema\/logo\/image\/\"}}]}<\/script>\n<!-- \/ Yoast SEO plugin. -->","yoast_head_json":{"title":"IPC | Principal - Secretaria da Sa\u00fade do Cear\u00e1","robots":{"index":"index","follow":"follow","max-snippet":"max-snippet:-1","max-image-preview":"max-image-preview:large","max-video-preview":"max-video-preview:-1"},"canonical":"https:\/\/ww16.ce.gov.br\/saude\/ipc\/","og_locale":"pt_BR","og_type":"article","og_title":"IPC | Principal - Secretaria da Sa\u00fade do Cear\u00e1","og_description":"Instituto de Preven\u00e7\u00e3o do C\u00e2ncer (IPC) &nbsp; &nbsp; O Instituto de Preven\u00e7\u00e3o do C\u00e2ncer (IPC) foi criado em 14 de abril de 1969. Sua primeira sede funcionou na Rua 25 de Mar\u00e7o, n\u00ba 607, e, em 1976, foi transferido para o endere\u00e7o atual, na Rua Walter Bezerra de S\u00e1, n\u00ba 58, formando com o Centro [&hellip;]","og_url":"https:\/\/ww16.ce.gov.br\/saude\/ipc\/","og_site_name":"Secretaria da Sa\u00fade do Cear\u00e1","article_modified_time":"2022-04-11T13:46:27+00:00","og_image":[{"url":"http:\/\/ww16.ce.gov.br\/saude\/wp-content\/uploads\/sites\/64\/2021\/06\/ipc_fachada_v2.png","type":"","width":"","height":""}],"twitter_card":"summary_large_image","twitter_misc":{"Est. reading time":"2 minutos"},"schema":{"@context":"https:\/\/schema.org","@graph":[{"@type":"WebPage","@id":"https:\/\/ww16.ce.gov.br\/saude\/ipc\/","url":"https:\/\/ww16.ce.gov.br\/saude\/ipc\/","name":"IPC | Principal - Secretaria da Sa\u00fade do Cear\u00e1","isPartOf":{"@id":"https:\/\/ww16.ce.gov.br\/saude\/#website"},"primaryImageOfPage":{"@id":"https:\/\/ww16.ce.gov.br\/saude\/ipc\/#primaryimage"},"image":{"@id":"https:\/\/ww16.ce.gov.br\/saude\/ipc\/#primaryimage"},"thumbnailUrl":"http:\/\/ww16.ce.gov.br\/saude\/wp-content\/uploads\/sites\/64\/2021\/06\/ipc_fachada_v2.png","datePublished":"2021-06-16T14:40:52+00:00","dateModified":"2022-04-11T13:46:27+00:00","breadcrumb":{"@id":"https:\/\/ww16.ce.gov.br\/saude\/ipc\/#breadcrumb"},"inLanguage":"pt-BR","potentialAction":[{"@type":"ReadAction","target":["https:\/\/ww16.ce.gov.br\/saude\/ipc\/"]}]},{"@type":"ImageObject","inLanguage":"pt-BR","@id":"https:\/\/ww16.ce.gov.br\/saude\/ipc\/#primaryimage","url":"http:\/\/ww16.ce.gov.br\/saude\/wp-content\/uploads\/sites\/64\/2021\/06\/ipc_fachada_v2.png","contentUrl":"http:\/\/ww16.ce.gov.br\/saude\/wp-content\/uploads\/sites\/64\/2021\/06\/ipc_fachada_v2.png"},{"@type":"BreadcrumbList","@id":"https:\/\/ww16.ce.gov.br\/saude\/ipc\/#breadcrumb","itemListElement":[{"@type":"ListItem","position":1,"name":"In\u00edcio","item":"https:\/\/ww16.ce.gov.br\/saude\/"},{"@type":"ListItem","position":2,"name":"IPC | Principal"}]},{"@type":"WebSite","@id":"https:\/\/ww16.ce.gov.br\/saude\/#website","url":"https:\/\/ww16.ce.gov.br\/saude\/","name":"Secretaria da Sa\u00fade","description":"Secretaria da Sa\u00fade do Cear\u00e1","publisher":{"@id":"https:\/\/ww16.ce.gov.br\/saude\/#organization"},"potentialAction":[{"@type":"SearchAction","target":{"@type":"EntryPoint","urlTemplate":"https:\/\/ww16.ce.gov.br\/saude\/?s={search_term_string}"},"query-input":{"@type":"PropertyValueSpecification","valueRequired":true,"valueName":"search_term_string"}}],"inLanguage":"pt-BR"},{"@type":"Organization","@id":"https:\/\/ww16.ce.gov.br\/saude\/#organization","name":"Secretaria da Sa\u00fade","url":"https:\/\/ww16.ce.gov.br\/saude\/","logo":{"@type":"ImageObject","inLanguage":"pt-BR","@id":"https:\/\/ww16.ce.gov.br\/saude\/#\/schema\/logo\/image\/","url":"http:\/\/ww16.ce.gov.br\/saude\/wp-content\/uploads\/sites\/9\/2017\/11\/clara.png","contentUrl":"http:\/\/ww16.ce.gov.br\/saude\/wp-content\/uploads\/sites\/9\/2017\/11\/clara.png","width":559,"height":106,"caption":"Secretaria da Sa\u00fade"},"image":{"@id":"https:\/\/ww16.ce.gov.br\/saude\/#\/schema\/logo\/image\/"}}]}},"_links":{"self":[{"href":"https:\/\/ww16.ce.gov.br\/saude\/wp-json\/wp\/v2\/pages\/98474","targetHints":{"allow":["GET"]}}],"collection":[{"href":"https:\/\/ww16.ce.gov.br\/saude\/wp-json\/wp\/v2\/pages"}],"about":[{"href":"https:\/\/ww16.ce.gov.br\/saude\/wp-json\/wp\/v2\/types\/page"}],"author":[{"embeddable":true,"href":"https:\/\/ww16.ce.gov.br\/saude\/wp-json\/wp\/v2\/users\/12"}],"replies":[{"embeddable":true,"href":"https:\/\/ww16.ce.gov.br\/saude\/wp-json\/wp\/v2\/comments?post=98474"}],"version-history":[{"count":6,"href":"https:\/\/ww16.ce.gov.br\/saude\/wp-json\/wp\/v2\/pages\/98474\/revisions"}],"predecessor-version":[{"id":119820,"href":"https:\/\/ww16.ce.gov.br\/saude\/wp-json\/wp\/v2\/pages\/98474\/revisions\/119820"}],"wp:attachment":[{"href":"https:\/\/ww16.ce.gov.br\/saude\/wp-json\/wp\/v2\/media?parent=98474"}],"curies":[{"name":"wp","href":"https:\/\/api.w.org\/{rel}","templated":true}]}}